{"id":39,"date":"2023-05-10T06:48:16","date_gmt":"2023-05-10T06:48:16","guid":{"rendered":"https:\/\/riberasalud.com\/povisaaux\/?page_id=39"},"modified":"2024-07-18T11:16:00","modified_gmt":"2024-07-18T11:16:00","slug":"derechos-y-deberes","status":"publish","type":"page","link":"https:\/\/riberasalud.com\/povisa\/derechos-y-deberes\/","title":{"rendered":"Derechos y deberes"},"content":{"rendered":"\n<div class=\"wp-block-group hasbackgroundnaranja sliderlinea\"><div class=\"wp-block-group__inner-container is-layout-flow wp-block-group-is-layout-flow\">\n<p>HOSPITAL RIBERA POVISA<\/p>\n\n\n\n<h1 class=\"wp-block-heading\">Derechos y deberes<\/h1>\n<\/div><\/div>\n\n\n\n<div class=\"wp-block-group cajasdescarga\"><div class=\"wp-block-group__inner-container is-layout-flow wp-block-group-is-layout-flow\">\n<div class=\"wp-block-columns is-layout-flex wp-container-core-columns-is-layout-9d6595d7 wp-block-columns-is-layout-flex\">\n<div class=\"wp-block-column is-vertically-aligned-center has-base-background-color has-background is-layout-flow wp-block-column-is-layout-flow\">\n<div style=\"height:50px\" aria-hidden=\"true\" class=\"wp-block-spacer\"><\/div>\n\n\n<div class=\"wp-block-image nomargin\">\n<figure class=\"aligncenter size-full\"><img loading=\"lazy\" decoding=\"async\" width=\"150\" height=\"150\" src=\"https:\/\/riberasalud.com\/povisa\/wp-content\/uploads\/2023\/06\/transparencia_Mesa-de-trabajo-1-150x150-1.png\" alt=\"\" class=\"wp-image-9389\"\/><\/figure>\n<\/div>\n\n\n<p class=\"has-text-align-center nomargin\"><span class=\"stk-highlight\" style=\"color: #575756;\"><strong>Derechos y deberes del paciente en Castellano<\/strong><\/span><\/p>\n\n\n\n<p class=\"has-text-align-center nomargin\"><span class=\"stk-highlight\" style=\"color: #00a3e0;\"><a href=\"https:\/\/riberasalud.com\/povisa\/wp-content\/uploads\/2023\/05\/Derechos_deberes_CAST.pdf\" data-type=\"URL\" data-id=\"https:\/\/riberasalud.com\/povisa\/wp-content\/uploads\/2023\/05\/Derechos_deberes_CAST.pdf\" target=\"_blank\" rel=\"noreferrer noopener\">Descargar \u2192<\/a><\/span><\/p>\n\n\n\n<div style=\"height:40px\" aria-hidden=\"true\" class=\"wp-block-spacer\"><\/div>\n<\/div>\n\n\n\n<div class=\"wp-block-column has-base-background-color has-background is-layout-flow wp-block-column-is-layout-flow\">\n<div style=\"height:50px\" aria-hidden=\"true\" class=\"wp-block-spacer\"><\/div>\n\n\n<div class=\"wp-block-image is-resized nomargin\">\n<figure class=\"aligncenter size-full\"><img loading=\"lazy\" decoding=\"async\" width=\"150\" height=\"150\" src=\"https:\/\/riberasalud.com\/povisa\/wp-content\/uploads\/2023\/06\/transparencia_Mesa-de-trabajo-1-150x150-1.png\" alt=\"\" class=\"wp-image-9389\"\/><\/figure>\n<\/div>\n\n\n<p class=\"has-text-align-center nomargin\"><strong><span class=\"stk-highlight\" style=\"color: #575756;\">Dereitos e deberes do paciente en galego<\/span><\/strong><\/p>\n\n\n\n<p class=\"has-text-align-center nomargin\"><span class=\"stk-highlight\" style=\"color: #00a3e0;\"><a href=\"https:\/\/riberasalud.com\/povisa\/wp-content\/uploads\/2023\/05\/Derechos_deberes_GAL.pdf\" data-type=\"URL\" data-id=\"https:\/\/riberasalud.com\/povisa\/wp-content\/uploads\/2023\/05\/Derechos_deberes_GAL.pdf\" target=\"_blank\" rel=\"noreferrer noopener\">Descargar \u2192<\/a><\/span><\/p>\n\n\n\n<div style=\"height:40px\" aria-hidden=\"true\" class=\"wp-block-spacer\"><\/div>\n<\/div>\n<\/div>\n<\/div><\/div>\n\n\n\n<div class=\"wp-block-group\"><div class=\"wp-block-group__inner-container is-layout-flow wp-block-group-is-layout-flow\">\n<h2 class=\"wp-block-heading\">Deberes del paciente<\/h2>\n\n\n\n<p><strong>Toda persona que acude a un Centro Hospitalario en demanda de Atenci\u00f3n M\u00e9dica ha de conocer los Deberes que le obligan en el momento de solicitar dicha atenci\u00f3n.<\/strong><\/p>\n\n\n\n<p><em>HOSPITAL POVISA, Sociedad An\u00f3nima, en cumplimiento de la Ley 14\/86 General de Sanidad, Ley Gallega 3\/2001 sobre el Consentimiento Informado y la Historia Cl\u00ednica, as\u00ed como de la Ley 3\/2005 que la modifica, de la Ley Estatal 41\/2002 del Consentimiento Informado y de la Historia Cl\u00ednica y de la Ley 8\/2008 de Salud de Galicia, y Reglamento 2016\/679, de 27 de abril, General de Protecci\u00f3n de Datos, le informa sobre los derechos y deberes del paciente que acude a este hospital, y que vienen recogidos en las disposiciones que se citan<\/em><\/p>\n\n\n\n<p>-Cuidar las instalaciones y colaborar en el mantenimiento de la habitabilidad de las instituciones sanitarias.<br>-Responsabilizarse del uso adecuado de las prestaciones ofrecidas por el sistema sanitario.<br>-Hacer constar, en su caso por escrito, su negativa al tratamiento propuesto por el hospital,as\u00ed como firmar el alta voluntaria que le presentar\u00e1 el hospital ante dicha negativa.<br>-Facilitar los datos sobre su estado f\u00edsico o sobre su salud de manera leal y verdadera, colaborando con el personal m\u00e9dico en su atenci\u00f3n.<br>-Aceptar el alta cuando hubiera terminado su proceso asistencial, cuando se hubiera comprobado que la situaci\u00f3n cl\u00ednica del\/la paciente no mejorar\u00eda prolongando su estancia,o cuando la complejidad del proceso aconseje su traslado a un centro de referencia.<br>-Dejar constancia por escrito, en su caso, de la negativa a ser informado.<\/p>\n\n\n\n<h2 class=\"wp-block-heading\">Derechos del paciente<\/h2>\n\n\n\n<p><strong>Toda persona que acude a un centro hospitalario en demanda de atenci\u00f3n m\u00e9dica ha de conocer los derechos que le amparan en el momento de solicitar dicha atenci\u00f3n.<\/strong><\/p>\n\n\n\n<p><em>HOSPITAL POVISA, Sociedad An\u00f3nima, en cumplimiento de la Ley 14\/86 General de Sanidad, Ley Gallega 3\/2001 sobre el Consentimiento Informado y la Historia Cl\u00ednica, as\u00ed como de la Ley 3\/2005 que la modifica, de la Ley Estatal 41\/2002 del Consentimiento Informado y de la Historia Cl\u00ednica y de la Ley 8\/2008 de Salud de Galicia, y Reglamento 2016\/679, de 27 de abril, General de Protecci\u00f3n de Datos, le informa sobre los derechos y deberes del paciente que acude a este hospital, y que vienen recogidos en las disposiciones que se citan.<\/em><\/p>\n\n\n\n<p>-Respeto a su personalidad, dignidad humana e intimidad.<br>-Informaci\u00f3n sobre los servicios sanitarios, a los que puede acceder y sobre los requisitos necesarios para su uso.<br>-Confidencialidad de toda la informaci\u00f3n relacionada con su proceso y con su estancia en instituciones sanitarias p\u00fablicas y privadas que colaboren con el sistema p\u00fablico.<br>-Ser advertido de si los procedimientos de pron\u00f3stico, diagn\u00f3stico y terap\u00e9uticos que se le apliquen pueden ser utilizados en funci\u00f3n de un proyecto docente o de investigaci\u00f3n, que en ning\u00fan caso podr\u00e1 comportar peligro adicional para su salud.<br>-A que se le asigne un m\u00e9dico, cuyo nombre se le dar\u00e1 a conocer, que ser\u00e1 su interlocutor principal con el equipo asistencial. En caso de ausencia,otro facultativo del equipo asumir\u00e1 tal responsabilidad.<br>-A utilizar las v\u00edas de reclamaci\u00f3n y de propuesta de sugerencias en los plazos previstos. En uno u otro caso deber\u00e1 recibir respuesta por escrito en los plazos que reglamentariamente se establezcan.<br>-A la libre elecci\u00f3n de m\u00e9dico y los dem\u00e1s sanitarios titulados, de acuerdo con las condiciones contempladas en la Legislaci\u00f3n sanitaria vigente. A que se le suministren los medicamentos o productos sanitarios que se consideren necesarios para promover, conservar o restablecer su salud, en los t\u00e9rminos que reglamentariamente se establezcan por la Administraci\u00f3n del Estado o Auton\u00f3mica.<br>-A decidir libremente, despu\u00e9s de recibir la informaci\u00f3n adecuada, entre las opciones cl\u00ednicas disponibles y a negarse al tratamiento excepto en los casos determinados en la Ley, debiendo hacer constar dicha negativa por escrito.<br>-A conocer, con motivo de cualquier actuaci\u00f3n en el \u00e1mbito de su salud, toda la informaci\u00f3n disponible sobre la misma, salvando los supuestos exceptuados por la Ley y a que se le respete el derecho a no ser informado.<br>-El derecho a la informaci\u00f3n sanitaria descrita en el punto anterior puede limitarse por la existencia acreditada de un estado de necesidad terap\u00e9utica. Se entender\u00e1 por necesidad terap\u00e9utica la facultad del m\u00e9dico para actuar profesionalmente sin informar antes al paciente cuando por razones objetivas el conocimiento de su propia situaci\u00f3n pueda perjudicar su salud de manera grave, dejando constancia de dicha circunstancia en la historia cl\u00ednica y comunicando su decisi\u00f3n a personas vinculadas al paciente.<br>-A la libre elecci\u00f3n entre las opciones que se le presenten, siendo preciso el consentimiento<br>libre y voluntario del paciente, que ser\u00e1 verbal por regla general y se prestar\u00e1 por escrito en los casos siguientes: intervenci\u00f3n quir\u00fargica, procedimientos diagn\u00f3sticos y terap\u00e9uticos invasores y, en general, aplicaci\u00f3n de procedimientos que suponen riesgos o inconvenientes de notoria y previsible repercusi\u00f3n negativa sobre la salud del paciente. No ser\u00e1 preciso el consentimiento informado cuando exista un riesgo para la salud p\u00fablica, y cuando exista un riesgo inmediato grave para la integridad f\u00edsica o ps\u00edquica del enfermo y no sea posible conseguir su autorizaci\u00f3n, debiendo consultarse cuando las circunstancias lo permitan, a sus familiares o a las personas vinculadas de hecho a \u00e9l.<br>-A que quede constancia por escrito de todo su proceso y que una vez finalizado \u00e9ste, se le entregue un informe de alta.<br>-A que se le faciliten los certificados acreditativos de su estado de salud<\/p>\n\n\n\n<p>Todo el personal del Hospital Ribera Povisa viste el uniforme oficial y lleva tarjetas identificativas. Nuestro centro est\u00e1 acreditado para formaci\u00f3n universitaria, por ello, podr\u00e1n intervenir debidamente tutelados en su asistencia: alumnos en pr\u00e1cticas de las Escuelas de Enfermer\u00eda y M\u00e9dicos Internos Residentes (MIR), en desarrollo formativo de su respectiva especialidad.<\/p>\n\n\n\n<p>-Cuidar las instalaciones y colaborar en el mantenimiento de la habitabilidad de las instituciones sanitarias.<br>-Responsabilizarse del uso adecuado de las prestaciones ofrecidas por el sistema sanitario.<br>-Hacer constar, en su caso por escrito, su negativa al tratamiento propuesto por el hospital,as\u00ed como firmar el alta voluntaria que le presentar\u00e1 el hospital ante dicha negativa.<br>-Facilitar los datos sobre su estado f\u00edsico o sobre su salud de manera leal y verdadera, colaborando con el personal m\u00e9dico en su atenci\u00f3n.<br>-Aceptar el alta cuando hubiera terminado su proceso asistencial, cuando se hubiera comprobado que la situaci\u00f3n cl\u00ednica del\/la paciente no mejorar\u00eda prolongando su estancia,o cuando la complejidad del proceso aconseje su traslado a un centro de referencia.<br>-Dejar constancia por escrito, en su caso, de la negativa a ser informado.<\/p>\n<\/div><\/div>\n","protected":false},"excerpt":{"rendered":"<p>HOSPITAL RIBERA POVISA Derechos y deberes Derechos y deberes del paciente en Castellano Descargar \u2192 Dereitos e deberes do paciente en galego Descargar \u2192 Deberes del paciente Toda persona que acude a un Centro Hospitalario en demanda de Atenci\u00f3n M\u00e9dica ha de conocer los Deberes que le obligan en el momento de solicitar dicha atenci\u00f3n. &#8230; <a title=\"Derechos y deberes\" class=\"read-more\" href=\"https:\/\/riberasalud.com\/povisa\/derechos-y-deberes\/\" aria-label=\"Leer m\u00e1s sobre Derechos y deberes\">Leer m\u00e1s<\/a><\/p>\n","protected":false},"author":1,"featured_media":9846,"parent":0,"menu_order":0,"comment_status":"closed","ping_status":"closed","template":"","meta":{"_coblocks_attr":"","_coblocks_dimensions":"","_coblocks_responsive_height":"","_coblocks_accordion_ie_support":"","_monsterinsights_skip_tracking":false,"_monsterinsights_sitenote_active":false,"_monsterinsights_sitenote_note":"","_monsterinsights_sitenote_category":0,"footnotes":""},"class_list":["post-39","page","type-page","status-publish","has-post-thumbnail"],"yoast_head":"<!-- This site is optimized with the Yoast SEO plugin v26.9 - https:\/\/yoast.com\/product\/yoast-seo-wordpress\/ -->\n<title>\u25b7 Derechos y deberes | Hospital Ribera Povisa<\/title>\n<meta name=\"description\" content=\"lll\u1405 Toda persona que acude a un Centro Hospitalario en demanda de Atenci\u00f3n M\u00e9dica ha de conocer sus derechos y deberes. \u2705\" \/>\n<meta name=\"robots\" content=\"index, follow, max-snippet:-1, max-image-preview:large, max-video-preview:-1\" \/>\n<link rel=\"canonical\" href=\"https:\/\/riberasalud.com\/povisa\/derechos-y-deberes\/\" \/>\n<meta property=\"og:locale\" content=\"es_ES\" \/>\n<meta property=\"og:type\" content=\"article\" \/>\n<meta property=\"og:title\" content=\"\u25b7 Derechos y deberes | Hospital Ribera Povisa\" \/>\n<meta property=\"og:description\" content=\"lll\u1405 Toda persona que acude a un Centro Hospitalario en demanda de Atenci\u00f3n M\u00e9dica ha de conocer sus derechos y deberes. \u2705\" \/>\n<meta property=\"og:url\" content=\"https:\/\/riberasalud.com\/povisa\/derechos-y-deberes\/\" \/>\n<meta property=\"og:site_name\" content=\"Hospital Ribera Povisa\" \/>\n<meta property=\"article:modified_time\" content=\"2024-07-18T11:16:00+00:00\" \/>\n<meta property=\"og:image\" content=\"https:\/\/riberasalud.com\/povisa\/wp-content\/uploads\/2023\/07\/11022022-_DSC2957.jpg\" \/>\n\t<meta property=\"og:image:width\" content=\"533\" \/>\n\t<meta property=\"og:image:height\" content=\"800\" \/>\n\t<meta property=\"og:image:type\" content=\"image\/jpeg\" \/>\n<meta name=\"twitter:card\" content=\"summary_large_image\" \/>\n<meta name=\"twitter:label1\" content=\"Tiempo de lectura\" \/>\n\t<meta name=\"twitter:data1\" content=\"6 minutos\" \/>\n<script type=\"application\/ld+json\" class=\"yoast-schema-graph\">{\"@context\":\"https:\/\/schema.org\",\"@graph\":[{\"@type\":\"WebPage\",\"@id\":\"https:\/\/riberasalud.com\/povisa\/derechos-y-deberes\/\",\"url\":\"https:\/\/riberasalud.com\/povisa\/derechos-y-deberes\/\",\"name\":\"\u25b7 Derechos y deberes | Hospital Ribera Povisa\",\"isPartOf\":{\"@id\":\"https:\/\/riberasalud.com\/povisa\/#website\"},\"primaryImageOfPage\":{\"@id\":\"https:\/\/riberasalud.com\/povisa\/derechos-y-deberes\/#primaryimage\"},\"image\":{\"@id\":\"https:\/\/riberasalud.com\/povisa\/derechos-y-deberes\/#primaryimage\"},\"thumbnailUrl\":\"https:\/\/riberasalud.com\/povisa\/wp-content\/uploads\/2023\/07\/11022022-_DSC2957.jpg\",\"datePublished\":\"2023-05-10T06:48:16+00:00\",\"dateModified\":\"2024-07-18T11:16:00+00:00\",\"description\":\"lll\u1405 Toda persona que acude a un Centro Hospitalario en demanda de Atenci\u00f3n M\u00e9dica ha de conocer sus derechos y deberes. \u2705\",\"inLanguage\":\"es\",\"potentialAction\":[{\"@type\":\"ReadAction\",\"target\":[\"https:\/\/riberasalud.com\/povisa\/derechos-y-deberes\/\"]}]},{\"@type\":\"ImageObject\",\"inLanguage\":\"es\",\"@id\":\"https:\/\/riberasalud.com\/povisa\/derechos-y-deberes\/#primaryimage\",\"url\":\"https:\/\/riberasalud.com\/povisa\/wp-content\/uploads\/2023\/07\/11022022-_DSC2957.jpg\",\"contentUrl\":\"https:\/\/riberasalud.com\/povisa\/wp-content\/uploads\/2023\/07\/11022022-_DSC2957.jpg\",\"width\":533,\"height\":800},{\"@type\":\"WebSite\",\"@id\":\"https:\/\/riberasalud.com\/povisa\/#website\",\"url\":\"https:\/\/riberasalud.com\/povisa\/\",\"name\":\"Hospital Ribera Povisa\",\"description\":\"\",\"publisher\":{\"@id\":\"https:\/\/riberasalud.com\/povisa\/#organization\"},\"potentialAction\":[{\"@type\":\"SearchAction\",\"target\":{\"@type\":\"EntryPoint\",\"urlTemplate\":\"https:\/\/riberasalud.com\/povisa\/?s={search_term_string}\"},\"query-input\":{\"@type\":\"PropertyValueSpecification\",\"valueRequired\":true,\"valueName\":\"search_term_string\"}}],\"inLanguage\":\"es\"},{\"@type\":\"Organization\",\"@id\":\"https:\/\/riberasalud.com\/povisa\/#organization\",\"name\":\"Hospital Ribera Povisa\",\"url\":\"https:\/\/riberasalud.com\/povisa\/\",\"logo\":{\"@type\":\"ImageObject\",\"inLanguage\":\"es\",\"@id\":\"https:\/\/riberasalud.com\/povisa\/#\/schema\/logo\/image\/\",\"url\":\"https:\/\/riberasalud.com\/povisa\/wp-content\/uploads\/2024\/01\/cropped-Logo-Red-Povisa.png\",\"contentUrl\":\"https:\/\/riberasalud.com\/povisa\/wp-content\/uploads\/2024\/01\/cropped-Logo-Red-Povisa.png\",\"width\":1929,\"height\":489,\"caption\":\"Hospital Ribera Povisa\"},\"image\":{\"@id\":\"https:\/\/riberasalud.com\/povisa\/#\/schema\/logo\/image\/\"}}]}<\/script>\n<!-- \/ Yoast SEO plugin. -->","yoast_head_json":{"title":"\u25b7 Derechos y deberes | Hospital Ribera Povisa","description":"lll\u1405 Toda persona que acude a un Centro Hospitalario en demanda de Atenci\u00f3n M\u00e9dica ha de conocer sus derechos y deberes. \u2705","robots":{"index":"index","follow":"follow","max-snippet":"max-snippet:-1","max-image-preview":"max-image-preview:large","max-video-preview":"max-video-preview:-1"},"canonical":"https:\/\/riberasalud.com\/povisa\/derechos-y-deberes\/","og_locale":"es_ES","og_type":"article","og_title":"\u25b7 Derechos y deberes | Hospital Ribera Povisa","og_description":"lll\u1405 Toda persona que acude a un Centro Hospitalario en demanda de Atenci\u00f3n M\u00e9dica ha de conocer sus derechos y deberes. \u2705","og_url":"https:\/\/riberasalud.com\/povisa\/derechos-y-deberes\/","og_site_name":"Hospital Ribera Povisa","article_modified_time":"2024-07-18T11:16:00+00:00","og_image":[{"width":533,"height":800,"url":"https:\/\/riberasalud.com\/povisa\/wp-content\/uploads\/2023\/07\/11022022-_DSC2957.jpg","type":"image\/jpeg"}],"twitter_card":"summary_large_image","twitter_misc":{"Tiempo de lectura":"6 minutos"},"schema":{"@context":"https:\/\/schema.org","@graph":[{"@type":"WebPage","@id":"https:\/\/riberasalud.com\/povisa\/derechos-y-deberes\/","url":"https:\/\/riberasalud.com\/povisa\/derechos-y-deberes\/","name":"\u25b7 Derechos y deberes | Hospital Ribera Povisa","isPartOf":{"@id":"https:\/\/riberasalud.com\/povisa\/#website"},"primaryImageOfPage":{"@id":"https:\/\/riberasalud.com\/povisa\/derechos-y-deberes\/#primaryimage"},"image":{"@id":"https:\/\/riberasalud.com\/povisa\/derechos-y-deberes\/#primaryimage"},"thumbnailUrl":"https:\/\/riberasalud.com\/povisa\/wp-content\/uploads\/2023\/07\/11022022-_DSC2957.jpg","datePublished":"2023-05-10T06:48:16+00:00","dateModified":"2024-07-18T11:16:00+00:00","description":"lll\u1405 Toda persona que acude a un Centro Hospitalario en demanda de Atenci\u00f3n M\u00e9dica ha de conocer sus derechos y deberes. \u2705","inLanguage":"es","potentialAction":[{"@type":"ReadAction","target":["https:\/\/riberasalud.com\/povisa\/derechos-y-deberes\/"]}]},{"@type":"ImageObject","inLanguage":"es","@id":"https:\/\/riberasalud.com\/povisa\/derechos-y-deberes\/#primaryimage","url":"https:\/\/riberasalud.com\/povisa\/wp-content\/uploads\/2023\/07\/11022022-_DSC2957.jpg","contentUrl":"https:\/\/riberasalud.com\/povisa\/wp-content\/uploads\/2023\/07\/11022022-_DSC2957.jpg","width":533,"height":800},{"@type":"WebSite","@id":"https:\/\/riberasalud.com\/povisa\/#website","url":"https:\/\/riberasalud.com\/povisa\/","name":"Hospital Ribera Povisa","description":"","publisher":{"@id":"https:\/\/riberasalud.com\/povisa\/#organization"},"potentialAction":[{"@type":"SearchAction","target":{"@type":"EntryPoint","urlTemplate":"https:\/\/riberasalud.com\/povisa\/?s={search_term_string}"},"query-input":{"@type":"PropertyValueSpecification","valueRequired":true,"valueName":"search_term_string"}}],"inLanguage":"es"},{"@type":"Organization","@id":"https:\/\/riberasalud.com\/povisa\/#organization","name":"Hospital Ribera Povisa","url":"https:\/\/riberasalud.com\/povisa\/","logo":{"@type":"ImageObject","inLanguage":"es","@id":"https:\/\/riberasalud.com\/povisa\/#\/schema\/logo\/image\/","url":"https:\/\/riberasalud.com\/povisa\/wp-content\/uploads\/2024\/01\/cropped-Logo-Red-Povisa.png","contentUrl":"https:\/\/riberasalud.com\/povisa\/wp-content\/uploads\/2024\/01\/cropped-Logo-Red-Povisa.png","width":1929,"height":489,"caption":"Hospital Ribera Povisa"},"image":{"@id":"https:\/\/riberasalud.com\/povisa\/#\/schema\/logo\/image\/"}}]}},"_links":{"self":[{"href":"https:\/\/riberasalud.com\/povisa\/wp-json\/wp\/v2\/pages\/39","targetHints":{"allow":["GET"]}}],"collection":[{"href":"https:\/\/riberasalud.com\/povisa\/wp-json\/wp\/v2\/pages"}],"about":[{"href":"https:\/\/riberasalud.com\/povisa\/wp-json\/wp\/v2\/types\/page"}],"author":[{"embeddable":true,"href":"https:\/\/riberasalud.com\/povisa\/wp-json\/wp\/v2\/users\/1"}],"replies":[{"embeddable":true,"href":"https:\/\/riberasalud.com\/povisa\/wp-json\/wp\/v2\/comments?post=39"}],"version-history":[{"count":8,"href":"https:\/\/riberasalud.com\/povisa\/wp-json\/wp\/v2\/pages\/39\/revisions"}],"predecessor-version":[{"id":10586,"href":"https:\/\/riberasalud.com\/povisa\/wp-json\/wp\/v2\/pages\/39\/revisions\/10586"}],"wp:featuredmedia":[{"embeddable":true,"href":"https:\/\/riberasalud.com\/povisa\/wp-json\/wp\/v2\/media\/9846"}],"wp:attachment":[{"href":"https:\/\/riberasalud.com\/povisa\/wp-json\/wp\/v2\/media?parent=39"}],"curies":[{"name":"wp","href":"https:\/\/api.w.org\/{rel}","templated":true}]}}