{"id":19,"date":"2023-05-10T06:33:27","date_gmt":"2023-05-10T06:33:27","guid":{"rendered":"https:\/\/riberasalud.com\/povisaaux\/?page_id=19"},"modified":"2024-07-18T10:32:05","modified_gmt":"2024-07-18T10:32:05","slug":"guia-del-paciente","status":"publish","type":"page","link":"https:\/\/riberasalud.com\/povisa\/guia-del-paciente\/","title":{"rendered":"Gu\u00eda del paciente"},"content":{"rendered":"\n<div class=\"wp-block-group hasbackgroundnaranja sliderlinea\"><div class=\"wp-block-group__inner-container is-layout-flow wp-block-group-is-layout-flow\">\n<p>HOSPITAL RIBERA POVISA<\/p>\n\n\n\n<h1 class=\"wp-block-heading\">Gu\u00eda del paciente<\/h1>\n<\/div><\/div>\n\n\n\n<div class=\"wp-block-group cajasdescarga\"><div class=\"wp-block-group__inner-container is-layout-flow wp-block-group-is-layout-flow\">\n<div class=\"wp-block-columns is-layout-flex wp-container-core-columns-is-layout-9d6595d7 wp-block-columns-is-layout-flex\">\n<div class=\"wp-block-column is-vertically-aligned-center has-base-background-color has-background is-layout-flow wp-block-column-is-layout-flow\">\n<div style=\"height:50px\" aria-hidden=\"true\" class=\"wp-block-spacer\"><\/div>\n\n\n<div class=\"wp-block-image nomargin\">\n<figure class=\"aligncenter size-full\"><img loading=\"lazy\" decoding=\"async\" width=\"150\" height=\"150\" src=\"https:\/\/riberasalud.com\/povisa\/wp-content\/uploads\/2023\/06\/transparencia_Mesa-de-trabajo-1-150x150-1.png\" alt=\"\" class=\"wp-image-9389\"\/><\/figure>\n<\/div>\n\n\n<p class=\"has-text-align-center nomargin\"><span class=\"stk-highlight\" style=\"color: #575756;\"><strong>Gu\u00eda del paciente en Castellano<\/strong><\/span><\/p>\n\n\n\n<p class=\"has-text-align-center nomargin\"><span class=\"stk-highlight\" style=\"color: #00a3e0;\"><a href=\"https:\/\/riberasalud.com\/povisa\/wp-content\/uploads\/2023\/05\/Guia.pdf\" data-type=\"URL\" data-id=\"https:\/\/riberasalud.com\/povisa\/wp-content\/uploads\/2023\/05\/Guia.pdf\" target=\"_blank\" rel=\"noreferrer noopener\">Descargar \u2192<\/a><\/span><\/p>\n\n\n\n<div style=\"height:40px\" aria-hidden=\"true\" class=\"wp-block-spacer\"><\/div>\n<\/div>\n\n\n\n<div class=\"wp-block-column has-base-background-color has-background is-layout-flow wp-block-column-is-layout-flow\">\n<div style=\"height:50px\" aria-hidden=\"true\" class=\"wp-block-spacer\"><\/div>\n\n\n<div class=\"wp-block-image nomargin\">\n<figure class=\"aligncenter size-full\"><img loading=\"lazy\" decoding=\"async\" width=\"150\" height=\"150\" src=\"https:\/\/riberasalud.com\/povisa\/wp-content\/uploads\/2023\/06\/transparencia_Mesa-de-trabajo-1-150x150-1.png\" alt=\"\" class=\"wp-image-9389\"\/><\/figure>\n<\/div>\n\n\n<p class=\"has-text-align-center nomargin\"><strong><span class=\"stk-highlight\" style=\"color: #575756;\">Gu\u00eda do paciente en Galego<\/span><span class=\"stk-highlight\" style=\"color: #575756;\"><\/span><\/strong><\/p>\n\n\n\n<p class=\"has-text-align-center nomargin\"><span class=\"stk-highlight\" style=\"color: #00a3e0;\"><a href=\"https:\/\/riberasalud.com\/povisa\/wp-content\/uploads\/2023\/05\/Guia_GALL.pdf\" data-type=\"URL\" data-id=\"https:\/\/riberasalud.com\/povisa\/wp-content\/uploads\/2023\/05\/Guia_GALL.pdf\" target=\"_blank\" rel=\"noreferrer noopener\">Descargar \u2192<\/a><\/span><\/p>\n\n\n\n<div style=\"height:40px\" aria-hidden=\"true\" class=\"wp-block-spacer\"><\/div>\n<\/div>\n<\/div>\n<\/div><\/div>\n\n\n\n<div class=\"wp-block-group iconosresumen hasbackgroundmio\"><div class=\"wp-block-group__inner-container is-layout-flow wp-block-group-is-layout-flow\">\n<div class=\"wp-block-columns is-layout-flex wp-container-core-columns-is-layout-9d6595d7 wp-block-columns-is-layout-flex\">\n<div class=\"wp-block-column is-layout-flow wp-block-column-is-layout-flow\">\n<figure class=\"wp-block-image size-full\"><img loading=\"lazy\" decoding=\"async\" width=\"150\" height=\"150\" src=\"https:\/\/riberasalud.com\/povisa\/wp-content\/uploads\/2023\/05\/iconos-02-8.png\" alt=\"\" class=\"wp-image-76\"\/><figcaption class=\"wp-element-caption\">Informaci\u00f3n m\u00e9dica<\/figcaption><\/figure>\n<\/div>\n\n\n\n<div class=\"wp-block-column is-layout-flow wp-block-column-is-layout-flow\">\n<figure class=\"wp-block-image size-full\"><img loading=\"lazy\" decoding=\"async\" width=\"150\" height=\"150\" src=\"https:\/\/riberasalud.com\/povisa\/wp-content\/uploads\/2023\/05\/iconos-03-6.png\" alt=\"\" class=\"wp-image-75\"\/><figcaption class=\"wp-element-caption\">Consentimiento informado<\/figcaption><\/figure>\n<\/div>\n\n\n\n<div class=\"wp-block-column is-layout-flow wp-block-column-is-layout-flow\">\n<figure class=\"wp-block-image size-full\"><img loading=\"lazy\" decoding=\"async\" width=\"150\" height=\"150\" src=\"https:\/\/riberasalud.com\/povisa\/wp-content\/uploads\/2023\/05\/iconos-04-5.png\" alt=\"\" class=\"wp-image-77\"\/><figcaption class=\"wp-element-caption\">Part\u00edcipe en su ciudado<\/figcaption><\/figure>\n<\/div>\n\n\n\n<div class=\"wp-block-column is-layout-flow wp-block-column-is-layout-flow\">\n<figure class=\"wp-block-image size-full\"><img loading=\"lazy\" decoding=\"async\" width=\"150\" height=\"150\" src=\"https:\/\/riberasalud.com\/povisa\/wp-content\/uploads\/2023\/05\/iconos-05-4.png\" alt=\"\" class=\"wp-image-74\"\/><figcaption class=\"wp-element-caption\">Derechos de la madre lactante<\/figcaption><\/figure>\n<\/div>\n\n\n\n<div class=\"wp-block-column is-layout-flow wp-block-column-is-layout-flow\">\n<figure class=\"wp-block-image size-full\"><img loading=\"lazy\" decoding=\"async\" width=\"150\" height=\"150\" src=\"https:\/\/riberasalud.com\/povisa\/wp-content\/uploads\/2023\/05\/iconos-06-3.png\" alt=\"\" class=\"wp-image-78\"\/><figcaption class=\"wp-element-caption\">Por su seguridad<\/figcaption><\/figure>\n<\/div>\n\n\n\n<div class=\"wp-block-column is-layout-flow wp-block-column-is-layout-flow\">\n<figure class=\"wp-block-image size-full\"><img loading=\"lazy\" decoding=\"async\" width=\"150\" height=\"150\" src=\"https:\/\/riberasalud.com\/povisa\/wp-content\/uploads\/2023\/05\/iconos-07-2.png\" alt=\"\" class=\"wp-image-79\"\/><figcaption class=\"wp-element-caption\">Prevenci\u00f3n de ca\u00eddas<\/figcaption><\/figure>\n<\/div>\n<\/div>\n<\/div><\/div>\n\n\n\n<div class=\"wp-block-group\"><div class=\"wp-block-group__inner-container is-layout-flow wp-block-group-is-layout-flow\">\n<p>El bienestar de nuestros pacientes y sus familias son la prioridad para nuestros profesionales.&nbsp;<\/p>\n\n\n\n<p>Para nosotros, cada paciente es \u00fanico. Y por ese motivo, nos adaptamos a sus necesidades y prioridades para garantizar que recibe, en todo momento, una excelente atenci\u00f3n sanitaria y el mejor trato personal.&nbsp;<\/p>\n\n\n\n<p>En esta secci\u00f3n puede descargarse una completa Gu\u00eda del paciente, pero a continuaci\u00f3n resumimos algunos puntos destacados.<\/p>\n\n\n\n<h2 class=\"wp-block-heading\" id=\"informacion\"><strong>Informaci\u00f3n m\u00e9dica<\/strong><\/h2>\n\n\n\n<p>Toda la informaci\u00f3n m\u00e9dica que precise le ser\u00e1 facilitada por el m\u00e9dico que asume la responsabilidad de su atenci\u00f3n. Para garantizar su derecho a la confidencialidad, el m\u00e9dico informar\u00e1 \u00fanicamente a las personas que usted designe.<\/p>\n\n\n\n<p>La enfermera puede darle informaci\u00f3n sobre los cuidados que se le est\u00e1n realizando. Como criterio general, no se facilitar\u00e1 informaci\u00f3n telef\u00f3nica debido a la necesidad de guardar la confidencialidad del proceso cl\u00ednico de cada paciente.<\/p>\n\n\n\n<p>El punto 1 del art\u00edculo 4 de la Ley 41\/2002 de 14 de noviembre, de Autonom\u00eda del paciente, derechos y obligaciones en materia de informaci\u00f3n y documentaci\u00f3n cl\u00ednica, se\u00f1ala literalmente que \u201clos pacientes tienen derecho a conocer, con motivo de cualquier actuaci\u00f3n en el \u00e1mbito de su salud, toda la informaci\u00f3n disponible sobre la misma, salvando los supuestos exceptuados por la Ley. Adem\u00e1s, toda persona tiene derecho a que se respete su voluntad de no ser informada\u2026\u201d.<\/p>\n\n\n\n<h2 class=\"wp-block-heading\" id=\"consentimiento\"><strong><strong>Consentimiento informado<\/strong><\/strong><\/h2>\n\n\n\n<p>Toda actuaci\u00f3n en el \u00e1mbito de la salud de un paciente necesita el consentimiento libre y voluntario del afectado, una vez recibida la informaci\u00f3n prevista y despu\u00e9s de que se hayan valorado las opciones propias del caso. La informaci\u00f3n, que como regla general se proporcionar\u00e1 verbalmente, dejando constancia en la historia cl\u00ednica, comprende como m\u00ednimo la finalidad y la naturaleza de cada intervenci\u00f3n, sus riesgos y sus consecuencias.<\/p>\n\n\n\n<p>El art\u00edculo 8 de la Ley 41\/2002 especifica que para poder realizar cualquier intervenci\u00f3n quir\u00fargica o determinadas exploraciones, es necesario el consentimiento escrito del paciente. Para ello, su m\u00e9dico le explicar\u00e1 en qu\u00e9 consiste la intervenci\u00f3n o exploraci\u00f3n a la que va a ser sometido, para qu\u00e9 se le va a realizar, cu\u00e1les son los riesgos y cu\u00e1les los beneficios esperados para su salud. Se le entregar\u00e1 una hoja informativa sobre todos estos aspectos, que deber\u00e1 leer con atenci\u00f3n y firmar (paciente o representante legal) para que dicha intervenci\u00f3n o exploraci\u00f3n pueda efectuarse.&nbsp;<\/p>\n\n\n\n<p>Ante cualquier duda que le surja, puede dirigirse al m\u00e9dico que le atiende para que se la aclare.<\/p>\n\n\n\n<h2 class=\"wp-block-heading\" id=\"participe\"><strong><strong><strong>Participe en su cuidado<\/strong><\/strong><\/strong><\/h2>\n\n\n\n<p>El modelo de salud responsable de todos los hospitales del grupo Ribera implica al paciente en todo el circuito que se habilita para su atenci\u00f3n.&nbsp;<\/p>\n\n\n\n<p>Por eso, le aconsejamos que hable con su m\u00e9dico y con su enfermera acerca de su tratamiento. Aseg\u00farese de entender lo que le est\u00e1n explicando y estar de acuerdo en todo. No tenga miedo en volver a preguntar algo si no lo ha entendido completamente o tiene dudas.<\/p>\n\n\n\n<p>En ocasiones, recibir\u00e1 mucha informaci\u00f3n al mismo tiempo, lo cual puede dificultar su comprensi\u00f3n o generarle incertidumbre. Quiz\u00e1s desee contar con el acompa\u00f1amiento de un familiar durante la explicaci\u00f3n de un tratamiento, cuidados, diagn\u00f3stico o resultados de una prueba. H\u00e1ganoslo saber. Si es posible, designe a un familiar para que hable con los m\u00e9dicos en caso de necesidad. Esta persona podr\u00e1 despu\u00e9s informar al resto de familiares, si usted lo desea.<\/p>\n\n\n\n<h2 class=\"wp-block-heading\" id=\"derechos\"><strong><strong><strong>Derechos de la madre lactante<\/strong><\/strong><\/strong><\/h2>\n\n\n\n<p>El ingreso de una madre lactante que desee mantener la lactancia materna conllevar\u00e1 el acompa\u00f1amiento del beb\u00e9 durante su estancia hospitalaria, si as\u00ed lo desea y siempre que no exista ninguna contraindicaci\u00f3n por parte del m\u00e9dico responsable.<\/p>\n\n\n\n<h2 class=\"wp-block-heading\" id=\"seguridad\"><strong><strong><strong>Por su seguridad<\/strong><\/strong><\/strong><\/h2>\n\n\n\n<p>En el momento del ingreso se le entregar\u00e1n las Instrucciones de Seguridad del Paciente. Por favor, le rogamos que las lea atentamente y siga las pautas aconsejadas.<\/p>\n\n\n\n<p>Mantenga una buena higiene personal. Es necesaria para mantener la salud y las normas de convivencia. Si necesita informaci\u00f3n o ayuda, consulte al personal de Enfermer\u00eda.<\/p>\n\n\n\n<p>El lavado de manos es la medida higi\u00e9nica m\u00e1s efectiva para prevenir las infecciones hospitalarias. L\u00e1vese las manos con frecuencia y recuerde a las visitas que hagan lo mismo.<\/p>\n\n\n\n<h2 class=\"wp-block-heading\" id=\"caidas\"><strong><strong><strong><strong>Prevenci\u00f3n de ca\u00eddas<\/strong><\/strong><\/strong><\/strong><\/h2>\n\n\n\n<p>Para la prevenci\u00f3n de ca\u00eddas, debe disponer de:<\/p>\n\n\n\n<ul class=\"wp-block-list\">\n<li>Cama frenada<\/li>\n\n\n\n<li>Balderas laterales de protecci\u00f3n <\/li>\n\n\n\n<li>Timbre de llamada al alcance<\/li>\n\n\n\n<li>Pasillos despejados.<\/li>\n<\/ul>\n<\/div><\/div>\n","protected":false},"excerpt":{"rendered":"<p>HOSPITAL RIBERA POVISA Gu\u00eda del paciente Gu\u00eda del paciente en Castellano Descargar \u2192 Gu\u00eda do paciente en Galego Descargar \u2192 El bienestar de nuestros pacientes y sus familias son la prioridad para nuestros profesionales.&nbsp; Para nosotros, cada paciente es \u00fanico. Y por ese motivo, nos adaptamos a sus necesidades y prioridades para garantizar que recibe, &#8230; <a title=\"Gu\u00eda del paciente\" class=\"read-more\" href=\"https:\/\/riberasalud.com\/povisa\/guia-del-paciente\/\" aria-label=\"Leer m\u00e1s sobre Gu\u00eda del paciente\">Leer m\u00e1s<\/a><\/p>\n","protected":false},"author":1,"featured_media":9469,"parent":0,"menu_order":0,"comment_status":"closed","ping_status":"closed","template":"","meta":{"_coblocks_attr":"","_coblocks_dimensions":"","_coblocks_responsive_height":"","_coblocks_accordion_ie_support":"","_monsterinsights_skip_tracking":false,"_monsterinsights_sitenote_active":false,"_monsterinsights_sitenote_note":"","_monsterinsights_sitenote_category":0,"footnotes":""},"class_list":["post-19","page","type-page","status-publish","has-post-thumbnail"],"yoast_head":"<!-- This site is optimized with the Yoast SEO plugin v26.9 - https:\/\/yoast.com\/product\/yoast-seo-wordpress\/ -->\n<title>\u25b7 Gu\u00eda del paciente | Hospital Ribera Povisa<\/title>\n<meta name=\"description\" content=\"lll\u1405 Nos adaptamos a las necesidades del paciente para garantizar que recibe una excelente atenci\u00f3n sanitaria y el mejor trato personal.\u00a0 \u2705\" \/>\n<meta name=\"robots\" content=\"index, follow, max-snippet:-1, max-image-preview:large, max-video-preview:-1\" \/>\n<link rel=\"canonical\" href=\"https:\/\/riberasalud.com\/povisa\/guia-del-paciente\/\" \/>\n<meta property=\"og:locale\" content=\"es_ES\" \/>\n<meta property=\"og:type\" content=\"article\" \/>\n<meta property=\"og:title\" content=\"\u25b7 Gu\u00eda del paciente | Hospital Ribera Povisa\" \/>\n<meta property=\"og:description\" content=\"lll\u1405 Nos adaptamos a las necesidades del paciente para garantizar que recibe una excelente atenci\u00f3n sanitaria y el mejor trato personal.\u00a0 \u2705\" \/>\n<meta property=\"og:url\" content=\"https:\/\/riberasalud.com\/povisa\/guia-del-paciente\/\" \/>\n<meta property=\"og:site_name\" content=\"Hospital Ribera Povisa\" \/>\n<meta property=\"article:modified_time\" content=\"2024-07-18T10:32:05+00:00\" \/>\n<meta property=\"og:image\" content=\"https:\/\/riberasalud.com\/povisa\/wp-content\/uploads\/2023\/06\/professional-family-psychologist-helping-child-female-teacher-social-worker-talking-to-girl-in-office-mental-health-education-training-class-psychology-childhood-1-1024x683-1.jpg\" \/>\n\t<meta property=\"og:image:width\" content=\"1024\" \/>\n\t<meta property=\"og:image:height\" content=\"683\" \/>\n\t<meta property=\"og:image:type\" content=\"image\/jpeg\" \/>\n<meta name=\"twitter:card\" content=\"summary_large_image\" \/>\n<meta name=\"twitter:label1\" content=\"Tiempo de lectura\" \/>\n\t<meta name=\"twitter:data1\" content=\"6 minutos\" \/>\n<script type=\"application\/ld+json\" class=\"yoast-schema-graph\">{\"@context\":\"https:\/\/schema.org\",\"@graph\":[{\"@type\":\"WebPage\",\"@id\":\"https:\/\/riberasalud.com\/povisa\/guia-del-paciente\/\",\"url\":\"https:\/\/riberasalud.com\/povisa\/guia-del-paciente\/\",\"name\":\"\u25b7 Gu\u00eda del paciente | Hospital Ribera Povisa\",\"isPartOf\":{\"@id\":\"https:\/\/riberasalud.com\/povisa\/#website\"},\"primaryImageOfPage\":{\"@id\":\"https:\/\/riberasalud.com\/povisa\/guia-del-paciente\/#primaryimage\"},\"image\":{\"@id\":\"https:\/\/riberasalud.com\/povisa\/guia-del-paciente\/#primaryimage\"},\"thumbnailUrl\":\"https:\/\/riberasalud.com\/povisa\/wp-content\/uploads\/2023\/06\/professional-family-psychologist-helping-child-female-teacher-social-worker-talking-to-girl-in-office-mental-health-education-training-class-psychology-childhood-1-1024x683-1.jpg\",\"datePublished\":\"2023-05-10T06:33:27+00:00\",\"dateModified\":\"2024-07-18T10:32:05+00:00\",\"description\":\"lll\u1405 Nos adaptamos a las necesidades del paciente para garantizar que recibe una excelente atenci\u00f3n sanitaria y el mejor trato personal.\u00a0 \u2705\",\"inLanguage\":\"es\",\"potentialAction\":[{\"@type\":\"ReadAction\",\"target\":[\"https:\/\/riberasalud.com\/povisa\/guia-del-paciente\/\"]}]},{\"@type\":\"ImageObject\",\"inLanguage\":\"es\",\"@id\":\"https:\/\/riberasalud.com\/povisa\/guia-del-paciente\/#primaryimage\",\"url\":\"https:\/\/riberasalud.com\/povisa\/wp-content\/uploads\/2023\/06\/professional-family-psychologist-helping-child-female-teacher-social-worker-talking-to-girl-in-office-mental-health-education-training-class-psychology-childhood-1-1024x683-1.jpg\",\"contentUrl\":\"https:\/\/riberasalud.com\/povisa\/wp-content\/uploads\/2023\/06\/professional-family-psychologist-helping-child-female-teacher-social-worker-talking-to-girl-in-office-mental-health-education-training-class-psychology-childhood-1-1024x683-1.jpg\",\"width\":1024,\"height\":683,\"caption\":\"Professional family psychologist helping child, female teacher, social worker talking to a girl in office. Mental health, education training class, psychology, childhood\"},{\"@type\":\"WebSite\",\"@id\":\"https:\/\/riberasalud.com\/povisa\/#website\",\"url\":\"https:\/\/riberasalud.com\/povisa\/\",\"name\":\"Hospital Ribera Povisa\",\"description\":\"\",\"publisher\":{\"@id\":\"https:\/\/riberasalud.com\/povisa\/#organization\"},\"potentialAction\":[{\"@type\":\"SearchAction\",\"target\":{\"@type\":\"EntryPoint\",\"urlTemplate\":\"https:\/\/riberasalud.com\/povisa\/?s={search_term_string}\"},\"query-input\":{\"@type\":\"PropertyValueSpecification\",\"valueRequired\":true,\"valueName\":\"search_term_string\"}}],\"inLanguage\":\"es\"},{\"@type\":\"Organization\",\"@id\":\"https:\/\/riberasalud.com\/povisa\/#organization\",\"name\":\"Hospital Ribera Povisa\",\"url\":\"https:\/\/riberasalud.com\/povisa\/\",\"logo\":{\"@type\":\"ImageObject\",\"inLanguage\":\"es\",\"@id\":\"https:\/\/riberasalud.com\/povisa\/#\/schema\/logo\/image\/\",\"url\":\"https:\/\/riberasalud.com\/povisa\/wp-content\/uploads\/2024\/01\/cropped-Logo-Red-Povisa.png\",\"contentUrl\":\"https:\/\/riberasalud.com\/povisa\/wp-content\/uploads\/2024\/01\/cropped-Logo-Red-Povisa.png\",\"width\":1929,\"height\":489,\"caption\":\"Hospital Ribera Povisa\"},\"image\":{\"@id\":\"https:\/\/riberasalud.com\/povisa\/#\/schema\/logo\/image\/\"}}]}<\/script>\n<!-- \/ Yoast SEO plugin. -->","yoast_head_json":{"title":"\u25b7 Gu\u00eda del paciente | Hospital Ribera Povisa","description":"lll\u1405 Nos adaptamos a las necesidades del paciente para garantizar que recibe una excelente atenci\u00f3n sanitaria y el mejor trato personal.\u00a0 \u2705","robots":{"index":"index","follow":"follow","max-snippet":"max-snippet:-1","max-image-preview":"max-image-preview:large","max-video-preview":"max-video-preview:-1"},"canonical":"https:\/\/riberasalud.com\/povisa\/guia-del-paciente\/","og_locale":"es_ES","og_type":"article","og_title":"\u25b7 Gu\u00eda del paciente | Hospital Ribera Povisa","og_description":"lll\u1405 Nos adaptamos a las necesidades del paciente para garantizar que recibe una excelente atenci\u00f3n sanitaria y el mejor trato personal.\u00a0 \u2705","og_url":"https:\/\/riberasalud.com\/povisa\/guia-del-paciente\/","og_site_name":"Hospital Ribera Povisa","article_modified_time":"2024-07-18T10:32:05+00:00","og_image":[{"width":1024,"height":683,"url":"https:\/\/riberasalud.com\/povisa\/wp-content\/uploads\/2023\/06\/professional-family-psychologist-helping-child-female-teacher-social-worker-talking-to-girl-in-office-mental-health-education-training-class-psychology-childhood-1-1024x683-1.jpg","type":"image\/jpeg"}],"twitter_card":"summary_large_image","twitter_misc":{"Tiempo de lectura":"6 minutos"},"schema":{"@context":"https:\/\/schema.org","@graph":[{"@type":"WebPage","@id":"https:\/\/riberasalud.com\/povisa\/guia-del-paciente\/","url":"https:\/\/riberasalud.com\/povisa\/guia-del-paciente\/","name":"\u25b7 Gu\u00eda del paciente | Hospital Ribera Povisa","isPartOf":{"@id":"https:\/\/riberasalud.com\/povisa\/#website"},"primaryImageOfPage":{"@id":"https:\/\/riberasalud.com\/povisa\/guia-del-paciente\/#primaryimage"},"image":{"@id":"https:\/\/riberasalud.com\/povisa\/guia-del-paciente\/#primaryimage"},"thumbnailUrl":"https:\/\/riberasalud.com\/povisa\/wp-content\/uploads\/2023\/06\/professional-family-psychologist-helping-child-female-teacher-social-worker-talking-to-girl-in-office-mental-health-education-training-class-psychology-childhood-1-1024x683-1.jpg","datePublished":"2023-05-10T06:33:27+00:00","dateModified":"2024-07-18T10:32:05+00:00","description":"lll\u1405 Nos adaptamos a las necesidades del paciente para garantizar que recibe una excelente atenci\u00f3n sanitaria y el mejor trato personal.\u00a0 \u2705","inLanguage":"es","potentialAction":[{"@type":"ReadAction","target":["https:\/\/riberasalud.com\/povisa\/guia-del-paciente\/"]}]},{"@type":"ImageObject","inLanguage":"es","@id":"https:\/\/riberasalud.com\/povisa\/guia-del-paciente\/#primaryimage","url":"https:\/\/riberasalud.com\/povisa\/wp-content\/uploads\/2023\/06\/professional-family-psychologist-helping-child-female-teacher-social-worker-talking-to-girl-in-office-mental-health-education-training-class-psychology-childhood-1-1024x683-1.jpg","contentUrl":"https:\/\/riberasalud.com\/povisa\/wp-content\/uploads\/2023\/06\/professional-family-psychologist-helping-child-female-teacher-social-worker-talking-to-girl-in-office-mental-health-education-training-class-psychology-childhood-1-1024x683-1.jpg","width":1024,"height":683,"caption":"Professional family psychologist helping child, female teacher, social worker talking to a girl in office. Mental health, education training class, psychology, childhood"},{"@type":"WebSite","@id":"https:\/\/riberasalud.com\/povisa\/#website","url":"https:\/\/riberasalud.com\/povisa\/","name":"Hospital Ribera Povisa","description":"","publisher":{"@id":"https:\/\/riberasalud.com\/povisa\/#organization"},"potentialAction":[{"@type":"SearchAction","target":{"@type":"EntryPoint","urlTemplate":"https:\/\/riberasalud.com\/povisa\/?s={search_term_string}"},"query-input":{"@type":"PropertyValueSpecification","valueRequired":true,"valueName":"search_term_string"}}],"inLanguage":"es"},{"@type":"Organization","@id":"https:\/\/riberasalud.com\/povisa\/#organization","name":"Hospital Ribera Povisa","url":"https:\/\/riberasalud.com\/povisa\/","logo":{"@type":"ImageObject","inLanguage":"es","@id":"https:\/\/riberasalud.com\/povisa\/#\/schema\/logo\/image\/","url":"https:\/\/riberasalud.com\/povisa\/wp-content\/uploads\/2024\/01\/cropped-Logo-Red-Povisa.png","contentUrl":"https:\/\/riberasalud.com\/povisa\/wp-content\/uploads\/2024\/01\/cropped-Logo-Red-Povisa.png","width":1929,"height":489,"caption":"Hospital Ribera Povisa"},"image":{"@id":"https:\/\/riberasalud.com\/povisa\/#\/schema\/logo\/image\/"}}]}},"_links":{"self":[{"href":"https:\/\/riberasalud.com\/povisa\/wp-json\/wp\/v2\/pages\/19","targetHints":{"allow":["GET"]}}],"collection":[{"href":"https:\/\/riberasalud.com\/povisa\/wp-json\/wp\/v2\/pages"}],"about":[{"href":"https:\/\/riberasalud.com\/povisa\/wp-json\/wp\/v2\/types\/page"}],"author":[{"embeddable":true,"href":"https:\/\/riberasalud.com\/povisa\/wp-json\/wp\/v2\/users\/1"}],"replies":[{"embeddable":true,"href":"https:\/\/riberasalud.com\/povisa\/wp-json\/wp\/v2\/comments?post=19"}],"version-history":[{"count":10,"href":"https:\/\/riberasalud.com\/povisa\/wp-json\/wp\/v2\/pages\/19\/revisions"}],"predecessor-version":[{"id":11335,"href":"https:\/\/riberasalud.com\/povisa\/wp-json\/wp\/v2\/pages\/19\/revisions\/11335"}],"wp:featuredmedia":[{"embeddable":true,"href":"https:\/\/riberasalud.com\/povisa\/wp-json\/wp\/v2\/media\/9469"}],"wp:attachment":[{"href":"https:\/\/riberasalud.com\/povisa\/wp-json\/wp\/v2\/media?parent=19"}],"curies":[{"name":"wp","href":"https:\/\/api.w.org\/{rel}","templated":true}]}}