{"id":15051,"date":"2025-10-07T14:11:38","date_gmt":"2025-10-07T14:11:38","guid":{"rendered":"https:\/\/www.riberasalud.com\/povisa\/?page_id=15051"},"modified":"2026-01-19T14:48:08","modified_gmt":"2026-01-19T14:48:08","slug":"atencion-al-paciente","status":"publish","type":"page","link":"https:\/\/riberasalud.com\/povisa\/atencion-al-paciente\/","title":{"rendered":"Atenci\u00f3n al paciente"},"content":{"rendered":"\n<div class=\"wp-block-group hasbackgroundnaranja sliderlinea\"><div class=\"wp-block-group__inner-container is-layout-flow wp-block-group-is-layout-flow\">\n<p>HOSPITAL RIBERA POVISA<\/p>\n\n\n\n<h1 class=\"wp-block-heading\">Atenci\u00f3n al paciente<\/h1>\n<\/div><\/div>\n\n\n\n<div class=\"wp-block-group\"><div class=\"wp-block-group__inner-container is-layout-flow wp-block-group-is-layout-flow\">\n<div class=\"wp-block-columns is-layout-flex wp-container-core-columns-is-layout-9d6595d7 wp-block-columns-is-layout-flex\">\n<div class=\"wp-block-column is-layout-flow wp-block-column-is-layout-flow\">\n<h2 class=\"wp-block-heading\"><strong>Datos de contacto<\/strong><\/h2>\n\n\n\n<p><strong><strong>Direcci\u00f3n:<\/strong><\/strong><br>Rua Zaragoza 54, Freixeiro Vigo (Pontevedra)<\/p>\n\n\n\n<p><strong>E-mail:<\/strong><br><strong><a data-type=\"mailto\" data-id=\"mailto:info@povisa.es\" href=\"mailto:info@povisa.es\"><\/a><strong><a href=\"mailto:uap.povisa@riberacare.com\"><\/a><a href=\"mailto:comunicacion.povisa@riberacare.com\" target=\"_blank\" rel=\"noreferrer noopener\"><\/a><a href=\"mailto:uap.povisa@riberacare.com\">uap.povisa@riberacare.com<\/a><\/strong><\/strong><\/p>\n\n\n\n<p><strong>Tel\u00e9fono:<\/strong><br><a href=\"tel:900830680\"><strong>900 830 680<\/strong><\/a><\/p>\n\n\n\n<p><strong>Horario:<br><\/strong>Lunes a viernes: 10:00h a 13:00h<br>\u00daltimos viernes de cada mes: cerrado<\/p>\n<\/div>\n\n\n\n<div class=\"wp-block-column is-vertically-aligned-center is-layout-flow wp-block-column-is-layout-flow\">\n<iframe class=\"gmap\" src=\"https:\/\/www.google.com\/maps?q=Povisa+Atenci\u00f3n+al+Paciente,+Vigo,+Espa\u00f1a&#038;z=16&#038;output=embed\" width=\"600\" height=\"450\" style=\"border:0;\" allowfullscreen=\"\" loading=\"lazy\"><\/iframe>\n<\/div>\n<\/div>\n\n\n\n<figure class=\"wp-block-gallery has-nested-images columns-default is-cropped wp-block-gallery-1 is-layout-flex wp-block-gallery-is-layout-flex\">\n<figure class=\"wp-block-image size-large\"><img loading=\"lazy\" decoding=\"async\" width=\"700\" height=\"527\" data-id=\"15059\" src=\"https:\/\/www.riberasalud.com\/povisa\/wp-content\/uploads\/2025\/10\/Atencion-al-paciente-Ribera-Povisa-2.jpg\" alt=\"\" class=\"wp-image-15059\" srcset=\"https:\/\/riberasalud.com\/povisa\/wp-content\/uploads\/2025\/10\/Atencion-al-paciente-Ribera-Povisa-2.jpg 700w, https:\/\/riberasalud.com\/povisa\/wp-content\/uploads\/2025\/10\/Atencion-al-paciente-Ribera-Povisa-2-300x226.jpg 300w\" sizes=\"auto, (max-width: 700px) 100vw, 700px\" \/><\/figure>\n\n\n\n<figure class=\"wp-block-image size-large\"><img loading=\"lazy\" decoding=\"async\" width=\"700\" height=\"527\" data-id=\"15058\" src=\"https:\/\/www.riberasalud.com\/povisa\/wp-content\/uploads\/2025\/10\/Atencion-al-paciente-Ribera-Povisa-1.jpg\" alt=\"\" class=\"wp-image-15058\" srcset=\"https:\/\/riberasalud.com\/povisa\/wp-content\/uploads\/2025\/10\/Atencion-al-paciente-Ribera-Povisa-1.jpg 700w, https:\/\/riberasalud.com\/povisa\/wp-content\/uploads\/2025\/10\/Atencion-al-paciente-Ribera-Povisa-1-300x226.jpg 300w\" sizes=\"auto, (max-width: 700px) 100vw, 700px\" \/><\/figure>\n\n\n\n<figure class=\"wp-block-image size-large\"><img loading=\"lazy\" decoding=\"async\" width=\"700\" height=\"527\" data-id=\"15060\" src=\"https:\/\/www.riberasalud.com\/povisa\/wp-content\/uploads\/2025\/10\/Atencion-al-paciente-Ribera-Povisa-3.jpg\" alt=\"\" class=\"wp-image-15060\" srcset=\"https:\/\/riberasalud.com\/povisa\/wp-content\/uploads\/2025\/10\/Atencion-al-paciente-Ribera-Povisa-3.jpg 700w, https:\/\/riberasalud.com\/povisa\/wp-content\/uploads\/2025\/10\/Atencion-al-paciente-Ribera-Povisa-3-300x226.jpg 300w\" sizes=\"auto, (max-width: 700px) 100vw, 700px\" \/><\/figure>\n<\/figure>\n<\/div><\/div>\n\n\n\n<div class=\"wp-block-group\"><div class=\"wp-block-group__inner-container is-layout-constrained wp-block-group-is-layout-constrained\">\n<h2 class=\"wp-block-heading has-text-align-center\">Solicitud de cita previa<\/h2>\n\n\n\n<div style=\"height:15px\" aria-hidden=\"true\" class=\"wp-block-spacer\"><\/div>\n\n\n<div class=\"gb-container gb-container-7bc9f375 formulario\">\n\n<div class=\"wpcf7 no-js\" id=\"wpcf7-f15382-o1\" lang=\"es-ES\" dir=\"ltr\" data-wpcf7-id=\"15382\">\n<div class=\"screen-reader-response\"><p role=\"status\" aria-live=\"polite\" aria-atomic=\"true\"><\/p> <ul><\/ul><\/div>\n<form action=\"\/povisa\/wp-json\/wp\/v2\/pages\/15051#wpcf7-f15382-o1\" method=\"post\" class=\"wpcf7-form init\" aria-label=\"Formulario de contacto\" novalidate=\"novalidate\" data-status=\"init\">\n<fieldset class=\"hidden-fields-container\"><input type=\"hidden\" name=\"_wpcf7\" value=\"15382\" \/><input type=\"hidden\" name=\"_wpcf7_version\" value=\"6.1.4\" \/><input type=\"hidden\" name=\"_wpcf7_locale\" value=\"es_ES\" \/><input type=\"hidden\" name=\"_wpcf7_unit_tag\" value=\"wpcf7-f15382-o1\" \/><input type=\"hidden\" name=\"_wpcf7_container_post\" value=\"0\" \/><input type=\"hidden\" name=\"_wpcf7_posted_data_hash\" value=\"\" \/><input type=\"hidden\" name=\"_wpcf7cf_hidden_group_fields\" value=\"[]\" \/><input type=\"hidden\" name=\"_wpcf7cf_hidden_groups\" value=\"[]\" \/><input type=\"hidden\" name=\"_wpcf7cf_visible_groups\" value=\"[]\" \/><input type=\"hidden\" name=\"_wpcf7cf_repeaters\" value=\"[]\" \/><input type=\"hidden\" name=\"_wpcf7cf_steps\" value=\"{}\" \/><input type=\"hidden\" name=\"_wpcf7cf_options\" value=\"{&quot;form_id&quot;:15382,&quot;conditions&quot;:[{&quot;then_field&quot;:&quot;justificantes&quot;,&quot;and_rules&quot;:[{&quot;if_field&quot;:&quot;motivo&quot;,&quot;operator&quot;:&quot;equals&quot;,&quot;if_value&quot;:&quot;Solicitud de justificantes de asistencia\\\/acompa\\u00f1amiento&quot;}]},{&quot;then_field&quot;:&quot;otrosmotivos&quot;,&quot;and_rules&quot;:[{&quot;if_field&quot;:&quot;motivo&quot;,&quot;operator&quot;:&quot;equals&quot;,&quot;if_value&quot;:&quot;Otro&quot;}]},{&quot;then_field&quot;:&quot;otrasareas&quot;,&quot;and_rules&quot;:[{&quot;if_field&quot;:&quot;areas&quot;,&quot;operator&quot;:&quot;equals&quot;,&quot;if_value&quot;:&quot;Otro&quot;}]}],&quot;settings&quot;:{&quot;animation&quot;:&quot;yes&quot;,&quot;animation_intime&quot;:200,&quot;animation_outtime&quot;:200,&quot;conditions_ui&quot;:&quot;normal&quot;,&quot;notice_dismissed&quot;:false}}\" \/><input type=\"hidden\" name=\"_wpcf7_recaptcha_response\" value=\"\" \/>\n<\/fieldset>\n<h3>Datos del paciente*\n<\/h3>\n<p><label>Nombre y apellidos del paciente<span class=\"wpcf7-form-control-wrap\" data-name=\"nombre\"><input size=\"40\" maxlength=\"400\" class=\"wpcf7-form-control wpcf7-text wpcf7-validates-as-required\" aria-required=\"true\" aria-invalid=\"false\" placeholder=\"Nombre y apellidos\" value=\"\" type=\"text\" name=\"nombre\" \/><\/span><\/label><br \/>\n<label>DNI del paciente <span class=\"wpcf7-form-control-wrap\" data-name=\"dni\"><input size=\"40\" maxlength=\"400\" class=\"wpcf7-form-control wpcf7-text wpcf7-validates-as-required\" aria-required=\"true\" aria-invalid=\"false\" placeholder=\"DNI (ej. 12345678A)\" value=\"\" type=\"text\" name=\"dni\" \/><\/span><\/label>\n<\/p>\n<div class=\"formdoble\">\n\t<p><label>Tel\u00e9fono<span class=\"wpcf7-form-control-wrap\" data-name=\"telefono\"><input size=\"40\" maxlength=\"400\" class=\"wpcf7-form-control wpcf7-tel wpcf7-validates-as-required wpcf7-text wpcf7-validates-as-tel\" aria-required=\"true\" aria-invalid=\"false\" placeholder=\"N\u00ba de tel\u00e9fono\" value=\"\" type=\"tel\" name=\"telefono\" \/><\/span><\/label><br \/>\n<label>E-mail<span class=\"wpcf7-form-control-wrap\" data-name=\"email\"><input size=\"40\" maxlength=\"400\" class=\"wpcf7-form-control wpcf7-email wpcf7-validates-as-required wpcf7-text wpcf7-validates-as-email\" aria-required=\"true\" aria-invalid=\"false\" placeholder=\"Correo electr\u00f3nico\" value=\"\" type=\"email\" name=\"email\" \/><\/span><\/label>\n\t<\/p>\n<\/div>\n<h3>\u00c1rea afectada*\n<\/h3>\n<p><span class=\"wpcf7-form-control-wrap\" data-name=\"areas\"><select class=\"wpcf7-form-control wpcf7-select wpcf7-validates-as-required\" aria-required=\"true\" aria-invalid=\"false\" name=\"areas\"><option value=\"\">&#8212;Por favor, elige una opci\u00f3n&#8212;<\/option><option value=\"Alergia\">Alergia<\/option><option value=\"Cardiolog\u00eda\">Cardiolog\u00eda<\/option><option value=\"Cirug\u00eda General\/Proctolog\u00eda\">Cirug\u00eda General\/Proctolog\u00eda<\/option><option value=\"Cirug\u00eda Maxilofacial\">Cirug\u00eda Maxilofacial<\/option><option value=\"Cirug\u00eda Pl\u00e1stica y Quemados\">Cirug\u00eda Pl\u00e1stica y Quemados<\/option><option value=\"Cirug\u00eda Vascular\">Cirug\u00eda Vascular<\/option><option value=\"Dermatolog\u00eda\">Dermatolog\u00eda<\/option><option value=\"Digestivo\">Digestivo<\/option><option value=\"Ecograf\u00edas\">Ecograf\u00edas<\/option><option value=\"Endocrinolog\u00eda\">Endocrinolog\u00eda<\/option><option value=\"Endoscopias\">Endoscopias<\/option><option value=\"Enfermer\u00eda\">Enfermer\u00eda<\/option><option value=\"Ginecolog\u00eda\">Ginecolog\u00eda<\/option><option value=\"Hematolog\u00eda\">Hematolog\u00eda<\/option><option value=\"Laboratorio\">Laboratorio<\/option><option value=\"Medicina Interna\">Medicina Interna<\/option><option value=\"Medicina Nuclear\">Medicina Nuclear<\/option><option value=\"Nefrolog\u00eda\">Nefrolog\u00eda<\/option><option value=\"Neumolog\u00eda\">Neumolog\u00eda<\/option><option value=\"Neurocirug\u00eda\">Neurocirug\u00eda<\/option><option value=\"Neurolog\u00eda\">Neurolog\u00eda<\/option><option value=\"Patolog\u00eda de mama\">Patolog\u00eda de mama<\/option><option value=\"Pediatr\u00eda\">Pediatr\u00eda<\/option><option value=\"Psicolog\u00eda\">Psicolog\u00eda<\/option><option value=\"Psiquiatr\u00eda\">Psiquiatr\u00eda<\/option><option value=\"Quimioterapia\">Quimioterapia<\/option><option value=\"Radiolog\u00eda\">Radiolog\u00eda<\/option><option value=\"Radiolog\u00eda Intervencionista\">Radiolog\u00eda Intervencionista<\/option><option value=\"Rehabilitaci\u00f3n\">Rehabilitaci\u00f3n<\/option><option value=\"Resonancia Magn\u00e9tica\">Resonancia Magn\u00e9tica<\/option><option value=\"Reumatolog\u00eda\">Reumatolog\u00eda<\/option><option value=\"TAC\">TAC<\/option><option value=\"Traumatolog\u00eda\">Traumatolog\u00eda<\/option><option value=\"Oftalmolog\u00eda\">Oftalmolog\u00eda<\/option><option value=\"Oncolog\u00eda M\u00e9dica\">Oncolog\u00eda M\u00e9dica<\/option><option value=\"Otorrinolaringolog\u00eda\">Otorrinolaringolog\u00eda<\/option><option value=\"Unidad de Dolor\">Unidad de Dolor<\/option><option value=\"Urolog\u00eda\">Urolog\u00eda<\/option><option value=\"Otro\">Otro<\/option><\/select><\/span>\n<\/p>\n<div data-id=\"otrasareas\" data-orig_data_id=\"otrasareas\"  class=\"\" data-class=\"wpcf7cf_group\">\n\t<p><span class=\"wpcf7-form-control-wrap\" data-name=\"otraarea\"><input size=\"40\" maxlength=\"400\" class=\"wpcf7-form-control wpcf7-text wpcf7-validates-as-required\" aria-required=\"true\" aria-invalid=\"false\" placeholder=\"Indique otra \u00e1rea\" value=\"\" type=\"text\" name=\"otraarea\" \/><\/span>\n\t<\/p>\n<\/div>\n<h3>Motivo principal*\n<\/h3>\n<div>\n\t<p><span class=\"wpcf7-form-control-wrap\" data-name=\"motivo\"><span class=\"wpcf7-form-control wpcf7-radio\"><span class=\"wpcf7-list-item first\"><label><input type=\"radio\" name=\"motivo\" value=\"Citas\" \/><span class=\"wpcf7-list-item-label\">Citas<\/span><\/label><\/span><span class=\"wpcf7-list-item\"><label><input type=\"radio\" name=\"motivo\" value=\"Intervenci\u00f3n quir\u00fargica\" \/><span class=\"wpcf7-list-item-label\">Intervenci\u00f3n quir\u00fargica<\/span><\/label><\/span><span class=\"wpcf7-list-item\"><label><input type=\"radio\" name=\"motivo\" value=\"Solicitar informes m\u00e9dicos\" \/><span class=\"wpcf7-list-item-label\">Solicitar informes m\u00e9dicos<\/span><\/label><\/span><span class=\"wpcf7-list-item\"><label><input type=\"radio\" name=\"motivo\" value=\"Solicitud de justificantes de asistencia\/acompa\u00f1amiento\" \/><span class=\"wpcf7-list-item-label\">Solicitud de justificantes de asistencia\/acompa\u00f1amiento<\/span><\/label><\/span><span class=\"wpcf7-list-item last\"><label><input type=\"radio\" name=\"motivo\" value=\"Otro\" \/><span class=\"wpcf7-list-item-label\">Otro<\/span><\/label><\/span><\/span><\/span>\n\t<\/p>\n\t<div data-id=\"justificantes\" data-orig_data_id=\"justificantes\"  class=\"\" data-class=\"wpcf7cf_group\">\n\t\t<p><span class=\"wpcf7-form-control-wrap\" data-name=\"otromotivo\"><input size=\"40\" maxlength=\"400\" class=\"wpcf7-form-control wpcf7-text wpcf7-validates-as-required\" aria-required=\"true\" aria-invalid=\"false\" placeholder=\"Detalles de su solicitud\" value=\"\" type=\"text\" name=\"otromotivo\" \/><\/span>\n\t\t<\/p>\n\t<\/div>\n\t<div data-id=\"otrosmotivos\" data-orig_data_id=\"otrosmotivos\"  class=\"\" data-class=\"wpcf7cf_group\">\n\t\t<p><span class=\"wpcf7-form-control-wrap\" data-name=\"justificante\"><input size=\"40\" maxlength=\"400\" class=\"wpcf7-form-control wpcf7-text wpcf7-validates-as-required\" aria-required=\"true\" aria-invalid=\"false\" placeholder=\"Indique otro motivo\" value=\"\" type=\"text\" name=\"justificante\" \/><\/span>\n\t\t<\/p>\n\t<\/div>\n<\/div>\n<p><label class=\"areadetextoroi\">Describa brevemente el motivo:<span class=\"wpcf7-form-control-wrap\" data-name=\"descripcion\"><textarea cols=\"40\" rows=\"10\" maxlength=\"700\" class=\"wpcf7-form-control wpcf7-textarea wpcf7-validates-as-required\" aria-required=\"true\" aria-invalid=\"false\" placeholder=\"Indique aqu\u00ed el motivo de su solicitud\" name=\"descripcion\"><\/textarea><\/span><\/label>\n<\/p>\n<h3>Solicito que la resoluci\u00f3n se realice de manera:*\n<\/h3>\n<p><span class=\"wpcf7-form-control-wrap\" data-name=\"resolucion\"><span class=\"wpcf7-form-control wpcf7-radio\"><span class=\"wpcf7-list-item first\"><label><input type=\"radio\" name=\"resolucion\" value=\"Telef\u00f3nica\" \/><span class=\"wpcf7-list-item-label\">Telef\u00f3nica<\/span><\/label><\/span><span class=\"wpcf7-list-item last\"><label><input type=\"radio\" name=\"resolucion\" value=\"Presencial\" \/><span class=\"wpcf7-list-item-label\">Presencial<\/span><\/label><\/span><\/span><\/span>\n<\/p>\n<p class=\"checks\"><span class=\"wpcf7-form-control-wrap\" data-name=\"acceptance-861\"><span class=\"wpcf7-form-control wpcf7-acceptance\"><span class=\"wpcf7-list-item\"><label><input type=\"checkbox\" name=\"acceptance-861\" value=\"1\" aria-invalid=\"false\" \/><span class=\"wpcf7-list-item-label\">He le\u00eddo y acepto la \n<a target=\"_blank\" href=\"https:\/\/riberasalud.com\/povisa\/politica-privacidad\">Pol\u00edtica de Privacidad<\/a><\/span><\/label><\/span><\/span><\/span>\n<\/p>\n<p class=\"checks\"><span class=\"wpcf7-form-control-wrap\" data-name=\"acceptance\"><span class=\"wpcf7-form-control wpcf7-acceptance optional\"><span class=\"wpcf7-list-item\"><label><input type=\"checkbox\" name=\"acceptance\" value=\"1\" aria-invalid=\"false\" \/><span class=\"wpcf7-list-item-label\">Acepto el env\u00edo de comunicaciones por RIBERA SALUD, S.A.<\/span><\/label><\/span><\/span><\/span>\n<\/p>\n<p><input class=\"wpcf7-form-control wpcf7-submit has-spinner\" type=\"submit\" value=\"Enviar\" \/>\n<\/p><input type='hidden' class='wpcf7-pum' value='{\"closepopup\":false,\"closedelay\":0,\"openpopup\":false,\"openpopup_id\":0}' \/><div class=\"wpcf7-response-output\" aria-hidden=\"true\"><\/div>\n<\/form>\n<\/div>\n\n\n<\/div>\n\n\n<div style=\"height:20px\" aria-hidden=\"true\" class=\"wp-block-spacer\"><\/div>\n<\/div><\/div>\n","protected":false},"excerpt":{"rendered":"<p>HOSPITAL RIBERA POVISA Atenci\u00f3n al paciente Datos de contacto Direcci\u00f3n:Rua Zaragoza 54, Freixeiro Vigo (Pontevedra) E-mail:uap.povisa@riberacare.com Tel\u00e9fono:900 830 680 Horario:Lunes a viernes: 10:00h a 13:00h\u00daltimos viernes de cada mes: cerrado Solicitud de cita previa<\/p>\n","protected":false},"author":4,"featured_media":11248,"parent":0,"menu_order":0,"comment_status":"closed","ping_status":"closed","template":"","meta":{"_coblocks_attr":"","_coblocks_dimensions":"","_coblocks_responsive_height":"","_coblocks_accordion_ie_support":"","_monsterinsights_skip_tracking":false,"_monsterinsights_sitenote_active":false,"_monsterinsights_sitenote_note":"","_monsterinsights_sitenote_category":0,"footnotes":""},"class_list":["post-15051","page","type-page","status-publish","has-post-thumbnail"],"yoast_head":"<!-- This site is optimized with the Yoast SEO plugin v26.9 - https:\/\/yoast.com\/product\/yoast-seo-wordpress\/ -->\n<title>Atenci\u00f3n al paciente | Hospital Ribera Povisa<\/title>\n<meta name=\"description\" content=\"lll\u1405 HOSPITAL RIBERA POVISA Atenci\u00f3n al paciente Datos de contacto Direcci\u00f3n:Rua Zaragoza 54, Freixeiro Vigo (Pontevedra) E-mail:uap.povisa@riberacare.com \u2705\" \/>\n<meta name=\"robots\" content=\"index, follow, max-snippet:-1, max-image-preview:large, max-video-preview:-1\" \/>\n<link rel=\"canonical\" href=\"https:\/\/riberasalud.com\/povisa\/atencion-al-paciente\/\" \/>\n<meta property=\"og:locale\" content=\"es_ES\" \/>\n<meta property=\"og:type\" content=\"article\" \/>\n<meta property=\"og:title\" content=\"Atenci\u00f3n al paciente | Hospital Ribera Povisa\" \/>\n<meta property=\"og:description\" content=\"lll\u1405 HOSPITAL RIBERA POVISA Atenci\u00f3n al paciente Datos de contacto Direcci\u00f3n:Rua Zaragoza 54, Freixeiro Vigo (Pontevedra) E-mail:uap.povisa@riberacare.com \u2705\" \/>\n<meta property=\"og:url\" content=\"https:\/\/riberasalud.com\/povisa\/atencion-al-paciente\/\" \/>\n<meta property=\"og:site_name\" content=\"Hospital Ribera Povisa\" \/>\n<meta property=\"article:modified_time\" content=\"2026-01-19T14:48:08+00:00\" \/>\n<meta property=\"og:image\" content=\"https:\/\/riberasalud.com\/povisa\/wp-content\/uploads\/2024\/06\/Consejo-de-Pacientes-Ribera-Povisa-31-mayo.jpg\" \/>\n\t<meta property=\"og:image:width\" content=\"800\" \/>\n\t<meta property=\"og:image:height\" content=\"533\" \/>\n\t<meta property=\"og:image:type\" content=\"image\/jpeg\" \/>\n<meta name=\"twitter:card\" content=\"summary_large_image\" \/>\n<meta name=\"twitter:label1\" content=\"Tiempo de lectura\" \/>\n\t<meta name=\"twitter:data1\" content=\"2 minutos\" \/>\n<script type=\"application\/ld+json\" class=\"yoast-schema-graph\">{\"@context\":\"https:\/\/schema.org\",\"@graph\":[{\"@type\":\"WebPage\",\"@id\":\"https:\/\/riberasalud.com\/povisa\/atencion-al-paciente\/\",\"url\":\"https:\/\/riberasalud.com\/povisa\/atencion-al-paciente\/\",\"name\":\"Atenci\u00f3n al paciente | Hospital Ribera Povisa\",\"isPartOf\":{\"@id\":\"https:\/\/riberasalud.com\/povisa\/#website\"},\"primaryImageOfPage\":{\"@id\":\"https:\/\/riberasalud.com\/povisa\/atencion-al-paciente\/#primaryimage\"},\"image\":{\"@id\":\"https:\/\/riberasalud.com\/povisa\/atencion-al-paciente\/#primaryimage\"},\"thumbnailUrl\":\"https:\/\/riberasalud.com\/povisa\/wp-content\/uploads\/2024\/06\/Consejo-de-Pacientes-Ribera-Povisa-31-mayo.jpg\",\"datePublished\":\"2025-10-07T14:11:38+00:00\",\"dateModified\":\"2026-01-19T14:48:08+00:00\",\"description\":\"lll\u1405 HOSPITAL RIBERA POVISA Atenci\u00f3n al paciente Datos de contacto Direcci\u00f3n:Rua Zaragoza 54, Freixeiro Vigo (Pontevedra) E-mail:uap.povisa@riberacare.com \u2705\",\"inLanguage\":\"es\",\"potentialAction\":[{\"@type\":\"ReadAction\",\"target\":[\"https:\/\/riberasalud.com\/povisa\/atencion-al-paciente\/\"]}]},{\"@type\":\"ImageObject\",\"inLanguage\":\"es\",\"@id\":\"https:\/\/riberasalud.com\/povisa\/atencion-al-paciente\/#primaryimage\",\"url\":\"https:\/\/riberasalud.com\/povisa\/wp-content\/uploads\/2024\/06\/Consejo-de-Pacientes-Ribera-Povisa-31-mayo.jpg\",\"contentUrl\":\"https:\/\/riberasalud.com\/povisa\/wp-content\/uploads\/2024\/06\/Consejo-de-Pacientes-Ribera-Povisa-31-mayo.jpg\",\"width\":800,\"height\":533,\"caption\":\"consejo de pacientes\"},{\"@type\":\"WebSite\",\"@id\":\"https:\/\/riberasalud.com\/povisa\/#website\",\"url\":\"https:\/\/riberasalud.com\/povisa\/\",\"name\":\"Hospital Ribera Povisa\",\"description\":\"\",\"publisher\":{\"@id\":\"https:\/\/riberasalud.com\/povisa\/#organization\"},\"potentialAction\":[{\"@type\":\"SearchAction\",\"target\":{\"@type\":\"EntryPoint\",\"urlTemplate\":\"https:\/\/riberasalud.com\/povisa\/?s={search_term_string}\"},\"query-input\":{\"@type\":\"PropertyValueSpecification\",\"valueRequired\":true,\"valueName\":\"search_term_string\"}}],\"inLanguage\":\"es\"},{\"@type\":\"Organization\",\"@id\":\"https:\/\/riberasalud.com\/povisa\/#organization\",\"name\":\"Hospital Ribera Povisa\",\"url\":\"https:\/\/riberasalud.com\/povisa\/\",\"logo\":{\"@type\":\"ImageObject\",\"inLanguage\":\"es\",\"@id\":\"https:\/\/riberasalud.com\/povisa\/#\/schema\/logo\/image\/\",\"url\":\"https:\/\/riberasalud.com\/povisa\/wp-content\/uploads\/2024\/01\/cropped-Logo-Red-Povisa.png\",\"contentUrl\":\"https:\/\/riberasalud.com\/povisa\/wp-content\/uploads\/2024\/01\/cropped-Logo-Red-Povisa.png\",\"width\":1929,\"height\":489,\"caption\":\"Hospital Ribera Povisa\"},\"image\":{\"@id\":\"https:\/\/riberasalud.com\/povisa\/#\/schema\/logo\/image\/\"}}]}<\/script>\n<!-- \/ Yoast SEO plugin. -->","yoast_head_json":{"title":"Atenci\u00f3n al paciente | Hospital Ribera Povisa","description":"lll\u1405 HOSPITAL RIBERA POVISA Atenci\u00f3n al paciente Datos de contacto Direcci\u00f3n:Rua Zaragoza 54, Freixeiro Vigo (Pontevedra) E-mail:uap.povisa@riberacare.com \u2705","robots":{"index":"index","follow":"follow","max-snippet":"max-snippet:-1","max-image-preview":"max-image-preview:large","max-video-preview":"max-video-preview:-1"},"canonical":"https:\/\/riberasalud.com\/povisa\/atencion-al-paciente\/","og_locale":"es_ES","og_type":"article","og_title":"Atenci\u00f3n al paciente | Hospital Ribera Povisa","og_description":"lll\u1405 HOSPITAL RIBERA POVISA Atenci\u00f3n al paciente Datos de contacto Direcci\u00f3n:Rua Zaragoza 54, Freixeiro Vigo (Pontevedra) E-mail:uap.povisa@riberacare.com \u2705","og_url":"https:\/\/riberasalud.com\/povisa\/atencion-al-paciente\/","og_site_name":"Hospital Ribera Povisa","article_modified_time":"2026-01-19T14:48:08+00:00","og_image":[{"width":800,"height":533,"url":"https:\/\/riberasalud.com\/povisa\/wp-content\/uploads\/2024\/06\/Consejo-de-Pacientes-Ribera-Povisa-31-mayo.jpg","type":"image\/jpeg"}],"twitter_card":"summary_large_image","twitter_misc":{"Tiempo de lectura":"2 minutos"},"schema":{"@context":"https:\/\/schema.org","@graph":[{"@type":"WebPage","@id":"https:\/\/riberasalud.com\/povisa\/atencion-al-paciente\/","url":"https:\/\/riberasalud.com\/povisa\/atencion-al-paciente\/","name":"Atenci\u00f3n al paciente | Hospital Ribera Povisa","isPartOf":{"@id":"https:\/\/riberasalud.com\/povisa\/#website"},"primaryImageOfPage":{"@id":"https:\/\/riberasalud.com\/povisa\/atencion-al-paciente\/#primaryimage"},"image":{"@id":"https:\/\/riberasalud.com\/povisa\/atencion-al-paciente\/#primaryimage"},"thumbnailUrl":"https:\/\/riberasalud.com\/povisa\/wp-content\/uploads\/2024\/06\/Consejo-de-Pacientes-Ribera-Povisa-31-mayo.jpg","datePublished":"2025-10-07T14:11:38+00:00","dateModified":"2026-01-19T14:48:08+00:00","description":"lll\u1405 HOSPITAL RIBERA POVISA Atenci\u00f3n al paciente Datos de contacto Direcci\u00f3n:Rua Zaragoza 54, Freixeiro Vigo (Pontevedra) E-mail:uap.povisa@riberacare.com \u2705","inLanguage":"es","potentialAction":[{"@type":"ReadAction","target":["https:\/\/riberasalud.com\/povisa\/atencion-al-paciente\/"]}]},{"@type":"ImageObject","inLanguage":"es","@id":"https:\/\/riberasalud.com\/povisa\/atencion-al-paciente\/#primaryimage","url":"https:\/\/riberasalud.com\/povisa\/wp-content\/uploads\/2024\/06\/Consejo-de-Pacientes-Ribera-Povisa-31-mayo.jpg","contentUrl":"https:\/\/riberasalud.com\/povisa\/wp-content\/uploads\/2024\/06\/Consejo-de-Pacientes-Ribera-Povisa-31-mayo.jpg","width":800,"height":533,"caption":"consejo de pacientes"},{"@type":"WebSite","@id":"https:\/\/riberasalud.com\/povisa\/#website","url":"https:\/\/riberasalud.com\/povisa\/","name":"Hospital Ribera Povisa","description":"","publisher":{"@id":"https:\/\/riberasalud.com\/povisa\/#organization"},"potentialAction":[{"@type":"SearchAction","target":{"@type":"EntryPoint","urlTemplate":"https:\/\/riberasalud.com\/povisa\/?s={search_term_string}"},"query-input":{"@type":"PropertyValueSpecification","valueRequired":true,"valueName":"search_term_string"}}],"inLanguage":"es"},{"@type":"Organization","@id":"https:\/\/riberasalud.com\/povisa\/#organization","name":"Hospital Ribera Povisa","url":"https:\/\/riberasalud.com\/povisa\/","logo":{"@type":"ImageObject","inLanguage":"es","@id":"https:\/\/riberasalud.com\/povisa\/#\/schema\/logo\/image\/","url":"https:\/\/riberasalud.com\/povisa\/wp-content\/uploads\/2024\/01\/cropped-Logo-Red-Povisa.png","contentUrl":"https:\/\/riberasalud.com\/povisa\/wp-content\/uploads\/2024\/01\/cropped-Logo-Red-Povisa.png","width":1929,"height":489,"caption":"Hospital Ribera Povisa"},"image":{"@id":"https:\/\/riberasalud.com\/povisa\/#\/schema\/logo\/image\/"}}]}},"_links":{"self":[{"href":"https:\/\/riberasalud.com\/povisa\/wp-json\/wp\/v2\/pages\/15051","targetHints":{"allow":["GET"]}}],"collection":[{"href":"https:\/\/riberasalud.com\/povisa\/wp-json\/wp\/v2\/pages"}],"about":[{"href":"https:\/\/riberasalud.com\/povisa\/wp-json\/wp\/v2\/types\/page"}],"author":[{"embeddable":true,"href":"https:\/\/riberasalud.com\/povisa\/wp-json\/wp\/v2\/users\/4"}],"replies":[{"embeddable":true,"href":"https:\/\/riberasalud.com\/povisa\/wp-json\/wp\/v2\/comments?post=15051"}],"version-history":[{"count":39,"href":"https:\/\/riberasalud.com\/povisa\/wp-json\/wp\/v2\/pages\/15051\/revisions"}],"predecessor-version":[{"id":15559,"href":"https:\/\/riberasalud.com\/povisa\/wp-json\/wp\/v2\/pages\/15051\/revisions\/15559"}],"wp:featuredmedia":[{"embeddable":true,"href":"https:\/\/riberasalud.com\/povisa\/wp-json\/wp\/v2\/media\/11248"}],"wp:attachment":[{"href":"https:\/\/riberasalud.com\/povisa\/wp-json\/wp\/v2\/media?parent=15051"}],"curies":[{"name":"wp","href":"https:\/\/api.w.org\/{rel}","templated":true}]}}