{"id":11134,"date":"2024-04-10T10:02:36","date_gmt":"2024-04-10T10:02:36","guid":{"rendered":"https:\/\/www.riberasalud.com\/povisa\/?page_id=11134"},"modified":"2024-04-17T07:19:58","modified_gmt":"2024-04-17T07:19:58","slug":"svisual","status":"publish","type":"page","link":"https:\/\/riberasalud.com\/povisa\/svisual\/","title":{"rendered":"Svisual"},"content":{"rendered":"\n<div class=\"wp-block-group slidersvisual\"><div class=\"wp-block-group__inner-container is-layout-flow wp-block-group-is-layout-flow\">\n<div class=\"wp-block-columns is-layout-flex wp-container-core-columns-is-layout-9d6595d7 wp-block-columns-is-layout-flex\">\n<div class=\"wp-block-column is-vertically-aligned-center is-layout-flow wp-block-column-is-layout-flow\">\n<p class=\"has-base-3-color has-text-color\">HOSPITAL RIBERA POVISA DE VIGO<\/p>\n\n\n\n<h1 class=\"wp-block-heading has-base-3-color has-text-color\">\u00bfQu\u00e9 es <strong>Svisual<\/strong>?<\/h1>\n<\/div>\n\n\n\n<div class=\"wp-block-column columnaformulario is-layout-flow wp-block-column-is-layout-flow\">\n<figure class=\"wp-block-image size-full is-resized\"><img decoding=\"async\" src=\"https:\/\/www.hospitaldetorrejon.es\/wp-content\/uploads\/2024\/04\/svisual-01.png\" alt=\"\" class=\"wp-image-4569\" style=\"width:auto;height:300px\"\/><\/figure>\n<\/div>\n<\/div>\n<\/div><\/div>\n\n\n\n<div class=\"wp-block-group svisualgroup\"><div class=\"wp-block-group__inner-container is-layout-flow wp-block-group-is-layout-flow\">\n<p class=\"has-text-align-center\">El <strong>Hospital Ribera Povisa de Vigo <\/strong>pone en marcha el sistema SVisual, una plataforma pionera de video interpretaci\u00f3n en la lengua de signos para atender las consultas y ofrecer un asesoramiento personalizando a nuestros pacientes con discapacidad auditiva.<\/p>\n\n\n\n<h2 class=\"wp-block-heading has-text-align-center\">\u00bfQu\u00e9 ofrece SVisual?<\/h2>\n\n\n\n<ul class=\"listaiconocss wp-block-list\">\n<li><strong>Accesible <\/strong>a personas con discapacidad auditiva<\/li>\n\n\n\n<li><strong>Plataforma telef\u00f3nica <\/strong>SVisual<\/li>\n\n\n\n<li>Comunicaci\u00f3n con <strong>v\u00eddeo-int\u00e9rprete o chat<\/strong><\/li>\n<\/ul>\n\n\n\n<p><input type=\"checkbox\" id=\"checkDenuncia\" onclick=\"habilitardenuncias()\"><span> Acepto la <a href=\"https:\/\/svisual.org\/aviso.php\">pol\u00edtica de privacidad<\/a> y las <a href=\"https:\/\/svisual.org\/aviso.php\">condiciones de uso<\/a> del servicio SVisual\n<\/span><\/p>\n<br>\n\n\n<a href=\"https:\/\/riberasalud.svisual.org\/\" id=\"textDenuncia\" style=\"display:none\">Accede aqu\u00ed a SVisual<\/a>\n\n\n<script>\nfunction habilitardenuncias() {\n  \/\/ Get the checkbox\n  var checkBox = document.getElementById(\"checkDenuncia\");\n\n  \/\/ Get the output text\n  var text = document.getElementById(\"textDenuncia\");\n\n  \/\/ If the checkbox is checked, display the output text\n  if (checkBox.checked == true){\n    text.style.display = \"block\";\n  } else {\n    text.style.display = \"none\";\n  }\n}\n<\/script>\n<\/div><\/div>\n\n\n\n<div class=\"wp-block-group svisualinterrogante has-background\" style=\"background-color:#00a3e0\"><div class=\"wp-block-group__inner-container is-layout-flow wp-block-group-is-layout-flow\">\n<div class=\"wp-block-columns is-layout-flex wp-container-core-columns-is-layout-9d6595d7 wp-block-columns-is-layout-flex\">\n<div class=\"wp-block-column is-vertically-aligned-center is-layout-flow wp-block-column-is-layout-flow\" style=\"flex-basis:10%\"><div class=\"wp-block-image\">\n<figure class=\"aligncenter size-full\"><img decoding=\"async\" src=\"https:\/\/www.hospitaldetorrejon.es\/wp-content\/uploads\/2024\/04\/interrogante_Mesa-de-trabajo-1.png\" alt=\"\" class=\"wp-image-4592\"\/><\/figure>\n<\/div><\/div>\n\n\n\n<div class=\"wp-block-column is-vertically-aligned-center is-layout-flow wp-block-column-is-layout-flow\">\n<p class=\"has-text-align-center has-base-3-color has-text-color has-link-color has-large-font-size wp-elements-9f85431af2f197a47c62a3968ccbd561\">Cont\u00e1ctanos a trav\u00e9s de SVisual y nuestro Dpto. de Admisi\u00f3n al Paciente responder\u00e1 todas tus dudas<\/p>\n<\/div>\n<\/div>\n<\/div><\/div>\n","protected":false},"excerpt":{"rendered":"<p>HOSPITAL RIBERA POVISA DE VIGO \u00bfQu\u00e9 es Svisual? El Hospital Ribera Povisa de Vigo pone en marcha el sistema SVisual, una plataforma pionera de video interpretaci\u00f3n en la lengua de signos para atender las consultas y ofrecer un asesoramiento personalizando a nuestros pacientes con discapacidad auditiva. \u00bfQu\u00e9 ofrece SVisual? Acepto la pol\u00edtica de privacidad y &#8230; <a title=\"Svisual\" class=\"read-more\" href=\"https:\/\/riberasalud.com\/povisa\/svisual\/\" aria-label=\"Leer m\u00e1s sobre Svisual\">Leer m\u00e1s<\/a><\/p>\n","protected":false},"author":1,"featured_media":0,"parent":0,"menu_order":0,"comment_status":"closed","ping_status":"closed","template":"","meta":{"_coblocks_attr":"","_coblocks_dimensions":"","_coblocks_responsive_height":"","_coblocks_accordion_ie_support":"","_monsterinsights_skip_tracking":false,"_monsterinsights_sitenote_active":false,"_monsterinsights_sitenote_note":"","_monsterinsights_sitenote_category":0,"footnotes":""},"class_list":["post-11134","page","type-page","status-publish"],"yoast_head":"<!-- This site is optimized with the Yoast SEO plugin v27.4 - https:\/\/yoast.com\/product\/yoast-seo-wordpress\/ -->\n<title>\u25b7 Svisual | Hospital Ribera Povisa<\/title>\n<meta name=\"description\" content=\"lll\u1405 HOSPITAL RIBERA POVISA DE VIGO \u00bfQu\u00e9 es Svisual? El Hospital Ribera Povisa de Vigo pone en marcha el sistema SVisual, una plataforma pionera de video \u2705\" \/>\n<meta name=\"robots\" content=\"index, follow, max-snippet:-1, max-image-preview:large, max-video-preview:-1\" \/>\n<link rel=\"canonical\" href=\"https:\/\/riberasalud.com\/povisa\/svisual\/\" \/>\n<meta property=\"og:locale\" content=\"es_ES\" \/>\n<meta property=\"og:type\" content=\"article\" \/>\n<meta property=\"og:title\" content=\"\u25b7 Svisual | Hospital Ribera Povisa\" \/>\n<meta property=\"og:description\" content=\"lll\u1405 HOSPITAL RIBERA POVISA DE VIGO \u00bfQu\u00e9 es Svisual? El Hospital Ribera Povisa de Vigo pone en marcha el sistema SVisual, una plataforma pionera de video \u2705\" \/>\n<meta property=\"og:url\" content=\"https:\/\/riberasalud.com\/povisa\/svisual\/\" \/>\n<meta property=\"og:site_name\" content=\"Hospital Ribera Povisa\" \/>\n<meta property=\"article:modified_time\" content=\"2024-04-17T07:19:58+00:00\" \/>\n<meta property=\"og:image\" content=\"https:\/\/www.hospitaldetorrejon.es\/wp-content\/uploads\/2024\/04\/svisual-01.png\" \/>\n<meta name=\"twitter:card\" content=\"summary_large_image\" \/>\n<meta name=\"twitter:label1\" content=\"Tiempo de lectura\" \/>\n\t<meta name=\"twitter:data1\" content=\"1 minuto\" \/>\n<script type=\"application\/ld+json\" class=\"yoast-schema-graph\">{\"@context\":\"https:\\\/\\\/schema.org\",\"@graph\":[{\"@type\":\"WebPage\",\"@id\":\"https:\\\/\\\/riberasalud.com\\\/povisa\\\/svisual\\\/\",\"url\":\"https:\\\/\\\/riberasalud.com\\\/povisa\\\/svisual\\\/\",\"name\":\"\u25b7 Svisual | Hospital Ribera Povisa\",\"isPartOf\":{\"@id\":\"https:\\\/\\\/riberasalud.com\\\/povisa\\\/#website\"},\"primaryImageOfPage\":{\"@id\":\"https:\\\/\\\/riberasalud.com\\\/povisa\\\/svisual\\\/#primaryimage\"},\"image\":{\"@id\":\"https:\\\/\\\/riberasalud.com\\\/povisa\\\/svisual\\\/#primaryimage\"},\"thumbnailUrl\":\"https:\\\/\\\/www.hospitaldetorrejon.es\\\/wp-content\\\/uploads\\\/2024\\\/04\\\/svisual-01.png\",\"datePublished\":\"2024-04-10T10:02:36+00:00\",\"dateModified\":\"2024-04-17T07:19:58+00:00\",\"description\":\"lll\u1405 HOSPITAL RIBERA POVISA DE VIGO \u00bfQu\u00e9 es Svisual? El Hospital Ribera Povisa de Vigo pone en marcha el sistema SVisual, una plataforma pionera de video \u2705\",\"inLanguage\":\"es\",\"potentialAction\":[{\"@type\":\"ReadAction\",\"target\":[\"https:\\\/\\\/riberasalud.com\\\/povisa\\\/svisual\\\/\"]}]},{\"@type\":\"ImageObject\",\"inLanguage\":\"es\",\"@id\":\"https:\\\/\\\/riberasalud.com\\\/povisa\\\/svisual\\\/#primaryimage\",\"url\":\"https:\\\/\\\/www.hospitaldetorrejon.es\\\/wp-content\\\/uploads\\\/2024\\\/04\\\/svisual-01.png\",\"contentUrl\":\"https:\\\/\\\/www.hospitaldetorrejon.es\\\/wp-content\\\/uploads\\\/2024\\\/04\\\/svisual-01.png\"},{\"@type\":\"WebSite\",\"@id\":\"https:\\\/\\\/riberasalud.com\\\/povisa\\\/#website\",\"url\":\"https:\\\/\\\/riberasalud.com\\\/povisa\\\/\",\"name\":\"Hospital Ribera Povisa\",\"description\":\"\",\"publisher\":{\"@id\":\"https:\\\/\\\/riberasalud.com\\\/povisa\\\/#organization\"},\"potentialAction\":[{\"@type\":\"SearchAction\",\"target\":{\"@type\":\"EntryPoint\",\"urlTemplate\":\"https:\\\/\\\/riberasalud.com\\\/povisa\\\/?s={search_term_string}\"},\"query-input\":{\"@type\":\"PropertyValueSpecification\",\"valueRequired\":true,\"valueName\":\"search_term_string\"}}],\"inLanguage\":\"es\"},{\"@type\":\"Organization\",\"@id\":\"https:\\\/\\\/riberasalud.com\\\/povisa\\\/#organization\",\"name\":\"Hospital Ribera Povisa\",\"url\":\"https:\\\/\\\/riberasalud.com\\\/povisa\\\/\",\"logo\":{\"@type\":\"ImageObject\",\"inLanguage\":\"es\",\"@id\":\"https:\\\/\\\/riberasalud.com\\\/povisa\\\/#\\\/schema\\\/logo\\\/image\\\/\",\"url\":\"https:\\\/\\\/riberasalud.com\\\/povisa\\\/wp-content\\\/uploads\\\/2024\\\/01\\\/cropped-Logo-Red-Povisa.png\",\"contentUrl\":\"https:\\\/\\\/riberasalud.com\\\/povisa\\\/wp-content\\\/uploads\\\/2024\\\/01\\\/cropped-Logo-Red-Povisa.png\",\"width\":1929,\"height\":489,\"caption\":\"Hospital Ribera Povisa\"},\"image\":{\"@id\":\"https:\\\/\\\/riberasalud.com\\\/povisa\\\/#\\\/schema\\\/logo\\\/image\\\/\"}}]}<\/script>\n<!-- \/ Yoast SEO plugin. -->","yoast_head_json":{"title":"\u25b7 Svisual | Hospital Ribera Povisa","description":"lll\u1405 HOSPITAL RIBERA POVISA DE VIGO \u00bfQu\u00e9 es Svisual? El Hospital Ribera Povisa de Vigo pone en marcha el sistema SVisual, una plataforma pionera de video \u2705","robots":{"index":"index","follow":"follow","max-snippet":"max-snippet:-1","max-image-preview":"max-image-preview:large","max-video-preview":"max-video-preview:-1"},"canonical":"https:\/\/riberasalud.com\/povisa\/svisual\/","og_locale":"es_ES","og_type":"article","og_title":"\u25b7 Svisual | Hospital Ribera Povisa","og_description":"lll\u1405 HOSPITAL RIBERA POVISA DE VIGO \u00bfQu\u00e9 es Svisual? El Hospital Ribera Povisa de Vigo pone en marcha el sistema SVisual, una plataforma pionera de video \u2705","og_url":"https:\/\/riberasalud.com\/povisa\/svisual\/","og_site_name":"Hospital Ribera Povisa","article_modified_time":"2024-04-17T07:19:58+00:00","og_image":[{"url":"https:\/\/www.hospitaldetorrejon.es\/wp-content\/uploads\/2024\/04\/svisual-01.png","type":"","width":"","height":""}],"twitter_card":"summary_large_image","twitter_misc":{"Tiempo de lectura":"1 minuto"},"schema":{"@context":"https:\/\/schema.org","@graph":[{"@type":"WebPage","@id":"https:\/\/riberasalud.com\/povisa\/svisual\/","url":"https:\/\/riberasalud.com\/povisa\/svisual\/","name":"\u25b7 Svisual | Hospital Ribera Povisa","isPartOf":{"@id":"https:\/\/riberasalud.com\/povisa\/#website"},"primaryImageOfPage":{"@id":"https:\/\/riberasalud.com\/povisa\/svisual\/#primaryimage"},"image":{"@id":"https:\/\/riberasalud.com\/povisa\/svisual\/#primaryimage"},"thumbnailUrl":"https:\/\/www.hospitaldetorrejon.es\/wp-content\/uploads\/2024\/04\/svisual-01.png","datePublished":"2024-04-10T10:02:36+00:00","dateModified":"2024-04-17T07:19:58+00:00","description":"lll\u1405 HOSPITAL RIBERA POVISA DE VIGO \u00bfQu\u00e9 es Svisual? El Hospital Ribera Povisa de Vigo pone en marcha el sistema SVisual, una plataforma pionera de video \u2705","inLanguage":"es","potentialAction":[{"@type":"ReadAction","target":["https:\/\/riberasalud.com\/povisa\/svisual\/"]}]},{"@type":"ImageObject","inLanguage":"es","@id":"https:\/\/riberasalud.com\/povisa\/svisual\/#primaryimage","url":"https:\/\/www.hospitaldetorrejon.es\/wp-content\/uploads\/2024\/04\/svisual-01.png","contentUrl":"https:\/\/www.hospitaldetorrejon.es\/wp-content\/uploads\/2024\/04\/svisual-01.png"},{"@type":"WebSite","@id":"https:\/\/riberasalud.com\/povisa\/#website","url":"https:\/\/riberasalud.com\/povisa\/","name":"Hospital Ribera Povisa","description":"","publisher":{"@id":"https:\/\/riberasalud.com\/povisa\/#organization"},"potentialAction":[{"@type":"SearchAction","target":{"@type":"EntryPoint","urlTemplate":"https:\/\/riberasalud.com\/povisa\/?s={search_term_string}"},"query-input":{"@type":"PropertyValueSpecification","valueRequired":true,"valueName":"search_term_string"}}],"inLanguage":"es"},{"@type":"Organization","@id":"https:\/\/riberasalud.com\/povisa\/#organization","name":"Hospital Ribera Povisa","url":"https:\/\/riberasalud.com\/povisa\/","logo":{"@type":"ImageObject","inLanguage":"es","@id":"https:\/\/riberasalud.com\/povisa\/#\/schema\/logo\/image\/","url":"https:\/\/riberasalud.com\/povisa\/wp-content\/uploads\/2024\/01\/cropped-Logo-Red-Povisa.png","contentUrl":"https:\/\/riberasalud.com\/povisa\/wp-content\/uploads\/2024\/01\/cropped-Logo-Red-Povisa.png","width":1929,"height":489,"caption":"Hospital Ribera Povisa"},"image":{"@id":"https:\/\/riberasalud.com\/povisa\/#\/schema\/logo\/image\/"}}]}},"_links":{"self":[{"href":"https:\/\/riberasalud.com\/povisa\/wp-json\/wp\/v2\/pages\/11134","targetHints":{"allow":["GET"]}}],"collection":[{"href":"https:\/\/riberasalud.com\/povisa\/wp-json\/wp\/v2\/pages"}],"about":[{"href":"https:\/\/riberasalud.com\/povisa\/wp-json\/wp\/v2\/types\/page"}],"author":[{"embeddable":true,"href":"https:\/\/riberasalud.com\/povisa\/wp-json\/wp\/v2\/users\/1"}],"replies":[{"embeddable":true,"href":"https:\/\/riberasalud.com\/povisa\/wp-json\/wp\/v2\/comments?post=11134"}],"version-history":[{"count":3,"href":"https:\/\/riberasalud.com\/povisa\/wp-json\/wp\/v2\/pages\/11134\/revisions"}],"predecessor-version":[{"id":11144,"href":"https:\/\/riberasalud.com\/povisa\/wp-json\/wp\/v2\/pages\/11134\/revisions\/11144"}],"wp:attachment":[{"href":"https:\/\/riberasalud.com\/povisa\/wp-json\/wp\/v2\/media?parent=11134"}],"curies":[{"name":"wp","href":"https:\/\/api.w.org\/{rel}","templated":true}]}}