{"id":11021,"date":"2024-02-21T16:19:14","date_gmt":"2024-02-21T16:19:14","guid":{"rendered":"https:\/\/www.riberasalud.com\/povisa\/?page_id=11021"},"modified":"2024-02-21T16:22:26","modified_gmt":"2024-02-21T16:22:26","slug":"accidentes-de-trafico","status":"publish","type":"page","link":"https:\/\/riberasalud.com\/povisa\/accidentes-de-trafico\/","title":{"rendered":"Accidentes de tr\u00e1fico"},"content":{"rendered":"\n<div class=\"wp-block-group hasbackgroundnaranja sliderlinea\"><div class=\"wp-block-group__inner-container is-layout-flow wp-block-group-is-layout-flow\">\n<p>HOSPITAL RIBERA POVISA<\/p>\n\n\n\n<h1 class=\"wp-block-heading\">Accidentes de tr\u00e1fico<\/h1>\n<\/div><\/div>\n\n\n\n<div class=\"wp-block-group\"><div class=\"wp-block-group__inner-container is-layout-flow wp-block-group-is-layout-flow\">\n<div class=\"wp-block-columns is-layout-flex wp-container-core-columns-is-layout-9d6595d7 wp-block-columns-is-layout-flex\">\n<div class=\"wp-block-column is-layout-flow wp-block-column-is-layout-flow\">\n<figure class=\"wp-block-image size-full fotoredonda\"><img loading=\"lazy\" decoding=\"async\" width=\"850\" height=\"454\" src=\"https:\/\/www.riberasalud.com\/povisa\/wp-content\/uploads\/2024\/02\/banner-asistencia-sanitaria-accidentes-de-trafico.jpg\" alt=\"Asistencia sanitaria en accidentes de tr\u00e1fico\" class=\"wp-image-10965\" srcset=\"https:\/\/riberasalud.com\/povisa\/wp-content\/uploads\/2024\/02\/banner-asistencia-sanitaria-accidentes-de-trafico.jpg 850w, https:\/\/riberasalud.com\/povisa\/wp-content\/uploads\/2024\/02\/banner-asistencia-sanitaria-accidentes-de-trafico-300x160.jpg 300w, https:\/\/riberasalud.com\/povisa\/wp-content\/uploads\/2024\/02\/banner-asistencia-sanitaria-accidentes-de-trafico-768x410.jpg 768w\" sizes=\"auto, (max-width: 850px) 100vw, 850px\" \/><\/figure>\n<\/div>\n\n\n\n<div class=\"wp-block-column is-layout-flow wp-block-column-is-layout-flow\">\n<h2 class=\"wp-block-heading\"><strong>Si has sufrido un accidente de tr\u00e1fico\u2026<\/strong><\/h2>\n\n\n\n<p>Estate tranquilo y sigue nuestros consejos, por tu situaci\u00f3n han pasado muchas personas y nosotros sabemos c\u00f3mo ayudarte.<br>Elige bien el centro hospitalario para que te realicen el seguimiento adecuado y minimizar las secuelas de las posibles lesiones.<br>Ac\u00e9rcate al centro hospitalario que t\u00fa decidas, en las posteriores 72h del accidente para que te hagan una valoraci\u00f3n inicial de tu estado de salud y descartar problemas futuros.<br>No infravalores un peque\u00f1o dolor despu\u00e9s de un accidente, puede complicarse y las consecuencias volverse irreversibles.<br>El hecho de no sentir dolor en el momento del accidente no significa que no tengas nada.<\/p>\n<\/div>\n<\/div>\n\n\n\n<h2 class=\"wp-block-heading\"><strong>Sab\u00edas que\u2026<\/strong><\/h2>\n\n\n\n<p>Cuando te has lesionado en un accidente, tienes m\u00e1s derechos que cualquier otro paciente.<br>Derecho a una asistencia sanitaria gratuita y de calidad, desde el momento del accidente hasta tu recuperaci\u00f3n, facilit\u00e1ndote en todo momento un informe m\u00e9dico para valorar las lesiones.<br>Derecho a elegir el centro hospitalario donde quieres ser tratado, en ning\u00fan caso tienes la obligaci\u00f3n de ir al centro que te indica tu seguro.&nbsp;<a href=\"http:\/\/ahosgal.es\/trafico\/\" target=\"_blank\" rel=\"noreferrer noopener\">Derecho de elecci\u00f3n \u2192<\/a><br>Derecho a recibir las consultas con especialistas necesarias en todo momento hasta tu completa recuperaci\u00f3n.<br>Derecho a indemnizaci\u00f3n por los da\u00f1os y molestias que te haya ocasionado el accidente.<\/p>\n\n\n\n<h2 class=\"wp-block-heading\"><strong>Asistencia sanitaria de libre elecci\u00f3n<\/strong><\/h2>\n\n\n\n<p>Es tu derecho. En todo accidente, como pacientes somos libres de elegir el centro sanitario al que queramos ir, no estamos obligados a cambiar de centro ni a ir al que nuestra compa\u00f1\u00eda de seguros nos indique.<br>Que no te digan lo contrario, te estar\u00edan mintiendo.<br>Todos los centros hospitalarios te garantizar\u00e1n una atenci\u00f3n completa y personalizada, una asistencia eficaz y un tratamiento de calidad.<br>A cargo de la compa\u00f1\u00eda de seguros de coche correspondiente.<\/p>\n\n\n\n<h2 class=\"wp-block-heading\"><strong>Servicios de la Unidad de Tr\u00e1ficos de Hospital Ribera Povisa<\/strong><\/h2>\n\n\n\n<ul class=\"listaiconos wp-block-list\">\n<li>Urgencias 24h, los 365 d\u00edas al a\u00f1o.<\/li>\n\n\n\n<li>M\u00e9dicos de urgencias, especialistas en traumatolog\u00eda, rehabilitaci\u00f3n, UCI, cirug\u00eda general, cirug\u00eda tor\u00e1cica, cirug\u00eda pl\u00e1stica, cirug\u00eda maxilofacial, cirug\u00eda vascular y neurocirug\u00eda.<\/li>\n\n\n\n<li>Pruebas diagn\u00f3sticas ( Radiograf\u00edas, TAC, Resonancia magn\u00e9tica, Ecograf\u00eda, Electromiograf\u00eda, etc).<\/li>\n\n\n\n<li>Hospitalizaci\u00f3n.<\/li>\n\n\n\n<li>Intervenciones quir\u00fargicas.<\/li>\n\n\n\n<li>Servicio integral de Rehabilitaci\u00f3n con m\u00e9dicos rehabilitadores y unidades de fisioterapia, terapia ocupacional y logopedia.<\/li>\n\n\n\n<li>Laboratorio de An\u00e1lisis Cl\u00ednicos.<\/li>\n<\/ul>\n\n\n\n<h2 class=\"wp-block-heading\"><strong>\u00bfQu\u00e9 debo hacer en caso de accidente de tr\u00e1fico?<\/strong><\/h2>\n\n\n\n<p>Acudir al servicio de Urgencias del Hospital Ribera Povisa, donde ser\u00e1 atendido sin ninguna demora.<br>Debe informar del lugar y fecha del accidente, y adem\u00e1s aportar el parte del siniestro y los datos de los veh\u00edculos implicados y conductores. Tambi\u00e9n debe indicarnos cu\u00e1l es su compa\u00f1\u00eda de seguros.<br>El Hospital Ribera Povisa se pondr\u00e1 en contacto con su compa\u00f1\u00eda y resolver\u00e1 directamente los tr\u00e1mites administrativos.<br>Si ya ha acudido a urgencias en otro centro, puede acudir igualmente al Hospital Ribera Povisa para solicitar una cita con el m\u00e9dico especialista que necesite, y as\u00ed poder comenzar cuanto antes el tratamiento y seguimiento adecuados.<\/p>\n\n\n\n<h2 class=\"wp-block-heading\"><strong>\u00bfPuede obligarme la compa\u00f1\u00eda a cambiar de m\u00e9dico o centro sanitario?<\/strong><\/h2>\n\n\n\n<p>Aunque es posible que la aseguradora se lo pida, usted no est\u00e1 obligado a cambiar de centro sanitario o de m\u00e9dico, ni a someterse a pruebas o tratamientos distintos de los que le facilitemos en este hospital. Nuestros facultativos le transmitir\u00e1n a las compa\u00f1\u00edas y a los m\u00e9dicos de las mismas toda la informaci\u00f3n que precisen sobre su estado de salud y las posibles secuelas que el accidente pudiese causarle. Nuestro diagn\u00f3stico ser\u00e1 siempre objetivo e imparcial.<\/p>\n<\/div><\/div>\n","protected":false},"excerpt":{"rendered":"<p>HOSPITAL RIBERA POVISA Accidentes de tr\u00e1fico Si has sufrido un accidente de tr\u00e1fico\u2026 Estate tranquilo y sigue nuestros consejos, por tu situaci\u00f3n han pasado muchas personas y nosotros sabemos c\u00f3mo ayudarte.Elige bien el centro hospitalario para que te realicen el seguimiento adecuado y minimizar las secuelas de las posibles lesiones.Ac\u00e9rcate al centro hospitalario que t\u00fa &#8230; <a title=\"Accidentes de tr\u00e1fico\" class=\"read-more\" href=\"https:\/\/riberasalud.com\/povisa\/accidentes-de-trafico\/\" aria-label=\"Leer m\u00e1s sobre Accidentes de tr\u00e1fico\">Leer m\u00e1s<\/a><\/p>\n","protected":false},"author":1,"featured_media":0,"parent":0,"menu_order":0,"comment_status":"closed","ping_status":"closed","template":"","meta":{"_coblocks_attr":"","_coblocks_dimensions":"","_coblocks_responsive_height":"","_coblocks_accordion_ie_support":"","_monsterinsights_skip_tracking":false,"_monsterinsights_sitenote_active":false,"_monsterinsights_sitenote_note":"","_monsterinsights_sitenote_category":0,"footnotes":""},"class_list":["post-11021","page","type-page","status-publish"],"yoast_head":"<!-- This site is optimized with the Yoast SEO plugin v27.4 - https:\/\/yoast.com\/product\/yoast-seo-wordpress\/ -->\n<title>\u25b7 Accidentes de tr\u00e1fico | Hospital Ribera Povisa<\/title>\n<meta name=\"description\" content=\"lll\u1405 HOSPITAL RIBERA POVISA Accidentes de tr\u00e1fico Si has sufrido un accidente de tr\u00e1fico\u2026 Estate tranquilo y sigue nuestros consejos, por tu situaci\u00f3n han \u2705\" \/>\n<meta name=\"robots\" content=\"index, follow, max-snippet:-1, max-image-preview:large, max-video-preview:-1\" \/>\n<link rel=\"canonical\" href=\"https:\/\/riberasalud.com\/povisa\/accidentes-de-trafico\/\" \/>\n<meta property=\"og:locale\" content=\"es_ES\" \/>\n<meta property=\"og:type\" content=\"article\" \/>\n<meta property=\"og:title\" content=\"\u25b7 Accidentes de tr\u00e1fico | Hospital Ribera Povisa\" \/>\n<meta property=\"og:description\" content=\"lll\u1405 HOSPITAL RIBERA POVISA Accidentes de tr\u00e1fico Si has sufrido un accidente de tr\u00e1fico\u2026 Estate tranquilo y sigue nuestros consejos, por tu situaci\u00f3n han \u2705\" \/>\n<meta property=\"og:url\" content=\"https:\/\/riberasalud.com\/povisa\/accidentes-de-trafico\/\" \/>\n<meta property=\"og:site_name\" content=\"Hospital Ribera Povisa\" \/>\n<meta property=\"article:modified_time\" content=\"2024-02-21T16:22:26+00:00\" \/>\n<meta property=\"og:image\" content=\"https:\/\/www.riberasalud.com\/povisa\/wp-content\/uploads\/2024\/02\/banner-asistencia-sanitaria-accidentes-de-trafico.jpg\" \/>\n<meta name=\"twitter:card\" content=\"summary_large_image\" \/>\n<meta name=\"twitter:label1\" content=\"Tiempo de lectura\" \/>\n\t<meta name=\"twitter:data1\" content=\"3 minutos\" \/>\n<script type=\"application\/ld+json\" class=\"yoast-schema-graph\">{\"@context\":\"https:\\\/\\\/schema.org\",\"@graph\":[{\"@type\":\"WebPage\",\"@id\":\"https:\\\/\\\/riberasalud.com\\\/povisa\\\/accidentes-de-trafico\\\/\",\"url\":\"https:\\\/\\\/riberasalud.com\\\/povisa\\\/accidentes-de-trafico\\\/\",\"name\":\"\u25b7 Accidentes de tr\u00e1fico | Hospital Ribera Povisa\",\"isPartOf\":{\"@id\":\"https:\\\/\\\/riberasalud.com\\\/povisa\\\/#website\"},\"primaryImageOfPage\":{\"@id\":\"https:\\\/\\\/riberasalud.com\\\/povisa\\\/accidentes-de-trafico\\\/#primaryimage\"},\"image\":{\"@id\":\"https:\\\/\\\/riberasalud.com\\\/povisa\\\/accidentes-de-trafico\\\/#primaryimage\"},\"thumbnailUrl\":\"https:\\\/\\\/www.riberasalud.com\\\/povisa\\\/wp-content\\\/uploads\\\/2024\\\/02\\\/banner-asistencia-sanitaria-accidentes-de-trafico.jpg\",\"datePublished\":\"2024-02-21T16:19:14+00:00\",\"dateModified\":\"2024-02-21T16:22:26+00:00\",\"description\":\"lll\u1405 HOSPITAL RIBERA POVISA Accidentes de tr\u00e1fico Si has sufrido un accidente de tr\u00e1fico\u2026 Estate tranquilo y sigue nuestros consejos, por tu situaci\u00f3n han \u2705\",\"inLanguage\":\"es\",\"potentialAction\":[{\"@type\":\"ReadAction\",\"target\":[\"https:\\\/\\\/riberasalud.com\\\/povisa\\\/accidentes-de-trafico\\\/\"]}]},{\"@type\":\"ImageObject\",\"inLanguage\":\"es\",\"@id\":\"https:\\\/\\\/riberasalud.com\\\/povisa\\\/accidentes-de-trafico\\\/#primaryimage\",\"url\":\"https:\\\/\\\/www.riberasalud.com\\\/povisa\\\/wp-content\\\/uploads\\\/2024\\\/02\\\/banner-asistencia-sanitaria-accidentes-de-trafico.jpg\",\"contentUrl\":\"https:\\\/\\\/www.riberasalud.com\\\/povisa\\\/wp-content\\\/uploads\\\/2024\\\/02\\\/banner-asistencia-sanitaria-accidentes-de-trafico.jpg\"},{\"@type\":\"WebSite\",\"@id\":\"https:\\\/\\\/riberasalud.com\\\/povisa\\\/#website\",\"url\":\"https:\\\/\\\/riberasalud.com\\\/povisa\\\/\",\"name\":\"Hospital Ribera Povisa\",\"description\":\"\",\"publisher\":{\"@id\":\"https:\\\/\\\/riberasalud.com\\\/povisa\\\/#organization\"},\"potentialAction\":[{\"@type\":\"SearchAction\",\"target\":{\"@type\":\"EntryPoint\",\"urlTemplate\":\"https:\\\/\\\/riberasalud.com\\\/povisa\\\/?s={search_term_string}\"},\"query-input\":{\"@type\":\"PropertyValueSpecification\",\"valueRequired\":true,\"valueName\":\"search_term_string\"}}],\"inLanguage\":\"es\"},{\"@type\":\"Organization\",\"@id\":\"https:\\\/\\\/riberasalud.com\\\/povisa\\\/#organization\",\"name\":\"Hospital Ribera Povisa\",\"url\":\"https:\\\/\\\/riberasalud.com\\\/povisa\\\/\",\"logo\":{\"@type\":\"ImageObject\",\"inLanguage\":\"es\",\"@id\":\"https:\\\/\\\/riberasalud.com\\\/povisa\\\/#\\\/schema\\\/logo\\\/image\\\/\",\"url\":\"https:\\\/\\\/riberasalud.com\\\/povisa\\\/wp-content\\\/uploads\\\/2024\\\/01\\\/cropped-Logo-Red-Povisa.png\",\"contentUrl\":\"https:\\\/\\\/riberasalud.com\\\/povisa\\\/wp-content\\\/uploads\\\/2024\\\/01\\\/cropped-Logo-Red-Povisa.png\",\"width\":1929,\"height\":489,\"caption\":\"Hospital Ribera Povisa\"},\"image\":{\"@id\":\"https:\\\/\\\/riberasalud.com\\\/povisa\\\/#\\\/schema\\\/logo\\\/image\\\/\"}}]}<\/script>\n<!-- \/ Yoast SEO plugin. -->","yoast_head_json":{"title":"\u25b7 Accidentes de tr\u00e1fico | Hospital Ribera Povisa","description":"lll\u1405 HOSPITAL RIBERA POVISA Accidentes de tr\u00e1fico Si has sufrido un accidente de tr\u00e1fico\u2026 Estate tranquilo y sigue nuestros consejos, por tu situaci\u00f3n han \u2705","robots":{"index":"index","follow":"follow","max-snippet":"max-snippet:-1","max-image-preview":"max-image-preview:large","max-video-preview":"max-video-preview:-1"},"canonical":"https:\/\/riberasalud.com\/povisa\/accidentes-de-trafico\/","og_locale":"es_ES","og_type":"article","og_title":"\u25b7 Accidentes de tr\u00e1fico | Hospital Ribera Povisa","og_description":"lll\u1405 HOSPITAL RIBERA POVISA Accidentes de tr\u00e1fico Si has sufrido un accidente de tr\u00e1fico\u2026 Estate tranquilo y sigue nuestros consejos, por tu situaci\u00f3n han \u2705","og_url":"https:\/\/riberasalud.com\/povisa\/accidentes-de-trafico\/","og_site_name":"Hospital Ribera Povisa","article_modified_time":"2024-02-21T16:22:26+00:00","og_image":[{"url":"https:\/\/www.riberasalud.com\/povisa\/wp-content\/uploads\/2024\/02\/banner-asistencia-sanitaria-accidentes-de-trafico.jpg","type":"","width":"","height":""}],"twitter_card":"summary_large_image","twitter_misc":{"Tiempo de lectura":"3 minutos"},"schema":{"@context":"https:\/\/schema.org","@graph":[{"@type":"WebPage","@id":"https:\/\/riberasalud.com\/povisa\/accidentes-de-trafico\/","url":"https:\/\/riberasalud.com\/povisa\/accidentes-de-trafico\/","name":"\u25b7 Accidentes de tr\u00e1fico | Hospital Ribera Povisa","isPartOf":{"@id":"https:\/\/riberasalud.com\/povisa\/#website"},"primaryImageOfPage":{"@id":"https:\/\/riberasalud.com\/povisa\/accidentes-de-trafico\/#primaryimage"},"image":{"@id":"https:\/\/riberasalud.com\/povisa\/accidentes-de-trafico\/#primaryimage"},"thumbnailUrl":"https:\/\/www.riberasalud.com\/povisa\/wp-content\/uploads\/2024\/02\/banner-asistencia-sanitaria-accidentes-de-trafico.jpg","datePublished":"2024-02-21T16:19:14+00:00","dateModified":"2024-02-21T16:22:26+00:00","description":"lll\u1405 HOSPITAL RIBERA POVISA Accidentes de tr\u00e1fico Si has sufrido un accidente de tr\u00e1fico\u2026 Estate tranquilo y sigue nuestros consejos, por tu situaci\u00f3n han \u2705","inLanguage":"es","potentialAction":[{"@type":"ReadAction","target":["https:\/\/riberasalud.com\/povisa\/accidentes-de-trafico\/"]}]},{"@type":"ImageObject","inLanguage":"es","@id":"https:\/\/riberasalud.com\/povisa\/accidentes-de-trafico\/#primaryimage","url":"https:\/\/www.riberasalud.com\/povisa\/wp-content\/uploads\/2024\/02\/banner-asistencia-sanitaria-accidentes-de-trafico.jpg","contentUrl":"https:\/\/www.riberasalud.com\/povisa\/wp-content\/uploads\/2024\/02\/banner-asistencia-sanitaria-accidentes-de-trafico.jpg"},{"@type":"WebSite","@id":"https:\/\/riberasalud.com\/povisa\/#website","url":"https:\/\/riberasalud.com\/povisa\/","name":"Hospital Ribera Povisa","description":"","publisher":{"@id":"https:\/\/riberasalud.com\/povisa\/#organization"},"potentialAction":[{"@type":"SearchAction","target":{"@type":"EntryPoint","urlTemplate":"https:\/\/riberasalud.com\/povisa\/?s={search_term_string}"},"query-input":{"@type":"PropertyValueSpecification","valueRequired":true,"valueName":"search_term_string"}}],"inLanguage":"es"},{"@type":"Organization","@id":"https:\/\/riberasalud.com\/povisa\/#organization","name":"Hospital Ribera Povisa","url":"https:\/\/riberasalud.com\/povisa\/","logo":{"@type":"ImageObject","inLanguage":"es","@id":"https:\/\/riberasalud.com\/povisa\/#\/schema\/logo\/image\/","url":"https:\/\/riberasalud.com\/povisa\/wp-content\/uploads\/2024\/01\/cropped-Logo-Red-Povisa.png","contentUrl":"https:\/\/riberasalud.com\/povisa\/wp-content\/uploads\/2024\/01\/cropped-Logo-Red-Povisa.png","width":1929,"height":489,"caption":"Hospital Ribera Povisa"},"image":{"@id":"https:\/\/riberasalud.com\/povisa\/#\/schema\/logo\/image\/"}}]}},"_links":{"self":[{"href":"https:\/\/riberasalud.com\/povisa\/wp-json\/wp\/v2\/pages\/11021","targetHints":{"allow":["GET"]}}],"collection":[{"href":"https:\/\/riberasalud.com\/povisa\/wp-json\/wp\/v2\/pages"}],"about":[{"href":"https:\/\/riberasalud.com\/povisa\/wp-json\/wp\/v2\/types\/page"}],"author":[{"embeddable":true,"href":"https:\/\/riberasalud.com\/povisa\/wp-json\/wp\/v2\/users\/1"}],"replies":[{"embeddable":true,"href":"https:\/\/riberasalud.com\/povisa\/wp-json\/wp\/v2\/comments?post=11021"}],"version-history":[{"count":4,"href":"https:\/\/riberasalud.com\/povisa\/wp-json\/wp\/v2\/pages\/11021\/revisions"}],"predecessor-version":[{"id":11025,"href":"https:\/\/riberasalud.com\/povisa\/wp-json\/wp\/v2\/pages\/11021\/revisions\/11025"}],"wp:attachment":[{"href":"https:\/\/riberasalud.com\/povisa\/wp-json\/wp\/v2\/media?parent=11021"}],"curies":[{"name":"wp","href":"https:\/\/api.w.org\/{rel}","templated":true}]}}