{"id":99,"date":"2021-05-26T07:55:52","date_gmt":"2021-05-26T07:55:52","guid":{"rendered":"https:\/\/riberasalud.com\/polusa\/?page_id=99"},"modified":"2021-05-26T08:02:51","modified_gmt":"2021-05-26T08:02:51","slug":"preguntas-frecuentes","status":"publish","type":"page","link":"https:\/\/riberasalud.com\/polusa\/preguntas-frecuentes\/","title":{"rendered":"Preguntas frecuentes"},"content":{"rendered":"\n<div class=\"wp-block-group backgroundbanner\"><div class=\"wp-block-group__inner-container is-layout-flow wp-block-group-is-layout-flow\">\n<p class=\"has-text-align-center\" style=\"font-size:40px\"><span style=\"color: #4b4a4a;\" class=\"ugb-highlight\">Preguntas frecuentes<\/span><\/p>\n<\/div><\/div>\n\n\n\n<div class=\"wp-block-group\"><div class=\"wp-block-group__inner-container is-layout-flow wp-block-group-is-layout-flow\">\n<div class=\"wp-block-coblocks-accordion\">\n<div class=\"wp-block-coblocks-accordion-item\"><details><summary class=\"wp-block-coblocks-accordion-item__title\"><strong>\u00bfQu\u00e9 documentaci\u00f3n debo aportar cuando ingreso?<\/strong><\/summary><div class=\"wp-block-coblocks-accordion-item__content\">\n<p>El D.N.I., y la autorizaci\u00f3n correspondiente de su Compa\u00f1\u00eda.<\/p>\n<\/div><\/details><\/div>\n\n\n\n<div class=\"wp-block-coblocks-accordion-item\"><details><summary class=\"wp-block-coblocks-accordion-item__title\"><strong>\u00bfPuedo comer algo antes de ingresar?<\/strong><\/summary><div class=\"wp-block-coblocks-accordion-item__content\">\n<p>Depende de la intervenci\u00f3n quir\u00fargica, pero la Responsable de Atenci\u00f3n al Paciente, cuando le cite para el ingreso, le informar\u00e1 con todo detalle de lo que debe hacer.<\/p>\n<\/div><\/details><\/div>\n\n\n\n<div class=\"wp-block-coblocks-accordion-item\"><details><summary class=\"wp-block-coblocks-accordion-item__title\"><strong>\u00bfCu\u00e1l es el horario de visitas?<\/strong><\/summary><div class=\"wp-block-coblocks-accordion-item__content\">\n<p>Desde las 12,00 hasta las 22,00 horas.<\/p>\n<\/div><\/details><\/div>\n\n\n\n<div class=\"wp-block-coblocks-accordion-item\"><details><summary class=\"wp-block-coblocks-accordion-item__title\"><strong>\u00bfMe pasan llamadas a la habitaci\u00f3n?<\/strong><\/summary><div class=\"wp-block-coblocks-accordion-item__content\">\n<p>S\u00ed desde las 08,00 horas hasta las 22,00 horas.<\/p>\n<\/div><\/details><\/div>\n\n\n\n<div class=\"wp-block-coblocks-accordion-item\"><details><summary class=\"wp-block-coblocks-accordion-item__title\"><strong>\u00bfQu\u00e9 Compa\u00f1\u00edas me atienden en POLUSA?<\/strong><\/summary><div class=\"wp-block-coblocks-accordion-item__content\">\n<p>Todas las que dan cobertura en nuestra provincia. Esta informaci\u00f3n completa puede verla en el panel de ASEGURADORAS.<\/p>\n<\/div><\/details><\/div>\n\n\n\n<div class=\"wp-block-coblocks-accordion-item\"><details><summary class=\"wp-block-coblocks-accordion-item__title\"><strong>\u00bfQu\u00e9 transporte p\u00fablico me lleva a POLUSA?<\/strong><\/summary><div class=\"wp-block-coblocks-accordion-item__content\">\n<p>El autob\u00fas urbano, desde el lunes hasta el s\u00e1bado hasta las 15:00h llegan a Polusa la l\u00ednea 2 y la 7 A. A partir de las 15:00h del s\u00e1bado, el domingo y festivos la l\u00ednea a Polusa es la 5E. M\u00e1s informaci\u00f3n en Gu\u00eda del Paciente.<\/p>\n<\/div><\/details><\/div>\n\n\n\n<div class=\"wp-block-coblocks-accordion-item\"><details><summary class=\"wp-block-coblocks-accordion-item__title\"><strong>\u00bfLos minusv\u00e1lidos tenemos sitio reservado para aparcar?<\/strong><\/summary><div class=\"wp-block-coblocks-accordion-item__content\">\n<p>S\u00ed, disponen de 4 plazas perfectamente se\u00f1alizadas al lado de las dos entradas principales. Disponen, adem\u00e1s, de 2 rampas de acceso al hospital.<\/p>\n<\/div><\/details><\/div>\n\n\n\n<div class=\"wp-block-coblocks-accordion-item\"><details><summary class=\"wp-block-coblocks-accordion-item__title\"><strong>\u00bfCu\u00e1l es el horario para pedir cita para el especialista?<\/strong><\/summary><div class=\"wp-block-coblocks-accordion-item__content\">\n<p>Todos los d\u00edas del a\u00f1o, desde las 08,00 hasta las 22,00 horas.<\/p>\n<\/div><\/details><\/div>\n\n\n\n<div class=\"wp-block-coblocks-accordion-item\"><details><summary class=\"wp-block-coblocks-accordion-item__title\"><strong>\u00bfCu\u00e1l es el horario del Servicio de Urgencias?<\/strong><\/summary><div class=\"wp-block-coblocks-accordion-item__content\">\n<p>Tiene un funcionamiento ininterrumpido, 24 horas al d\u00eda, todos los d\u00edas del a\u00f1o.<\/p>\n<\/div><\/details><\/div>\n\n\n\n<div class=\"wp-block-coblocks-accordion-item\"><details><summary class=\"wp-block-coblocks-accordion-item__title\"><strong>\u00bfD\u00f3nde hago las pruebas que me solicite el Especialista o el M\u00e9dico de Urgencias?<\/strong><\/summary><div class=\"wp-block-coblocks-accordion-item__content\">\n<p>Todas ellas en POLUSA. Disponemos de los medios diagn\u00f3sticos m\u00e1s habituales: Resonancia, TAC, Mamograf\u00eda, Ecograf\u00eda, Radiolog\u00eda convencional, Endoscopia (Colonoscopia y Gastroscopia), Neurofisiolog\u00eda Cl\u00ednica (Electromiograf\u00eda, Potenciales Evocados, Polisomnograf\u00eda y Encefalograf\u00eda), Urodinamia, Laboratorio de An\u00e1lisis Cl\u00ednicos, Laboratorio de Anatom\u00eda Patol\u00f3gica y Alergias Alimentarias.<\/p>\n<\/div><\/details><\/div>\n\n\n\n<div class=\"wp-block-coblocks-accordion-item\"><details><summary class=\"wp-block-coblocks-accordion-item__title\"><strong>\u00bfQu\u00e9 documentaci\u00f3n debo llevar si voy a realizar alguna prueba diagn\u00f3stica, consulta o ingreso hospitalario?<\/strong><\/summary><div class=\"wp-block-coblocks-accordion-item__content\">\n<p>Es obligatorio aportar y presentar el D.N.I. para poder identificar correctamente a cada paciente con todos sus datos.<\/p>\n<\/div><\/details><\/div>\n\n\n\n<div class=\"wp-block-coblocks-accordion-item\"><details><summary class=\"wp-block-coblocks-accordion-item__title\"><strong>Una vez que el m\u00e9dico autoriza el alta hospitalaria a un paciente ingresado en planta, \u00bfqu\u00e9 debo hacer?<\/strong><\/summary><div class=\"wp-block-coblocks-accordion-item__content\">\n<p>En ese caso, deber\u00e1 esperar en la habitaci\u00f3n hasta que el personal de planta le comunique que puede abandonar la habitaci\u00f3n, momento en que deber\u00e1 acudir al servicio de admisi\u00f3n a recoger la documentaci\u00f3n con las instrucciones m\u00e9dicas al alta.<\/p>\n<\/div><\/details><\/div>\n\n\n\n<div class=\"wp-block-coblocks-accordion-item\"><details><summary class=\"wp-block-coblocks-accordion-item__title\"><strong>\u00bfD\u00f3nde debo presentarme para realizar una prueba radiol\u00f3gica (radiolog\u00eda simple, ecograf\u00eda, mamograf\u00eda, TAC, RNM, etc?<\/strong><\/summary><div class=\"wp-block-coblocks-accordion-item__content\">\n<p>En el servicio de radiolog\u00eda, donde encontrar\u00e1 un servicio propio de admisi\u00f3n de radiolog\u00eda. Puede preguntar su ubicaci\u00f3n en el servicio de admisi\u00f3n o bien, si entra por la puerta principal seguir la l\u00ednea amarilla.<\/p>\n<\/div><\/details><\/div>\n\n\n\n<div class=\"wp-block-coblocks-accordion-item\"><details><summary class=\"wp-block-coblocks-accordion-item__title\"><strong>\u00bfQu\u00e9 debo hacer antes de que me realicen cualquier prueba o intervenci\u00f3n quir\u00fargica?<\/strong><\/summary><div class=\"wp-block-coblocks-accordion-item__content\">\n<p>Siempre, y sin excepci\u00f3n, debe identificarse en el Servicio de Admisi\u00f3n, presentando su DNI, si es paciente privado; y si va a ser atendido a trav\u00e9s de una compa\u00f1\u00eda aseguradora, debe aportar adem\u00e1s la tarjeta acreditativa correspondiente. Todos nuestros procesos est\u00e1n informatizados, por lo cual es imprescindible la presentaci\u00f3n de los documentos mencionados.<\/p>\n<\/div><\/details><\/div>\n\n\n\n<div class=\"wp-block-coblocks-accordion-item\"><details><summary class=\"wp-block-coblocks-accordion-item__title\"><strong>\u00bfA que n\u00famero debo llamar para informarme sobre las Unidades Cl\u00ednicas del Hospital?<\/strong><\/summary><div class=\"wp-block-coblocks-accordion-item__content\">\n<p>Al n\u00famero 664 444 331, de lunes a viernes, en horario de 09,00 a 20,00 horas<\/p>\n<\/div><\/details><\/div>\n<\/div>\n<\/div><\/div>\n","protected":false},"excerpt":{"rendered":"<p>Preguntas frecuentes<\/p>\n","protected":false},"author":1,"featured_media":0,"parent":0,"menu_order":0,"comment_status":"closed","ping_status":"closed","template":"","meta":{"_coblocks_attr":"","_coblocks_dimensions":"","_coblocks_responsive_height":"","_coblocks_accordion_ie_support":"","_uag_custom_page_level_css":"","footnotes":""},"class_list":["post-99","page","type-page","status-publish"],"featured_image_urls_v2":{"full":"","thumbnail":"","medium":"","medium_large":"","large":"","xl":"","xxl":"","xxxl":"","xxxxl":"","xxxxxl":"","1536x1536":"","2048x2048":""},"post_excerpt_stackable_v2":"<p>Preguntas frecuentes \u00bfQu\u00e9 documentaci\u00f3n debo aportar cuando ingreso? El D.N.I., y la autorizaci\u00f3n correspondiente de su Compa\u00f1\u00eda. \u00bfPuedo comer algo antes de ingresar? Depende de la intervenci\u00f3n quir\u00fargica, pero la Responsable de Atenci\u00f3n al Paciente, cuando le cite para el ingreso, le informar\u00e1 con todo detalle de lo que debe hacer. \u00bfCu\u00e1l es el horario de visitas? Desde las 12,00 hasta las 22,00 horas. \u00bfMe pasan llamadas a la habitaci\u00f3n? S\u00ed desde las 08,00 horas hasta las 22,00 horas. \u00bfQu\u00e9 Compa\u00f1\u00edas me atienden en POLUSA? Todas las que dan cobertura en nuestra provincia. Esta informaci\u00f3n completa puede verla en el&hellip;<\/p>\n","category_list_v2":"","author_info_v2":{"name":"jorge@quois.com","url":"https:\/\/riberasalud.com\/polusa\/author\/jorgequois-com\/"},"comments_num_v2":"0 comentarios","yoast_head":"<!-- This site is optimized with the Yoast SEO plugin v26.6 - https:\/\/yoast.com\/wordpress\/plugins\/seo\/ -->\n<title>\u25b7 Preguntas frecuentes | Hospital Ribera Polusa<\/title>\n<meta name=\"description\" content=\"lll\u1405 Preguntas frecuentes \u00bfQu\u00e9 documentaci\u00f3n debo aportar cuando ingreso? El D.N.I., y la autorizaci\u00f3n correspondiente de su Compa\u00f1\u00eda. \u00bfPuedo comer algo antes \u2705\" \/>\n<meta name=\"robots\" content=\"index, follow, max-snippet:-1, max-image-preview:large, max-video-preview:-1\" \/>\n<link rel=\"canonical\" href=\"https:\/\/riberasalud.com\/polusa\/preguntas-frecuentes\/\" \/>\n<meta property=\"og:locale\" content=\"es_ES\" \/>\n<meta property=\"og:type\" content=\"article\" \/>\n<meta property=\"og:title\" content=\"\u25b7 Preguntas frecuentes | Hospital Ribera Polusa\" \/>\n<meta property=\"og:description\" content=\"lll\u1405 Preguntas frecuentes \u00bfQu\u00e9 documentaci\u00f3n debo aportar cuando ingreso? El D.N.I., y la autorizaci\u00f3n correspondiente de su Compa\u00f1\u00eda. \u00bfPuedo comer algo antes \u2705\" \/>\n<meta property=\"og:url\" content=\"https:\/\/riberasalud.com\/polusa\/preguntas-frecuentes\/\" \/>\n<meta property=\"og:site_name\" content=\"Hospital Ribera Polusa\" \/>\n<meta property=\"article:modified_time\" content=\"2021-05-26T08:02:51+00:00\" \/>\n<meta name=\"twitter:card\" content=\"summary_large_image\" \/>\n<meta name=\"twitter:label1\" content=\"Tiempo de lectura\" \/>\n\t<meta name=\"twitter:data1\" content=\"3 minutos\" \/>\n<script type=\"application\/ld+json\" class=\"yoast-schema-graph\">{\"@context\":\"https:\/\/schema.org\",\"@graph\":[{\"@type\":\"WebPage\",\"@id\":\"https:\/\/riberasalud.com\/polusa\/preguntas-frecuentes\/\",\"url\":\"https:\/\/riberasalud.com\/polusa\/preguntas-frecuentes\/\",\"name\":\"\u25b7 Preguntas frecuentes | Hospital Ribera Polusa\",\"isPartOf\":{\"@id\":\"https:\/\/riberasalud.com\/polusa\/#website\"},\"datePublished\":\"2021-05-26T07:55:52+00:00\",\"dateModified\":\"2021-05-26T08:02:51+00:00\",\"description\":\"lll\u1405 Preguntas frecuentes \u00bfQu\u00e9 documentaci\u00f3n debo aportar cuando ingreso? El D.N.I., y la autorizaci\u00f3n correspondiente de su Compa\u00f1\u00eda. \u00bfPuedo comer algo antes \u2705\",\"breadcrumb\":{\"@id\":\"https:\/\/riberasalud.com\/polusa\/preguntas-frecuentes\/#breadcrumb\"},\"inLanguage\":\"es\",\"potentialAction\":[{\"@type\":\"ReadAction\",\"target\":[\"https:\/\/riberasalud.com\/polusa\/preguntas-frecuentes\/\"]}]},{\"@type\":\"BreadcrumbList\",\"@id\":\"https:\/\/riberasalud.com\/polusa\/preguntas-frecuentes\/#breadcrumb\",\"itemListElement\":[{\"@type\":\"ListItem\",\"position\":1,\"name\":\"Portada\",\"item\":\"https:\/\/riberasalud.com\/polusa\/\"},{\"@type\":\"ListItem\",\"position\":2,\"name\":\"Preguntas frecuentes\"}]},{\"@type\":\"WebSite\",\"@id\":\"https:\/\/riberasalud.com\/polusa\/#website\",\"url\":\"https:\/\/riberasalud.com\/polusa\/\",\"name\":\"Hospital Ribera Polusa\",\"description\":\"\",\"publisher\":{\"@id\":\"https:\/\/riberasalud.com\/polusa\/#organization\"},\"potentialAction\":[{\"@type\":\"SearchAction\",\"target\":{\"@type\":\"EntryPoint\",\"urlTemplate\":\"https:\/\/riberasalud.com\/polusa\/?s={search_term_string}\"},\"query-input\":{\"@type\":\"PropertyValueSpecification\",\"valueRequired\":true,\"valueName\":\"search_term_string\"}}],\"inLanguage\":\"es\"},{\"@type\":\"Organization\",\"@id\":\"https:\/\/riberasalud.com\/polusa\/#organization\",\"name\":\"Hospital Ribera Polusa\",\"url\":\"https:\/\/riberasalud.com\/polusa\/\",\"logo\":{\"@type\":\"ImageObject\",\"inLanguage\":\"es\",\"@id\":\"https:\/\/riberasalud.com\/polusa\/#\/schema\/logo\/image\/\",\"url\":\"https:\/\/riberasalud.com\/polusa\/wp-content\/uploads\/2025\/12\/cropped-cropped-Logo-Red-Polusa-300x76-1.png\",\"contentUrl\":\"https:\/\/riberasalud.com\/polusa\/wp-content\/uploads\/2025\/12\/cropped-cropped-Logo-Red-Polusa-300x76-1.png\",\"width\":300,\"height\":76,\"caption\":\"Hospital Ribera Polusa\"},\"image\":{\"@id\":\"https:\/\/riberasalud.com\/polusa\/#\/schema\/logo\/image\/\"}}]}<\/script>\n<!-- \/ Yoast SEO plugin. -->","yoast_head_json":{"title":"\u25b7 Preguntas frecuentes | Hospital Ribera Polusa","description":"lll\u1405 Preguntas frecuentes \u00bfQu\u00e9 documentaci\u00f3n debo aportar cuando ingreso? El D.N.I., y la autorizaci\u00f3n correspondiente de su Compa\u00f1\u00eda. \u00bfPuedo comer algo antes \u2705","robots":{"index":"index","follow":"follow","max-snippet":"max-snippet:-1","max-image-preview":"max-image-preview:large","max-video-preview":"max-video-preview:-1"},"canonical":"https:\/\/riberasalud.com\/polusa\/preguntas-frecuentes\/","og_locale":"es_ES","og_type":"article","og_title":"\u25b7 Preguntas frecuentes | Hospital Ribera Polusa","og_description":"lll\u1405 Preguntas frecuentes \u00bfQu\u00e9 documentaci\u00f3n debo aportar cuando ingreso? El D.N.I., y la autorizaci\u00f3n correspondiente de su Compa\u00f1\u00eda. \u00bfPuedo comer algo antes \u2705","og_url":"https:\/\/riberasalud.com\/polusa\/preguntas-frecuentes\/","og_site_name":"Hospital Ribera Polusa","article_modified_time":"2021-05-26T08:02:51+00:00","twitter_card":"summary_large_image","twitter_misc":{"Tiempo de lectura":"3 minutos"},"schema":{"@context":"https:\/\/schema.org","@graph":[{"@type":"WebPage","@id":"https:\/\/riberasalud.com\/polusa\/preguntas-frecuentes\/","url":"https:\/\/riberasalud.com\/polusa\/preguntas-frecuentes\/","name":"\u25b7 Preguntas frecuentes | Hospital Ribera Polusa","isPartOf":{"@id":"https:\/\/riberasalud.com\/polusa\/#website"},"datePublished":"2021-05-26T07:55:52+00:00","dateModified":"2021-05-26T08:02:51+00:00","description":"lll\u1405 Preguntas frecuentes \u00bfQu\u00e9 documentaci\u00f3n debo aportar cuando ingreso? El D.N.I., y la autorizaci\u00f3n correspondiente de su Compa\u00f1\u00eda. \u00bfPuedo comer algo antes \u2705","breadcrumb":{"@id":"https:\/\/riberasalud.com\/polusa\/preguntas-frecuentes\/#breadcrumb"},"inLanguage":"es","potentialAction":[{"@type":"ReadAction","target":["https:\/\/riberasalud.com\/polusa\/preguntas-frecuentes\/"]}]},{"@type":"BreadcrumbList","@id":"https:\/\/riberasalud.com\/polusa\/preguntas-frecuentes\/#breadcrumb","itemListElement":[{"@type":"ListItem","position":1,"name":"Portada","item":"https:\/\/riberasalud.com\/polusa\/"},{"@type":"ListItem","position":2,"name":"Preguntas frecuentes"}]},{"@type":"WebSite","@id":"https:\/\/riberasalud.com\/polusa\/#website","url":"https:\/\/riberasalud.com\/polusa\/","name":"Hospital Ribera Polusa","description":"","publisher":{"@id":"https:\/\/riberasalud.com\/polusa\/#organization"},"potentialAction":[{"@type":"SearchAction","target":{"@type":"EntryPoint","urlTemplate":"https:\/\/riberasalud.com\/polusa\/?s={search_term_string}"},"query-input":{"@type":"PropertyValueSpecification","valueRequired":true,"valueName":"search_term_string"}}],"inLanguage":"es"},{"@type":"Organization","@id":"https:\/\/riberasalud.com\/polusa\/#organization","name":"Hospital Ribera Polusa","url":"https:\/\/riberasalud.com\/polusa\/","logo":{"@type":"ImageObject","inLanguage":"es","@id":"https:\/\/riberasalud.com\/polusa\/#\/schema\/logo\/image\/","url":"https:\/\/riberasalud.com\/polusa\/wp-content\/uploads\/2025\/12\/cropped-cropped-Logo-Red-Polusa-300x76-1.png","contentUrl":"https:\/\/riberasalud.com\/polusa\/wp-content\/uploads\/2025\/12\/cropped-cropped-Logo-Red-Polusa-300x76-1.png","width":300,"height":76,"caption":"Hospital Ribera Polusa"},"image":{"@id":"https:\/\/riberasalud.com\/polusa\/#\/schema\/logo\/image\/"}}]}},"pbg_featured_image_src":{"full":false,"thumbnail":false,"medium":false,"medium_large":false,"large":false,"xl":false,"xxl":false,"xxxl":false,"xxxxl":false,"xxxxxl":false,"1536x1536":false,"2048x2048":false},"pbg_author_info":{"display_name":"jorge@quois.com","author_link":"https:\/\/riberasalud.com\/polusa\/author\/jorgequois-com\/","author_img":"<img alt='jorge@quois.com' src='https:\/\/secure.gravatar.com\/avatar\/bca8cccf11ce6757dcdec6ce293d120c16d33c83aeb423357cce3f49f3abae94?s=128&#038;d=mm&#038;r=g' srcset='https:\/\/secure.gravatar.com\/avatar\/bca8cccf11ce6757dcdec6ce293d120c16d33c83aeb423357cce3f49f3abae94?s=256&#038;d=mm&#038;r=g 2x' class='avatar avatar-128 photo' height='128' width='128' loading='lazy' decoding='async'\/>"},"pbg_comment_info":" No Comments","pbg_excerpt":"Preguntas frecuentes","uagb_featured_image_src":{"full":false,"thumbnail":false,"medium":false,"medium_large":false,"large":false,"xl":false,"xxl":false,"xxxl":false,"xxxxl":false,"xxxxxl":false,"1536x1536":false,"2048x2048":false},"uagb_author_info":{"display_name":"jorge@quois.com","author_link":"https:\/\/riberasalud.com\/polusa\/author\/jorgequois-com\/"},"uagb_comment_info":0,"uagb_excerpt":"Preguntas frecuentes","_links":{"self":[{"href":"https:\/\/riberasalud.com\/polusa\/wp-json\/wp\/v2\/pages\/99","targetHints":{"allow":["GET"]}}],"collection":[{"href":"https:\/\/riberasalud.com\/polusa\/wp-json\/wp\/v2\/pages"}],"about":[{"href":"https:\/\/riberasalud.com\/polusa\/wp-json\/wp\/v2\/types\/page"}],"author":[{"embeddable":true,"href":"https:\/\/riberasalud.com\/polusa\/wp-json\/wp\/v2\/users\/1"}],"replies":[{"embeddable":true,"href":"https:\/\/riberasalud.com\/polusa\/wp-json\/wp\/v2\/comments?post=99"}],"version-history":[{"count":3,"href":"https:\/\/riberasalud.com\/polusa\/wp-json\/wp\/v2\/pages\/99\/revisions"}],"predecessor-version":[{"id":108,"href":"https:\/\/riberasalud.com\/polusa\/wp-json\/wp\/v2\/pages\/99\/revisions\/108"}],"wp:attachment":[{"href":"https:\/\/riberasalud.com\/polusa\/wp-json\/wp\/v2\/media?parent=99"}],"curies":[{"name":"wp","href":"https:\/\/api.w.org\/{rel}","templated":true}]}}