{"id":48,"date":"2021-05-26T07:23:42","date_gmt":"2021-05-26T07:23:42","guid":{"rendered":"https:\/\/riberasalud.com\/polusa\/?page_id=48"},"modified":"2021-06-14T11:45:28","modified_gmt":"2021-06-14T11:45:28","slug":"responsabilidad-social","status":"publish","type":"page","link":"https:\/\/riberasalud.com\/polusa\/responsabilidad-social\/","title":{"rendered":"Responsabilidad social"},"content":{"rendered":"\n<div class=\"wp-block-group backgroundbanner\"><div class=\"wp-block-group__inner-container is-layout-flow wp-block-group-is-layout-flow\">\n<p class=\"has-text-align-center\" style=\"font-size:40px\"><span style=\"color: #4b4a4a;\" class=\"ugb-highlight\">Responsabilidad social<\/span><\/p>\n<\/div><\/div>\n\n\n\n<div class=\"wp-block-group\"><div class=\"wp-block-group__inner-container is-layout-flow wp-block-group-is-layout-flow\">\n<p>Consideramos que la<strong>&nbsp;responsabilidad social de la empresa (RSE)<\/strong>&nbsp;es el reflejo de la manera en que las empresas tomamos en consideraci\u00f3n las repercusiones que tienen nuestras actividades sobre la sociedad, y en la que afirmamos los principios y valores por los que nos regimos, tanto en nuestros propios m\u00e9todos y procesos internos como en la relaci\u00f3n con los dem\u00e1s actores. Todo ellos nos ha llevado a la implantaci\u00f3n de la misma en nuestra empresa siendo en su momento una iniciativa de car\u00e1cter voluntario y que s\u00f3lo depende de nosotros el llevarla a cabo y como no, cumplirla.<\/p>\n\n\n\n<h2 class=\"wp-block-heading\"><span style=\"color: #d11728;\" class=\"ugb-highlight\">Empresa Firmante del Pacto Mundial<\/span><\/h2>\n\n\n\n<p>El\u00a0<strong>Hospital Ribera Polusa<\/strong>\u00a0es empresa firmante del Pacto Mundial de Naciones Unidas (Global Compact) por lo que tenemos el compromiso de trabajar en pro de la implementaci\u00f3n de los diez principios fundamentales en materia de Derechos Humanos, Normas Laborales, Medio Ambiente y Lucha contra la Corrupci\u00f3n. El Pacto Mundial de Naciones Unidad es la mayor iniciativa internacional de responsabilidad corporativa que trabaja desde el a\u00f1o 2000 para conseguir el compromiso de todo tipo de organizaciones en la aplicaci\u00f3n y extensi\u00f3n de sus Diez Principios, relativos a derechos humanos, laborales, medioambientales y de lucha contra la corrupci\u00f3n.<\/p>\n\n\n\n<p><a rel=\"noreferrer noopener\" href=\"http:\/\/pactomundial.org\/los-diez-principios-de-pacto-mundial\/\" target=\"_blank\">La Red Espa\u00f1ola del Pacto Mundial<\/a> es una asociaci\u00f3n de empresas y otras entidades, firmantes del Pacto Mundial, cuyo objetivo es compartir experiencias de la aplicaci\u00f3n de sus Diez Principios, y colaborar para extender su influencia en el \u00e1mbito empresarial espa\u00f1ol.<\/p>\n\n\n\n<div class=\"wp-block-image fotoredonda\"><figure class=\"aligncenter size-large\"><img loading=\"lazy\" decoding=\"async\" width=\"618\" height=\"288\" src=\"https:\/\/riberasalud.com\/polusa\/wp-content\/uploads\/2021\/05\/img_responsabilidadsocial.jpg\" alt=\"\" class=\"wp-image-50\" srcset=\"https:\/\/riberasalud.com\/polusa\/wp-content\/uploads\/2021\/05\/img_responsabilidadsocial.jpg 618w, https:\/\/riberasalud.com\/polusa\/wp-content\/uploads\/2021\/05\/img_responsabilidadsocial-300x140.jpg 300w\" sizes=\"auto, (max-width: 618px) 100vw, 618px\" \/><\/figure><\/div>\n\n\n\n<h2 class=\"wp-block-heading\"><span style=\"color: #d11728;\" class=\"ugb-highlight\">Otras aportaciones<\/span><\/h2>\n\n\n\n<p>A mayores nuestro Hospital coopera con la ONG Cirujanos del Mundo y tambi\u00e9n con Cruz Roja.<br>Asimismo apoyamos la promoci\u00f3n y asesoramiento al deporte, firmando convenios con los dos clubes deportivos m\u00e1s representativos de la ciudad de Lugo.<\/p>\n<\/div><\/div>\n","protected":false},"excerpt":{"rendered":"<p>Responsabilidad social Consideramos que la&nbsp;responsabilidad social de la empresa (RSE)&nbsp;es el reflejo de la manera en que las empresas tomamos en consideraci\u00f3n las repercusiones que tienen nuestras actividades sobre la sociedad, y en la que afirmamos los principios y valores por los que nos regimos, tanto en nuestros propios m\u00e9todos y procesos internos como en &#8230; <a title=\"Responsabilidad social\" class=\"read-more\" href=\"https:\/\/riberasalud.com\/polusa\/responsabilidad-social\/\" aria-label=\"Leer m\u00e1s sobre Responsabilidad social\">Leer m\u00e1s<\/a><\/p>\n","protected":false},"author":1,"featured_media":0,"parent":0,"menu_order":0,"comment_status":"closed","ping_status":"closed","template":"","meta":{"_coblocks_attr":"","_coblocks_dimensions":"","_coblocks_responsive_height":"","_coblocks_accordion_ie_support":"","_uag_custom_page_level_css":"","footnotes":""},"class_list":["post-48","page","type-page","status-publish"],"featured_image_urls_v2":{"full":"","thumbnail":"","medium":"","medium_large":"","large":"","xl":"","xxl":"","xxxl":"","xxxxl":"","xxxxxl":"","1536x1536":"","2048x2048":""},"post_excerpt_stackable_v2":"<p>Responsabilidad social Consideramos que la&nbsp;responsabilidad social de la empresa (RSE)&nbsp;es el reflejo de la manera en que las empresas tomamos en consideraci\u00f3n las repercusiones que tienen nuestras actividades sobre la sociedad, y en la que afirmamos los principios y valores por los que nos regimos, tanto en nuestros propios m\u00e9todos y procesos internos como en la relaci\u00f3n con los dem\u00e1s actores. Todo ellos nos ha llevado a la implantaci\u00f3n de la misma en nuestra empresa siendo en su momento una iniciativa de car\u00e1cter voluntario y que s\u00f3lo depende de nosotros el llevarla a cabo y como no, cumplirla. Empresa Firmante&hellip;<\/p>\n","category_list_v2":"","author_info_v2":{"name":"jorge@quois.com","url":"https:\/\/riberasalud.com\/polusa\/author\/jorgequois-com\/"},"comments_num_v2":"0 comentarios","yoast_head":"<!-- This site is optimized with the Yoast SEO plugin v26.6 - https:\/\/yoast.com\/wordpress\/plugins\/seo\/ -->\n<title>\u25b7 Responsabilidad social | Hospital Ribera Polusa<\/title>\n<meta name=\"description\" content=\"lll\u1405 Responsabilidad social Consideramos que la&nbsp;responsabilidad social de la empresa (RSE)&nbsp;es el reflejo de la manera en que las empresas tomamos en \u2705\" \/>\n<meta name=\"robots\" content=\"index, follow, max-snippet:-1, max-image-preview:large, max-video-preview:-1\" \/>\n<link rel=\"canonical\" href=\"https:\/\/riberasalud.com\/polusa\/responsabilidad-social\/\" \/>\n<meta property=\"og:locale\" content=\"es_ES\" \/>\n<meta property=\"og:type\" content=\"article\" \/>\n<meta property=\"og:title\" content=\"\u25b7 Responsabilidad social | Hospital Ribera Polusa\" \/>\n<meta property=\"og:description\" content=\"lll\u1405 Responsabilidad social Consideramos que la&nbsp;responsabilidad social de la empresa (RSE)&nbsp;es el reflejo de la manera en que las empresas tomamos en \u2705\" \/>\n<meta property=\"og:url\" content=\"https:\/\/riberasalud.com\/polusa\/responsabilidad-social\/\" \/>\n<meta property=\"og:site_name\" content=\"Hospital Ribera Polusa\" \/>\n<meta property=\"article:modified_time\" content=\"2021-06-14T11:45:28+00:00\" \/>\n<meta property=\"og:image\" content=\"https:\/\/riberasalud.com\/polusa\/wp-content\/uploads\/2021\/05\/img_responsabilidadsocial.jpg\" \/>\n\t<meta property=\"og:image:width\" content=\"618\" \/>\n\t<meta property=\"og:image:height\" content=\"288\" \/>\n\t<meta property=\"og:image:type\" content=\"image\/jpeg\" \/>\n<meta name=\"twitter:card\" content=\"summary_large_image\" \/>\n<meta name=\"twitter:label1\" content=\"Tiempo de lectura\" \/>\n\t<meta name=\"twitter:data1\" content=\"2 minutos\" \/>\n<script type=\"application\/ld+json\" class=\"yoast-schema-graph\">{\"@context\":\"https:\/\/schema.org\",\"@graph\":[{\"@type\":\"WebPage\",\"@id\":\"https:\/\/riberasalud.com\/polusa\/responsabilidad-social\/\",\"url\":\"https:\/\/riberasalud.com\/polusa\/responsabilidad-social\/\",\"name\":\"\u25b7 Responsabilidad social | Hospital Ribera Polusa\",\"isPartOf\":{\"@id\":\"https:\/\/riberasalud.com\/polusa\/#website\"},\"primaryImageOfPage\":{\"@id\":\"https:\/\/riberasalud.com\/polusa\/responsabilidad-social\/#primaryimage\"},\"image\":{\"@id\":\"https:\/\/riberasalud.com\/polusa\/responsabilidad-social\/#primaryimage\"},\"thumbnailUrl\":\"https:\/\/riberasalud.com\/polusa\/wp-content\/uploads\/2021\/05\/img_responsabilidadsocial.jpg\",\"datePublished\":\"2021-05-26T07:23:42+00:00\",\"dateModified\":\"2021-06-14T11:45:28+00:00\",\"description\":\"lll\u1405 Responsabilidad social Consideramos que la&nbsp;responsabilidad social de la empresa (RSE)&nbsp;es el reflejo de la manera en que las empresas tomamos en \u2705\",\"breadcrumb\":{\"@id\":\"https:\/\/riberasalud.com\/polusa\/responsabilidad-social\/#breadcrumb\"},\"inLanguage\":\"es\",\"potentialAction\":[{\"@type\":\"ReadAction\",\"target\":[\"https:\/\/riberasalud.com\/polusa\/responsabilidad-social\/\"]}]},{\"@type\":\"ImageObject\",\"inLanguage\":\"es\",\"@id\":\"https:\/\/riberasalud.com\/polusa\/responsabilidad-social\/#primaryimage\",\"url\":\"https:\/\/riberasalud.com\/polusa\/wp-content\/uploads\/2021\/05\/img_responsabilidadsocial.jpg\",\"contentUrl\":\"https:\/\/riberasalud.com\/polusa\/wp-content\/uploads\/2021\/05\/img_responsabilidadsocial.jpg\",\"width\":618,\"height\":288},{\"@type\":\"BreadcrumbList\",\"@id\":\"https:\/\/riberasalud.com\/polusa\/responsabilidad-social\/#breadcrumb\",\"itemListElement\":[{\"@type\":\"ListItem\",\"position\":1,\"name\":\"Portada\",\"item\":\"https:\/\/riberasalud.com\/polusa\/\"},{\"@type\":\"ListItem\",\"position\":2,\"name\":\"Responsabilidad social\"}]},{\"@type\":\"WebSite\",\"@id\":\"https:\/\/riberasalud.com\/polusa\/#website\",\"url\":\"https:\/\/riberasalud.com\/polusa\/\",\"name\":\"Hospital Ribera Polusa\",\"description\":\"\",\"publisher\":{\"@id\":\"https:\/\/riberasalud.com\/polusa\/#organization\"},\"potentialAction\":[{\"@type\":\"SearchAction\",\"target\":{\"@type\":\"EntryPoint\",\"urlTemplate\":\"https:\/\/riberasalud.com\/polusa\/?s={search_term_string}\"},\"query-input\":{\"@type\":\"PropertyValueSpecification\",\"valueRequired\":true,\"valueName\":\"search_term_string\"}}],\"inLanguage\":\"es\"},{\"@type\":\"Organization\",\"@id\":\"https:\/\/riberasalud.com\/polusa\/#organization\",\"name\":\"Hospital Ribera Polusa\",\"url\":\"https:\/\/riberasalud.com\/polusa\/\",\"logo\":{\"@type\":\"ImageObject\",\"inLanguage\":\"es\",\"@id\":\"https:\/\/riberasalud.com\/polusa\/#\/schema\/logo\/image\/\",\"url\":\"https:\/\/riberasalud.com\/polusa\/wp-content\/uploads\/2025\/12\/cropped-cropped-Logo-Red-Polusa-300x76-1.png\",\"contentUrl\":\"https:\/\/riberasalud.com\/polusa\/wp-content\/uploads\/2025\/12\/cropped-cropped-Logo-Red-Polusa-300x76-1.png\",\"width\":300,\"height\":76,\"caption\":\"Hospital Ribera Polusa\"},\"image\":{\"@id\":\"https:\/\/riberasalud.com\/polusa\/#\/schema\/logo\/image\/\"}}]}<\/script>\n<!-- \/ Yoast SEO plugin. -->","yoast_head_json":{"title":"\u25b7 Responsabilidad social | Hospital Ribera Polusa","description":"lll\u1405 Responsabilidad social Consideramos que la&nbsp;responsabilidad social de la empresa (RSE)&nbsp;es el reflejo de la manera en que las empresas tomamos en \u2705","robots":{"index":"index","follow":"follow","max-snippet":"max-snippet:-1","max-image-preview":"max-image-preview:large","max-video-preview":"max-video-preview:-1"},"canonical":"https:\/\/riberasalud.com\/polusa\/responsabilidad-social\/","og_locale":"es_ES","og_type":"article","og_title":"\u25b7 Responsabilidad social | Hospital Ribera Polusa","og_description":"lll\u1405 Responsabilidad social Consideramos que la&nbsp;responsabilidad social de la empresa (RSE)&nbsp;es el reflejo de la manera en que las empresas tomamos en \u2705","og_url":"https:\/\/riberasalud.com\/polusa\/responsabilidad-social\/","og_site_name":"Hospital Ribera Polusa","article_modified_time":"2021-06-14T11:45:28+00:00","og_image":[{"width":618,"height":288,"url":"https:\/\/riberasalud.com\/polusa\/wp-content\/uploads\/2021\/05\/img_responsabilidadsocial.jpg","type":"image\/jpeg"}],"twitter_card":"summary_large_image","twitter_misc":{"Tiempo de lectura":"2 minutos"},"schema":{"@context":"https:\/\/schema.org","@graph":[{"@type":"WebPage","@id":"https:\/\/riberasalud.com\/polusa\/responsabilidad-social\/","url":"https:\/\/riberasalud.com\/polusa\/responsabilidad-social\/","name":"\u25b7 Responsabilidad social | Hospital Ribera Polusa","isPartOf":{"@id":"https:\/\/riberasalud.com\/polusa\/#website"},"primaryImageOfPage":{"@id":"https:\/\/riberasalud.com\/polusa\/responsabilidad-social\/#primaryimage"},"image":{"@id":"https:\/\/riberasalud.com\/polusa\/responsabilidad-social\/#primaryimage"},"thumbnailUrl":"https:\/\/riberasalud.com\/polusa\/wp-content\/uploads\/2021\/05\/img_responsabilidadsocial.jpg","datePublished":"2021-05-26T07:23:42+00:00","dateModified":"2021-06-14T11:45:28+00:00","description":"lll\u1405 Responsabilidad social Consideramos que la&nbsp;responsabilidad social de la empresa (RSE)&nbsp;es el reflejo de la manera en que las empresas tomamos en \u2705","breadcrumb":{"@id":"https:\/\/riberasalud.com\/polusa\/responsabilidad-social\/#breadcrumb"},"inLanguage":"es","potentialAction":[{"@type":"ReadAction","target":["https:\/\/riberasalud.com\/polusa\/responsabilidad-social\/"]}]},{"@type":"ImageObject","inLanguage":"es","@id":"https:\/\/riberasalud.com\/polusa\/responsabilidad-social\/#primaryimage","url":"https:\/\/riberasalud.com\/polusa\/wp-content\/uploads\/2021\/05\/img_responsabilidadsocial.jpg","contentUrl":"https:\/\/riberasalud.com\/polusa\/wp-content\/uploads\/2021\/05\/img_responsabilidadsocial.jpg","width":618,"height":288},{"@type":"BreadcrumbList","@id":"https:\/\/riberasalud.com\/polusa\/responsabilidad-social\/#breadcrumb","itemListElement":[{"@type":"ListItem","position":1,"name":"Portada","item":"https:\/\/riberasalud.com\/polusa\/"},{"@type":"ListItem","position":2,"name":"Responsabilidad social"}]},{"@type":"WebSite","@id":"https:\/\/riberasalud.com\/polusa\/#website","url":"https:\/\/riberasalud.com\/polusa\/","name":"Hospital Ribera Polusa","description":"","publisher":{"@id":"https:\/\/riberasalud.com\/polusa\/#organization"},"potentialAction":[{"@type":"SearchAction","target":{"@type":"EntryPoint","urlTemplate":"https:\/\/riberasalud.com\/polusa\/?s={search_term_string}"},"query-input":{"@type":"PropertyValueSpecification","valueRequired":true,"valueName":"search_term_string"}}],"inLanguage":"es"},{"@type":"Organization","@id":"https:\/\/riberasalud.com\/polusa\/#organization","name":"Hospital Ribera Polusa","url":"https:\/\/riberasalud.com\/polusa\/","logo":{"@type":"ImageObject","inLanguage":"es","@id":"https:\/\/riberasalud.com\/polusa\/#\/schema\/logo\/image\/","url":"https:\/\/riberasalud.com\/polusa\/wp-content\/uploads\/2025\/12\/cropped-cropped-Logo-Red-Polusa-300x76-1.png","contentUrl":"https:\/\/riberasalud.com\/polusa\/wp-content\/uploads\/2025\/12\/cropped-cropped-Logo-Red-Polusa-300x76-1.png","width":300,"height":76,"caption":"Hospital Ribera Polusa"},"image":{"@id":"https:\/\/riberasalud.com\/polusa\/#\/schema\/logo\/image\/"}}]}},"pbg_featured_image_src":{"full":false,"thumbnail":false,"medium":false,"medium_large":false,"large":false,"xl":false,"xxl":false,"xxxl":false,"xxxxl":false,"xxxxxl":false,"1536x1536":false,"2048x2048":false},"pbg_author_info":{"display_name":"jorge@quois.com","author_link":"https:\/\/riberasalud.com\/polusa\/author\/jorgequois-com\/","author_img":"<img alt='jorge@quois.com' src='https:\/\/secure.gravatar.com\/avatar\/bca8cccf11ce6757dcdec6ce293d120c16d33c83aeb423357cce3f49f3abae94?s=128&#038;d=mm&#038;r=g' srcset='https:\/\/secure.gravatar.com\/avatar\/bca8cccf11ce6757dcdec6ce293d120c16d33c83aeb423357cce3f49f3abae94?s=256&#038;d=mm&#038;r=g 2x' class='avatar avatar-128 photo' height='128' width='128' loading='lazy' decoding='async'\/>"},"pbg_comment_info":" No Comments","pbg_excerpt":"Responsabilidad social Consideramos que la&nbsp;responsabilidad social de la empresa (RSE)&nbsp;es el reflejo de la manera en que las empresas tomamos en consideraci\u00f3n las repercusiones que tienen nuestras actividades sobre la sociedad, y en la que afirmamos los principios y valores por los que nos regimos, tanto en nuestros propios m\u00e9todos y procesos internos como en&hellip;","uagb_featured_image_src":{"full":false,"thumbnail":false,"medium":false,"medium_large":false,"large":false,"xl":false,"xxl":false,"xxxl":false,"xxxxl":false,"xxxxxl":false,"1536x1536":false,"2048x2048":false},"uagb_author_info":{"display_name":"jorge@quois.com","author_link":"https:\/\/riberasalud.com\/polusa\/author\/jorgequois-com\/"},"uagb_comment_info":0,"uagb_excerpt":"Responsabilidad social Consideramos que la&nbsp;responsabilidad social de la empresa (RSE)&nbsp;es el reflejo de la manera en que las empresas tomamos en consideraci\u00f3n las repercusiones que tienen nuestras actividades sobre la sociedad, y en la que afirmamos los principios y valores por los que nos regimos, tanto en nuestros propios m\u00e9todos y procesos internos como en&hellip;","_links":{"self":[{"href":"https:\/\/riberasalud.com\/polusa\/wp-json\/wp\/v2\/pages\/48","targetHints":{"allow":["GET"]}}],"collection":[{"href":"https:\/\/riberasalud.com\/polusa\/wp-json\/wp\/v2\/pages"}],"about":[{"href":"https:\/\/riberasalud.com\/polusa\/wp-json\/wp\/v2\/types\/page"}],"author":[{"embeddable":true,"href":"https:\/\/riberasalud.com\/polusa\/wp-json\/wp\/v2\/users\/1"}],"replies":[{"embeddable":true,"href":"https:\/\/riberasalud.com\/polusa\/wp-json\/wp\/v2\/comments?post=48"}],"version-history":[{"count":4,"href":"https:\/\/riberasalud.com\/polusa\/wp-json\/wp\/v2\/pages\/48\/revisions"}],"predecessor-version":[{"id":505,"href":"https:\/\/riberasalud.com\/polusa\/wp-json\/wp\/v2\/pages\/48\/revisions\/505"}],"wp:attachment":[{"href":"https:\/\/riberasalud.com\/polusa\/wp-json\/wp\/v2\/media?parent=48"}],"curies":[{"name":"wp","href":"https:\/\/api.w.org\/{rel}","templated":true}]}}