{"id":35,"date":"2021-05-26T07:09:02","date_gmt":"2021-05-26T07:09:02","guid":{"rendered":"https:\/\/riberasalud.com\/polusa\/?page_id=35"},"modified":"2025-07-24T12:16:07","modified_gmt":"2025-07-24T12:16:07","slug":"sistemas-de-gestion","status":"publish","type":"page","link":"https:\/\/riberasalud.com\/polusa\/sistemas-de-gestion\/","title":{"rendered":"Sistemas de gesti\u00f3n"},"content":{"rendered":"\n<div class=\"wp-block-group backgroundbanner\"><div class=\"wp-block-group__inner-container is-layout-flow wp-block-group-is-layout-flow\">\n<p class=\"has-text-align-center\" style=\"font-size:40px\"><span style=\"color: #4b4a4a;\" class=\"ugb-highlight\">Sistemas de gesti\u00f3n<\/span><\/p>\n<\/div><\/div>\n\n\n\n<div class=\"wp-block-group hasbackgroundmio\"><div class=\"wp-block-group__inner-container is-layout-flow wp-block-group-is-layout-flow\">\n<p class=\"has-text-align-center has-text-color\" style=\"color:#d71029;font-size:24px\">Pol\u00edticas<\/p>\n\n\n\n<p class=\"has-text-align-center\" style=\"font-size:16px\">Para conocer todas las pol\u00edticas<br>Pincha <a href=\"https:\/\/www.riberasalud.com\/corporativo\/politicas\/\">aqu\u00ed<\/a><\/p>\n<\/div><\/div>\n\n\n\n<div class=\"wp-block-group\"><div class=\"wp-block-group__inner-container is-layout-flow wp-block-group-is-layout-flow\">\n<div class=\"wp-block-columns is-layout-flex wp-container-core-columns-is-layout-9d6595d7 wp-block-columns-is-layout-flex\">\n<div class=\"wp-block-column is-layout-flow wp-block-column-is-layout-flow\" style=\"flex-basis:33.33%\">\n<figure class=\"wp-block-image size-large\"><img loading=\"lazy\" decoding=\"async\" width=\"1024\" height=\"819\" src=\"https:\/\/riberasalud.com\/polusa\/wp-content\/uploads\/2024\/06\/acreditaciones_Mesa-de-trabajo-1-1024x819.jpg\" alt=\"huella de carbono\" class=\"wp-image-3384\" srcset=\"https:\/\/riberasalud.com\/polusa\/wp-content\/uploads\/2024\/06\/acreditaciones_Mesa-de-trabajo-1-1024x819.jpg 1024w, https:\/\/riberasalud.com\/polusa\/wp-content\/uploads\/2024\/06\/acreditaciones_Mesa-de-trabajo-1-300x240.jpg 300w, https:\/\/riberasalud.com\/polusa\/wp-content\/uploads\/2024\/06\/acreditaciones_Mesa-de-trabajo-1-768x615.jpg 768w, https:\/\/riberasalud.com\/polusa\/wp-content\/uploads\/2024\/06\/acreditaciones_Mesa-de-trabajo-1-1600x1280.jpg 1600w, https:\/\/riberasalud.com\/polusa\/wp-content\/uploads\/2024\/06\/acreditaciones_Mesa-de-trabajo-1-1536x1229.jpg 1536w, https:\/\/riberasalud.com\/polusa\/wp-content\/uploads\/2024\/06\/acreditaciones_Mesa-de-trabajo-1.jpg 1667w\" sizes=\"auto, (max-width: 1024px) 100vw, 1024px\" \/><\/figure>\n\n\n\n<p class=\"has-text-align-center\"><strong>AENOR<\/strong><br>Huella de carbono CO2 calculado<\/p>\n<\/div>\n\n\n\n<div class=\"wp-block-column is-layout-flow wp-block-column-is-layout-flow\" style=\"flex-basis:33.33%\">\n<figure class=\"wp-block-image size-large\"><img loading=\"lazy\" decoding=\"async\" width=\"1024\" height=\"819\" src=\"https:\/\/riberasalud.com\/polusa\/wp-content\/uploads\/2024\/06\/acreditaciones-03-1024x819.jpg\" alt=\"ISO 1401\" class=\"wp-image-3382\" srcset=\"https:\/\/riberasalud.com\/polusa\/wp-content\/uploads\/2024\/06\/acreditaciones-03-1024x819.jpg 1024w, https:\/\/riberasalud.com\/polusa\/wp-content\/uploads\/2024\/06\/acreditaciones-03-300x240.jpg 300w, https:\/\/riberasalud.com\/polusa\/wp-content\/uploads\/2024\/06\/acreditaciones-03-768x615.jpg 768w, https:\/\/riberasalud.com\/polusa\/wp-content\/uploads\/2024\/06\/acreditaciones-03-1600x1280.jpg 1600w, https:\/\/riberasalud.com\/polusa\/wp-content\/uploads\/2024\/06\/acreditaciones-03-1536x1229.jpg 1536w, https:\/\/riberasalud.com\/polusa\/wp-content\/uploads\/2024\/06\/acreditaciones-03.jpg 1667w\" sizes=\"auto, (max-width: 1024px) 100vw, 1024px\" \/><\/figure>\n\n\n\n<p class=\"has-text-align-center\"><strong>ISO 14001<\/strong><br>Sistema de Gesti\u00f3n Ambiental<\/p>\n<\/div>\n\n\n\n<div class=\"wp-block-column is-layout-flow wp-block-column-is-layout-flow\" style=\"flex-basis:33.33%\">\n<figure class=\"wp-block-image size-large\"><img loading=\"lazy\" decoding=\"async\" width=\"1024\" height=\"819\" src=\"https:\/\/riberasalud.com\/polusa\/wp-content\/uploads\/2024\/06\/acreditaciones-02-1024x819.jpg\" alt=\"ISO 9001\" class=\"wp-image-3383\" srcset=\"https:\/\/riberasalud.com\/polusa\/wp-content\/uploads\/2024\/06\/acreditaciones-02-1024x819.jpg 1024w, https:\/\/riberasalud.com\/polusa\/wp-content\/uploads\/2024\/06\/acreditaciones-02-300x240.jpg 300w, https:\/\/riberasalud.com\/polusa\/wp-content\/uploads\/2024\/06\/acreditaciones-02-768x615.jpg 768w, https:\/\/riberasalud.com\/polusa\/wp-content\/uploads\/2024\/06\/acreditaciones-02-1600x1280.jpg 1600w, https:\/\/riberasalud.com\/polusa\/wp-content\/uploads\/2024\/06\/acreditaciones-02-1536x1229.jpg 1536w, https:\/\/riberasalud.com\/polusa\/wp-content\/uploads\/2024\/06\/acreditaciones-02.jpg 1667w\" sizes=\"auto, (max-width: 1024px) 100vw, 1024px\" \/><\/figure>\n\n\n\n<p class=\"has-text-align-center\"><strong><meta charset=\"utf-8\"><strong>ISO 9001<\/strong><br><\/strong>Sistema de Gesti\u00f3n de Calidad<\/p>\n<\/div>\n\n\n\n<div class=\"wp-block-column is-layout-flow wp-block-column-is-layout-flow\" style=\"flex-basis:33.33%\">\n<figure class=\"wp-block-image size-large\"><img loading=\"lazy\" decoding=\"async\" width=\"1024\" height=\"819\" src=\"https:\/\/riberasalud.com\/polusa\/wp-content\/uploads\/2024\/06\/acreditaciones1-02-1024x819.jpg\" alt=\"CO2\" class=\"wp-image-3387\" srcset=\"https:\/\/riberasalud.com\/polusa\/wp-content\/uploads\/2024\/06\/acreditaciones1-02-1024x819.jpg 1024w, https:\/\/riberasalud.com\/polusa\/wp-content\/uploads\/2024\/06\/acreditaciones1-02-300x240.jpg 300w, https:\/\/riberasalud.com\/polusa\/wp-content\/uploads\/2024\/06\/acreditaciones1-02-768x615.jpg 768w, https:\/\/riberasalud.com\/polusa\/wp-content\/uploads\/2024\/06\/acreditaciones1-02-1600x1280.jpg 1600w, https:\/\/riberasalud.com\/polusa\/wp-content\/uploads\/2024\/06\/acreditaciones1-02-1536x1229.jpg 1536w, https:\/\/riberasalud.com\/polusa\/wp-content\/uploads\/2024\/06\/acreditaciones1-02.jpg 1667w\" sizes=\"auto, (max-width: 1024px) 100vw, 1024px\" \/><\/figure>\n\n\n\n<p class=\"has-text-align-center\"><strong><meta charset=\"utf-8\"><strong>Huella de Carbono<\/strong><\/strong><br>2022<\/p>\n<\/div>\n<\/div>\n\n\n\n<div class=\"wp-block-columns is-layout-flex wp-container-core-columns-is-layout-9d6595d7 wp-block-columns-is-layout-flex\">\n<div class=\"wp-block-column is-layout-flow wp-block-column-is-layout-flow\" style=\"flex-basis:33.33%\">\n<figure class=\"wp-block-image size-full\"><img loading=\"lazy\" decoding=\"async\" width=\"400\" height=\"320\" src=\"https:\/\/riberasalud.com\/polusa\/wp-content\/uploads\/2024\/06\/UNE179003_Mesa-de-trabajo-1.jpg\" alt=\"UNE 179003\" class=\"wp-image-3364\" srcset=\"https:\/\/riberasalud.com\/polusa\/wp-content\/uploads\/2024\/06\/UNE179003_Mesa-de-trabajo-1.jpg 400w, https:\/\/riberasalud.com\/polusa\/wp-content\/uploads\/2024\/06\/UNE179003_Mesa-de-trabajo-1-300x240.jpg 300w\" sizes=\"auto, (max-width: 400px) 100vw, 400px\" \/><\/figure>\n\n\n\n<p class=\"has-text-align-center\"><strong><meta charset=\"utf-8\"><strong><strong>UNE 179003<\/strong><br><\/strong><\/strong>Norma de seguridad del paciente<\/p>\n<\/div>\n\n\n\n<div class=\"wp-block-column is-layout-flow wp-block-column-is-layout-flow\" style=\"flex-basis:33.33%\">\n<figure class=\"wp-block-image size-large\"><img loading=\"lazy\" decoding=\"async\" width=\"1024\" height=\"819\" src=\"https:\/\/riberasalud.com\/polusa\/wp-content\/uploads\/2024\/06\/acreditaciones-04-1024x819.jpg\" alt=\"HQ\" class=\"wp-image-3380\" srcset=\"https:\/\/riberasalud.com\/polusa\/wp-content\/uploads\/2024\/06\/acreditaciones-04-1024x819.jpg 1024w, https:\/\/riberasalud.com\/polusa\/wp-content\/uploads\/2024\/06\/acreditaciones-04-300x240.jpg 300w, https:\/\/riberasalud.com\/polusa\/wp-content\/uploads\/2024\/06\/acreditaciones-04-768x615.jpg 768w, https:\/\/riberasalud.com\/polusa\/wp-content\/uploads\/2024\/06\/acreditaciones-04-1600x1280.jpg 1600w, https:\/\/riberasalud.com\/polusa\/wp-content\/uploads\/2024\/06\/acreditaciones-04-1536x1229.jpg 1536w, https:\/\/riberasalud.com\/polusa\/wp-content\/uploads\/2024\/06\/acreditaciones-04.jpg 1667w\" sizes=\"auto, (max-width: 1024px) 100vw, 1024px\" \/><\/figure>\n\n\n\n<p class=\"has-text-align-center\"><strong><strong>Reconocimiento QH<\/strong><\/strong>*<br><strong>a la excelencia en Calidad Asistencial<\/strong><\/p>\n<\/div>\n\n\n\n<div class=\"wp-block-column is-layout-flow wp-block-column-is-layout-flow\" style=\"flex-basis:33.33%\">\n<figure class=\"wp-block-image size-full\"><img loading=\"lazy\" decoding=\"async\" width=\"400\" height=\"320\" src=\"https:\/\/riberasalud.com\/polusa\/wp-content\/uploads\/2024\/06\/calidadhospitalaria_Mesa-de-trabajo-1.jpg\" alt=\"calidad hospitalaria\" class=\"wp-image-3365\" srcset=\"https:\/\/riberasalud.com\/polusa\/wp-content\/uploads\/2024\/06\/calidadhospitalaria_Mesa-de-trabajo-1.jpg 400w, https:\/\/riberasalud.com\/polusa\/wp-content\/uploads\/2024\/06\/calidadhospitalaria_Mesa-de-trabajo-1-300x240.jpg 300w\" sizes=\"auto, (max-width: 400px) 100vw, 400px\" \/><\/figure>\n\n\n\n<p class=\"has-text-align-center\"><meta charset=\"utf-8\"><strong>XUNTA DE GALICIA<\/strong><br>Centro acreditado por la Conseller\u00eda de Sanidad<\/p>\n<\/div>\n<\/div>\n\n\n\n<p><strong>Compromiso Medioambiental<\/strong><\/p>\n\n\n\n<p><strong>Caldera de biomasa.<\/strong>\u00a0No contamina y respeta la capa de ozono. Es un sistema<br>de calefacci\u00f3n renovable, limpio y ecol\u00f3gico. la biomasa procede de residuos forestales y se considera que las emisiones de la caldera est\u00e1n compensadas porque el CO2 que se emite al quemarlas ser\u00eda el equivalente al que emiten las plantas al realizar la fotos\u00edntesis. Es decir, las calderas de biomasa s\u00ed emiten CO2 a la atm\u00f3sfera, pero el balance total de CO2 se mantiene neutro. Adem\u00e1s, quemar biomasa no emite azufre, uno de los principales responsables del efecto invernadero.<br>Por otro lado, al ser un combustible que procede de residuos forestales, gran parte se consigue al limpiar los bosques, de manera que, de forma indirecta, ayuda a reducir el riesgo de incendios forestales.<br>Finalmente, al tratarse de un combustible local evitamos importar de otros pa\u00edses combustibles derivados del petr\u00f3leo.<br>En definitiva, el uso de la biomasa favorece nuestra econom\u00eda, nuestros bosques y nuestro planeta.<br><br><strong>Nuestros objetivos:<\/strong><br>&#8211; La optimizaci\u00f3n de los recursos.<br>&#8211; La disminuci\u00f3n de los residuos que generamos.<br>&#8211; La mejora de nuestros indicadores medioambientales.<br>&#8211; El aumento y mejora de la comunicaci\u00f3n con nuestro entorno.<\/p>\n<\/div><\/div>\n\n\n\n<div class=\"wp-block-group hasbackgroundmio\"><div class=\"wp-block-group__inner-container is-layout-flow wp-block-group-is-layout-flow\">\n<p class=\"has-text-align-center titulo has-text-color\" style=\"color:#d71029;font-size:32px\">Medio Ambiente<\/p>\n\n\n\n<p class=\"has-text-align-center subtitulo\">Comunicaci\u00f3n ambiental a proveedores<\/p>\n\n\n\n<p>En Polusa, asumimos que un desarrollo sostenible va ligado a la protecci\u00f3n del medioambiente y a la prevenci\u00f3n de la contaminaci\u00f3n, por eso nos comprometemos a incluir nuestra pol\u00edtica ambiental en todas nuestras actividades, conscientes de que la mejora del entorno va en beneficio tambi\u00e9n de la salud de la poblaci\u00f3n. <\/p>\n\n\n\n<p>Solicitamos que nuestros proveedores apuesten por un consumo responsable de recursos (agua, energ\u00eda, productos qu\u00edmicos \u2026), realicen una correcta gesti\u00f3n de los residuos, reduzcan su huella de carbono e intenten minimizar el impacto medioambiental en todos sus procesos. Para nosotros, es un aspecto muy importante que los proveedores cumplan con la normativa de medio ambiente y dispongan de un sistema de gesti\u00f3n ambiental.<\/p>\n<\/div><\/div>\n\n\n\n<div class=\"wp-block-group hasbackgroundmio\"><div class=\"wp-block-group__inner-container is-layout-flow wp-block-group-is-layout-flow\">\n<p class=\"has-text-align-center titulo has-text-color\" style=\"color:#d71029;font-size:32px\"><\/p>\n\n\n\n<p class=\"has-text-align-center subtitulo\">Desempe\u00f1o ambiental<\/p>\n\n\n\n<p>Para Polusa, el compromiso con el medio ambiente forma parte de su identidad corporativa. La actividad se realiza teniendo presente la pol\u00edtica ambiental corporativa. <\/p>\n\n\n\n<p>Este compromiso con el medio ambiente se materializa mediante la gesti\u00f3n eficiente de los consumos con el fin de reducir los impactos ambientales y la certificaci\u00f3n ISO 14001 del sistema de gesti\u00f3n ambiental. Los aspectos ambientales con m\u00e1s impacto son la generaci\u00f3n de residuos citost\u00e1ticos, as\u00ed como la generaci\u00f3n de disolventes no halogenados. Se llevan a cabo acciones de sensibilizaci\u00f3n en materia ambiental mensualmente con el fin de mejorar las pr\u00e1cticas habituales. <\/p>\n\n\n\n<p>Cabe destacar que en 2024 se ha conseguido reducir el consumo de gas natural, mejorar la eficiencia de la iluminaci\u00f3n y la segregaci\u00f3n de residuos citost\u00e1ticos.<\/p>\n<\/div><\/div>\n","protected":false},"excerpt":{"rendered":"<p>Sistemas de gesti\u00f3n Pol\u00edticas Para conocer todas las pol\u00edticasPincha aqu\u00ed AENORHuella de carbono CO2 calculado ISO 14001Sistema de Gesti\u00f3n Ambiental ISO 9001Sistema de Gesti\u00f3n de Calidad Huella de Carbono2022 UNE 179003Norma de seguridad del paciente Reconocimiento QH*a la excelencia en Calidad Asistencial XUNTA DE GALICIACentro acreditado por la Conseller\u00eda de Sanidad Compromiso Medioambiental Caldera de &#8230; <a title=\"Sistemas de gesti\u00f3n\" class=\"read-more\" href=\"https:\/\/riberasalud.com\/polusa\/sistemas-de-gestion\/\" aria-label=\"Leer m\u00e1s sobre Sistemas de gesti\u00f3n\">Leer m\u00e1s<\/a><\/p>\n","protected":false},"author":1,"featured_media":0,"parent":0,"menu_order":0,"comment_status":"closed","ping_status":"closed","template":"","meta":{"_coblocks_attr":"","_coblocks_dimensions":"","_coblocks_responsive_height":"","_coblocks_accordion_ie_support":"","_uag_custom_page_level_css":"","footnotes":""},"class_list":["post-35","page","type-page","status-publish"],"featured_image_urls_v2":{"full":"","thumbnail":"","medium":"","medium_large":"","large":"","xl":"","xxl":"","xxxl":"","xxxxl":"","xxxxxl":"","1536x1536":"","2048x2048":""},"post_excerpt_stackable_v2":"<p>Sistemas de gesti\u00f3n Pol\u00edticas Para conocer todas las pol\u00edticasPincha aqu\u00ed AENORHuella de carbono CO2 calculado ISO 14001Sistema de Gesti\u00f3n Ambiental ISO 9001Sistema de Gesti\u00f3n de Calidad Huella de Carbono2022 UNE 179003Norma de seguridad del paciente Reconocimiento QH*a la excelencia en Calidad Asistencial XUNTA DE GALICIACentro acreditado por la Conseller\u00eda de Sanidad Compromiso Medioambiental Caldera de biomasa.\u00a0No contamina y respeta la capa de ozono. Es un sistemade calefacci\u00f3n renovable, limpio y ecol\u00f3gico. la biomasa procede de residuos forestales y se considera que las emisiones de la caldera est\u00e1n compensadas porque el CO2 que se emite al quemarlas ser\u00eda el equivalente al&hellip;<\/p>\n","category_list_v2":"","author_info_v2":{"name":"jorge@quois.com","url":"https:\/\/riberasalud.com\/polusa\/author\/jorgequois-com\/"},"comments_num_v2":"0 comentarios","yoast_head":"<!-- This site is optimized with the Yoast SEO plugin v26.6 - https:\/\/yoast.com\/wordpress\/plugins\/seo\/ -->\n<title>\u25b7 Sistemas de gesti\u00f3n | Hospital Ribera Polusa<\/title>\n<meta name=\"description\" content=\"lll\u1405 Sistemas de gesti\u00f3n Pol\u00edticas Para conocer todas las pol\u00edticasPincha aqu\u00ed AENORHuella de carbono CO2 calculado ISO 14001Sistema de Gesti\u00f3n Ambiental ISO \u2705\" \/>\n<meta name=\"robots\" content=\"index, follow, max-snippet:-1, max-image-preview:large, max-video-preview:-1\" \/>\n<link rel=\"canonical\" href=\"https:\/\/riberasalud.com\/polusa\/sistemas-de-gestion\/\" \/>\n<meta property=\"og:locale\" content=\"es_ES\" \/>\n<meta property=\"og:type\" content=\"article\" \/>\n<meta property=\"og:title\" content=\"\u25b7 Sistemas de gesti\u00f3n | Hospital Ribera Polusa\" \/>\n<meta property=\"og:description\" content=\"lll\u1405 Sistemas de gesti\u00f3n Pol\u00edticas Para conocer todas las pol\u00edticasPincha aqu\u00ed AENORHuella de carbono CO2 calculado ISO 14001Sistema de Gesti\u00f3n Ambiental ISO \u2705\" \/>\n<meta property=\"og:url\" content=\"https:\/\/riberasalud.com\/polusa\/sistemas-de-gestion\/\" \/>\n<meta property=\"og:site_name\" content=\"Hospital Ribera Polusa\" \/>\n<meta property=\"article:modified_time\" content=\"2025-07-24T12:16:07+00:00\" \/>\n<meta property=\"og:image\" content=\"https:\/\/riberasalud.com\/polusa\/wp-content\/uploads\/2024\/06\/acreditaciones_Mesa-de-trabajo-1-1024x819.jpg\" \/>\n<meta name=\"twitter:card\" content=\"summary_large_image\" \/>\n<meta name=\"twitter:label1\" content=\"Tiempo de lectura\" \/>\n\t<meta name=\"twitter:data1\" content=\"4 minutos\" \/>\n<script type=\"application\/ld+json\" class=\"yoast-schema-graph\">{\"@context\":\"https:\/\/schema.org\",\"@graph\":[{\"@type\":\"WebPage\",\"@id\":\"https:\/\/riberasalud.com\/polusa\/sistemas-de-gestion\/\",\"url\":\"https:\/\/riberasalud.com\/polusa\/sistemas-de-gestion\/\",\"name\":\"\u25b7 Sistemas de gesti\u00f3n | Hospital Ribera Polusa\",\"isPartOf\":{\"@id\":\"https:\/\/riberasalud.com\/polusa\/#website\"},\"primaryImageOfPage\":{\"@id\":\"https:\/\/riberasalud.com\/polusa\/sistemas-de-gestion\/#primaryimage\"},\"image\":{\"@id\":\"https:\/\/riberasalud.com\/polusa\/sistemas-de-gestion\/#primaryimage\"},\"thumbnailUrl\":\"https:\/\/riberasalud.com\/polusa\/wp-content\/uploads\/2024\/06\/acreditaciones_Mesa-de-trabajo-1-1024x819.jpg\",\"datePublished\":\"2021-05-26T07:09:02+00:00\",\"dateModified\":\"2025-07-24T12:16:07+00:00\",\"description\":\"lll\u1405 Sistemas de gesti\u00f3n Pol\u00edticas Para conocer todas las pol\u00edticasPincha aqu\u00ed AENORHuella de carbono CO2 calculado ISO 14001Sistema de Gesti\u00f3n Ambiental ISO \u2705\",\"breadcrumb\":{\"@id\":\"https:\/\/riberasalud.com\/polusa\/sistemas-de-gestion\/#breadcrumb\"},\"inLanguage\":\"es\",\"potentialAction\":[{\"@type\":\"ReadAction\",\"target\":[\"https:\/\/riberasalud.com\/polusa\/sistemas-de-gestion\/\"]}]},{\"@type\":\"ImageObject\",\"inLanguage\":\"es\",\"@id\":\"https:\/\/riberasalud.com\/polusa\/sistemas-de-gestion\/#primaryimage\",\"url\":\"https:\/\/riberasalud.com\/polusa\/wp-content\/uploads\/2024\/06\/acreditaciones_Mesa-de-trabajo-1.jpg\",\"contentUrl\":\"https:\/\/riberasalud.com\/polusa\/wp-content\/uploads\/2024\/06\/acreditaciones_Mesa-de-trabajo-1.jpg\",\"width\":1667,\"height\":1334,\"caption\":\"huella de carbono\"},{\"@type\":\"BreadcrumbList\",\"@id\":\"https:\/\/riberasalud.com\/polusa\/sistemas-de-gestion\/#breadcrumb\",\"itemListElement\":[{\"@type\":\"ListItem\",\"position\":1,\"name\":\"Portada\",\"item\":\"https:\/\/riberasalud.com\/polusa\/\"},{\"@type\":\"ListItem\",\"position\":2,\"name\":\"Sistemas de gesti\u00f3n\"}]},{\"@type\":\"WebSite\",\"@id\":\"https:\/\/riberasalud.com\/polusa\/#website\",\"url\":\"https:\/\/riberasalud.com\/polusa\/\",\"name\":\"Hospital Ribera Polusa\",\"description\":\"\",\"publisher\":{\"@id\":\"https:\/\/riberasalud.com\/polusa\/#organization\"},\"potentialAction\":[{\"@type\":\"SearchAction\",\"target\":{\"@type\":\"EntryPoint\",\"urlTemplate\":\"https:\/\/riberasalud.com\/polusa\/?s={search_term_string}\"},\"query-input\":{\"@type\":\"PropertyValueSpecification\",\"valueRequired\":true,\"valueName\":\"search_term_string\"}}],\"inLanguage\":\"es\"},{\"@type\":\"Organization\",\"@id\":\"https:\/\/riberasalud.com\/polusa\/#organization\",\"name\":\"Hospital Ribera Polusa\",\"url\":\"https:\/\/riberasalud.com\/polusa\/\",\"logo\":{\"@type\":\"ImageObject\",\"inLanguage\":\"es\",\"@id\":\"https:\/\/riberasalud.com\/polusa\/#\/schema\/logo\/image\/\",\"url\":\"https:\/\/riberasalud.com\/polusa\/wp-content\/uploads\/2025\/12\/cropped-cropped-Logo-Red-Polusa-300x76-1.png\",\"contentUrl\":\"https:\/\/riberasalud.com\/polusa\/wp-content\/uploads\/2025\/12\/cropped-cropped-Logo-Red-Polusa-300x76-1.png\",\"width\":300,\"height\":76,\"caption\":\"Hospital Ribera Polusa\"},\"image\":{\"@id\":\"https:\/\/riberasalud.com\/polusa\/#\/schema\/logo\/image\/\"}}]}<\/script>\n<!-- \/ Yoast SEO plugin. -->","yoast_head_json":{"title":"\u25b7 Sistemas de gesti\u00f3n | Hospital Ribera Polusa","description":"lll\u1405 Sistemas de gesti\u00f3n Pol\u00edticas Para conocer todas las pol\u00edticasPincha aqu\u00ed AENORHuella de carbono CO2 calculado ISO 14001Sistema de Gesti\u00f3n Ambiental ISO \u2705","robots":{"index":"index","follow":"follow","max-snippet":"max-snippet:-1","max-image-preview":"max-image-preview:large","max-video-preview":"max-video-preview:-1"},"canonical":"https:\/\/riberasalud.com\/polusa\/sistemas-de-gestion\/","og_locale":"es_ES","og_type":"article","og_title":"\u25b7 Sistemas de gesti\u00f3n | Hospital Ribera Polusa","og_description":"lll\u1405 Sistemas de gesti\u00f3n Pol\u00edticas Para conocer todas las pol\u00edticasPincha aqu\u00ed AENORHuella de carbono CO2 calculado ISO 14001Sistema de Gesti\u00f3n Ambiental ISO \u2705","og_url":"https:\/\/riberasalud.com\/polusa\/sistemas-de-gestion\/","og_site_name":"Hospital Ribera Polusa","article_modified_time":"2025-07-24T12:16:07+00:00","og_image":[{"url":"https:\/\/riberasalud.com\/polusa\/wp-content\/uploads\/2024\/06\/acreditaciones_Mesa-de-trabajo-1-1024x819.jpg","type":"","width":"","height":""}],"twitter_card":"summary_large_image","twitter_misc":{"Tiempo de lectura":"4 minutos"},"schema":{"@context":"https:\/\/schema.org","@graph":[{"@type":"WebPage","@id":"https:\/\/riberasalud.com\/polusa\/sistemas-de-gestion\/","url":"https:\/\/riberasalud.com\/polusa\/sistemas-de-gestion\/","name":"\u25b7 Sistemas de gesti\u00f3n | Hospital Ribera Polusa","isPartOf":{"@id":"https:\/\/riberasalud.com\/polusa\/#website"},"primaryImageOfPage":{"@id":"https:\/\/riberasalud.com\/polusa\/sistemas-de-gestion\/#primaryimage"},"image":{"@id":"https:\/\/riberasalud.com\/polusa\/sistemas-de-gestion\/#primaryimage"},"thumbnailUrl":"https:\/\/riberasalud.com\/polusa\/wp-content\/uploads\/2024\/06\/acreditaciones_Mesa-de-trabajo-1-1024x819.jpg","datePublished":"2021-05-26T07:09:02+00:00","dateModified":"2025-07-24T12:16:07+00:00","description":"lll\u1405 Sistemas de gesti\u00f3n Pol\u00edticas Para conocer todas las pol\u00edticasPincha aqu\u00ed AENORHuella de carbono CO2 calculado ISO 14001Sistema de Gesti\u00f3n Ambiental ISO \u2705","breadcrumb":{"@id":"https:\/\/riberasalud.com\/polusa\/sistemas-de-gestion\/#breadcrumb"},"inLanguage":"es","potentialAction":[{"@type":"ReadAction","target":["https:\/\/riberasalud.com\/polusa\/sistemas-de-gestion\/"]}]},{"@type":"ImageObject","inLanguage":"es","@id":"https:\/\/riberasalud.com\/polusa\/sistemas-de-gestion\/#primaryimage","url":"https:\/\/riberasalud.com\/polusa\/wp-content\/uploads\/2024\/06\/acreditaciones_Mesa-de-trabajo-1.jpg","contentUrl":"https:\/\/riberasalud.com\/polusa\/wp-content\/uploads\/2024\/06\/acreditaciones_Mesa-de-trabajo-1.jpg","width":1667,"height":1334,"caption":"huella de carbono"},{"@type":"BreadcrumbList","@id":"https:\/\/riberasalud.com\/polusa\/sistemas-de-gestion\/#breadcrumb","itemListElement":[{"@type":"ListItem","position":1,"name":"Portada","item":"https:\/\/riberasalud.com\/polusa\/"},{"@type":"ListItem","position":2,"name":"Sistemas de gesti\u00f3n"}]},{"@type":"WebSite","@id":"https:\/\/riberasalud.com\/polusa\/#website","url":"https:\/\/riberasalud.com\/polusa\/","name":"Hospital Ribera Polusa","description":"","publisher":{"@id":"https:\/\/riberasalud.com\/polusa\/#organization"},"potentialAction":[{"@type":"SearchAction","target":{"@type":"EntryPoint","urlTemplate":"https:\/\/riberasalud.com\/polusa\/?s={search_term_string}"},"query-input":{"@type":"PropertyValueSpecification","valueRequired":true,"valueName":"search_term_string"}}],"inLanguage":"es"},{"@type":"Organization","@id":"https:\/\/riberasalud.com\/polusa\/#organization","name":"Hospital Ribera Polusa","url":"https:\/\/riberasalud.com\/polusa\/","logo":{"@type":"ImageObject","inLanguage":"es","@id":"https:\/\/riberasalud.com\/polusa\/#\/schema\/logo\/image\/","url":"https:\/\/riberasalud.com\/polusa\/wp-content\/uploads\/2025\/12\/cropped-cropped-Logo-Red-Polusa-300x76-1.png","contentUrl":"https:\/\/riberasalud.com\/polusa\/wp-content\/uploads\/2025\/12\/cropped-cropped-Logo-Red-Polusa-300x76-1.png","width":300,"height":76,"caption":"Hospital Ribera Polusa"},"image":{"@id":"https:\/\/riberasalud.com\/polusa\/#\/schema\/logo\/image\/"}}]}},"pbg_featured_image_src":{"full":false,"thumbnail":false,"medium":false,"medium_large":false,"large":false,"xl":false,"xxl":false,"xxxl":false,"xxxxl":false,"xxxxxl":false,"1536x1536":false,"2048x2048":false},"pbg_author_info":{"display_name":"jorge@quois.com","author_link":"https:\/\/riberasalud.com\/polusa\/author\/jorgequois-com\/","author_img":"<img alt='jorge@quois.com' src='https:\/\/secure.gravatar.com\/avatar\/bca8cccf11ce6757dcdec6ce293d120c16d33c83aeb423357cce3f49f3abae94?s=128&#038;d=mm&#038;r=g' srcset='https:\/\/secure.gravatar.com\/avatar\/bca8cccf11ce6757dcdec6ce293d120c16d33c83aeb423357cce3f49f3abae94?s=256&#038;d=mm&#038;r=g 2x' class='avatar avatar-128 photo' height='128' width='128' loading='lazy' decoding='async'\/>"},"pbg_comment_info":" No Comments","pbg_excerpt":"Sistemas de gesti\u00f3n Pol\u00edticas Para conocer todas las pol\u00edticasPincha aqu\u00ed AENORHuella de carbono CO2 calculado ISO 14001Sistema de Gesti\u00f3n Ambiental ISO 9001Sistema de Gesti\u00f3n de Calidad Huella de Carbono2022 UNE 179003Norma de seguridad del paciente Reconocimiento QH*a la excelencia en Calidad Asistencial XUNTA DE GALICIACentro acreditado por la Conseller\u00eda de Sanidad Compromiso Medioambiental Caldera de&hellip;","uagb_featured_image_src":{"full":false,"thumbnail":false,"medium":false,"medium_large":false,"large":false,"xl":false,"xxl":false,"xxxl":false,"xxxxl":false,"xxxxxl":false,"1536x1536":false,"2048x2048":false},"uagb_author_info":{"display_name":"jorge@quois.com","author_link":"https:\/\/riberasalud.com\/polusa\/author\/jorgequois-com\/"},"uagb_comment_info":0,"uagb_excerpt":"Sistemas de gesti\u00f3n Pol\u00edticas Para conocer todas las pol\u00edticasPincha aqu\u00ed AENORHuella de carbono CO2 calculado ISO 14001Sistema de Gesti\u00f3n Ambiental ISO 9001Sistema de Gesti\u00f3n de Calidad Huella de Carbono2022 UNE 179003Norma de seguridad del paciente Reconocimiento QH*a la excelencia en Calidad Asistencial XUNTA DE GALICIACentro acreditado por la Conseller\u00eda de Sanidad Compromiso Medioambiental Caldera de&hellip;","_links":{"self":[{"href":"https:\/\/riberasalud.com\/polusa\/wp-json\/wp\/v2\/pages\/35","targetHints":{"allow":["GET"]}}],"collection":[{"href":"https:\/\/riberasalud.com\/polusa\/wp-json\/wp\/v2\/pages"}],"about":[{"href":"https:\/\/riberasalud.com\/polusa\/wp-json\/wp\/v2\/types\/page"}],"author":[{"embeddable":true,"href":"https:\/\/riberasalud.com\/polusa\/wp-json\/wp\/v2\/users\/1"}],"replies":[{"embeddable":true,"href":"https:\/\/riberasalud.com\/polusa\/wp-json\/wp\/v2\/comments?post=35"}],"version-history":[{"count":34,"href":"https:\/\/riberasalud.com\/polusa\/wp-json\/wp\/v2\/pages\/35\/revisions"}],"predecessor-version":[{"id":4918,"href":"https:\/\/riberasalud.com\/polusa\/wp-json\/wp\/v2\/pages\/35\/revisions\/4918"}],"wp:attachment":[{"href":"https:\/\/riberasalud.com\/polusa\/wp-json\/wp\/v2\/media?parent=35"}],"curies":[{"name":"wp","href":"https:\/\/api.w.org\/{rel}","templated":true}]}}