{"id":318,"date":"2021-06-03T08:23:09","date_gmt":"2021-06-03T08:23:09","guid":{"rendered":"https:\/\/riberasalud.com\/polusa\/?page_id=318"},"modified":"2024-10-23T06:39:46","modified_gmt":"2024-10-23T06:39:46","slug":"cuadro-medico","status":"publish","type":"page","link":"https:\/\/riberasalud.com\/polusa\/cuadro-medico\/","title":{"rendered":"Cuadro m\u00e9dico"},"content":{"rendered":"\n<div class=\"wp-block-group backgroundbanner\"><div class=\"wp-block-group__inner-container is-layout-flow wp-block-group-is-layout-flow\">\n<p class=\"has-text-align-center\" style=\"font-size:40px\"><span style=\"color: #4b4a4a;\" class=\"ugb-highlight\">Cuadro m\u00e9dico<\/span><\/p>\n<\/div><\/div>\n\n\n\n<div class=\"wp-block-group\"><div class=\"wp-block-group__inner-container is-layout-flow wp-block-group-is-layout-flow\">\n<table id=\"tablepress-3\" class=\"tablepress tablepress-id-3\">\n<thead>\n<tr class=\"row-1\">\n\t<th class=\"column-1\">Especialidad<\/th><th class=\"column-2\">Especialista<\/th><th class=\"column-3\">Vinculado al hospital<\/th><th class=\"column-4\">N\u00famero de registro<\/th>\n<\/tr>\n<\/thead>\n<tbody class=\"row-striping row-hover\">\n<tr class=\"row-2\">\n\t<td class=\"column-1\">Alergolog\u00eda<\/td><td class=\"column-2\">Dr. Joaqu\u00edn Mart\u00edn L\u00e1zaro<\/td><td class=\"column-3\">No<\/td><td class=\"column-4\">C-27-001104<\/td>\n<\/tr>\n<tr class=\"row-3\">\n\t<td class=\"column-1\">Anestesia y Reanimaci\u00f3n<\/td><td class=\"column-2\">Dr. Carlos Fern\u00e1ndez Ramos<\/td><td class=\"column-3\">S\u00ed<\/td><td class=\"column-4\">C-27-000097<\/td>\n<\/tr>\n<tr class=\"row-4\">\n\t<td class=\"column-1\"><\/td><td class=\"column-2\">Dr. Carlos Portela Alvarez<\/td><td class=\"column-3\">S\u00ed<\/td><td class=\"column-4\">C-27-000097<\/td>\n<\/tr>\n<tr class=\"row-5\">\n\t<td class=\"column-1\"><\/td><td class=\"column-2\">Dr. Jos\u00e9 Carlos Rodriguez Mouriz<\/td><td class=\"column-3\">S\u00ed<\/td><td class=\"column-4\">323201097<\/td>\n<\/tr>\n<tr class=\"row-6\">\n\t<td class=\"column-1\"><\/td><td class=\"column-2\">Dr. Juan Ferreiro Gonz\u00e1lez<\/td><td class=\"column-3\">No<\/td><td class=\"column-4\">272702025<\/td>\n<\/tr>\n<tr class=\"row-7\">\n\t<td class=\"column-1\"><\/td><td class=\"column-2\">Dr. Iv\u00e1n Arazo Iglesias<\/td><td class=\"column-3\">No<\/td><td class=\"column-4\"><\/td>\n<\/tr>\n<tr class=\"row-8\">\n\t<td class=\"column-1\">Angiolog\u00eda y Cirug\u00eda Vascular<\/td><td class=\"column-2\">Dr. Jose Mar\u00eda Garc\u00eda Colodro<\/td><td class=\"column-3\">S\u00ed<\/td><td class=\"column-4\">C-27-000097<\/td>\n<\/tr>\n<tr class=\"row-9\">\n\t<td class=\"column-1\"><\/td><td class=\"column-2\">Dr. Luis Franco N\u00fa\u00f1ez<\/td><td class=\"column-3\">No<\/td><td class=\"column-4\">C-27-001055<\/td>\n<\/tr>\n<tr class=\"row-10\">\n\t<td class=\"column-1\">Aparato Digestivo<\/td><td class=\"column-2\">Dr \u00c1ngel Lancho Seco<\/td><td class=\"column-3\">S\u00ed<\/td><td class=\"column-4\">C-27-000097<\/td>\n<\/tr>\n<tr class=\"row-11\">\n\t<td class=\"column-1\">Cardiolog\u00eda<\/td><td class=\"column-2\">Dr J. Emiliano Cascallana<\/td><td class=\"column-3\">S\u00ed<\/td><td class=\"column-4\">C-27-000097<\/td>\n<\/tr>\n<tr class=\"row-12\">\n\t<td class=\"column-1\"><\/td><td class=\"column-2\">Dra. Noelia Rojo Prieto<\/td><td class=\"column-3\">Si<\/td><td class=\"column-4\">C-27-000097<\/td>\n<\/tr>\n<tr class=\"row-13\">\n\t<td class=\"column-1\"><\/td><td class=\"column-2\">Dr. Carlos Gonz\u00e1lez Juanatey<\/td><td class=\"column-3\">No<\/td><td class=\"column-4\">C-27-001010<\/td>\n<\/tr>\n<tr class=\"row-14\">\n\t<td class=\"column-1\">Cirug\u00eda General<\/td><td class=\"column-2\">Dr. Al\u00ed M. Salem El Qurneh<\/td><td class=\"column-3\">S\u00ed<\/td><td class=\"column-4\">C-27-000097<\/td>\n<\/tr>\n<tr class=\"row-15\">\n\t<td class=\"column-1\"><\/td><td class=\"column-2\">Dr. Juan P. Alarc\u00f3n Caballero<\/td><td class=\"column-3\">S\u00ed<\/td><td class=\"column-4\">C-27-000097<\/td>\n<\/tr>\n<tr class=\"row-16\">\n\t<td class=\"column-1\"><\/td><td class=\"column-2\">Dr. Jes\u00fas G. Rosales Juega<\/td><td class=\"column-3\">No<\/td><td class=\"column-4\">C-27-001201<\/td>\n<\/tr>\n<tr class=\"row-17\">\n\t<td class=\"column-1\">Cirug\u00eda Maxilofacial<\/td><td class=\"column-2\">Dra. Soledad Gonz\u00e1lez M\u00e9ndez<\/td><td class=\"column-3\">S\u00ed<\/td><td class=\"column-4\">C-27-000097<\/td>\n<\/tr>\n<tr class=\"row-18\">\n\t<td class=\"column-1\"><\/td><td class=\"column-2\">Dr. Miguel Angel Solano Garcia<\/td><td class=\"column-3\">S\u00ed<\/td><td class=\"column-4\">C-27-000097<\/td>\n<\/tr>\n<tr class=\"row-19\">\n\t<td class=\"column-1\"><\/td><td class=\"column-2\">Dr. Jos\u00e9 Mar\u00eda Garc\u00eda Rielo<\/td><td class=\"column-3\">S\u00ed<\/td><td class=\"column-4\">C-27-000097<\/td>\n<\/tr>\n<tr class=\"row-20\">\n\t<td class=\"column-1\">Dermatolog\u00eda<\/td><td class=\"column-2\">Dr. Javier Concheiro Cao<\/td><td class=\"column-3\">S\u00ed<\/td><td class=\"column-4\">C-27-000097<\/td>\n<\/tr>\n<tr class=\"row-21\">\n\t<td class=\"column-1\"><\/td><td class=\"column-2\">Dr. Juan Manuel Barja L\u00f3pez<\/td><td class=\"column-3\">No<\/td><td class=\"column-4\">C-27-001100<\/td>\n<\/tr>\n<tr class=\"row-22\">\n\t<td class=\"column-1\">Geriatr\u00eda<\/td><td class=\"column-2\">Dr. Jos\u00e9 Ram\u00f3n Mart\u00ednez Calvo<\/td><td class=\"column-3\">No<\/td><td class=\"column-4\">C-27-001031<\/td>\n<\/tr>\n<tr class=\"row-23\">\n\t<td class=\"column-1\">Ginecolog\u00eda y Obstetricia<\/td><td class=\"column-2\">Dr. Fernando Cobi\u00e1n S\u00e1nchez<\/td><td class=\"column-3\">S\u00ed<\/td><td class=\"column-4\">C-27-000097<\/td>\n<\/tr>\n<tr class=\"row-24\">\n\t<td class=\"column-1\">Ginecolog\u00eda<\/td><td class=\"column-2\">Dr. Domingo Mart\u00ednez de la Riva Etcheverria<\/td><td class=\"column-3\">S\u00ed<\/td><td class=\"column-4\">C-27-000097<\/td>\n<\/tr>\n<tr class=\"row-25\">\n\t<td class=\"column-1\"><\/td><td class=\"column-2\">Dra. Luz Marina M\u00e1rquez Torres<\/td><td class=\"column-3\">S\u00ed<\/td><td class=\"column-4\">C-27-000097<\/td>\n<\/tr>\n<tr class=\"row-26\">\n\t<td class=\"column-1\">Hematolog\u00eda Cl\u00ednica<\/td><td class=\"column-2\">Dr. Dambert S. Gallo Cavero<\/td><td class=\"column-3\">S\u00ed<\/td><td class=\"column-4\">C-27-000097<\/td>\n<\/tr>\n<tr class=\"row-27\">\n\t<td class=\"column-1\">Logopedia<\/td><td class=\"column-2\">Dra. Lorena Legaspi Rodr\u00edguez<\/td><td class=\"column-3\">S\u00ed<\/td><td class=\"column-4\">C-27-000097<\/td>\n<\/tr>\n<tr class=\"row-28\">\n\t<td class=\"column-1\">Medicina del Trabajo<\/td><td class=\"column-2\">Dr. Emilio Almagro P\u00e9rez<\/td><td class=\"column-3\">S\u00ed<\/td><td class=\"column-4\">C-27-000097<\/td>\n<\/tr>\n<tr class=\"row-29\">\n\t<td class=\"column-1\">Medicina Est\u00e9tica<\/td><td class=\"column-2\">Dra. Laura Fern\u00e1ndez Garc\u00eda<\/td><td class=\"column-3\">S\u00ed<\/td><td class=\"column-4\">C-27-000097<\/td>\n<\/tr>\n<tr class=\"row-30\">\n\t<td class=\"column-1\">Medicina General<\/td><td class=\"column-2\">Dr. Gustavo Jos\u00e9 S\u00e1nchez Hern\u00e1ndez<\/td><td class=\"column-3\">S\u00ed<\/td><td class=\"column-4\">C-27-000097<\/td>\n<\/tr>\n<tr class=\"row-31\">\n\t<td class=\"column-1\">Medicina Interna<\/td><td class=\"column-2\">Dr. Jos\u00e9 M. Cerqueiro Gonz\u00e1lez<\/td><td class=\"column-3\">No<\/td><td class=\"column-4\">C-27-001113<\/td>\n<\/tr>\n<tr class=\"row-32\">\n\t<td class=\"column-1\">Nefrologia<\/td><td class=\"column-2\">Dr. Secundino Jose Cigarran Guldris<\/td><td class=\"column-3\">S\u00ed<\/td><td class=\"column-4\">C-27-000097<\/td>\n<\/tr>\n<tr class=\"row-33\">\n\t<td class=\"column-1\">Neurofisiolog\u00eda<\/td><td class=\"column-2\">Dr. Edgar Escalona Velasques<\/td><td class=\"column-3\">S\u00ed<\/td><td class=\"column-4\">C-27-000097<\/td>\n<\/tr>\n<tr class=\"row-34\">\n\t<td class=\"column-1\"><\/td><td class=\"column-2\">Dr. Arsenio V\u00e1zquez Feito<\/td><td class=\"column-3\">S\u00ed<\/td><td class=\"column-4\">C-27-000097<\/td>\n<\/tr>\n<tr class=\"row-35\">\n\t<td class=\"column-1\">Neurocirug\u00eda<\/td><td class=\"column-2\">Dr. Rodrigo Pedrosa Sobrido<\/td><td class=\"column-3\">S\u00ed<\/td><td class=\"column-4\">C-27-000097<\/td>\n<\/tr>\n<tr class=\"row-36\">\n\t<td class=\"column-1\">Neurologia<\/td><td class=\"column-2\">Dra. Maria Vanesa Fraga Vilanova<\/td><td class=\"column-3\">S\u00ed<\/td><td class=\"column-4\">C-27-000097<\/td>\n<\/tr>\n<tr class=\"row-37\">\n\t<td class=\"column-1\">Nutrici\u00f3n<\/td><td class=\"column-2\">Marta Pumar Novoa<\/td><td class=\"column-3\">S\u00ed<\/td><td class=\"column-4\">C-27-000097<\/td>\n<\/tr>\n<tr class=\"row-38\">\n\t<td class=\"column-1\">Odontolog\u00eda\/Estomatolog\u00eda<\/td><td class=\"column-2\">Dr. Joaquin Mendon\u00e7a Caridad<\/td><td class=\"column-3\">No<\/td><td class=\"column-4\">C-27-001125<\/td>\n<\/tr>\n<tr class=\"row-39\">\n\t<td class=\"column-1\">Oftalmolog\u00eda<\/td><td class=\"column-2\">Dr. Eduardo Iglesias Garc\u00eda<\/td><td class=\"column-3\">S\u00ed<\/td><td class=\"column-4\">C-27-000097<\/td>\n<\/tr>\n<tr class=\"row-40\">\n\t<td class=\"column-1\"><\/td><td class=\"column-2\">Dr. Pascual F\u00faster Rodr\u00edguez<\/td><td class=\"column-3\">S\u00ed<\/td><td class=\"column-4\">C-27-000097<\/td>\n<\/tr>\n<tr class=\"row-41\">\n\t<td class=\"column-1\">Otorrinolaringolog\u00eda<\/td><td class=\"column-2\">Dr. Miguel Mayo Ya\u00f1ez<\/td><td class=\"column-3\">S\u00ed<\/td><td class=\"column-4\">C-27-000097<\/td>\n<\/tr>\n<tr class=\"row-42\">\n\t<td class=\"column-1\"><\/td><td class=\"column-2\">Dr. Antonio de la Iglesia L\u00f3pez<\/td><td class=\"column-3\">S\u00ed<\/td><td class=\"column-4\">C-27-000097<\/td>\n<\/tr>\n<tr class=\"row-43\">\n\t<td class=\"column-1\"><\/td><td class=\"column-2\">Dra. Mar\u00eda Men\u00e9ndez Riera<\/td><td class=\"column-3\">S\u00ed<\/td><td class=\"column-4\">C-27-000097<\/td>\n<\/tr>\n<tr class=\"row-44\">\n\t<td class=\"column-1\"><\/td><td class=\"column-2\">Dr. Byron Felipe Maldonado Alvarado<\/td><td class=\"column-3\">S\u00ed<\/td><td class=\"column-4\">C-27-000097<\/td>\n<\/tr>\n<tr class=\"row-45\">\n\t<td class=\"column-1\"><\/td><td class=\"column-2\">Dr. Pedro Juiz L\u00f3pez<\/td><td class=\"column-3\">No<\/td><td class=\"column-4\">C-27-001032<\/td>\n<\/tr>\n<tr class=\"row-46\">\n\t<td class=\"column-1\">Podolog\u00eda<\/td><td class=\"column-2\">Dra. Danae Santiago D\u00edaz<\/td><td class=\"column-3\">S\u00ed<\/td><td class=\"column-4\">C-27-000097<\/td>\n<\/tr>\n<tr class=\"row-47\">\n\t<td class=\"column-1\">Psicolog\u00eda<\/td><td class=\"column-2\">Maria Novo Arias<\/td><td class=\"column-3\">S\u00ed<\/td><td class=\"column-4\">C-27-000097<\/td>\n<\/tr>\n<tr class=\"row-48\">\n\t<td class=\"column-1\"><\/td><td class=\"column-2\">Steisy de la Torre Barona<\/td><td class=\"column-3\">S\u00ed<\/td><td class=\"column-4\">C-27-000097<\/td>\n<\/tr>\n<tr class=\"row-49\">\n\t<td class=\"column-1\">Radiodiagn\u00f3stico<\/td><td class=\"column-2\">Dr. Manuel Lauda Corch\u00f3n<\/td><td class=\"column-3\">S\u00ed<\/td><td class=\"column-4\">C-27-000097<\/td>\n<\/tr>\n<tr class=\"row-50\">\n\t<td class=\"column-1\">Rehabilitacion<\/td><td class=\"column-2\">Dra. Morelva Maria Pi\u00f1eiro Temprano<\/td><td class=\"column-3\">S\u00ed<\/td><td class=\"column-4\">C-27-000097<\/td>\n<\/tr>\n<tr class=\"row-51\">\n\t<td class=\"column-1\">Reumatolog\u00eda<\/td><td class=\"column-2\">Dra. Carlota Laura I\u00f1iguez Ubiaga<\/td><td class=\"column-3\">S\u00ed<\/td><td class=\"column-4\">C-27-000097<\/td>\n<\/tr>\n<tr class=\"row-52\">\n\t<td class=\"column-1\">Traumatolog\u00eda y Ortopedia<\/td><td class=\"column-2\">Dr. Gonzalo Couceiro S\u00e1nchez<\/td><td class=\"column-3\">S\u00ed<\/td><td class=\"column-4\">C-27-000097<\/td>\n<\/tr>\n<tr class=\"row-53\">\n\t<td class=\"column-1\"><\/td><td class=\"column-2\">Dr. Albert Grau Escarr\u00e9<\/td><td class=\"column-3\">S\u00ed<\/td><td class=\"column-4\">C-27-000097<\/td>\n<\/tr>\n<tr class=\"row-54\">\n\t<td class=\"column-1\"><\/td><td class=\"column-2\">Dr. Fernando Gonz\u00e1lez del Castillo Campos<\/td><td class=\"column-3\">S\u00ed<\/td><td class=\"column-4\">C-27-000097<\/td>\n<\/tr>\n<tr class=\"row-55\">\n\t<td class=\"column-1\"><\/td><td class=\"column-2\">Dr. Gabriel S\u00e1nchez Mazariegos<\/td><td class=\"column-3\">S\u00ed<\/td><td class=\"column-4\">C-27-000097<\/td>\n<\/tr>\n<tr class=\"row-56\">\n\t<td class=\"column-1\"><\/td><td class=\"column-2\">Dr. Carlos Jos\u00e9 Fern\u00e1ndez Mart\u00ednez<\/td><td class=\"column-3\">S\u00ed<\/td><td class=\"column-4\">C-27-000097<\/td>\n<\/tr>\n<tr class=\"row-57\">\n\t<td class=\"column-1\"><\/td><td class=\"column-2\">Dr. Renzo Chavez Reyes<\/td><td class=\"column-3\">S\u00ed<\/td><td class=\"column-4\">C-27-000097<\/td>\n<\/tr>\n<tr class=\"row-58\">\n\t<td class=\"column-1\">Unidad de Procesos Cr\u00f3nicos<\/td><td class=\"column-2\">Dr. Luis Senra Armas<\/td><td class=\"column-3\">S\u00ed<\/td><td class=\"column-4\">C-27-000097<\/td>\n<\/tr>\n<tr class=\"row-59\">\n\t<td class=\"column-1\">Unidad de Da\u00f1o Corporal<\/td><td class=\"column-2\">Dr. Roberto D\u00edaz Luaces<\/td><td class=\"column-3\">S\u00ed<\/td><td class=\"column-4\">C-27-000097<\/td>\n<\/tr>\n<tr class=\"row-60\">\n\t<td class=\"column-1\">Unidad del Dolor<\/td><td class=\"column-2\">Dr. Carlos Fern\u00e1ndez Ramos<\/td><td class=\"column-3\">S\u00ed<\/td><td class=\"column-4\">C-27-000097<\/td>\n<\/tr>\n<tr class=\"row-61\">\n\t<td class=\"column-1\">Unidad de Lesionados<\/td><td class=\"column-2\">Dr. German Vizcarra Costa<\/td><td class=\"column-3\">S\u00ed<\/td><td class=\"column-4\">C-27-000097<\/td>\n<\/tr>\n<tr class=\"row-62\">\n\t<td class=\"column-1\">Urgencias<\/td><td class=\"column-2\">Dr. Roberto D\u00edaz Luaces<\/td><td class=\"column-3\">S\u00ed<\/td><td class=\"column-4\">C-27-000097<\/td>\n<\/tr>\n<tr class=\"row-63\">\n\t<td class=\"column-1\"><\/td><td class=\"column-2\">Dr. Adri\u00e1n Falcon Torres<\/td><td class=\"column-3\">S\u00ed<\/td><td class=\"column-4\">C-27-000097<\/td>\n<\/tr>\n<tr class=\"row-64\">\n\t<td class=\"column-1\"><\/td><td class=\"column-2\">Dr. Juan Diego Villa C\u00e1rdenas<\/td><td class=\"column-3\">S\u00ed<\/td><td class=\"column-4\">C-27-000097<\/td>\n<\/tr>\n<tr class=\"row-65\">\n\t<td class=\"column-1\"><\/td><td class=\"column-2\">Dr. Hugo Montoya Sordo<\/td><td class=\"column-3\">S\u00ed<\/td><td class=\"column-4\">C-27-000097<\/td>\n<\/tr>\n<tr class=\"row-66\">\n\t<td class=\"column-1\"><\/td><td class=\"column-2\">Dr. Sebasti\u00e1n Camilo Casadiego Rojas<\/td><td class=\"column-3\">S\u00ed<\/td><td class=\"column-4\">C-27-000097<\/td>\n<\/tr>\n<tr class=\"row-67\">\n\t<td class=\"column-1\">Urolog\u00eda<\/td><td class=\"column-2\">Dr. \u00c1ngel N\u00fa\u00f1ez L\u00f3pez<\/td><td class=\"column-3\">S\u00ed<\/td><td class=\"column-4\">C-27-000097<\/td>\n<\/tr>\n<tr class=\"row-68\">\n\t<td class=\"column-1\"><\/td><td class=\"column-2\">Dr. Fco. Javier Neira Pampin<\/td><td class=\"column-3\">No<\/td><td class=\"column-4\">C-27-001029<\/td>\n<\/tr>\n<\/tbody>\n<\/table>\n<!-- #tablepress-3 from cache -->\n<\/div><\/div>\n","protected":false},"excerpt":{"rendered":"<p>Cuadro m\u00e9dico<\/p>\n","protected":false},"author":1,"featured_media":0,"parent":0,"menu_order":0,"comment_status":"closed","ping_status":"closed","template":"","meta":{"_coblocks_attr":"","_coblocks_dimensions":"","_coblocks_responsive_height":"","_coblocks_accordion_ie_support":"","_uag_custom_page_level_css":"","footnotes":""},"class_list":["post-318","page","type-page","status-publish"],"featured_image_urls_v2":{"full":"","thumbnail":"","medium":"","medium_large":"","large":"","xl":"","xxl":"","xxxl":"","xxxxl":"","xxxxxl":"","1536x1536":"","2048x2048":""},"post_excerpt_stackable_v2":"<p>Cuadro m\u00e9dico EspecialidadEspecialistaVinculado al hospitalN\u00famero de registro Alergolog\u00edaDr. Joaqu\u00edn Mart\u00edn L\u00e1zaroNoC-27-001104 Anestesia y Reanimaci\u00f3nDr. Carlos Fern\u00e1ndez RamosS\u00edC-27-000097 Dr. Carlos Portela AlvarezS\u00edC-27-000097 Dr. Jos\u00e9 Carlos Rodriguez MourizS\u00ed323201097 Dr. Juan Ferreiro Gonz\u00e1lezNo272702025 Dr. Iv\u00e1n Arazo IglesiasNo Angiolog\u00eda y Cirug\u00eda VascularDr. Jose Mar\u00eda Garc\u00eda ColodroS\u00edC-27-000097 Dr. Luis Franco N\u00fa\u00f1ezNoC-27-001055 Aparato DigestivoDr \u00c1ngel Lancho SecoS\u00edC-27-000097 Cardiolog\u00edaDr J. Emiliano CascallanaS\u00edC-27-000097 Dra. Noelia Rojo PrietoSiC-27-000097 Dr. Carlos Gonz\u00e1lez JuanateyNoC-27-001010 Cirug\u00eda GeneralDr. Al\u00ed M. Salem El QurnehS\u00edC-27-000097 Dr. Juan P. Alarc\u00f3n CaballeroS\u00edC-27-000097 Dr. Jes\u00fas G. Rosales JuegaNoC-27-001201 Cirug\u00eda MaxilofacialDra. Soledad Gonz\u00e1lez M\u00e9ndezS\u00edC-27-000097 Dr. Miguel Angel Solano GarciaS\u00edC-27-000097 Dr. Jos\u00e9 Mar\u00eda Garc\u00eda RieloS\u00edC-27-000097 Dermatolog\u00edaDr. Javier Concheiro CaoS\u00edC-27-000097 Dr.&hellip;<\/p>\n","category_list_v2":"","author_info_v2":{"name":"jorge@quois.com","url":"https:\/\/riberasalud.com\/polusa\/author\/jorgequois-com\/"},"comments_num_v2":"0 comentarios","yoast_head":"<!-- This site is optimized with the Yoast SEO plugin v26.6 - https:\/\/yoast.com\/wordpress\/plugins\/seo\/ -->\n<title>\u25b7 Cuadro m\u00e9dico | Hospital Ribera Polusa<\/title>\n<meta name=\"description\" content=\"lll\u1405 Cuadro m\u00e9dico \u2705\" \/>\n<meta name=\"robots\" content=\"index, follow, max-snippet:-1, max-image-preview:large, max-video-preview:-1\" \/>\n<link rel=\"canonical\" href=\"https:\/\/riberasalud.com\/polusa\/cuadro-medico\/\" \/>\n<meta property=\"og:locale\" content=\"es_ES\" \/>\n<meta property=\"og:type\" content=\"article\" \/>\n<meta property=\"og:title\" content=\"\u25b7 Cuadro m\u00e9dico | Hospital Ribera Polusa\" \/>\n<meta property=\"og:description\" content=\"lll\u1405 Cuadro m\u00e9dico \u2705\" \/>\n<meta property=\"og:url\" content=\"https:\/\/riberasalud.com\/polusa\/cuadro-medico\/\" \/>\n<meta property=\"og:site_name\" content=\"Hospital Ribera Polusa\" \/>\n<meta property=\"article:modified_time\" content=\"2024-10-23T06:39:46+00:00\" \/>\n<meta name=\"twitter:card\" content=\"summary_large_image\" \/>\n<meta name=\"twitter:label1\" content=\"Tiempo de lectura\" \/>\n\t<meta name=\"twitter:data1\" content=\"1 minuto\" \/>\n<script type=\"application\/ld+json\" class=\"yoast-schema-graph\">{\"@context\":\"https:\/\/schema.org\",\"@graph\":[{\"@type\":\"WebPage\",\"@id\":\"https:\/\/riberasalud.com\/polusa\/cuadro-medico\/\",\"url\":\"https:\/\/riberasalud.com\/polusa\/cuadro-medico\/\",\"name\":\"\u25b7 Cuadro m\u00e9dico | Hospital Ribera Polusa\",\"isPartOf\":{\"@id\":\"https:\/\/riberasalud.com\/polusa\/#website\"},\"datePublished\":\"2021-06-03T08:23:09+00:00\",\"dateModified\":\"2024-10-23T06:39:46+00:00\",\"description\":\"lll\u1405 Cuadro m\u00e9dico \u2705\",\"breadcrumb\":{\"@id\":\"https:\/\/riberasalud.com\/polusa\/cuadro-medico\/#breadcrumb\"},\"inLanguage\":\"es\",\"potentialAction\":[{\"@type\":\"ReadAction\",\"target\":[\"https:\/\/riberasalud.com\/polusa\/cuadro-medico\/\"]}]},{\"@type\":\"BreadcrumbList\",\"@id\":\"https:\/\/riberasalud.com\/polusa\/cuadro-medico\/#breadcrumb\",\"itemListElement\":[{\"@type\":\"ListItem\",\"position\":1,\"name\":\"Portada\",\"item\":\"https:\/\/riberasalud.com\/polusa\/\"},{\"@type\":\"ListItem\",\"position\":2,\"name\":\"Cuadro m\u00e9dico\"}]},{\"@type\":\"WebSite\",\"@id\":\"https:\/\/riberasalud.com\/polusa\/#website\",\"url\":\"https:\/\/riberasalud.com\/polusa\/\",\"name\":\"Hospital Ribera Polusa\",\"description\":\"\",\"publisher\":{\"@id\":\"https:\/\/riberasalud.com\/polusa\/#organization\"},\"potentialAction\":[{\"@type\":\"SearchAction\",\"target\":{\"@type\":\"EntryPoint\",\"urlTemplate\":\"https:\/\/riberasalud.com\/polusa\/?s={search_term_string}\"},\"query-input\":{\"@type\":\"PropertyValueSpecification\",\"valueRequired\":true,\"valueName\":\"search_term_string\"}}],\"inLanguage\":\"es\"},{\"@type\":\"Organization\",\"@id\":\"https:\/\/riberasalud.com\/polusa\/#organization\",\"name\":\"Hospital Ribera Polusa\",\"url\":\"https:\/\/riberasalud.com\/polusa\/\",\"logo\":{\"@type\":\"ImageObject\",\"inLanguage\":\"es\",\"@id\":\"https:\/\/riberasalud.com\/polusa\/#\/schema\/logo\/image\/\",\"url\":\"https:\/\/riberasalud.com\/polusa\/wp-content\/uploads\/2025\/12\/cropped-cropped-Logo-Red-Polusa-300x76-1.png\",\"contentUrl\":\"https:\/\/riberasalud.com\/polusa\/wp-content\/uploads\/2025\/12\/cropped-cropped-Logo-Red-Polusa-300x76-1.png\",\"width\":300,\"height\":76,\"caption\":\"Hospital Ribera Polusa\"},\"image\":{\"@id\":\"https:\/\/riberasalud.com\/polusa\/#\/schema\/logo\/image\/\"}}]}<\/script>\n<!-- \/ Yoast SEO plugin. -->","yoast_head_json":{"title":"\u25b7 Cuadro m\u00e9dico | Hospital Ribera Polusa","description":"lll\u1405 Cuadro m\u00e9dico \u2705","robots":{"index":"index","follow":"follow","max-snippet":"max-snippet:-1","max-image-preview":"max-image-preview:large","max-video-preview":"max-video-preview:-1"},"canonical":"https:\/\/riberasalud.com\/polusa\/cuadro-medico\/","og_locale":"es_ES","og_type":"article","og_title":"\u25b7 Cuadro m\u00e9dico | Hospital Ribera Polusa","og_description":"lll\u1405 Cuadro m\u00e9dico \u2705","og_url":"https:\/\/riberasalud.com\/polusa\/cuadro-medico\/","og_site_name":"Hospital Ribera Polusa","article_modified_time":"2024-10-23T06:39:46+00:00","twitter_card":"summary_large_image","twitter_misc":{"Tiempo de lectura":"1 minuto"},"schema":{"@context":"https:\/\/schema.org","@graph":[{"@type":"WebPage","@id":"https:\/\/riberasalud.com\/polusa\/cuadro-medico\/","url":"https:\/\/riberasalud.com\/polusa\/cuadro-medico\/","name":"\u25b7 Cuadro m\u00e9dico | Hospital Ribera Polusa","isPartOf":{"@id":"https:\/\/riberasalud.com\/polusa\/#website"},"datePublished":"2021-06-03T08:23:09+00:00","dateModified":"2024-10-23T06:39:46+00:00","description":"lll\u1405 Cuadro m\u00e9dico \u2705","breadcrumb":{"@id":"https:\/\/riberasalud.com\/polusa\/cuadro-medico\/#breadcrumb"},"inLanguage":"es","potentialAction":[{"@type":"ReadAction","target":["https:\/\/riberasalud.com\/polusa\/cuadro-medico\/"]}]},{"@type":"BreadcrumbList","@id":"https:\/\/riberasalud.com\/polusa\/cuadro-medico\/#breadcrumb","itemListElement":[{"@type":"ListItem","position":1,"name":"Portada","item":"https:\/\/riberasalud.com\/polusa\/"},{"@type":"ListItem","position":2,"name":"Cuadro m\u00e9dico"}]},{"@type":"WebSite","@id":"https:\/\/riberasalud.com\/polusa\/#website","url":"https:\/\/riberasalud.com\/polusa\/","name":"Hospital Ribera Polusa","description":"","publisher":{"@id":"https:\/\/riberasalud.com\/polusa\/#organization"},"potentialAction":[{"@type":"SearchAction","target":{"@type":"EntryPoint","urlTemplate":"https:\/\/riberasalud.com\/polusa\/?s={search_term_string}"},"query-input":{"@type":"PropertyValueSpecification","valueRequired":true,"valueName":"search_term_string"}}],"inLanguage":"es"},{"@type":"Organization","@id":"https:\/\/riberasalud.com\/polusa\/#organization","name":"Hospital Ribera Polusa","url":"https:\/\/riberasalud.com\/polusa\/","logo":{"@type":"ImageObject","inLanguage":"es","@id":"https:\/\/riberasalud.com\/polusa\/#\/schema\/logo\/image\/","url":"https:\/\/riberasalud.com\/polusa\/wp-content\/uploads\/2025\/12\/cropped-cropped-Logo-Red-Polusa-300x76-1.png","contentUrl":"https:\/\/riberasalud.com\/polusa\/wp-content\/uploads\/2025\/12\/cropped-cropped-Logo-Red-Polusa-300x76-1.png","width":300,"height":76,"caption":"Hospital Ribera Polusa"},"image":{"@id":"https:\/\/riberasalud.com\/polusa\/#\/schema\/logo\/image\/"}}]}},"pbg_featured_image_src":{"full":false,"thumbnail":false,"medium":false,"medium_large":false,"large":false,"xl":false,"xxl":false,"xxxl":false,"xxxxl":false,"xxxxxl":false,"1536x1536":false,"2048x2048":false},"pbg_author_info":{"display_name":"jorge@quois.com","author_link":"https:\/\/riberasalud.com\/polusa\/author\/jorgequois-com\/","author_img":"<img alt='jorge@quois.com' src='https:\/\/secure.gravatar.com\/avatar\/bca8cccf11ce6757dcdec6ce293d120c16d33c83aeb423357cce3f49f3abae94?s=128&#038;d=mm&#038;r=g' srcset='https:\/\/secure.gravatar.com\/avatar\/bca8cccf11ce6757dcdec6ce293d120c16d33c83aeb423357cce3f49f3abae94?s=256&#038;d=mm&#038;r=g 2x' class='avatar avatar-128 photo' height='128' width='128' loading='lazy' decoding='async'\/>"},"pbg_comment_info":" No Comments","pbg_excerpt":"Cuadro m\u00e9dico","uagb_featured_image_src":{"full":false,"thumbnail":false,"medium":false,"medium_large":false,"large":false,"xl":false,"xxl":false,"xxxl":false,"xxxxl":false,"xxxxxl":false,"1536x1536":false,"2048x2048":false},"uagb_author_info":{"display_name":"jorge@quois.com","author_link":"https:\/\/riberasalud.com\/polusa\/author\/jorgequois-com\/"},"uagb_comment_info":0,"uagb_excerpt":"Cuadro m\u00e9dico","_links":{"self":[{"href":"https:\/\/riberasalud.com\/polusa\/wp-json\/wp\/v2\/pages\/318","targetHints":{"allow":["GET"]}}],"collection":[{"href":"https:\/\/riberasalud.com\/polusa\/wp-json\/wp\/v2\/pages"}],"about":[{"href":"https:\/\/riberasalud.com\/polusa\/wp-json\/wp\/v2\/types\/page"}],"author":[{"embeddable":true,"href":"https:\/\/riberasalud.com\/polusa\/wp-json\/wp\/v2\/users\/1"}],"replies":[{"embeddable":true,"href":"https:\/\/riberasalud.com\/polusa\/wp-json\/wp\/v2\/comments?post=318"}],"version-history":[{"count":7,"href":"https:\/\/riberasalud.com\/polusa\/wp-json\/wp\/v2\/pages\/318\/revisions"}],"predecessor-version":[{"id":3849,"href":"https:\/\/riberasalud.com\/polusa\/wp-json\/wp\/v2\/pages\/318\/revisions\/3849"}],"wp:attachment":[{"href":"https:\/\/riberasalud.com\/polusa\/wp-json\/wp\/v2\/media?parent=318"}],"curies":[{"name":"wp","href":"https:\/\/api.w.org\/{rel}","templated":true}]}}