{"id":27,"date":"2021-05-26T07:03:04","date_gmt":"2021-05-26T07:03:04","guid":{"rendered":"https:\/\/riberasalud.com\/polusa\/?page_id=27"},"modified":"2025-02-13T12:17:22","modified_gmt":"2025-02-13T12:17:22","slug":"contacto","status":"publish","type":"page","link":"https:\/\/riberasalud.com\/polusa\/contacto\/","title":{"rendered":"Contacto"},"content":{"rendered":"\n<div class=\"wp-block-group backgroundbanner\"><div class=\"wp-block-group__inner-container is-layout-flow wp-block-group-is-layout-flow\">\n<p class=\"has-text-align-center\" style=\"font-size:40px\"><span style=\"color: #4b4a4a;\" class=\"ugb-highlight\">Contacto<\/span><\/p>\n<\/div><\/div>\n\n\n\n<div class=\"wp-block-group alignwide\"><div class=\"wp-block-group__inner-container is-layout-flow wp-block-group-is-layout-flow\">\n<p class=\"has-text-align-center\">Tel\u00e9fono de atenci\u00f3n al usuario <a href=\"tel:900670081\">900 670 081<\/a><\/p>\n\n\n\n<div style=\"height:20px\" aria-hidden=\"true\" class=\"wp-block-spacer\"><\/div>\n\n\n\n<div class=\"wp-block-columns is-layout-flex wp-container-core-columns-is-layout-9d6595d7 wp-block-columns-is-layout-flex\">\n<div class=\"wp-block-column is-layout-flow wp-block-column-is-layout-flow\">\n<p class=\"has-text-align-right\"><strong>Direcci\u00f3n: <\/strong>C\/ Dr. Iglesias Otero, s\/n. 27004. Lugo (Spain)<\/p>\n\n\n\n<p class=\"has-text-align-right\"><strong>Email de atenci\u00f3n al usuario:<\/strong><a href=\"miexperiencia.polusa@riberacare.com\"> miexperiencia.polusa@riberacare.com <\/a><br><strong>Email de contacto: <a href=\"mailto:info.polusa@riberacare.com\"><\/a><a href=\"mailto:info.polusa@riberacare.com\">info.polusa@riberacare.com<\/a><\/strong><\/p>\n\n\n\n<p class=\"has-text-align-right has-normal-font-size\"><strong>Tel\u00e9fono: <\/strong><a href=\"tel:982 222 854\">982 222 854<\/a><\/p>\n<\/div>\n\n\n\n<div class=\"wp-block-column is-layout-flow wp-block-column-is-layout-flow\">\n<iframe class=\"gmap\" src=\"https:\/\/www.google.com\/maps\/embed?pb=!1m18!1m12!1m3!1d2918.0918299284867!2d-7.570492984523413!3d42.99740087914928!2m3!1f0!2f0!3f0!3m2!1i1024!2i768!4f13.1!3m3!1m2!1s0xd31cdd3f8683ffb%3A0x1909a24cce1de3a2!2sHospital%20Ribera%20Polusa!5e0!3m2!1ses!2ses!4v1688542405986!5m2!1ses!2ses\" width=\"600\" height=\"450\" style=\"border:0;\" allowfullscreen=\"\" loading=\"lazy\" referrerpolicy=\"no-referrer-when-downgrade\"><\/iframe>\n<\/div>\n<\/div>\n\n\n\n<p><strong>Buses<\/strong><\/p>\n\n\n\n<p><a href=\"https:\/\/riberasalud.com\/polusa\/wp-content\/uploads\/2021\/07\/buses.pdf\" data-type=\"URL\" data-id=\"https:\/\/riberasalud.com\/polusa\/wp-content\/uploads\/2021\/07\/buses.pdf\">Gu\u00eda completa de buses, pinche aqu\u00ed<\/a><\/p>\n\n\n\n<p>GPS:&nbsp;<strong>Latitud: 42.997277 Longitud: -7.567955<\/strong><\/p>\n\n\n\n<p>Latitud:<strong>&nbsp;42\u00ba 59\u2019 50\u2019\u2019 N<\/strong><br>Longitud:<strong>&nbsp;7\u00ba 34\u2019 5\u2019\u2019 W<\/strong><\/p>\n\n\n\n<p><strong>Para acceder al Hospital es necesario acceder por el nuevo Puente sobre el Rio Mi\u00f1o y no por el antiguo puente romano. En la siguente foto (Fuente: Google Maps) se ve el desv\u00edo a tomar desde la Nacional VI.<\/strong><\/p>\n\n\n\n<figure class=\"wp-block-image size-large\"><img loading=\"lazy\" decoding=\"async\" width=\"1024\" height=\"539\" src=\"https:\/\/riberasalud.com\/polusa\/wp-content\/uploads\/2021\/05\/mapa_puente-1024x539.jpg\" alt=\"\" class=\"wp-image-31\" srcset=\"https:\/\/riberasalud.com\/polusa\/wp-content\/uploads\/2021\/05\/mapa_puente-1024x539.jpg 1024w, https:\/\/riberasalud.com\/polusa\/wp-content\/uploads\/2021\/05\/mapa_puente-300x158.jpg 300w, https:\/\/riberasalud.com\/polusa\/wp-content\/uploads\/2021\/05\/mapa_puente-768x404.jpg 768w, https:\/\/riberasalud.com\/polusa\/wp-content\/uploads\/2021\/05\/mapa_puente.jpg 1089w\" sizes=\"auto, (max-width: 1024px) 100vw, 1024px\" \/><\/figure>\n\n\n\n<p><strong>RECLAMACIONES<\/strong><\/p>\n\n\n\n<p>Para cualquier tipo de reclamaci\u00f3n hacia el Hospital Ribera Polusa dirija un correo electr\u00f3nico a la siguiente direcci\u00f3n:<\/p>\n\n\n\n<p><a href=\"mailto:miexperiencia.polusa@riberacare.com\">miexperiencia.polusa@riberacare.com<\/a><\/p>\n\n\n\n<p><strong>EMPLEO<\/strong><\/p>\n\n\n\n<p>Para entrar a formar parte de nuestro equipo, consulte la web:<\/p>\n\n\n\n<p><a href=\"https:\/\/empleo.riberasalud.com\/\">https:\/\/empleo.riberasalud.com\/<\/a><\/p>\n\n\n\n<p><strong>CONTACTO DE CUALQUIER OTRO TIPO<\/strong><\/p>\n\n\n\n<p>Para cualquier tipo de reclamaci\u00f3n hacia el Hospital Ribera Polusa dirija un correo electr\u00f3nico a la siguiente direcci\u00f3n:<\/p>\n\n\n\n<p><a href=\"mailto:info.polusa@riberacare.com\"><a href=\"mailto:info.polusa@riberacare.com\">info.polusa@riberacare.com<\/a><\/a><\/p>\n<\/div><\/div>\n\n\n\n<p><\/p>\n","protected":false},"excerpt":{"rendered":"<p>Contacto Tel\u00e9fono de atenci\u00f3n al usuario 900 670 081 Direcci\u00f3n: C\/ Dr. Iglesias Otero, s\/n. 27004. Lugo (Spain) Email de atenci\u00f3n al usuario: miexperiencia.polusa@riberacare.com Email de contacto: info.polusa@riberacare.com Tel\u00e9fono: 982 222 854 Buses Gu\u00eda completa de buses, pinche aqu\u00ed GPS:&nbsp;Latitud: 42.997277 Longitud: -7.567955 Latitud:&nbsp;42\u00ba 59\u2019 50\u2019\u2019 NLongitud:&nbsp;7\u00ba 34\u2019 5\u2019\u2019 W Para acceder al Hospital es &#8230; <a title=\"Contacto\" class=\"read-more\" href=\"https:\/\/riberasalud.com\/polusa\/contacto\/\" aria-label=\"Leer m\u00e1s sobre Contacto\">Leer m\u00e1s<\/a><\/p>\n","protected":false},"author":1,"featured_media":0,"parent":0,"menu_order":0,"comment_status":"closed","ping_status":"closed","template":"","meta":{"_coblocks_attr":"","_coblocks_dimensions":"","_coblocks_responsive_height":"","_coblocks_accordion_ie_support":"","_uag_custom_page_level_css":"","footnotes":""},"class_list":["post-27","page","type-page","status-publish"],"featured_image_urls_v2":{"full":"","thumbnail":"","medium":"","medium_large":"","large":"","xl":"","xxl":"","xxxl":"","xxxxl":"","xxxxxl":"","1536x1536":"","2048x2048":""},"post_excerpt_stackable_v2":"<p>Contacto Tel\u00e9fono de atenci\u00f3n al usuario 900 670 081 Direcci\u00f3n: C\/ Dr. Iglesias Otero, s\/n. 27004. Lugo (Spain) Email de atenci\u00f3n al usuario: miexperiencia.polusa@riberacare.com Email de contacto: info.polusa@riberacare.com Tel\u00e9fono: 982 222 854 Buses Gu\u00eda completa de buses, pinche aqu\u00ed GPS:&nbsp;Latitud: 42.997277 Longitud: -7.567955 Latitud:&nbsp;42\u00ba 59\u2019 50\u2019\u2019 NLongitud:&nbsp;7\u00ba 34\u2019 5\u2019\u2019 W Para acceder al Hospital es necesario acceder por el nuevo Puente sobre el Rio Mi\u00f1o y no por el antiguo puente romano. En la siguente foto (Fuente: Google Maps) se ve el desv\u00edo a tomar desde la Nacional VI. RECLAMACIONES Para cualquier tipo de reclamaci\u00f3n hacia el Hospital Ribera Polusa&hellip;<\/p>\n","category_list_v2":"","author_info_v2":{"name":"jorge@quois.com","url":"https:\/\/riberasalud.com\/polusa\/author\/jorgequois-com\/"},"comments_num_v2":"0 comentarios","yoast_head":"<!-- This site is optimized with the Yoast SEO plugin v26.6 - https:\/\/yoast.com\/wordpress\/plugins\/seo\/ -->\n<title>\u25b7 Contacto | Hospital Ribera Polusa<\/title>\n<meta name=\"description\" content=\"lll\u1405 Contacto Tel\u00e9fono de atenci\u00f3n al usuario 900 670 081 Direcci\u00f3n: C\/ Dr. Iglesias Otero, s\/n. 27004. Lugo (Spain) Email de atenci\u00f3n al usuario: \u2705\" \/>\n<meta name=\"robots\" content=\"noindex, nofollow\" \/>\n<meta property=\"og:locale\" content=\"es_ES\" \/>\n<meta property=\"og:type\" content=\"article\" \/>\n<meta property=\"og:title\" content=\"\u25b7 Contacto | Hospital Ribera Polusa\" \/>\n<meta property=\"og:description\" content=\"lll\u1405 Contacto Tel\u00e9fono de atenci\u00f3n al usuario 900 670 081 Direcci\u00f3n: C\/ Dr. Iglesias Otero, s\/n. 27004. Lugo (Spain) Email de atenci\u00f3n al usuario: \u2705\" \/>\n<meta property=\"og:url\" content=\"https:\/\/riberasalud.com\/polusa\/contacto\/\" \/>\n<meta property=\"og:site_name\" content=\"Hospital Ribera Polusa\" \/>\n<meta property=\"article:modified_time\" content=\"2025-02-13T12:17:22+00:00\" \/>\n<meta property=\"og:image\" content=\"https:\/\/riberasalud.com\/polusa\/wp-content\/uploads\/2021\/05\/mapa_puente-1024x539.jpg\" \/>\n<meta name=\"twitter:card\" content=\"summary_large_image\" \/>\n<meta name=\"twitter:label1\" content=\"Tiempo de lectura\" \/>\n\t<meta name=\"twitter:data1\" content=\"1 minuto\" \/>\n<script type=\"application\/ld+json\" class=\"yoast-schema-graph\">{\"@context\":\"https:\/\/schema.org\",\"@graph\":[{\"@type\":\"WebPage\",\"@id\":\"https:\/\/riberasalud.com\/polusa\/contacto\/\",\"url\":\"https:\/\/riberasalud.com\/polusa\/contacto\/\",\"name\":\"\u25b7 Contacto | Hospital Ribera Polusa\",\"isPartOf\":{\"@id\":\"https:\/\/riberasalud.com\/polusa\/#website\"},\"primaryImageOfPage\":{\"@id\":\"https:\/\/riberasalud.com\/polusa\/contacto\/#primaryimage\"},\"image\":{\"@id\":\"https:\/\/riberasalud.com\/polusa\/contacto\/#primaryimage\"},\"thumbnailUrl\":\"https:\/\/riberasalud.com\/polusa\/wp-content\/uploads\/2021\/05\/mapa_puente-1024x539.jpg\",\"datePublished\":\"2021-05-26T07:03:04+00:00\",\"dateModified\":\"2025-02-13T12:17:22+00:00\",\"description\":\"lll\u1405 Contacto Tel\u00e9fono de atenci\u00f3n al usuario 900 670 081 Direcci\u00f3n: C\/ Dr. Iglesias Otero, s\/n. 27004. Lugo (Spain) Email de atenci\u00f3n al usuario: \u2705\",\"breadcrumb\":{\"@id\":\"https:\/\/riberasalud.com\/polusa\/contacto\/#breadcrumb\"},\"inLanguage\":\"es\",\"potentialAction\":[{\"@type\":\"ReadAction\",\"target\":[\"https:\/\/riberasalud.com\/polusa\/contacto\/\"]}]},{\"@type\":\"ImageObject\",\"inLanguage\":\"es\",\"@id\":\"https:\/\/riberasalud.com\/polusa\/contacto\/#primaryimage\",\"url\":\"https:\/\/riberasalud.com\/polusa\/wp-content\/uploads\/2021\/05\/mapa_puente.jpg\",\"contentUrl\":\"https:\/\/riberasalud.com\/polusa\/wp-content\/uploads\/2021\/05\/mapa_puente.jpg\",\"width\":1089,\"height\":573},{\"@type\":\"BreadcrumbList\",\"@id\":\"https:\/\/riberasalud.com\/polusa\/contacto\/#breadcrumb\",\"itemListElement\":[{\"@type\":\"ListItem\",\"position\":1,\"name\":\"Portada\",\"item\":\"https:\/\/riberasalud.com\/polusa\/\"},{\"@type\":\"ListItem\",\"position\":2,\"name\":\"Contacto\"}]},{\"@type\":\"WebSite\",\"@id\":\"https:\/\/riberasalud.com\/polusa\/#website\",\"url\":\"https:\/\/riberasalud.com\/polusa\/\",\"name\":\"Hospital Ribera Polusa\",\"description\":\"\",\"publisher\":{\"@id\":\"https:\/\/riberasalud.com\/polusa\/#organization\"},\"potentialAction\":[{\"@type\":\"SearchAction\",\"target\":{\"@type\":\"EntryPoint\",\"urlTemplate\":\"https:\/\/riberasalud.com\/polusa\/?s={search_term_string}\"},\"query-input\":{\"@type\":\"PropertyValueSpecification\",\"valueRequired\":true,\"valueName\":\"search_term_string\"}}],\"inLanguage\":\"es\"},{\"@type\":\"Organization\",\"@id\":\"https:\/\/riberasalud.com\/polusa\/#organization\",\"name\":\"Hospital Ribera Polusa\",\"url\":\"https:\/\/riberasalud.com\/polusa\/\",\"logo\":{\"@type\":\"ImageObject\",\"inLanguage\":\"es\",\"@id\":\"https:\/\/riberasalud.com\/polusa\/#\/schema\/logo\/image\/\",\"url\":\"https:\/\/riberasalud.com\/polusa\/wp-content\/uploads\/2025\/12\/cropped-cropped-Logo-Red-Polusa-300x76-1.png\",\"contentUrl\":\"https:\/\/riberasalud.com\/polusa\/wp-content\/uploads\/2025\/12\/cropped-cropped-Logo-Red-Polusa-300x76-1.png\",\"width\":300,\"height\":76,\"caption\":\"Hospital Ribera Polusa\"},\"image\":{\"@id\":\"https:\/\/riberasalud.com\/polusa\/#\/schema\/logo\/image\/\"}}]}<\/script>\n<!-- \/ Yoast SEO plugin. -->","yoast_head_json":{"title":"\u25b7 Contacto | Hospital Ribera Polusa","description":"lll\u1405 Contacto Tel\u00e9fono de atenci\u00f3n al usuario 900 670 081 Direcci\u00f3n: C\/ Dr. Iglesias Otero, s\/n. 27004. Lugo (Spain) Email de atenci\u00f3n al usuario: \u2705","robots":{"index":"noindex","follow":"nofollow"},"og_locale":"es_ES","og_type":"article","og_title":"\u25b7 Contacto | Hospital Ribera Polusa","og_description":"lll\u1405 Contacto Tel\u00e9fono de atenci\u00f3n al usuario 900 670 081 Direcci\u00f3n: C\/ Dr. Iglesias Otero, s\/n. 27004. Lugo (Spain) Email de atenci\u00f3n al usuario: \u2705","og_url":"https:\/\/riberasalud.com\/polusa\/contacto\/","og_site_name":"Hospital Ribera Polusa","article_modified_time":"2025-02-13T12:17:22+00:00","og_image":[{"url":"https:\/\/riberasalud.com\/polusa\/wp-content\/uploads\/2021\/05\/mapa_puente-1024x539.jpg","type":"","width":"","height":""}],"twitter_card":"summary_large_image","twitter_misc":{"Tiempo de lectura":"1 minuto"},"schema":{"@context":"https:\/\/schema.org","@graph":[{"@type":"WebPage","@id":"https:\/\/riberasalud.com\/polusa\/contacto\/","url":"https:\/\/riberasalud.com\/polusa\/contacto\/","name":"\u25b7 Contacto | Hospital Ribera Polusa","isPartOf":{"@id":"https:\/\/riberasalud.com\/polusa\/#website"},"primaryImageOfPage":{"@id":"https:\/\/riberasalud.com\/polusa\/contacto\/#primaryimage"},"image":{"@id":"https:\/\/riberasalud.com\/polusa\/contacto\/#primaryimage"},"thumbnailUrl":"https:\/\/riberasalud.com\/polusa\/wp-content\/uploads\/2021\/05\/mapa_puente-1024x539.jpg","datePublished":"2021-05-26T07:03:04+00:00","dateModified":"2025-02-13T12:17:22+00:00","description":"lll\u1405 Contacto Tel\u00e9fono de atenci\u00f3n al usuario 900 670 081 Direcci\u00f3n: C\/ Dr. Iglesias Otero, s\/n. 27004. Lugo (Spain) Email de atenci\u00f3n al usuario: \u2705","breadcrumb":{"@id":"https:\/\/riberasalud.com\/polusa\/contacto\/#breadcrumb"},"inLanguage":"es","potentialAction":[{"@type":"ReadAction","target":["https:\/\/riberasalud.com\/polusa\/contacto\/"]}]},{"@type":"ImageObject","inLanguage":"es","@id":"https:\/\/riberasalud.com\/polusa\/contacto\/#primaryimage","url":"https:\/\/riberasalud.com\/polusa\/wp-content\/uploads\/2021\/05\/mapa_puente.jpg","contentUrl":"https:\/\/riberasalud.com\/polusa\/wp-content\/uploads\/2021\/05\/mapa_puente.jpg","width":1089,"height":573},{"@type":"BreadcrumbList","@id":"https:\/\/riberasalud.com\/polusa\/contacto\/#breadcrumb","itemListElement":[{"@type":"ListItem","position":1,"name":"Portada","item":"https:\/\/riberasalud.com\/polusa\/"},{"@type":"ListItem","position":2,"name":"Contacto"}]},{"@type":"WebSite","@id":"https:\/\/riberasalud.com\/polusa\/#website","url":"https:\/\/riberasalud.com\/polusa\/","name":"Hospital Ribera Polusa","description":"","publisher":{"@id":"https:\/\/riberasalud.com\/polusa\/#organization"},"potentialAction":[{"@type":"SearchAction","target":{"@type":"EntryPoint","urlTemplate":"https:\/\/riberasalud.com\/polusa\/?s={search_term_string}"},"query-input":{"@type":"PropertyValueSpecification","valueRequired":true,"valueName":"search_term_string"}}],"inLanguage":"es"},{"@type":"Organization","@id":"https:\/\/riberasalud.com\/polusa\/#organization","name":"Hospital Ribera Polusa","url":"https:\/\/riberasalud.com\/polusa\/","logo":{"@type":"ImageObject","inLanguage":"es","@id":"https:\/\/riberasalud.com\/polusa\/#\/schema\/logo\/image\/","url":"https:\/\/riberasalud.com\/polusa\/wp-content\/uploads\/2025\/12\/cropped-cropped-Logo-Red-Polusa-300x76-1.png","contentUrl":"https:\/\/riberasalud.com\/polusa\/wp-content\/uploads\/2025\/12\/cropped-cropped-Logo-Red-Polusa-300x76-1.png","width":300,"height":76,"caption":"Hospital Ribera Polusa"},"image":{"@id":"https:\/\/riberasalud.com\/polusa\/#\/schema\/logo\/image\/"}}]}},"pbg_featured_image_src":{"full":false,"thumbnail":false,"medium":false,"medium_large":false,"large":false,"xl":false,"xxl":false,"xxxl":false,"xxxxl":false,"xxxxxl":false,"1536x1536":false,"2048x2048":false},"pbg_author_info":{"display_name":"jorge@quois.com","author_link":"https:\/\/riberasalud.com\/polusa\/author\/jorgequois-com\/","author_img":"<img alt='jorge@quois.com' src='https:\/\/secure.gravatar.com\/avatar\/bca8cccf11ce6757dcdec6ce293d120c16d33c83aeb423357cce3f49f3abae94?s=128&#038;d=mm&#038;r=g' srcset='https:\/\/secure.gravatar.com\/avatar\/bca8cccf11ce6757dcdec6ce293d120c16d33c83aeb423357cce3f49f3abae94?s=256&#038;d=mm&#038;r=g 2x' class='avatar avatar-128 photo' height='128' width='128' loading='lazy' decoding='async'\/>"},"pbg_comment_info":" No Comments","pbg_excerpt":"Contacto Tel\u00e9fono de atenci\u00f3n al usuario 900 670 081 Direcci\u00f3n: C\/ Dr. Iglesias Otero, s\/n. 27004. Lugo (Spain) Email de atenci\u00f3n al usuario: miexperiencia.polusa@riberacare.com Email de contacto: info.polusa@riberacare.com Tel\u00e9fono: 982 222 854 Buses Gu\u00eda completa de buses, pinche aqu\u00ed GPS:&nbsp;Latitud: 42.997277 Longitud: -7.567955 Latitud:&nbsp;42\u00ba 59\u2019 50\u2019\u2019 NLongitud:&nbsp;7\u00ba 34\u2019 5\u2019\u2019 W Para acceder al Hospital es&hellip;","uagb_featured_image_src":{"full":false,"thumbnail":false,"medium":false,"medium_large":false,"large":false,"xl":false,"xxl":false,"xxxl":false,"xxxxl":false,"xxxxxl":false,"1536x1536":false,"2048x2048":false},"uagb_author_info":{"display_name":"jorge@quois.com","author_link":"https:\/\/riberasalud.com\/polusa\/author\/jorgequois-com\/"},"uagb_comment_info":0,"uagb_excerpt":"Contacto Tel\u00e9fono de atenci\u00f3n al usuario 900 670 081 Direcci\u00f3n: C\/ Dr. Iglesias Otero, s\/n. 27004. Lugo (Spain) Email de atenci\u00f3n al usuario: miexperiencia.polusa@riberacare.com Email de contacto: info.polusa@riberacare.com Tel\u00e9fono: 982 222 854 Buses Gu\u00eda completa de buses, pinche aqu\u00ed GPS:&nbsp;Latitud: 42.997277 Longitud: -7.567955 Latitud:&nbsp;42\u00ba 59\u2019 50\u2019\u2019 NLongitud:&nbsp;7\u00ba 34\u2019 5\u2019\u2019 W Para acceder al Hospital es&hellip;","_links":{"self":[{"href":"https:\/\/riberasalud.com\/polusa\/wp-json\/wp\/v2\/pages\/27","targetHints":{"allow":["GET"]}}],"collection":[{"href":"https:\/\/riberasalud.com\/polusa\/wp-json\/wp\/v2\/pages"}],"about":[{"href":"https:\/\/riberasalud.com\/polusa\/wp-json\/wp\/v2\/types\/page"}],"author":[{"embeddable":true,"href":"https:\/\/riberasalud.com\/polusa\/wp-json\/wp\/v2\/users\/1"}],"replies":[{"embeddable":true,"href":"https:\/\/riberasalud.com\/polusa\/wp-json\/wp\/v2\/comments?post=27"}],"version-history":[{"count":17,"href":"https:\/\/riberasalud.com\/polusa\/wp-json\/wp\/v2\/pages\/27\/revisions"}],"predecessor-version":[{"id":4112,"href":"https:\/\/riberasalud.com\/polusa\/wp-json\/wp\/v2\/pages\/27\/revisions\/4112"}],"wp:attachment":[{"href":"https:\/\/riberasalud.com\/polusa\/wp-json\/wp\/v2\/media?parent=27"}],"curies":[{"name":"wp","href":"https:\/\/api.w.org\/{rel}","templated":true}]}}