{"id":2207,"date":"2023-02-03T12:36:05","date_gmt":"2023-02-03T12:36:05","guid":{"rendered":"https:\/\/riberasalud.com\/polusa\/?page_id=2207"},"modified":"2025-01-24T12:18:54","modified_gmt":"2025-01-24T12:18:54","slug":"guia-de-acogida-para-pacientes-y-familiares","status":"publish","type":"page","link":"https:\/\/riberasalud.com\/polusa\/guia-de-acogida-para-pacientes-y-familiares\/","title":{"rendered":"Gu\u00eda de acogida para pacientes y familiares"},"content":{"rendered":"\n<div class=\"wp-block-group\"><div class=\"wp-block-group__inner-container is-layout-flow wp-block-group-is-layout-flow\">\n<h2 class=\"wp-block-heading\"><span style=\"color: #d71029;\" class=\"ugb-highlight\">Bienvenida<\/span><\/h2>\n\n\n\n<p>La direcci\u00f3n del Hospital Ribera Polusa le da la bienvenida, aprovechando para desearle una pronta recuperaci\u00f3n. Debe saber que estamos a su disposici\u00f3n para hacer que su estancia sea lo m\u00e1s c\u00f3moda posible.<\/p>\n\n\n\n<p>En esta gu\u00eda podr\u00e1 encontrar informaci\u00f3n b\u00e1sica y consejos que le ayudar\u00e1n a usted y a su familia a conocer el centro, as\u00ed como sus derechos y deberes como usuario del sistema sanitario. Si despu\u00e9s de su lectura precisa alg\u00fan tipo de aclaraci\u00f3n, contacte con el personal sanitario.<br><br><a href=\"https:\/\/riberasalud.com\/polusa\/wp-content\/uploads\/2025\/01\/A5-BR-GUIA-ACOGIDA-PACIENTE-ADULTO-1.pdf\">Descargar gu\u00eda<\/a><\/p>\n<\/div><\/div>\n","protected":false},"excerpt":{"rendered":"<p>Bienvenida La direcci\u00f3n del Hospital Ribera Polusa le da la bienvenida, aprovechando para desearle una pronta recuperaci\u00f3n. Debe saber que estamos a su disposici\u00f3n para hacer que su estancia sea lo m\u00e1s c\u00f3moda posible. En esta gu\u00eda podr\u00e1 encontrar informaci\u00f3n b\u00e1sica y consejos que le ayudar\u00e1n a usted y a su familia a conocer el &#8230; <a title=\"Gu\u00eda de acogida para pacientes y familiares\" class=\"read-more\" href=\"https:\/\/riberasalud.com\/polusa\/guia-de-acogida-para-pacientes-y-familiares\/\" aria-label=\"Leer m\u00e1s sobre Gu\u00eda de acogida para pacientes y familiares\">Leer m\u00e1s<\/a><\/p>\n","protected":false},"author":2,"featured_media":0,"parent":0,"menu_order":0,"comment_status":"closed","ping_status":"closed","template":"","meta":{"_coblocks_attr":"","_coblocks_dimensions":"","_coblocks_responsive_height":"","_coblocks_accordion_ie_support":"","_uag_custom_page_level_css":"","footnotes":""},"class_list":["post-2207","page","type-page","status-publish"],"featured_image_urls_v2":{"full":"","thumbnail":"","medium":"","medium_large":"","large":"","xl":"","xxl":"","xxxl":"","xxxxl":"","xxxxxl":"","1536x1536":"","2048x2048":""},"post_excerpt_stackable_v2":"<p>Bienvenida La direcci\u00f3n del Hospital Ribera Polusa le da la bienvenida, aprovechando para desearle una pronta recuperaci\u00f3n. Debe saber que estamos a su disposici\u00f3n para hacer que su estancia sea lo m\u00e1s c\u00f3moda posible. En esta gu\u00eda podr\u00e1 encontrar informaci\u00f3n b\u00e1sica y consejos que le ayudar\u00e1n a usted y a su familia a conocer el centro, as\u00ed como sus derechos y deberes como usuario del sistema sanitario. Si despu\u00e9s de su lectura precisa alg\u00fan tipo de aclaraci\u00f3n, contacte con el personal sanitario.Descargar gu\u00eda<\/p>\n","category_list_v2":"","author_info_v2":{"name":"marsanchez","url":"https:\/\/riberasalud.com\/polusa\/author\/marsanchez\/"},"comments_num_v2":"0 comentarios","yoast_head":"<!-- This site is optimized with the Yoast SEO plugin v26.6 - https:\/\/yoast.com\/wordpress\/plugins\/seo\/ -->\n<title>\u25b7 Gu\u00eda de acogida para pacientes y familiares | Hospital Ribera Polusa<\/title>\n<meta name=\"description\" content=\"lll\u1405 Bienvenida La direcci\u00f3n del Hospital Ribera Polusa le da la bienvenida, aprovechando para desearle una pronta recuperaci\u00f3n. Debe saber que estamos a su \u2705\" \/>\n<meta name=\"robots\" content=\"index, follow, max-snippet:-1, max-image-preview:large, max-video-preview:-1\" \/>\n<link rel=\"canonical\" href=\"https:\/\/riberasalud.com\/polusa\/guia-de-acogida-para-pacientes-y-familiares\/\" \/>\n<meta property=\"og:locale\" content=\"es_ES\" \/>\n<meta property=\"og:type\" content=\"article\" \/>\n<meta property=\"og:title\" content=\"\u25b7 Gu\u00eda de acogida para pacientes y familiares | Hospital Ribera Polusa\" \/>\n<meta property=\"og:description\" content=\"lll\u1405 Bienvenida La direcci\u00f3n del Hospital Ribera Polusa le da la bienvenida, aprovechando para desearle una pronta recuperaci\u00f3n. Debe saber que estamos a su \u2705\" \/>\n<meta property=\"og:url\" content=\"https:\/\/riberasalud.com\/polusa\/guia-de-acogida-para-pacientes-y-familiares\/\" \/>\n<meta property=\"og:site_name\" content=\"Hospital Ribera Polusa\" \/>\n<meta property=\"article:modified_time\" content=\"2025-01-24T12:18:54+00:00\" \/>\n<meta name=\"twitter:card\" content=\"summary_large_image\" \/>\n<meta name=\"twitter:label1\" content=\"Tiempo de lectura\" \/>\n\t<meta name=\"twitter:data1\" content=\"1 minuto\" \/>\n<script type=\"application\/ld+json\" class=\"yoast-schema-graph\">{\"@context\":\"https:\/\/schema.org\",\"@graph\":[{\"@type\":\"WebPage\",\"@id\":\"https:\/\/riberasalud.com\/polusa\/guia-de-acogida-para-pacientes-y-familiares\/\",\"url\":\"https:\/\/riberasalud.com\/polusa\/guia-de-acogida-para-pacientes-y-familiares\/\",\"name\":\"\u25b7 Gu\u00eda de acogida para pacientes y familiares | Hospital Ribera Polusa\",\"isPartOf\":{\"@id\":\"https:\/\/riberasalud.com\/polusa\/#website\"},\"datePublished\":\"2023-02-03T12:36:05+00:00\",\"dateModified\":\"2025-01-24T12:18:54+00:00\",\"description\":\"lll\u1405 Bienvenida La direcci\u00f3n del Hospital Ribera Polusa le da la bienvenida, aprovechando para desearle una pronta recuperaci\u00f3n. Debe saber que estamos a su \u2705\",\"breadcrumb\":{\"@id\":\"https:\/\/riberasalud.com\/polusa\/guia-de-acogida-para-pacientes-y-familiares\/#breadcrumb\"},\"inLanguage\":\"es\",\"potentialAction\":[{\"@type\":\"ReadAction\",\"target\":[\"https:\/\/riberasalud.com\/polusa\/guia-de-acogida-para-pacientes-y-familiares\/\"]}]},{\"@type\":\"BreadcrumbList\",\"@id\":\"https:\/\/riberasalud.com\/polusa\/guia-de-acogida-para-pacientes-y-familiares\/#breadcrumb\",\"itemListElement\":[{\"@type\":\"ListItem\",\"position\":1,\"name\":\"Portada\",\"item\":\"https:\/\/riberasalud.com\/polusa\/\"},{\"@type\":\"ListItem\",\"position\":2,\"name\":\"Gu\u00eda de acogida para pacientes y familiares\"}]},{\"@type\":\"WebSite\",\"@id\":\"https:\/\/riberasalud.com\/polusa\/#website\",\"url\":\"https:\/\/riberasalud.com\/polusa\/\",\"name\":\"Hospital Ribera Polusa\",\"description\":\"\",\"publisher\":{\"@id\":\"https:\/\/riberasalud.com\/polusa\/#organization\"},\"potentialAction\":[{\"@type\":\"SearchAction\",\"target\":{\"@type\":\"EntryPoint\",\"urlTemplate\":\"https:\/\/riberasalud.com\/polusa\/?s={search_term_string}\"},\"query-input\":{\"@type\":\"PropertyValueSpecification\",\"valueRequired\":true,\"valueName\":\"search_term_string\"}}],\"inLanguage\":\"es\"},{\"@type\":\"Organization\",\"@id\":\"https:\/\/riberasalud.com\/polusa\/#organization\",\"name\":\"Hospital Ribera Polusa\",\"url\":\"https:\/\/riberasalud.com\/polusa\/\",\"logo\":{\"@type\":\"ImageObject\",\"inLanguage\":\"es\",\"@id\":\"https:\/\/riberasalud.com\/polusa\/#\/schema\/logo\/image\/\",\"url\":\"https:\/\/riberasalud.com\/polusa\/wp-content\/uploads\/2025\/12\/cropped-cropped-Logo-Red-Polusa-300x76-1.png\",\"contentUrl\":\"https:\/\/riberasalud.com\/polusa\/wp-content\/uploads\/2025\/12\/cropped-cropped-Logo-Red-Polusa-300x76-1.png\",\"width\":300,\"height\":76,\"caption\":\"Hospital Ribera Polusa\"},\"image\":{\"@id\":\"https:\/\/riberasalud.com\/polusa\/#\/schema\/logo\/image\/\"}}]}<\/script>\n<!-- \/ Yoast SEO plugin. -->","yoast_head_json":{"title":"\u25b7 Gu\u00eda de acogida para pacientes y familiares | Hospital Ribera Polusa","description":"lll\u1405 Bienvenida La direcci\u00f3n del Hospital Ribera Polusa le da la bienvenida, aprovechando para desearle una pronta recuperaci\u00f3n. Debe saber que estamos a su \u2705","robots":{"index":"index","follow":"follow","max-snippet":"max-snippet:-1","max-image-preview":"max-image-preview:large","max-video-preview":"max-video-preview:-1"},"canonical":"https:\/\/riberasalud.com\/polusa\/guia-de-acogida-para-pacientes-y-familiares\/","og_locale":"es_ES","og_type":"article","og_title":"\u25b7 Gu\u00eda de acogida para pacientes y familiares | Hospital Ribera Polusa","og_description":"lll\u1405 Bienvenida La direcci\u00f3n del Hospital Ribera Polusa le da la bienvenida, aprovechando para desearle una pronta recuperaci\u00f3n. Debe saber que estamos a su \u2705","og_url":"https:\/\/riberasalud.com\/polusa\/guia-de-acogida-para-pacientes-y-familiares\/","og_site_name":"Hospital Ribera Polusa","article_modified_time":"2025-01-24T12:18:54+00:00","twitter_card":"summary_large_image","twitter_misc":{"Tiempo de lectura":"1 minuto"},"schema":{"@context":"https:\/\/schema.org","@graph":[{"@type":"WebPage","@id":"https:\/\/riberasalud.com\/polusa\/guia-de-acogida-para-pacientes-y-familiares\/","url":"https:\/\/riberasalud.com\/polusa\/guia-de-acogida-para-pacientes-y-familiares\/","name":"\u25b7 Gu\u00eda de acogida para pacientes y familiares | Hospital Ribera Polusa","isPartOf":{"@id":"https:\/\/riberasalud.com\/polusa\/#website"},"datePublished":"2023-02-03T12:36:05+00:00","dateModified":"2025-01-24T12:18:54+00:00","description":"lll\u1405 Bienvenida La direcci\u00f3n del Hospital Ribera Polusa le da la bienvenida, aprovechando para desearle una pronta recuperaci\u00f3n. Debe saber que estamos a su \u2705","breadcrumb":{"@id":"https:\/\/riberasalud.com\/polusa\/guia-de-acogida-para-pacientes-y-familiares\/#breadcrumb"},"inLanguage":"es","potentialAction":[{"@type":"ReadAction","target":["https:\/\/riberasalud.com\/polusa\/guia-de-acogida-para-pacientes-y-familiares\/"]}]},{"@type":"BreadcrumbList","@id":"https:\/\/riberasalud.com\/polusa\/guia-de-acogida-para-pacientes-y-familiares\/#breadcrumb","itemListElement":[{"@type":"ListItem","position":1,"name":"Portada","item":"https:\/\/riberasalud.com\/polusa\/"},{"@type":"ListItem","position":2,"name":"Gu\u00eda de acogida para pacientes y familiares"}]},{"@type":"WebSite","@id":"https:\/\/riberasalud.com\/polusa\/#website","url":"https:\/\/riberasalud.com\/polusa\/","name":"Hospital Ribera Polusa","description":"","publisher":{"@id":"https:\/\/riberasalud.com\/polusa\/#organization"},"potentialAction":[{"@type":"SearchAction","target":{"@type":"EntryPoint","urlTemplate":"https:\/\/riberasalud.com\/polusa\/?s={search_term_string}"},"query-input":{"@type":"PropertyValueSpecification","valueRequired":true,"valueName":"search_term_string"}}],"inLanguage":"es"},{"@type":"Organization","@id":"https:\/\/riberasalud.com\/polusa\/#organization","name":"Hospital Ribera Polusa","url":"https:\/\/riberasalud.com\/polusa\/","logo":{"@type":"ImageObject","inLanguage":"es","@id":"https:\/\/riberasalud.com\/polusa\/#\/schema\/logo\/image\/","url":"https:\/\/riberasalud.com\/polusa\/wp-content\/uploads\/2025\/12\/cropped-cropped-Logo-Red-Polusa-300x76-1.png","contentUrl":"https:\/\/riberasalud.com\/polusa\/wp-content\/uploads\/2025\/12\/cropped-cropped-Logo-Red-Polusa-300x76-1.png","width":300,"height":76,"caption":"Hospital Ribera Polusa"},"image":{"@id":"https:\/\/riberasalud.com\/polusa\/#\/schema\/logo\/image\/"}}]}},"pbg_featured_image_src":{"full":false,"thumbnail":false,"medium":false,"medium_large":false,"large":false,"xl":false,"xxl":false,"xxxl":false,"xxxxl":false,"xxxxxl":false,"1536x1536":false,"2048x2048":false},"pbg_author_info":{"display_name":"marsanchez","author_link":"https:\/\/riberasalud.com\/polusa\/author\/marsanchez\/","author_img":"<img alt='marsanchez' src='https:\/\/secure.gravatar.com\/avatar\/9db1181c394bec9505d449c90a21b5363cc35ad9a76f60f11a304b23bb0e8dd4?s=128&#038;d=mm&#038;r=g' srcset='https:\/\/secure.gravatar.com\/avatar\/9db1181c394bec9505d449c90a21b5363cc35ad9a76f60f11a304b23bb0e8dd4?s=256&#038;d=mm&#038;r=g 2x' class='avatar avatar-128 photo' height='128' width='128' loading='lazy' decoding='async'\/>"},"pbg_comment_info":" No Comments","pbg_excerpt":"Bienvenida La direcci\u00f3n del Hospital Ribera Polusa le da la bienvenida, aprovechando para desearle una pronta recuperaci\u00f3n. Debe saber que estamos a su disposici\u00f3n para hacer que su estancia sea lo m\u00e1s c\u00f3moda posible. En esta gu\u00eda podr\u00e1 encontrar informaci\u00f3n b\u00e1sica y consejos que le ayudar\u00e1n a usted y a su familia a conocer el&hellip;","uagb_featured_image_src":{"full":false,"thumbnail":false,"medium":false,"medium_large":false,"large":false,"xl":false,"xxl":false,"xxxl":false,"xxxxl":false,"xxxxxl":false,"1536x1536":false,"2048x2048":false},"uagb_author_info":{"display_name":"marsanchez","author_link":"https:\/\/riberasalud.com\/polusa\/author\/marsanchez\/"},"uagb_comment_info":0,"uagb_excerpt":"Bienvenida La direcci\u00f3n del Hospital Ribera Polusa le da la bienvenida, aprovechando para desearle una pronta recuperaci\u00f3n. Debe saber que estamos a su disposici\u00f3n para hacer que su estancia sea lo m\u00e1s c\u00f3moda posible. En esta gu\u00eda podr\u00e1 encontrar informaci\u00f3n b\u00e1sica y consejos que le ayudar\u00e1n a usted y a su familia a conocer el&hellip;","_links":{"self":[{"href":"https:\/\/riberasalud.com\/polusa\/wp-json\/wp\/v2\/pages\/2207","targetHints":{"allow":["GET"]}}],"collection":[{"href":"https:\/\/riberasalud.com\/polusa\/wp-json\/wp\/v2\/pages"}],"about":[{"href":"https:\/\/riberasalud.com\/polusa\/wp-json\/wp\/v2\/types\/page"}],"author":[{"embeddable":true,"href":"https:\/\/riberasalud.com\/polusa\/wp-json\/wp\/v2\/users\/2"}],"replies":[{"embeddable":true,"href":"https:\/\/riberasalud.com\/polusa\/wp-json\/wp\/v2\/comments?post=2207"}],"version-history":[{"count":3,"href":"https:\/\/riberasalud.com\/polusa\/wp-json\/wp\/v2\/pages\/2207\/revisions"}],"predecessor-version":[{"id":4012,"href":"https:\/\/riberasalud.com\/polusa\/wp-json\/wp\/v2\/pages\/2207\/revisions\/4012"}],"wp:attachment":[{"href":"https:\/\/riberasalud.com\/polusa\/wp-json\/wp\/v2\/media?parent=2207"}],"curies":[{"name":"wp","href":"https:\/\/api.w.org\/{rel}","templated":true}]}}