{"id":162,"date":"2021-05-27T07:59:38","date_gmt":"2021-05-27T07:59:38","guid":{"rendered":"https:\/\/riberasalud.com\/polusa\/?page_id=162"},"modified":"2022-11-18T08:29:39","modified_gmt":"2022-11-18T08:29:39","slug":"radiologia","status":"publish","type":"page","link":"https:\/\/riberasalud.com\/polusa\/radiologia\/","title":{"rendered":"Radiolog\u00eda"},"content":{"rendered":"\n<div class=\"wp-block-group backgroundbanner\"><div class=\"wp-block-group__inner-container is-layout-flow wp-block-group-is-layout-flow\">\n<p class=\"has-text-align-center\" style=\"font-size:40px\"><span style=\"color: #4b4a4a;\" class=\"ugb-highlight\">Radiolog\u00eda<\/span><\/p>\n<\/div><\/div>\n\n\n\n<div class=\"wp-block-group\"><div class=\"wp-block-group__inner-container is-layout-flow wp-block-group-is-layout-flow\">\n<p><strong>Unidad digitalizada y atendida las 24 horas por los radi\u00f3logos.<\/strong><\/p>\n\n\n\n<ul class=\"is-style-default wp-block-list\"><li><strong>Resonancia magn\u00e9tica de 1,5 teslas<\/strong><\/li><\/ul>\n\n\n\n<ul class=\"is-style-default wp-block-list\"><li><strong>TAC (tomograf\u00eda axial computarizada)<\/strong><\/li><\/ul>\n\n\n\n<ul class=\"is-style-default wp-block-list\"><li><strong>Ecograf\u00eda<\/strong><\/li><\/ul>\n\n\n\n<ul class=\"is-style-default wp-block-list\"><li><strong>Mamograf\u00eda<\/strong><\/li><\/ul>\n\n\n\n<ul class=\"is-style-default wp-block-list\"><li><strong>Radiolog\u00eda convencional<\/strong><\/li><\/ul>\n<\/div><\/div>\n\n\n\n<div class=\"wp-block-group\"><div class=\"wp-block-group__inner-container is-layout-flow wp-block-group-is-layout-flow\">\n<div class=\"wp-block-columns is-layout-flex wp-container-core-columns-is-layout-9d6595d7 wp-block-columns-is-layout-flex\">\n<div class=\"wp-block-column is-layout-flow wp-block-column-is-layout-flow\">\n<p><strong>El Hospital Polusa dispone de un\u00a0equipo MAGNETOM Sola<\/strong> es un equipo de resonancia magn\u00e9tica de 1,5 teslas de \u00faltima generaci\u00f3n, presentado al p\u00fablico a nivel mundial en noviembre de 2018.<\/p>\n\n\n\n<p>Se ha puesto en funcionamiento en el Hospital Polusa a principios de abril de 2019<br>Caracter\u00edsticas destacables:<br>&#8211; Mediante Quiet Suite se mejora la experiencia y comodidad del paciente porque reduce significativamente el ruido ac\u00fastico durante los ex\u00e1menes de RM.<br>&#8211; Estudios de alta resoluci\u00f3n y r\u00e1pidos.<br>&#8211; Magnetom Sola va permitir hacer un estudio pedi\u00e1trico en la mitad de tiempo que un equipo convencional hasta ahora; la mayor parte de esos estudios, sin sedaci\u00f3n y respiraci\u00f3n libre.<br>&#8211; El equipo dispone de una apertura de 70 cm, con lo que la claustrofobia del paciente se reduce.<\/p>\n<\/div>\n\n\n\n<div class=\"wp-block-column is-layout-flow wp-block-column-is-layout-flow\">\n<figure class=\"wp-block-image size-full is-style-editorskit-rounded fotoredonda\"><img loading=\"lazy\" decoding=\"async\" width=\"800\" height=\"533\" src=\"https:\/\/riberasalud.com\/polusa\/wp-content\/uploads\/2022\/11\/resonancia-sola.jpg\" alt=\"resonancia\" class=\"wp-image-2020\" srcset=\"https:\/\/riberasalud.com\/polusa\/wp-content\/uploads\/2022\/11\/resonancia-sola.jpg 800w, https:\/\/riberasalud.com\/polusa\/wp-content\/uploads\/2022\/11\/resonancia-sola-300x200.jpg 300w, https:\/\/riberasalud.com\/polusa\/wp-content\/uploads\/2022\/11\/resonancia-sola-768x512.jpg 768w\" sizes=\"auto, (max-width: 800px) 100vw, 800px\" \/><\/figure>\n<\/div>\n<\/div>\n<\/div><\/div>\n\n\n\n<div class=\"wp-block-group\"><div class=\"wp-block-group__inner-container is-layout-flow wp-block-group-is-layout-flow\">\n<div class=\"wp-block-columns is-layout-flex wp-container-core-columns-is-layout-9d6595d7 wp-block-columns-is-layout-flex\">\n<div class=\"wp-block-column is-layout-flow wp-block-column-is-layout-flow\">\n<figure class=\"wp-block-image size-full is-style-editorskit-rounded fotoredonda\"><img loading=\"lazy\" decoding=\"async\" width=\"800\" height=\"533\" src=\"https:\/\/riberasalud.com\/polusa\/wp-content\/uploads\/2022\/11\/tac.jpg\" alt=\"tac\" class=\"wp-image-2022\" srcset=\"https:\/\/riberasalud.com\/polusa\/wp-content\/uploads\/2022\/11\/tac.jpg 800w, https:\/\/riberasalud.com\/polusa\/wp-content\/uploads\/2022\/11\/tac-300x200.jpg 300w, https:\/\/riberasalud.com\/polusa\/wp-content\/uploads\/2022\/11\/tac-768x512.jpg 768w\" sizes=\"auto, (max-width: 800px) 100vw, 800px\" \/><\/figure>\n<\/div>\n\n\n\n<div class=\"wp-block-column is-layout-flow wp-block-column-is-layout-flow\">\n<p><strong>Tac de reciente adquisici\u00f3n. 16 cortes y baja dosis (40 % menos de la habitual)<\/strong><\/p>\n\n\n\n<p>Aplicaciones cl\u00ednicas:<br>&#8211; Estudios generales de amplia cobertura y baja dosis<br>&#8211; Estudios de Neuro de cuerpo y cabeza.<br>&#8211; Estudios de traumatolog\u00eda en alta resoluci\u00f3n y 3D<br>&#8211; Estudios de angiograf\u00eda y an\u00e1lisis de vasos con reconstrucci\u00f3n 3D.<br>&#8211; Estudios cr\u00edticos en dosis de radiaci\u00f3n:<br>&#8211; Colonoscopia Virtual<br>&#8211; Screening de pulm\u00f3n<br>&#8211; Estudios pedi\u00e1tricos<br>&#8211; Controles oncol\u00f3gicos.<br>&#8211; Estudio de Dental 3D<br>&#8211; Estudio de n\u00f3dulos pulmonares.<\/p>\n<\/div>\n<\/div>\n<\/div><\/div>\n\n\n\n<div class=\"wp-block-group\"><div class=\"wp-block-group__inner-container is-layout-flow wp-block-group-is-layout-flow\">\n<div class=\"wp-block-columns is-layout-flex wp-container-core-columns-is-layout-9d6595d7 wp-block-columns-is-layout-flex\">\n<div class=\"wp-block-column is-layout-flow wp-block-column-is-layout-flow\">\n<p><strong>Ec\u00f3grafo de reciente adquisici\u00f3n, de altas prestaciones, dopler color digital&nbsp;&nbsp;<\/strong><\/p>\n\n\n\n<p>GAMA PREMIUM, con las \u00faltimas tecnolog\u00edas actualmente existentes en el mercado para obtenci\u00f3n de im\u00e1genes, junto a los \u00faltimos desarrollos exclusivos TOSHIBA.<br>Gran resoluci\u00f3n en la valoraci\u00f3n de lesiones osteo-articulares y musculares (roturas fibrilares, derrames y otras), evitando la realizaci\u00f3n de pruebas m\u00e1s tediosas.<br>De gran utilidad en Neurolog\u00eda, Digestivo, Ginecolog\u00eda, Cirug\u00eda Vascular, Pediatr\u00eda, Urolog\u00eda.<br>Un mayor grado de detalle cl\u00ednico para un diagn\u00f3stico m\u00e1s r\u00e1pido, seguro, eficaz y fiable<br>Se puede disfrutar de ecograf\u00edas que nunca se hab\u00edan aproximado tanto a la realidad.<\/p>\n<\/div>\n\n\n\n<div class=\"wp-block-column is-layout-flow wp-block-column-is-layout-flow\">\n<figure class=\"wp-block-image size-full is-style-editorskit-rounded fotoredonda\"><img loading=\"lazy\" decoding=\"async\" width=\"800\" height=\"533\" src=\"https:\/\/riberasalud.com\/polusa\/wp-content\/uploads\/2022\/11\/eco.jpg\" alt=\"\" class=\"wp-image-2024\" srcset=\"https:\/\/riberasalud.com\/polusa\/wp-content\/uploads\/2022\/11\/eco.jpg 800w, https:\/\/riberasalud.com\/polusa\/wp-content\/uploads\/2022\/11\/eco-300x200.jpg 300w, https:\/\/riberasalud.com\/polusa\/wp-content\/uploads\/2022\/11\/eco-768x512.jpg 768w\" sizes=\"auto, (max-width: 800px) 100vw, 800px\" \/><\/figure>\n<\/div>\n<\/div>\n<\/div><\/div>\n\n\n\n<div class=\"wp-block-group\"><div class=\"wp-block-group__inner-container is-layout-flow wp-block-group-is-layout-flow\">\n<div class=\"wp-block-columns is-layout-flex wp-container-core-columns-is-layout-9d6595d7 wp-block-columns-is-layout-flex\">\n<div class=\"wp-block-column is-layout-flow wp-block-column-is-layout-flow\">\n<figure class=\"wp-block-image size-full is-style-editorskit-rounded fotoredonda\"><img loading=\"lazy\" decoding=\"async\" width=\"800\" height=\"533\" src=\"https:\/\/riberasalud.com\/polusa\/wp-content\/uploads\/2022\/11\/mamo.jpg\" alt=\"mamografo\" class=\"wp-image-2025\" srcset=\"https:\/\/riberasalud.com\/polusa\/wp-content\/uploads\/2022\/11\/mamo.jpg 800w, https:\/\/riberasalud.com\/polusa\/wp-content\/uploads\/2022\/11\/mamo-300x200.jpg 300w, https:\/\/riberasalud.com\/polusa\/wp-content\/uploads\/2022\/11\/mamo-768x512.jpg 768w\" sizes=\"auto, (max-width: 800px) 100vw, 800px\" \/><\/figure>\n<\/div>\n\n\n\n<div class=\"wp-block-column is-layout-flow wp-block-column-is-layout-flow\">\n<p><strong><meta charset=\"utf-8\">Mam\u00f3grafo Senographe Pristina<\/strong><\/p>\n\n\n\n<p>Un nuevo mam\u00f3grafo Senographe Pristina, que supone una comodidad para las pacientes<br>Un sistema de mamograf\u00eda en 3D m\u00e1s atractivo y confortable que mejora la experiencia del examen de mama en general.Nuestro mam\u00f3grafo Senographe Pristina ayuda a garantizar que las pacientes est\u00e9n c\u00f3modas durante la mamograf\u00eda de tal forma que con unos suaves apoyabrazos han sustituido a las habituales asas y por tanto, en lugar de tensar los m\u00fasculos para agarrar el asa, los pacientes pueden colocar el brazo c\u00f3modamente sobre el apoyabrazos y relajar los m\u00fasculos, lo que simplifica la compresi\u00f3n y la obtenci\u00f3n de la imagen.<\/p>\n<\/div>\n<\/div>\n<\/div><\/div>\n","protected":false},"excerpt":{"rendered":"<p>Radiolog\u00eda Unidad digitalizada y atendida las 24 horas por los radi\u00f3logos. Resonancia magn\u00e9tica de 1,5 teslas TAC (tomograf\u00eda axial computarizada) Ecograf\u00eda Mamograf\u00eda Radiolog\u00eda convencional El Hospital Polusa dispone de un\u00a0equipo MAGNETOM Sola es un equipo de resonancia magn\u00e9tica de 1,5 teslas de \u00faltima generaci\u00f3n, presentado al p\u00fablico a nivel mundial en noviembre de 2018. Se &#8230; <a title=\"Radiolog\u00eda\" class=\"read-more\" href=\"https:\/\/riberasalud.com\/polusa\/radiologia\/\" aria-label=\"Leer m\u00e1s sobre Radiolog\u00eda\">Leer m\u00e1s<\/a><\/p>\n","protected":false},"author":1,"featured_media":0,"parent":0,"menu_order":0,"comment_status":"closed","ping_status":"closed","template":"","meta":{"_coblocks_attr":"","_coblocks_dimensions":"","_coblocks_responsive_height":"","_coblocks_accordion_ie_support":"","_uag_custom_page_level_css":"","footnotes":""},"class_list":["post-162","page","type-page","status-publish"],"featured_image_urls_v2":{"full":"","thumbnail":"","medium":"","medium_large":"","large":"","xl":"","xxl":"","xxxl":"","xxxxl":"","xxxxxl":"","1536x1536":"","2048x2048":""},"post_excerpt_stackable_v2":"<p>Radiolog\u00eda Unidad digitalizada y atendida las 24 horas por los radi\u00f3logos. Resonancia magn\u00e9tica de 1,5 teslas TAC (tomograf\u00eda axial computarizada) Ecograf\u00eda Mamograf\u00eda Radiolog\u00eda convencional El Hospital Polusa dispone de un\u00a0equipo MAGNETOM Sola es un equipo de resonancia magn\u00e9tica de 1,5 teslas de \u00faltima generaci\u00f3n, presentado al p\u00fablico a nivel mundial en noviembre de 2018. Se ha puesto en funcionamiento en el Hospital Polusa a principios de abril de 2019Caracter\u00edsticas destacables:&#8211; Mediante Quiet Suite se mejora la experiencia y comodidad del paciente porque reduce significativamente el ruido ac\u00fastico durante los ex\u00e1menes de RM.&#8211; Estudios de alta resoluci\u00f3n y r\u00e1pidos.&#8211; Magnetom Sola&hellip;<\/p>\n","category_list_v2":"","author_info_v2":{"name":"jorge@quois.com","url":"https:\/\/riberasalud.com\/polusa\/author\/jorgequois-com\/"},"comments_num_v2":"0 comentarios","yoast_head":"<!-- This site is optimized with the Yoast SEO plugin v26.6 - https:\/\/yoast.com\/wordpress\/plugins\/seo\/ -->\n<title>\u25b7 Radiolog\u00eda | Hospital Ribera Polusa<\/title>\n<meta name=\"description\" content=\"lll\u1405 Radiolog\u00eda Unidad digitalizada y atendida las 24 horas por los radi\u00f3logos. Resonancia magn\u00e9tica de 1,5 teslas TAC (tomograf\u00eda axial computarizada) \u2705\" \/>\n<meta name=\"robots\" content=\"index, follow, max-snippet:-1, max-image-preview:large, max-video-preview:-1\" \/>\n<link rel=\"canonical\" href=\"https:\/\/riberasalud.com\/polusa\/radiologia\/\" \/>\n<meta property=\"og:locale\" content=\"es_ES\" \/>\n<meta property=\"og:type\" content=\"article\" \/>\n<meta property=\"og:title\" content=\"\u25b7 Radiolog\u00eda | Hospital Ribera Polusa\" \/>\n<meta property=\"og:description\" content=\"lll\u1405 Radiolog\u00eda Unidad digitalizada y atendida las 24 horas por los radi\u00f3logos. Resonancia magn\u00e9tica de 1,5 teslas TAC (tomograf\u00eda axial computarizada) \u2705\" \/>\n<meta property=\"og:url\" content=\"https:\/\/riberasalud.com\/polusa\/radiologia\/\" \/>\n<meta property=\"og:site_name\" content=\"Hospital Ribera Polusa\" \/>\n<meta property=\"article:modified_time\" content=\"2022-11-18T08:29:39+00:00\" \/>\n<meta property=\"og:image\" content=\"https:\/\/riberasalud.com\/polusa\/wp-content\/uploads\/2022\/11\/resonancia-sola.jpg\" \/>\n<meta name=\"twitter:card\" content=\"summary_large_image\" \/>\n<meta name=\"twitter:label1\" content=\"Tiempo de lectura\" \/>\n\t<meta name=\"twitter:data1\" content=\"3 minutos\" \/>\n<script type=\"application\/ld+json\" class=\"yoast-schema-graph\">{\"@context\":\"https:\/\/schema.org\",\"@graph\":[{\"@type\":\"WebPage\",\"@id\":\"https:\/\/riberasalud.com\/polusa\/radiologia\/\",\"url\":\"https:\/\/riberasalud.com\/polusa\/radiologia\/\",\"name\":\"\u25b7 Radiolog\u00eda | Hospital Ribera Polusa\",\"isPartOf\":{\"@id\":\"https:\/\/riberasalud.com\/polusa\/#website\"},\"primaryImageOfPage\":{\"@id\":\"https:\/\/riberasalud.com\/polusa\/radiologia\/#primaryimage\"},\"image\":{\"@id\":\"https:\/\/riberasalud.com\/polusa\/radiologia\/#primaryimage\"},\"thumbnailUrl\":\"https:\/\/riberasalud.com\/polusa\/wp-content\/uploads\/2022\/11\/resonancia-sola.jpg\",\"datePublished\":\"2021-05-27T07:59:38+00:00\",\"dateModified\":\"2022-11-18T08:29:39+00:00\",\"description\":\"lll\u1405 Radiolog\u00eda Unidad digitalizada y atendida las 24 horas por los radi\u00f3logos. Resonancia magn\u00e9tica de 1,5 teslas TAC (tomograf\u00eda axial computarizada) \u2705\",\"breadcrumb\":{\"@id\":\"https:\/\/riberasalud.com\/polusa\/radiologia\/#breadcrumb\"},\"inLanguage\":\"es\",\"potentialAction\":[{\"@type\":\"ReadAction\",\"target\":[\"https:\/\/riberasalud.com\/polusa\/radiologia\/\"]}]},{\"@type\":\"ImageObject\",\"inLanguage\":\"es\",\"@id\":\"https:\/\/riberasalud.com\/polusa\/radiologia\/#primaryimage\",\"url\":\"\",\"contentUrl\":\"\"},{\"@type\":\"BreadcrumbList\",\"@id\":\"https:\/\/riberasalud.com\/polusa\/radiologia\/#breadcrumb\",\"itemListElement\":[{\"@type\":\"ListItem\",\"position\":1,\"name\":\"Portada\",\"item\":\"https:\/\/riberasalud.com\/polusa\/\"},{\"@type\":\"ListItem\",\"position\":2,\"name\":\"Radiolog\u00eda\"}]},{\"@type\":\"WebSite\",\"@id\":\"https:\/\/riberasalud.com\/polusa\/#website\",\"url\":\"https:\/\/riberasalud.com\/polusa\/\",\"name\":\"Hospital Ribera Polusa\",\"description\":\"\",\"publisher\":{\"@id\":\"https:\/\/riberasalud.com\/polusa\/#organization\"},\"potentialAction\":[{\"@type\":\"SearchAction\",\"target\":{\"@type\":\"EntryPoint\",\"urlTemplate\":\"https:\/\/riberasalud.com\/polusa\/?s={search_term_string}\"},\"query-input\":{\"@type\":\"PropertyValueSpecification\",\"valueRequired\":true,\"valueName\":\"search_term_string\"}}],\"inLanguage\":\"es\"},{\"@type\":\"Organization\",\"@id\":\"https:\/\/riberasalud.com\/polusa\/#organization\",\"name\":\"Hospital Ribera Polusa\",\"url\":\"https:\/\/riberasalud.com\/polusa\/\",\"logo\":{\"@type\":\"ImageObject\",\"inLanguage\":\"es\",\"@id\":\"https:\/\/riberasalud.com\/polusa\/#\/schema\/logo\/image\/\",\"url\":\"https:\/\/riberasalud.com\/polusa\/wp-content\/uploads\/2025\/12\/cropped-cropped-Logo-Red-Polusa-300x76-1.png\",\"contentUrl\":\"https:\/\/riberasalud.com\/polusa\/wp-content\/uploads\/2025\/12\/cropped-cropped-Logo-Red-Polusa-300x76-1.png\",\"width\":300,\"height\":76,\"caption\":\"Hospital Ribera Polusa\"},\"image\":{\"@id\":\"https:\/\/riberasalud.com\/polusa\/#\/schema\/logo\/image\/\"}}]}<\/script>\n<!-- \/ Yoast SEO plugin. -->","yoast_head_json":{"title":"\u25b7 Radiolog\u00eda | Hospital Ribera Polusa","description":"lll\u1405 Radiolog\u00eda Unidad digitalizada y atendida las 24 horas por los radi\u00f3logos. Resonancia magn\u00e9tica de 1,5 teslas TAC (tomograf\u00eda axial computarizada) \u2705","robots":{"index":"index","follow":"follow","max-snippet":"max-snippet:-1","max-image-preview":"max-image-preview:large","max-video-preview":"max-video-preview:-1"},"canonical":"https:\/\/riberasalud.com\/polusa\/radiologia\/","og_locale":"es_ES","og_type":"article","og_title":"\u25b7 Radiolog\u00eda | Hospital Ribera Polusa","og_description":"lll\u1405 Radiolog\u00eda Unidad digitalizada y atendida las 24 horas por los radi\u00f3logos. Resonancia magn\u00e9tica de 1,5 teslas TAC (tomograf\u00eda axial computarizada) \u2705","og_url":"https:\/\/riberasalud.com\/polusa\/radiologia\/","og_site_name":"Hospital Ribera Polusa","article_modified_time":"2022-11-18T08:29:39+00:00","og_image":[{"url":"https:\/\/riberasalud.com\/polusa\/wp-content\/uploads\/2022\/11\/resonancia-sola.jpg","type":"","width":"","height":""}],"twitter_card":"summary_large_image","twitter_misc":{"Tiempo de lectura":"3 minutos"},"schema":{"@context":"https:\/\/schema.org","@graph":[{"@type":"WebPage","@id":"https:\/\/riberasalud.com\/polusa\/radiologia\/","url":"https:\/\/riberasalud.com\/polusa\/radiologia\/","name":"\u25b7 Radiolog\u00eda | Hospital Ribera Polusa","isPartOf":{"@id":"https:\/\/riberasalud.com\/polusa\/#website"},"primaryImageOfPage":{"@id":"https:\/\/riberasalud.com\/polusa\/radiologia\/#primaryimage"},"image":{"@id":"https:\/\/riberasalud.com\/polusa\/radiologia\/#primaryimage"},"thumbnailUrl":"https:\/\/riberasalud.com\/polusa\/wp-content\/uploads\/2022\/11\/resonancia-sola.jpg","datePublished":"2021-05-27T07:59:38+00:00","dateModified":"2022-11-18T08:29:39+00:00","description":"lll\u1405 Radiolog\u00eda Unidad digitalizada y atendida las 24 horas por los radi\u00f3logos. Resonancia magn\u00e9tica de 1,5 teslas TAC (tomograf\u00eda axial computarizada) \u2705","breadcrumb":{"@id":"https:\/\/riberasalud.com\/polusa\/radiologia\/#breadcrumb"},"inLanguage":"es","potentialAction":[{"@type":"ReadAction","target":["https:\/\/riberasalud.com\/polusa\/radiologia\/"]}]},{"@type":"ImageObject","inLanguage":"es","@id":"https:\/\/riberasalud.com\/polusa\/radiologia\/#primaryimage","url":"","contentUrl":""},{"@type":"BreadcrumbList","@id":"https:\/\/riberasalud.com\/polusa\/radiologia\/#breadcrumb","itemListElement":[{"@type":"ListItem","position":1,"name":"Portada","item":"https:\/\/riberasalud.com\/polusa\/"},{"@type":"ListItem","position":2,"name":"Radiolog\u00eda"}]},{"@type":"WebSite","@id":"https:\/\/riberasalud.com\/polusa\/#website","url":"https:\/\/riberasalud.com\/polusa\/","name":"Hospital Ribera Polusa","description":"","publisher":{"@id":"https:\/\/riberasalud.com\/polusa\/#organization"},"potentialAction":[{"@type":"SearchAction","target":{"@type":"EntryPoint","urlTemplate":"https:\/\/riberasalud.com\/polusa\/?s={search_term_string}"},"query-input":{"@type":"PropertyValueSpecification","valueRequired":true,"valueName":"search_term_string"}}],"inLanguage":"es"},{"@type":"Organization","@id":"https:\/\/riberasalud.com\/polusa\/#organization","name":"Hospital Ribera Polusa","url":"https:\/\/riberasalud.com\/polusa\/","logo":{"@type":"ImageObject","inLanguage":"es","@id":"https:\/\/riberasalud.com\/polusa\/#\/schema\/logo\/image\/","url":"https:\/\/riberasalud.com\/polusa\/wp-content\/uploads\/2025\/12\/cropped-cropped-Logo-Red-Polusa-300x76-1.png","contentUrl":"https:\/\/riberasalud.com\/polusa\/wp-content\/uploads\/2025\/12\/cropped-cropped-Logo-Red-Polusa-300x76-1.png","width":300,"height":76,"caption":"Hospital Ribera Polusa"},"image":{"@id":"https:\/\/riberasalud.com\/polusa\/#\/schema\/logo\/image\/"}}]}},"pbg_featured_image_src":{"full":false,"thumbnail":false,"medium":false,"medium_large":false,"large":false,"xl":false,"xxl":false,"xxxl":false,"xxxxl":false,"xxxxxl":false,"1536x1536":false,"2048x2048":false},"pbg_author_info":{"display_name":"jorge@quois.com","author_link":"https:\/\/riberasalud.com\/polusa\/author\/jorgequois-com\/","author_img":"<img alt='jorge@quois.com' src='https:\/\/secure.gravatar.com\/avatar\/bca8cccf11ce6757dcdec6ce293d120c16d33c83aeb423357cce3f49f3abae94?s=128&#038;d=mm&#038;r=g' srcset='https:\/\/secure.gravatar.com\/avatar\/bca8cccf11ce6757dcdec6ce293d120c16d33c83aeb423357cce3f49f3abae94?s=256&#038;d=mm&#038;r=g 2x' class='avatar avatar-128 photo' height='128' width='128' loading='lazy' decoding='async'\/>"},"pbg_comment_info":" No Comments","pbg_excerpt":"Radiolog\u00eda Unidad digitalizada y atendida las 24 horas por los radi\u00f3logos. Resonancia magn\u00e9tica de 1,5 teslas TAC (tomograf\u00eda axial computarizada) Ecograf\u00eda Mamograf\u00eda Radiolog\u00eda convencional El Hospital Polusa dispone de un\u00a0equipo MAGNETOM Sola es un equipo de resonancia magn\u00e9tica de 1,5 teslas de \u00faltima generaci\u00f3n, presentado al p\u00fablico a nivel mundial en noviembre de 2018. Se&hellip;","uagb_featured_image_src":{"full":false,"thumbnail":false,"medium":false,"medium_large":false,"large":false,"xl":false,"xxl":false,"xxxl":false,"xxxxl":false,"xxxxxl":false,"1536x1536":false,"2048x2048":false},"uagb_author_info":{"display_name":"jorge@quois.com","author_link":"https:\/\/riberasalud.com\/polusa\/author\/jorgequois-com\/"},"uagb_comment_info":0,"uagb_excerpt":"Radiolog\u00eda Unidad digitalizada y atendida las 24 horas por los radi\u00f3logos. Resonancia magn\u00e9tica de 1,5 teslas TAC (tomograf\u00eda axial computarizada) Ecograf\u00eda Mamograf\u00eda Radiolog\u00eda convencional El Hospital Polusa dispone de un\u00a0equipo MAGNETOM Sola es un equipo de resonancia magn\u00e9tica de 1,5 teslas de \u00faltima generaci\u00f3n, presentado al p\u00fablico a nivel mundial en noviembre de 2018. Se&hellip;","_links":{"self":[{"href":"https:\/\/riberasalud.com\/polusa\/wp-json\/wp\/v2\/pages\/162","targetHints":{"allow":["GET"]}}],"collection":[{"href":"https:\/\/riberasalud.com\/polusa\/wp-json\/wp\/v2\/pages"}],"about":[{"href":"https:\/\/riberasalud.com\/polusa\/wp-json\/wp\/v2\/types\/page"}],"author":[{"embeddable":true,"href":"https:\/\/riberasalud.com\/polusa\/wp-json\/wp\/v2\/users\/1"}],"replies":[{"embeddable":true,"href":"https:\/\/riberasalud.com\/polusa\/wp-json\/wp\/v2\/comments?post=162"}],"version-history":[{"count":8,"href":"https:\/\/riberasalud.com\/polusa\/wp-json\/wp\/v2\/pages\/162\/revisions"}],"predecessor-version":[{"id":2027,"href":"https:\/\/riberasalud.com\/polusa\/wp-json\/wp\/v2\/pages\/162\/revisions\/2027"}],"wp:attachment":[{"href":"https:\/\/riberasalud.com\/polusa\/wp-json\/wp\/v2\/media?parent=162"}],"curies":[{"name":"wp","href":"https:\/\/api.w.org\/{rel}","templated":true}]}}