{"id":157,"date":"2021-05-27T07:59:36","date_gmt":"2021-05-27T07:59:36","guid":{"rendered":"https:\/\/riberasalud.com\/polusa\/?page_id=157"},"modified":"2021-05-27T08:21:33","modified_gmt":"2021-05-27T08:21:33","slug":"medicina-aeronautica","status":"publish","type":"page","link":"https:\/\/riberasalud.com\/polusa\/medicina-aeronautica\/","title":{"rendered":"Medicina Aeron\u00e1utica"},"content":{"rendered":"\n<div class=\"wp-block-group backgroundbanner\"><div class=\"wp-block-group__inner-container is-layout-flow wp-block-group-is-layout-flow\">\n<p class=\"has-text-align-center\" style=\"font-size:40px\"><span style=\"color: #4b4a4a;\" class=\"ugb-highlight\">Medicina Aeron\u00e1utica<\/span><\/p>\n<\/div><\/div>\n\n\n\n<div class=\"wp-block-group\"><div class=\"wp-block-group__inner-container is-layout-flow wp-block-group-is-layout-flow\">\n<div class=\"wp-block-group\"><div class=\"wp-block-group__inner-container is-layout-flow wp-block-group-is-layout-flow\">\n<div class=\"wp-block-columns is-layout-flex wp-container-core-columns-is-layout-9d6595d7 wp-block-columns-is-layout-flex\">\n<div class=\"wp-block-column is-layout-flow wp-block-column-is-layout-flow\">\n<p><strong><\/strong>El <strong>Hospital POLUSA<\/strong> acoge en sus dependencias la primera Unidad de Medicina Aeron\u00e1utica de Galicia. La Unidad est\u00e1 dirigida y coordinada por el <strong>Dr. Jes\u00fas Nava Antu\u00f1a<\/strong>, m\u00e9dico examinador a\u00e9reo desde 1997.<\/p>\n\n\n\n<p>Se trata del \u00fanico centro para Galicia que cuenta con esta acreditaci\u00f3n. <strong>El Hospital POLUSA<\/strong> se convierte as\u00ed en uno de los seis <strong>Centros M\u00e9dicos Aeron\u00e1uticos Acreditados<\/strong> por la <strong>AESA<\/strong> (Agencia Estatal de Seguridad A\u00e9rea) para realizar todo tipo de reconocimientos psicom\u00e9dicos, incluyendo los <strong>iniciales de Clase 1<\/strong> (para pilotos profesionales) <strong>y de clase 3<\/strong> (para controladores a\u00e9reos), reconocimientos que hasta ahora no se pod\u00edan hacer en Galicia.<\/p>\n\n\n\n<p>El prop\u00f3sito es convertir la Unidad en un referente para la buena pr\u00e1ctica de la Medicina Aeron\u00e1utica en Espa\u00f1a y conseguir que puedan volar o trabajar en el sector a\u00e9reo todos los candidatos que re\u00fanan las condiciones razonables de salud psicof\u00edsica aplicables en cada caso (pilotos deportivos, pilotos profesionales, controladores a\u00e9reos o auxiliares de vuelo).<\/p>\n\n\n\n<p>Para solicitar <strong>informaci\u00f3n Y cita previa<\/strong>:<\/p>\n\n\n\n<p><strong>Tel\u00e9fono: 639 16 05 95.<\/strong><br><strong>E-mail: <a href=\"mailto:info@clinica-aeromedica.net\">info@clinica-aeromedica.net<\/a><\/strong><\/p>\n<\/div>\n\n\n\n<div class=\"wp-block-column is-layout-flow wp-block-column-is-layout-flow\">\n<figure class=\"wp-block-image size-large is-style-editorskit-rounded fotoredonda\"><img loading=\"lazy\" decoding=\"async\" width=\"428\" height=\"285\" src=\"https:\/\/riberasalud.com\/polusa\/wp-content\/uploads\/2021\/05\/avion.jpg\" alt=\"\" class=\"wp-image-221\" srcset=\"https:\/\/riberasalud.com\/polusa\/wp-content\/uploads\/2021\/05\/avion.jpg 428w, https:\/\/riberasalud.com\/polusa\/wp-content\/uploads\/2021\/05\/avion-300x200.jpg 300w\" sizes=\"auto, (max-width: 428px) 100vw, 428px\" \/><\/figure>\n<\/div>\n<\/div>\n<\/div><\/div>\n<\/div><\/div>\n","protected":false},"excerpt":{"rendered":"<p>Medicina Aeron\u00e1utica El Hospital POLUSA acoge en sus dependencias la primera Unidad de Medicina Aeron\u00e1utica de Galicia. La Unidad est\u00e1 dirigida y coordinada por el Dr. Jes\u00fas Nava Antu\u00f1a, m\u00e9dico examinador a\u00e9reo desde 1997. Se trata del \u00fanico centro para Galicia que cuenta con esta acreditaci\u00f3n. El Hospital POLUSA se convierte as\u00ed en uno de &#8230; <a title=\"Medicina Aeron\u00e1utica\" class=\"read-more\" href=\"https:\/\/riberasalud.com\/polusa\/medicina-aeronautica\/\" aria-label=\"Leer m\u00e1s sobre Medicina Aeron\u00e1utica\">Leer m\u00e1s<\/a><\/p>\n","protected":false},"author":1,"featured_media":0,"parent":0,"menu_order":0,"comment_status":"closed","ping_status":"closed","template":"","meta":{"_coblocks_attr":"","_coblocks_dimensions":"","_coblocks_responsive_height":"","_coblocks_accordion_ie_support":"","_uag_custom_page_level_css":"","footnotes":""},"class_list":["post-157","page","type-page","status-publish"],"featured_image_urls_v2":{"full":"","thumbnail":"","medium":"","medium_large":"","large":"","xl":"","xxl":"","xxxl":"","xxxxl":"","xxxxxl":"","1536x1536":"","2048x2048":""},"post_excerpt_stackable_v2":"<p>Medicina Aeron\u00e1utica El Hospital POLUSA acoge en sus dependencias la primera Unidad de Medicina Aeron\u00e1utica de Galicia. La Unidad est\u00e1 dirigida y coordinada por el Dr. Jes\u00fas Nava Antu\u00f1a, m\u00e9dico examinador a\u00e9reo desde 1997. Se trata del \u00fanico centro para Galicia que cuenta con esta acreditaci\u00f3n. El Hospital POLUSA se convierte as\u00ed en uno de los seis Centros M\u00e9dicos Aeron\u00e1uticos Acreditados por la AESA (Agencia Estatal de Seguridad A\u00e9rea) para realizar todo tipo de reconocimientos psicom\u00e9dicos, incluyendo los iniciales de Clase 1 (para pilotos profesionales) y de clase 3 (para controladores a\u00e9reos), reconocimientos que hasta ahora no se pod\u00edan hacer&hellip;<\/p>\n","category_list_v2":"","author_info_v2":{"name":"jorge@quois.com","url":"https:\/\/riberasalud.com\/polusa\/author\/jorgequois-com\/"},"comments_num_v2":"0 comentarios","yoast_head":"<!-- This site is optimized with the Yoast SEO plugin v26.6 - https:\/\/yoast.com\/wordpress\/plugins\/seo\/ -->\n<title>\u25b7 Medicina Aeron\u00e1utica | Hospital Ribera Polusa<\/title>\n<meta name=\"description\" content=\"lll\u1405 Medicina Aeron\u00e1utica El Hospital POLUSA acoge en sus dependencias la primera Unidad de Medicina Aeron\u00e1utica de Galicia. La Unidad est\u00e1 dirigida y \u2705\" \/>\n<meta name=\"robots\" content=\"index, follow, max-snippet:-1, max-image-preview:large, max-video-preview:-1\" \/>\n<link rel=\"canonical\" href=\"https:\/\/riberasalud.com\/polusa\/medicina-aeronautica\/\" \/>\n<meta property=\"og:locale\" content=\"es_ES\" \/>\n<meta property=\"og:type\" content=\"article\" \/>\n<meta property=\"og:title\" content=\"\u25b7 Medicina Aeron\u00e1utica | Hospital Ribera Polusa\" \/>\n<meta property=\"og:description\" content=\"lll\u1405 Medicina Aeron\u00e1utica El Hospital POLUSA acoge en sus dependencias la primera Unidad de Medicina Aeron\u00e1utica de Galicia. La Unidad est\u00e1 dirigida y \u2705\" \/>\n<meta property=\"og:url\" content=\"https:\/\/riberasalud.com\/polusa\/medicina-aeronautica\/\" \/>\n<meta property=\"og:site_name\" content=\"Hospital Ribera Polusa\" \/>\n<meta property=\"article:modified_time\" content=\"2021-05-27T08:21:33+00:00\" \/>\n<meta property=\"og:image\" content=\"https:\/\/riberasalud.com\/polusa\/wp-content\/uploads\/2021\/05\/avion.jpg\" \/>\n\t<meta property=\"og:image:width\" content=\"428\" \/>\n\t<meta property=\"og:image:height\" content=\"285\" \/>\n\t<meta property=\"og:image:type\" content=\"image\/jpeg\" \/>\n<meta name=\"twitter:card\" content=\"summary_large_image\" \/>\n<meta name=\"twitter:label1\" content=\"Tiempo de lectura\" \/>\n\t<meta name=\"twitter:data1\" content=\"1 minuto\" \/>\n<script type=\"application\/ld+json\" class=\"yoast-schema-graph\">{\"@context\":\"https:\/\/schema.org\",\"@graph\":[{\"@type\":\"WebPage\",\"@id\":\"https:\/\/riberasalud.com\/polusa\/medicina-aeronautica\/\",\"url\":\"https:\/\/riberasalud.com\/polusa\/medicina-aeronautica\/\",\"name\":\"\u25b7 Medicina Aeron\u00e1utica | Hospital Ribera Polusa\",\"isPartOf\":{\"@id\":\"https:\/\/riberasalud.com\/polusa\/#website\"},\"primaryImageOfPage\":{\"@id\":\"https:\/\/riberasalud.com\/polusa\/medicina-aeronautica\/#primaryimage\"},\"image\":{\"@id\":\"https:\/\/riberasalud.com\/polusa\/medicina-aeronautica\/#primaryimage\"},\"thumbnailUrl\":\"https:\/\/riberasalud.com\/polusa\/wp-content\/uploads\/2021\/05\/avion.jpg\",\"datePublished\":\"2021-05-27T07:59:36+00:00\",\"dateModified\":\"2021-05-27T08:21:33+00:00\",\"description\":\"lll\u1405 Medicina Aeron\u00e1utica El Hospital POLUSA acoge en sus dependencias la primera Unidad de Medicina Aeron\u00e1utica de Galicia. La Unidad est\u00e1 dirigida y \u2705\",\"breadcrumb\":{\"@id\":\"https:\/\/riberasalud.com\/polusa\/medicina-aeronautica\/#breadcrumb\"},\"inLanguage\":\"es\",\"potentialAction\":[{\"@type\":\"ReadAction\",\"target\":[\"https:\/\/riberasalud.com\/polusa\/medicina-aeronautica\/\"]}]},{\"@type\":\"ImageObject\",\"inLanguage\":\"es\",\"@id\":\"https:\/\/riberasalud.com\/polusa\/medicina-aeronautica\/#primaryimage\",\"url\":\"https:\/\/riberasalud.com\/polusa\/wp-content\/uploads\/2021\/05\/avion.jpg\",\"contentUrl\":\"https:\/\/riberasalud.com\/polusa\/wp-content\/uploads\/2021\/05\/avion.jpg\",\"width\":428,\"height\":285},{\"@type\":\"BreadcrumbList\",\"@id\":\"https:\/\/riberasalud.com\/polusa\/medicina-aeronautica\/#breadcrumb\",\"itemListElement\":[{\"@type\":\"ListItem\",\"position\":1,\"name\":\"Portada\",\"item\":\"https:\/\/riberasalud.com\/polusa\/\"},{\"@type\":\"ListItem\",\"position\":2,\"name\":\"Medicina Aeron\u00e1utica\"}]},{\"@type\":\"WebSite\",\"@id\":\"https:\/\/riberasalud.com\/polusa\/#website\",\"url\":\"https:\/\/riberasalud.com\/polusa\/\",\"name\":\"Hospital Ribera Polusa\",\"description\":\"\",\"publisher\":{\"@id\":\"https:\/\/riberasalud.com\/polusa\/#organization\"},\"potentialAction\":[{\"@type\":\"SearchAction\",\"target\":{\"@type\":\"EntryPoint\",\"urlTemplate\":\"https:\/\/riberasalud.com\/polusa\/?s={search_term_string}\"},\"query-input\":{\"@type\":\"PropertyValueSpecification\",\"valueRequired\":true,\"valueName\":\"search_term_string\"}}],\"inLanguage\":\"es\"},{\"@type\":\"Organization\",\"@id\":\"https:\/\/riberasalud.com\/polusa\/#organization\",\"name\":\"Hospital Ribera Polusa\",\"url\":\"https:\/\/riberasalud.com\/polusa\/\",\"logo\":{\"@type\":\"ImageObject\",\"inLanguage\":\"es\",\"@id\":\"https:\/\/riberasalud.com\/polusa\/#\/schema\/logo\/image\/\",\"url\":\"https:\/\/riberasalud.com\/polusa\/wp-content\/uploads\/2025\/12\/cropped-cropped-Logo-Red-Polusa-300x76-1.png\",\"contentUrl\":\"https:\/\/riberasalud.com\/polusa\/wp-content\/uploads\/2025\/12\/cropped-cropped-Logo-Red-Polusa-300x76-1.png\",\"width\":300,\"height\":76,\"caption\":\"Hospital Ribera Polusa\"},\"image\":{\"@id\":\"https:\/\/riberasalud.com\/polusa\/#\/schema\/logo\/image\/\"}}]}<\/script>\n<!-- \/ Yoast SEO plugin. -->","yoast_head_json":{"title":"\u25b7 Medicina Aeron\u00e1utica | Hospital Ribera Polusa","description":"lll\u1405 Medicina Aeron\u00e1utica El Hospital POLUSA acoge en sus dependencias la primera Unidad de Medicina Aeron\u00e1utica de Galicia. La Unidad est\u00e1 dirigida y \u2705","robots":{"index":"index","follow":"follow","max-snippet":"max-snippet:-1","max-image-preview":"max-image-preview:large","max-video-preview":"max-video-preview:-1"},"canonical":"https:\/\/riberasalud.com\/polusa\/medicina-aeronautica\/","og_locale":"es_ES","og_type":"article","og_title":"\u25b7 Medicina Aeron\u00e1utica | Hospital Ribera Polusa","og_description":"lll\u1405 Medicina Aeron\u00e1utica El Hospital POLUSA acoge en sus dependencias la primera Unidad de Medicina Aeron\u00e1utica de Galicia. La Unidad est\u00e1 dirigida y \u2705","og_url":"https:\/\/riberasalud.com\/polusa\/medicina-aeronautica\/","og_site_name":"Hospital Ribera Polusa","article_modified_time":"2021-05-27T08:21:33+00:00","og_image":[{"width":428,"height":285,"url":"https:\/\/riberasalud.com\/polusa\/wp-content\/uploads\/2021\/05\/avion.jpg","type":"image\/jpeg"}],"twitter_card":"summary_large_image","twitter_misc":{"Tiempo de lectura":"1 minuto"},"schema":{"@context":"https:\/\/schema.org","@graph":[{"@type":"WebPage","@id":"https:\/\/riberasalud.com\/polusa\/medicina-aeronautica\/","url":"https:\/\/riberasalud.com\/polusa\/medicina-aeronautica\/","name":"\u25b7 Medicina Aeron\u00e1utica | Hospital Ribera Polusa","isPartOf":{"@id":"https:\/\/riberasalud.com\/polusa\/#website"},"primaryImageOfPage":{"@id":"https:\/\/riberasalud.com\/polusa\/medicina-aeronautica\/#primaryimage"},"image":{"@id":"https:\/\/riberasalud.com\/polusa\/medicina-aeronautica\/#primaryimage"},"thumbnailUrl":"https:\/\/riberasalud.com\/polusa\/wp-content\/uploads\/2021\/05\/avion.jpg","datePublished":"2021-05-27T07:59:36+00:00","dateModified":"2021-05-27T08:21:33+00:00","description":"lll\u1405 Medicina Aeron\u00e1utica El Hospital POLUSA acoge en sus dependencias la primera Unidad de Medicina Aeron\u00e1utica de Galicia. La Unidad est\u00e1 dirigida y \u2705","breadcrumb":{"@id":"https:\/\/riberasalud.com\/polusa\/medicina-aeronautica\/#breadcrumb"},"inLanguage":"es","potentialAction":[{"@type":"ReadAction","target":["https:\/\/riberasalud.com\/polusa\/medicina-aeronautica\/"]}]},{"@type":"ImageObject","inLanguage":"es","@id":"https:\/\/riberasalud.com\/polusa\/medicina-aeronautica\/#primaryimage","url":"https:\/\/riberasalud.com\/polusa\/wp-content\/uploads\/2021\/05\/avion.jpg","contentUrl":"https:\/\/riberasalud.com\/polusa\/wp-content\/uploads\/2021\/05\/avion.jpg","width":428,"height":285},{"@type":"BreadcrumbList","@id":"https:\/\/riberasalud.com\/polusa\/medicina-aeronautica\/#breadcrumb","itemListElement":[{"@type":"ListItem","position":1,"name":"Portada","item":"https:\/\/riberasalud.com\/polusa\/"},{"@type":"ListItem","position":2,"name":"Medicina Aeron\u00e1utica"}]},{"@type":"WebSite","@id":"https:\/\/riberasalud.com\/polusa\/#website","url":"https:\/\/riberasalud.com\/polusa\/","name":"Hospital Ribera Polusa","description":"","publisher":{"@id":"https:\/\/riberasalud.com\/polusa\/#organization"},"potentialAction":[{"@type":"SearchAction","target":{"@type":"EntryPoint","urlTemplate":"https:\/\/riberasalud.com\/polusa\/?s={search_term_string}"},"query-input":{"@type":"PropertyValueSpecification","valueRequired":true,"valueName":"search_term_string"}}],"inLanguage":"es"},{"@type":"Organization","@id":"https:\/\/riberasalud.com\/polusa\/#organization","name":"Hospital Ribera Polusa","url":"https:\/\/riberasalud.com\/polusa\/","logo":{"@type":"ImageObject","inLanguage":"es","@id":"https:\/\/riberasalud.com\/polusa\/#\/schema\/logo\/image\/","url":"https:\/\/riberasalud.com\/polusa\/wp-content\/uploads\/2025\/12\/cropped-cropped-Logo-Red-Polusa-300x76-1.png","contentUrl":"https:\/\/riberasalud.com\/polusa\/wp-content\/uploads\/2025\/12\/cropped-cropped-Logo-Red-Polusa-300x76-1.png","width":300,"height":76,"caption":"Hospital Ribera Polusa"},"image":{"@id":"https:\/\/riberasalud.com\/polusa\/#\/schema\/logo\/image\/"}}]}},"pbg_featured_image_src":{"full":false,"thumbnail":false,"medium":false,"medium_large":false,"large":false,"xl":false,"xxl":false,"xxxl":false,"xxxxl":false,"xxxxxl":false,"1536x1536":false,"2048x2048":false},"pbg_author_info":{"display_name":"jorge@quois.com","author_link":"https:\/\/riberasalud.com\/polusa\/author\/jorgequois-com\/","author_img":"<img alt='jorge@quois.com' src='https:\/\/secure.gravatar.com\/avatar\/bca8cccf11ce6757dcdec6ce293d120c16d33c83aeb423357cce3f49f3abae94?s=128&#038;d=mm&#038;r=g' srcset='https:\/\/secure.gravatar.com\/avatar\/bca8cccf11ce6757dcdec6ce293d120c16d33c83aeb423357cce3f49f3abae94?s=256&#038;d=mm&#038;r=g 2x' class='avatar avatar-128 photo' height='128' width='128' loading='lazy' decoding='async'\/>"},"pbg_comment_info":" No Comments","pbg_excerpt":"Medicina Aeron\u00e1utica El Hospital POLUSA acoge en sus dependencias la primera Unidad de Medicina Aeron\u00e1utica de Galicia. La Unidad est\u00e1 dirigida y coordinada por el Dr. Jes\u00fas Nava Antu\u00f1a, m\u00e9dico examinador a\u00e9reo desde 1997. Se trata del \u00fanico centro para Galicia que cuenta con esta acreditaci\u00f3n. El Hospital POLUSA se convierte as\u00ed en uno de&hellip;","uagb_featured_image_src":{"full":false,"thumbnail":false,"medium":false,"medium_large":false,"large":false,"xl":false,"xxl":false,"xxxl":false,"xxxxl":false,"xxxxxl":false,"1536x1536":false,"2048x2048":false},"uagb_author_info":{"display_name":"jorge@quois.com","author_link":"https:\/\/riberasalud.com\/polusa\/author\/jorgequois-com\/"},"uagb_comment_info":0,"uagb_excerpt":"Medicina Aeron\u00e1utica El Hospital POLUSA acoge en sus dependencias la primera Unidad de Medicina Aeron\u00e1utica de Galicia. La Unidad est\u00e1 dirigida y coordinada por el Dr. Jes\u00fas Nava Antu\u00f1a, m\u00e9dico examinador a\u00e9reo desde 1997. Se trata del \u00fanico centro para Galicia que cuenta con esta acreditaci\u00f3n. El Hospital POLUSA se convierte as\u00ed en uno de&hellip;","_links":{"self":[{"href":"https:\/\/riberasalud.com\/polusa\/wp-json\/wp\/v2\/pages\/157","targetHints":{"allow":["GET"]}}],"collection":[{"href":"https:\/\/riberasalud.com\/polusa\/wp-json\/wp\/v2\/pages"}],"about":[{"href":"https:\/\/riberasalud.com\/polusa\/wp-json\/wp\/v2\/types\/page"}],"author":[{"embeddable":true,"href":"https:\/\/riberasalud.com\/polusa\/wp-json\/wp\/v2\/users\/1"}],"replies":[{"embeddable":true,"href":"https:\/\/riberasalud.com\/polusa\/wp-json\/wp\/v2\/comments?post=157"}],"version-history":[{"count":3,"href":"https:\/\/riberasalud.com\/polusa\/wp-json\/wp\/v2\/pages\/157\/revisions"}],"predecessor-version":[{"id":222,"href":"https:\/\/riberasalud.com\/polusa\/wp-json\/wp\/v2\/pages\/157\/revisions\/222"}],"wp:attachment":[{"href":"https:\/\/riberasalud.com\/polusa\/wp-json\/wp\/v2\/media?parent=157"}],"curies":[{"name":"wp","href":"https:\/\/api.w.org\/{rel}","templated":true}]}}