{"id":153,"date":"2021-05-27T07:59:34","date_gmt":"2021-05-27T07:59:34","guid":{"rendered":"https:\/\/riberasalud.com\/polusa\/?page_id=153"},"modified":"2021-05-27T08:16:10","modified_gmt":"2021-05-27T08:16:10","slug":"traumatologia-lesionados-de-traficos","status":"publish","type":"page","link":"https:\/\/riberasalud.com\/polusa\/traumatologia-lesionados-de-traficos\/","title":{"rendered":"Traumatolog\u00eda (Lesionados de tr\u00e1ficos)"},"content":{"rendered":"\n<div class=\"wp-block-group backgroundbanner\"><div class=\"wp-block-group__inner-container is-layout-flow wp-block-group-is-layout-flow\">\n<p class=\"has-text-align-center\" style=\"font-size:40px\"><span style=\"color: #4b4a4a;\" class=\"ugb-highlight\">Traumatolog\u00eda (Lesionados de tr\u00e1ficos)<\/span><\/p>\n<\/div><\/div>\n\n\n\n<div class=\"wp-block-group\"><div class=\"wp-block-group__inner-container is-layout-flow wp-block-group-is-layout-flow\">\n<p><strong>\u00bfQU\u00c9 DEBES HACER SI SUFRES UN ACCIDENTE DE TR\u00c1FICO?<br><br>1.\u00bfPuedes eligir el hospital en el que quieres ser atendido?<br>Si. Tu compa\u00f1\u00eda de seguros te puede indicar un centro sanitario determinado, pero t\u00fa eres libre de elegir el hospital en el que quieres ser tratado.&nbsp;<\/strong><\/p>\n\n\n\n<p><strong>&nbsp;<br>2. \u00bfQu\u00e9 debes hacer al llegar al hospital?<br>Nos informas del lugar y fecha del accidente y de tu compa\u00f1\u00eda de seguros. El personal del Hospital Polusa se encarga de resolver todos los tr\u00e1mites con tu aseguradora.<\/strong><\/p>\n\n\n\n<p><strong><br>3. \u00bfQui\u00e9n pagar\u00e1 tu asistencia m\u00e9dica?<br>Los gastos sanitarios de asistencia y tratamiento derivados de los accidentes de tr\u00e1fico los abonan las compa\u00f1\u00edas aseguradoras.<\/strong><\/p>\n\n\n\n<p><strong><br>4. \u00bfDebes pagar por ser atendido en el Hospital Polusa?<br>No. La compa\u00f1\u00eda de seguros deber\u00e1 correr con los gastos de asistencia y tratamientos hasta que recibas el alta m\u00e9dica.<\/strong><\/p>\n\n\n\n<p><strong><br>5. \u00bfPor qu\u00e9 elegir el Hospital Polusa?<br>Cerca de 37 a\u00f1os de experiencia avalan a este centro con m\u00e1s de 60 m\u00e9dicos, 30 especialidades, cinco quir\u00f3fanos, la tecnolog\u00eda de \u00faltima generaci\u00f3n y la mejor atenci\u00f3n. \u00a0<br><br>ELIGE HOSPITAL POLUSA POR SUS EXCELENTES PROFESIONALES, POR CALIDAD ASISTENCIAL Y POR CONFIANZA<\/strong><\/p>\n\n\n\n<figure class=\"wp-block-image size-large\"><img loading=\"lazy\" decoding=\"async\" width=\"1024\" height=\"721\" src=\"https:\/\/riberasalud.com\/polusa\/wp-content\/uploads\/2021\/05\/traficos1-1024x721.jpg\" alt=\"\" class=\"wp-image-92\" srcset=\"https:\/\/riberasalud.com\/polusa\/wp-content\/uploads\/2021\/05\/traficos1-1024x721.jpg 1024w, https:\/\/riberasalud.com\/polusa\/wp-content\/uploads\/2021\/05\/traficos1-300x211.jpg 300w, https:\/\/riberasalud.com\/polusa\/wp-content\/uploads\/2021\/05\/traficos1-768x541.jpg 768w, https:\/\/riberasalud.com\/polusa\/wp-content\/uploads\/2021\/05\/traficos1.jpg 1286w\" sizes=\"auto, (max-width: 1024px) 100vw, 1024px\" \/><\/figure>\n\n\n\n<figure class=\"wp-block-image size-large\"><img loading=\"lazy\" decoding=\"async\" width=\"1024\" height=\"722\" src=\"https:\/\/riberasalud.com\/polusa\/wp-content\/uploads\/2021\/05\/traficos2-1024x722.jpg\" alt=\"\" class=\"wp-image-91\" srcset=\"https:\/\/riberasalud.com\/polusa\/wp-content\/uploads\/2021\/05\/traficos2-1024x722.jpg 1024w, https:\/\/riberasalud.com\/polusa\/wp-content\/uploads\/2021\/05\/traficos2-300x212.jpg 300w, https:\/\/riberasalud.com\/polusa\/wp-content\/uploads\/2021\/05\/traficos2-768x542.jpg 768w, https:\/\/riberasalud.com\/polusa\/wp-content\/uploads\/2021\/05\/traficos2.jpg 1283w\" sizes=\"auto, (max-width: 1024px) 100vw, 1024px\" \/><\/figure>\n\n\n\n<p><strong>\u00bfQU\u00c9 DEBES HACER SI SUFRES UN ACCIDENTE DE TR\u00c1FICO?<\/strong><\/p>\n\n\n\n<ol class=\"is-style-default wp-block-list\"><li><strong>\u00bfPuedes elegir el hospital en el que quieres ser atendido?<\/strong><\/li><\/ol>\n\n\n\n<p>Si. Tu compa\u00f1\u00eda de seguros te puede indicar un centro sanitario determinado, pero t\u00fa eres libre de elegir el hospital en el que quieres ser tratado.&nbsp;&nbsp;<\/p>\n\n\n\n<p><strong>2.<\/strong> <strong>\u00bfQu\u00e9 debes hacer al llegar al hospital?<\/strong><\/p>\n\n\n\n<p>Nos informas del lugar y fecha del accidente y de tu compa\u00f1\u00eda de seguros. El personal del Hospital Polusa se encarga de resolver todos los tr\u00e1mites con tu aseguradora.<\/p>\n\n\n\n<p><strong>3. \u00bfQui\u00e9n pagar\u00e1 tu asistencia m\u00e9dica?<\/strong><\/p>\n\n\n\n<p>Los gastos sanitarios de asistencia y tratamiento derivados de los accidentes de tr\u00e1fico los abonan las compa\u00f1\u00edas aseguradoras.<\/p>\n\n\n\n<p><strong>4. \u00bfDebes pagar por ser atendido en el Hospital Polusa?<\/strong><\/p>\n\n\n\n<p>No. La compa\u00f1\u00eda de seguros deber\u00e1 correr con los gastos de asistencia y tratamientos hasta que recibas el alta m\u00e9dica.<\/p>\n\n\n\n<p><strong>5. \u00bfPor qu\u00e9 elegir el Hospital Polusa?<\/strong><\/p>\n\n\n\n<p>Cerca de 37 a\u00f1os de experiencia avalan a este centro con m\u00e1s de 60 m\u00e9dicos, 30 especialidades, cinco quir\u00f3fanos, la tecnolog\u00eda de \u00faltima generaci\u00f3n y la mejor atenci\u00f3n.&nbsp;<\/p>\n\n\n\n<p><strong>ELIGE HOSPITAL POLUSA POR SUS EXCELENTES PROFESIONALES, POR CALIDAD ASISTENCIAL Y POR CONFIANZA<\/strong><\/p>\n<\/div><\/div>\n","protected":false},"excerpt":{"rendered":"<p>Traumatolog\u00eda (Lesionados de tr\u00e1ficos) \u00bfQU\u00c9 DEBES HACER SI SUFRES UN ACCIDENTE DE TR\u00c1FICO? 1.\u00bfPuedes eligir el hospital en el que quieres ser atendido?Si. Tu compa\u00f1\u00eda de seguros te puede indicar un centro sanitario determinado, pero t\u00fa eres libre de elegir el hospital en el que quieres ser tratado.&nbsp; &nbsp;2. \u00bfQu\u00e9 debes hacer al llegar al &#8230; <a title=\"Traumatolog\u00eda (Lesionados de tr\u00e1ficos)\" class=\"read-more\" href=\"https:\/\/riberasalud.com\/polusa\/traumatologia-lesionados-de-traficos\/\" aria-label=\"Leer m\u00e1s sobre Traumatolog\u00eda (Lesionados de tr\u00e1ficos)\">Leer m\u00e1s<\/a><\/p>\n","protected":false},"author":1,"featured_media":0,"parent":0,"menu_order":0,"comment_status":"closed","ping_status":"closed","template":"","meta":{"_coblocks_attr":"","_coblocks_dimensions":"","_coblocks_responsive_height":"","_coblocks_accordion_ie_support":"","_uag_custom_page_level_css":"","footnotes":""},"class_list":["post-153","page","type-page","status-publish"],"featured_image_urls_v2":{"full":"","thumbnail":"","medium":"","medium_large":"","large":"","xl":"","xxl":"","xxxl":"","xxxxl":"","xxxxxl":"","1536x1536":"","2048x2048":""},"post_excerpt_stackable_v2":"<p>Traumatolog\u00eda (Lesionados de tr\u00e1ficos) \u00bfQU\u00c9 DEBES HACER SI SUFRES UN ACCIDENTE DE TR\u00c1FICO?1.\u00bfPuedes eligir el hospital en el que quieres ser atendido?Si. Tu compa\u00f1\u00eda de seguros te puede indicar un centro sanitario determinado, pero t\u00fa eres libre de elegir el hospital en el que quieres ser tratado.&nbsp; &nbsp;2. \u00bfQu\u00e9 debes hacer al llegar al hospital?Nos informas del lugar y fecha del accidente y de tu compa\u00f1\u00eda de seguros. El personal del Hospital Polusa se encarga de resolver todos los tr\u00e1mites con tu aseguradora. 3. \u00bfQui\u00e9n pagar\u00e1 tu asistencia m\u00e9dica?Los gastos sanitarios de asistencia y tratamiento derivados de los accidentes de&hellip;<\/p>\n","category_list_v2":"","author_info_v2":{"name":"jorge@quois.com","url":"https:\/\/riberasalud.com\/polusa\/author\/jorgequois-com\/"},"comments_num_v2":"0 comentarios","yoast_head":"<!-- This site is optimized with the Yoast SEO plugin v26.6 - https:\/\/yoast.com\/wordpress\/plugins\/seo\/ -->\n<title>\u25b7 Traumatolog\u00eda (Lesionados de tr\u00e1ficos) | Hospital Ribera Polusa<\/title>\n<meta name=\"description\" content=\"lll\u1405 Traumatolog\u00eda (Lesionados de tr\u00e1ficos) \u00bfQU\u00c9 DEBES HACER SI SUFRES UN ACCIDENTE DE TR\u00c1FICO?1.\u00bfPuedes eligir el hospital en el que quieres ser atendido?Si. \u2705\" \/>\n<meta name=\"robots\" content=\"index, follow, max-snippet:-1, max-image-preview:large, max-video-preview:-1\" \/>\n<link rel=\"canonical\" href=\"https:\/\/riberasalud.com\/polusa\/traumatologia-lesionados-de-traficos\/\" \/>\n<meta property=\"og:locale\" content=\"es_ES\" \/>\n<meta property=\"og:type\" content=\"article\" \/>\n<meta property=\"og:title\" content=\"\u25b7 Traumatolog\u00eda (Lesionados de tr\u00e1ficos) | Hospital Ribera Polusa\" \/>\n<meta property=\"og:description\" content=\"lll\u1405 Traumatolog\u00eda (Lesionados de tr\u00e1ficos) \u00bfQU\u00c9 DEBES HACER SI SUFRES UN ACCIDENTE DE TR\u00c1FICO?1.\u00bfPuedes eligir el hospital en el que quieres ser atendido?Si. \u2705\" \/>\n<meta property=\"og:url\" content=\"https:\/\/riberasalud.com\/polusa\/traumatologia-lesionados-de-traficos\/\" \/>\n<meta property=\"og:site_name\" content=\"Hospital Ribera Polusa\" \/>\n<meta property=\"article:modified_time\" content=\"2021-05-27T08:16:10+00:00\" \/>\n<meta property=\"og:image\" content=\"https:\/\/riberasalud.com\/polusa\/wp-content\/uploads\/2021\/05\/traficos1.jpg\" \/>\n\t<meta property=\"og:image:width\" content=\"1286\" \/>\n\t<meta property=\"og:image:height\" content=\"906\" \/>\n\t<meta property=\"og:image:type\" content=\"image\/jpeg\" \/>\n<meta name=\"twitter:card\" content=\"summary_large_image\" \/>\n<meta name=\"twitter:label1\" content=\"Tiempo de lectura\" \/>\n\t<meta name=\"twitter:data1\" content=\"2 minutos\" \/>\n<script type=\"application\/ld+json\" class=\"yoast-schema-graph\">{\"@context\":\"https:\/\/schema.org\",\"@graph\":[{\"@type\":\"WebPage\",\"@id\":\"https:\/\/riberasalud.com\/polusa\/traumatologia-lesionados-de-traficos\/\",\"url\":\"https:\/\/riberasalud.com\/polusa\/traumatologia-lesionados-de-traficos\/\",\"name\":\"\u25b7 Traumatolog\u00eda (Lesionados de tr\u00e1ficos) | Hospital Ribera Polusa\",\"isPartOf\":{\"@id\":\"https:\/\/riberasalud.com\/polusa\/#website\"},\"primaryImageOfPage\":{\"@id\":\"https:\/\/riberasalud.com\/polusa\/traumatologia-lesionados-de-traficos\/#primaryimage\"},\"image\":{\"@id\":\"https:\/\/riberasalud.com\/polusa\/traumatologia-lesionados-de-traficos\/#primaryimage\"},\"thumbnailUrl\":\"https:\/\/riberasalud.com\/polusa\/wp-content\/uploads\/2021\/05\/traficos1-1024x721.jpg\",\"datePublished\":\"2021-05-27T07:59:34+00:00\",\"dateModified\":\"2021-05-27T08:16:10+00:00\",\"description\":\"lll\u1405 Traumatolog\u00eda (Lesionados de tr\u00e1ficos) \u00bfQU\u00c9 DEBES HACER SI SUFRES UN ACCIDENTE DE TR\u00c1FICO?1.\u00bfPuedes eligir el hospital en el que quieres ser atendido?Si. \u2705\",\"breadcrumb\":{\"@id\":\"https:\/\/riberasalud.com\/polusa\/traumatologia-lesionados-de-traficos\/#breadcrumb\"},\"inLanguage\":\"es\",\"potentialAction\":[{\"@type\":\"ReadAction\",\"target\":[\"https:\/\/riberasalud.com\/polusa\/traumatologia-lesionados-de-traficos\/\"]}]},{\"@type\":\"ImageObject\",\"inLanguage\":\"es\",\"@id\":\"https:\/\/riberasalud.com\/polusa\/traumatologia-lesionados-de-traficos\/#primaryimage\",\"url\":\"https:\/\/riberasalud.com\/polusa\/wp-content\/uploads\/2021\/05\/traficos1.jpg\",\"contentUrl\":\"https:\/\/riberasalud.com\/polusa\/wp-content\/uploads\/2021\/05\/traficos1.jpg\",\"width\":1286,\"height\":906},{\"@type\":\"BreadcrumbList\",\"@id\":\"https:\/\/riberasalud.com\/polusa\/traumatologia-lesionados-de-traficos\/#breadcrumb\",\"itemListElement\":[{\"@type\":\"ListItem\",\"position\":1,\"name\":\"Portada\",\"item\":\"https:\/\/riberasalud.com\/polusa\/\"},{\"@type\":\"ListItem\",\"position\":2,\"name\":\"Traumatolog\u00eda (Lesionados de tr\u00e1ficos)\"}]},{\"@type\":\"WebSite\",\"@id\":\"https:\/\/riberasalud.com\/polusa\/#website\",\"url\":\"https:\/\/riberasalud.com\/polusa\/\",\"name\":\"Hospital Ribera Polusa\",\"description\":\"\",\"publisher\":{\"@id\":\"https:\/\/riberasalud.com\/polusa\/#organization\"},\"potentialAction\":[{\"@type\":\"SearchAction\",\"target\":{\"@type\":\"EntryPoint\",\"urlTemplate\":\"https:\/\/riberasalud.com\/polusa\/?s={search_term_string}\"},\"query-input\":{\"@type\":\"PropertyValueSpecification\",\"valueRequired\":true,\"valueName\":\"search_term_string\"}}],\"inLanguage\":\"es\"},{\"@type\":\"Organization\",\"@id\":\"https:\/\/riberasalud.com\/polusa\/#organization\",\"name\":\"Hospital Ribera Polusa\",\"url\":\"https:\/\/riberasalud.com\/polusa\/\",\"logo\":{\"@type\":\"ImageObject\",\"inLanguage\":\"es\",\"@id\":\"https:\/\/riberasalud.com\/polusa\/#\/schema\/logo\/image\/\",\"url\":\"https:\/\/riberasalud.com\/polusa\/wp-content\/uploads\/2025\/12\/cropped-cropped-Logo-Red-Polusa-300x76-1.png\",\"contentUrl\":\"https:\/\/riberasalud.com\/polusa\/wp-content\/uploads\/2025\/12\/cropped-cropped-Logo-Red-Polusa-300x76-1.png\",\"width\":300,\"height\":76,\"caption\":\"Hospital Ribera Polusa\"},\"image\":{\"@id\":\"https:\/\/riberasalud.com\/polusa\/#\/schema\/logo\/image\/\"}}]}<\/script>\n<!-- \/ Yoast SEO plugin. -->","yoast_head_json":{"title":"\u25b7 Traumatolog\u00eda (Lesionados de tr\u00e1ficos) | Hospital Ribera Polusa","description":"lll\u1405 Traumatolog\u00eda (Lesionados de tr\u00e1ficos) \u00bfQU\u00c9 DEBES HACER SI SUFRES UN ACCIDENTE DE TR\u00c1FICO?1.\u00bfPuedes eligir el hospital en el que quieres ser atendido?Si. \u2705","robots":{"index":"index","follow":"follow","max-snippet":"max-snippet:-1","max-image-preview":"max-image-preview:large","max-video-preview":"max-video-preview:-1"},"canonical":"https:\/\/riberasalud.com\/polusa\/traumatologia-lesionados-de-traficos\/","og_locale":"es_ES","og_type":"article","og_title":"\u25b7 Traumatolog\u00eda (Lesionados de tr\u00e1ficos) | Hospital Ribera Polusa","og_description":"lll\u1405 Traumatolog\u00eda (Lesionados de tr\u00e1ficos) \u00bfQU\u00c9 DEBES HACER SI SUFRES UN ACCIDENTE DE TR\u00c1FICO?1.\u00bfPuedes eligir el hospital en el que quieres ser atendido?Si. \u2705","og_url":"https:\/\/riberasalud.com\/polusa\/traumatologia-lesionados-de-traficos\/","og_site_name":"Hospital Ribera Polusa","article_modified_time":"2021-05-27T08:16:10+00:00","og_image":[{"width":1286,"height":906,"url":"https:\/\/riberasalud.com\/polusa\/wp-content\/uploads\/2021\/05\/traficos1.jpg","type":"image\/jpeg"}],"twitter_card":"summary_large_image","twitter_misc":{"Tiempo de lectura":"2 minutos"},"schema":{"@context":"https:\/\/schema.org","@graph":[{"@type":"WebPage","@id":"https:\/\/riberasalud.com\/polusa\/traumatologia-lesionados-de-traficos\/","url":"https:\/\/riberasalud.com\/polusa\/traumatologia-lesionados-de-traficos\/","name":"\u25b7 Traumatolog\u00eda (Lesionados de tr\u00e1ficos) | Hospital Ribera Polusa","isPartOf":{"@id":"https:\/\/riberasalud.com\/polusa\/#website"},"primaryImageOfPage":{"@id":"https:\/\/riberasalud.com\/polusa\/traumatologia-lesionados-de-traficos\/#primaryimage"},"image":{"@id":"https:\/\/riberasalud.com\/polusa\/traumatologia-lesionados-de-traficos\/#primaryimage"},"thumbnailUrl":"https:\/\/riberasalud.com\/polusa\/wp-content\/uploads\/2021\/05\/traficos1-1024x721.jpg","datePublished":"2021-05-27T07:59:34+00:00","dateModified":"2021-05-27T08:16:10+00:00","description":"lll\u1405 Traumatolog\u00eda (Lesionados de tr\u00e1ficos) \u00bfQU\u00c9 DEBES HACER SI SUFRES UN ACCIDENTE DE TR\u00c1FICO?1.\u00bfPuedes eligir el hospital en el que quieres ser atendido?Si. \u2705","breadcrumb":{"@id":"https:\/\/riberasalud.com\/polusa\/traumatologia-lesionados-de-traficos\/#breadcrumb"},"inLanguage":"es","potentialAction":[{"@type":"ReadAction","target":["https:\/\/riberasalud.com\/polusa\/traumatologia-lesionados-de-traficos\/"]}]},{"@type":"ImageObject","inLanguage":"es","@id":"https:\/\/riberasalud.com\/polusa\/traumatologia-lesionados-de-traficos\/#primaryimage","url":"https:\/\/riberasalud.com\/polusa\/wp-content\/uploads\/2021\/05\/traficos1.jpg","contentUrl":"https:\/\/riberasalud.com\/polusa\/wp-content\/uploads\/2021\/05\/traficos1.jpg","width":1286,"height":906},{"@type":"BreadcrumbList","@id":"https:\/\/riberasalud.com\/polusa\/traumatologia-lesionados-de-traficos\/#breadcrumb","itemListElement":[{"@type":"ListItem","position":1,"name":"Portada","item":"https:\/\/riberasalud.com\/polusa\/"},{"@type":"ListItem","position":2,"name":"Traumatolog\u00eda (Lesionados de tr\u00e1ficos)"}]},{"@type":"WebSite","@id":"https:\/\/riberasalud.com\/polusa\/#website","url":"https:\/\/riberasalud.com\/polusa\/","name":"Hospital Ribera Polusa","description":"","publisher":{"@id":"https:\/\/riberasalud.com\/polusa\/#organization"},"potentialAction":[{"@type":"SearchAction","target":{"@type":"EntryPoint","urlTemplate":"https:\/\/riberasalud.com\/polusa\/?s={search_term_string}"},"query-input":{"@type":"PropertyValueSpecification","valueRequired":true,"valueName":"search_term_string"}}],"inLanguage":"es"},{"@type":"Organization","@id":"https:\/\/riberasalud.com\/polusa\/#organization","name":"Hospital Ribera Polusa","url":"https:\/\/riberasalud.com\/polusa\/","logo":{"@type":"ImageObject","inLanguage":"es","@id":"https:\/\/riberasalud.com\/polusa\/#\/schema\/logo\/image\/","url":"https:\/\/riberasalud.com\/polusa\/wp-content\/uploads\/2025\/12\/cropped-cropped-Logo-Red-Polusa-300x76-1.png","contentUrl":"https:\/\/riberasalud.com\/polusa\/wp-content\/uploads\/2025\/12\/cropped-cropped-Logo-Red-Polusa-300x76-1.png","width":300,"height":76,"caption":"Hospital Ribera Polusa"},"image":{"@id":"https:\/\/riberasalud.com\/polusa\/#\/schema\/logo\/image\/"}}]}},"pbg_featured_image_src":{"full":false,"thumbnail":false,"medium":false,"medium_large":false,"large":false,"xl":false,"xxl":false,"xxxl":false,"xxxxl":false,"xxxxxl":false,"1536x1536":false,"2048x2048":false},"pbg_author_info":{"display_name":"jorge@quois.com","author_link":"https:\/\/riberasalud.com\/polusa\/author\/jorgequois-com\/","author_img":"<img alt='jorge@quois.com' src='https:\/\/secure.gravatar.com\/avatar\/bca8cccf11ce6757dcdec6ce293d120c16d33c83aeb423357cce3f49f3abae94?s=128&#038;d=mm&#038;r=g' srcset='https:\/\/secure.gravatar.com\/avatar\/bca8cccf11ce6757dcdec6ce293d120c16d33c83aeb423357cce3f49f3abae94?s=256&#038;d=mm&#038;r=g 2x' class='avatar avatar-128 photo' height='128' width='128' loading='lazy' decoding='async'\/>"},"pbg_comment_info":" No Comments","pbg_excerpt":"Traumatolog\u00eda (Lesionados de tr\u00e1ficos) \u00bfQU\u00c9 DEBES HACER SI SUFRES UN ACCIDENTE DE TR\u00c1FICO? 1.\u00bfPuedes eligir el hospital en el que quieres ser atendido?Si. Tu compa\u00f1\u00eda de seguros te puede indicar un centro sanitario determinado, pero t\u00fa eres libre de elegir el hospital en el que quieres ser tratado.&nbsp; &nbsp;2. \u00bfQu\u00e9 debes hacer al llegar al&hellip;","uagb_featured_image_src":{"full":false,"thumbnail":false,"medium":false,"medium_large":false,"large":false,"xl":false,"xxl":false,"xxxl":false,"xxxxl":false,"xxxxxl":false,"1536x1536":false,"2048x2048":false},"uagb_author_info":{"display_name":"jorge@quois.com","author_link":"https:\/\/riberasalud.com\/polusa\/author\/jorgequois-com\/"},"uagb_comment_info":0,"uagb_excerpt":"Traumatolog\u00eda (Lesionados de tr\u00e1ficos) \u00bfQU\u00c9 DEBES HACER SI SUFRES UN ACCIDENTE DE TR\u00c1FICO? 1.\u00bfPuedes eligir el hospital en el que quieres ser atendido?Si. Tu compa\u00f1\u00eda de seguros te puede indicar un centro sanitario determinado, pero t\u00fa eres libre de elegir el hospital en el que quieres ser tratado.&nbsp; &nbsp;2. \u00bfQu\u00e9 debes hacer al llegar al&hellip;","_links":{"self":[{"href":"https:\/\/riberasalud.com\/polusa\/wp-json\/wp\/v2\/pages\/153","targetHints":{"allow":["GET"]}}],"collection":[{"href":"https:\/\/riberasalud.com\/polusa\/wp-json\/wp\/v2\/pages"}],"about":[{"href":"https:\/\/riberasalud.com\/polusa\/wp-json\/wp\/v2\/types\/page"}],"author":[{"embeddable":true,"href":"https:\/\/riberasalud.com\/polusa\/wp-json\/wp\/v2\/users\/1"}],"replies":[{"embeddable":true,"href":"https:\/\/riberasalud.com\/polusa\/wp-json\/wp\/v2\/comments?post=153"}],"version-history":[{"count":4,"href":"https:\/\/riberasalud.com\/polusa\/wp-json\/wp\/v2\/pages\/153\/revisions"}],"predecessor-version":[{"id":209,"href":"https:\/\/riberasalud.com\/polusa\/wp-json\/wp\/v2\/pages\/153\/revisions\/209"}],"wp:attachment":[{"href":"https:\/\/riberasalud.com\/polusa\/wp-json\/wp\/v2\/media?parent=153"}],"curies":[{"name":"wp","href":"https:\/\/api.w.org\/{rel}","templated":true}]}}