{"id":14,"date":"2021-05-26T06:58:13","date_gmt":"2021-05-26T06:58:13","guid":{"rendered":"https:\/\/riberasalud.com\/polusa\/?page_id=14"},"modified":"2025-01-30T12:21:17","modified_gmt":"2025-01-30T12:21:17","slug":"instalaciones","status":"publish","type":"page","link":"https:\/\/riberasalud.com\/polusa\/instalaciones\/","title":{"rendered":"Instalaciones"},"content":{"rendered":"\n<div class=\"wp-block-group backgroundbanner\"><div class=\"wp-block-group__inner-container is-layout-flow wp-block-group-is-layout-flow\">\n<p class=\"has-text-align-center\" style=\"font-size:40px\"><span style=\"color: #4b4a4a;\" class=\"ugb-highlight\">Instalaciones<\/span><\/p>\n<\/div><\/div>\n\n\n\n<div class=\"wp-block-group\"><div class=\"wp-block-group__inner-container is-layout-flow wp-block-group-is-layout-flow\">\n<div class=\"wp-block-columns is-layout-flex wp-container-core-columns-is-layout-9d6595d7 wp-block-columns-is-layout-flex\">\n<div class=\"wp-block-column is-layout-flow wp-block-column-is-layout-flow\" style=\"flex-basis:33.34%\">\n<div id=\"premium-countup-eacffb\" class=\"wp-block-premium-countup premium-countup__wrap premium-countup-eacffb false\" style=\"justify-content:center;flex-direction:column;background-color:transparent;box-shadow:0px 0px 0px undefined ;background-image:url('undefined');background-repeat:no-repeat;background-position:top center;background-size:auto;background-attachment:unset;border-style:none;border-width:1px;border-radius:0px\"><div class=\"premium-countup__icon_wrap\" style=\"margin-right:0;margin-left:0;align-self:center\"><img decoding=\"async\" src=\"https:\/\/riberasalud.com\/povisa\/wp-content\/uploads\/2021\/03\/iconos_Mesa-de-trabajo-1-3-150x150.png\" style=\"width:40px;height:40px\"\/><\/div><div class=\"premium-countup__info\" style=\"align-self:center\"><div class=\"premium-countup__desc\"><p class=\"premium-countup__prefix\" style=\"font-family:Muli;margin-right:2px\"><\/p><p class=\"premium-countup__increment\" data-interval=\"1000\" data-delay=\"10\" style=\"font-family:Muli;color:#d11728;font-weight:900\">8450<\/p><p class=\"premium-countup__suffix\" style=\"margin-left:2px\"><\/p><\/div><\/div><h3 class=\"premium-countup__title\" style=\"font-family:Muli;margin-top:1px;margin-bottom:1px;color:#d11728;letter-spacing:undefinedpx;font-weight:900;text-transform:none;align-self:center\">m2<\/h3><\/div>\n<\/div>\n\n\n\n<div class=\"wp-block-column is-layout-flow wp-block-column-is-layout-flow\" style=\"flex-basis:33.34%\">\n<div id=\"premium-countup-2ba65f\" class=\"wp-block-premium-countup premium-countup__wrap premium-countup-2ba65f false\" style=\"justify-content:center;flex-direction:column;background-color:transparent;box-shadow:0px 0px 0px undefined ;background-image:url('undefined');background-repeat:no-repeat;background-position:top center;background-size:auto;background-attachment:unset;border-style:none;border-width:1px;border-radius:0px\"><div class=\"premium-countup__icon_wrap\" style=\"margin-right:0;margin-left:0;align-self:center\"><img decoding=\"async\" src=\"https:\/\/riberasalud.com\/povisa\/wp-content\/uploads\/2021\/03\/contadores_Mesa-de-trabajo-1-150x150.png\" style=\"width:40px;height:40px\"\/><\/div><div class=\"premium-countup__info\" style=\"align-self:center\"><div class=\"premium-countup__desc\"><p class=\"premium-countup__prefix\" style=\"font-family:Muli;margin-right:2px\"><\/p><p class=\"premium-countup__increment\" data-interval=\"1000\" data-delay=\"10\" style=\"font-family:Muli;color:#d11728;font-weight:900\">80<\/p><p class=\"premium-countup__suffix\" style=\"margin-left:2px\"><\/p><\/div><\/div><h3 class=\"premium-countup__title\" style=\"font-family:Muli;margin-top:1px;margin-bottom:1px;color:#d11728;letter-spacing:undefinedpx;font-weight:900;text-transform:none;align-self:center\">camas<\/h3><\/div>\n<\/div>\n\n\n\n<div class=\"wp-block-column is-layout-flow wp-block-column-is-layout-flow\" style=\"flex-basis:33.33%\">\n<div id=\"premium-countup-dbbc93\" class=\"wp-block-premium-countup premium-countup__wrap premium-countup-dbbc93 false\" style=\"justify-content:center;flex-direction:column;background-color:transparent;box-shadow:0px 0px 0px undefined ;background-image:url('undefined');background-repeat:no-repeat;background-position:top center;background-size:auto;background-attachment:unset;border-style:none;border-width:1px;border-radius:0px\"><div class=\"premium-countup__icon_wrap\" style=\"margin-right:0;margin-left:0;align-self:center\"><img decoding=\"async\" src=\"https:\/\/riberasalud.com\/povisa\/wp-content\/uploads\/2021\/03\/contadores-03-150x150.png\" style=\"width:40px;height:40px\"\/><\/div><div class=\"premium-countup__info\" style=\"align-self:center\"><div class=\"premium-countup__desc\"><p class=\"premium-countup__prefix\" style=\"font-family:Muli;margin-right:2px\"><\/p><p class=\"premium-countup__increment\" data-interval=\"1000\" data-delay=\"10\" style=\"font-family:Muli;color:#d11728;font-weight:900\">210<\/p><p class=\"premium-countup__suffix\" style=\"margin-left:2px\"><\/p><\/div><\/div><h3 class=\"premium-countup__title\" style=\"font-family:Muli;margin-top:1px;margin-bottom:1px;color:#d11728;letter-spacing:undefinedpx;font-weight:900;text-transform:none;align-self:center\">profesionales<\/h3><\/div>\n<\/div>\n<\/div>\n\n\n\n<p>El Hospital Ribera Polusa dispone de una superficie construida de 8.450 m<sup>2<\/sup><\/p>\n\n\n\n<figure class=\"wp-block-table is-style-stripes\"><table><tbody><tr><td><strong>Planta S\u00f3tano<\/strong><\/td><td><strong>Planta Baja<\/strong><\/td><td><strong>Planta Primera<\/strong><\/td><td><strong>Planta Segunda<\/strong><\/td><\/tr><tr><td>Farmacia<\/td><td>Quir\u00f3fanos<\/td><td>Hospitalizaci\u00f3n Habitaciones Ala 100<\/td><td>Hospital de D\u00eda Oncol\u00f3gico<\/td><\/tr><tr><td>Laboratorio An\u00e1llisis Cl\u00ednicos&nbsp;<\/td><td>Cafeter\u00eda<\/td><td>Atenci\u00f3n al paciente Mayor (Unidad del Mayor)<\/td><td>Consultas externas<\/td><\/tr><tr><td>Anatom\u00eda Patol\u00f3gica<\/td><td>Urgencias<\/td><td>Unidad de Da\u00f1o Cerebral<\/td><td>Unidad TIC<\/td><\/tr><tr><td>Mantenimiento<\/td><td>Consultas Externas<\/td><td><\/td><td>Gerencia<\/td><\/tr><tr><td>Fisioterapia<\/td><td>Endoscopias<\/td><td><\/td><td>Direcci\u00f3n M\u00e9dica<\/td><\/tr><tr><td>Cocina<\/td><td>Electromiograf\u00eda<\/td><td><\/td><td>Direcci\u00f3n de Gesti\u00f3n<\/td><\/tr><tr><td>Compras y Suministros<\/td><td>Admisi\u00f3n<\/td><td><\/td><td>Control de Gesti\u00f3n<\/td><\/tr><tr><td>Limpieza<\/td><td>Facturaci\u00f3n<\/td><td><\/td><td><\/td><\/tr><tr><td>Lavander\u00eda<\/td><td>Contabilidad<\/td><td><\/td><td><\/td><\/tr><tr><td>Radiodiagn\u00f3stico<\/td><td>R.R.H.H.<\/td><td><\/td><td><\/td><\/tr><tr><td><\/td><td>Atenci\u00f3n a Entidades<\/td><td><\/td><td><\/td><\/tr><\/tbody><\/table><\/figure>\n\n\n\n<p>El hospital cuenta con 45 habitaciones y 80 camas.<\/p>\n\n\n\n<p>Amplio aparcamiento<\/p>\n\n\n\n<div class=\"wp-block-coblocks-gallery-masonry\"><div class=\"coblocks-gallery has-no-alignment has-caption-style-dark has-gutter has-lightbox\"><ul class=\"has-grid-lrg has-gutter-15 has-gutter-mobile-15\"><li class=\"coblocks-gallery--item\"><figure class=\"coblocks-gallery--figure\"><img loading=\"lazy\" decoding=\"async\" width=\"620\" height=\"295\" src=\"https:\/\/riberasalud.com\/polusa\/wp-content\/uploads\/2021\/05\/instalaciones7.jpg\" alt=\"\" data-id=\"16\" data-imglink=\"\" data-link=\"https:\/\/riberasalud.com\/polusa\/?attachment_id=16#main\" class=\"wp-image-16\" srcset=\"https:\/\/riberasalud.com\/polusa\/wp-content\/uploads\/2021\/05\/instalaciones7.jpg 620w, https:\/\/riberasalud.com\/polusa\/wp-content\/uploads\/2021\/05\/instalaciones7-300x143.jpg 300w\" sizes=\"auto, (max-width: 620px) 100vw, 620px\" \/><\/figure><\/li><li class=\"coblocks-gallery--item\"><figure class=\"coblocks-gallery--figure\"><img loading=\"lazy\" decoding=\"async\" width=\"620\" height=\"295\" src=\"https:\/\/riberasalud.com\/polusa\/wp-content\/uploads\/2021\/05\/instalaciones4.jpg\" alt=\"\" data-id=\"19\" data-imglink=\"\" data-link=\"https:\/\/riberasalud.com\/polusa\/?attachment_id=19#main\" class=\"wp-image-19\" srcset=\"https:\/\/riberasalud.com\/polusa\/wp-content\/uploads\/2021\/05\/instalaciones4.jpg 620w, https:\/\/riberasalud.com\/polusa\/wp-content\/uploads\/2021\/05\/instalaciones4-300x143.jpg 300w\" sizes=\"auto, (max-width: 620px) 100vw, 620px\" \/><\/figure><\/li><li class=\"coblocks-gallery--item\"><figure class=\"coblocks-gallery--figure\"><img loading=\"lazy\" decoding=\"async\" width=\"620\" height=\"295\" src=\"https:\/\/riberasalud.com\/polusa\/wp-content\/uploads\/2021\/05\/instalaciones3.jpg\" alt=\"\" data-id=\"20\" data-imglink=\"\" data-link=\"https:\/\/riberasalud.com\/polusa\/?attachment_id=20#main\" class=\"wp-image-20\" srcset=\"https:\/\/riberasalud.com\/polusa\/wp-content\/uploads\/2021\/05\/instalaciones3.jpg 620w, https:\/\/riberasalud.com\/polusa\/wp-content\/uploads\/2021\/05\/instalaciones3-300x143.jpg 300w\" sizes=\"auto, (max-width: 620px) 100vw, 620px\" \/><\/figure><\/li><li class=\"coblocks-gallery--item\"><figure class=\"coblocks-gallery--figure\"><img loading=\"lazy\" decoding=\"async\" width=\"620\" height=\"295\" src=\"https:\/\/riberasalud.com\/polusa\/wp-content\/uploads\/2021\/05\/instalaciones2.jpg\" alt=\"\" data-id=\"21\" data-imglink=\"\" data-link=\"https:\/\/riberasalud.com\/polusa\/?attachment_id=21#main\" class=\"wp-image-21\" srcset=\"https:\/\/riberasalud.com\/polusa\/wp-content\/uploads\/2021\/05\/instalaciones2.jpg 620w, https:\/\/riberasalud.com\/polusa\/wp-content\/uploads\/2021\/05\/instalaciones2-300x143.jpg 300w\" sizes=\"auto, (max-width: 620px) 100vw, 620px\" \/><\/figure><\/li><li class=\"coblocks-gallery--item\"><figure class=\"coblocks-gallery--figure\"><img loading=\"lazy\" decoding=\"async\" width=\"620\" height=\"295\" src=\"https:\/\/riberasalud.com\/polusa\/wp-content\/uploads\/2021\/05\/instalaciones1.jpg\" alt=\"\" data-id=\"22\" data-imglink=\"\" data-link=\"https:\/\/riberasalud.com\/polusa\/?attachment_id=22#main\" class=\"wp-image-22\" srcset=\"https:\/\/riberasalud.com\/polusa\/wp-content\/uploads\/2021\/05\/instalaciones1.jpg 620w, https:\/\/riberasalud.com\/polusa\/wp-content\/uploads\/2021\/05\/instalaciones1-300x143.jpg 300w\" sizes=\"auto, (max-width: 620px) 100vw, 620px\" \/><\/figure><\/li><\/ul><\/div><\/div>\n<\/div><\/div>\n","protected":false},"excerpt":{"rendered":"<p>Instalaciones El Hospital Ribera Polusa dispone de una superficie construida de 8.450 m2 Planta S\u00f3tano Planta Baja Planta Primera Planta Segunda Farmacia Quir\u00f3fanos Hospitalizaci\u00f3n Habitaciones Ala 100 Hospital de D\u00eda Oncol\u00f3gico Laboratorio An\u00e1llisis Cl\u00ednicos&nbsp; Cafeter\u00eda Atenci\u00f3n al paciente Mayor (Unidad del Mayor) Consultas externas Anatom\u00eda Patol\u00f3gica Urgencias Unidad de Da\u00f1o Cerebral Unidad TIC Mantenimiento Consultas &#8230; <a title=\"Instalaciones\" class=\"read-more\" href=\"https:\/\/riberasalud.com\/polusa\/instalaciones\/\" aria-label=\"Leer m\u00e1s sobre Instalaciones\">Leer m\u00e1s<\/a><\/p>\n","protected":false},"author":1,"featured_media":0,"parent":0,"menu_order":0,"comment_status":"closed","ping_status":"closed","template":"","meta":{"_coblocks_attr":"","_coblocks_dimensions":"","_coblocks_responsive_height":"","_coblocks_accordion_ie_support":"","_uag_custom_page_level_css":"","footnotes":""},"class_list":["post-14","page","type-page","status-publish"],"featured_image_urls_v2":{"full":"","thumbnail":"","medium":"","medium_large":"","large":"","xl":"","xxl":"","xxxl":"","xxxxl":"","xxxxxl":"","1536x1536":"","2048x2048":""},"post_excerpt_stackable_v2":"<p>Instalaciones 8450m2 80camas 210profesionales El Hospital Ribera Polusa dispone de una superficie construida de 8.450 m2 Planta S\u00f3tanoPlanta BajaPlanta PrimeraPlanta SegundaFarmaciaQuir\u00f3fanosHospitalizaci\u00f3n Habitaciones Ala 100Hospital de D\u00eda Oncol\u00f3gicoLaboratorio An\u00e1llisis Cl\u00ednicos&nbsp;Cafeter\u00edaAtenci\u00f3n al paciente Mayor (Unidad del Mayor)Consultas externasAnatom\u00eda Patol\u00f3gicaUrgenciasUnidad de Da\u00f1o CerebralUnidad TICMantenimientoConsultas ExternasGerenciaFisioterapiaEndoscopiasDirecci\u00f3n M\u00e9dicaCocinaElectromiograf\u00edaDirecci\u00f3n de Gesti\u00f3nCompras y SuministrosAdmisi\u00f3nControl de Gesti\u00f3nLimpiezaFacturaci\u00f3nLavander\u00edaContabilidadRadiodiagn\u00f3sticoR.R.H.H.Atenci\u00f3n a Entidades El hospital cuenta con 45 habitaciones y 80 camas. Amplio aparcamiento<\/p>\n","category_list_v2":"","author_info_v2":{"name":"jorge@quois.com","url":"https:\/\/riberasalud.com\/polusa\/author\/jorgequois-com\/"},"comments_num_v2":"0 comentarios","yoast_head":"<!-- This site is optimized with the Yoast SEO plugin v26.6 - https:\/\/yoast.com\/wordpress\/plugins\/seo\/ -->\n<title>\u25b7 Instalaciones | Hospital Ribera Polusa<\/title>\n<meta name=\"description\" content=\"lll\u1405 Instalaciones 8450m2 80camas 210profesionales El Hospital Ribera Polusa dispone de una superficie construida de 8.450 m2 Planta S\u00f3tanoPlanta BajaPlanta \u2705\" \/>\n<meta name=\"robots\" content=\"index, follow, max-snippet:-1, max-image-preview:large, max-video-preview:-1\" \/>\n<link rel=\"canonical\" href=\"https:\/\/riberasalud.com\/polusa\/instalaciones\/\" \/>\n<meta property=\"og:locale\" content=\"es_ES\" \/>\n<meta property=\"og:type\" content=\"article\" \/>\n<meta property=\"og:title\" content=\"\u25b7 Instalaciones | Hospital Ribera Polusa\" \/>\n<meta property=\"og:description\" content=\"lll\u1405 Instalaciones 8450m2 80camas 210profesionales El Hospital Ribera Polusa dispone de una superficie construida de 8.450 m2 Planta S\u00f3tanoPlanta BajaPlanta \u2705\" \/>\n<meta property=\"og:url\" content=\"https:\/\/riberasalud.com\/polusa\/instalaciones\/\" \/>\n<meta property=\"og:site_name\" content=\"Hospital Ribera Polusa\" \/>\n<meta property=\"article:modified_time\" content=\"2025-01-30T12:21:17+00:00\" \/>\n<meta property=\"og:image\" content=\"https:\/\/riberasalud.com\/povisa\/wp-content\/uploads\/2021\/03\/iconos_Mesa-de-trabajo-1-3-150x150.png\" \/>\n<meta name=\"twitter:card\" content=\"summary_large_image\" \/>\n<meta name=\"twitter:label1\" content=\"Tiempo de lectura\" \/>\n\t<meta name=\"twitter:data1\" content=\"3 minutos\" \/>\n<script type=\"application\/ld+json\" class=\"yoast-schema-graph\">{\"@context\":\"https:\/\/schema.org\",\"@graph\":[{\"@type\":\"WebPage\",\"@id\":\"https:\/\/riberasalud.com\/polusa\/instalaciones\/\",\"url\":\"https:\/\/riberasalud.com\/polusa\/instalaciones\/\",\"name\":\"\u25b7 Instalaciones | Hospital Ribera Polusa\",\"isPartOf\":{\"@id\":\"https:\/\/riberasalud.com\/polusa\/#website\"},\"primaryImageOfPage\":{\"@id\":\"https:\/\/riberasalud.com\/polusa\/instalaciones\/#primaryimage\"},\"image\":{\"@id\":\"https:\/\/riberasalud.com\/polusa\/instalaciones\/#primaryimage\"},\"thumbnailUrl\":\"https:\/\/riberasalud.com\/povisa\/wp-content\/uploads\/2021\/03\/iconos_Mesa-de-trabajo-1-3-150x150.png\",\"datePublished\":\"2021-05-26T06:58:13+00:00\",\"dateModified\":\"2025-01-30T12:21:17+00:00\",\"description\":\"lll\u1405 Instalaciones 8450m2 80camas 210profesionales El Hospital Ribera Polusa dispone de una superficie construida de 8.450 m2 Planta S\u00f3tanoPlanta BajaPlanta \u2705\",\"breadcrumb\":{\"@id\":\"https:\/\/riberasalud.com\/polusa\/instalaciones\/#breadcrumb\"},\"inLanguage\":\"es\",\"potentialAction\":[{\"@type\":\"ReadAction\",\"target\":[\"https:\/\/riberasalud.com\/polusa\/instalaciones\/\"]}]},{\"@type\":\"ImageObject\",\"inLanguage\":\"es\",\"@id\":\"https:\/\/riberasalud.com\/polusa\/instalaciones\/#primaryimage\",\"url\":\"https:\/\/riberasalud.com\/povisa\/wp-content\/uploads\/2021\/03\/iconos_Mesa-de-trabajo-1-3-150x150.png\",\"contentUrl\":\"https:\/\/riberasalud.com\/povisa\/wp-content\/uploads\/2021\/03\/iconos_Mesa-de-trabajo-1-3-150x150.png\"},{\"@type\":\"BreadcrumbList\",\"@id\":\"https:\/\/riberasalud.com\/polusa\/instalaciones\/#breadcrumb\",\"itemListElement\":[{\"@type\":\"ListItem\",\"position\":1,\"name\":\"Portada\",\"item\":\"https:\/\/riberasalud.com\/polusa\/\"},{\"@type\":\"ListItem\",\"position\":2,\"name\":\"Instalaciones\"}]},{\"@type\":\"WebSite\",\"@id\":\"https:\/\/riberasalud.com\/polusa\/#website\",\"url\":\"https:\/\/riberasalud.com\/polusa\/\",\"name\":\"Hospital Ribera Polusa\",\"description\":\"\",\"publisher\":{\"@id\":\"https:\/\/riberasalud.com\/polusa\/#organization\"},\"potentialAction\":[{\"@type\":\"SearchAction\",\"target\":{\"@type\":\"EntryPoint\",\"urlTemplate\":\"https:\/\/riberasalud.com\/polusa\/?s={search_term_string}\"},\"query-input\":{\"@type\":\"PropertyValueSpecification\",\"valueRequired\":true,\"valueName\":\"search_term_string\"}}],\"inLanguage\":\"es\"},{\"@type\":\"Organization\",\"@id\":\"https:\/\/riberasalud.com\/polusa\/#organization\",\"name\":\"Hospital Ribera Polusa\",\"url\":\"https:\/\/riberasalud.com\/polusa\/\",\"logo\":{\"@type\":\"ImageObject\",\"inLanguage\":\"es\",\"@id\":\"https:\/\/riberasalud.com\/polusa\/#\/schema\/logo\/image\/\",\"url\":\"https:\/\/riberasalud.com\/polusa\/wp-content\/uploads\/2025\/12\/cropped-cropped-Logo-Red-Polusa-300x76-1.png\",\"contentUrl\":\"https:\/\/riberasalud.com\/polusa\/wp-content\/uploads\/2025\/12\/cropped-cropped-Logo-Red-Polusa-300x76-1.png\",\"width\":300,\"height\":76,\"caption\":\"Hospital Ribera Polusa\"},\"image\":{\"@id\":\"https:\/\/riberasalud.com\/polusa\/#\/schema\/logo\/image\/\"}}]}<\/script>\n<!-- \/ Yoast SEO plugin. -->","yoast_head_json":{"title":"\u25b7 Instalaciones | Hospital Ribera Polusa","description":"lll\u1405 Instalaciones 8450m2 80camas 210profesionales El Hospital Ribera Polusa dispone de una superficie construida de 8.450 m2 Planta S\u00f3tanoPlanta BajaPlanta \u2705","robots":{"index":"index","follow":"follow","max-snippet":"max-snippet:-1","max-image-preview":"max-image-preview:large","max-video-preview":"max-video-preview:-1"},"canonical":"https:\/\/riberasalud.com\/polusa\/instalaciones\/","og_locale":"es_ES","og_type":"article","og_title":"\u25b7 Instalaciones | Hospital Ribera Polusa","og_description":"lll\u1405 Instalaciones 8450m2 80camas 210profesionales El Hospital Ribera Polusa dispone de una superficie construida de 8.450 m2 Planta S\u00f3tanoPlanta BajaPlanta \u2705","og_url":"https:\/\/riberasalud.com\/polusa\/instalaciones\/","og_site_name":"Hospital Ribera Polusa","article_modified_time":"2025-01-30T12:21:17+00:00","og_image":[{"url":"https:\/\/riberasalud.com\/povisa\/wp-content\/uploads\/2021\/03\/iconos_Mesa-de-trabajo-1-3-150x150.png","type":"","width":"","height":""}],"twitter_card":"summary_large_image","twitter_misc":{"Tiempo de lectura":"3 minutos"},"schema":{"@context":"https:\/\/schema.org","@graph":[{"@type":"WebPage","@id":"https:\/\/riberasalud.com\/polusa\/instalaciones\/","url":"https:\/\/riberasalud.com\/polusa\/instalaciones\/","name":"\u25b7 Instalaciones | Hospital Ribera Polusa","isPartOf":{"@id":"https:\/\/riberasalud.com\/polusa\/#website"},"primaryImageOfPage":{"@id":"https:\/\/riberasalud.com\/polusa\/instalaciones\/#primaryimage"},"image":{"@id":"https:\/\/riberasalud.com\/polusa\/instalaciones\/#primaryimage"},"thumbnailUrl":"https:\/\/riberasalud.com\/povisa\/wp-content\/uploads\/2021\/03\/iconos_Mesa-de-trabajo-1-3-150x150.png","datePublished":"2021-05-26T06:58:13+00:00","dateModified":"2025-01-30T12:21:17+00:00","description":"lll\u1405 Instalaciones 8450m2 80camas 210profesionales El Hospital Ribera Polusa dispone de una superficie construida de 8.450 m2 Planta S\u00f3tanoPlanta BajaPlanta \u2705","breadcrumb":{"@id":"https:\/\/riberasalud.com\/polusa\/instalaciones\/#breadcrumb"},"inLanguage":"es","potentialAction":[{"@type":"ReadAction","target":["https:\/\/riberasalud.com\/polusa\/instalaciones\/"]}]},{"@type":"ImageObject","inLanguage":"es","@id":"https:\/\/riberasalud.com\/polusa\/instalaciones\/#primaryimage","url":"https:\/\/riberasalud.com\/povisa\/wp-content\/uploads\/2021\/03\/iconos_Mesa-de-trabajo-1-3-150x150.png","contentUrl":"https:\/\/riberasalud.com\/povisa\/wp-content\/uploads\/2021\/03\/iconos_Mesa-de-trabajo-1-3-150x150.png"},{"@type":"BreadcrumbList","@id":"https:\/\/riberasalud.com\/polusa\/instalaciones\/#breadcrumb","itemListElement":[{"@type":"ListItem","position":1,"name":"Portada","item":"https:\/\/riberasalud.com\/polusa\/"},{"@type":"ListItem","position":2,"name":"Instalaciones"}]},{"@type":"WebSite","@id":"https:\/\/riberasalud.com\/polusa\/#website","url":"https:\/\/riberasalud.com\/polusa\/","name":"Hospital Ribera Polusa","description":"","publisher":{"@id":"https:\/\/riberasalud.com\/polusa\/#organization"},"potentialAction":[{"@type":"SearchAction","target":{"@type":"EntryPoint","urlTemplate":"https:\/\/riberasalud.com\/polusa\/?s={search_term_string}"},"query-input":{"@type":"PropertyValueSpecification","valueRequired":true,"valueName":"search_term_string"}}],"inLanguage":"es"},{"@type":"Organization","@id":"https:\/\/riberasalud.com\/polusa\/#organization","name":"Hospital Ribera Polusa","url":"https:\/\/riberasalud.com\/polusa\/","logo":{"@type":"ImageObject","inLanguage":"es","@id":"https:\/\/riberasalud.com\/polusa\/#\/schema\/logo\/image\/","url":"https:\/\/riberasalud.com\/polusa\/wp-content\/uploads\/2025\/12\/cropped-cropped-Logo-Red-Polusa-300x76-1.png","contentUrl":"https:\/\/riberasalud.com\/polusa\/wp-content\/uploads\/2025\/12\/cropped-cropped-Logo-Red-Polusa-300x76-1.png","width":300,"height":76,"caption":"Hospital Ribera Polusa"},"image":{"@id":"https:\/\/riberasalud.com\/polusa\/#\/schema\/logo\/image\/"}}]}},"pbg_featured_image_src":{"full":false,"thumbnail":false,"medium":false,"medium_large":false,"large":false,"xl":false,"xxl":false,"xxxl":false,"xxxxl":false,"xxxxxl":false,"1536x1536":false,"2048x2048":false},"pbg_author_info":{"display_name":"jorge@quois.com","author_link":"https:\/\/riberasalud.com\/polusa\/author\/jorgequois-com\/","author_img":"<img alt='jorge@quois.com' src='https:\/\/secure.gravatar.com\/avatar\/bca8cccf11ce6757dcdec6ce293d120c16d33c83aeb423357cce3f49f3abae94?s=128&#038;d=mm&#038;r=g' srcset='https:\/\/secure.gravatar.com\/avatar\/bca8cccf11ce6757dcdec6ce293d120c16d33c83aeb423357cce3f49f3abae94?s=256&#038;d=mm&#038;r=g 2x' class='avatar avatar-128 photo' height='128' width='128' loading='lazy' decoding='async'\/>"},"pbg_comment_info":" No Comments","pbg_excerpt":"Instalaciones El Hospital Ribera Polusa dispone de una superficie construida de 8.450 m2 Planta S\u00f3tano Planta Baja Planta Primera Planta Segunda Farmacia Quir\u00f3fanos Hospitalizaci\u00f3n Habitaciones Ala 100 Hospital de D\u00eda Oncol\u00f3gico Laboratorio An\u00e1llisis Cl\u00ednicos&nbsp; Cafeter\u00eda Atenci\u00f3n al paciente Mayor (Unidad del Mayor) Consultas externas Anatom\u00eda Patol\u00f3gica Urgencias Unidad de Da\u00f1o Cerebral Unidad TIC Mantenimiento Consultas&hellip;","uagb_featured_image_src":{"full":false,"thumbnail":false,"medium":false,"medium_large":false,"large":false,"xl":false,"xxl":false,"xxxl":false,"xxxxl":false,"xxxxxl":false,"1536x1536":false,"2048x2048":false},"uagb_author_info":{"display_name":"jorge@quois.com","author_link":"https:\/\/riberasalud.com\/polusa\/author\/jorgequois-com\/"},"uagb_comment_info":0,"uagb_excerpt":"Instalaciones El Hospital Ribera Polusa dispone de una superficie construida de 8.450 m2 Planta S\u00f3tano Planta Baja Planta Primera Planta Segunda Farmacia Quir\u00f3fanos Hospitalizaci\u00f3n Habitaciones Ala 100 Hospital de D\u00eda Oncol\u00f3gico Laboratorio An\u00e1llisis Cl\u00ednicos&nbsp; Cafeter\u00eda Atenci\u00f3n al paciente Mayor (Unidad del Mayor) Consultas externas Anatom\u00eda Patol\u00f3gica Urgencias Unidad de Da\u00f1o Cerebral Unidad TIC Mantenimiento Consultas&hellip;","_links":{"self":[{"href":"https:\/\/riberasalud.com\/polusa\/wp-json\/wp\/v2\/pages\/14","targetHints":{"allow":["GET"]}}],"collection":[{"href":"https:\/\/riberasalud.com\/polusa\/wp-json\/wp\/v2\/pages"}],"about":[{"href":"https:\/\/riberasalud.com\/polusa\/wp-json\/wp\/v2\/types\/page"}],"author":[{"embeddable":true,"href":"https:\/\/riberasalud.com\/polusa\/wp-json\/wp\/v2\/users\/1"}],"replies":[{"embeddable":true,"href":"https:\/\/riberasalud.com\/polusa\/wp-json\/wp\/v2\/comments?post=14"}],"version-history":[{"count":13,"href":"https:\/\/riberasalud.com\/polusa\/wp-json\/wp\/v2\/pages\/14\/revisions"}],"predecessor-version":[{"id":4025,"href":"https:\/\/riberasalud.com\/polusa\/wp-json\/wp\/v2\/pages\/14\/revisions\/4025"}],"wp:attachment":[{"href":"https:\/\/riberasalud.com\/polusa\/wp-json\/wp\/v2\/media?parent=14"}],"curies":[{"name":"wp","href":"https:\/\/api.w.org\/{rel}","templated":true}]}}