{"id":112,"date":"2021-05-26T08:03:16","date_gmt":"2021-05-26T08:03:16","guid":{"rendered":"https:\/\/riberasalud.com\/polusa\/?page_id=112"},"modified":"2021-05-26T08:05:57","modified_gmt":"2021-05-26T08:05:57","slug":"analisis-clinicos","status":"publish","type":"page","link":"https:\/\/riberasalud.com\/polusa\/analisis-clinicos\/","title":{"rendered":"An\u00e1lisis cl\u00ednicos"},"content":{"rendered":"\n<div class=\"wp-block-group backgroundbanner\"><div class=\"wp-block-group__inner-container is-layout-flow wp-block-group-is-layout-flow\">\n<p class=\"has-text-align-center\" style=\"font-size:40px\"><span style=\"color: #4b4a4a;\" class=\"ugb-highlight\">An\u00e1lisis cl\u00ednicos<\/span><\/p>\n<\/div><\/div>\n\n\n\n<div class=\"wp-block-group\"><div class=\"wp-block-group__inner-container is-layout-flow wp-block-group-is-layout-flow\">\n<p><strong>Recomendaciones para pacientes que van a acudir al laboratorio.<\/strong><\/p>\n\n\n\n<p><strong>Extracci\u00f3n de sangre.<\/strong><\/p>\n\n\n\n<ul class=\"wp-block-list\"><li>Deber\u00e1 acudir al laboratorio tras un ayuno m\u00ednimo de 10 horas, evitando que la cena de la noche previa sea rica en grasas.<\/li><li>Si es fumador, evite fumar antes de la extracci\u00f3n.<\/li><li>Infrecuentemente, se pueden producir tras la venopunci\u00f3n efectos adversos transitorios como:<br>&#8211; Hematomas.\u00a0\u00a0\u00a0\u00a0\u00a0\u00a0\u00a0\u00a0\u00a0\u00a0\u00a0\u00a0\u00a0\u00a0\u00a0\u00a0\u00a0\u00a0\u00a0\u00a0\u00a0\u00a0\u00a0\u00a0\u00a0\u00a0\u00a0\u00a0\u00a0\u00a0\u00a0\u00a0\u00a0\u00a0\u00a0\u00a0\u00a0\u00a0\u00a0\u00a0\u00a0\u00a0\u00a0\u00a0\u00a0 <br>&#8211; Flebitis.<br>&#8211; Mareos\u00a0\u00a0\u00a0\u00a0\u00a0\u00a0\u00a0\u00a0\u00a0\u00a0\u00a0\u00a0\u00a0\u00a0\u00a0\u00a0\u00a0\u00a0\u00a0\u00a0\u00a0\u00a0\u00a0\u00a0\u00a0\u00a0\u00a0\u00a0\u00a0\u00a0\u00a0\u00a0\u00a0\u00a0\u00a0\u00a0\u00a0\u00a0\u00a0\u00a0\u00a0\u00a0\u00a0\u00a0\u00a0\u00a0\u00a0\u00a0\u00a0\u00a0\u00a0\u00a0\u00a0\u00a0 <br>&#8211; Nauseas.<br>&#8211; V\u00f3mitos.\u00a0\u00a0\u00a0\u00a0\u00a0\u00a0\u00a0\u00a0\u00a0\u00a0\u00a0\u00a0\u00a0\u00a0\u00a0\u00a0\u00a0\u00a0\u00a0\u00a0\u00a0\u00a0\u00a0\u00a0\u00a0\u00a0\u00a0\u00a0\u00a0\u00a0\u00a0\u00a0\u00a0\u00a0\u00a0\u00a0\u00a0\u00a0\u00a0\u00a0\u00a0\u00a0\u00a0\u00a0\u00a0\u00a0\u00a0\u00a0\u00a0\u00a0\u00a0\u00a0 <br>&#8211; Malestar.<br>&#8211; P\u00e9rdida de la consciencia.<br><br><strong>Si ha sufrido alguno de estos s\u00edntomas en extracciones anteriores deber\u00e1 comunicarlo al personal encargado de realizar la extracci\u00f3n.<\/strong><\/li><li>Una vez efectuada la punci\u00f3n, y con el fin de evitar que se produzcan hematomas, presione el algod\u00f3n con el dedo sin doblar el brazo, durante cinco minutos sin interrupci\u00f3n.<\/li><\/ul>\n<\/div><\/div>\n","protected":false},"excerpt":{"rendered":"<p>An\u00e1lisis cl\u00ednicos Recomendaciones para pacientes que van a acudir al laboratorio. Extracci\u00f3n de sangre. Deber\u00e1 acudir al laboratorio tras un ayuno m\u00ednimo de 10 horas, evitando que la cena de la noche previa sea rica en grasas. Si es fumador, evite fumar antes de la extracci\u00f3n. Infrecuentemente, se pueden producir tras la venopunci\u00f3n efectos adversos &#8230; <a title=\"An\u00e1lisis cl\u00ednicos\" class=\"read-more\" href=\"https:\/\/riberasalud.com\/polusa\/analisis-clinicos\/\" aria-label=\"Leer m\u00e1s sobre An\u00e1lisis cl\u00ednicos\">Leer m\u00e1s<\/a><\/p>\n","protected":false},"author":1,"featured_media":0,"parent":0,"menu_order":0,"comment_status":"closed","ping_status":"closed","template":"","meta":{"_coblocks_attr":"","_coblocks_dimensions":"","_coblocks_responsive_height":"","_coblocks_accordion_ie_support":"","_uag_custom_page_level_css":"","footnotes":""},"class_list":["post-112","page","type-page","status-publish"],"featured_image_urls_v2":{"full":"","thumbnail":"","medium":"","medium_large":"","large":"","xl":"","xxl":"","xxxl":"","xxxxl":"","xxxxxl":"","1536x1536":"","2048x2048":""},"post_excerpt_stackable_v2":"<p>An\u00e1lisis cl\u00ednicos Recomendaciones para pacientes que van a acudir al laboratorio. Extracci\u00f3n de sangre. Deber\u00e1 acudir al laboratorio tras un ayuno m\u00ednimo de 10 horas, evitando que la cena de la noche previa sea rica en grasas.Si es fumador, evite fumar antes de la extracci\u00f3n.Infrecuentemente, se pueden producir tras la venopunci\u00f3n efectos adversos transitorios como:&#8211; Hematomas.\u00a0\u00a0\u00a0\u00a0\u00a0\u00a0\u00a0\u00a0\u00a0\u00a0\u00a0\u00a0\u00a0\u00a0\u00a0\u00a0\u00a0\u00a0\u00a0\u00a0\u00a0\u00a0\u00a0\u00a0\u00a0\u00a0\u00a0\u00a0\u00a0\u00a0\u00a0\u00a0\u00a0\u00a0\u00a0\u00a0\u00a0\u00a0\u00a0\u00a0\u00a0\u00a0\u00a0\u00a0\u00a0 &#8211; Flebitis.&#8211; Mareos\u00a0\u00a0\u00a0\u00a0\u00a0\u00a0\u00a0\u00a0\u00a0\u00a0\u00a0\u00a0\u00a0\u00a0\u00a0\u00a0\u00a0\u00a0\u00a0\u00a0\u00a0\u00a0\u00a0\u00a0\u00a0\u00a0\u00a0\u00a0\u00a0\u00a0\u00a0\u00a0\u00a0\u00a0\u00a0\u00a0\u00a0\u00a0\u00a0\u00a0\u00a0\u00a0\u00a0\u00a0\u00a0\u00a0\u00a0\u00a0\u00a0\u00a0\u00a0\u00a0\u00a0\u00a0 &#8211; Nauseas.&#8211; V\u00f3mitos.\u00a0\u00a0\u00a0\u00a0\u00a0\u00a0\u00a0\u00a0\u00a0\u00a0\u00a0\u00a0\u00a0\u00a0\u00a0\u00a0\u00a0\u00a0\u00a0\u00a0\u00a0\u00a0\u00a0\u00a0\u00a0\u00a0\u00a0\u00a0\u00a0\u00a0\u00a0\u00a0\u00a0\u00a0\u00a0\u00a0\u00a0\u00a0\u00a0\u00a0\u00a0\u00a0\u00a0\u00a0\u00a0\u00a0\u00a0\u00a0\u00a0\u00a0\u00a0\u00a0 &#8211; Malestar.&#8211; P\u00e9rdida de la consciencia.Si ha sufrido alguno de estos s\u00edntomas en extracciones anteriores deber\u00e1 comunicarlo al personal encargado de realizar la extracci\u00f3n.Una vez efectuada la punci\u00f3n, y con el fin de evitar que se produzcan hematomas,&hellip;<\/p>\n","category_list_v2":"","author_info_v2":{"name":"jorge@quois.com","url":"https:\/\/riberasalud.com\/polusa\/author\/jorgequois-com\/"},"comments_num_v2":"0 comentarios","yoast_head":"<!-- This site is optimized with the Yoast SEO plugin v26.6 - https:\/\/yoast.com\/wordpress\/plugins\/seo\/ -->\n<title>\u25b7 An\u00e1lisis cl\u00ednicos | Hospital Ribera Polusa<\/title>\n<meta name=\"description\" content=\"lll\u1405 An\u00e1lisis cl\u00ednicos Recomendaciones para pacientes que van a acudir al laboratorio. Extracci\u00f3n de sangre. Deber\u00e1 acudir al laboratorio tras un ayuno m\u00ednimo \u2705\" \/>\n<meta name=\"robots\" content=\"index, follow, max-snippet:-1, max-image-preview:large, max-video-preview:-1\" \/>\n<link rel=\"canonical\" href=\"https:\/\/riberasalud.com\/polusa\/analisis-clinicos\/\" \/>\n<meta property=\"og:locale\" content=\"es_ES\" \/>\n<meta property=\"og:type\" content=\"article\" \/>\n<meta property=\"og:title\" content=\"\u25b7 An\u00e1lisis cl\u00ednicos | Hospital Ribera Polusa\" \/>\n<meta property=\"og:description\" content=\"lll\u1405 An\u00e1lisis cl\u00ednicos Recomendaciones para pacientes que van a acudir al laboratorio. Extracci\u00f3n de sangre. Deber\u00e1 acudir al laboratorio tras un ayuno m\u00ednimo \u2705\" \/>\n<meta property=\"og:url\" content=\"https:\/\/riberasalud.com\/polusa\/analisis-clinicos\/\" \/>\n<meta property=\"og:site_name\" content=\"Hospital Ribera Polusa\" \/>\n<meta property=\"article:modified_time\" content=\"2021-05-26T08:05:57+00:00\" \/>\n<meta name=\"twitter:card\" content=\"summary_large_image\" \/>\n<meta name=\"twitter:label1\" content=\"Tiempo de lectura\" \/>\n\t<meta name=\"twitter:data1\" content=\"1 minuto\" \/>\n<script type=\"application\/ld+json\" class=\"yoast-schema-graph\">{\"@context\":\"https:\/\/schema.org\",\"@graph\":[{\"@type\":\"WebPage\",\"@id\":\"https:\/\/riberasalud.com\/polusa\/analisis-clinicos\/\",\"url\":\"https:\/\/riberasalud.com\/polusa\/analisis-clinicos\/\",\"name\":\"\u25b7 An\u00e1lisis cl\u00ednicos | Hospital Ribera Polusa\",\"isPartOf\":{\"@id\":\"https:\/\/riberasalud.com\/polusa\/#website\"},\"datePublished\":\"2021-05-26T08:03:16+00:00\",\"dateModified\":\"2021-05-26T08:05:57+00:00\",\"description\":\"lll\u1405 An\u00e1lisis cl\u00ednicos Recomendaciones para pacientes que van a acudir al laboratorio. Extracci\u00f3n de sangre. Deber\u00e1 acudir al laboratorio tras un ayuno m\u00ednimo \u2705\",\"breadcrumb\":{\"@id\":\"https:\/\/riberasalud.com\/polusa\/analisis-clinicos\/#breadcrumb\"},\"inLanguage\":\"es\",\"potentialAction\":[{\"@type\":\"ReadAction\",\"target\":[\"https:\/\/riberasalud.com\/polusa\/analisis-clinicos\/\"]}]},{\"@type\":\"BreadcrumbList\",\"@id\":\"https:\/\/riberasalud.com\/polusa\/analisis-clinicos\/#breadcrumb\",\"itemListElement\":[{\"@type\":\"ListItem\",\"position\":1,\"name\":\"Portada\",\"item\":\"https:\/\/riberasalud.com\/polusa\/\"},{\"@type\":\"ListItem\",\"position\":2,\"name\":\"An\u00e1lisis cl\u00ednicos\"}]},{\"@type\":\"WebSite\",\"@id\":\"https:\/\/riberasalud.com\/polusa\/#website\",\"url\":\"https:\/\/riberasalud.com\/polusa\/\",\"name\":\"Hospital Ribera Polusa\",\"description\":\"\",\"publisher\":{\"@id\":\"https:\/\/riberasalud.com\/polusa\/#organization\"},\"potentialAction\":[{\"@type\":\"SearchAction\",\"target\":{\"@type\":\"EntryPoint\",\"urlTemplate\":\"https:\/\/riberasalud.com\/polusa\/?s={search_term_string}\"},\"query-input\":{\"@type\":\"PropertyValueSpecification\",\"valueRequired\":true,\"valueName\":\"search_term_string\"}}],\"inLanguage\":\"es\"},{\"@type\":\"Organization\",\"@id\":\"https:\/\/riberasalud.com\/polusa\/#organization\",\"name\":\"Hospital Ribera Polusa\",\"url\":\"https:\/\/riberasalud.com\/polusa\/\",\"logo\":{\"@type\":\"ImageObject\",\"inLanguage\":\"es\",\"@id\":\"https:\/\/riberasalud.com\/polusa\/#\/schema\/logo\/image\/\",\"url\":\"https:\/\/riberasalud.com\/polusa\/wp-content\/uploads\/2025\/12\/cropped-cropped-Logo-Red-Polusa-300x76-1.png\",\"contentUrl\":\"https:\/\/riberasalud.com\/polusa\/wp-content\/uploads\/2025\/12\/cropped-cropped-Logo-Red-Polusa-300x76-1.png\",\"width\":300,\"height\":76,\"caption\":\"Hospital Ribera Polusa\"},\"image\":{\"@id\":\"https:\/\/riberasalud.com\/polusa\/#\/schema\/logo\/image\/\"}}]}<\/script>\n<!-- \/ Yoast SEO plugin. -->","yoast_head_json":{"title":"\u25b7 An\u00e1lisis cl\u00ednicos | Hospital Ribera Polusa","description":"lll\u1405 An\u00e1lisis cl\u00ednicos Recomendaciones para pacientes que van a acudir al laboratorio. Extracci\u00f3n de sangre. Deber\u00e1 acudir al laboratorio tras un ayuno m\u00ednimo \u2705","robots":{"index":"index","follow":"follow","max-snippet":"max-snippet:-1","max-image-preview":"max-image-preview:large","max-video-preview":"max-video-preview:-1"},"canonical":"https:\/\/riberasalud.com\/polusa\/analisis-clinicos\/","og_locale":"es_ES","og_type":"article","og_title":"\u25b7 An\u00e1lisis cl\u00ednicos | Hospital Ribera Polusa","og_description":"lll\u1405 An\u00e1lisis cl\u00ednicos Recomendaciones para pacientes que van a acudir al laboratorio. Extracci\u00f3n de sangre. Deber\u00e1 acudir al laboratorio tras un ayuno m\u00ednimo \u2705","og_url":"https:\/\/riberasalud.com\/polusa\/analisis-clinicos\/","og_site_name":"Hospital Ribera Polusa","article_modified_time":"2021-05-26T08:05:57+00:00","twitter_card":"summary_large_image","twitter_misc":{"Tiempo de lectura":"1 minuto"},"schema":{"@context":"https:\/\/schema.org","@graph":[{"@type":"WebPage","@id":"https:\/\/riberasalud.com\/polusa\/analisis-clinicos\/","url":"https:\/\/riberasalud.com\/polusa\/analisis-clinicos\/","name":"\u25b7 An\u00e1lisis cl\u00ednicos | Hospital Ribera Polusa","isPartOf":{"@id":"https:\/\/riberasalud.com\/polusa\/#website"},"datePublished":"2021-05-26T08:03:16+00:00","dateModified":"2021-05-26T08:05:57+00:00","description":"lll\u1405 An\u00e1lisis cl\u00ednicos Recomendaciones para pacientes que van a acudir al laboratorio. Extracci\u00f3n de sangre. Deber\u00e1 acudir al laboratorio tras un ayuno m\u00ednimo \u2705","breadcrumb":{"@id":"https:\/\/riberasalud.com\/polusa\/analisis-clinicos\/#breadcrumb"},"inLanguage":"es","potentialAction":[{"@type":"ReadAction","target":["https:\/\/riberasalud.com\/polusa\/analisis-clinicos\/"]}]},{"@type":"BreadcrumbList","@id":"https:\/\/riberasalud.com\/polusa\/analisis-clinicos\/#breadcrumb","itemListElement":[{"@type":"ListItem","position":1,"name":"Portada","item":"https:\/\/riberasalud.com\/polusa\/"},{"@type":"ListItem","position":2,"name":"An\u00e1lisis cl\u00ednicos"}]},{"@type":"WebSite","@id":"https:\/\/riberasalud.com\/polusa\/#website","url":"https:\/\/riberasalud.com\/polusa\/","name":"Hospital Ribera Polusa","description":"","publisher":{"@id":"https:\/\/riberasalud.com\/polusa\/#organization"},"potentialAction":[{"@type":"SearchAction","target":{"@type":"EntryPoint","urlTemplate":"https:\/\/riberasalud.com\/polusa\/?s={search_term_string}"},"query-input":{"@type":"PropertyValueSpecification","valueRequired":true,"valueName":"search_term_string"}}],"inLanguage":"es"},{"@type":"Organization","@id":"https:\/\/riberasalud.com\/polusa\/#organization","name":"Hospital Ribera Polusa","url":"https:\/\/riberasalud.com\/polusa\/","logo":{"@type":"ImageObject","inLanguage":"es","@id":"https:\/\/riberasalud.com\/polusa\/#\/schema\/logo\/image\/","url":"https:\/\/riberasalud.com\/polusa\/wp-content\/uploads\/2025\/12\/cropped-cropped-Logo-Red-Polusa-300x76-1.png","contentUrl":"https:\/\/riberasalud.com\/polusa\/wp-content\/uploads\/2025\/12\/cropped-cropped-Logo-Red-Polusa-300x76-1.png","width":300,"height":76,"caption":"Hospital Ribera Polusa"},"image":{"@id":"https:\/\/riberasalud.com\/polusa\/#\/schema\/logo\/image\/"}}]}},"pbg_featured_image_src":{"full":false,"thumbnail":false,"medium":false,"medium_large":false,"large":false,"xl":false,"xxl":false,"xxxl":false,"xxxxl":false,"xxxxxl":false,"1536x1536":false,"2048x2048":false},"pbg_author_info":{"display_name":"jorge@quois.com","author_link":"https:\/\/riberasalud.com\/polusa\/author\/jorgequois-com\/","author_img":"<img alt='jorge@quois.com' src='https:\/\/secure.gravatar.com\/avatar\/bca8cccf11ce6757dcdec6ce293d120c16d33c83aeb423357cce3f49f3abae94?s=128&#038;d=mm&#038;r=g' srcset='https:\/\/secure.gravatar.com\/avatar\/bca8cccf11ce6757dcdec6ce293d120c16d33c83aeb423357cce3f49f3abae94?s=256&#038;d=mm&#038;r=g 2x' class='avatar avatar-128 photo' height='128' width='128' loading='lazy' decoding='async'\/>"},"pbg_comment_info":" No Comments","pbg_excerpt":"An\u00e1lisis cl\u00ednicos Recomendaciones para pacientes que van a acudir al laboratorio. Extracci\u00f3n de sangre. Deber\u00e1 acudir al laboratorio tras un ayuno m\u00ednimo de 10 horas, evitando que la cena de la noche previa sea rica en grasas. Si es fumador, evite fumar antes de la extracci\u00f3n. Infrecuentemente, se pueden producir tras la venopunci\u00f3n efectos adversos&hellip;","uagb_featured_image_src":{"full":false,"thumbnail":false,"medium":false,"medium_large":false,"large":false,"xl":false,"xxl":false,"xxxl":false,"xxxxl":false,"xxxxxl":false,"1536x1536":false,"2048x2048":false},"uagb_author_info":{"display_name":"jorge@quois.com","author_link":"https:\/\/riberasalud.com\/polusa\/author\/jorgequois-com\/"},"uagb_comment_info":0,"uagb_excerpt":"An\u00e1lisis cl\u00ednicos Recomendaciones para pacientes que van a acudir al laboratorio. Extracci\u00f3n de sangre. Deber\u00e1 acudir al laboratorio tras un ayuno m\u00ednimo de 10 horas, evitando que la cena de la noche previa sea rica en grasas. Si es fumador, evite fumar antes de la extracci\u00f3n. Infrecuentemente, se pueden producir tras la venopunci\u00f3n efectos adversos&hellip;","_links":{"self":[{"href":"https:\/\/riberasalud.com\/polusa\/wp-json\/wp\/v2\/pages\/112","targetHints":{"allow":["GET"]}}],"collection":[{"href":"https:\/\/riberasalud.com\/polusa\/wp-json\/wp\/v2\/pages"}],"about":[{"href":"https:\/\/riberasalud.com\/polusa\/wp-json\/wp\/v2\/types\/page"}],"author":[{"embeddable":true,"href":"https:\/\/riberasalud.com\/polusa\/wp-json\/wp\/v2\/users\/1"}],"replies":[{"embeddable":true,"href":"https:\/\/riberasalud.com\/polusa\/wp-json\/wp\/v2\/comments?post=112"}],"version-history":[{"count":3,"href":"https:\/\/riberasalud.com\/polusa\/wp-json\/wp\/v2\/pages\/112\/revisions"}],"predecessor-version":[{"id":118,"href":"https:\/\/riberasalud.com\/polusa\/wp-json\/wp\/v2\/pages\/112\/revisions\/118"}],"wp:attachment":[{"href":"https:\/\/riberasalud.com\/polusa\/wp-json\/wp\/v2\/media?parent=112"}],"curies":[{"name":"wp","href":"https:\/\/api.w.org\/{rel}","templated":true}]}}