{"id":11,"date":"2021-05-26T06:56:37","date_gmt":"2021-05-26T06:56:37","guid":{"rendered":"https:\/\/riberasalud.com\/polusa\/?page_id=11"},"modified":"2024-02-14T14:56:10","modified_gmt":"2024-02-14T14:56:10","slug":"presentacion","status":"publish","type":"page","link":"https:\/\/riberasalud.com\/polusa\/presentacion\/","title":{"rendered":"Presentaci\u00f3n"},"content":{"rendered":"\n<div class=\"wp-block-group backgroundbanner\"><div class=\"wp-block-group__inner-container is-layout-flow wp-block-group-is-layout-flow\">\n<p class=\"has-text-align-center\" style=\"font-size:40px\"><span style=\"color: #4b4a4a;\" class=\"ugb-highlight\">Presentaci\u00f3n<\/span><\/p>\n<\/div><\/div>\n\n\n\n<div class=\"wp-block-group alignwide cajitas iconosresumen\"><div class=\"wp-block-group__inner-container is-layout-flow wp-block-group-is-layout-flow\">\n<p>El hospital Ribera Polusa\u202fforma parte de la red de centros sanitarios del grupo Ribera, con m\u00e1s de 25 a\u00f1os de experiencia en la gesti\u00f3n de proyectos innovadores, especializados en la salud y el bienestar de los ciudadanos. Nuestra vocaci\u00f3n es transformar la atenci\u00f3n sanitaria, aportando valor a la sociedad y contribuyendo a la sostenibilidad de los sistemas de salud. Es la base de nuestro modelo de salud responsable, que aplicamos en todos los proyectos en los que participamos a nivel nacional e internacional.&nbsp;<\/p>\n\n\n\n<p>La historia del hospital Ribera Polusa comienza en 1981, cuando los promotores del proyecto apostaron por una oferta asistencial de la m\u00e1xima calidad para los ciudadanos de Lugo y de toda Galicia, que se ha mantenido hasta hoy. El grupo sanitario Ribera incorpora Polusa a red asistencial en noviembre de 2020 y desde entonces, ha ampliado consultas y servicios, ha renovado e incorporado tecnolog\u00eda de \u00faltima generaci\u00f3n, ha puesto en marcha los consejos de pacientes y a Ribera Polusa se han sumado, como extensiones de su actividad asistencial, las Cl\u00ednicas Santo Domingo, una cl\u00ednica de Ribera Dent, en Lugo y la cl\u00ednica Fouz, en Viveiro.&nbsp;<\/p>\n\n\n\n<p>La atenci\u00f3n y confort del paciente, el prestigio de su cuadro m\u00e9dico, la actualizaci\u00f3n tecnol\u00f3gica, la oferta m\u00e9dica integral y las unidades cl\u00ednicas especializadas constituyen los pilares del hospital Ribera Polusa, para avanzar siempre hacia la mejor calidad asistencial. Son estos valores, y sobre todo nuestros profesionales de gran prestigio, los que nos posicionan como un referente de la Sanidad privada en la provincia.&nbsp;<\/p>\n\n\n\n<p>Ribera Polusa cuenta con certificaciones de calidad y de seguridad del paciente (ISO 9001 de Calidad en todas las unidades del hospital, ISO 14001 de Medio ambiente y UNE 179003, de Seguridad del Paciente), y forma parte de la Asociaci\u00f3n Gallega de Hospitales Gallegos (AHOSGAL).&nbsp;<\/p>\n\n\n\n<div class=\"wp-block-columns is-layout-flex wp-container-core-columns-is-layout-9d6595d7 wp-block-columns-is-layout-flex\">\n<div class=\"wp-block-column is-layout-flow wp-block-column-is-layout-flow\">\n<figure class=\"wp-block-image size-full\"><img decoding=\"async\" src=\"https:\/\/riberasalud.com\/hospital-de-molina\/wp-content\/uploads\/2023\/02\/iconos_home_Mesa-de-trabajo-1.png\" alt=\"\" class=\"wp-image-7504\"\/><\/figure>\n\n\n\n<p>Amplia <strong>oferta asistencial <\/strong>de m\u00e1xima calidad<\/p>\n<\/div>\n\n\n\n<div class=\"wp-block-column is-layout-flow wp-block-column-is-layout-flow\">\n<figure class=\"wp-block-image size-full\"><img decoding=\"async\" src=\"https:\/\/riberasalud.com\/hospital-de-molina\/wp-content\/uploads\/2023\/02\/iconos_home-02.png\" alt=\"\" class=\"wp-image-7499\"\/><\/figure>\n\n\n\n<p>El <strong>paciente <\/strong>en el centro de todo<\/p>\n<\/div>\n\n\n\n<div class=\"wp-block-column is-layout-flow wp-block-column-is-layout-flow\">\n<figure class=\"wp-block-image size-full\"><img decoding=\"async\" src=\"https:\/\/riberasalud.com\/hospital-de-molina\/wp-content\/uploads\/2023\/02\/iconos_home-03.png\" alt=\"\" class=\"wp-image-7500\"\/><\/figure>\n\n\n\n<p><strong>Tecnolog\u00eda <\/strong>de \u00faltima generaci\u00f3n<\/p>\n<\/div>\n\n\n\n<div class=\"wp-block-column is-layout-flow wp-block-column-is-layout-flow\">\n<figure class=\"wp-block-image size-full\"><img decoding=\"async\" src=\"https:\/\/riberasalud.com\/hospital-de-molina\/wp-content\/uploads\/2023\/02\/iconos_home-04.png\" alt=\"\" class=\"wp-image-7501\"\/><\/figure>\n\n\n\n<p>Excelencia en <strong>pruebas diagn\u00f3sticas<\/strong><\/p>\n<\/div>\n\n\n\n<div class=\"wp-block-column is-layout-flow wp-block-column-is-layout-flow\">\n<figure class=\"wp-block-image size-full\"><img decoding=\"async\" src=\"https:\/\/riberasalud.com\/hospital-de-molina\/wp-content\/uploads\/2023\/02\/iconos_home-05.png\" alt=\"\" class=\"wp-image-7502\"\/><\/figure>\n\n\n\n<p><strong>Investigaci\u00f3n e innovaci\u00f3n <\/strong>constante<\/p>\n<\/div>\n\n\n\n<div class=\"wp-block-column is-layout-flow wp-block-column-is-layout-flow\">\n<figure class=\"wp-block-image size-full\"><img decoding=\"async\" src=\"https:\/\/riberasalud.com\/hospital-de-molina\/wp-content\/uploads\/2023\/02\/iconos_home-06.png\" alt=\"\" class=\"wp-image-7503\"\/><\/figure>\n\n\n\n<p>Reconocimientos como <strong>hospital de referencia<\/strong><\/p>\n<\/div>\n<\/div>\n<\/div><\/div>\n","protected":false},"excerpt":{"rendered":"<p>Presentaci\u00f3n El hospital Ribera Polusa\u202fforma parte de la red de centros sanitarios del grupo Ribera, con m\u00e1s de 25 a\u00f1os de experiencia en la gesti\u00f3n de proyectos innovadores, especializados en la salud y el bienestar de los ciudadanos. Nuestra vocaci\u00f3n es transformar la atenci\u00f3n sanitaria, aportando valor a la sociedad y contribuyendo a la sostenibilidad &#8230; <a title=\"Presentaci\u00f3n\" class=\"read-more\" href=\"https:\/\/riberasalud.com\/polusa\/presentacion\/\" aria-label=\"Leer m\u00e1s sobre Presentaci\u00f3n\">Leer m\u00e1s<\/a><\/p>\n","protected":false},"author":1,"featured_media":0,"parent":0,"menu_order":0,"comment_status":"closed","ping_status":"closed","template":"","meta":{"_coblocks_attr":"","_coblocks_dimensions":"","_coblocks_responsive_height":"","_coblocks_accordion_ie_support":"","_uag_custom_page_level_css":"","footnotes":""},"class_list":["post-11","page","type-page","status-publish"],"featured_image_urls_v2":{"full":"","thumbnail":"","medium":"","medium_large":"","large":"","xl":"","xxl":"","xxxl":"","xxxxl":"","xxxxxl":"","1536x1536":"","2048x2048":""},"post_excerpt_stackable_v2":"<p>Presentaci\u00f3n El hospital Ribera Polusa\u202fforma parte de la red de centros sanitarios del grupo Ribera, con m\u00e1s de 25 a\u00f1os de experiencia en la gesti\u00f3n de proyectos innovadores, especializados en la salud y el bienestar de los ciudadanos. Nuestra vocaci\u00f3n es transformar la atenci\u00f3n sanitaria, aportando valor a la sociedad y contribuyendo a la sostenibilidad de los sistemas de salud. Es la base de nuestro modelo de salud responsable, que aplicamos en todos los proyectos en los que participamos a nivel nacional e internacional.&nbsp; La historia del hospital Ribera Polusa comienza en 1981, cuando los promotores del proyecto apostaron por&hellip;<\/p>\n","category_list_v2":"","author_info_v2":{"name":"jorge@quois.com","url":"https:\/\/riberasalud.com\/polusa\/author\/jorgequois-com\/"},"comments_num_v2":"0 comentarios","yoast_head":"<!-- This site is optimized with the Yoast SEO plugin v26.6 - https:\/\/yoast.com\/wordpress\/plugins\/seo\/ -->\n<title>\u25b7 Presentaci\u00f3n | Hospital Ribera Polusa<\/title>\n<meta name=\"description\" content=\"lll\u1405 Presentaci\u00f3n El hospital Ribera Polusa\u202fforma parte de la red de centros sanitarios del grupo Ribera, con m\u00e1s de 25 a\u00f1os de experiencia en la gesti\u00f3n de \u2705\" \/>\n<meta name=\"robots\" content=\"index, follow, max-snippet:-1, max-image-preview:large, max-video-preview:-1\" \/>\n<link rel=\"canonical\" href=\"https:\/\/riberasalud.com\/polusa\/presentacion\/\" \/>\n<meta property=\"og:locale\" content=\"es_ES\" \/>\n<meta property=\"og:type\" content=\"article\" \/>\n<meta property=\"og:title\" content=\"\u25b7 Presentaci\u00f3n | Hospital Ribera Polusa\" \/>\n<meta property=\"og:description\" content=\"lll\u1405 Presentaci\u00f3n El hospital Ribera Polusa\u202fforma parte de la red de centros sanitarios del grupo Ribera, con m\u00e1s de 25 a\u00f1os de experiencia en la gesti\u00f3n de \u2705\" \/>\n<meta property=\"og:url\" content=\"https:\/\/riberasalud.com\/polusa\/presentacion\/\" \/>\n<meta property=\"og:site_name\" content=\"Hospital Ribera Polusa\" \/>\n<meta property=\"article:modified_time\" content=\"2024-02-14T14:56:10+00:00\" \/>\n<meta property=\"og:image\" content=\"https:\/\/riberasalud.com\/hospital-de-molina\/wp-content\/uploads\/2023\/02\/iconos_home_Mesa-de-trabajo-1.png\" \/>\n<meta name=\"twitter:card\" content=\"summary_large_image\" \/>\n<meta name=\"twitter:label1\" content=\"Tiempo de lectura\" \/>\n\t<meta name=\"twitter:data1\" content=\"3 minutos\" \/>\n<script type=\"application\/ld+json\" class=\"yoast-schema-graph\">{\"@context\":\"https:\/\/schema.org\",\"@graph\":[{\"@type\":\"WebPage\",\"@id\":\"https:\/\/riberasalud.com\/polusa\/presentacion\/\",\"url\":\"https:\/\/riberasalud.com\/polusa\/presentacion\/\",\"name\":\"\u25b7 Presentaci\u00f3n | Hospital Ribera Polusa\",\"isPartOf\":{\"@id\":\"https:\/\/riberasalud.com\/polusa\/#website\"},\"primaryImageOfPage\":{\"@id\":\"https:\/\/riberasalud.com\/polusa\/presentacion\/#primaryimage\"},\"image\":{\"@id\":\"https:\/\/riberasalud.com\/polusa\/presentacion\/#primaryimage\"},\"thumbnailUrl\":\"https:\/\/riberasalud.com\/hospital-de-molina\/wp-content\/uploads\/2023\/02\/iconos_home_Mesa-de-trabajo-1.png\",\"datePublished\":\"2021-05-26T06:56:37+00:00\",\"dateModified\":\"2024-02-14T14:56:10+00:00\",\"description\":\"lll\u1405 Presentaci\u00f3n El hospital Ribera Polusa\u202fforma parte de la red de centros sanitarios del grupo Ribera, con m\u00e1s de 25 a\u00f1os de experiencia en la gesti\u00f3n de \u2705\",\"breadcrumb\":{\"@id\":\"https:\/\/riberasalud.com\/polusa\/presentacion\/#breadcrumb\"},\"inLanguage\":\"es\",\"potentialAction\":[{\"@type\":\"ReadAction\",\"target\":[\"https:\/\/riberasalud.com\/polusa\/presentacion\/\"]}]},{\"@type\":\"ImageObject\",\"inLanguage\":\"es\",\"@id\":\"https:\/\/riberasalud.com\/polusa\/presentacion\/#primaryimage\",\"url\":\"https:\/\/riberasalud.com\/hospital-de-molina\/wp-content\/uploads\/2023\/02\/iconos_home_Mesa-de-trabajo-1.png\",\"contentUrl\":\"https:\/\/riberasalud.com\/hospital-de-molina\/wp-content\/uploads\/2023\/02\/iconos_home_Mesa-de-trabajo-1.png\"},{\"@type\":\"BreadcrumbList\",\"@id\":\"https:\/\/riberasalud.com\/polusa\/presentacion\/#breadcrumb\",\"itemListElement\":[{\"@type\":\"ListItem\",\"position\":1,\"name\":\"Portada\",\"item\":\"https:\/\/riberasalud.com\/polusa\/\"},{\"@type\":\"ListItem\",\"position\":2,\"name\":\"Presentaci\u00f3n\"}]},{\"@type\":\"WebSite\",\"@id\":\"https:\/\/riberasalud.com\/polusa\/#website\",\"url\":\"https:\/\/riberasalud.com\/polusa\/\",\"name\":\"Hospital Ribera Polusa\",\"description\":\"\",\"publisher\":{\"@id\":\"https:\/\/riberasalud.com\/polusa\/#organization\"},\"potentialAction\":[{\"@type\":\"SearchAction\",\"target\":{\"@type\":\"EntryPoint\",\"urlTemplate\":\"https:\/\/riberasalud.com\/polusa\/?s={search_term_string}\"},\"query-input\":{\"@type\":\"PropertyValueSpecification\",\"valueRequired\":true,\"valueName\":\"search_term_string\"}}],\"inLanguage\":\"es\"},{\"@type\":\"Organization\",\"@id\":\"https:\/\/riberasalud.com\/polusa\/#organization\",\"name\":\"Hospital Ribera Polusa\",\"url\":\"https:\/\/riberasalud.com\/polusa\/\",\"logo\":{\"@type\":\"ImageObject\",\"inLanguage\":\"es\",\"@id\":\"https:\/\/riberasalud.com\/polusa\/#\/schema\/logo\/image\/\",\"url\":\"https:\/\/riberasalud.com\/polusa\/wp-content\/uploads\/2025\/12\/cropped-cropped-Logo-Red-Polusa-300x76-1.png\",\"contentUrl\":\"https:\/\/riberasalud.com\/polusa\/wp-content\/uploads\/2025\/12\/cropped-cropped-Logo-Red-Polusa-300x76-1.png\",\"width\":300,\"height\":76,\"caption\":\"Hospital Ribera Polusa\"},\"image\":{\"@id\":\"https:\/\/riberasalud.com\/polusa\/#\/schema\/logo\/image\/\"}}]}<\/script>\n<!-- \/ Yoast SEO plugin. -->","yoast_head_json":{"title":"\u25b7 Presentaci\u00f3n | Hospital Ribera Polusa","description":"lll\u1405 Presentaci\u00f3n El hospital Ribera Polusa\u202fforma parte de la red de centros sanitarios del grupo Ribera, con m\u00e1s de 25 a\u00f1os de experiencia en la gesti\u00f3n de \u2705","robots":{"index":"index","follow":"follow","max-snippet":"max-snippet:-1","max-image-preview":"max-image-preview:large","max-video-preview":"max-video-preview:-1"},"canonical":"https:\/\/riberasalud.com\/polusa\/presentacion\/","og_locale":"es_ES","og_type":"article","og_title":"\u25b7 Presentaci\u00f3n | Hospital Ribera Polusa","og_description":"lll\u1405 Presentaci\u00f3n El hospital Ribera Polusa\u202fforma parte de la red de centros sanitarios del grupo Ribera, con m\u00e1s de 25 a\u00f1os de experiencia en la gesti\u00f3n de \u2705","og_url":"https:\/\/riberasalud.com\/polusa\/presentacion\/","og_site_name":"Hospital Ribera Polusa","article_modified_time":"2024-02-14T14:56:10+00:00","og_image":[{"url":"https:\/\/riberasalud.com\/hospital-de-molina\/wp-content\/uploads\/2023\/02\/iconos_home_Mesa-de-trabajo-1.png","type":"","width":"","height":""}],"twitter_card":"summary_large_image","twitter_misc":{"Tiempo de lectura":"3 minutos"},"schema":{"@context":"https:\/\/schema.org","@graph":[{"@type":"WebPage","@id":"https:\/\/riberasalud.com\/polusa\/presentacion\/","url":"https:\/\/riberasalud.com\/polusa\/presentacion\/","name":"\u25b7 Presentaci\u00f3n | Hospital Ribera Polusa","isPartOf":{"@id":"https:\/\/riberasalud.com\/polusa\/#website"},"primaryImageOfPage":{"@id":"https:\/\/riberasalud.com\/polusa\/presentacion\/#primaryimage"},"image":{"@id":"https:\/\/riberasalud.com\/polusa\/presentacion\/#primaryimage"},"thumbnailUrl":"https:\/\/riberasalud.com\/hospital-de-molina\/wp-content\/uploads\/2023\/02\/iconos_home_Mesa-de-trabajo-1.png","datePublished":"2021-05-26T06:56:37+00:00","dateModified":"2024-02-14T14:56:10+00:00","description":"lll\u1405 Presentaci\u00f3n El hospital Ribera Polusa\u202fforma parte de la red de centros sanitarios del grupo Ribera, con m\u00e1s de 25 a\u00f1os de experiencia en la gesti\u00f3n de \u2705","breadcrumb":{"@id":"https:\/\/riberasalud.com\/polusa\/presentacion\/#breadcrumb"},"inLanguage":"es","potentialAction":[{"@type":"ReadAction","target":["https:\/\/riberasalud.com\/polusa\/presentacion\/"]}]},{"@type":"ImageObject","inLanguage":"es","@id":"https:\/\/riberasalud.com\/polusa\/presentacion\/#primaryimage","url":"https:\/\/riberasalud.com\/hospital-de-molina\/wp-content\/uploads\/2023\/02\/iconos_home_Mesa-de-trabajo-1.png","contentUrl":"https:\/\/riberasalud.com\/hospital-de-molina\/wp-content\/uploads\/2023\/02\/iconos_home_Mesa-de-trabajo-1.png"},{"@type":"BreadcrumbList","@id":"https:\/\/riberasalud.com\/polusa\/presentacion\/#breadcrumb","itemListElement":[{"@type":"ListItem","position":1,"name":"Portada","item":"https:\/\/riberasalud.com\/polusa\/"},{"@type":"ListItem","position":2,"name":"Presentaci\u00f3n"}]},{"@type":"WebSite","@id":"https:\/\/riberasalud.com\/polusa\/#website","url":"https:\/\/riberasalud.com\/polusa\/","name":"Hospital Ribera Polusa","description":"","publisher":{"@id":"https:\/\/riberasalud.com\/polusa\/#organization"},"potentialAction":[{"@type":"SearchAction","target":{"@type":"EntryPoint","urlTemplate":"https:\/\/riberasalud.com\/polusa\/?s={search_term_string}"},"query-input":{"@type":"PropertyValueSpecification","valueRequired":true,"valueName":"search_term_string"}}],"inLanguage":"es"},{"@type":"Organization","@id":"https:\/\/riberasalud.com\/polusa\/#organization","name":"Hospital Ribera Polusa","url":"https:\/\/riberasalud.com\/polusa\/","logo":{"@type":"ImageObject","inLanguage":"es","@id":"https:\/\/riberasalud.com\/polusa\/#\/schema\/logo\/image\/","url":"https:\/\/riberasalud.com\/polusa\/wp-content\/uploads\/2025\/12\/cropped-cropped-Logo-Red-Polusa-300x76-1.png","contentUrl":"https:\/\/riberasalud.com\/polusa\/wp-content\/uploads\/2025\/12\/cropped-cropped-Logo-Red-Polusa-300x76-1.png","width":300,"height":76,"caption":"Hospital Ribera Polusa"},"image":{"@id":"https:\/\/riberasalud.com\/polusa\/#\/schema\/logo\/image\/"}}]}},"pbg_featured_image_src":{"full":false,"thumbnail":false,"medium":false,"medium_large":false,"large":false,"xl":false,"xxl":false,"xxxl":false,"xxxxl":false,"xxxxxl":false,"1536x1536":false,"2048x2048":false},"pbg_author_info":{"display_name":"jorge@quois.com","author_link":"https:\/\/riberasalud.com\/polusa\/author\/jorgequois-com\/","author_img":"<img alt='jorge@quois.com' src='https:\/\/secure.gravatar.com\/avatar\/bca8cccf11ce6757dcdec6ce293d120c16d33c83aeb423357cce3f49f3abae94?s=128&#038;d=mm&#038;r=g' srcset='https:\/\/secure.gravatar.com\/avatar\/bca8cccf11ce6757dcdec6ce293d120c16d33c83aeb423357cce3f49f3abae94?s=256&#038;d=mm&#038;r=g 2x' class='avatar avatar-128 photo' height='128' width='128' loading='lazy' decoding='async'\/>"},"pbg_comment_info":" No Comments","pbg_excerpt":"Presentaci\u00f3n El hospital Ribera Polusa\u202fforma parte de la red de centros sanitarios del grupo Ribera, con m\u00e1s de 25 a\u00f1os de experiencia en la gesti\u00f3n de proyectos innovadores, especializados en la salud y el bienestar de los ciudadanos. Nuestra vocaci\u00f3n es transformar la atenci\u00f3n sanitaria, aportando valor a la sociedad y contribuyendo a la sostenibilidad&hellip;","uagb_featured_image_src":{"full":false,"thumbnail":false,"medium":false,"medium_large":false,"large":false,"xl":false,"xxl":false,"xxxl":false,"xxxxl":false,"xxxxxl":false,"1536x1536":false,"2048x2048":false},"uagb_author_info":{"display_name":"jorge@quois.com","author_link":"https:\/\/riberasalud.com\/polusa\/author\/jorgequois-com\/"},"uagb_comment_info":0,"uagb_excerpt":"Presentaci\u00f3n El hospital Ribera Polusa\u202fforma parte de la red de centros sanitarios del grupo Ribera, con m\u00e1s de 25 a\u00f1os de experiencia en la gesti\u00f3n de proyectos innovadores, especializados en la salud y el bienestar de los ciudadanos. Nuestra vocaci\u00f3n es transformar la atenci\u00f3n sanitaria, aportando valor a la sociedad y contribuyendo a la sostenibilidad&hellip;","_links":{"self":[{"href":"https:\/\/riberasalud.com\/polusa\/wp-json\/wp\/v2\/pages\/11","targetHints":{"allow":["GET"]}}],"collection":[{"href":"https:\/\/riberasalud.com\/polusa\/wp-json\/wp\/v2\/pages"}],"about":[{"href":"https:\/\/riberasalud.com\/polusa\/wp-json\/wp\/v2\/types\/page"}],"author":[{"embeddable":true,"href":"https:\/\/riberasalud.com\/polusa\/wp-json\/wp\/v2\/users\/1"}],"replies":[{"embeddable":true,"href":"https:\/\/riberasalud.com\/polusa\/wp-json\/wp\/v2\/comments?post=11"}],"version-history":[{"count":8,"href":"https:\/\/riberasalud.com\/polusa\/wp-json\/wp\/v2\/pages\/11\/revisions"}],"predecessor-version":[{"id":3895,"href":"https:\/\/riberasalud.com\/polusa\/wp-json\/wp\/v2\/pages\/11\/revisions\/3895"}],"wp:attachment":[{"href":"https:\/\/riberasalud.com\/polusa\/wp-json\/wp\/v2\/media?parent=11"}],"curies":[{"name":"wp","href":"https:\/\/api.w.org\/{rel}","templated":true}]}}