{"id":539,"date":"2021-05-14T09:07:24","date_gmt":"2021-05-14T09:07:24","guid":{"rendered":"https:\/\/riberasalud.com\/polusa\/clinicas-santo-domingo\/?page_id=539"},"modified":"2021-08-13T10:49:33","modified_gmt":"2021-08-13T10:49:33","slug":"urologia","status":"publish","type":"page","link":"https:\/\/riberasalud.com\/polusa\/clinicas-santo-domingo\/urologia\/","title":{"rendered":"Urolog\u00eda"},"content":{"rendered":"<div id=\"gutenslider-24ml1w8i5\" class=\"wp-block-eedee-block-gutenslider content-change alignnone arrow-style-1 arrow-position-sides arrow-mb-none arrows-lg-none arrows-md-none arrows-sm-none dot-style-1 dots-lg-none dots-md-none dots-sm-none dot-position-bottom is-position-center-center mb-none\" style=\"--gutenslider-min-height: 50vh;--gutenslider-arrow-size: 30px;--gutenslider-dot-size: 25px;--gutenslider-arrow-color: #ffffff;--gutenslider-dot-color: #ffffff;--gutenslider-padding-y-mobile: 40px;--gutenslider-padding-x-mobile: 40px;--gutenslider-padding-y-tablet: 40px;--gutenslider-padding-x-tablet: 40px;--gutenslider-padding-y-desktop: 40px;--gutenslider-padding-x-desktop: 40px;--gutenslider-bg-image: url();--gutenslider-min-height-md: 50vh;--gutenslider-min-height-sm: 50vh;--gutenslider-padding-x: 40px;--gutenslider-padding-x-md: 40px;--gutenslider-padding-x-sm: 20px;--gutenslider-padding-y: 40px;--gutenslider-padding-y-md: 40px;--gutenslider-padding-y-sm: 20px;--gutenslider-arrow-size-md: 30px;--gutenslider-arrow-size-sm: 30px;--gutenslider-dot-size-md: 25px;--gutenslider-dot-size-sm: 25px;--gutenslider-arrow-bg-color: transparent;--gutenslider-arrow-hover-color: #eeeeee;--gutenslider-arrow-bg-hover-color: transparent;--gutenslider-arrow-x-offset: 10px;--gutenslider-arrow-x-offset-md: 10px;--gutenslider-arrow-x-offset-sm: 10px;--gutenslider-arrow-y-offset: 0px;--gutenslider-arrow-y-offset-md: 0px;--gutenslider-arrow-y-offset-sm: 0px;--gutenslider-arrow-x-spacing: 0px;--gutenslider-dot-y-offset: 10px;--gutenslider-dot-y-offset-md: 10px;--gutenslider-dot-y-offset-sm: 10px;--gutenslider-margin-x: 0px;--gutenslider-margin-x-md: 0px;--gutenslider-margin-x-sm: 0px;--gutenslider-margin-y: 0px;--gutenslider-margin-y-md: 0px;--gutenslider-margin-y-sm: 0px;\" data-parallax-direction=\"down\" data-parallax-amount=\"1.3\"><div class=\"eedee-swiper-outer\"><div class=\"swiper-container\" data-settings='{\"autoplay\":false,\"speed\":700,\"direction\":\"horizontal\",\"autoHeight\":false,\"loop\":false,\"centeredSlides\":true,\"spaceBetween\":0,\"slidesPerView\":1,\"slidesPerGroup\":1,\"effect\":\"slide\",\"coverflowEffect\":{\"rotate\":30,\"slideShadows\":false,\"depth\":100,\"stretch\":50,\"modifier\":1},\"fadeEffect\":{\"crossFade\":true},\"zoom\":false,\"navigation\":{\"nextEl\":\"#gutenslider-24ml1w8i5 .eedee-gutenslider-next\",\"prevEl\":\"#gutenslider-24ml1w8i5 .eedee-gutenslider-prev\"},\"pagination\":{\"type\":\"bullets\",\"clickable\":true,\"dynamicBullets\":false,\"el\":\"#gutenslider-24ml1w8i5 .eedee-gutenslider-pagination\"},\"pauseOnHover\":true,\"watchSlidesProgress\":true,\"watchSlidesVisibility\":true,\"settingsMd\":{\"autoHeight\":false,\"slidesPerView\":1,\"slidesPerGroup\":1,\"spaceBetween\":0},\"settingsLg\":{\"autoHeight\":false,\"slidesPerView\":1,\"slidesPerGroup\":1,\"spaceBetween\":0}}'><div class=\"swiper-wrapper\">\n<div class=\"swiper-slide wp-block-eedee-block-gutenslide is-position-center-center\" style=\"\"><div class=\"eedee-background-div\"><img loading=\"lazy\" decoding=\"async\" width=\"1921\" height=\"599\" class=\"swiper-lazy wp-image-550\" src=\"https:\/\/riberasalud.com\/polusa\/clinicas-santo-domingo\/wp-content\/uploads\/2021\/05\/Home_urlogia.jpg\" alt=\"\" style=\"object-fit: cover; object-position: 50% 50%;\" srcset=\"https:\/\/riberasalud.com\/polusa\/clinicas-santo-domingo\/wp-content\/uploads\/2021\/05\/Home_urlogia.jpg 1921w, https:\/\/riberasalud.com\/polusa\/clinicas-santo-domingo\/wp-content\/uploads\/2021\/05\/Home_urlogia-300x94.jpg 300w, https:\/\/riberasalud.com\/polusa\/clinicas-santo-domingo\/wp-content\/uploads\/2021\/05\/Home_urlogia-1024x319.jpg 1024w, https:\/\/riberasalud.com\/polusa\/clinicas-santo-domingo\/wp-content\/uploads\/2021\/05\/Home_urlogia-768x239.jpg 768w, https:\/\/riberasalud.com\/polusa\/clinicas-santo-domingo\/wp-content\/uploads\/2021\/05\/Home_urlogia-1536x479.jpg 1536w\" sizes=\"auto, (max-width: 1921px) 100vw, 1921px\" \/><div class=\"eedee-background-div__overlay\" style=\"opacity:1;\"><\/div><\/div><div class=\"slide-content\">\n\n<h1 class=\"wp-block-heading\">Urolog\u00eda<\/h1>\n\n\n\n<p><em>Reg. Sanitario C-27-000883<\/em><\/p>\n\n<\/div><\/div>\n\n\n<div class=\"wp-block-group\"><div class=\"wp-block-group__inner-container is-layout-flow wp-block-group-is-layout-flow\"><\/div><\/div>\n\n<\/div><\/div><button class=\"eedee-gutenslider-nav eedee-gutenslider-prev\"><svg xmlns=\"http:\/\/www.w3.org\/2000\/svg\" viewBox=\"0 0 24 24\" width=\"24\" height=\"24\"><circle class=\"bg\" cx=\"13\" cy=\"12\" r=\"11\" \/><path fill=\"none\" d=\"M0 0h24v24H0z\"\/><path class=\"arrow\" d=\"M10.828 12l4.95 4.95-1.414 1.414L8 12l6.364-6.364 1.414 1.414z\"\/><\/svg><\/button><button class=\"eedee-gutenslider-nav eedee-gutenslider-next\"><svg xmlns=\"http:\/\/www.w3.org\/2000\/svg\" viewBox=\"0 0 24 24\" width=\"24\" height=\"24\"><circle class=\"bg\" cx=\"11\" cy=\"12\" r=\"11\" \/><path fill=\"none\" d=\"M0 0h24v24H0z\"\/><path class=\"arrow\" d=\"M13.172 12l-4.95-4.95 1.414-1.414L16 12l-6.364 6.364-1.414-1.414z\"\/><\/svg><\/button><div class=\"eedee-gutenslider-pagination\"><\/div><\/div><\/div>\n\n\n<div class=\"wp-block-group\"><div class=\"wp-block-group__inner-container is-layout-flow wp-block-group-is-layout-flow\">\n<div class=\"wp-block-columns alignwide is-layout-flex wp-container-core-columns-is-layout-9d6595d7 wp-block-columns-is-layout-flex\">\n<div class=\"wp-block-column is-layout-flow wp-block-column-is-layout-flow\">\n<div class=\"wp-block-uagb-info-box popmake-846 uagb-infobox__outer-wrap uagb-block-f191aec8\"><div class=\"uagb-infobox__content-wrap uagb-infobox uagb-infobox-has-image uagb-infobox-icon-above-title uagb-infobox-image-valign-top uagb-infobox-enable-border-radius \"><div class=\"uagb-ifb-left-right-wrap\"><div class=\"uagb-ifb-content\"><div class=\"uagb-ifb-image-icon-content uagb-ifb-imgicon-wrap\"><div class=\"uagb-ifb-image\"><div class=\"uagb-ifb-image-content\"><img decoding=\"async\" class=\"uagb-ifb-img-src\" src=\"https:\/\/riberasalud.com\/polusa\/clinicas-santo-domingo\/wp-content\/uploads\/2021\/05\/JAVIER-CASASUROLOGO-150x150.jpg\" alt=\"javier casas\"\/><\/div><\/div><\/div><div class=\"uagb-ifb-title-wrap\"><h3 class=\"uagb-ifb-title\">Javier Casas<\/h3><\/div><div class=\"uagb-ifb-text-wrap\"><p class=\"uagb-ifb-desc\">Urolog\u00eda<\/p><\/div><\/div><\/div><\/div><\/div>\n<\/div>\n<\/div>\n\n\n\n<div class=\"wp-block-columns is-layout-flex wp-container-core-columns-is-layout-9d6595d7 wp-block-columns-is-layout-flex\">\n<div class=\"wp-block-column is-layout-flow wp-block-column-is-layout-flow\">\n<p class=\"has-text-align-center\" style=\"font-size:25px\"><span style=\"color: #d11728;\" class=\"ugb-highlight\">Urolog\u00eda<\/span><\/p>\n\n\n\n<p>Licenciado en Medicina y Cirug\u00eda por la Universidad de Zaragoza en 2005, realiza la especialidad de Urolog\u00eda hasta 2012 en el Hospital Universitario de A Coru\u00f1a (CHUAC). Desde entonces ejerce en el Hospital Universitario Lucus Augusti (HULA) como especialista de Urolog\u00eda, siendo miembro del&nbsp;comit\u00e9 cl\u00ednico de tumores y del comit\u00e9 cl\u00ednico de suelo p\u00e9lvico. Tutor de residentes de Urolog\u00eda e&nbsp;investigador principal en ensayos cl\u00ednicos&nbsp;de c\u00e1ncer de pr\u00f3stata y vejiga, as\u00ed como hiperplasia de pr\u00f3stata y vejiga hiperactiva.<\/p>\n\n\n\n<p>Ampli\u00f3 su formaci\u00f3n mediante un&nbsp;Fellowship en Laparoscopia con el Dr. Renaud Bollens y el grupo belga de Laparoscopia y Rob\u00f3tica&nbsp;en 2011. Adem\u00e1s, realiz\u00f3 estancias en el Hospital Galdakao y Cl\u00ednica Virgen Blanca de Bilbao y en el Hospital Universitario de Pontevedra en 2012 enfocadas a la realizaci\u00f3n de cirug\u00eda percut\u00e1nea, endourolog\u00eda del aparato urinario superior, laparoscopia y cirug\u00eda rob\u00f3tica.&nbsp;<\/p>\n\n\n\n<p>Ha participado tambi\u00e9n en programas de ONG con la brigada quir\u00fargica hispano-guatemalteca de Urolog\u00eda y recibido diversos premios y becas de investigaci\u00f3n por la sociedad espa\u00f1ola y gallega de urolog\u00eda.<\/p>\n\n\n\n<p><strong>Servicios ofrecidos:<\/strong><\/p>\n\n\n\n<ul class=\"is-style-default wp-block-list\"><li><strong>Oncolog\u00eda<\/strong>: Atenci\u00f3n integral en todos los tumores urol\u00f3gicos (c\u00e1ncer de pr\u00f3stata, vejiga, ri\u00f1\u00f3n, pene, test\u00edculo y suprarrenal) desde la prevenci\u00f3n, diagn\u00f3stico y tratamiento tanto en fases localizadas como en fases metast\u00e1sicas<\/li><li>Biopsia l\u00edquida<\/li><li>Biopsia de fusi\u00f3n<\/li><li>Videocistoscopia flexible<\/li><li>Cirug\u00eda laparosc\u00f3pica<\/li><li>Cirug\u00eda rob\u00f3tica mediante Robot da Vinci<\/li><li><strong>Suelo P\u00e9lvico, Incontinencia de orina y Urolog\u00eda funcional<\/strong>:\u00a0Atenci\u00f3n a pacientes con incontinencia urinaria, prolapso de \u00f3rganos p\u00e9lvicos (cistocele, rectocele, histerocele y colpocele) y alteraciones miccionales secundarias a la pr\u00f3stata, vejiga o musculatura del suelo p\u00e9lvico<\/li><li>Cirug\u00eda prost\u00e1tica mediante l\u00e1ser<\/li><li>Cirug\u00eda laparosc\u00f3pica<\/li><li>Cirug\u00eda rob\u00f3tica mediante Robot da Vinci<\/li><li>Valoraci\u00f3n del nervio pudendo<\/li><li>Flujometr\u00eda\u00a0<\/li><li><strong>Androlog\u00eda<\/strong>: Atenci\u00f3n a pacientes con problemas para mantener relaciones sexuales debido a disfunci\u00f3n er\u00e9ctil, alteraciones en la eyaculaci\u00f3n e infertilidad<\/li><li><strong>Litiasis<\/strong>: Atenci\u00f3n a pacientes con problemas secundarios a litiasis renales, ureterales o vesicales desde el diagn\u00f3stico hasta el tratamiento<\/li><li>Cirug\u00eda l\u00e1ser para litofragmentaci\u00f3n<\/li><\/ul>\n<\/div>\n<\/div>\n<\/div><\/div>\n","protected":false},"excerpt":{"rendered":"<p>Urolog\u00eda Licenciado en Medicina y Cirug\u00eda por la Universidad de Zaragoza en 2005, realiza la especialidad de Urolog\u00eda hasta 2012 en el Hospital Universitario de A Coru\u00f1a (CHUAC). Desde entonces ejerce en el Hospital Universitario Lucus Augusti (HULA) como especialista de Urolog\u00eda, siendo miembro del&nbsp;comit\u00e9 cl\u00ednico de tumores y del comit\u00e9 cl\u00ednico de suelo p\u00e9lvico. &#8230; <a title=\"Urolog\u00eda\" class=\"read-more\" href=\"https:\/\/riberasalud.com\/polusa\/clinicas-santo-domingo\/urologia\/\" aria-label=\"M\u00e1s en Urolog\u00eda\">Leer m\u00e1s<\/a><\/p>\n","protected":false},"author":2,"featured_media":0,"parent":0,"menu_order":0,"comment_status":"closed","ping_status":"closed","template":"","meta":{"_editorskit_title_hidden":false,"_editorskit_reading_time":0,"_coblocks_attr":"","_coblocks_dimensions":"","_coblocks_responsive_height":"","_coblocks_accordion_ie_support":"","_generate-full-width-content":"true","_mi_skip_tracking":false,"footnotes":""},"class_list":["post-539","page","type-page","status-publish"],"featured_image_urls":{"full":"","thumbnail":"","medium":"","medium_large":"","large":"","1536x1536":"","2048x2048":""},"post_excerpt_stackable":"<p>Urolog\u00eda Reg. Sanitario C-27-000883 Javier CasasUrolog\u00eda Urolog\u00eda Licenciado en Medicina y Cirug\u00eda por la Universidad de Zaragoza en 2005, realiza la especialidad de Urolog\u00eda hasta 2012 en el Hospital Universitario de A Coru\u00f1a (CHUAC). Desde entonces ejerce en el Hospital Universitario Lucus Augusti (HULA) como especialista de Urolog\u00eda, siendo miembro del&nbsp;comit\u00e9 cl\u00ednico de tumores y del comit\u00e9 cl\u00ednico de suelo p\u00e9lvico. Tutor de residentes de Urolog\u00eda e&nbsp;investigador principal en ensayos cl\u00ednicos&nbsp;de c\u00e1ncer de pr\u00f3stata y vejiga, as\u00ed como hiperplasia de pr\u00f3stata y vejiga hiperactiva. Ampli\u00f3 su formaci\u00f3n mediante un&nbsp;Fellowship en Laparoscopia con el Dr. Renaud Bollens y el grupo belga&hellip;<\/p>\n","category_list":"","author_info":{"name":"marsanchez","url":"https:\/\/riberasalud.com\/polusa\/clinicas-santo-domingo\/author\/marsanchez\/"},"comments_num":"0 comentarios","featured_image_urls_v2":{"full":"","thumbnail":"","medium":"","medium_large":"","large":"","1536x1536":"","2048x2048":""},"post_excerpt_stackable_v2":"<p>Urolog\u00eda Reg. Sanitario C-27-000883 Javier CasasUrolog\u00eda Urolog\u00eda Licenciado en Medicina y Cirug\u00eda por la Universidad de Zaragoza en 2005, realiza la especialidad de Urolog\u00eda hasta 2012 en el Hospital Universitario de A Coru\u00f1a (CHUAC). Desde entonces ejerce en el Hospital Universitario Lucus Augusti (HULA) como especialista de Urolog\u00eda, siendo miembro del&nbsp;comit\u00e9 cl\u00ednico de tumores y del comit\u00e9 cl\u00ednico de suelo p\u00e9lvico. Tutor de residentes de Urolog\u00eda e&nbsp;investigador principal en ensayos cl\u00ednicos&nbsp;de c\u00e1ncer de pr\u00f3stata y vejiga, as\u00ed como hiperplasia de pr\u00f3stata y vejiga hiperactiva. Ampli\u00f3 su formaci\u00f3n mediante un&nbsp;Fellowship en Laparoscopia con el Dr. Renaud Bollens y el grupo belga&hellip;<\/p>\n","category_list_v2":"","author_info_v2":{"name":"marsanchez","url":"https:\/\/riberasalud.com\/polusa\/clinicas-santo-domingo\/author\/marsanchez\/"},"comments_num_v2":"0 comentarios","yoast_head":"<!-- This site is optimized with the Yoast SEO plugin v26.9 - https:\/\/yoast.com\/product\/yoast-seo-wordpress\/ -->\n<title>Urolog\u00eda | Cl\u00ednica Plaza Santo Domingo<\/title>\n<meta name=\"robots\" content=\"index, follow, max-snippet:-1, max-image-preview:large, max-video-preview:-1\" \/>\n<link rel=\"canonical\" href=\"https:\/\/riberasalud.com\/polusa\/clinicas-santo-domingo\/urologia\/\" \/>\n<meta property=\"og:locale\" content=\"es_ES\" \/>\n<meta property=\"og:type\" content=\"article\" \/>\n<meta property=\"og:title\" content=\"Urolog\u00eda | Cl\u00ednica Plaza Santo Domingo\" \/>\n<meta property=\"og:description\" content=\"Urolog\u00eda Licenciado en Medicina y Cirug\u00eda por la Universidad de Zaragoza en 2005, realiza la especialidad de Urolog\u00eda hasta 2012 en el Hospital Universitario de A Coru\u00f1a (CHUAC). Desde entonces ejerce en el Hospital Universitario Lucus Augusti (HULA) como especialista de Urolog\u00eda, siendo miembro del&nbsp;comit\u00e9 cl\u00ednico de tumores y del comit\u00e9 cl\u00ednico de suelo p\u00e9lvico. ... Leer m\u00e1s\" \/>\n<meta property=\"og:url\" content=\"https:\/\/riberasalud.com\/polusa\/clinicas-santo-domingo\/urologia\/\" \/>\n<meta property=\"og:site_name\" content=\"Cl\u00ednica Plaza Santo Domingo\" \/>\n<meta property=\"article:modified_time\" content=\"2021-08-13T10:49:33+00:00\" \/>\n<meta property=\"og:image\" content=\"https:\/\/riberasalud.com\/polusa\/clinicas-santo-domingo\/wp-content\/uploads\/2021\/05\/JAVIER-CASASUROLOGO-150x150.jpg\" \/>\n<meta name=\"twitter:card\" content=\"summary_large_image\" \/>\n<meta name=\"twitter:label1\" content=\"Tiempo de lectura\" \/>\n\t<meta name=\"twitter:data1\" content=\"2 minutos\" \/>\n<script type=\"application\/ld+json\" class=\"yoast-schema-graph\">{\"@context\":\"https:\/\/schema.org\",\"@graph\":[{\"@type\":\"WebPage\",\"@id\":\"https:\/\/riberasalud.com\/polusa\/clinicas-santo-domingo\/urologia\/\",\"url\":\"https:\/\/riberasalud.com\/polusa\/clinicas-santo-domingo\/urologia\/\",\"name\":\"Urolog\u00eda | Cl\u00ednica Plaza Santo Domingo\",\"isPartOf\":{\"@id\":\"https:\/\/riberasalud.com\/polusa\/clinicas-santo-domingo\/#website\"},\"primaryImageOfPage\":{\"@id\":\"https:\/\/riberasalud.com\/polusa\/clinicas-santo-domingo\/urologia\/#primaryimage\"},\"image\":{\"@id\":\"https:\/\/riberasalud.com\/polusa\/clinicas-santo-domingo\/urologia\/#primaryimage\"},\"thumbnailUrl\":\"https:\/\/riberasalud.com\/polusa\/clinicas-santo-domingo\/wp-content\/uploads\/2021\/05\/JAVIER-CASASUROLOGO-150x150.jpg\",\"datePublished\":\"2021-05-14T09:07:24+00:00\",\"dateModified\":\"2021-08-13T10:49:33+00:00\",\"breadcrumb\":{\"@id\":\"https:\/\/riberasalud.com\/polusa\/clinicas-santo-domingo\/urologia\/#breadcrumb\"},\"inLanguage\":\"es\",\"potentialAction\":[{\"@type\":\"ReadAction\",\"target\":[\"https:\/\/riberasalud.com\/polusa\/clinicas-santo-domingo\/urologia\/\"]}]},{\"@type\":\"ImageObject\",\"inLanguage\":\"es\",\"@id\":\"https:\/\/riberasalud.com\/polusa\/clinicas-santo-domingo\/urologia\/#primaryimage\",\"url\":\"https:\/\/riberasalud.com\/polusa\/clinicas-santo-domingo\/wp-content\/uploads\/2021\/05\/JAVIER-CASASUROLOGO.jpg\",\"contentUrl\":\"https:\/\/riberasalud.com\/polusa\/clinicas-santo-domingo\/wp-content\/uploads\/2021\/05\/JAVIER-CASASUROLOGO.jpg\",\"width\":800,\"height\":800,\"caption\":\"javier casas\"},{\"@type\":\"BreadcrumbList\",\"@id\":\"https:\/\/riberasalud.com\/polusa\/clinicas-santo-domingo\/urologia\/#breadcrumb\",\"itemListElement\":[{\"@type\":\"ListItem\",\"position\":1,\"name\":\"Portada\",\"item\":\"https:\/\/riberasalud.com\/polusa\/clinicas-santo-domingo\/\"},{\"@type\":\"ListItem\",\"position\":2,\"name\":\"Urolog\u00eda\"}]},{\"@type\":\"WebSite\",\"@id\":\"https:\/\/riberasalud.com\/polusa\/clinicas-santo-domingo\/#website\",\"url\":\"https:\/\/riberasalud.com\/polusa\/clinicas-santo-domingo\/\",\"name\":\"Cl\u00ednica Plaza Santo Domingo\",\"description\":\"\",\"publisher\":{\"@id\":\"https:\/\/riberasalud.com\/polusa\/clinicas-santo-domingo\/#organization\"},\"potentialAction\":[{\"@type\":\"SearchAction\",\"target\":{\"@type\":\"EntryPoint\",\"urlTemplate\":\"https:\/\/riberasalud.com\/polusa\/clinicas-santo-domingo\/?s={search_term_string}\"},\"query-input\":{\"@type\":\"PropertyValueSpecification\",\"valueRequired\":true,\"valueName\":\"search_term_string\"}}],\"inLanguage\":\"es\"},{\"@type\":\"Organization\",\"@id\":\"https:\/\/riberasalud.com\/polusa\/clinicas-santo-domingo\/#organization\",\"name\":\"Cl\u00ednica Plaza Santo Domingo\",\"url\":\"https:\/\/riberasalud.com\/polusa\/clinicas-santo-domingo\/\",\"logo\":{\"@type\":\"ImageObject\",\"inLanguage\":\"es\",\"@id\":\"https:\/\/riberasalud.com\/polusa\/clinicas-santo-domingo\/#\/schema\/logo\/image\/\",\"url\":\"https:\/\/riberasalud.com\/polusa\/clinicas-santo-domingo\/wp-content\/uploads\/2021\/05\/cropped-LogoRibera-Red-ClinicaPolusa-SantoDomingo.png\",\"contentUrl\":\"https:\/\/riberasalud.com\/polusa\/clinicas-santo-domingo\/wp-content\/uploads\/2021\/05\/cropped-LogoRibera-Red-ClinicaPolusa-SantoDomingo.png\",\"width\":2377,\"height\":497,\"caption\":\"Cl\u00ednica Plaza Santo Domingo\"},\"image\":{\"@id\":\"https:\/\/riberasalud.com\/polusa\/clinicas-santo-domingo\/#\/schema\/logo\/image\/\"}}]}<\/script>\n<!-- \/ Yoast SEO plugin. -->","yoast_head_json":{"title":"Urolog\u00eda | Cl\u00ednica Plaza Santo Domingo","robots":{"index":"index","follow":"follow","max-snippet":"max-snippet:-1","max-image-preview":"max-image-preview:large","max-video-preview":"max-video-preview:-1"},"canonical":"https:\/\/riberasalud.com\/polusa\/clinicas-santo-domingo\/urologia\/","og_locale":"es_ES","og_type":"article","og_title":"Urolog\u00eda | Cl\u00ednica Plaza Santo Domingo","og_description":"Urolog\u00eda Licenciado en Medicina y Cirug\u00eda por la Universidad de Zaragoza en 2005, realiza la especialidad de Urolog\u00eda hasta 2012 en el Hospital Universitario de A Coru\u00f1a (CHUAC). Desde entonces ejerce en el Hospital Universitario Lucus Augusti (HULA) como especialista de Urolog\u00eda, siendo miembro del&nbsp;comit\u00e9 cl\u00ednico de tumores y del comit\u00e9 cl\u00ednico de suelo p\u00e9lvico. ... Leer m\u00e1s","og_url":"https:\/\/riberasalud.com\/polusa\/clinicas-santo-domingo\/urologia\/","og_site_name":"Cl\u00ednica Plaza Santo Domingo","article_modified_time":"2021-08-13T10:49:33+00:00","og_image":[{"url":"https:\/\/riberasalud.com\/polusa\/clinicas-santo-domingo\/wp-content\/uploads\/2021\/05\/JAVIER-CASASUROLOGO-150x150.jpg","type":"","width":"","height":""}],"twitter_card":"summary_large_image","twitter_misc":{"Tiempo de lectura":"2 minutos"},"schema":{"@context":"https:\/\/schema.org","@graph":[{"@type":"WebPage","@id":"https:\/\/riberasalud.com\/polusa\/clinicas-santo-domingo\/urologia\/","url":"https:\/\/riberasalud.com\/polusa\/clinicas-santo-domingo\/urologia\/","name":"Urolog\u00eda | Cl\u00ednica Plaza Santo Domingo","isPartOf":{"@id":"https:\/\/riberasalud.com\/polusa\/clinicas-santo-domingo\/#website"},"primaryImageOfPage":{"@id":"https:\/\/riberasalud.com\/polusa\/clinicas-santo-domingo\/urologia\/#primaryimage"},"image":{"@id":"https:\/\/riberasalud.com\/polusa\/clinicas-santo-domingo\/urologia\/#primaryimage"},"thumbnailUrl":"https:\/\/riberasalud.com\/polusa\/clinicas-santo-domingo\/wp-content\/uploads\/2021\/05\/JAVIER-CASASUROLOGO-150x150.jpg","datePublished":"2021-05-14T09:07:24+00:00","dateModified":"2021-08-13T10:49:33+00:00","breadcrumb":{"@id":"https:\/\/riberasalud.com\/polusa\/clinicas-santo-domingo\/urologia\/#breadcrumb"},"inLanguage":"es","potentialAction":[{"@type":"ReadAction","target":["https:\/\/riberasalud.com\/polusa\/clinicas-santo-domingo\/urologia\/"]}]},{"@type":"ImageObject","inLanguage":"es","@id":"https:\/\/riberasalud.com\/polusa\/clinicas-santo-domingo\/urologia\/#primaryimage","url":"https:\/\/riberasalud.com\/polusa\/clinicas-santo-domingo\/wp-content\/uploads\/2021\/05\/JAVIER-CASASUROLOGO.jpg","contentUrl":"https:\/\/riberasalud.com\/polusa\/clinicas-santo-domingo\/wp-content\/uploads\/2021\/05\/JAVIER-CASASUROLOGO.jpg","width":800,"height":800,"caption":"javier casas"},{"@type":"BreadcrumbList","@id":"https:\/\/riberasalud.com\/polusa\/clinicas-santo-domingo\/urologia\/#breadcrumb","itemListElement":[{"@type":"ListItem","position":1,"name":"Portada","item":"https:\/\/riberasalud.com\/polusa\/clinicas-santo-domingo\/"},{"@type":"ListItem","position":2,"name":"Urolog\u00eda"}]},{"@type":"WebSite","@id":"https:\/\/riberasalud.com\/polusa\/clinicas-santo-domingo\/#website","url":"https:\/\/riberasalud.com\/polusa\/clinicas-santo-domingo\/","name":"Cl\u00ednica Plaza Santo Domingo","description":"","publisher":{"@id":"https:\/\/riberasalud.com\/polusa\/clinicas-santo-domingo\/#organization"},"potentialAction":[{"@type":"SearchAction","target":{"@type":"EntryPoint","urlTemplate":"https:\/\/riberasalud.com\/polusa\/clinicas-santo-domingo\/?s={search_term_string}"},"query-input":{"@type":"PropertyValueSpecification","valueRequired":true,"valueName":"search_term_string"}}],"inLanguage":"es"},{"@type":"Organization","@id":"https:\/\/riberasalud.com\/polusa\/clinicas-santo-domingo\/#organization","name":"Cl\u00ednica Plaza Santo Domingo","url":"https:\/\/riberasalud.com\/polusa\/clinicas-santo-domingo\/","logo":{"@type":"ImageObject","inLanguage":"es","@id":"https:\/\/riberasalud.com\/polusa\/clinicas-santo-domingo\/#\/schema\/logo\/image\/","url":"https:\/\/riberasalud.com\/polusa\/clinicas-santo-domingo\/wp-content\/uploads\/2021\/05\/cropped-LogoRibera-Red-ClinicaPolusa-SantoDomingo.png","contentUrl":"https:\/\/riberasalud.com\/polusa\/clinicas-santo-domingo\/wp-content\/uploads\/2021\/05\/cropped-LogoRibera-Red-ClinicaPolusa-SantoDomingo.png","width":2377,"height":497,"caption":"Cl\u00ednica Plaza Santo Domingo"},"image":{"@id":"https:\/\/riberasalud.com\/polusa\/clinicas-santo-domingo\/#\/schema\/logo\/image\/"}}]}},"uagb_featured_image_src":{"full":false,"thumbnail":false,"medium":false,"medium_large":false,"large":false,"1536x1536":false,"2048x2048":false},"uagb_author_info":{"display_name":"marsanchez","author_link":"https:\/\/riberasalud.com\/polusa\/clinicas-santo-domingo\/author\/marsanchez\/"},"uagb_comment_info":0,"uagb_excerpt":"Urolog\u00eda Licenciado en Medicina y Cirug\u00eda por la Universidad de Zaragoza en 2005, realiza la especialidad de Urolog\u00eda hasta 2012 en el Hospital Universitario de A Coru\u00f1a (CHUAC). Desde entonces ejerce en el Hospital Universitario Lucus Augusti (HULA) como especialista de Urolog\u00eda, siendo miembro del&nbsp;comit\u00e9 cl\u00ednico de tumores y del comit\u00e9 cl\u00ednico de suelo p\u00e9lvico.&hellip;","_links":{"self":[{"href":"https:\/\/riberasalud.com\/polusa\/clinicas-santo-domingo\/wp-json\/wp\/v2\/pages\/539","targetHints":{"allow":["GET"]}}],"collection":[{"href":"https:\/\/riberasalud.com\/polusa\/clinicas-santo-domingo\/wp-json\/wp\/v2\/pages"}],"about":[{"href":"https:\/\/riberasalud.com\/polusa\/clinicas-santo-domingo\/wp-json\/wp\/v2\/types\/page"}],"author":[{"embeddable":true,"href":"https:\/\/riberasalud.com\/polusa\/clinicas-santo-domingo\/wp-json\/wp\/v2\/users\/2"}],"replies":[{"embeddable":true,"href":"https:\/\/riberasalud.com\/polusa\/clinicas-santo-domingo\/wp-json\/wp\/v2\/comments?post=539"}],"version-history":[{"count":4,"href":"https:\/\/riberasalud.com\/polusa\/clinicas-santo-domingo\/wp-json\/wp\/v2\/pages\/539\/revisions"}],"predecessor-version":[{"id":964,"href":"https:\/\/riberasalud.com\/polusa\/clinicas-santo-domingo\/wp-json\/wp\/v2\/pages\/539\/revisions\/964"}],"wp:attachment":[{"href":"https:\/\/riberasalud.com\/polusa\/clinicas-santo-domingo\/wp-json\/wp\/v2\/media?parent=539"}],"curies":[{"name":"wp","href":"https:\/\/api.w.org\/{rel}","templated":true}]}}