{"id":494,"date":"2021-05-14T06:59:18","date_gmt":"2021-05-14T06:59:18","guid":{"rendered":"https:\/\/riberasalud.com\/polusa\/clinicas-santo-domingo\/?page_id=494"},"modified":"2021-05-18T13:57:18","modified_gmt":"2021-05-18T13:57:18","slug":"depilacion-laser","status":"publish","type":"page","link":"https:\/\/riberasalud.com\/polusa\/clinicas-santo-domingo\/depilacion-laser\/","title":{"rendered":"Depilaci\u00f3n l\u00e1ser"},"content":{"rendered":"<div id=\"gutenslider-fka1b4hui\" class=\"wp-block-eedee-block-gutenslider content-change alignnone arrow-style-1 arrow-position-sides arrow-mb-none arrows-lg-none arrows-md-none arrows-sm-none dot-style-1 dots-lg-none dots-md-none dots-sm-none dot-position-bottom is-position-center-center mb-none\" style=\"--gutenslider-min-height: 50vh;--gutenslider-arrow-size: 30px;--gutenslider-dot-size: 25px;--gutenslider-arrow-color: #ffffff;--gutenslider-dot-color: #ffffff;--gutenslider-padding-y-mobile: 40px;--gutenslider-padding-x-mobile: 40px;--gutenslider-padding-y-tablet: 40px;--gutenslider-padding-x-tablet: 40px;--gutenslider-padding-y-desktop: 40px;--gutenslider-padding-x-desktop: 40px;--gutenslider-bg-image: url();--gutenslider-min-height-md: 50vh;--gutenslider-min-height-sm: 50vh;--gutenslider-padding-x: 40px;--gutenslider-padding-x-md: 40px;--gutenslider-padding-x-sm: 20px;--gutenslider-padding-y: 40px;--gutenslider-padding-y-md: 40px;--gutenslider-padding-y-sm: 20px;--gutenslider-arrow-size-md: 30px;--gutenslider-arrow-size-sm: 30px;--gutenslider-dot-size-md: 25px;--gutenslider-dot-size-sm: 25px;--gutenslider-arrow-bg-color: transparent;--gutenslider-arrow-hover-color: #eeeeee;--gutenslider-arrow-bg-hover-color: transparent;--gutenslider-arrow-x-offset: 10px;--gutenslider-arrow-x-offset-md: 10px;--gutenslider-arrow-x-offset-sm: 10px;--gutenslider-arrow-y-offset: 0px;--gutenslider-arrow-y-offset-md: 0px;--gutenslider-arrow-y-offset-sm: 0px;--gutenslider-arrow-x-spacing: 0px;--gutenslider-dot-y-offset: 10px;--gutenslider-dot-y-offset-md: 10px;--gutenslider-dot-y-offset-sm: 10px;--gutenslider-margin-x: 0px;--gutenslider-margin-x-md: 0px;--gutenslider-margin-x-sm: 0px;--gutenslider-margin-y: 0px;--gutenslider-margin-y-md: 0px;--gutenslider-margin-y-sm: 0px;\" data-parallax-direction=\"down\" data-parallax-amount=\"1.3\"><div class=\"eedee-swiper-outer\"><div class=\"swiper-container\" data-settings='{\"autoplay\":false,\"speed\":700,\"direction\":\"horizontal\",\"autoHeight\":false,\"loop\":false,\"centeredSlides\":true,\"spaceBetween\":0,\"slidesPerView\":1,\"slidesPerGroup\":1,\"effect\":\"slide\",\"coverflowEffect\":{\"rotate\":30,\"slideShadows\":false,\"depth\":100,\"stretch\":50,\"modifier\":1},\"fadeEffect\":{\"crossFade\":true},\"zoom\":false,\"navigation\":{\"nextEl\":\"#gutenslider-fka1b4hui .eedee-gutenslider-next\",\"prevEl\":\"#gutenslider-fka1b4hui .eedee-gutenslider-prev\"},\"pagination\":{\"type\":\"bullets\",\"clickable\":true,\"dynamicBullets\":false,\"el\":\"#gutenslider-fka1b4hui .eedee-gutenslider-pagination\"},\"pauseOnHover\":true,\"watchSlidesProgress\":true,\"watchSlidesVisibility\":true,\"settingsMd\":{\"autoHeight\":false,\"slidesPerView\":1,\"slidesPerGroup\":1,\"spaceBetween\":0},\"settingsLg\":{\"autoHeight\":false,\"slidesPerView\":1,\"slidesPerGroup\":1,\"spaceBetween\":0}}'><div class=\"swiper-wrapper\">\n<div class=\"swiper-slide wp-block-eedee-block-gutenslide is-position-center-center\" style=\"\"><div class=\"eedee-background-div\"><img loading=\"lazy\" decoding=\"async\" width=\"1921\" height=\"599\" class=\"swiper-lazy wp-image-316\" src=\"https:\/\/riberasalud.com\/polusa\/clinicas-santo-domingo\/wp-content\/uploads\/2021\/05\/Home_laser.jpg\" alt=\"\" style=\"object-fit: cover; object-position: 50% 50%;\" srcset=\"https:\/\/riberasalud.com\/polusa\/clinicas-santo-domingo\/wp-content\/uploads\/2021\/05\/Home_laser.jpg 1921w, https:\/\/riberasalud.com\/polusa\/clinicas-santo-domingo\/wp-content\/uploads\/2021\/05\/Home_laser-300x94.jpg 300w, https:\/\/riberasalud.com\/polusa\/clinicas-santo-domingo\/wp-content\/uploads\/2021\/05\/Home_laser-1024x319.jpg 1024w, https:\/\/riberasalud.com\/polusa\/clinicas-santo-domingo\/wp-content\/uploads\/2021\/05\/Home_laser-768x239.jpg 768w, https:\/\/riberasalud.com\/polusa\/clinicas-santo-domingo\/wp-content\/uploads\/2021\/05\/Home_laser-1536x479.jpg 1536w\" sizes=\"auto, (max-width: 1921px) 100vw, 1921px\" \/><div class=\"eedee-background-div__overlay\" style=\"opacity:1;\"><\/div><\/div><div class=\"slide-content\">\n\n<h1 class=\"wp-block-heading\">Depilaci\u00f3n l\u00e1ser<\/h1>\n\n\n\n<p><em><em>Reg. Sanitario C-27-001035<\/em><\/em><\/p>\n\n<\/div><\/div>\n\n\n<div class=\"wp-block-group is-layout-flow wp-block-group-is-layout-flow\"><div class=\"wp-block-group__inner-container\"><\/div><\/div>\n\n<\/div><\/div><button class=\"eedee-gutenslider-nav eedee-gutenslider-prev\"><svg xmlns=\"http:\/\/www.w3.org\/2000\/svg\" viewBox=\"0 0 24 24\" width=\"24\" height=\"24\"><circle class=\"bg\" cx=\"13\" cy=\"12\" r=\"11\" \/><path fill=\"none\" d=\"M0 0h24v24H0z\"\/><path class=\"arrow\" d=\"M10.828 12l4.95 4.95-1.414 1.414L8 12l6.364-6.364 1.414 1.414z\"\/><\/svg><\/button><button class=\"eedee-gutenslider-nav eedee-gutenslider-next\"><svg xmlns=\"http:\/\/www.w3.org\/2000\/svg\" viewBox=\"0 0 24 24\" width=\"24\" height=\"24\"><circle class=\"bg\" cx=\"11\" cy=\"12\" r=\"11\" \/><path fill=\"none\" d=\"M0 0h24v24H0z\"\/><path class=\"arrow\" d=\"M13.172 12l-4.95-4.95 1.414-1.414L16 12l-6.364 6.364-1.414-1.414z\"\/><\/svg><\/button><div class=\"eedee-gutenslider-pagination\"><\/div><\/div><\/div>\n\n\n<div class=\"wp-block-group\"><div class=\"wp-block-group__inner-container is-layout-flow wp-block-group-is-layout-flow\">\n<div class=\"wp-block-uagb-info-box popmake-846 uagb-infobox__outer-wrap uagb-block-971e3bcc\"><div class=\"uagb-infobox__content-wrap uagb-infobox uagb-infobox-has-image uagb-infobox-icon-above-title uagb-infobox-image-valign-top uagb-infobox-enable-border-radius \"><div class=\"uagb-ifb-left-right-wrap\"><div class=\"uagb-ifb-content\"><div class=\"uagb-ifb-image-icon-content uagb-ifb-imgicon-wrap\"><div class=\"uagb-ifb-image\"><div class=\"uagb-ifb-image-content\"><img decoding=\"async\" class=\"uagb-ifb-img-src\" src=\"https:\/\/riberasalud.com\/polusa\/clinicas-santo-domingo\/wp-content\/uploads\/2021\/05\/Marta-Alvarez.jpg\" alt=\"\"\/><\/div><\/div><\/div><div class=\"uagb-ifb-title-wrap\"><h3 class=\"uagb-ifb-title\">Marta \u00c1lvarez Gonz\u00e1lez<\/h3><\/div><div class=\"uagb-ifb-text-wrap\"><p class=\"uagb-ifb-desc\">Esteticista, en el gabinete de depilaci\u00f3n.<\/p><\/div><\/div><\/div><\/div><\/div>\n<\/div><\/div>\n\n\n\n<figure class=\"wp-block-image size-large\"><a href=\"https:\/\/riberasalud.com\/polusa\/clinicas-santo-domingo\/wp-content\/uploads\/2021\/05\/BR-Flyer_LASER-10x21-1.pdf\"><img loading=\"lazy\" decoding=\"async\" width=\"2000\" height=\"446\" src=\"https:\/\/riberasalud.com\/polusa\/clinicas-santo-domingo\/wp-content\/uploads\/2021\/05\/BANNER-HORIZONTAL-CLINICA-POLUSA_Mesa-de-trabajo-1-1.jpg\" alt=\"\" class=\"wp-image-719\" srcset=\"https:\/\/riberasalud.com\/polusa\/clinicas-santo-domingo\/wp-content\/uploads\/2021\/05\/BANNER-HORIZONTAL-CLINICA-POLUSA_Mesa-de-trabajo-1-1.jpg 2000w, https:\/\/riberasalud.com\/polusa\/clinicas-santo-domingo\/wp-content\/uploads\/2021\/05\/BANNER-HORIZONTAL-CLINICA-POLUSA_Mesa-de-trabajo-1-1-768x171.jpg 768w, https:\/\/riberasalud.com\/polusa\/clinicas-santo-domingo\/wp-content\/uploads\/2021\/05\/BANNER-HORIZONTAL-CLINICA-POLUSA_Mesa-de-trabajo-1-1-1536x343.jpg 1536w\" sizes=\"auto, (max-width: 2000px) 100vw, 2000px\" \/><\/a><\/figure>\n\n\n\n<figure class=\"wp-block-image size-large bannercillo\"><a href=\"https:\/\/riberasalud.com\/polusa\/clinicas-santo-domingo\/wp-content\/uploads\/2021\/05\/BR-Flyer_LASER-10x21-1.pdf\"><img loading=\"lazy\" decoding=\"async\" width=\"1005\" height=\"780\" src=\"https:\/\/riberasalud.com\/polusa\/clinicas-santo-domingo\/wp-content\/uploads\/2021\/05\/banner_movil-1.jpg\" alt=\"\" class=\"wp-image-720\" srcset=\"https:\/\/riberasalud.com\/polusa\/clinicas-santo-domingo\/wp-content\/uploads\/2021\/05\/banner_movil-1.jpg 1005w, https:\/\/riberasalud.com\/polusa\/clinicas-santo-domingo\/wp-content\/uploads\/2021\/05\/banner_movil-1-768x596.jpg 768w\" sizes=\"auto, (max-width: 1005px) 100vw, 1005px\" \/><\/a><\/figure>\n\n\n\n<div class=\"wp-block-group\"><div class=\"wp-block-group__inner-container is-layout-flow wp-block-group-is-layout-flow\">\n<div class=\"wp-block-columns is-layout-flex wp-container-core-columns-is-layout-9d6595d7 wp-block-columns-is-layout-flex\">\n<div class=\"wp-block-column is-layout-flow wp-block-column-is-layout-flow\">\n<p class=\"has-text-align-center\" style=\"font-size:25px\"><span style=\"color: #d11728;\" class=\"ugb-highlight\">Depilaci\u00f3n l\u00e1ser<\/span><\/p>\n\n\n\n<p>Disponemos de la tecnolog\u00eda m\u00e1s avanzada en depilaci\u00f3n. La <strong>depilaci\u00f3n con l\u00e1ser de diodo<\/strong> de \u00faltima generaci\u00f3n es el m\u00e9todo m\u00e1s seguro y eficaz que hay en este momento para la eliminaci\u00f3n definitiva del vello.<\/p>\n\n\n\n<p>Aunque esta tecnolog\u00eda es apta para todo tipo de vello y tonos de piel, en Cl\u00ednica Polusa Santo Domingo optamos por realizar una <strong>prueba gratuita<\/strong> en una peque\u00f1a zona que te permita comprobar su efecto indoloro (no todos tenemos la misma sensibilidad), y a nosotros nos permita analizar la respuesta espec\u00edfica de tu piel.<\/p>\n\n\n\n<p>Tras esta prueba, y despu\u00e9s de explicarte todo el proceso, te propondremos un programa de trabajo adaptado a tus necesidades y a tu disponibilidad con un presupuesto cerrado para que decidas lo que m\u00e1s te convenga.<\/p>\n<\/div>\n<\/div>\n<\/div><\/div>\n","protected":false},"excerpt":{"rendered":"<p>Depilaci\u00f3n l\u00e1ser Disponemos de la tecnolog\u00eda m\u00e1s avanzada en depilaci\u00f3n. La depilaci\u00f3n con l\u00e1ser de diodo de \u00faltima generaci\u00f3n es el m\u00e9todo m\u00e1s seguro y eficaz que hay en este momento para la eliminaci\u00f3n definitiva del vello. Aunque esta tecnolog\u00eda es apta para todo tipo de vello y tonos de piel, en Cl\u00ednica Polusa Santo &#8230; <a title=\"Depilaci\u00f3n l\u00e1ser\" class=\"read-more\" href=\"https:\/\/riberasalud.com\/polusa\/clinicas-santo-domingo\/depilacion-laser\/\" aria-label=\"M\u00e1s en Depilaci\u00f3n l\u00e1ser\">Leer m\u00e1s<\/a><\/p>\n","protected":false},"author":1,"featured_media":0,"parent":0,"menu_order":0,"comment_status":"closed","ping_status":"closed","template":"","meta":{"_editorskit_title_hidden":false,"_editorskit_reading_time":0,"_coblocks_attr":"","_coblocks_dimensions":"","_coblocks_responsive_height":"","_coblocks_accordion_ie_support":"","_generate-full-width-content":"true","_mi_skip_tracking":false,"footnotes":""},"class_list":["post-494","page","type-page","status-publish"],"featured_image_urls":{"full":"","thumbnail":"","medium":"","medium_large":"","large":"","1536x1536":"","2048x2048":""},"post_excerpt_stackable":"<p>Depilaci\u00f3n l\u00e1ser Reg. Sanitario C-27-001035 Marta \u00c1lvarez Gonz\u00e1lezEsteticista, en el gabinete de depilaci\u00f3n. Depilaci\u00f3n l\u00e1ser Disponemos de la tecnolog\u00eda m\u00e1s avanzada en depilaci\u00f3n. La depilaci\u00f3n con l\u00e1ser de diodo de \u00faltima generaci\u00f3n es el m\u00e9todo m\u00e1s seguro y eficaz que hay en este momento para la eliminaci\u00f3n definitiva del vello. Aunque esta tecnolog\u00eda es apta para todo tipo de vello y tonos de piel, en Cl\u00ednica Polusa Santo Domingo optamos por realizar una prueba gratuita en una peque\u00f1a zona que te permita comprobar su efecto indoloro (no todos tenemos la misma sensibilidad), y a nosotros nos permita analizar la respuesta&hellip;<\/p>\n","category_list":"","author_info":{"name":"jorge@quois.com","url":"https:\/\/riberasalud.com\/polusa\/clinicas-santo-domingo\/author\/jorgequois-com\/"},"comments_num":"0 comentarios","featured_image_urls_v2":{"full":"","thumbnail":"","medium":"","medium_large":"","large":"","1536x1536":"","2048x2048":""},"post_excerpt_stackable_v2":"<p>Depilaci\u00f3n l\u00e1ser Reg. Sanitario C-27-001035 Marta \u00c1lvarez Gonz\u00e1lezEsteticista, en el gabinete de depilaci\u00f3n. Depilaci\u00f3n l\u00e1ser Disponemos de la tecnolog\u00eda m\u00e1s avanzada en depilaci\u00f3n. La depilaci\u00f3n con l\u00e1ser de diodo de \u00faltima generaci\u00f3n es el m\u00e9todo m\u00e1s seguro y eficaz que hay en este momento para la eliminaci\u00f3n definitiva del vello. Aunque esta tecnolog\u00eda es apta para todo tipo de vello y tonos de piel, en Cl\u00ednica Polusa Santo Domingo optamos por realizar una prueba gratuita en una peque\u00f1a zona que te permita comprobar su efecto indoloro (no todos tenemos la misma sensibilidad), y a nosotros nos permita analizar la respuesta&hellip;<\/p>\n","category_list_v2":"","author_info_v2":{"name":"jorge@quois.com","url":"https:\/\/riberasalud.com\/polusa\/clinicas-santo-domingo\/author\/jorgequois-com\/"},"comments_num_v2":"0 comentarios","yoast_head":"<!-- This site is optimized with the Yoast SEO plugin v26.9 - https:\/\/yoast.com\/product\/yoast-seo-wordpress\/ -->\n<title>Depilaci\u00f3n l\u00e1ser | Cl\u00ednica Plaza Santo Domingo<\/title>\n<meta name=\"robots\" content=\"index, follow, max-snippet:-1, max-image-preview:large, max-video-preview:-1\" \/>\n<link rel=\"canonical\" href=\"https:\/\/riberasalud.com\/polusa\/clinicas-santo-domingo\/depilacion-laser\/\" \/>\n<meta property=\"og:locale\" content=\"es_ES\" \/>\n<meta property=\"og:type\" content=\"article\" \/>\n<meta property=\"og:title\" content=\"Depilaci\u00f3n l\u00e1ser | Cl\u00ednica Plaza Santo Domingo\" \/>\n<meta property=\"og:description\" content=\"Depilaci\u00f3n l\u00e1ser Disponemos de la tecnolog\u00eda m\u00e1s avanzada en depilaci\u00f3n. La depilaci\u00f3n con l\u00e1ser de diodo de \u00faltima generaci\u00f3n es el m\u00e9todo m\u00e1s seguro y eficaz que hay en este momento para la eliminaci\u00f3n definitiva del vello. Aunque esta tecnolog\u00eda es apta para todo tipo de vello y tonos de piel, en Cl\u00ednica Polusa Santo ... Leer m\u00e1s\" \/>\n<meta property=\"og:url\" content=\"https:\/\/riberasalud.com\/polusa\/clinicas-santo-domingo\/depilacion-laser\/\" \/>\n<meta property=\"og:site_name\" content=\"Cl\u00ednica Plaza Santo Domingo\" \/>\n<meta property=\"article:modified_time\" content=\"2021-05-18T13:57:18+00:00\" \/>\n<meta property=\"og:image\" content=\"https:\/\/riberasalud.com\/polusa\/clinicas-santo-domingo\/wp-content\/uploads\/2021\/05\/Marta-Alvarez.jpg\" \/>\n<meta name=\"twitter:card\" content=\"summary_large_image\" \/>\n<meta name=\"twitter:label1\" content=\"Tiempo de lectura\" \/>\n\t<meta name=\"twitter:data1\" content=\"1 minuto\" \/>\n<script type=\"application\/ld+json\" class=\"yoast-schema-graph\">{\"@context\":\"https:\/\/schema.org\",\"@graph\":[{\"@type\":\"WebPage\",\"@id\":\"https:\/\/riberasalud.com\/polusa\/clinicas-santo-domingo\/depilacion-laser\/\",\"url\":\"https:\/\/riberasalud.com\/polusa\/clinicas-santo-domingo\/depilacion-laser\/\",\"name\":\"Depilaci\u00f3n l\u00e1ser | Cl\u00ednica Plaza Santo Domingo\",\"isPartOf\":{\"@id\":\"https:\/\/riberasalud.com\/polusa\/clinicas-santo-domingo\/#website\"},\"primaryImageOfPage\":{\"@id\":\"https:\/\/riberasalud.com\/polusa\/clinicas-santo-domingo\/depilacion-laser\/#primaryimage\"},\"image\":{\"@id\":\"https:\/\/riberasalud.com\/polusa\/clinicas-santo-domingo\/depilacion-laser\/#primaryimage\"},\"thumbnailUrl\":\"https:\/\/riberasalud.com\/polusa\/clinicas-santo-domingo\/wp-content\/uploads\/2021\/05\/Marta-Alvarez.jpg\",\"datePublished\":\"2021-05-14T06:59:18+00:00\",\"dateModified\":\"2021-05-18T13:57:18+00:00\",\"breadcrumb\":{\"@id\":\"https:\/\/riberasalud.com\/polusa\/clinicas-santo-domingo\/depilacion-laser\/#breadcrumb\"},\"inLanguage\":\"es\",\"potentialAction\":[{\"@type\":\"ReadAction\",\"target\":[\"https:\/\/riberasalud.com\/polusa\/clinicas-santo-domingo\/depilacion-laser\/\"]}]},{\"@type\":\"ImageObject\",\"inLanguage\":\"es\",\"@id\":\"https:\/\/riberasalud.com\/polusa\/clinicas-santo-domingo\/depilacion-laser\/#primaryimage\",\"url\":\"https:\/\/riberasalud.com\/polusa\/clinicas-santo-domingo\/wp-content\/uploads\/2021\/05\/Marta-Alvarez.jpg\",\"contentUrl\":\"https:\/\/riberasalud.com\/polusa\/clinicas-santo-domingo\/wp-content\/uploads\/2021\/05\/Marta-Alvarez.jpg\",\"width\":97,\"height\":125},{\"@type\":\"BreadcrumbList\",\"@id\":\"https:\/\/riberasalud.com\/polusa\/clinicas-santo-domingo\/depilacion-laser\/#breadcrumb\",\"itemListElement\":[{\"@type\":\"ListItem\",\"position\":1,\"name\":\"Portada\",\"item\":\"https:\/\/riberasalud.com\/polusa\/clinicas-santo-domingo\/\"},{\"@type\":\"ListItem\",\"position\":2,\"name\":\"Depilaci\u00f3n l\u00e1ser\"}]},{\"@type\":\"WebSite\",\"@id\":\"https:\/\/riberasalud.com\/polusa\/clinicas-santo-domingo\/#website\",\"url\":\"https:\/\/riberasalud.com\/polusa\/clinicas-santo-domingo\/\",\"name\":\"Cl\u00ednica Plaza Santo Domingo\",\"description\":\"\",\"publisher\":{\"@id\":\"https:\/\/riberasalud.com\/polusa\/clinicas-santo-domingo\/#organization\"},\"potentialAction\":[{\"@type\":\"SearchAction\",\"target\":{\"@type\":\"EntryPoint\",\"urlTemplate\":\"https:\/\/riberasalud.com\/polusa\/clinicas-santo-domingo\/?s={search_term_string}\"},\"query-input\":{\"@type\":\"PropertyValueSpecification\",\"valueRequired\":true,\"valueName\":\"search_term_string\"}}],\"inLanguage\":\"es\"},{\"@type\":\"Organization\",\"@id\":\"https:\/\/riberasalud.com\/polusa\/clinicas-santo-domingo\/#organization\",\"name\":\"Cl\u00ednica Plaza Santo Domingo\",\"url\":\"https:\/\/riberasalud.com\/polusa\/clinicas-santo-domingo\/\",\"logo\":{\"@type\":\"ImageObject\",\"inLanguage\":\"es\",\"@id\":\"https:\/\/riberasalud.com\/polusa\/clinicas-santo-domingo\/#\/schema\/logo\/image\/\",\"url\":\"https:\/\/riberasalud.com\/polusa\/clinicas-santo-domingo\/wp-content\/uploads\/2021\/05\/cropped-LogoRibera-Red-ClinicaPolusa-SantoDomingo.png\",\"contentUrl\":\"https:\/\/riberasalud.com\/polusa\/clinicas-santo-domingo\/wp-content\/uploads\/2021\/05\/cropped-LogoRibera-Red-ClinicaPolusa-SantoDomingo.png\",\"width\":2377,\"height\":497,\"caption\":\"Cl\u00ednica Plaza Santo Domingo\"},\"image\":{\"@id\":\"https:\/\/riberasalud.com\/polusa\/clinicas-santo-domingo\/#\/schema\/logo\/image\/\"}}]}<\/script>\n<!-- \/ Yoast SEO plugin. -->","yoast_head_json":{"title":"Depilaci\u00f3n l\u00e1ser | Cl\u00ednica Plaza Santo Domingo","robots":{"index":"index","follow":"follow","max-snippet":"max-snippet:-1","max-image-preview":"max-image-preview:large","max-video-preview":"max-video-preview:-1"},"canonical":"https:\/\/riberasalud.com\/polusa\/clinicas-santo-domingo\/depilacion-laser\/","og_locale":"es_ES","og_type":"article","og_title":"Depilaci\u00f3n l\u00e1ser | Cl\u00ednica Plaza Santo Domingo","og_description":"Depilaci\u00f3n l\u00e1ser Disponemos de la tecnolog\u00eda m\u00e1s avanzada en depilaci\u00f3n. La depilaci\u00f3n con l\u00e1ser de diodo de \u00faltima generaci\u00f3n es el m\u00e9todo m\u00e1s seguro y eficaz que hay en este momento para la eliminaci\u00f3n definitiva del vello. Aunque esta tecnolog\u00eda es apta para todo tipo de vello y tonos de piel, en Cl\u00ednica Polusa Santo ... Leer m\u00e1s","og_url":"https:\/\/riberasalud.com\/polusa\/clinicas-santo-domingo\/depilacion-laser\/","og_site_name":"Cl\u00ednica Plaza Santo Domingo","article_modified_time":"2021-05-18T13:57:18+00:00","og_image":[{"url":"https:\/\/riberasalud.com\/polusa\/clinicas-santo-domingo\/wp-content\/uploads\/2021\/05\/Marta-Alvarez.jpg","type":"","width":"","height":""}],"twitter_card":"summary_large_image","twitter_misc":{"Tiempo de lectura":"1 minuto"},"schema":{"@context":"https:\/\/schema.org","@graph":[{"@type":"WebPage","@id":"https:\/\/riberasalud.com\/polusa\/clinicas-santo-domingo\/depilacion-laser\/","url":"https:\/\/riberasalud.com\/polusa\/clinicas-santo-domingo\/depilacion-laser\/","name":"Depilaci\u00f3n l\u00e1ser | Cl\u00ednica Plaza Santo Domingo","isPartOf":{"@id":"https:\/\/riberasalud.com\/polusa\/clinicas-santo-domingo\/#website"},"primaryImageOfPage":{"@id":"https:\/\/riberasalud.com\/polusa\/clinicas-santo-domingo\/depilacion-laser\/#primaryimage"},"image":{"@id":"https:\/\/riberasalud.com\/polusa\/clinicas-santo-domingo\/depilacion-laser\/#primaryimage"},"thumbnailUrl":"https:\/\/riberasalud.com\/polusa\/clinicas-santo-domingo\/wp-content\/uploads\/2021\/05\/Marta-Alvarez.jpg","datePublished":"2021-05-14T06:59:18+00:00","dateModified":"2021-05-18T13:57:18+00:00","breadcrumb":{"@id":"https:\/\/riberasalud.com\/polusa\/clinicas-santo-domingo\/depilacion-laser\/#breadcrumb"},"inLanguage":"es","potentialAction":[{"@type":"ReadAction","target":["https:\/\/riberasalud.com\/polusa\/clinicas-santo-domingo\/depilacion-laser\/"]}]},{"@type":"ImageObject","inLanguage":"es","@id":"https:\/\/riberasalud.com\/polusa\/clinicas-santo-domingo\/depilacion-laser\/#primaryimage","url":"https:\/\/riberasalud.com\/polusa\/clinicas-santo-domingo\/wp-content\/uploads\/2021\/05\/Marta-Alvarez.jpg","contentUrl":"https:\/\/riberasalud.com\/polusa\/clinicas-santo-domingo\/wp-content\/uploads\/2021\/05\/Marta-Alvarez.jpg","width":97,"height":125},{"@type":"BreadcrumbList","@id":"https:\/\/riberasalud.com\/polusa\/clinicas-santo-domingo\/depilacion-laser\/#breadcrumb","itemListElement":[{"@type":"ListItem","position":1,"name":"Portada","item":"https:\/\/riberasalud.com\/polusa\/clinicas-santo-domingo\/"},{"@type":"ListItem","position":2,"name":"Depilaci\u00f3n l\u00e1ser"}]},{"@type":"WebSite","@id":"https:\/\/riberasalud.com\/polusa\/clinicas-santo-domingo\/#website","url":"https:\/\/riberasalud.com\/polusa\/clinicas-santo-domingo\/","name":"Cl\u00ednica Plaza Santo Domingo","description":"","publisher":{"@id":"https:\/\/riberasalud.com\/polusa\/clinicas-santo-domingo\/#organization"},"potentialAction":[{"@type":"SearchAction","target":{"@type":"EntryPoint","urlTemplate":"https:\/\/riberasalud.com\/polusa\/clinicas-santo-domingo\/?s={search_term_string}"},"query-input":{"@type":"PropertyValueSpecification","valueRequired":true,"valueName":"search_term_string"}}],"inLanguage":"es"},{"@type":"Organization","@id":"https:\/\/riberasalud.com\/polusa\/clinicas-santo-domingo\/#organization","name":"Cl\u00ednica Plaza Santo Domingo","url":"https:\/\/riberasalud.com\/polusa\/clinicas-santo-domingo\/","logo":{"@type":"ImageObject","inLanguage":"es","@id":"https:\/\/riberasalud.com\/polusa\/clinicas-santo-domingo\/#\/schema\/logo\/image\/","url":"https:\/\/riberasalud.com\/polusa\/clinicas-santo-domingo\/wp-content\/uploads\/2021\/05\/cropped-LogoRibera-Red-ClinicaPolusa-SantoDomingo.png","contentUrl":"https:\/\/riberasalud.com\/polusa\/clinicas-santo-domingo\/wp-content\/uploads\/2021\/05\/cropped-LogoRibera-Red-ClinicaPolusa-SantoDomingo.png","width":2377,"height":497,"caption":"Cl\u00ednica Plaza Santo Domingo"},"image":{"@id":"https:\/\/riberasalud.com\/polusa\/clinicas-santo-domingo\/#\/schema\/logo\/image\/"}}]}},"uagb_featured_image_src":{"full":false,"thumbnail":false,"medium":false,"medium_large":false,"large":false,"1536x1536":false,"2048x2048":false},"uagb_author_info":{"display_name":"jorge@quois.com","author_link":"https:\/\/riberasalud.com\/polusa\/clinicas-santo-domingo\/author\/jorgequois-com\/"},"uagb_comment_info":0,"uagb_excerpt":"Depilaci\u00f3n l\u00e1ser Disponemos de la tecnolog\u00eda m\u00e1s avanzada en depilaci\u00f3n. La depilaci\u00f3n con l\u00e1ser de diodo de \u00faltima generaci\u00f3n es el m\u00e9todo m\u00e1s seguro y eficaz que hay en este momento para la eliminaci\u00f3n definitiva del vello. Aunque esta tecnolog\u00eda es apta para todo tipo de vello y tonos de piel, en Cl\u00ednica Polusa Santo&hellip;","_links":{"self":[{"href":"https:\/\/riberasalud.com\/polusa\/clinicas-santo-domingo\/wp-json\/wp\/v2\/pages\/494","targetHints":{"allow":["GET"]}}],"collection":[{"href":"https:\/\/riberasalud.com\/polusa\/clinicas-santo-domingo\/wp-json\/wp\/v2\/pages"}],"about":[{"href":"https:\/\/riberasalud.com\/polusa\/clinicas-santo-domingo\/wp-json\/wp\/v2\/types\/page"}],"author":[{"embeddable":true,"href":"https:\/\/riberasalud.com\/polusa\/clinicas-santo-domingo\/wp-json\/wp\/v2\/users\/1"}],"replies":[{"embeddable":true,"href":"https:\/\/riberasalud.com\/polusa\/clinicas-santo-domingo\/wp-json\/wp\/v2\/comments?post=494"}],"version-history":[{"count":9,"href":"https:\/\/riberasalud.com\/polusa\/clinicas-santo-domingo\/wp-json\/wp\/v2\/pages\/494\/revisions"}],"predecessor-version":[{"id":728,"href":"https:\/\/riberasalud.com\/polusa\/clinicas-santo-domingo\/wp-json\/wp\/v2\/pages\/494\/revisions\/728"}],"wp:attachment":[{"href":"https:\/\/riberasalud.com\/polusa\/clinicas-santo-domingo\/wp-json\/wp\/v2\/media?parent=494"}],"curies":[{"name":"wp","href":"https:\/\/api.w.org\/{rel}","templated":true}]}}