{"id":479,"date":"2021-05-14T06:49:46","date_gmt":"2021-05-14T06:49:46","guid":{"rendered":"https:\/\/riberasalud.com\/polusa\/clinicas-santo-domingo\/?page_id=479"},"modified":"2025-11-19T12:06:18","modified_gmt":"2025-11-19T12:06:18","slug":"gabinete-de-medicina-estetica","status":"publish","type":"page","link":"https:\/\/riberasalud.com\/polusa\/clinicas-santo-domingo\/gabinete-de-medicina-estetica\/","title":{"rendered":"Gabinete de Medicina Est\u00e9tica"},"content":{"rendered":"\n<div class=\"wp-block-group backgroundbanner\"><div class=\"wp-block-group__inner-container is-layout-flow wp-block-group-is-layout-flow\">\n<p class=\"has-text-align-center\" style=\"font-size:40px\"><span style=\"color: #4b4a4a;\" class=\"ugb-highlight\">Gabinete de Medicina Est\u00e9tica<\/span> <span style=\"color:#4b4a4a\" class=\"has-inline-color\">y Cirug\u00eda Est\u00e9tica<\/span><\/p>\n<\/div><\/div>\n\n\n\n<div class=\"wp-block-group\"><div class=\"wp-block-group__inner-container is-layout-flow wp-block-group-is-layout-flow\">\n<p>Porque la salud tambi\u00e9n es sentirse bien con uno mismo, en el Gabinete de Medicina Est\u00e9tica de las Cl\u00ednicas Plaza Santo Domingo abordamos las t\u00e9cnicas m\u00e1s avanzadas para ayudar a que tu cuerpo adem\u00e1s de estar mejor, se vea y se sienta mejor. Nuestra oferta asistencial va desde los implantes mamarios hasta la depilaci\u00f3n l\u00e1ser, desde la cirug\u00eda facial, hasta los rellenos de hialur\u00f3nico.<\/p>\n\n\n\n<p>Y como todas estas t\u00e9cnicas han de hacerse con rigor y siempre bajo control del especialista en cada materia, contamos con la Dra. Pilar Casteleiro, especialista en Cirugia Plastica y Reparadora.<\/p>\n\n\n<div class=\"gb-button-wrapper gb-button-wrapper-cd8913f6\">\n\n<a class=\"gb-button gb-button-01dcff2d gb-button-text\" href=\"https:\/\/riberasalud.com\/polusa\/clinicas-santo-domingo\/cirugia-plastica\/\"><strong>Cirug\u00eda Pl\u00e1stica<\/strong><\/a>\n\n\n\n<a class=\"gb-button gb-button-ae778107 gb-button-text\" href=\"https:\/\/riberasalud.com\/polusa\/clinicas-santo-domingo\/medicina-estetica\/\">Medicina Est\u00e9tica<\/a>\n\n<\/div><\/div><\/div>\n\n\n\n<p><\/p>\n","protected":false},"excerpt":{"rendered":"<p>Gabinete de Medicina Est\u00e9tica y Cirug\u00eda Est\u00e9tica Porque la salud tambi\u00e9n es sentirse bien con uno mismo, en el Gabinete de Medicina Est\u00e9tica de las Cl\u00ednicas Plaza Santo Domingo abordamos las t\u00e9cnicas m\u00e1s avanzadas para ayudar a que tu cuerpo adem\u00e1s de estar mejor, se vea y se sienta mejor. Nuestra oferta asistencial va desde &#8230; <a title=\"Gabinete de Medicina Est\u00e9tica\" class=\"read-more\" href=\"https:\/\/riberasalud.com\/polusa\/clinicas-santo-domingo\/gabinete-de-medicina-estetica\/\" aria-label=\"M\u00e1s en Gabinete de Medicina Est\u00e9tica\">Leer m\u00e1s<\/a><\/p>\n","protected":false},"author":1,"featured_media":0,"parent":0,"menu_order":0,"comment_status":"closed","ping_status":"closed","template":"","meta":{"_editorskit_title_hidden":false,"_editorskit_reading_time":1,"_coblocks_attr":"","_coblocks_dimensions":"","_coblocks_responsive_height":"","_coblocks_accordion_ie_support":"","_generate-full-width-content":"true","_mi_skip_tracking":false,"footnotes":""},"class_list":["post-479","page","type-page","status-publish"],"featured_image_urls":{"full":"","thumbnail":"","medium":"","medium_large":"","large":"","1536x1536":"","2048x2048":""},"post_excerpt_stackable":"<p>Gabinete de Medicina Est\u00e9tica y Cirug\u00eda Est\u00e9tica Porque la salud tambi\u00e9n es sentirse bien con uno mismo, en el Gabinete de Medicina Est\u00e9tica de las Cl\u00ednicas Plaza Santo Domingo abordamos las t\u00e9cnicas m\u00e1s avanzadas para ayudar a que tu cuerpo adem\u00e1s de estar mejor, se vea y se sienta mejor. Nuestra oferta asistencial va desde los implantes mamarios hasta la depilaci\u00f3n l\u00e1ser, desde la cirug\u00eda facial, hasta los rellenos de hialur\u00f3nico. Y como todas estas t\u00e9cnicas han de hacerse con rigor y siempre bajo control del especialista en cada materia, contamos con la Dra. Pilar Casteleiro, especialista en Cirugia Plastica&hellip;<\/p>\n","category_list":"","author_info":{"name":"jorge@quois.com","url":"https:\/\/riberasalud.com\/polusa\/clinicas-santo-domingo\/author\/jorgequois-com\/"},"comments_num":"0 comentarios","featured_image_urls_v2":{"full":"","thumbnail":"","medium":"","medium_large":"","large":"","1536x1536":"","2048x2048":""},"post_excerpt_stackable_v2":"<p>Gabinete de Medicina Est\u00e9tica y Cirug\u00eda Est\u00e9tica Porque la salud tambi\u00e9n es sentirse bien con uno mismo, en el Gabinete de Medicina Est\u00e9tica de las Cl\u00ednicas Plaza Santo Domingo abordamos las t\u00e9cnicas m\u00e1s avanzadas para ayudar a que tu cuerpo adem\u00e1s de estar mejor, se vea y se sienta mejor. Nuestra oferta asistencial va desde los implantes mamarios hasta la depilaci\u00f3n l\u00e1ser, desde la cirug\u00eda facial, hasta los rellenos de hialur\u00f3nico. Y como todas estas t\u00e9cnicas han de hacerse con rigor y siempre bajo control del especialista en cada materia, contamos con la Dra. Pilar Casteleiro, especialista en Cirugia Plastica&hellip;<\/p>\n","category_list_v2":"","author_info_v2":{"name":"jorge@quois.com","url":"https:\/\/riberasalud.com\/polusa\/clinicas-santo-domingo\/author\/jorgequois-com\/"},"comments_num_v2":"0 comentarios","yoast_head":"<!-- This site is optimized with the Yoast SEO plugin v26.9 - https:\/\/yoast.com\/product\/yoast-seo-wordpress\/ -->\n<title>Gabinete de Medicina Est\u00e9tica | Cl\u00ednica Plaza Santo Domingo<\/title>\n<meta name=\"robots\" content=\"index, follow, max-snippet:-1, max-image-preview:large, max-video-preview:-1\" \/>\n<link rel=\"canonical\" href=\"https:\/\/riberasalud.com\/polusa\/clinicas-santo-domingo\/gabinete-de-medicina-estetica\/\" \/>\n<meta property=\"og:locale\" content=\"es_ES\" \/>\n<meta property=\"og:type\" content=\"article\" \/>\n<meta property=\"og:title\" content=\"Gabinete de Medicina Est\u00e9tica | Cl\u00ednica Plaza Santo Domingo\" \/>\n<meta property=\"og:description\" content=\"Gabinete de Medicina Est\u00e9tica y Cirug\u00eda Est\u00e9tica Porque la salud tambi\u00e9n es sentirse bien con uno mismo, en el Gabinete de Medicina Est\u00e9tica de las Cl\u00ednicas Plaza Santo Domingo abordamos las t\u00e9cnicas m\u00e1s avanzadas para ayudar a que tu cuerpo adem\u00e1s de estar mejor, se vea y se sienta mejor. Nuestra oferta asistencial va desde ... Leer m\u00e1s\" \/>\n<meta property=\"og:url\" content=\"https:\/\/riberasalud.com\/polusa\/clinicas-santo-domingo\/gabinete-de-medicina-estetica\/\" \/>\n<meta property=\"og:site_name\" content=\"Cl\u00ednica Plaza Santo Domingo\" \/>\n<meta property=\"article:modified_time\" content=\"2025-11-19T12:06:18+00:00\" \/>\n<meta name=\"twitter:card\" content=\"summary_large_image\" \/>\n<meta name=\"twitter:label1\" content=\"Tiempo de lectura\" \/>\n\t<meta name=\"twitter:data1\" content=\"1 minuto\" \/>\n<script type=\"application\/ld+json\" class=\"yoast-schema-graph\">{\"@context\":\"https:\/\/schema.org\",\"@graph\":[{\"@type\":\"WebPage\",\"@id\":\"https:\/\/riberasalud.com\/polusa\/clinicas-santo-domingo\/gabinete-de-medicina-estetica\/\",\"url\":\"https:\/\/riberasalud.com\/polusa\/clinicas-santo-domingo\/gabinete-de-medicina-estetica\/\",\"name\":\"Gabinete de Medicina Est\u00e9tica | Cl\u00ednica Plaza Santo Domingo\",\"isPartOf\":{\"@id\":\"https:\/\/riberasalud.com\/polusa\/clinicas-santo-domingo\/#website\"},\"datePublished\":\"2021-05-14T06:49:46+00:00\",\"dateModified\":\"2025-11-19T12:06:18+00:00\",\"breadcrumb\":{\"@id\":\"https:\/\/riberasalud.com\/polusa\/clinicas-santo-domingo\/gabinete-de-medicina-estetica\/#breadcrumb\"},\"inLanguage\":\"es\",\"potentialAction\":[{\"@type\":\"ReadAction\",\"target\":[\"https:\/\/riberasalud.com\/polusa\/clinicas-santo-domingo\/gabinete-de-medicina-estetica\/\"]}]},{\"@type\":\"BreadcrumbList\",\"@id\":\"https:\/\/riberasalud.com\/polusa\/clinicas-santo-domingo\/gabinete-de-medicina-estetica\/#breadcrumb\",\"itemListElement\":[{\"@type\":\"ListItem\",\"position\":1,\"name\":\"Portada\",\"item\":\"https:\/\/riberasalud.com\/polusa\/clinicas-santo-domingo\/\"},{\"@type\":\"ListItem\",\"position\":2,\"name\":\"Gabinete de Medicina Est\u00e9tica\"}]},{\"@type\":\"WebSite\",\"@id\":\"https:\/\/riberasalud.com\/polusa\/clinicas-santo-domingo\/#website\",\"url\":\"https:\/\/riberasalud.com\/polusa\/clinicas-santo-domingo\/\",\"name\":\"Cl\u00ednica Plaza Santo Domingo\",\"description\":\"\",\"publisher\":{\"@id\":\"https:\/\/riberasalud.com\/polusa\/clinicas-santo-domingo\/#organization\"},\"potentialAction\":[{\"@type\":\"SearchAction\",\"target\":{\"@type\":\"EntryPoint\",\"urlTemplate\":\"https:\/\/riberasalud.com\/polusa\/clinicas-santo-domingo\/?s={search_term_string}\"},\"query-input\":{\"@type\":\"PropertyValueSpecification\",\"valueRequired\":true,\"valueName\":\"search_term_string\"}}],\"inLanguage\":\"es\"},{\"@type\":\"Organization\",\"@id\":\"https:\/\/riberasalud.com\/polusa\/clinicas-santo-domingo\/#organization\",\"name\":\"Cl\u00ednica Plaza Santo Domingo\",\"url\":\"https:\/\/riberasalud.com\/polusa\/clinicas-santo-domingo\/\",\"logo\":{\"@type\":\"ImageObject\",\"inLanguage\":\"es\",\"@id\":\"https:\/\/riberasalud.com\/polusa\/clinicas-santo-domingo\/#\/schema\/logo\/image\/\",\"url\":\"https:\/\/riberasalud.com\/polusa\/clinicas-santo-domingo\/wp-content\/uploads\/2021\/05\/cropped-LogoRibera-Red-ClinicaPolusa-SantoDomingo.png\",\"contentUrl\":\"https:\/\/riberasalud.com\/polusa\/clinicas-santo-domingo\/wp-content\/uploads\/2021\/05\/cropped-LogoRibera-Red-ClinicaPolusa-SantoDomingo.png\",\"width\":2377,\"height\":497,\"caption\":\"Cl\u00ednica Plaza Santo Domingo\"},\"image\":{\"@id\":\"https:\/\/riberasalud.com\/polusa\/clinicas-santo-domingo\/#\/schema\/logo\/image\/\"}}]}<\/script>\n<!-- \/ Yoast SEO plugin. -->","yoast_head_json":{"title":"Gabinete de Medicina Est\u00e9tica | Cl\u00ednica Plaza Santo Domingo","robots":{"index":"index","follow":"follow","max-snippet":"max-snippet:-1","max-image-preview":"max-image-preview:large","max-video-preview":"max-video-preview:-1"},"canonical":"https:\/\/riberasalud.com\/polusa\/clinicas-santo-domingo\/gabinete-de-medicina-estetica\/","og_locale":"es_ES","og_type":"article","og_title":"Gabinete de Medicina Est\u00e9tica | Cl\u00ednica Plaza Santo Domingo","og_description":"Gabinete de Medicina Est\u00e9tica y Cirug\u00eda Est\u00e9tica Porque la salud tambi\u00e9n es sentirse bien con uno mismo, en el Gabinete de Medicina Est\u00e9tica de las Cl\u00ednicas Plaza Santo Domingo abordamos las t\u00e9cnicas m\u00e1s avanzadas para ayudar a que tu cuerpo adem\u00e1s de estar mejor, se vea y se sienta mejor. Nuestra oferta asistencial va desde ... Leer m\u00e1s","og_url":"https:\/\/riberasalud.com\/polusa\/clinicas-santo-domingo\/gabinete-de-medicina-estetica\/","og_site_name":"Cl\u00ednica Plaza Santo Domingo","article_modified_time":"2025-11-19T12:06:18+00:00","twitter_card":"summary_large_image","twitter_misc":{"Tiempo de lectura":"1 minuto"},"schema":{"@context":"https:\/\/schema.org","@graph":[{"@type":"WebPage","@id":"https:\/\/riberasalud.com\/polusa\/clinicas-santo-domingo\/gabinete-de-medicina-estetica\/","url":"https:\/\/riberasalud.com\/polusa\/clinicas-santo-domingo\/gabinete-de-medicina-estetica\/","name":"Gabinete de Medicina Est\u00e9tica | Cl\u00ednica Plaza Santo Domingo","isPartOf":{"@id":"https:\/\/riberasalud.com\/polusa\/clinicas-santo-domingo\/#website"},"datePublished":"2021-05-14T06:49:46+00:00","dateModified":"2025-11-19T12:06:18+00:00","breadcrumb":{"@id":"https:\/\/riberasalud.com\/polusa\/clinicas-santo-domingo\/gabinete-de-medicina-estetica\/#breadcrumb"},"inLanguage":"es","potentialAction":[{"@type":"ReadAction","target":["https:\/\/riberasalud.com\/polusa\/clinicas-santo-domingo\/gabinete-de-medicina-estetica\/"]}]},{"@type":"BreadcrumbList","@id":"https:\/\/riberasalud.com\/polusa\/clinicas-santo-domingo\/gabinete-de-medicina-estetica\/#breadcrumb","itemListElement":[{"@type":"ListItem","position":1,"name":"Portada","item":"https:\/\/riberasalud.com\/polusa\/clinicas-santo-domingo\/"},{"@type":"ListItem","position":2,"name":"Gabinete de Medicina Est\u00e9tica"}]},{"@type":"WebSite","@id":"https:\/\/riberasalud.com\/polusa\/clinicas-santo-domingo\/#website","url":"https:\/\/riberasalud.com\/polusa\/clinicas-santo-domingo\/","name":"Cl\u00ednica Plaza Santo Domingo","description":"","publisher":{"@id":"https:\/\/riberasalud.com\/polusa\/clinicas-santo-domingo\/#organization"},"potentialAction":[{"@type":"SearchAction","target":{"@type":"EntryPoint","urlTemplate":"https:\/\/riberasalud.com\/polusa\/clinicas-santo-domingo\/?s={search_term_string}"},"query-input":{"@type":"PropertyValueSpecification","valueRequired":true,"valueName":"search_term_string"}}],"inLanguage":"es"},{"@type":"Organization","@id":"https:\/\/riberasalud.com\/polusa\/clinicas-santo-domingo\/#organization","name":"Cl\u00ednica Plaza Santo Domingo","url":"https:\/\/riberasalud.com\/polusa\/clinicas-santo-domingo\/","logo":{"@type":"ImageObject","inLanguage":"es","@id":"https:\/\/riberasalud.com\/polusa\/clinicas-santo-domingo\/#\/schema\/logo\/image\/","url":"https:\/\/riberasalud.com\/polusa\/clinicas-santo-domingo\/wp-content\/uploads\/2021\/05\/cropped-LogoRibera-Red-ClinicaPolusa-SantoDomingo.png","contentUrl":"https:\/\/riberasalud.com\/polusa\/clinicas-santo-domingo\/wp-content\/uploads\/2021\/05\/cropped-LogoRibera-Red-ClinicaPolusa-SantoDomingo.png","width":2377,"height":497,"caption":"Cl\u00ednica Plaza Santo Domingo"},"image":{"@id":"https:\/\/riberasalud.com\/polusa\/clinicas-santo-domingo\/#\/schema\/logo\/image\/"}}]}},"uagb_featured_image_src":{"full":false,"thumbnail":false,"medium":false,"medium_large":false,"large":false,"1536x1536":false,"2048x2048":false},"uagb_author_info":{"display_name":"jorge@quois.com","author_link":"https:\/\/riberasalud.com\/polusa\/clinicas-santo-domingo\/author\/jorgequois-com\/"},"uagb_comment_info":0,"uagb_excerpt":"Gabinete de Medicina Est\u00e9tica y Cirug\u00eda Est\u00e9tica Porque la salud tambi\u00e9n es sentirse bien con uno mismo, en el Gabinete de Medicina Est\u00e9tica de las Cl\u00ednicas Plaza Santo Domingo abordamos las t\u00e9cnicas m\u00e1s avanzadas para ayudar a que tu cuerpo adem\u00e1s de estar mejor, se vea y se sienta mejor. Nuestra oferta asistencial va desde&hellip;","_links":{"self":[{"href":"https:\/\/riberasalud.com\/polusa\/clinicas-santo-domingo\/wp-json\/wp\/v2\/pages\/479","targetHints":{"allow":["GET"]}}],"collection":[{"href":"https:\/\/riberasalud.com\/polusa\/clinicas-santo-domingo\/wp-json\/wp\/v2\/pages"}],"about":[{"href":"https:\/\/riberasalud.com\/polusa\/clinicas-santo-domingo\/wp-json\/wp\/v2\/types\/page"}],"author":[{"embeddable":true,"href":"https:\/\/riberasalud.com\/polusa\/clinicas-santo-domingo\/wp-json\/wp\/v2\/users\/1"}],"replies":[{"embeddable":true,"href":"https:\/\/riberasalud.com\/polusa\/clinicas-santo-domingo\/wp-json\/wp\/v2\/comments?post=479"}],"version-history":[{"count":13,"href":"https:\/\/riberasalud.com\/polusa\/clinicas-santo-domingo\/wp-json\/wp\/v2\/pages\/479\/revisions"}],"predecessor-version":[{"id":1615,"href":"https:\/\/riberasalud.com\/polusa\/clinicas-santo-domingo\/wp-json\/wp\/v2\/pages\/479\/revisions\/1615"}],"wp:attachment":[{"href":"https:\/\/riberasalud.com\/polusa\/clinicas-santo-domingo\/wp-json\/wp\/v2\/media?parent=479"}],"curies":[{"name":"wp","href":"https:\/\/api.w.org\/{rel}","templated":true}]}}