{"id":401,"date":"2021-05-14T06:06:20","date_gmt":"2021-05-14T06:06:20","guid":{"rendered":"https:\/\/riberasalud.com\/polusa\/clinicas-santo-domingo\/?page_id=401"},"modified":"2021-06-04T11:10:09","modified_gmt":"2021-06-04T11:10:09","slug":"clinica-plaza-santo-domingo","status":"publish","type":"page","link":"https:\/\/riberasalud.com\/polusa\/clinicas-santo-domingo\/clinica-plaza-santo-domingo\/","title":{"rendered":"Cl\u00ednica Plaza Santo Domingo"},"content":{"rendered":"\n<div class=\"wp-block-group backgroundbanner\"><div class=\"wp-block-group__inner-container is-layout-flow wp-block-group-is-layout-flow\">\n<p class=\"has-text-align-center\" style=\"font-size:40px\"><span style=\"color: #4b4a4a;\" class=\"ugb-highlight\">Cl\u00ednica Plaza Santo Domingo<\/span><\/p>\n<\/div><\/div>\n\n\n\n<div class=\"wp-block-group\"><div class=\"wp-block-group__inner-container is-layout-flow wp-block-group-is-layout-flow\">\n<p><strong>ESTRUCTURA ASISTENCIAL Y RECURSOS<\/strong><br><br>En este centro de 400 metros cuadrados y distribuidos en una \u00fanica planta en el coraz\u00f3n de la ciudad, se concentra la mayor\u00eda de nuestros servicios m\u00e9dicos con un amplio cuadro de m\u00e9dicos especialistas, servicios de enfermer\u00eda y an\u00e1lisis cl\u00ednicos.<br><br>En este centro prestan sus servicios profesionales sanitarios para integrar la asistencia desde la Atenci\u00f3n Primaria hasta la Atenci\u00f3n Especializada con 18 Especialidades m\u00e9dicas.<br><br>Tambi\u00e9n cuenta con un gabinete Psicot\u00e9cnico homologado para emitir informes de aptitud para permisos de circulaci\u00f3n, de caza, de posesi\u00f3n de armas,etc.<br><br>N.R.S. C-27-000883<\/p>\n\n\n\n<div class=\"wp-block-buttons is-layout-flex wp-block-buttons-is-layout-flex\">\n<div class=\"wp-block-button\"><a class=\"wp-block-button__link has-white-color has-text-color has-background\" href=\"https:\/\/vitprocess.com\/citaonline\/default.aspx?ID1=837BD98D-DF4C-4F2C-AF8C-7BE97BE6D6D5&amp;ID2=10DC4EA6-7014-41CC-A375-1545D126D8EB\" style=\"background-color:#d71128\" rel=\"\">Cita Online<\/a><\/div>\n<\/div>\n\n\n\n<div class=\"wp-block-coblocks-gallery-masonry\"><div class=\"coblocks-gallery has-no-alignment has-caption-style-dark has-gutter\"><ul class=\"has-grid-lrg has-gutter-15 has-gutter-mobile-15\"><li class=\"coblocks-gallery--item\"><figure class=\"coblocks-gallery--figure\"><img loading=\"lazy\" decoding=\"async\" width=\"450\" height=\"288\" src=\"https:\/\/riberasalud.com\/polusa\/clinicas-santo-domingo\/wp-content\/uploads\/2021\/05\/Lugoclinica6-1.jpg\" alt=\"\" data-id=\"414\" data-imglink=\"\" data-link=\"https:\/\/riberasalud.com\/polusa\/clinicas-santo-domingo\/?attachment_id=414#main\" class=\"wp-image-414\" srcset=\"https:\/\/riberasalud.com\/polusa\/clinicas-santo-domingo\/wp-content\/uploads\/2021\/05\/Lugoclinica6-1.jpg 450w, https:\/\/riberasalud.com\/polusa\/clinicas-santo-domingo\/wp-content\/uploads\/2021\/05\/Lugoclinica6-1-300x192.jpg 300w\" sizes=\"auto, (max-width: 450px) 100vw, 450px\" \/><\/figure><\/li><li class=\"coblocks-gallery--item\"><figure class=\"coblocks-gallery--figure\"><img loading=\"lazy\" decoding=\"async\" width=\"450\" height=\"288\" src=\"https:\/\/riberasalud.com\/polusa\/clinicas-santo-domingo\/wp-content\/uploads\/2021\/05\/Lugoclinica5-1.jpg\" alt=\"\" data-id=\"415\" data-imglink=\"\" data-link=\"https:\/\/riberasalud.com\/polusa\/clinicas-santo-domingo\/?attachment_id=415#main\" class=\"wp-image-415\" srcset=\"https:\/\/riberasalud.com\/polusa\/clinicas-santo-domingo\/wp-content\/uploads\/2021\/05\/Lugoclinica5-1.jpg 450w, https:\/\/riberasalud.com\/polusa\/clinicas-santo-domingo\/wp-content\/uploads\/2021\/05\/Lugoclinica5-1-300x192.jpg 300w\" sizes=\"auto, (max-width: 450px) 100vw, 450px\" \/><\/figure><\/li><li class=\"coblocks-gallery--item\"><figure class=\"coblocks-gallery--figure\"><img loading=\"lazy\" decoding=\"async\" width=\"444\" height=\"288\" src=\"https:\/\/riberasalud.com\/polusa\/clinicas-santo-domingo\/wp-content\/uploads\/2021\/05\/Lugoclinica4-1.jpg\" alt=\"\" data-id=\"416\" data-imglink=\"\" data-link=\"https:\/\/riberasalud.com\/polusa\/clinicas-santo-domingo\/?attachment_id=416#main\" class=\"wp-image-416\" srcset=\"https:\/\/riberasalud.com\/polusa\/clinicas-santo-domingo\/wp-content\/uploads\/2021\/05\/Lugoclinica4-1.jpg 444w, https:\/\/riberasalud.com\/polusa\/clinicas-santo-domingo\/wp-content\/uploads\/2021\/05\/Lugoclinica4-1-300x195.jpg 300w\" sizes=\"auto, (max-width: 444px) 100vw, 444px\" \/><\/figure><\/li><li class=\"coblocks-gallery--item\"><figure class=\"coblocks-gallery--figure\"><img loading=\"lazy\" decoding=\"async\" width=\"450\" height=\"288\" src=\"https:\/\/riberasalud.com\/polusa\/clinicas-santo-domingo\/wp-content\/uploads\/2021\/05\/Lugoclinica3-1.jpg\" alt=\"\" data-id=\"417\" data-imglink=\"\" data-link=\"https:\/\/riberasalud.com\/polusa\/clinicas-santo-domingo\/?attachment_id=417#main\" class=\"wp-image-417\" srcset=\"https:\/\/riberasalud.com\/polusa\/clinicas-santo-domingo\/wp-content\/uploads\/2021\/05\/Lugoclinica3-1.jpg 450w, https:\/\/riberasalud.com\/polusa\/clinicas-santo-domingo\/wp-content\/uploads\/2021\/05\/Lugoclinica3-1-300x192.jpg 300w\" sizes=\"auto, (max-width: 450px) 100vw, 450px\" \/><\/figure><\/li><li class=\"coblocks-gallery--item\"><figure class=\"coblocks-gallery--figure\"><img loading=\"lazy\" decoding=\"async\" width=\"450\" height=\"288\" src=\"https:\/\/riberasalud.com\/polusa\/clinicas-santo-domingo\/wp-content\/uploads\/2021\/05\/Lugoclinica2-1.jpg\" alt=\"\" data-id=\"418\" data-imglink=\"\" data-link=\"https:\/\/riberasalud.com\/polusa\/clinicas-santo-domingo\/?attachment_id=418#main\" class=\"wp-image-418\" srcset=\"https:\/\/riberasalud.com\/polusa\/clinicas-santo-domingo\/wp-content\/uploads\/2021\/05\/Lugoclinica2-1.jpg 450w, https:\/\/riberasalud.com\/polusa\/clinicas-santo-domingo\/wp-content\/uploads\/2021\/05\/Lugoclinica2-1-300x192.jpg 300w\" sizes=\"auto, (max-width: 450px) 100vw, 450px\" \/><\/figure><\/li><li class=\"coblocks-gallery--item\"><figure class=\"coblocks-gallery--figure\"><img loading=\"lazy\" decoding=\"async\" width=\"450\" height=\"288\" src=\"https:\/\/riberasalud.com\/polusa\/clinicas-santo-domingo\/wp-content\/uploads\/2021\/05\/Lugoclinica1-1.jpg\" alt=\"\" data-id=\"419\" data-imglink=\"\" data-link=\"https:\/\/riberasalud.com\/polusa\/clinicas-santo-domingo\/?attachment_id=419#main\" class=\"wp-image-419\" srcset=\"https:\/\/riberasalud.com\/polusa\/clinicas-santo-domingo\/wp-content\/uploads\/2021\/05\/Lugoclinica1-1.jpg 450w, https:\/\/riberasalud.com\/polusa\/clinicas-santo-domingo\/wp-content\/uploads\/2021\/05\/Lugoclinica1-1-300x192.jpg 300w\" sizes=\"auto, (max-width: 450px) 100vw, 450px\" \/><\/figure><\/li><li class=\"coblocks-gallery--item\"><figure class=\"coblocks-gallery--figure\"><img loading=\"lazy\" decoding=\"async\" width=\"450\" height=\"300\" src=\"https:\/\/riberasalud.com\/polusa\/clinicas-santo-domingo\/wp-content\/uploads\/2021\/05\/plaza-2.jpg\" alt=\"\" data-id=\"420\" data-imglink=\"\" data-link=\"https:\/\/riberasalud.com\/polusa\/clinicas-santo-domingo\/?attachment_id=420#main\" class=\"wp-image-420\" srcset=\"https:\/\/riberasalud.com\/polusa\/clinicas-santo-domingo\/wp-content\/uploads\/2021\/05\/plaza-2.jpg 450w, https:\/\/riberasalud.com\/polusa\/clinicas-santo-domingo\/wp-content\/uploads\/2021\/05\/plaza-2-300x200.jpg 300w\" sizes=\"auto, (max-width: 450px) 100vw, 450px\" \/><\/figure><\/li><\/ul><\/div><\/div>\n<\/div><\/div>\n","protected":false},"excerpt":{"rendered":"<p>Cl\u00ednica Plaza Santo Domingo ESTRUCTURA ASISTENCIAL Y RECURSOS En este centro de 400 metros cuadrados y distribuidos en una \u00fanica planta en el coraz\u00f3n de la ciudad, se concentra la mayor\u00eda de nuestros servicios m\u00e9dicos con un amplio cuadro de m\u00e9dicos especialistas, servicios de enfermer\u00eda y an\u00e1lisis cl\u00ednicos. En este centro prestan sus servicios profesionales &#8230; <a title=\"Cl\u00ednica Plaza Santo Domingo\" class=\"read-more\" href=\"https:\/\/riberasalud.com\/polusa\/clinicas-santo-domingo\/clinica-plaza-santo-domingo\/\" aria-label=\"M\u00e1s en Cl\u00ednica Plaza Santo Domingo\">Leer m\u00e1s<\/a><\/p>\n","protected":false},"author":1,"featured_media":0,"parent":0,"menu_order":0,"comment_status":"closed","ping_status":"closed","template":"","meta":{"_editorskit_title_hidden":false,"_editorskit_reading_time":0,"_coblocks_attr":"","_coblocks_dimensions":"","_coblocks_responsive_height":"","_coblocks_accordion_ie_support":"","_generate-full-width-content":"true","_mi_skip_tracking":false,"footnotes":""},"class_list":["post-401","page","type-page","status-publish"],"featured_image_urls":{"full":"","thumbnail":"","medium":"","medium_large":"","large":"","1536x1536":"","2048x2048":""},"post_excerpt_stackable":"<p>Cl\u00ednica Plaza Santo Domingo ESTRUCTURA ASISTENCIAL Y RECURSOSEn este centro de 400 metros cuadrados y distribuidos en una \u00fanica planta en el coraz\u00f3n de la ciudad, se concentra la mayor\u00eda de nuestros servicios m\u00e9dicos con un amplio cuadro de m\u00e9dicos especialistas, servicios de enfermer\u00eda y an\u00e1lisis cl\u00ednicos.En este centro prestan sus servicios profesionales sanitarios para integrar la asistencia desde la Atenci\u00f3n Primaria hasta la Atenci\u00f3n Especializada con 18 Especialidades m\u00e9dicas.Tambi\u00e9n cuenta con un gabinete Psicot\u00e9cnico homologado para emitir informes de aptitud para permisos de circulaci\u00f3n, de caza, de posesi\u00f3n de armas,etc.N.R.S. C-27-000883 Cita Online<\/p>\n","category_list":"","author_info":{"name":"jorge@quois.com","url":"https:\/\/riberasalud.com\/polusa\/clinicas-santo-domingo\/author\/jorgequois-com\/"},"comments_num":"0 comentarios","featured_image_urls_v2":{"full":"","thumbnail":"","medium":"","medium_large":"","large":"","1536x1536":"","2048x2048":""},"post_excerpt_stackable_v2":"<p>Cl\u00ednica Plaza Santo Domingo ESTRUCTURA ASISTENCIAL Y RECURSOSEn este centro de 400 metros cuadrados y distribuidos en una \u00fanica planta en el coraz\u00f3n de la ciudad, se concentra la mayor\u00eda de nuestros servicios m\u00e9dicos con un amplio cuadro de m\u00e9dicos especialistas, servicios de enfermer\u00eda y an\u00e1lisis cl\u00ednicos.En este centro prestan sus servicios profesionales sanitarios para integrar la asistencia desde la Atenci\u00f3n Primaria hasta la Atenci\u00f3n Especializada con 18 Especialidades m\u00e9dicas.Tambi\u00e9n cuenta con un gabinete Psicot\u00e9cnico homologado para emitir informes de aptitud para permisos de circulaci\u00f3n, de caza, de posesi\u00f3n de armas,etc.N.R.S. C-27-000883 Cita Online<\/p>\n","category_list_v2":"","author_info_v2":{"name":"jorge@quois.com","url":"https:\/\/riberasalud.com\/polusa\/clinicas-santo-domingo\/author\/jorgequois-com\/"},"comments_num_v2":"0 comentarios","yoast_head":"<!-- This site is optimized with the Yoast SEO plugin v26.9 - https:\/\/yoast.com\/product\/yoast-seo-wordpress\/ -->\n<title>Cl\u00ednica Plaza Santo Domingo | Cl\u00ednica Plaza Santo Domingo<\/title>\n<meta name=\"robots\" content=\"index, follow, max-snippet:-1, max-image-preview:large, max-video-preview:-1\" \/>\n<link rel=\"canonical\" href=\"https:\/\/riberasalud.com\/polusa\/clinicas-santo-domingo\/clinica-plaza-santo-domingo\/\" \/>\n<meta property=\"og:locale\" content=\"es_ES\" \/>\n<meta property=\"og:type\" content=\"article\" \/>\n<meta property=\"og:title\" content=\"Cl\u00ednica Plaza Santo Domingo | Cl\u00ednica Plaza Santo Domingo\" \/>\n<meta property=\"og:description\" content=\"Cl\u00ednica Plaza Santo Domingo ESTRUCTURA ASISTENCIAL Y RECURSOS En este centro de 400 metros cuadrados y distribuidos en una \u00fanica planta en el coraz\u00f3n de la ciudad, se concentra la mayor\u00eda de nuestros servicios m\u00e9dicos con un amplio cuadro de m\u00e9dicos especialistas, servicios de enfermer\u00eda y an\u00e1lisis cl\u00ednicos. En este centro prestan sus servicios profesionales ... Leer m\u00e1s\" \/>\n<meta property=\"og:url\" content=\"https:\/\/riberasalud.com\/polusa\/clinicas-santo-domingo\/clinica-plaza-santo-domingo\/\" \/>\n<meta property=\"og:site_name\" content=\"Cl\u00ednica Plaza Santo Domingo\" \/>\n<meta property=\"article:modified_time\" content=\"2021-06-04T11:10:09+00:00\" \/>\n<meta property=\"og:image\" content=\"https:\/\/riberasalud.com\/polusa\/clinicas-santo-domingo\/wp-content\/uploads\/2021\/05\/Lugoclinica6-1.jpg\" \/>\n<meta name=\"twitter:card\" content=\"summary_large_image\" \/>\n<meta name=\"twitter:label1\" content=\"Tiempo de lectura\" \/>\n\t<meta name=\"twitter:data1\" content=\"2 minutos\" \/>\n<script type=\"application\/ld+json\" class=\"yoast-schema-graph\">{\"@context\":\"https:\/\/schema.org\",\"@graph\":[{\"@type\":\"WebPage\",\"@id\":\"https:\/\/riberasalud.com\/polusa\/clinicas-santo-domingo\/clinica-plaza-santo-domingo\/\",\"url\":\"https:\/\/riberasalud.com\/polusa\/clinicas-santo-domingo\/clinica-plaza-santo-domingo\/\",\"name\":\"Cl\u00ednica Plaza Santo Domingo | Cl\u00ednica Plaza Santo Domingo\",\"isPartOf\":{\"@id\":\"https:\/\/riberasalud.com\/polusa\/clinicas-santo-domingo\/#website\"},\"primaryImageOfPage\":{\"@id\":\"https:\/\/riberasalud.com\/polusa\/clinicas-santo-domingo\/clinica-plaza-santo-domingo\/#primaryimage\"},\"image\":{\"@id\":\"https:\/\/riberasalud.com\/polusa\/clinicas-santo-domingo\/clinica-plaza-santo-domingo\/#primaryimage\"},\"thumbnailUrl\":\"https:\/\/riberasalud.com\/polusa\/clinicas-santo-domingo\/wp-content\/uploads\/2021\/05\/Lugoclinica6-1.jpg\",\"datePublished\":\"2021-05-14T06:06:20+00:00\",\"dateModified\":\"2021-06-04T11:10:09+00:00\",\"breadcrumb\":{\"@id\":\"https:\/\/riberasalud.com\/polusa\/clinicas-santo-domingo\/clinica-plaza-santo-domingo\/#breadcrumb\"},\"inLanguage\":\"es\",\"potentialAction\":[{\"@type\":\"ReadAction\",\"target\":[\"https:\/\/riberasalud.com\/polusa\/clinicas-santo-domingo\/clinica-plaza-santo-domingo\/\"]}]},{\"@type\":\"ImageObject\",\"inLanguage\":\"es\",\"@id\":\"https:\/\/riberasalud.com\/polusa\/clinicas-santo-domingo\/clinica-plaza-santo-domingo\/#primaryimage\",\"url\":\"https:\/\/riberasalud.com\/polusa\/clinicas-santo-domingo\/wp-content\/uploads\/2021\/05\/Lugoclinica6-1.jpg\",\"contentUrl\":\"https:\/\/riberasalud.com\/polusa\/clinicas-santo-domingo\/wp-content\/uploads\/2021\/05\/Lugoclinica6-1.jpg\",\"width\":450,\"height\":288},{\"@type\":\"BreadcrumbList\",\"@id\":\"https:\/\/riberasalud.com\/polusa\/clinicas-santo-domingo\/clinica-plaza-santo-domingo\/#breadcrumb\",\"itemListElement\":[{\"@type\":\"ListItem\",\"position\":1,\"name\":\"Portada\",\"item\":\"https:\/\/riberasalud.com\/polusa\/clinicas-santo-domingo\/\"},{\"@type\":\"ListItem\",\"position\":2,\"name\":\"Cl\u00ednica Plaza Santo Domingo\"}]},{\"@type\":\"WebSite\",\"@id\":\"https:\/\/riberasalud.com\/polusa\/clinicas-santo-domingo\/#website\",\"url\":\"https:\/\/riberasalud.com\/polusa\/clinicas-santo-domingo\/\",\"name\":\"Cl\u00ednica Plaza Santo Domingo\",\"description\":\"\",\"publisher\":{\"@id\":\"https:\/\/riberasalud.com\/polusa\/clinicas-santo-domingo\/#organization\"},\"potentialAction\":[{\"@type\":\"SearchAction\",\"target\":{\"@type\":\"EntryPoint\",\"urlTemplate\":\"https:\/\/riberasalud.com\/polusa\/clinicas-santo-domingo\/?s={search_term_string}\"},\"query-input\":{\"@type\":\"PropertyValueSpecification\",\"valueRequired\":true,\"valueName\":\"search_term_string\"}}],\"inLanguage\":\"es\"},{\"@type\":\"Organization\",\"@id\":\"https:\/\/riberasalud.com\/polusa\/clinicas-santo-domingo\/#organization\",\"name\":\"Cl\u00ednica Plaza Santo Domingo\",\"url\":\"https:\/\/riberasalud.com\/polusa\/clinicas-santo-domingo\/\",\"logo\":{\"@type\":\"ImageObject\",\"inLanguage\":\"es\",\"@id\":\"https:\/\/riberasalud.com\/polusa\/clinicas-santo-domingo\/#\/schema\/logo\/image\/\",\"url\":\"https:\/\/riberasalud.com\/polusa\/clinicas-santo-domingo\/wp-content\/uploads\/2021\/05\/cropped-LogoRibera-Red-ClinicaPolusa-SantoDomingo.png\",\"contentUrl\":\"https:\/\/riberasalud.com\/polusa\/clinicas-santo-domingo\/wp-content\/uploads\/2021\/05\/cropped-LogoRibera-Red-ClinicaPolusa-SantoDomingo.png\",\"width\":2377,\"height\":497,\"caption\":\"Cl\u00ednica Plaza Santo Domingo\"},\"image\":{\"@id\":\"https:\/\/riberasalud.com\/polusa\/clinicas-santo-domingo\/#\/schema\/logo\/image\/\"}}]}<\/script>\n<!-- \/ Yoast SEO plugin. -->","yoast_head_json":{"title":"Cl\u00ednica Plaza Santo Domingo | Cl\u00ednica Plaza Santo Domingo","robots":{"index":"index","follow":"follow","max-snippet":"max-snippet:-1","max-image-preview":"max-image-preview:large","max-video-preview":"max-video-preview:-1"},"canonical":"https:\/\/riberasalud.com\/polusa\/clinicas-santo-domingo\/clinica-plaza-santo-domingo\/","og_locale":"es_ES","og_type":"article","og_title":"Cl\u00ednica Plaza Santo Domingo | Cl\u00ednica Plaza Santo Domingo","og_description":"Cl\u00ednica Plaza Santo Domingo ESTRUCTURA ASISTENCIAL Y RECURSOS En este centro de 400 metros cuadrados y distribuidos en una \u00fanica planta en el coraz\u00f3n de la ciudad, se concentra la mayor\u00eda de nuestros servicios m\u00e9dicos con un amplio cuadro de m\u00e9dicos especialistas, servicios de enfermer\u00eda y an\u00e1lisis cl\u00ednicos. En este centro prestan sus servicios profesionales ... Leer m\u00e1s","og_url":"https:\/\/riberasalud.com\/polusa\/clinicas-santo-domingo\/clinica-plaza-santo-domingo\/","og_site_name":"Cl\u00ednica Plaza Santo Domingo","article_modified_time":"2021-06-04T11:10:09+00:00","og_image":[{"url":"https:\/\/riberasalud.com\/polusa\/clinicas-santo-domingo\/wp-content\/uploads\/2021\/05\/Lugoclinica6-1.jpg","type":"","width":"","height":""}],"twitter_card":"summary_large_image","twitter_misc":{"Tiempo de lectura":"2 minutos"},"schema":{"@context":"https:\/\/schema.org","@graph":[{"@type":"WebPage","@id":"https:\/\/riberasalud.com\/polusa\/clinicas-santo-domingo\/clinica-plaza-santo-domingo\/","url":"https:\/\/riberasalud.com\/polusa\/clinicas-santo-domingo\/clinica-plaza-santo-domingo\/","name":"Cl\u00ednica Plaza Santo Domingo | Cl\u00ednica Plaza Santo Domingo","isPartOf":{"@id":"https:\/\/riberasalud.com\/polusa\/clinicas-santo-domingo\/#website"},"primaryImageOfPage":{"@id":"https:\/\/riberasalud.com\/polusa\/clinicas-santo-domingo\/clinica-plaza-santo-domingo\/#primaryimage"},"image":{"@id":"https:\/\/riberasalud.com\/polusa\/clinicas-santo-domingo\/clinica-plaza-santo-domingo\/#primaryimage"},"thumbnailUrl":"https:\/\/riberasalud.com\/polusa\/clinicas-santo-domingo\/wp-content\/uploads\/2021\/05\/Lugoclinica6-1.jpg","datePublished":"2021-05-14T06:06:20+00:00","dateModified":"2021-06-04T11:10:09+00:00","breadcrumb":{"@id":"https:\/\/riberasalud.com\/polusa\/clinicas-santo-domingo\/clinica-plaza-santo-domingo\/#breadcrumb"},"inLanguage":"es","potentialAction":[{"@type":"ReadAction","target":["https:\/\/riberasalud.com\/polusa\/clinicas-santo-domingo\/clinica-plaza-santo-domingo\/"]}]},{"@type":"ImageObject","inLanguage":"es","@id":"https:\/\/riberasalud.com\/polusa\/clinicas-santo-domingo\/clinica-plaza-santo-domingo\/#primaryimage","url":"https:\/\/riberasalud.com\/polusa\/clinicas-santo-domingo\/wp-content\/uploads\/2021\/05\/Lugoclinica6-1.jpg","contentUrl":"https:\/\/riberasalud.com\/polusa\/clinicas-santo-domingo\/wp-content\/uploads\/2021\/05\/Lugoclinica6-1.jpg","width":450,"height":288},{"@type":"BreadcrumbList","@id":"https:\/\/riberasalud.com\/polusa\/clinicas-santo-domingo\/clinica-plaza-santo-domingo\/#breadcrumb","itemListElement":[{"@type":"ListItem","position":1,"name":"Portada","item":"https:\/\/riberasalud.com\/polusa\/clinicas-santo-domingo\/"},{"@type":"ListItem","position":2,"name":"Cl\u00ednica Plaza Santo Domingo"}]},{"@type":"WebSite","@id":"https:\/\/riberasalud.com\/polusa\/clinicas-santo-domingo\/#website","url":"https:\/\/riberasalud.com\/polusa\/clinicas-santo-domingo\/","name":"Cl\u00ednica Plaza Santo Domingo","description":"","publisher":{"@id":"https:\/\/riberasalud.com\/polusa\/clinicas-santo-domingo\/#organization"},"potentialAction":[{"@type":"SearchAction","target":{"@type":"EntryPoint","urlTemplate":"https:\/\/riberasalud.com\/polusa\/clinicas-santo-domingo\/?s={search_term_string}"},"query-input":{"@type":"PropertyValueSpecification","valueRequired":true,"valueName":"search_term_string"}}],"inLanguage":"es"},{"@type":"Organization","@id":"https:\/\/riberasalud.com\/polusa\/clinicas-santo-domingo\/#organization","name":"Cl\u00ednica Plaza Santo Domingo","url":"https:\/\/riberasalud.com\/polusa\/clinicas-santo-domingo\/","logo":{"@type":"ImageObject","inLanguage":"es","@id":"https:\/\/riberasalud.com\/polusa\/clinicas-santo-domingo\/#\/schema\/logo\/image\/","url":"https:\/\/riberasalud.com\/polusa\/clinicas-santo-domingo\/wp-content\/uploads\/2021\/05\/cropped-LogoRibera-Red-ClinicaPolusa-SantoDomingo.png","contentUrl":"https:\/\/riberasalud.com\/polusa\/clinicas-santo-domingo\/wp-content\/uploads\/2021\/05\/cropped-LogoRibera-Red-ClinicaPolusa-SantoDomingo.png","width":2377,"height":497,"caption":"Cl\u00ednica Plaza Santo Domingo"},"image":{"@id":"https:\/\/riberasalud.com\/polusa\/clinicas-santo-domingo\/#\/schema\/logo\/image\/"}}]}},"uagb_featured_image_src":{"full":false,"thumbnail":false,"medium":false,"medium_large":false,"large":false,"1536x1536":false,"2048x2048":false},"uagb_author_info":{"display_name":"jorge@quois.com","author_link":"https:\/\/riberasalud.com\/polusa\/clinicas-santo-domingo\/author\/jorgequois-com\/"},"uagb_comment_info":0,"uagb_excerpt":"Cl\u00ednica Plaza Santo Domingo ESTRUCTURA ASISTENCIAL Y RECURSOS En este centro de 400 metros cuadrados y distribuidos en una \u00fanica planta en el coraz\u00f3n de la ciudad, se concentra la mayor\u00eda de nuestros servicios m\u00e9dicos con un amplio cuadro de m\u00e9dicos especialistas, servicios de enfermer\u00eda y an\u00e1lisis cl\u00ednicos. En este centro prestan sus servicios profesionales&hellip;","_links":{"self":[{"href":"https:\/\/riberasalud.com\/polusa\/clinicas-santo-domingo\/wp-json\/wp\/v2\/pages\/401","targetHints":{"allow":["GET"]}}],"collection":[{"href":"https:\/\/riberasalud.com\/polusa\/clinicas-santo-domingo\/wp-json\/wp\/v2\/pages"}],"about":[{"href":"https:\/\/riberasalud.com\/polusa\/clinicas-santo-domingo\/wp-json\/wp\/v2\/types\/page"}],"author":[{"embeddable":true,"href":"https:\/\/riberasalud.com\/polusa\/clinicas-santo-domingo\/wp-json\/wp\/v2\/users\/1"}],"replies":[{"embeddable":true,"href":"https:\/\/riberasalud.com\/polusa\/clinicas-santo-domingo\/wp-json\/wp\/v2\/comments?post=401"}],"version-history":[{"count":6,"href":"https:\/\/riberasalud.com\/polusa\/clinicas-santo-domingo\/wp-json\/wp\/v2\/pages\/401\/revisions"}],"predecessor-version":[{"id":906,"href":"https:\/\/riberasalud.com\/polusa\/clinicas-santo-domingo\/wp-json\/wp\/v2\/pages\/401\/revisions\/906"}],"wp:attachment":[{"href":"https:\/\/riberasalud.com\/polusa\/clinicas-santo-domingo\/wp-json\/wp\/v2\/media?parent=401"}],"curies":[{"name":"wp","href":"https:\/\/api.w.org\/{rel}","templated":true}]}}