{"id":266,"date":"2021-05-13T13:57:39","date_gmt":"2021-05-13T13:57:39","guid":{"rendered":"https:\/\/riberasalud.com\/polusa\/clinicas-santo-domingo\/?page_id=266"},"modified":"2021-05-13T16:47:57","modified_gmt":"2021-05-13T16:47:57","slug":"odontologia","status":"publish","type":"page","link":"https:\/\/riberasalud.com\/polusa\/clinicas-santo-domingo\/odontologia\/","title":{"rendered":"Odontolog\u00eda"},"content":{"rendered":"<div id=\"gutenslider-22c2ttent\" class=\"wp-block-eedee-block-gutenslider content-change alignnone arrow-style-1 arrow-position-sides arrow-mb-none arrows-lg-none arrows-md-none arrows-sm-none dot-style-1 dots-lg-none dots-md-none dots-sm-none dot-position-bottom is-position-center-center mb-none\" style=\"--gutenslider-min-height: 50vh;--gutenslider-arrow-size: 30px;--gutenslider-dot-size: 25px;--gutenslider-arrow-color: #ffffff;--gutenslider-dot-color: #ffffff;--gutenslider-padding-y-mobile: 40px;--gutenslider-padding-x-mobile: 40px;--gutenslider-padding-y-tablet: 40px;--gutenslider-padding-x-tablet: 40px;--gutenslider-padding-y-desktop: 40px;--gutenslider-padding-x-desktop: 40px;--gutenslider-bg-image: url();--gutenslider-min-height-md: 50vh;--gutenslider-min-height-sm: 50vh;--gutenslider-padding-x: 40px;--gutenslider-padding-x-md: 40px;--gutenslider-padding-x-sm: 20px;--gutenslider-padding-y: 40px;--gutenslider-padding-y-md: 40px;--gutenslider-padding-y-sm: 20px;--gutenslider-arrow-size-md: 30px;--gutenslider-arrow-size-sm: 30px;--gutenslider-dot-size-md: 25px;--gutenslider-dot-size-sm: 25px;--gutenslider-arrow-bg-color: transparent;--gutenslider-arrow-hover-color: #eeeeee;--gutenslider-arrow-bg-hover-color: transparent;--gutenslider-arrow-x-offset: 10px;--gutenslider-arrow-x-offset-md: 10px;--gutenslider-arrow-x-offset-sm: 10px;--gutenslider-arrow-y-offset: 0px;--gutenslider-arrow-y-offset-md: 0px;--gutenslider-arrow-y-offset-sm: 0px;--gutenslider-arrow-x-spacing: 0px;--gutenslider-dot-y-offset: 10px;--gutenslider-dot-y-offset-md: 10px;--gutenslider-dot-y-offset-sm: 10px;--gutenslider-margin-x: 0px;--gutenslider-margin-x-md: 0px;--gutenslider-margin-x-sm: 0px;--gutenslider-margin-y: 0px;--gutenslider-margin-y-md: 0px;--gutenslider-margin-y-sm: 0px;\" data-parallax-direction=\"down\" data-parallax-amount=\"1.3\"><div class=\"eedee-swiper-outer\"><div class=\"swiper-container\" data-settings='{\"autoplay\":false,\"speed\":700,\"direction\":\"horizontal\",\"autoHeight\":false,\"loop\":false,\"centeredSlides\":true,\"spaceBetween\":0,\"slidesPerView\":1,\"slidesPerGroup\":1,\"effect\":\"slide\",\"coverflowEffect\":{\"rotate\":30,\"slideShadows\":false,\"depth\":100,\"stretch\":50,\"modifier\":1},\"fadeEffect\":{\"crossFade\":true},\"zoom\":false,\"navigation\":{\"nextEl\":\"#gutenslider-22c2ttent .eedee-gutenslider-next\",\"prevEl\":\"#gutenslider-22c2ttent .eedee-gutenslider-prev\"},\"pagination\":{\"type\":\"bullets\",\"clickable\":true,\"dynamicBullets\":false,\"el\":\"#gutenslider-22c2ttent .eedee-gutenslider-pagination\"},\"pauseOnHover\":true,\"watchSlidesProgress\":true,\"watchSlidesVisibility\":true,\"settingsMd\":{\"autoHeight\":false,\"slidesPerView\":1,\"slidesPerGroup\":1,\"spaceBetween\":0},\"settingsLg\":{\"autoHeight\":false,\"slidesPerView\":1,\"slidesPerGroup\":1,\"spaceBetween\":0}}'><div class=\"swiper-wrapper\">\n<div class=\"swiper-slide wp-block-eedee-block-gutenslide is-position-center-center\" style=\"\"><div class=\"eedee-background-div\"><img loading=\"lazy\" decoding=\"async\" width=\"1921\" height=\"599\" class=\"swiper-lazy wp-image-362\" src=\"https:\/\/riberasalud.com\/polusa\/clinicas-santo-domingo\/wp-content\/uploads\/2021\/05\/Home_dental-1.jpg\" alt=\"\" style=\"object-fit: cover; object-position: 50% 50%;\" srcset=\"https:\/\/riberasalud.com\/polusa\/clinicas-santo-domingo\/wp-content\/uploads\/2021\/05\/Home_dental-1.jpg 1921w, https:\/\/riberasalud.com\/polusa\/clinicas-santo-domingo\/wp-content\/uploads\/2021\/05\/Home_dental-1-300x94.jpg 300w, https:\/\/riberasalud.com\/polusa\/clinicas-santo-domingo\/wp-content\/uploads\/2021\/05\/Home_dental-1-1024x319.jpg 1024w, https:\/\/riberasalud.com\/polusa\/clinicas-santo-domingo\/wp-content\/uploads\/2021\/05\/Home_dental-1-768x239.jpg 768w, https:\/\/riberasalud.com\/polusa\/clinicas-santo-domingo\/wp-content\/uploads\/2021\/05\/Home_dental-1-1536x479.jpg 1536w\" sizes=\"auto, (max-width: 1921px) 100vw, 1921px\" \/><div class=\"eedee-background-div__overlay\" style=\"opacity:1;\"><\/div><\/div><div class=\"slide-content\">\n\n<h1 class=\"wp-block-heading\">Cl\u00ednica odontol\u00f3gica<\/h1>\n\n\n\n<p><em><em>Reg. Sanitario C-27-001035<\/em><\/em><\/p>\n\n<\/div><\/div>\n\n\n<div class=\"wp-block-group is-layout-flow wp-block-group-is-layout-flow\"><div class=\"wp-block-group__inner-container\"><\/div><\/div>\n\n<\/div><\/div><button class=\"eedee-gutenslider-nav eedee-gutenslider-prev\"><svg xmlns=\"http:\/\/www.w3.org\/2000\/svg\" viewBox=\"0 0 24 24\" width=\"24\" height=\"24\"><circle class=\"bg\" cx=\"13\" cy=\"12\" r=\"11\" \/><path fill=\"none\" d=\"M0 0h24v24H0z\"\/><path class=\"arrow\" d=\"M10.828 12l4.95 4.95-1.414 1.414L8 12l6.364-6.364 1.414 1.414z\"\/><\/svg><\/button><button class=\"eedee-gutenslider-nav eedee-gutenslider-next\"><svg xmlns=\"http:\/\/www.w3.org\/2000\/svg\" viewBox=\"0 0 24 24\" width=\"24\" height=\"24\"><circle class=\"bg\" cx=\"11\" cy=\"12\" r=\"11\" \/><path fill=\"none\" d=\"M0 0h24v24H0z\"\/><path class=\"arrow\" d=\"M13.172 12l-4.95-4.95 1.414-1.414L16 12l-6.364 6.364-1.414-1.414z\"\/><\/svg><\/button><div class=\"eedee-gutenslider-pagination\"><\/div><\/div><\/div>\n\n\n<div class=\"wp-block-group\"><div class=\"wp-block-group__inner-container is-layout-flow wp-block-group-is-layout-flow\">\n<div class=\"wp-block-columns alignwide is-layout-flex wp-container-core-columns-is-layout-9d6595d7 wp-block-columns-is-layout-flex\">\n<div class=\"wp-block-column is-layout-flow wp-block-column-is-layout-flow\">\n<div class=\"wp-block-uagb-info-box popmake-846 uagb-infobox__outer-wrap uagb-block-4cd0970d\"><div class=\"uagb-infobox__content-wrap uagb-infobox uagb-infobox-has-image uagb-infobox-icon-above-title uagb-infobox-image-valign-top uagb-infobox-enable-border-radius \"><div class=\"uagb-ifb-left-right-wrap\"><div class=\"uagb-ifb-content\"><div class=\"uagb-ifb-image-icon-content uagb-ifb-imgicon-wrap\"><div class=\"uagb-ifb-image\"><div class=\"uagb-ifb-image-content\"><img decoding=\"async\" class=\"uagb-ifb-img-src\" src=\"https:\/\/riberasalud.com\/polusa\/clinicas-santo-domingo\/wp-content\/uploads\/2021\/05\/Lucia-Lopez-Odontologa.jpg\" alt=\"\"\/><\/div><\/div><\/div><div class=\"uagb-ifb-title-wrap\"><h3 class=\"uagb-ifb-title\">Luc\u00eda L\u00f3pez \u00c1lvarez<\/h3><\/div><div class=\"uagb-ifb-text-wrap\"><p class=\"uagb-ifb-desc\">Cl\u00ednica odontol\u00f3gica<\/p><\/div><\/div><\/div><\/div><\/div>\n<\/div>\n<\/div>\n\n\n\n<div class=\"wp-block-columns is-layout-flex wp-container-core-columns-is-layout-9d6595d7 wp-block-columns-is-layout-flex\">\n<div class=\"wp-block-column is-layout-flow wp-block-column-is-layout-flow\">\n<p class=\"has-text-align-center\" style=\"font-size:25px\"><span style=\"color: #d11728;\" class=\"ugb-highlight\">Cl\u00ednica odontol\u00f3gica<\/span><\/p>\n\n\n\n<p>Ofrecemos una gran variedad de especialidades en atenci\u00f3n dental, con el fin de satisfacer los requerimientos de toda la familia. Orientados al servicio integral y personalizado de nuestros pacientes.<br><br><strong>ESPECIALIDADES<\/strong><br><br><strong>Rehabilitaci\u00f3n y Est\u00e9tica<\/strong><\/p>\n\n\n\n<ul class=\"is-style-default wp-block-list\"><li>Blanqueamiento<\/li><li>Carillas de porcelana<\/li><li>Coronas y puentes<\/li><li>Incrustaciones est\u00e9ticas<\/li><li>Gingivoplastia (remodelado de las enc\u00edas)<\/li><li>Tratamiento del bruxismo: es el h\u00e1bito involuntario de apretar o rechinar los dientes, especialmente durante la noche. Esta condici\u00f3n puede generar dolor de cabeza, dolor muscular, fracturas y desgaste de piezas dentarias. Se trata odontol\u00f3gicamente con una f\u00e9rula de relajaci\u00f3n.<\/li><\/ul>\n\n\n\n<p><strong>Odontopediatr\u00eda<\/strong><br><br>Con \u00e9nfasis en la educaci\u00f3n, tanto de los padres como de los ni\u00f1os, y el uso de nuevas t\u00e9cnicas que incluyen la aplicaci\u00f3n peri\u00f3dica de fl\u00faor y sellantes en piezas temporales y permanentes, la odontopediatr\u00eda pretende mantener en \u00f3ptimas condiciones la salud bucal de los ni\u00f1os y evitar las secuelas producidas por caries y la p\u00e9rdida temprana de dientes.<br><br><strong>Ortodoncia<\/strong><br><br>Diagn\u00f3stico, prevenci\u00f3n y tratamiento de las deformaciones dentarias y maxilofaciales llamadas maloclusiones, adem\u00e1s del tratamiento de las anomal\u00edas faciales donde se encuentran alteradas las estructuras \u00f3seas maxilares.<br><br>Inclu\u00edmos el innovador m\u00e9todo de ortodoncia invisible, con f\u00e9rula acr\u00edlica transparente.<br><br><strong>Periodoncia<\/strong><br><br>Es la especialidad odontol\u00f3gica que trata los problemas de los tejidos que est\u00e1n alrededor del diente (enc\u00eda y hueso). El control periodontal debe ser cada 6 o 12 meses y consta de una limpieza dental, con lo cual, al retirar el sarro, prevenimos la p\u00e9rdida de hueso e inflamaci\u00f3n de la enc\u00eda.<br><br>Tambi\u00e9n realizamos t\u00e9cnicas de regeneraci\u00f3n de enc\u00edas y hueso.<br><br><strong>Endodoncia<\/strong><br><br>Tratamiento del conducto radicular, cuyo objetivo es preservar el diente, evitando su extracci\u00f3n.<br><br><strong>Implantes de titanio de alta gama<\/strong><br><br>Un implante dental es un sustituto o reemplazo de la raiz del diente, por medio de un artificio de titanio, el cual se \u00f3seo integra firmemente al hueso maxilar. Con este avance tecnol\u00f3gico es posible proporcionar dientes que se vean, sientan y funcionen como los naturales.<\/p>\n<\/div>\n<\/div>\n<\/div><\/div>\n","protected":false},"excerpt":{"rendered":"<p>Cl\u00ednica odontol\u00f3gica Ofrecemos una gran variedad de especialidades en atenci\u00f3n dental, con el fin de satisfacer los requerimientos de toda la familia. Orientados al servicio integral y personalizado de nuestros pacientes. ESPECIALIDADES Rehabilitaci\u00f3n y Est\u00e9tica Blanqueamiento Carillas de porcelana Coronas y puentes Incrustaciones est\u00e9ticas Gingivoplastia (remodelado de las enc\u00edas) Tratamiento del bruxismo: es el h\u00e1bito &#8230; <a title=\"Odontolog\u00eda\" class=\"read-more\" href=\"https:\/\/riberasalud.com\/polusa\/clinicas-santo-domingo\/odontologia\/\" aria-label=\"M\u00e1s en Odontolog\u00eda\">Leer m\u00e1s<\/a><\/p>\n","protected":false},"author":1,"featured_media":0,"parent":0,"menu_order":0,"comment_status":"closed","ping_status":"closed","template":"","meta":{"_editorskit_title_hidden":false,"_editorskit_reading_time":0,"_coblocks_attr":"","_coblocks_dimensions":"","_coblocks_responsive_height":"","_coblocks_accordion_ie_support":"","_generate-full-width-content":"true","_mi_skip_tracking":false,"footnotes":""},"class_list":["post-266","page","type-page","status-publish"],"featured_image_urls":{"full":"","thumbnail":"","medium":"","medium_large":"","large":"","1536x1536":"","2048x2048":""},"post_excerpt_stackable":"<p>Cl\u00ednica odontol\u00f3gica Reg. Sanitario C-27-001035 Luc\u00eda L\u00f3pez \u00c1lvarezCl\u00ednica odontol\u00f3gica Cl\u00ednica odontol\u00f3gica Ofrecemos una gran variedad de especialidades en atenci\u00f3n dental, con el fin de satisfacer los requerimientos de toda la familia. Orientados al servicio integral y personalizado de nuestros pacientes.ESPECIALIDADESRehabilitaci\u00f3n y Est\u00e9tica BlanqueamientoCarillas de porcelanaCoronas y puentesIncrustaciones est\u00e9ticasGingivoplastia (remodelado de las enc\u00edas)Tratamiento del bruxismo: es el h\u00e1bito involuntario de apretar o rechinar los dientes, especialmente durante la noche. Esta condici\u00f3n puede generar dolor de cabeza, dolor muscular, fracturas y desgaste de piezas dentarias. Se trata odontol\u00f3gicamente con una f\u00e9rula de relajaci\u00f3n. Odontopediatr\u00edaCon \u00e9nfasis en la educaci\u00f3n, tanto de los padres&hellip;<\/p>\n","category_list":"","author_info":{"name":"jorge@quois.com","url":"https:\/\/riberasalud.com\/polusa\/clinicas-santo-domingo\/author\/jorgequois-com\/"},"comments_num":"0 comentarios","featured_image_urls_v2":{"full":"","thumbnail":"","medium":"","medium_large":"","large":"","1536x1536":"","2048x2048":""},"post_excerpt_stackable_v2":"<p>Cl\u00ednica odontol\u00f3gica Reg. Sanitario C-27-001035 Luc\u00eda L\u00f3pez \u00c1lvarezCl\u00ednica odontol\u00f3gica Cl\u00ednica odontol\u00f3gica Ofrecemos una gran variedad de especialidades en atenci\u00f3n dental, con el fin de satisfacer los requerimientos de toda la familia. Orientados al servicio integral y personalizado de nuestros pacientes.ESPECIALIDADESRehabilitaci\u00f3n y Est\u00e9tica BlanqueamientoCarillas de porcelanaCoronas y puentesIncrustaciones est\u00e9ticasGingivoplastia (remodelado de las enc\u00edas)Tratamiento del bruxismo: es el h\u00e1bito involuntario de apretar o rechinar los dientes, especialmente durante la noche. Esta condici\u00f3n puede generar dolor de cabeza, dolor muscular, fracturas y desgaste de piezas dentarias. Se trata odontol\u00f3gicamente con una f\u00e9rula de relajaci\u00f3n. Odontopediatr\u00edaCon \u00e9nfasis en la educaci\u00f3n, tanto de los padres&hellip;<\/p>\n","category_list_v2":"","author_info_v2":{"name":"jorge@quois.com","url":"https:\/\/riberasalud.com\/polusa\/clinicas-santo-domingo\/author\/jorgequois-com\/"},"comments_num_v2":"0 comentarios","yoast_head":"<!-- This site is optimized with the Yoast SEO plugin v26.9 - https:\/\/yoast.com\/product\/yoast-seo-wordpress\/ -->\n<title>Odontolog\u00eda | Cl\u00ednica Plaza Santo Domingo<\/title>\n<meta name=\"robots\" content=\"index, follow, max-snippet:-1, max-image-preview:large, max-video-preview:-1\" \/>\n<link rel=\"canonical\" href=\"https:\/\/riberasalud.com\/polusa\/clinicas-santo-domingo\/odontologia\/\" \/>\n<meta property=\"og:locale\" content=\"es_ES\" \/>\n<meta property=\"og:type\" content=\"article\" \/>\n<meta property=\"og:title\" content=\"Odontolog\u00eda | Cl\u00ednica Plaza Santo Domingo\" \/>\n<meta property=\"og:description\" content=\"Cl\u00ednica odontol\u00f3gica Ofrecemos una gran variedad de especialidades en atenci\u00f3n dental, con el fin de satisfacer los requerimientos de toda la familia. Orientados al servicio integral y personalizado de nuestros pacientes. ESPECIALIDADES Rehabilitaci\u00f3n y Est\u00e9tica Blanqueamiento Carillas de porcelana Coronas y puentes Incrustaciones est\u00e9ticas Gingivoplastia (remodelado de las enc\u00edas) Tratamiento del bruxismo: es el h\u00e1bito ... Leer m\u00e1s\" \/>\n<meta property=\"og:url\" content=\"https:\/\/riberasalud.com\/polusa\/clinicas-santo-domingo\/odontologia\/\" \/>\n<meta property=\"og:site_name\" content=\"Cl\u00ednica Plaza Santo Domingo\" \/>\n<meta property=\"article:modified_time\" content=\"2021-05-13T16:47:57+00:00\" \/>\n<meta property=\"og:image\" content=\"https:\/\/riberasalud.com\/polusa\/clinicas-santo-domingo\/wp-content\/uploads\/2021\/05\/Lucia-Lopez-Odontologa.jpg\" \/>\n<meta name=\"twitter:card\" content=\"summary_large_image\" \/>\n<meta name=\"twitter:label1\" content=\"Tiempo de lectura\" \/>\n\t<meta name=\"twitter:data1\" content=\"2 minutos\" \/>\n<script type=\"application\/ld+json\" class=\"yoast-schema-graph\">{\"@context\":\"https:\/\/schema.org\",\"@graph\":[{\"@type\":\"WebPage\",\"@id\":\"https:\/\/riberasalud.com\/polusa\/clinicas-santo-domingo\/odontologia\/\",\"url\":\"https:\/\/riberasalud.com\/polusa\/clinicas-santo-domingo\/odontologia\/\",\"name\":\"Odontolog\u00eda | Cl\u00ednica Plaza Santo Domingo\",\"isPartOf\":{\"@id\":\"https:\/\/riberasalud.com\/polusa\/clinicas-santo-domingo\/#website\"},\"primaryImageOfPage\":{\"@id\":\"https:\/\/riberasalud.com\/polusa\/clinicas-santo-domingo\/odontologia\/#primaryimage\"},\"image\":{\"@id\":\"https:\/\/riberasalud.com\/polusa\/clinicas-santo-domingo\/odontologia\/#primaryimage\"},\"thumbnailUrl\":\"https:\/\/riberasalud.com\/polusa\/clinicas-santo-domingo\/wp-content\/uploads\/2021\/05\/Lucia-Lopez-Odontologa.jpg\",\"datePublished\":\"2021-05-13T13:57:39+00:00\",\"dateModified\":\"2021-05-13T16:47:57+00:00\",\"breadcrumb\":{\"@id\":\"https:\/\/riberasalud.com\/polusa\/clinicas-santo-domingo\/odontologia\/#breadcrumb\"},\"inLanguage\":\"es\",\"potentialAction\":[{\"@type\":\"ReadAction\",\"target\":[\"https:\/\/riberasalud.com\/polusa\/clinicas-santo-domingo\/odontologia\/\"]}]},{\"@type\":\"ImageObject\",\"inLanguage\":\"es\",\"@id\":\"https:\/\/riberasalud.com\/polusa\/clinicas-santo-domingo\/odontologia\/#primaryimage\",\"url\":\"https:\/\/riberasalud.com\/polusa\/clinicas-santo-domingo\/wp-content\/uploads\/2021\/05\/Lucia-Lopez-Odontologa.jpg\",\"contentUrl\":\"https:\/\/riberasalud.com\/polusa\/clinicas-santo-domingo\/wp-content\/uploads\/2021\/05\/Lucia-Lopez-Odontologa.jpg\",\"width\":95,\"height\":126},{\"@type\":\"BreadcrumbList\",\"@id\":\"https:\/\/riberasalud.com\/polusa\/clinicas-santo-domingo\/odontologia\/#breadcrumb\",\"itemListElement\":[{\"@type\":\"ListItem\",\"position\":1,\"name\":\"Portada\",\"item\":\"https:\/\/riberasalud.com\/polusa\/clinicas-santo-domingo\/\"},{\"@type\":\"ListItem\",\"position\":2,\"name\":\"Odontolog\u00eda\"}]},{\"@type\":\"WebSite\",\"@id\":\"https:\/\/riberasalud.com\/polusa\/clinicas-santo-domingo\/#website\",\"url\":\"https:\/\/riberasalud.com\/polusa\/clinicas-santo-domingo\/\",\"name\":\"Cl\u00ednica Plaza Santo Domingo\",\"description\":\"\",\"publisher\":{\"@id\":\"https:\/\/riberasalud.com\/polusa\/clinicas-santo-domingo\/#organization\"},\"potentialAction\":[{\"@type\":\"SearchAction\",\"target\":{\"@type\":\"EntryPoint\",\"urlTemplate\":\"https:\/\/riberasalud.com\/polusa\/clinicas-santo-domingo\/?s={search_term_string}\"},\"query-input\":{\"@type\":\"PropertyValueSpecification\",\"valueRequired\":true,\"valueName\":\"search_term_string\"}}],\"inLanguage\":\"es\"},{\"@type\":\"Organization\",\"@id\":\"https:\/\/riberasalud.com\/polusa\/clinicas-santo-domingo\/#organization\",\"name\":\"Cl\u00ednica Plaza Santo Domingo\",\"url\":\"https:\/\/riberasalud.com\/polusa\/clinicas-santo-domingo\/\",\"logo\":{\"@type\":\"ImageObject\",\"inLanguage\":\"es\",\"@id\":\"https:\/\/riberasalud.com\/polusa\/clinicas-santo-domingo\/#\/schema\/logo\/image\/\",\"url\":\"https:\/\/riberasalud.com\/polusa\/clinicas-santo-domingo\/wp-content\/uploads\/2021\/05\/cropped-LogoRibera-Red-ClinicaPolusa-SantoDomingo.png\",\"contentUrl\":\"https:\/\/riberasalud.com\/polusa\/clinicas-santo-domingo\/wp-content\/uploads\/2021\/05\/cropped-LogoRibera-Red-ClinicaPolusa-SantoDomingo.png\",\"width\":2377,\"height\":497,\"caption\":\"Cl\u00ednica Plaza Santo Domingo\"},\"image\":{\"@id\":\"https:\/\/riberasalud.com\/polusa\/clinicas-santo-domingo\/#\/schema\/logo\/image\/\"}}]}<\/script>\n<!-- \/ Yoast SEO plugin. -->","yoast_head_json":{"title":"Odontolog\u00eda | Cl\u00ednica Plaza Santo Domingo","robots":{"index":"index","follow":"follow","max-snippet":"max-snippet:-1","max-image-preview":"max-image-preview:large","max-video-preview":"max-video-preview:-1"},"canonical":"https:\/\/riberasalud.com\/polusa\/clinicas-santo-domingo\/odontologia\/","og_locale":"es_ES","og_type":"article","og_title":"Odontolog\u00eda | Cl\u00ednica Plaza Santo Domingo","og_description":"Cl\u00ednica odontol\u00f3gica Ofrecemos una gran variedad de especialidades en atenci\u00f3n dental, con el fin de satisfacer los requerimientos de toda la familia. Orientados al servicio integral y personalizado de nuestros pacientes. ESPECIALIDADES Rehabilitaci\u00f3n y Est\u00e9tica Blanqueamiento Carillas de porcelana Coronas y puentes Incrustaciones est\u00e9ticas Gingivoplastia (remodelado de las enc\u00edas) Tratamiento del bruxismo: es el h\u00e1bito ... Leer m\u00e1s","og_url":"https:\/\/riberasalud.com\/polusa\/clinicas-santo-domingo\/odontologia\/","og_site_name":"Cl\u00ednica Plaza Santo Domingo","article_modified_time":"2021-05-13T16:47:57+00:00","og_image":[{"url":"https:\/\/riberasalud.com\/polusa\/clinicas-santo-domingo\/wp-content\/uploads\/2021\/05\/Lucia-Lopez-Odontologa.jpg","type":"","width":"","height":""}],"twitter_card":"summary_large_image","twitter_misc":{"Tiempo de lectura":"2 minutos"},"schema":{"@context":"https:\/\/schema.org","@graph":[{"@type":"WebPage","@id":"https:\/\/riberasalud.com\/polusa\/clinicas-santo-domingo\/odontologia\/","url":"https:\/\/riberasalud.com\/polusa\/clinicas-santo-domingo\/odontologia\/","name":"Odontolog\u00eda | Cl\u00ednica Plaza Santo Domingo","isPartOf":{"@id":"https:\/\/riberasalud.com\/polusa\/clinicas-santo-domingo\/#website"},"primaryImageOfPage":{"@id":"https:\/\/riberasalud.com\/polusa\/clinicas-santo-domingo\/odontologia\/#primaryimage"},"image":{"@id":"https:\/\/riberasalud.com\/polusa\/clinicas-santo-domingo\/odontologia\/#primaryimage"},"thumbnailUrl":"https:\/\/riberasalud.com\/polusa\/clinicas-santo-domingo\/wp-content\/uploads\/2021\/05\/Lucia-Lopez-Odontologa.jpg","datePublished":"2021-05-13T13:57:39+00:00","dateModified":"2021-05-13T16:47:57+00:00","breadcrumb":{"@id":"https:\/\/riberasalud.com\/polusa\/clinicas-santo-domingo\/odontologia\/#breadcrumb"},"inLanguage":"es","potentialAction":[{"@type":"ReadAction","target":["https:\/\/riberasalud.com\/polusa\/clinicas-santo-domingo\/odontologia\/"]}]},{"@type":"ImageObject","inLanguage":"es","@id":"https:\/\/riberasalud.com\/polusa\/clinicas-santo-domingo\/odontologia\/#primaryimage","url":"https:\/\/riberasalud.com\/polusa\/clinicas-santo-domingo\/wp-content\/uploads\/2021\/05\/Lucia-Lopez-Odontologa.jpg","contentUrl":"https:\/\/riberasalud.com\/polusa\/clinicas-santo-domingo\/wp-content\/uploads\/2021\/05\/Lucia-Lopez-Odontologa.jpg","width":95,"height":126},{"@type":"BreadcrumbList","@id":"https:\/\/riberasalud.com\/polusa\/clinicas-santo-domingo\/odontologia\/#breadcrumb","itemListElement":[{"@type":"ListItem","position":1,"name":"Portada","item":"https:\/\/riberasalud.com\/polusa\/clinicas-santo-domingo\/"},{"@type":"ListItem","position":2,"name":"Odontolog\u00eda"}]},{"@type":"WebSite","@id":"https:\/\/riberasalud.com\/polusa\/clinicas-santo-domingo\/#website","url":"https:\/\/riberasalud.com\/polusa\/clinicas-santo-domingo\/","name":"Cl\u00ednica Plaza Santo Domingo","description":"","publisher":{"@id":"https:\/\/riberasalud.com\/polusa\/clinicas-santo-domingo\/#organization"},"potentialAction":[{"@type":"SearchAction","target":{"@type":"EntryPoint","urlTemplate":"https:\/\/riberasalud.com\/polusa\/clinicas-santo-domingo\/?s={search_term_string}"},"query-input":{"@type":"PropertyValueSpecification","valueRequired":true,"valueName":"search_term_string"}}],"inLanguage":"es"},{"@type":"Organization","@id":"https:\/\/riberasalud.com\/polusa\/clinicas-santo-domingo\/#organization","name":"Cl\u00ednica Plaza Santo Domingo","url":"https:\/\/riberasalud.com\/polusa\/clinicas-santo-domingo\/","logo":{"@type":"ImageObject","inLanguage":"es","@id":"https:\/\/riberasalud.com\/polusa\/clinicas-santo-domingo\/#\/schema\/logo\/image\/","url":"https:\/\/riberasalud.com\/polusa\/clinicas-santo-domingo\/wp-content\/uploads\/2021\/05\/cropped-LogoRibera-Red-ClinicaPolusa-SantoDomingo.png","contentUrl":"https:\/\/riberasalud.com\/polusa\/clinicas-santo-domingo\/wp-content\/uploads\/2021\/05\/cropped-LogoRibera-Red-ClinicaPolusa-SantoDomingo.png","width":2377,"height":497,"caption":"Cl\u00ednica Plaza Santo Domingo"},"image":{"@id":"https:\/\/riberasalud.com\/polusa\/clinicas-santo-domingo\/#\/schema\/logo\/image\/"}}]}},"uagb_featured_image_src":{"full":false,"thumbnail":false,"medium":false,"medium_large":false,"large":false,"1536x1536":false,"2048x2048":false},"uagb_author_info":{"display_name":"jorge@quois.com","author_link":"https:\/\/riberasalud.com\/polusa\/clinicas-santo-domingo\/author\/jorgequois-com\/"},"uagb_comment_info":0,"uagb_excerpt":"Cl\u00ednica odontol\u00f3gica Ofrecemos una gran variedad de especialidades en atenci\u00f3n dental, con el fin de satisfacer los requerimientos de toda la familia. Orientados al servicio integral y personalizado de nuestros pacientes. ESPECIALIDADES Rehabilitaci\u00f3n y Est\u00e9tica Blanqueamiento Carillas de porcelana Coronas y puentes Incrustaciones est\u00e9ticas Gingivoplastia (remodelado de las enc\u00edas) Tratamiento del bruxismo: es el h\u00e1bito&hellip;","_links":{"self":[{"href":"https:\/\/riberasalud.com\/polusa\/clinicas-santo-domingo\/wp-json\/wp\/v2\/pages\/266","targetHints":{"allow":["GET"]}}],"collection":[{"href":"https:\/\/riberasalud.com\/polusa\/clinicas-santo-domingo\/wp-json\/wp\/v2\/pages"}],"about":[{"href":"https:\/\/riberasalud.com\/polusa\/clinicas-santo-domingo\/wp-json\/wp\/v2\/types\/page"}],"author":[{"embeddable":true,"href":"https:\/\/riberasalud.com\/polusa\/clinicas-santo-domingo\/wp-json\/wp\/v2\/users\/1"}],"replies":[{"embeddable":true,"href":"https:\/\/riberasalud.com\/polusa\/clinicas-santo-domingo\/wp-json\/wp\/v2\/comments?post=266"}],"version-history":[{"count":3,"href":"https:\/\/riberasalud.com\/polusa\/clinicas-santo-domingo\/wp-json\/wp\/v2\/pages\/266\/revisions"}],"predecessor-version":[{"id":363,"href":"https:\/\/riberasalud.com\/polusa\/clinicas-santo-domingo\/wp-json\/wp\/v2\/pages\/266\/revisions\/363"}],"wp:attachment":[{"href":"https:\/\/riberasalud.com\/polusa\/clinicas-santo-domingo\/wp-json\/wp\/v2\/media?parent=266"}],"curies":[{"name":"wp","href":"https:\/\/api.w.org\/{rel}","templated":true}]}}