{"id":265,"date":"2021-05-13T13:57:39","date_gmt":"2021-05-13T13:57:39","guid":{"rendered":"https:\/\/riberasalud.com\/polusa\/clinicas-santo-domingo\/?page_id=265"},"modified":"2021-05-18T08:28:45","modified_gmt":"2021-05-18T08:28:45","slug":"cirugia-plastica","status":"publish","type":"page","link":"https:\/\/riberasalud.com\/polusa\/clinicas-santo-domingo\/cirugia-plastica\/","title":{"rendered":"Cirug\u00eda Pl\u00e1stica"},"content":{"rendered":"<div id=\"gutenslider-jkye21rkv\" class=\"wp-block-eedee-block-gutenslider content-change alignnone arrow-style-1 arrow-position-sides arrow-mb-none arrows-lg-none arrows-md-none arrows-sm-none dot-style-1 dots-lg-none dots-md-none dots-sm-none dot-position-bottom is-position-center-center mb-none\" style=\"--gutenslider-min-height: 50vh;--gutenslider-arrow-size: 30px;--gutenslider-dot-size: 25px;--gutenslider-arrow-color: #ffffff;--gutenslider-dot-color: #ffffff;--gutenslider-padding-y-mobile: 40px;--gutenslider-padding-x-mobile: 40px;--gutenslider-padding-y-tablet: 40px;--gutenslider-padding-x-tablet: 40px;--gutenslider-padding-y-desktop: 40px;--gutenslider-padding-x-desktop: 40px;--gutenslider-bg-image: url();--gutenslider-min-height-md: 50vh;--gutenslider-min-height-sm: 50vh;--gutenslider-padding-x: 40px;--gutenslider-padding-x-md: 40px;--gutenslider-padding-x-sm: 20px;--gutenslider-padding-y: 40px;--gutenslider-padding-y-md: 40px;--gutenslider-padding-y-sm: 20px;--gutenslider-arrow-size-md: 30px;--gutenslider-arrow-size-sm: 30px;--gutenslider-dot-size-md: 25px;--gutenslider-dot-size-sm: 25px;--gutenslider-arrow-bg-color: transparent;--gutenslider-arrow-hover-color: #eeeeee;--gutenslider-arrow-bg-hover-color: transparent;--gutenslider-arrow-x-offset: 10px;--gutenslider-arrow-x-offset-md: 10px;--gutenslider-arrow-x-offset-sm: 10px;--gutenslider-arrow-y-offset: 0px;--gutenslider-arrow-y-offset-md: 0px;--gutenslider-arrow-y-offset-sm: 0px;--gutenslider-arrow-x-spacing: 0px;--gutenslider-dot-y-offset: 10px;--gutenslider-dot-y-offset-md: 10px;--gutenslider-dot-y-offset-sm: 10px;--gutenslider-margin-x: 0px;--gutenslider-margin-x-md: 0px;--gutenslider-margin-x-sm: 0px;--gutenslider-margin-y: 0px;--gutenslider-margin-y-md: 0px;--gutenslider-margin-y-sm: 0px;\" data-parallax-direction=\"down\" data-parallax-amount=\"1.3\"><div class=\"eedee-swiper-outer\"><div class=\"swiper-container\" data-settings='{\"autoplay\":false,\"speed\":700,\"direction\":\"horizontal\",\"autoHeight\":false,\"loop\":false,\"centeredSlides\":true,\"spaceBetween\":0,\"slidesPerView\":1,\"slidesPerGroup\":1,\"effect\":\"slide\",\"coverflowEffect\":{\"rotate\":30,\"slideShadows\":false,\"depth\":100,\"stretch\":50,\"modifier\":1},\"fadeEffect\":{\"crossFade\":true},\"zoom\":false,\"navigation\":{\"nextEl\":\"#gutenslider-jkye21rkv .eedee-gutenslider-next\",\"prevEl\":\"#gutenslider-jkye21rkv .eedee-gutenslider-prev\"},\"pagination\":{\"type\":\"bullets\",\"clickable\":true,\"dynamicBullets\":false,\"el\":\"#gutenslider-jkye21rkv .eedee-gutenslider-pagination\"},\"pauseOnHover\":true,\"watchSlidesProgress\":true,\"watchSlidesVisibility\":true,\"settingsMd\":{\"autoHeight\":false,\"slidesPerView\":1,\"slidesPerGroup\":1,\"spaceBetween\":0},\"settingsLg\":{\"autoHeight\":false,\"slidesPerView\":1,\"slidesPerGroup\":1,\"spaceBetween\":0}}'><div class=\"swiper-wrapper\">\n<div class=\"swiper-slide wp-block-eedee-block-gutenslide is-position-center-center\" style=\"\"><div class=\"eedee-background-div\"><img loading=\"lazy\" decoding=\"async\" width=\"1921\" height=\"599\" class=\"swiper-lazy wp-image-355\" src=\"https:\/\/riberasalud.com\/polusa\/clinicas-santo-domingo\/wp-content\/uploads\/2021\/05\/Home_plastica.jpg\" alt=\"\" style=\"object-fit: cover; object-position: 50% 50%;\" srcset=\"https:\/\/riberasalud.com\/polusa\/clinicas-santo-domingo\/wp-content\/uploads\/2021\/05\/Home_plastica.jpg 1921w, https:\/\/riberasalud.com\/polusa\/clinicas-santo-domingo\/wp-content\/uploads\/2021\/05\/Home_plastica-300x94.jpg 300w, https:\/\/riberasalud.com\/polusa\/clinicas-santo-domingo\/wp-content\/uploads\/2021\/05\/Home_plastica-1024x319.jpg 1024w, https:\/\/riberasalud.com\/polusa\/clinicas-santo-domingo\/wp-content\/uploads\/2021\/05\/Home_plastica-768x239.jpg 768w, https:\/\/riberasalud.com\/polusa\/clinicas-santo-domingo\/wp-content\/uploads\/2021\/05\/Home_plastica-1536x479.jpg 1536w\" sizes=\"auto, (max-width: 1921px) 100vw, 1921px\" \/><div class=\"eedee-background-div__overlay\" style=\"opacity:1;\"><\/div><\/div><div class=\"slide-content\">\n\n<h1 class=\"wp-block-heading\">Cirug\u00eda Pl\u00e1stica<\/h1>\n\n\n\n<p><em><em>Reg. Sanitario C-27-001035<\/em><\/em><\/p>\n\n<\/div><\/div>\n\n\n<div class=\"wp-block-group is-layout-flow wp-block-group-is-layout-flow\"><div class=\"wp-block-group__inner-container\"><\/div><\/div>\n\n<\/div><\/div><button class=\"eedee-gutenslider-nav eedee-gutenslider-prev\"><svg xmlns=\"http:\/\/www.w3.org\/2000\/svg\" viewBox=\"0 0 24 24\" width=\"24\" height=\"24\"><circle class=\"bg\" cx=\"13\" cy=\"12\" r=\"11\" \/><path fill=\"none\" d=\"M0 0h24v24H0z\"\/><path class=\"arrow\" d=\"M10.828 12l4.95 4.95-1.414 1.414L8 12l6.364-6.364 1.414 1.414z\"\/><\/svg><\/button><button class=\"eedee-gutenslider-nav eedee-gutenslider-next\"><svg xmlns=\"http:\/\/www.w3.org\/2000\/svg\" viewBox=\"0 0 24 24\" width=\"24\" height=\"24\"><circle class=\"bg\" cx=\"11\" cy=\"12\" r=\"11\" \/><path fill=\"none\" d=\"M0 0h24v24H0z\"\/><path class=\"arrow\" d=\"M13.172 12l-4.95-4.95 1.414-1.414L16 12l-6.364 6.364-1.414-1.414z\"\/><\/svg><\/button><div class=\"eedee-gutenslider-pagination\"><\/div><\/div><\/div>\n\n\n<div class=\"wp-block-group\"><div class=\"wp-block-group__inner-container is-layout-flow wp-block-group-is-layout-flow\">\n<div class=\"wp-block-columns alignwide is-layout-flex wp-container-core-columns-is-layout-9d6595d7 wp-block-columns-is-layout-flex\">\n<div class=\"wp-block-column is-layout-flow wp-block-column-is-layout-flow\">\n<div class=\"wp-block-uagb-info-box popmake-846 uagb-infobox__outer-wrap uagb-block-d37ae294\"><div class=\"uagb-infobox__content-wrap uagb-infobox uagb-infobox-has-image uagb-infobox-icon-above-title uagb-infobox-image-valign-top uagb-infobox-enable-border-radius \"><div class=\"uagb-ifb-left-right-wrap\"><div class=\"uagb-ifb-content\"><div class=\"uagb-ifb-image-icon-content uagb-ifb-imgicon-wrap\"><div class=\"uagb-ifb-image\"><div class=\"uagb-ifb-image-content\"><img decoding=\"async\" class=\"uagb-ifb-img-src\" src=\"https:\/\/riberasalud.com\/polusa\/clinicas-santo-domingo\/wp-content\/uploads\/2021\/05\/Pilar-Casteleiro.jpg\" alt=\"\"\/><\/div><\/div><\/div><div class=\"uagb-ifb-title-wrap\"><h3 class=\"uagb-ifb-title\">Dra. Mar\u00eda del Pilar Casteleiro Roca<\/h3><\/div><div class=\"uagb-ifb-text-wrap\"><p class=\"uagb-ifb-desc\">Cirug\u00eda Pl\u00e1stica y Reparadora<\/p><\/div><\/div><\/div><\/div><\/div>\n<\/div>\n<\/div>\n\n\n\n<div class=\"wp-block-columns is-layout-flex wp-container-core-columns-is-layout-9d6595d7 wp-block-columns-is-layout-flex\">\n<div class=\"wp-block-column is-layout-flow wp-block-column-is-layout-flow\">\n<p class=\"has-text-align-center\" style=\"font-size:25px\"><span style=\"color: #d11728;\" class=\"ugb-highlight\">Cirug\u00eda Pl\u00e1stica<\/span><\/p>\n\n\n\n<p>En las Cl\u00ednicas Polusa Santo Domingo encontrar\u00e1s a la Dra. Pilar Casteleiro, m\u00e9dico especialista en Cirug\u00eda Pl\u00e1stica y Reparadora, miembro de la SECPRE (Sociedad Espa\u00f1ola de Cirug\u00eda Pl\u00e1stica y Reparadora). La Dra. Casteleiro es m\u00e9dico adjunta al Servicio de Cirug\u00eda Pl\u00e1stica del Complejo Hospitalario de La Coru\u00f1a y tiene amplia experiencia, tanto en Cirug\u00eda Reparadora como en Medicina Est\u00e9tica.<br><br>En la Cl\u00ednica Plaza Santo Domingo, si lo deseas, te gestionamos la financiaci\u00f3n del proceso para que te sea m\u00e1s c\u00f3modo.<br>Realizamos en los hospitales concertados todo tipo de cirug\u00eda de mama. Solo trabajamos con pr\u00f3tesis ampliamente contrastadas que nos ofrecen todas las garant\u00edas sanitarias.<br>En resumen, realizamos todo tipo de cirug\u00eda pl\u00e1stica, tanto a nivel funcional como a nivel est\u00e9tico.<br><br><strong>CIRUG\u00cdA DE LA MANO<\/strong><\/p>\n\n\n\n<ul class=\"is-style-default wp-block-list\"><li>S\u00edndrome de t\u00fanel Carpiano<\/li><li>Enfermedad de Dupuytren<\/li><li>S\u00edndrome atrapamiento cubital: liberaci\u00f3n canal de Guyon, canal epitroclear<\/li><li>Gangliones<\/li><li>Fracturas y luxaciones. Patolog\u00eda ligamentosa.<\/li><li>Amputaciones\/Reimplante*<\/li><li>Infecciones de la mano. Patolog\u00eda inflamatoria<\/li><li>Mano traum\u00e1tica<\/li><li>Reparaci\u00f3n nerviosa: n. Mediano, n. Cubital, nn. Colaterales&#8230;<\/li><li>Reparaci\u00f3n tendinosa: flexores, extensores&#8230;<\/li><li>Rizartrosis<\/li><li>Enfermedad de De Quervain, enfermedad de Kiemb\u00f6ck<\/li><\/ul>\n\n\n\n<p><strong>CIRUG\u00cdA MAXILOFACIAL<\/strong><\/p>\n\n\n\n<ul class=\"is-style-default wp-block-list\"><li>Fracturas nasales<\/li><li>Rinoplastia<\/li><li>Fracturas orbitarias y malares<\/li><li>Otoplastia<\/li><li>Blefaroplastia<\/li><li>Tratamiento de malposiciones palpebrales, ectropi\u00f3n&#8230;<\/li><\/ul>\n\n\n\n<p><strong>CIRUG\u00cdA MAMARIA<\/strong><\/p>\n\n\n\n<ul class=\"is-style-default wp-block-list\"><li>Reconstrucci\u00f3n mamaria: inmediata o diferida. Tejido aut\u00f3logo o implantes<\/li><li>Reducci\u00f3n mamaria<\/li><li>Aumento mamario<\/li><li>Reconstrucci\u00f3n complejo areola-pez\u00f3n<\/li><\/ul>\n\n\n\n<p><strong>TRONCO<\/strong><\/p>\n\n\n\n<ul class=\"is-style-default wp-block-list\"><li>Cirug\u00eda postbari\u00e1trica<\/li><li>Abdominoplastia<\/li><li>Hidrosadenitis<\/li><li>Liposucci\u00f3n<\/li><\/ul>\n\n\n\n<p><strong>QUEMADOS<\/strong><\/p>\n\n\n\n<ul class=\"is-style-default wp-block-list\"><li>Tratamiento del paciente quemado<\/li><li>Secuelas postquemadura<\/li><\/ul>\n\n\n\n<p><strong>LIPOSUCCION<\/strong><br>Estamos trabajando la Lipoescultura con la nueva tecnolog\u00eda de Liposucci\u00f3n.<br>Para los casos en los que buscas la eliminaci\u00f3n inmediata de zonas de grasa acumulada, esta t\u00e9cnica es la \u00fanica que te permite conseguir los resultados deseados en poco tiempo.<br><br><strong>GENERAL<\/strong><\/p>\n\n\n\n<ul class=\"is-style-default wp-block-list\"><li>Tumores cut\u00e1neos y de partes blandas Benignos: nevus, fibromas, lipomas&#8230; Malignos: Melanoma, Sarcomas&#8230;<\/li><li>Infecciones de piel y de partes blandas<\/li><li>Cobertura (P\u00e9rdidas de sustancia, \u00falceras, exposici\u00f3n \u00f3sea o prot\u00e9sica..)<\/li><li>Injertos cut\u00e1neos: Colgajos cut\u00e1neos, musculocut\u00e1neos, musculares, fasciocut\u00e1neos&#8230;<\/li><li>Tratamiento de heridas<\/li><li>Cirug\u00eda del nervio perif\u00e9rico: reparaci\u00f3n, descompresi\u00f3n -Biopsias: tumores, arteria temporal&#8230;.<\/li><\/ul>\n<\/div>\n<\/div>\n<\/div><\/div>\n","protected":false},"excerpt":{"rendered":"<p>Cirug\u00eda Pl\u00e1stica En las Cl\u00ednicas Polusa Santo Domingo encontrar\u00e1s a la Dra. Pilar Casteleiro, m\u00e9dico especialista en Cirug\u00eda Pl\u00e1stica y Reparadora, miembro de la SECPRE (Sociedad Espa\u00f1ola de Cirug\u00eda Pl\u00e1stica y Reparadora). La Dra. Casteleiro es m\u00e9dico adjunta al Servicio de Cirug\u00eda Pl\u00e1stica del Complejo Hospitalario de La Coru\u00f1a y tiene amplia experiencia, tanto en &#8230; <a title=\"Cirug\u00eda Pl\u00e1stica\" class=\"read-more\" href=\"https:\/\/riberasalud.com\/polusa\/clinicas-santo-domingo\/cirugia-plastica\/\" aria-label=\"M\u00e1s en Cirug\u00eda Pl\u00e1stica\">Leer m\u00e1s<\/a><\/p>\n","protected":false},"author":1,"featured_media":0,"parent":0,"menu_order":0,"comment_status":"closed","ping_status":"closed","template":"","meta":{"_editorskit_title_hidden":false,"_editorskit_reading_time":0,"_coblocks_attr":"","_coblocks_dimensions":"","_coblocks_responsive_height":"","_coblocks_accordion_ie_support":"","_generate-full-width-content":"true","_mi_skip_tracking":false,"footnotes":""},"class_list":["post-265","page","type-page","status-publish"],"featured_image_urls":{"full":"","thumbnail":"","medium":"","medium_large":"","large":"","1536x1536":"","2048x2048":""},"post_excerpt_stackable":"<p>Cirug\u00eda Pl\u00e1stica Reg. Sanitario C-27-001035 Dra. Mar\u00eda del Pilar Casteleiro RocaCirug\u00eda Pl\u00e1stica y Reparadora Cirug\u00eda Pl\u00e1stica En las Cl\u00ednicas Polusa Santo Domingo encontrar\u00e1s a la Dra. Pilar Casteleiro, m\u00e9dico especialista en Cirug\u00eda Pl\u00e1stica y Reparadora, miembro de la SECPRE (Sociedad Espa\u00f1ola de Cirug\u00eda Pl\u00e1stica y Reparadora). La Dra. Casteleiro es m\u00e9dico adjunta al Servicio de Cirug\u00eda Pl\u00e1stica del Complejo Hospitalario de La Coru\u00f1a y tiene amplia experiencia, tanto en Cirug\u00eda Reparadora como en Medicina Est\u00e9tica.En la Cl\u00ednica Plaza Santo Domingo, si lo deseas, te gestionamos la financiaci\u00f3n del proceso para que te sea m\u00e1s c\u00f3modo.Realizamos en los hospitales concertados todo&hellip;<\/p>\n","category_list":"","author_info":{"name":"jorge@quois.com","url":"https:\/\/riberasalud.com\/polusa\/clinicas-santo-domingo\/author\/jorgequois-com\/"},"comments_num":"0 comentarios","featured_image_urls_v2":{"full":"","thumbnail":"","medium":"","medium_large":"","large":"","1536x1536":"","2048x2048":""},"post_excerpt_stackable_v2":"<p>Cirug\u00eda Pl\u00e1stica Reg. Sanitario C-27-001035 Dra. Mar\u00eda del Pilar Casteleiro RocaCirug\u00eda Pl\u00e1stica y Reparadora Cirug\u00eda Pl\u00e1stica En las Cl\u00ednicas Polusa Santo Domingo encontrar\u00e1s a la Dra. Pilar Casteleiro, m\u00e9dico especialista en Cirug\u00eda Pl\u00e1stica y Reparadora, miembro de la SECPRE (Sociedad Espa\u00f1ola de Cirug\u00eda Pl\u00e1stica y Reparadora). La Dra. Casteleiro es m\u00e9dico adjunta al Servicio de Cirug\u00eda Pl\u00e1stica del Complejo Hospitalario de La Coru\u00f1a y tiene amplia experiencia, tanto en Cirug\u00eda Reparadora como en Medicina Est\u00e9tica.En la Cl\u00ednica Plaza Santo Domingo, si lo deseas, te gestionamos la financiaci\u00f3n del proceso para que te sea m\u00e1s c\u00f3modo.Realizamos en los hospitales concertados todo&hellip;<\/p>\n","category_list_v2":"","author_info_v2":{"name":"jorge@quois.com","url":"https:\/\/riberasalud.com\/polusa\/clinicas-santo-domingo\/author\/jorgequois-com\/"},"comments_num_v2":"0 comentarios","yoast_head":"<!-- This site is optimized with the Yoast SEO plugin v26.9 - https:\/\/yoast.com\/product\/yoast-seo-wordpress\/ -->\n<title>Cirug\u00eda Pl\u00e1stica | Cl\u00ednica Plaza Santo Domingo<\/title>\n<meta name=\"robots\" content=\"index, follow, max-snippet:-1, max-image-preview:large, max-video-preview:-1\" \/>\n<link rel=\"canonical\" href=\"https:\/\/riberasalud.com\/polusa\/clinicas-santo-domingo\/cirugia-plastica\/\" \/>\n<meta property=\"og:locale\" content=\"es_ES\" \/>\n<meta property=\"og:type\" content=\"article\" \/>\n<meta property=\"og:title\" content=\"Cirug\u00eda Pl\u00e1stica | Cl\u00ednica Plaza Santo Domingo\" \/>\n<meta property=\"og:description\" content=\"Cirug\u00eda Pl\u00e1stica En las Cl\u00ednicas Polusa Santo Domingo encontrar\u00e1s a la Dra. Pilar Casteleiro, m\u00e9dico especialista en Cirug\u00eda Pl\u00e1stica y Reparadora, miembro de la SECPRE (Sociedad Espa\u00f1ola de Cirug\u00eda Pl\u00e1stica y Reparadora). La Dra. Casteleiro es m\u00e9dico adjunta al Servicio de Cirug\u00eda Pl\u00e1stica del Complejo Hospitalario de La Coru\u00f1a y tiene amplia experiencia, tanto en ... Leer m\u00e1s\" \/>\n<meta property=\"og:url\" content=\"https:\/\/riberasalud.com\/polusa\/clinicas-santo-domingo\/cirugia-plastica\/\" \/>\n<meta property=\"og:site_name\" content=\"Cl\u00ednica Plaza Santo Domingo\" \/>\n<meta property=\"article:modified_time\" content=\"2021-05-18T08:28:45+00:00\" \/>\n<meta property=\"og:image\" content=\"https:\/\/riberasalud.com\/polusa\/clinicas-santo-domingo\/wp-content\/uploads\/2021\/05\/Pilar-Casteleiro.jpg\" \/>\n<meta name=\"twitter:card\" content=\"summary_large_image\" \/>\n<meta name=\"twitter:label1\" content=\"Tiempo de lectura\" \/>\n\t<meta name=\"twitter:data1\" content=\"2 minutos\" \/>\n<script type=\"application\/ld+json\" class=\"yoast-schema-graph\">{\"@context\":\"https:\/\/schema.org\",\"@graph\":[{\"@type\":\"WebPage\",\"@id\":\"https:\/\/riberasalud.com\/polusa\/clinicas-santo-domingo\/cirugia-plastica\/\",\"url\":\"https:\/\/riberasalud.com\/polusa\/clinicas-santo-domingo\/cirugia-plastica\/\",\"name\":\"Cirug\u00eda Pl\u00e1stica | Cl\u00ednica Plaza Santo Domingo\",\"isPartOf\":{\"@id\":\"https:\/\/riberasalud.com\/polusa\/clinicas-santo-domingo\/#website\"},\"primaryImageOfPage\":{\"@id\":\"https:\/\/riberasalud.com\/polusa\/clinicas-santo-domingo\/cirugia-plastica\/#primaryimage\"},\"image\":{\"@id\":\"https:\/\/riberasalud.com\/polusa\/clinicas-santo-domingo\/cirugia-plastica\/#primaryimage\"},\"thumbnailUrl\":\"https:\/\/riberasalud.com\/polusa\/clinicas-santo-domingo\/wp-content\/uploads\/2021\/05\/Pilar-Casteleiro.jpg\",\"datePublished\":\"2021-05-13T13:57:39+00:00\",\"dateModified\":\"2021-05-18T08:28:45+00:00\",\"breadcrumb\":{\"@id\":\"https:\/\/riberasalud.com\/polusa\/clinicas-santo-domingo\/cirugia-plastica\/#breadcrumb\"},\"inLanguage\":\"es\",\"potentialAction\":[{\"@type\":\"ReadAction\",\"target\":[\"https:\/\/riberasalud.com\/polusa\/clinicas-santo-domingo\/cirugia-plastica\/\"]}]},{\"@type\":\"ImageObject\",\"inLanguage\":\"es\",\"@id\":\"https:\/\/riberasalud.com\/polusa\/clinicas-santo-domingo\/cirugia-plastica\/#primaryimage\",\"url\":\"https:\/\/riberasalud.com\/polusa\/clinicas-santo-domingo\/wp-content\/uploads\/2021\/05\/Pilar-Casteleiro.jpg\",\"contentUrl\":\"https:\/\/riberasalud.com\/polusa\/clinicas-santo-domingo\/wp-content\/uploads\/2021\/05\/Pilar-Casteleiro.jpg\",\"width\":97,\"height\":125},{\"@type\":\"BreadcrumbList\",\"@id\":\"https:\/\/riberasalud.com\/polusa\/clinicas-santo-domingo\/cirugia-plastica\/#breadcrumb\",\"itemListElement\":[{\"@type\":\"ListItem\",\"position\":1,\"name\":\"Portada\",\"item\":\"https:\/\/riberasalud.com\/polusa\/clinicas-santo-domingo\/\"},{\"@type\":\"ListItem\",\"position\":2,\"name\":\"Cirug\u00eda Pl\u00e1stica\"}]},{\"@type\":\"WebSite\",\"@id\":\"https:\/\/riberasalud.com\/polusa\/clinicas-santo-domingo\/#website\",\"url\":\"https:\/\/riberasalud.com\/polusa\/clinicas-santo-domingo\/\",\"name\":\"Cl\u00ednica Plaza Santo Domingo\",\"description\":\"\",\"publisher\":{\"@id\":\"https:\/\/riberasalud.com\/polusa\/clinicas-santo-domingo\/#organization\"},\"potentialAction\":[{\"@type\":\"SearchAction\",\"target\":{\"@type\":\"EntryPoint\",\"urlTemplate\":\"https:\/\/riberasalud.com\/polusa\/clinicas-santo-domingo\/?s={search_term_string}\"},\"query-input\":{\"@type\":\"PropertyValueSpecification\",\"valueRequired\":true,\"valueName\":\"search_term_string\"}}],\"inLanguage\":\"es\"},{\"@type\":\"Organization\",\"@id\":\"https:\/\/riberasalud.com\/polusa\/clinicas-santo-domingo\/#organization\",\"name\":\"Cl\u00ednica Plaza Santo Domingo\",\"url\":\"https:\/\/riberasalud.com\/polusa\/clinicas-santo-domingo\/\",\"logo\":{\"@type\":\"ImageObject\",\"inLanguage\":\"es\",\"@id\":\"https:\/\/riberasalud.com\/polusa\/clinicas-santo-domingo\/#\/schema\/logo\/image\/\",\"url\":\"https:\/\/riberasalud.com\/polusa\/clinicas-santo-domingo\/wp-content\/uploads\/2021\/05\/cropped-LogoRibera-Red-ClinicaPolusa-SantoDomingo.png\",\"contentUrl\":\"https:\/\/riberasalud.com\/polusa\/clinicas-santo-domingo\/wp-content\/uploads\/2021\/05\/cropped-LogoRibera-Red-ClinicaPolusa-SantoDomingo.png\",\"width\":2377,\"height\":497,\"caption\":\"Cl\u00ednica Plaza Santo Domingo\"},\"image\":{\"@id\":\"https:\/\/riberasalud.com\/polusa\/clinicas-santo-domingo\/#\/schema\/logo\/image\/\"}}]}<\/script>\n<!-- \/ Yoast SEO plugin. -->","yoast_head_json":{"title":"Cirug\u00eda Pl\u00e1stica | Cl\u00ednica Plaza Santo Domingo","robots":{"index":"index","follow":"follow","max-snippet":"max-snippet:-1","max-image-preview":"max-image-preview:large","max-video-preview":"max-video-preview:-1"},"canonical":"https:\/\/riberasalud.com\/polusa\/clinicas-santo-domingo\/cirugia-plastica\/","og_locale":"es_ES","og_type":"article","og_title":"Cirug\u00eda Pl\u00e1stica | Cl\u00ednica Plaza Santo Domingo","og_description":"Cirug\u00eda Pl\u00e1stica En las Cl\u00ednicas Polusa Santo Domingo encontrar\u00e1s a la Dra. Pilar Casteleiro, m\u00e9dico especialista en Cirug\u00eda Pl\u00e1stica y Reparadora, miembro de la SECPRE (Sociedad Espa\u00f1ola de Cirug\u00eda Pl\u00e1stica y Reparadora). La Dra. Casteleiro es m\u00e9dico adjunta al Servicio de Cirug\u00eda Pl\u00e1stica del Complejo Hospitalario de La Coru\u00f1a y tiene amplia experiencia, tanto en ... Leer m\u00e1s","og_url":"https:\/\/riberasalud.com\/polusa\/clinicas-santo-domingo\/cirugia-plastica\/","og_site_name":"Cl\u00ednica Plaza Santo Domingo","article_modified_time":"2021-05-18T08:28:45+00:00","og_image":[{"url":"https:\/\/riberasalud.com\/polusa\/clinicas-santo-domingo\/wp-content\/uploads\/2021\/05\/Pilar-Casteleiro.jpg","type":"","width":"","height":""}],"twitter_card":"summary_large_image","twitter_misc":{"Tiempo de lectura":"2 minutos"},"schema":{"@context":"https:\/\/schema.org","@graph":[{"@type":"WebPage","@id":"https:\/\/riberasalud.com\/polusa\/clinicas-santo-domingo\/cirugia-plastica\/","url":"https:\/\/riberasalud.com\/polusa\/clinicas-santo-domingo\/cirugia-plastica\/","name":"Cirug\u00eda Pl\u00e1stica | Cl\u00ednica Plaza Santo Domingo","isPartOf":{"@id":"https:\/\/riberasalud.com\/polusa\/clinicas-santo-domingo\/#website"},"primaryImageOfPage":{"@id":"https:\/\/riberasalud.com\/polusa\/clinicas-santo-domingo\/cirugia-plastica\/#primaryimage"},"image":{"@id":"https:\/\/riberasalud.com\/polusa\/clinicas-santo-domingo\/cirugia-plastica\/#primaryimage"},"thumbnailUrl":"https:\/\/riberasalud.com\/polusa\/clinicas-santo-domingo\/wp-content\/uploads\/2021\/05\/Pilar-Casteleiro.jpg","datePublished":"2021-05-13T13:57:39+00:00","dateModified":"2021-05-18T08:28:45+00:00","breadcrumb":{"@id":"https:\/\/riberasalud.com\/polusa\/clinicas-santo-domingo\/cirugia-plastica\/#breadcrumb"},"inLanguage":"es","potentialAction":[{"@type":"ReadAction","target":["https:\/\/riberasalud.com\/polusa\/clinicas-santo-domingo\/cirugia-plastica\/"]}]},{"@type":"ImageObject","inLanguage":"es","@id":"https:\/\/riberasalud.com\/polusa\/clinicas-santo-domingo\/cirugia-plastica\/#primaryimage","url":"https:\/\/riberasalud.com\/polusa\/clinicas-santo-domingo\/wp-content\/uploads\/2021\/05\/Pilar-Casteleiro.jpg","contentUrl":"https:\/\/riberasalud.com\/polusa\/clinicas-santo-domingo\/wp-content\/uploads\/2021\/05\/Pilar-Casteleiro.jpg","width":97,"height":125},{"@type":"BreadcrumbList","@id":"https:\/\/riberasalud.com\/polusa\/clinicas-santo-domingo\/cirugia-plastica\/#breadcrumb","itemListElement":[{"@type":"ListItem","position":1,"name":"Portada","item":"https:\/\/riberasalud.com\/polusa\/clinicas-santo-domingo\/"},{"@type":"ListItem","position":2,"name":"Cirug\u00eda Pl\u00e1stica"}]},{"@type":"WebSite","@id":"https:\/\/riberasalud.com\/polusa\/clinicas-santo-domingo\/#website","url":"https:\/\/riberasalud.com\/polusa\/clinicas-santo-domingo\/","name":"Cl\u00ednica Plaza Santo Domingo","description":"","publisher":{"@id":"https:\/\/riberasalud.com\/polusa\/clinicas-santo-domingo\/#organization"},"potentialAction":[{"@type":"SearchAction","target":{"@type":"EntryPoint","urlTemplate":"https:\/\/riberasalud.com\/polusa\/clinicas-santo-domingo\/?s={search_term_string}"},"query-input":{"@type":"PropertyValueSpecification","valueRequired":true,"valueName":"search_term_string"}}],"inLanguage":"es"},{"@type":"Organization","@id":"https:\/\/riberasalud.com\/polusa\/clinicas-santo-domingo\/#organization","name":"Cl\u00ednica Plaza Santo Domingo","url":"https:\/\/riberasalud.com\/polusa\/clinicas-santo-domingo\/","logo":{"@type":"ImageObject","inLanguage":"es","@id":"https:\/\/riberasalud.com\/polusa\/clinicas-santo-domingo\/#\/schema\/logo\/image\/","url":"https:\/\/riberasalud.com\/polusa\/clinicas-santo-domingo\/wp-content\/uploads\/2021\/05\/cropped-LogoRibera-Red-ClinicaPolusa-SantoDomingo.png","contentUrl":"https:\/\/riberasalud.com\/polusa\/clinicas-santo-domingo\/wp-content\/uploads\/2021\/05\/cropped-LogoRibera-Red-ClinicaPolusa-SantoDomingo.png","width":2377,"height":497,"caption":"Cl\u00ednica Plaza Santo Domingo"},"image":{"@id":"https:\/\/riberasalud.com\/polusa\/clinicas-santo-domingo\/#\/schema\/logo\/image\/"}}]}},"uagb_featured_image_src":{"full":false,"thumbnail":false,"medium":false,"medium_large":false,"large":false,"1536x1536":false,"2048x2048":false},"uagb_author_info":{"display_name":"jorge@quois.com","author_link":"https:\/\/riberasalud.com\/polusa\/clinicas-santo-domingo\/author\/jorgequois-com\/"},"uagb_comment_info":0,"uagb_excerpt":"Cirug\u00eda Pl\u00e1stica En las Cl\u00ednicas Polusa Santo Domingo encontrar\u00e1s a la Dra. Pilar Casteleiro, m\u00e9dico especialista en Cirug\u00eda Pl\u00e1stica y Reparadora, miembro de la SECPRE (Sociedad Espa\u00f1ola de Cirug\u00eda Pl\u00e1stica y Reparadora). La Dra. Casteleiro es m\u00e9dico adjunta al Servicio de Cirug\u00eda Pl\u00e1stica del Complejo Hospitalario de La Coru\u00f1a y tiene amplia experiencia, tanto en&hellip;","_links":{"self":[{"href":"https:\/\/riberasalud.com\/polusa\/clinicas-santo-domingo\/wp-json\/wp\/v2\/pages\/265","targetHints":{"allow":["GET"]}}],"collection":[{"href":"https:\/\/riberasalud.com\/polusa\/clinicas-santo-domingo\/wp-json\/wp\/v2\/pages"}],"about":[{"href":"https:\/\/riberasalud.com\/polusa\/clinicas-santo-domingo\/wp-json\/wp\/v2\/types\/page"}],"author":[{"embeddable":true,"href":"https:\/\/riberasalud.com\/polusa\/clinicas-santo-domingo\/wp-json\/wp\/v2\/users\/1"}],"replies":[{"embeddable":true,"href":"https:\/\/riberasalud.com\/polusa\/clinicas-santo-domingo\/wp-json\/wp\/v2\/comments?post=265"}],"version-history":[{"count":4,"href":"https:\/\/riberasalud.com\/polusa\/clinicas-santo-domingo\/wp-json\/wp\/v2\/pages\/265\/revisions"}],"predecessor-version":[{"id":687,"href":"https:\/\/riberasalud.com\/polusa\/clinicas-santo-domingo\/wp-json\/wp\/v2\/pages\/265\/revisions\/687"}],"wp:attachment":[{"href":"https:\/\/riberasalud.com\/polusa\/clinicas-santo-domingo\/wp-json\/wp\/v2\/media?parent=265"}],"curies":[{"name":"wp","href":"https:\/\/api.w.org\/{rel}","templated":true}]}}