{"id":170,"date":"2021-05-13T07:29:49","date_gmt":"2021-05-13T07:29:49","guid":{"rendered":"https:\/\/riberasalud.com\/polusa\/clinicas-santo-domingo\/?page_id=170"},"modified":"2024-02-28T14:14:06","modified_gmt":"2024-02-28T14:14:06","slug":"psiquiatria","status":"publish","type":"page","link":"https:\/\/riberasalud.com\/polusa\/clinicas-santo-domingo\/psiquiatria\/","title":{"rendered":"Psiquiatr\u00eda"},"content":{"rendered":"<div id=\"gutenslider-dmm1sngm8\" class=\"wp-block-eedee-block-gutenslider content-change alignnone arrow-style-1 arrow-position-sides arrow-mb-none arrows-lg-none arrows-md-none arrows-sm-none dot-style-1 dots-lg-none dots-md-none dots-sm-none dot-position-bottom is-position-center-center mb-none\" style=\"--gutenslider-min-height: 50vh;--gutenslider-arrow-size: 30px;--gutenslider-dot-size: 25px;--gutenslider-arrow-color: #ffffff;--gutenslider-dot-color: #ffffff;--gutenslider-padding-y-mobile: 40px;--gutenslider-padding-x-mobile: 40px;--gutenslider-padding-y-tablet: 40px;--gutenslider-padding-x-tablet: 40px;--gutenslider-padding-y-desktop: 40px;--gutenslider-padding-x-desktop: 40px;--gutenslider-bg-image: url();--gutenslider-min-height-md: 50vh;--gutenslider-min-height-sm: 50vh;--gutenslider-padding-x: 40px;--gutenslider-padding-x-md: 40px;--gutenslider-padding-x-sm: 20px;--gutenslider-padding-y: 40px;--gutenslider-padding-y-md: 40px;--gutenslider-padding-y-sm: 20px;--gutenslider-arrow-size-md: 30px;--gutenslider-arrow-size-sm: 30px;--gutenslider-dot-size-md: 25px;--gutenslider-dot-size-sm: 25px;--gutenslider-arrow-bg-color: transparent;--gutenslider-arrow-hover-color: #eeeeee;--gutenslider-arrow-bg-hover-color: transparent;--gutenslider-arrow-x-offset: 10px;--gutenslider-arrow-x-offset-md: 10px;--gutenslider-arrow-x-offset-sm: 10px;--gutenslider-arrow-y-offset: 0px;--gutenslider-arrow-y-offset-md: 0px;--gutenslider-arrow-y-offset-sm: 0px;--gutenslider-arrow-x-spacing: 0px;--gutenslider-dot-y-offset: 10px;--gutenslider-dot-y-offset-md: 10px;--gutenslider-dot-y-offset-sm: 10px;--gutenslider-margin-x: 0px;--gutenslider-margin-x-md: 0px;--gutenslider-margin-x-sm: 0px;--gutenslider-margin-y: 0px;--gutenslider-margin-y-md: 0px;--gutenslider-margin-y-sm: 0px;\" data-parallax-direction=\"down\" data-parallax-amount=\"1.3\"><div class=\"eedee-swiper-outer\"><div class=\"swiper-container\" data-settings='{\"autoplay\":false,\"speed\":700,\"direction\":\"horizontal\",\"autoHeight\":false,\"loop\":false,\"centeredSlides\":true,\"spaceBetween\":0,\"slidesPerView\":1,\"slidesPerGroup\":1,\"effect\":\"slide\",\"coverflowEffect\":{\"rotate\":30,\"slideShadows\":false,\"depth\":100,\"stretch\":50,\"modifier\":1},\"fadeEffect\":{\"crossFade\":true},\"zoom\":false,\"navigation\":{\"nextEl\":\"#gutenslider-dmm1sngm8 .eedee-gutenslider-next\",\"prevEl\":\"#gutenslider-dmm1sngm8 .eedee-gutenslider-prev\"},\"pagination\":{\"type\":\"bullets\",\"clickable\":true,\"dynamicBullets\":false,\"el\":\"#gutenslider-dmm1sngm8 .eedee-gutenslider-pagination\"},\"pauseOnHover\":true,\"watchSlidesProgress\":true,\"watchSlidesVisibility\":true,\"settingsMd\":{\"autoHeight\":false,\"slidesPerView\":1,\"slidesPerGroup\":1,\"spaceBetween\":0},\"settingsLg\":{\"autoHeight\":false,\"slidesPerView\":1,\"slidesPerGroup\":1,\"spaceBetween\":0}}'><div class=\"swiper-wrapper\">\n<div class=\"swiper-slide wp-block-eedee-block-gutenslide is-position-center-center\" style=\"\"><div class=\"eedee-background-div\"><img loading=\"lazy\" decoding=\"async\" width=\"1921\" height=\"599\" class=\"swiper-lazy wp-image-256\" src=\"https:\/\/riberasalud.com\/polusa\/clinicas-santo-domingo\/wp-content\/uploads\/2021\/05\/Home_psiquiatria.jpg\" alt=\"\" style=\"object-fit: cover; object-position: 50% 50%;\" srcset=\"https:\/\/riberasalud.com\/polusa\/clinicas-santo-domingo\/wp-content\/uploads\/2021\/05\/Home_psiquiatria.jpg 1921w, https:\/\/riberasalud.com\/polusa\/clinicas-santo-domingo\/wp-content\/uploads\/2021\/05\/Home_psiquiatria-300x94.jpg 300w, https:\/\/riberasalud.com\/polusa\/clinicas-santo-domingo\/wp-content\/uploads\/2021\/05\/Home_psiquiatria-1024x319.jpg 1024w, https:\/\/riberasalud.com\/polusa\/clinicas-santo-domingo\/wp-content\/uploads\/2021\/05\/Home_psiquiatria-768x239.jpg 768w, https:\/\/riberasalud.com\/polusa\/clinicas-santo-domingo\/wp-content\/uploads\/2021\/05\/Home_psiquiatria-1536x479.jpg 1536w\" sizes=\"auto, (max-width: 1921px) 100vw, 1921px\" \/><div class=\"eedee-background-div__overlay\" style=\"opacity:1;\"><\/div><\/div><div class=\"slide-content\">\n\n<h1 class=\"wp-block-heading\">Psiquiatr\u00eda<\/h1>\n\n\n\n<p><em>Reg. Sanitario C-27-000883<\/em><\/p>\n\n<\/div><\/div>\n\n\n<div class=\"wp-block-group\"><div class=\"wp-block-group__inner-container is-layout-flow wp-block-group-is-layout-flow\"><\/div><\/div>\n\n<\/div><\/div><button class=\"eedee-gutenslider-nav eedee-gutenslider-prev\"><svg xmlns=\"http:\/\/www.w3.org\/2000\/svg\" viewBox=\"0 0 24 24\" width=\"24\" height=\"24\"><circle class=\"bg\" cx=\"13\" cy=\"12\" r=\"11\" \/><path fill=\"none\" d=\"M0 0h24v24H0z\"\/><path class=\"arrow\" d=\"M10.828 12l4.95 4.95-1.414 1.414L8 12l6.364-6.364 1.414 1.414z\"\/><\/svg><\/button><button class=\"eedee-gutenslider-nav eedee-gutenslider-next\"><svg xmlns=\"http:\/\/www.w3.org\/2000\/svg\" viewBox=\"0 0 24 24\" width=\"24\" height=\"24\"><circle class=\"bg\" cx=\"11\" cy=\"12\" r=\"11\" \/><path fill=\"none\" d=\"M0 0h24v24H0z\"\/><path class=\"arrow\" d=\"M13.172 12l-4.95-4.95 1.414-1.414L16 12l-6.364 6.364-1.414-1.414z\"\/><\/svg><\/button><div class=\"eedee-gutenslider-pagination\"><\/div><\/div><\/div>\n\n\n<div class=\"wp-block-group\"><div class=\"wp-block-group__inner-container is-layout-flow wp-block-group-is-layout-flow\">\n<div class=\"wp-block-columns alignwide is-layout-flex wp-container-core-columns-is-layout-9d6595d7 wp-block-columns-is-layout-flex\">\n<div class=\"wp-block-column is-layout-flow wp-block-column-is-layout-flow\">\n<div class=\"wp-block-uagb-info-box popmake-846 uagb-infobox__outer-wrap uagb-block-0c1f6dfe\"><div class=\"uagb-infobox__content-wrap uagb-infobox uagb-infobox-has-image uagb-infobox-icon-above-title uagb-infobox-image-valign-top uagb-infobox-enable-border-radius \"><div class=\"uagb-ifb-left-right-wrap\"><div class=\"uagb-ifb-content\"><div class=\"uagb-ifb-image-icon-content uagb-ifb-imgicon-wrap\"><div class=\"uagb-ifb-image\"><div class=\"uagb-ifb-image-content\"><img decoding=\"async\" class=\"uagb-ifb-img-src\" src=\"https:\/\/riberasalud.com\/polusa\/clinicas-santo-domingo\/wp-content\/uploads\/2021\/05\/Francisco-Diaz-Psiquiatra.jpg\" alt=\"\"\/><\/div><\/div><\/div><div class=\"uagb-ifb-title-wrap\"><h3 class=\"uagb-ifb-title\">Dr. Francisco D\u00edaz Llenderrozas<\/h3><\/div><div class=\"uagb-ifb-text-wrap\"><p class=\"uagb-ifb-desc\">Psiquiatr\u00eda<\/p><\/div><\/div><\/div><\/div><\/div>\n<\/div>\n<\/div>\n\n\n\n<div class=\"wp-block-columns is-layout-flex wp-container-core-columns-is-layout-9d6595d7 wp-block-columns-is-layout-flex\">\n<div class=\"wp-block-column is-layout-flow wp-block-column-is-layout-flow\">\n<p class=\"has-text-align-center\" style=\"font-size:25px\"><span style=\"color: #d11728;\" class=\"ugb-highlight\">Psiquiatr\u00eda<\/span><\/p>\n\n\n\n<p><strong>\u00bfQU\u00c9 ES LA PSIQUIATR\u00cdA?<\/strong><br>Especialidad m\u00e9dica que se ocupa del diagn\u00f3stico, tratamiento y prevenci\u00f3n de los trastornos mentales.<br><br><strong>En la Cl\u00ednica Plaza Santo Domingo somos especialistas en el diagn\u00f3stico y tratamiento de:<\/strong><\/p>\n\n\n\n<ul class=\"is-style-default wp-block-list\"><li><strong>Trastornos del estado de \u00e1nimo<\/strong><ul><li>Depresi\u00f3n<\/li><li>Trastorno bipolar<\/li><\/ul><\/li><li><strong>Trastornos de ansiedad<\/strong><ul><li>Trastorno obsesivo-compulsivo<\/li><li>Trastornos de angustia<\/li><li>Agorafobia<\/li><li>Ansiedad generalizada<\/li><li>Trastorno por estr\u00e9s postraum\u00e1tico<\/li><\/ul><\/li><li><strong>Trastornos de la conducta alimentaria<\/strong><\/li><li><strong>Trastornos adaptativos<\/strong><\/li><li><strong>Trastornos psicosom\u00e1ticos<\/strong><\/li><li><strong>Trastornos de la personalidad<\/strong><\/li><li><strong>Trastornos adictivos<\/strong><\/li><li><strong>Trastornos psic\u00f3ticos<\/strong><ul><li>Esquizofrenia<\/li><li>Trastorno delirante<\/li><li>Trastorno esquizoafectivo<\/li><\/ul><\/li><li><strong>Demencias y sus alteraciones conductuales<\/strong><\/li><li><strong>Modelo de tratamiento<\/strong><br>Durante la primera visita se realiza una evaluaci\u00f3n completa que permita un diagn\u00f3stico y plan de tratamiento. Su duraci\u00f3n se sit\u00faa aproximadamente entre los 30 minutos.<br>Adicionalmente se pueden pedir pruebas diagn\u00f3sticas complementarias para descartar cualquier proceso som\u00e1tico o m\u00e9dico que pudiera causar los s\u00edntomas.<br>Al finalizar la evaluaci\u00f3n se da una explicaci\u00f3n detallada del plan de tratamiento. En caso de que se prescriba medicaci\u00f3n se justifica su uso y se da la informaci\u00f3n necesaria, se explican las ventajas y desventajas, los posibles efectos secundarios y las alternativas terap\u00e9uticas.<br>La frecuencia o duraci\u00f3n de las visitas sucesivas depender\u00e1 del tipo de problema y de la gravedad de los s\u00edntomas.<br>El tratamiento consiste en la utilizaci\u00f3n de diferentes herramientas terap\u00e9uticas que incluyen tratamientos psiqui\u00e1tricos y psicoterap\u00e9uticos dependiendo de la situaci\u00f3n de cada paciente.<\/li><li><strong>Tratamiento psicofarmacol\u00f3gico<\/strong><\/li><li><strong>Tratamiento psicoterap\u00e9utico<\/strong><\/li><\/ul>\n<\/div>\n<\/div>\n<\/div><\/div>\n","protected":false},"excerpt":{"rendered":"<p>Psiquiatr\u00eda \u00bfQU\u00c9 ES LA PSIQUIATR\u00cdA?Especialidad m\u00e9dica que se ocupa del diagn\u00f3stico, tratamiento y prevenci\u00f3n de los trastornos mentales. En la Cl\u00ednica Plaza Santo Domingo somos especialistas en el diagn\u00f3stico y tratamiento de: Trastornos del estado de \u00e1nimo Depresi\u00f3n Trastorno bipolar Trastornos de ansiedad Trastorno obsesivo-compulsivo Trastornos de angustia Agorafobia Ansiedad generalizada Trastorno por estr\u00e9s postraum\u00e1tico &#8230; <a title=\"Psiquiatr\u00eda\" class=\"read-more\" href=\"https:\/\/riberasalud.com\/polusa\/clinicas-santo-domingo\/psiquiatria\/\" aria-label=\"M\u00e1s en Psiquiatr\u00eda\">Leer m\u00e1s<\/a><\/p>\n","protected":false},"author":1,"featured_media":0,"parent":0,"menu_order":0,"comment_status":"closed","ping_status":"closed","template":"","meta":{"_editorskit_title_hidden":false,"_editorskit_reading_time":1,"_coblocks_attr":"","_coblocks_dimensions":"","_coblocks_responsive_height":"","_coblocks_accordion_ie_support":"","_generate-full-width-content":"true","_mi_skip_tracking":false,"footnotes":""},"class_list":["post-170","page","type-page","status-publish"],"featured_image_urls":{"full":"","thumbnail":"","medium":"","medium_large":"","large":"","1536x1536":"","2048x2048":""},"post_excerpt_stackable":"<p>Psiquiatr\u00eda Reg. Sanitario C-27-000883 Dr. Francisco D\u00edaz LlenderrozasPsiquiatr\u00eda Psiquiatr\u00eda \u00bfQU\u00c9 ES LA PSIQUIATR\u00cdA?Especialidad m\u00e9dica que se ocupa del diagn\u00f3stico, tratamiento y prevenci\u00f3n de los trastornos mentales.En la Cl\u00ednica Plaza Santo Domingo somos especialistas en el diagn\u00f3stico y tratamiento de: Trastornos del estado de \u00e1nimoDepresi\u00f3nTrastorno bipolarTrastornos de ansiedadTrastorno obsesivo-compulsivoTrastornos de angustiaAgorafobiaAnsiedad generalizadaTrastorno por estr\u00e9s postraum\u00e1ticoTrastornos de la conducta alimentariaTrastornos adaptativosTrastornos psicosom\u00e1ticosTrastornos de la personalidadTrastornos adictivosTrastornos psic\u00f3ticosEsquizofreniaTrastorno deliranteTrastorno esquizoafectivoDemencias y sus alteraciones conductualesModelo de tratamientoDurante la primera visita se realiza una evaluaci\u00f3n completa que permita un diagn\u00f3stico y plan de tratamiento. Su duraci\u00f3n se sit\u00faa aproximadamente entre los 30 minutos.Adicionalmente se pueden&hellip;<\/p>\n","category_list":"","author_info":{"name":"jorge@quois.com","url":"https:\/\/riberasalud.com\/polusa\/clinicas-santo-domingo\/author\/jorgequois-com\/"},"comments_num":"0 comentarios","featured_image_urls_v2":{"full":"","thumbnail":"","medium":"","medium_large":"","large":"","1536x1536":"","2048x2048":""},"post_excerpt_stackable_v2":"<p>Psiquiatr\u00eda Reg. Sanitario C-27-000883 Dr. Francisco D\u00edaz LlenderrozasPsiquiatr\u00eda Psiquiatr\u00eda \u00bfQU\u00c9 ES LA PSIQUIATR\u00cdA?Especialidad m\u00e9dica que se ocupa del diagn\u00f3stico, tratamiento y prevenci\u00f3n de los trastornos mentales.En la Cl\u00ednica Plaza Santo Domingo somos especialistas en el diagn\u00f3stico y tratamiento de: Trastornos del estado de \u00e1nimoDepresi\u00f3nTrastorno bipolarTrastornos de ansiedadTrastorno obsesivo-compulsivoTrastornos de angustiaAgorafobiaAnsiedad generalizadaTrastorno por estr\u00e9s postraum\u00e1ticoTrastornos de la conducta alimentariaTrastornos adaptativosTrastornos psicosom\u00e1ticosTrastornos de la personalidadTrastornos adictivosTrastornos psic\u00f3ticosEsquizofreniaTrastorno deliranteTrastorno esquizoafectivoDemencias y sus alteraciones conductualesModelo de tratamientoDurante la primera visita se realiza una evaluaci\u00f3n completa que permita un diagn\u00f3stico y plan de tratamiento. Su duraci\u00f3n se sit\u00faa aproximadamente entre los 30 minutos.Adicionalmente se pueden&hellip;<\/p>\n","category_list_v2":"","author_info_v2":{"name":"jorge@quois.com","url":"https:\/\/riberasalud.com\/polusa\/clinicas-santo-domingo\/author\/jorgequois-com\/"},"comments_num_v2":"0 comentarios","yoast_head":"<!-- This site is optimized with the Yoast SEO plugin v26.9 - https:\/\/yoast.com\/product\/yoast-seo-wordpress\/ -->\n<title>Psiquiatr\u00eda | Cl\u00ednica Plaza Santo Domingo<\/title>\n<meta name=\"robots\" content=\"index, follow, max-snippet:-1, max-image-preview:large, max-video-preview:-1\" \/>\n<link rel=\"canonical\" href=\"https:\/\/riberasalud.com\/polusa\/clinicas-santo-domingo\/psiquiatria\/\" \/>\n<meta property=\"og:locale\" content=\"es_ES\" \/>\n<meta property=\"og:type\" content=\"article\" \/>\n<meta property=\"og:title\" content=\"Psiquiatr\u00eda | Cl\u00ednica Plaza Santo Domingo\" \/>\n<meta property=\"og:description\" content=\"Psiquiatr\u00eda \u00bfQU\u00c9 ES LA PSIQUIATR\u00cdA?Especialidad m\u00e9dica que se ocupa del diagn\u00f3stico, tratamiento y prevenci\u00f3n de los trastornos mentales. En la Cl\u00ednica Plaza Santo Domingo somos especialistas en el diagn\u00f3stico y tratamiento de: Trastornos del estado de \u00e1nimo Depresi\u00f3n Trastorno bipolar Trastornos de ansiedad Trastorno obsesivo-compulsivo Trastornos de angustia Agorafobia Ansiedad generalizada Trastorno por estr\u00e9s postraum\u00e1tico ... Leer m\u00e1s\" \/>\n<meta property=\"og:url\" content=\"https:\/\/riberasalud.com\/polusa\/clinicas-santo-domingo\/psiquiatria\/\" \/>\n<meta property=\"og:site_name\" content=\"Cl\u00ednica Plaza Santo Domingo\" \/>\n<meta property=\"article:modified_time\" content=\"2024-02-28T14:14:06+00:00\" \/>\n<meta property=\"og:image\" content=\"https:\/\/riberasalud.com\/polusa\/clinicas-santo-domingo\/wp-content\/uploads\/2021\/05\/Francisco-Diaz-Psiquiatra.jpg\" \/>\n<meta name=\"twitter:card\" content=\"summary_large_image\" \/>\n<meta name=\"twitter:label1\" content=\"Tiempo de lectura\" \/>\n\t<meta name=\"twitter:data1\" content=\"2 minutos\" \/>\n<script type=\"application\/ld+json\" class=\"yoast-schema-graph\">{\"@context\":\"https:\/\/schema.org\",\"@graph\":[{\"@type\":\"WebPage\",\"@id\":\"https:\/\/riberasalud.com\/polusa\/clinicas-santo-domingo\/psiquiatria\/\",\"url\":\"https:\/\/riberasalud.com\/polusa\/clinicas-santo-domingo\/psiquiatria\/\",\"name\":\"Psiquiatr\u00eda | Cl\u00ednica Plaza Santo Domingo\",\"isPartOf\":{\"@id\":\"https:\/\/riberasalud.com\/polusa\/clinicas-santo-domingo\/#website\"},\"primaryImageOfPage\":{\"@id\":\"https:\/\/riberasalud.com\/polusa\/clinicas-santo-domingo\/psiquiatria\/#primaryimage\"},\"image\":{\"@id\":\"https:\/\/riberasalud.com\/polusa\/clinicas-santo-domingo\/psiquiatria\/#primaryimage\"},\"thumbnailUrl\":\"https:\/\/riberasalud.com\/polusa\/clinicas-santo-domingo\/wp-content\/uploads\/2021\/05\/Francisco-Diaz-Psiquiatra.jpg\",\"datePublished\":\"2021-05-13T07:29:49+00:00\",\"dateModified\":\"2024-02-28T14:14:06+00:00\",\"breadcrumb\":{\"@id\":\"https:\/\/riberasalud.com\/polusa\/clinicas-santo-domingo\/psiquiatria\/#breadcrumb\"},\"inLanguage\":\"es\",\"potentialAction\":[{\"@type\":\"ReadAction\",\"target\":[\"https:\/\/riberasalud.com\/polusa\/clinicas-santo-domingo\/psiquiatria\/\"]}]},{\"@type\":\"ImageObject\",\"inLanguage\":\"es\",\"@id\":\"https:\/\/riberasalud.com\/polusa\/clinicas-santo-domingo\/psiquiatria\/#primaryimage\",\"url\":\"https:\/\/riberasalud.com\/polusa\/clinicas-santo-domingo\/wp-content\/uploads\/2021\/05\/Francisco-Diaz-Psiquiatra.jpg\",\"contentUrl\":\"https:\/\/riberasalud.com\/polusa\/clinicas-santo-domingo\/wp-content\/uploads\/2021\/05\/Francisco-Diaz-Psiquiatra.jpg\",\"width\":95,\"height\":127},{\"@type\":\"BreadcrumbList\",\"@id\":\"https:\/\/riberasalud.com\/polusa\/clinicas-santo-domingo\/psiquiatria\/#breadcrumb\",\"itemListElement\":[{\"@type\":\"ListItem\",\"position\":1,\"name\":\"Portada\",\"item\":\"https:\/\/riberasalud.com\/polusa\/clinicas-santo-domingo\/\"},{\"@type\":\"ListItem\",\"position\":2,\"name\":\"Psiquiatr\u00eda\"}]},{\"@type\":\"WebSite\",\"@id\":\"https:\/\/riberasalud.com\/polusa\/clinicas-santo-domingo\/#website\",\"url\":\"https:\/\/riberasalud.com\/polusa\/clinicas-santo-domingo\/\",\"name\":\"Cl\u00ednica Plaza Santo Domingo\",\"description\":\"\",\"publisher\":{\"@id\":\"https:\/\/riberasalud.com\/polusa\/clinicas-santo-domingo\/#organization\"},\"potentialAction\":[{\"@type\":\"SearchAction\",\"target\":{\"@type\":\"EntryPoint\",\"urlTemplate\":\"https:\/\/riberasalud.com\/polusa\/clinicas-santo-domingo\/?s={search_term_string}\"},\"query-input\":{\"@type\":\"PropertyValueSpecification\",\"valueRequired\":true,\"valueName\":\"search_term_string\"}}],\"inLanguage\":\"es\"},{\"@type\":\"Organization\",\"@id\":\"https:\/\/riberasalud.com\/polusa\/clinicas-santo-domingo\/#organization\",\"name\":\"Cl\u00ednica Plaza Santo Domingo\",\"url\":\"https:\/\/riberasalud.com\/polusa\/clinicas-santo-domingo\/\",\"logo\":{\"@type\":\"ImageObject\",\"inLanguage\":\"es\",\"@id\":\"https:\/\/riberasalud.com\/polusa\/clinicas-santo-domingo\/#\/schema\/logo\/image\/\",\"url\":\"https:\/\/riberasalud.com\/polusa\/clinicas-santo-domingo\/wp-content\/uploads\/2021\/05\/cropped-LogoRibera-Red-ClinicaPolusa-SantoDomingo.png\",\"contentUrl\":\"https:\/\/riberasalud.com\/polusa\/clinicas-santo-domingo\/wp-content\/uploads\/2021\/05\/cropped-LogoRibera-Red-ClinicaPolusa-SantoDomingo.png\",\"width\":2377,\"height\":497,\"caption\":\"Cl\u00ednica Plaza Santo Domingo\"},\"image\":{\"@id\":\"https:\/\/riberasalud.com\/polusa\/clinicas-santo-domingo\/#\/schema\/logo\/image\/\"}}]}<\/script>\n<!-- \/ Yoast SEO plugin. -->","yoast_head_json":{"title":"Psiquiatr\u00eda | Cl\u00ednica Plaza Santo Domingo","robots":{"index":"index","follow":"follow","max-snippet":"max-snippet:-1","max-image-preview":"max-image-preview:large","max-video-preview":"max-video-preview:-1"},"canonical":"https:\/\/riberasalud.com\/polusa\/clinicas-santo-domingo\/psiquiatria\/","og_locale":"es_ES","og_type":"article","og_title":"Psiquiatr\u00eda | Cl\u00ednica Plaza Santo Domingo","og_description":"Psiquiatr\u00eda \u00bfQU\u00c9 ES LA PSIQUIATR\u00cdA?Especialidad m\u00e9dica que se ocupa del diagn\u00f3stico, tratamiento y prevenci\u00f3n de los trastornos mentales. En la Cl\u00ednica Plaza Santo Domingo somos especialistas en el diagn\u00f3stico y tratamiento de: Trastornos del estado de \u00e1nimo Depresi\u00f3n Trastorno bipolar Trastornos de ansiedad Trastorno obsesivo-compulsivo Trastornos de angustia Agorafobia Ansiedad generalizada Trastorno por estr\u00e9s postraum\u00e1tico ... Leer m\u00e1s","og_url":"https:\/\/riberasalud.com\/polusa\/clinicas-santo-domingo\/psiquiatria\/","og_site_name":"Cl\u00ednica Plaza Santo Domingo","article_modified_time":"2024-02-28T14:14:06+00:00","og_image":[{"url":"https:\/\/riberasalud.com\/polusa\/clinicas-santo-domingo\/wp-content\/uploads\/2021\/05\/Francisco-Diaz-Psiquiatra.jpg","type":"","width":"","height":""}],"twitter_card":"summary_large_image","twitter_misc":{"Tiempo de lectura":"2 minutos"},"schema":{"@context":"https:\/\/schema.org","@graph":[{"@type":"WebPage","@id":"https:\/\/riberasalud.com\/polusa\/clinicas-santo-domingo\/psiquiatria\/","url":"https:\/\/riberasalud.com\/polusa\/clinicas-santo-domingo\/psiquiatria\/","name":"Psiquiatr\u00eda | Cl\u00ednica Plaza Santo Domingo","isPartOf":{"@id":"https:\/\/riberasalud.com\/polusa\/clinicas-santo-domingo\/#website"},"primaryImageOfPage":{"@id":"https:\/\/riberasalud.com\/polusa\/clinicas-santo-domingo\/psiquiatria\/#primaryimage"},"image":{"@id":"https:\/\/riberasalud.com\/polusa\/clinicas-santo-domingo\/psiquiatria\/#primaryimage"},"thumbnailUrl":"https:\/\/riberasalud.com\/polusa\/clinicas-santo-domingo\/wp-content\/uploads\/2021\/05\/Francisco-Diaz-Psiquiatra.jpg","datePublished":"2021-05-13T07:29:49+00:00","dateModified":"2024-02-28T14:14:06+00:00","breadcrumb":{"@id":"https:\/\/riberasalud.com\/polusa\/clinicas-santo-domingo\/psiquiatria\/#breadcrumb"},"inLanguage":"es","potentialAction":[{"@type":"ReadAction","target":["https:\/\/riberasalud.com\/polusa\/clinicas-santo-domingo\/psiquiatria\/"]}]},{"@type":"ImageObject","inLanguage":"es","@id":"https:\/\/riberasalud.com\/polusa\/clinicas-santo-domingo\/psiquiatria\/#primaryimage","url":"https:\/\/riberasalud.com\/polusa\/clinicas-santo-domingo\/wp-content\/uploads\/2021\/05\/Francisco-Diaz-Psiquiatra.jpg","contentUrl":"https:\/\/riberasalud.com\/polusa\/clinicas-santo-domingo\/wp-content\/uploads\/2021\/05\/Francisco-Diaz-Psiquiatra.jpg","width":95,"height":127},{"@type":"BreadcrumbList","@id":"https:\/\/riberasalud.com\/polusa\/clinicas-santo-domingo\/psiquiatria\/#breadcrumb","itemListElement":[{"@type":"ListItem","position":1,"name":"Portada","item":"https:\/\/riberasalud.com\/polusa\/clinicas-santo-domingo\/"},{"@type":"ListItem","position":2,"name":"Psiquiatr\u00eda"}]},{"@type":"WebSite","@id":"https:\/\/riberasalud.com\/polusa\/clinicas-santo-domingo\/#website","url":"https:\/\/riberasalud.com\/polusa\/clinicas-santo-domingo\/","name":"Cl\u00ednica Plaza Santo Domingo","description":"","publisher":{"@id":"https:\/\/riberasalud.com\/polusa\/clinicas-santo-domingo\/#organization"},"potentialAction":[{"@type":"SearchAction","target":{"@type":"EntryPoint","urlTemplate":"https:\/\/riberasalud.com\/polusa\/clinicas-santo-domingo\/?s={search_term_string}"},"query-input":{"@type":"PropertyValueSpecification","valueRequired":true,"valueName":"search_term_string"}}],"inLanguage":"es"},{"@type":"Organization","@id":"https:\/\/riberasalud.com\/polusa\/clinicas-santo-domingo\/#organization","name":"Cl\u00ednica Plaza Santo Domingo","url":"https:\/\/riberasalud.com\/polusa\/clinicas-santo-domingo\/","logo":{"@type":"ImageObject","inLanguage":"es","@id":"https:\/\/riberasalud.com\/polusa\/clinicas-santo-domingo\/#\/schema\/logo\/image\/","url":"https:\/\/riberasalud.com\/polusa\/clinicas-santo-domingo\/wp-content\/uploads\/2021\/05\/cropped-LogoRibera-Red-ClinicaPolusa-SantoDomingo.png","contentUrl":"https:\/\/riberasalud.com\/polusa\/clinicas-santo-domingo\/wp-content\/uploads\/2021\/05\/cropped-LogoRibera-Red-ClinicaPolusa-SantoDomingo.png","width":2377,"height":497,"caption":"Cl\u00ednica Plaza Santo Domingo"},"image":{"@id":"https:\/\/riberasalud.com\/polusa\/clinicas-santo-domingo\/#\/schema\/logo\/image\/"}}]}},"uagb_featured_image_src":{"full":false,"thumbnail":false,"medium":false,"medium_large":false,"large":false,"1536x1536":false,"2048x2048":false},"uagb_author_info":{"display_name":"jorge@quois.com","author_link":"https:\/\/riberasalud.com\/polusa\/clinicas-santo-domingo\/author\/jorgequois-com\/"},"uagb_comment_info":0,"uagb_excerpt":"Psiquiatr\u00eda \u00bfQU\u00c9 ES LA PSIQUIATR\u00cdA?Especialidad m\u00e9dica que se ocupa del diagn\u00f3stico, tratamiento y prevenci\u00f3n de los trastornos mentales. En la Cl\u00ednica Plaza Santo Domingo somos especialistas en el diagn\u00f3stico y tratamiento de: Trastornos del estado de \u00e1nimo Depresi\u00f3n Trastorno bipolar Trastornos de ansiedad Trastorno obsesivo-compulsivo Trastornos de angustia Agorafobia Ansiedad generalizada Trastorno por estr\u00e9s postraum\u00e1tico&hellip;","_links":{"self":[{"href":"https:\/\/riberasalud.com\/polusa\/clinicas-santo-domingo\/wp-json\/wp\/v2\/pages\/170","targetHints":{"allow":["GET"]}}],"collection":[{"href":"https:\/\/riberasalud.com\/polusa\/clinicas-santo-domingo\/wp-json\/wp\/v2\/pages"}],"about":[{"href":"https:\/\/riberasalud.com\/polusa\/clinicas-santo-domingo\/wp-json\/wp\/v2\/types\/page"}],"author":[{"embeddable":true,"href":"https:\/\/riberasalud.com\/polusa\/clinicas-santo-domingo\/wp-json\/wp\/v2\/users\/1"}],"replies":[{"embeddable":true,"href":"https:\/\/riberasalud.com\/polusa\/clinicas-santo-domingo\/wp-json\/wp\/v2\/comments?post=170"}],"version-history":[{"count":7,"href":"https:\/\/riberasalud.com\/polusa\/clinicas-santo-domingo\/wp-json\/wp\/v2\/pages\/170\/revisions"}],"predecessor-version":[{"id":1310,"href":"https:\/\/riberasalud.com\/polusa\/clinicas-santo-domingo\/wp-json\/wp\/v2\/pages\/170\/revisions\/1310"}],"wp:attachment":[{"href":"https:\/\/riberasalud.com\/polusa\/clinicas-santo-domingo\/wp-json\/wp\/v2\/media?parent=170"}],"curies":[{"name":"wp","href":"https:\/\/api.w.org\/{rel}","templated":true}]}}