{"id":114,"date":"2021-05-12T14:56:08","date_gmt":"2021-05-12T14:56:08","guid":{"rendered":"https:\/\/riberasalud.com\/polusa\/clinicas-santo-domingo\/?page_id=114"},"modified":"2021-08-13T10:29:13","modified_gmt":"2021-08-13T10:29:13","slug":"medicina-familiar-y-comunitaria","status":"publish","type":"page","link":"https:\/\/riberasalud.com\/polusa\/clinicas-santo-domingo\/medicina-familiar-y-comunitaria\/","title":{"rendered":"Medicina familiar y comunitaria"},"content":{"rendered":"<div id=\"gutenslider-denpjw5dw\" class=\"wp-block-eedee-block-gutenslider content-change alignnone arrow-style-1 arrow-position-sides arrow-mb-none arrows-lg-none arrows-md-none arrows-sm-none dot-style-1 dots-lg-none dots-md-none dots-sm-none dot-position-bottom is-position-center-center mb-none\" style=\"--gutenslider-min-height: 50vh;--gutenslider-arrow-size: 30px;--gutenslider-dot-size: 25px;--gutenslider-arrow-color: #ffffff;--gutenslider-dot-color: #ffffff;--gutenslider-padding-y-mobile: 40px;--gutenslider-padding-x-mobile: 40px;--gutenslider-padding-y-tablet: 40px;--gutenslider-padding-x-tablet: 40px;--gutenslider-padding-y-desktop: 40px;--gutenslider-padding-x-desktop: 40px;--gutenslider-bg-image: url();--gutenslider-min-height-md: 50vh;--gutenslider-min-height-sm: 50vh;--gutenslider-padding-x: 40px;--gutenslider-padding-x-md: 40px;--gutenslider-padding-x-sm: 20px;--gutenslider-padding-y: 40px;--gutenslider-padding-y-md: 40px;--gutenslider-padding-y-sm: 20px;--gutenslider-arrow-size-md: 30px;--gutenslider-arrow-size-sm: 30px;--gutenslider-dot-size-md: 25px;--gutenslider-dot-size-sm: 25px;--gutenslider-arrow-bg-color: transparent;--gutenslider-arrow-hover-color: #eeeeee;--gutenslider-arrow-bg-hover-color: transparent;--gutenslider-arrow-x-offset: 10px;--gutenslider-arrow-x-offset-md: 10px;--gutenslider-arrow-x-offset-sm: 10px;--gutenslider-arrow-y-offset: 0px;--gutenslider-arrow-y-offset-md: 0px;--gutenslider-arrow-y-offset-sm: 0px;--gutenslider-arrow-x-spacing: 0px;--gutenslider-dot-y-offset: 10px;--gutenslider-dot-y-offset-md: 10px;--gutenslider-dot-y-offset-sm: 10px;--gutenslider-margin-x: 0px;--gutenslider-margin-x-md: 0px;--gutenslider-margin-x-sm: 0px;--gutenslider-margin-y: 0px;--gutenslider-margin-y-md: 0px;--gutenslider-margin-y-sm: 0px;\" data-parallax-direction=\"down\" data-parallax-amount=\"1.3\"><div class=\"eedee-swiper-outer\"><div class=\"swiper-container\" data-settings='{\"autoplay\":false,\"speed\":700,\"direction\":\"horizontal\",\"autoHeight\":false,\"loop\":false,\"centeredSlides\":true,\"spaceBetween\":0,\"slidesPerView\":1,\"slidesPerGroup\":1,\"effect\":\"slide\",\"coverflowEffect\":{\"rotate\":30,\"slideShadows\":false,\"depth\":100,\"stretch\":50,\"modifier\":1},\"fadeEffect\":{\"crossFade\":true},\"zoom\":false,\"navigation\":{\"nextEl\":\"#gutenslider-denpjw5dw .eedee-gutenslider-next\",\"prevEl\":\"#gutenslider-denpjw5dw .eedee-gutenslider-prev\"},\"pagination\":{\"type\":\"bullets\",\"clickable\":true,\"dynamicBullets\":false,\"el\":\"#gutenslider-denpjw5dw .eedee-gutenslider-pagination\"},\"pauseOnHover\":true,\"watchSlidesProgress\":true,\"watchSlidesVisibility\":true,\"settingsMd\":{\"autoHeight\":false,\"slidesPerView\":1,\"slidesPerGroup\":1,\"spaceBetween\":0},\"settingsLg\":{\"autoHeight\":false,\"slidesPerView\":1,\"slidesPerGroup\":1,\"spaceBetween\":0}}'><div class=\"swiper-wrapper\">\n<div class=\"swiper-slide wp-block-eedee-block-gutenslide is-position-center-center\" style=\"\"><div class=\"eedee-background-div\"><img loading=\"lazy\" decoding=\"async\" width=\"1921\" height=\"599\" class=\"swiper-lazy wp-image-133\" src=\"https:\/\/riberasalud.com\/polusa\/clinicas-santo-domingo\/wp-content\/uploads\/2021\/05\/Home_Familiar-1.jpg\" alt=\"\" style=\"object-fit: cover; object-position: 50% 50%;\" srcset=\"https:\/\/riberasalud.com\/polusa\/clinicas-santo-domingo\/wp-content\/uploads\/2021\/05\/Home_Familiar-1.jpg 1921w, https:\/\/riberasalud.com\/polusa\/clinicas-santo-domingo\/wp-content\/uploads\/2021\/05\/Home_Familiar-1-300x94.jpg 300w, https:\/\/riberasalud.com\/polusa\/clinicas-santo-domingo\/wp-content\/uploads\/2021\/05\/Home_Familiar-1-1024x319.jpg 1024w, https:\/\/riberasalud.com\/polusa\/clinicas-santo-domingo\/wp-content\/uploads\/2021\/05\/Home_Familiar-1-768x239.jpg 768w, https:\/\/riberasalud.com\/polusa\/clinicas-santo-domingo\/wp-content\/uploads\/2021\/05\/Home_Familiar-1-1536x479.jpg 1536w\" sizes=\"auto, (max-width: 1921px) 100vw, 1921px\" \/><div class=\"eedee-background-div__overlay\" style=\"opacity:1;\"><\/div><\/div><div class=\"slide-content\">\n\n<h1 class=\"wp-block-heading\">Medicina familiar y comunitaria<\/h1>\n\n\n\n<p><em>Reg. Sanitario C-27-000883<\/em><\/p>\n\n<\/div><\/div>\n\n\n<div class=\"wp-block-group\"><div class=\"wp-block-group__inner-container is-layout-flow wp-block-group-is-layout-flow\"><\/div><\/div>\n\n<\/div><\/div><button class=\"eedee-gutenslider-nav eedee-gutenslider-prev\"><svg xmlns=\"http:\/\/www.w3.org\/2000\/svg\" viewBox=\"0 0 24 24\" width=\"24\" height=\"24\"><circle class=\"bg\" cx=\"13\" cy=\"12\" r=\"11\" \/><path fill=\"none\" d=\"M0 0h24v24H0z\"\/><path class=\"arrow\" d=\"M10.828 12l4.95 4.95-1.414 1.414L8 12l6.364-6.364 1.414 1.414z\"\/><\/svg><\/button><button class=\"eedee-gutenslider-nav eedee-gutenslider-next\"><svg xmlns=\"http:\/\/www.w3.org\/2000\/svg\" viewBox=\"0 0 24 24\" width=\"24\" height=\"24\"><circle class=\"bg\" cx=\"11\" cy=\"12\" r=\"11\" \/><path fill=\"none\" d=\"M0 0h24v24H0z\"\/><path class=\"arrow\" d=\"M13.172 12l-4.95-4.95 1.414-1.414L16 12l-6.364 6.364-1.414-1.414z\"\/><\/svg><\/button><div class=\"eedee-gutenslider-pagination\"><\/div><\/div><\/div>\n\n\n<div class=\"wp-block-group\"><div class=\"wp-block-group__inner-container is-layout-flow wp-block-group-is-layout-flow\">\n<div class=\"wp-block-columns alignwide is-layout-flex wp-container-core-columns-is-layout-9d6595d7 wp-block-columns-is-layout-flex\">\n<div class=\"wp-block-column is-layout-flow wp-block-column-is-layout-flow\">\n<div class=\"wp-block-uagb-info-box popmake-846 uagb-infobox__outer-wrap uagb-block-943bd6a7\"><div class=\"uagb-infobox__content-wrap uagb-infobox uagb-infobox-has-image uagb-infobox-icon-above-title uagb-infobox-image-valign-top uagb-infobox-enable-border-radius \"><div class=\"uagb-ifb-left-right-wrap\"><div class=\"uagb-ifb-content\"><div class=\"uagb-ifb-image-icon-content uagb-ifb-imgicon-wrap\"><div class=\"uagb-ifb-image\"><div class=\"uagb-ifb-image-content\"><img decoding=\"async\" class=\"uagb-ifb-img-src\" src=\"https:\/\/riberasalud.com\/polusa\/clinicas-santo-domingo\/wp-content\/uploads\/2021\/05\/carmen-Rodriguez.jpg\" alt=\"\"\/><\/div><\/div><\/div><div class=\"uagb-ifb-title-wrap\"><h3 class=\"uagb-ifb-title\">Dra. Carmen Rodr\u00edguez Dom\u00ednguez<\/h3><\/div><div class=\"uagb-ifb-text-wrap\"><p class=\"uagb-ifb-desc\">Medicina familiar<\/p><\/div><\/div><\/div><\/div><\/div>\n<\/div>\n\n\n\n<div class=\"wp-block-column is-layout-flow wp-block-column-is-layout-flow\">\n<div class=\"wp-block-uagb-info-box uagb-infobox__outer-wrap uagb-block-bf60a953\"><div class=\"uagb-infobox__content-wrap uagb-infobox uagb-infobox-has-image uagb-infobox-icon-above-title uagb-infobox-image-valign-top uagb-infobox-enable-border-radius \"><div class=\"uagb-ifb-left-right-wrap\"><div class=\"uagb-ifb-content\"><div class=\"uagb-ifb-image-icon-content uagb-ifb-imgicon-wrap\"><div class=\"uagb-ifb-image\"><div class=\"uagb-ifb-image-content\"><img decoding=\"async\" class=\"uagb-ifb-img-src\" src=\"https:\/\/riberasalud.com\/polusa\/clinicas-santo-domingo\/wp-content\/uploads\/2021\/05\/Gustavo_Sanchez_Hernandez.jpg\" alt=\"\"\/><\/div><\/div><\/div><div class=\"uagb-ifb-title-wrap\"><h3 class=\"uagb-ifb-title\">Dr. Gustavo S\u00e1nchez Hern\u00e1ndez<\/h3><\/div><div class=\"uagb-ifb-text-wrap\"><p class=\"uagb-ifb-desc\">Medicina familiar<\/p><\/div><\/div><\/div><\/div><\/div>\n<\/div>\n<\/div>\n\n\n\n<div class=\"wp-block-columns is-layout-flex wp-container-core-columns-is-layout-9d6595d7 wp-block-columns-is-layout-flex\">\n<div class=\"wp-block-column is-layout-flow wp-block-column-is-layout-flow\">\n<p class=\"has-text-align-center\" style=\"font-size:25px\"><span style=\"color: #d11728;\" class=\"ugb-highlight\">Medicina familiar y comunitaria<\/span><\/p>\n\n\n\n<p><strong>Actividades de prevenci\u00f3n, promoci\u00f3n y cuidado m\u00e9dico. Medicina basada en la evidencia<\/strong><\/p>\n\n\n\n<ul class=\"is-style-default wp-block-list\"><li>Programa especial de prevenci\u00f3n cardiovascular: su objetivo es cuantificar y disminuir el perfil del riesgo cardiovascular de nuestros pacientes<ul><li>\u00cdndice tobillo-brazo para la evaluaci\u00f3n de enfermedad arterial<\/li><\/ul><\/li><\/ul>\n\n\n\n<ul class=\"is-style-default wp-block-list\"><li>Programa especial de abordaje al tabaquismo: estrategias efectivas para dejar de fumar<ul><li>Consejo y ayuda mediante tratamiento farmacol\u00f3gico y psicol\u00f3gico individualizado seg\u00fan el grado de dependencia<\/li><li>Cooximetr\u00eda: medici\u00f3n de los niveles de mon\u00f3xido de carbono en el aire espirado. La medici\u00f3n de los niveles de CO es un marcador objetivo que se utiliza sobre todo como refuerzo positivo y como elemento motivador<\/li><li>Espirometr\u00eda: detecci\u00f3n y seguimiento de la enfermedad pulmonar obstructiva cr\u00f3nica (EPOC). Ser fumador es un factor de alto riesgo para padecer esta enfermedad. Un n\u00famero considerable de fumadores consigue abandonar el h\u00e1bito de fumar tras conocer sus resultados espirom\u00e9tricos<\/li><\/ul><\/li><\/ul>\n\n\n\n<p><strong>Consulta a domicilio<\/strong><br><br><strong>Cuidados paliativos, atenci\u00f3n al paciente terminal<\/strong><\/p>\n\n\n\n<ul class=\"is-style-default wp-block-list\"><li>Control y alivio de los s\u00edntomas<\/li><li>Apoyo emocional y comunicaci\u00f3n, otorgando especial atenci\u00f3n a las necesidades del enfermo y su familia<\/li><li>Promoci\u00f3n de la adaptaci\u00f3n del enfermo y su familia<\/li><li>Apoyo a la estructura familiar cuidadora<\/li><\/ul>\n\n\n\n<p><strong>Reconocimientos m\u00e9dicos<\/strong><br><br><strong>Gesti\u00f3n y seguimiento de bajas laborales<\/strong><br><br><strong>Informes psicot\u00e9cnicos. Certificados m\u00e9dicos<\/strong><\/p>\n<\/div>\n<\/div>\n<\/div><\/div>\n","protected":false},"excerpt":{"rendered":"<p>Medicina familiar y comunitaria Actividades de prevenci\u00f3n, promoci\u00f3n y cuidado m\u00e9dico. Medicina basada en la evidencia Programa especial de prevenci\u00f3n cardiovascular: su objetivo es cuantificar y disminuir el perfil del riesgo cardiovascular de nuestros pacientes \u00cdndice tobillo-brazo para la evaluaci\u00f3n de enfermedad arterial Programa especial de abordaje al tabaquismo: estrategias efectivas para dejar de fumar &#8230; <a title=\"Medicina familiar y comunitaria\" class=\"read-more\" href=\"https:\/\/riberasalud.com\/polusa\/clinicas-santo-domingo\/medicina-familiar-y-comunitaria\/\" aria-label=\"M\u00e1s en Medicina familiar y comunitaria\">Leer m\u00e1s<\/a><\/p>\n","protected":false},"author":1,"featured_media":0,"parent":0,"menu_order":0,"comment_status":"closed","ping_status":"closed","template":"","meta":{"_editorskit_title_hidden":false,"_editorskit_reading_time":0,"_coblocks_attr":"","_coblocks_dimensions":"","_coblocks_responsive_height":"","_coblocks_accordion_ie_support":"","_generate-full-width-content":"true","_mi_skip_tracking":false,"footnotes":""},"class_list":["post-114","page","type-page","status-publish"],"featured_image_urls":{"full":"","thumbnail":"","medium":"","medium_large":"","large":"","1536x1536":"","2048x2048":""},"post_excerpt_stackable":"<p>Medicina familiar y comunitaria Reg. Sanitario C-27-000883 Dra. Carmen Rodr\u00edguez Dom\u00ednguezMedicina familiar Dr. Gustavo S\u00e1nchez Hern\u00e1ndezMedicina familiar Medicina familiar y comunitaria Actividades de prevenci\u00f3n, promoci\u00f3n y cuidado m\u00e9dico. Medicina basada en la evidencia Programa especial de prevenci\u00f3n cardiovascular: su objetivo es cuantificar y disminuir el perfil del riesgo cardiovascular de nuestros pacientes\u00cdndice tobillo-brazo para la evaluaci\u00f3n de enfermedad arterial Programa especial de abordaje al tabaquismo: estrategias efectivas para dejar de fumarConsejo y ayuda mediante tratamiento farmacol\u00f3gico y psicol\u00f3gico individualizado seg\u00fan el grado de dependenciaCooximetr\u00eda: medici\u00f3n de los niveles de mon\u00f3xido de carbono en el aire espirado. La medici\u00f3n de los&hellip;<\/p>\n","category_list":"","author_info":{"name":"jorge@quois.com","url":"https:\/\/riberasalud.com\/polusa\/clinicas-santo-domingo\/author\/jorgequois-com\/"},"comments_num":"0 comentarios","featured_image_urls_v2":{"full":"","thumbnail":"","medium":"","medium_large":"","large":"","1536x1536":"","2048x2048":""},"post_excerpt_stackable_v2":"<p>Medicina familiar y comunitaria Reg. Sanitario C-27-000883 Dra. Carmen Rodr\u00edguez Dom\u00ednguezMedicina familiar Dr. Gustavo S\u00e1nchez Hern\u00e1ndezMedicina familiar Medicina familiar y comunitaria Actividades de prevenci\u00f3n, promoci\u00f3n y cuidado m\u00e9dico. Medicina basada en la evidencia Programa especial de prevenci\u00f3n cardiovascular: su objetivo es cuantificar y disminuir el perfil del riesgo cardiovascular de nuestros pacientes\u00cdndice tobillo-brazo para la evaluaci\u00f3n de enfermedad arterial Programa especial de abordaje al tabaquismo: estrategias efectivas para dejar de fumarConsejo y ayuda mediante tratamiento farmacol\u00f3gico y psicol\u00f3gico individualizado seg\u00fan el grado de dependenciaCooximetr\u00eda: medici\u00f3n de los niveles de mon\u00f3xido de carbono en el aire espirado. La medici\u00f3n de los&hellip;<\/p>\n","category_list_v2":"","author_info_v2":{"name":"jorge@quois.com","url":"https:\/\/riberasalud.com\/polusa\/clinicas-santo-domingo\/author\/jorgequois-com\/"},"comments_num_v2":"0 comentarios","yoast_head":"<!-- This site is optimized with the Yoast SEO plugin v26.9 - https:\/\/yoast.com\/product\/yoast-seo-wordpress\/ -->\n<title>Medicina familiar y comunitaria | Cl\u00ednica Plaza Santo Domingo<\/title>\n<meta name=\"robots\" content=\"index, follow, max-snippet:-1, max-image-preview:large, max-video-preview:-1\" \/>\n<link rel=\"canonical\" href=\"https:\/\/riberasalud.com\/polusa\/clinicas-santo-domingo\/medicina-familiar-y-comunitaria\/\" \/>\n<meta property=\"og:locale\" content=\"es_ES\" \/>\n<meta property=\"og:type\" content=\"article\" \/>\n<meta property=\"og:title\" content=\"Medicina familiar y comunitaria | Cl\u00ednica Plaza Santo Domingo\" \/>\n<meta property=\"og:description\" content=\"Medicina familiar y comunitaria Actividades de prevenci\u00f3n, promoci\u00f3n y cuidado m\u00e9dico. Medicina basada en la evidencia Programa especial de prevenci\u00f3n cardiovascular: su objetivo es cuantificar y disminuir el perfil del riesgo cardiovascular de nuestros pacientes \u00cdndice tobillo-brazo para la evaluaci\u00f3n de enfermedad arterial Programa especial de abordaje al tabaquismo: estrategias efectivas para dejar de fumar ... Leer m\u00e1s\" \/>\n<meta property=\"og:url\" content=\"https:\/\/riberasalud.com\/polusa\/clinicas-santo-domingo\/medicina-familiar-y-comunitaria\/\" \/>\n<meta property=\"og:site_name\" content=\"Cl\u00ednica Plaza Santo Domingo\" \/>\n<meta property=\"article:modified_time\" content=\"2021-08-13T10:29:13+00:00\" \/>\n<meta property=\"og:image\" content=\"https:\/\/riberasalud.com\/polusa\/clinicas-santo-domingo\/wp-content\/uploads\/2021\/05\/carmen-Rodriguez.jpg\" \/>\n<meta name=\"twitter:card\" content=\"summary_large_image\" \/>\n<meta name=\"twitter:label1\" content=\"Tiempo de lectura\" \/>\n\t<meta name=\"twitter:data1\" content=\"2 minutos\" \/>\n<script type=\"application\/ld+json\" class=\"yoast-schema-graph\">{\"@context\":\"https:\/\/schema.org\",\"@graph\":[{\"@type\":\"WebPage\",\"@id\":\"https:\/\/riberasalud.com\/polusa\/clinicas-santo-domingo\/medicina-familiar-y-comunitaria\/\",\"url\":\"https:\/\/riberasalud.com\/polusa\/clinicas-santo-domingo\/medicina-familiar-y-comunitaria\/\",\"name\":\"Medicina familiar y comunitaria | Cl\u00ednica Plaza Santo Domingo\",\"isPartOf\":{\"@id\":\"https:\/\/riberasalud.com\/polusa\/clinicas-santo-domingo\/#website\"},\"primaryImageOfPage\":{\"@id\":\"https:\/\/riberasalud.com\/polusa\/clinicas-santo-domingo\/medicina-familiar-y-comunitaria\/#primaryimage\"},\"image\":{\"@id\":\"https:\/\/riberasalud.com\/polusa\/clinicas-santo-domingo\/medicina-familiar-y-comunitaria\/#primaryimage\"},\"thumbnailUrl\":\"https:\/\/riberasalud.com\/polusa\/clinicas-santo-domingo\/wp-content\/uploads\/2021\/05\/carmen-Rodriguez.jpg\",\"datePublished\":\"2021-05-12T14:56:08+00:00\",\"dateModified\":\"2021-08-13T10:29:13+00:00\",\"breadcrumb\":{\"@id\":\"https:\/\/riberasalud.com\/polusa\/clinicas-santo-domingo\/medicina-familiar-y-comunitaria\/#breadcrumb\"},\"inLanguage\":\"es\",\"potentialAction\":[{\"@type\":\"ReadAction\",\"target\":[\"https:\/\/riberasalud.com\/polusa\/clinicas-santo-domingo\/medicina-familiar-y-comunitaria\/\"]}]},{\"@type\":\"ImageObject\",\"inLanguage\":\"es\",\"@id\":\"https:\/\/riberasalud.com\/polusa\/clinicas-santo-domingo\/medicina-familiar-y-comunitaria\/#primaryimage\",\"url\":\"https:\/\/riberasalud.com\/polusa\/clinicas-santo-domingo\/wp-content\/uploads\/2021\/05\/carmen-Rodriguez.jpg\",\"contentUrl\":\"https:\/\/riberasalud.com\/polusa\/clinicas-santo-domingo\/wp-content\/uploads\/2021\/05\/carmen-Rodriguez.jpg\",\"width\":95,\"height\":127},{\"@type\":\"BreadcrumbList\",\"@id\":\"https:\/\/riberasalud.com\/polusa\/clinicas-santo-domingo\/medicina-familiar-y-comunitaria\/#breadcrumb\",\"itemListElement\":[{\"@type\":\"ListItem\",\"position\":1,\"name\":\"Portada\",\"item\":\"https:\/\/riberasalud.com\/polusa\/clinicas-santo-domingo\/\"},{\"@type\":\"ListItem\",\"position\":2,\"name\":\"Medicina familiar y comunitaria\"}]},{\"@type\":\"WebSite\",\"@id\":\"https:\/\/riberasalud.com\/polusa\/clinicas-santo-domingo\/#website\",\"url\":\"https:\/\/riberasalud.com\/polusa\/clinicas-santo-domingo\/\",\"name\":\"Cl\u00ednica Plaza Santo Domingo\",\"description\":\"\",\"publisher\":{\"@id\":\"https:\/\/riberasalud.com\/polusa\/clinicas-santo-domingo\/#organization\"},\"potentialAction\":[{\"@type\":\"SearchAction\",\"target\":{\"@type\":\"EntryPoint\",\"urlTemplate\":\"https:\/\/riberasalud.com\/polusa\/clinicas-santo-domingo\/?s={search_term_string}\"},\"query-input\":{\"@type\":\"PropertyValueSpecification\",\"valueRequired\":true,\"valueName\":\"search_term_string\"}}],\"inLanguage\":\"es\"},{\"@type\":\"Organization\",\"@id\":\"https:\/\/riberasalud.com\/polusa\/clinicas-santo-domingo\/#organization\",\"name\":\"Cl\u00ednica Plaza Santo Domingo\",\"url\":\"https:\/\/riberasalud.com\/polusa\/clinicas-santo-domingo\/\",\"logo\":{\"@type\":\"ImageObject\",\"inLanguage\":\"es\",\"@id\":\"https:\/\/riberasalud.com\/polusa\/clinicas-santo-domingo\/#\/schema\/logo\/image\/\",\"url\":\"https:\/\/riberasalud.com\/polusa\/clinicas-santo-domingo\/wp-content\/uploads\/2021\/05\/cropped-LogoRibera-Red-ClinicaPolusa-SantoDomingo.png\",\"contentUrl\":\"https:\/\/riberasalud.com\/polusa\/clinicas-santo-domingo\/wp-content\/uploads\/2021\/05\/cropped-LogoRibera-Red-ClinicaPolusa-SantoDomingo.png\",\"width\":2377,\"height\":497,\"caption\":\"Cl\u00ednica Plaza Santo Domingo\"},\"image\":{\"@id\":\"https:\/\/riberasalud.com\/polusa\/clinicas-santo-domingo\/#\/schema\/logo\/image\/\"}}]}<\/script>\n<!-- \/ Yoast SEO plugin. -->","yoast_head_json":{"title":"Medicina familiar y comunitaria | Cl\u00ednica Plaza Santo Domingo","robots":{"index":"index","follow":"follow","max-snippet":"max-snippet:-1","max-image-preview":"max-image-preview:large","max-video-preview":"max-video-preview:-1"},"canonical":"https:\/\/riberasalud.com\/polusa\/clinicas-santo-domingo\/medicina-familiar-y-comunitaria\/","og_locale":"es_ES","og_type":"article","og_title":"Medicina familiar y comunitaria | Cl\u00ednica Plaza Santo Domingo","og_description":"Medicina familiar y comunitaria Actividades de prevenci\u00f3n, promoci\u00f3n y cuidado m\u00e9dico. Medicina basada en la evidencia Programa especial de prevenci\u00f3n cardiovascular: su objetivo es cuantificar y disminuir el perfil del riesgo cardiovascular de nuestros pacientes \u00cdndice tobillo-brazo para la evaluaci\u00f3n de enfermedad arterial Programa especial de abordaje al tabaquismo: estrategias efectivas para dejar de fumar ... Leer m\u00e1s","og_url":"https:\/\/riberasalud.com\/polusa\/clinicas-santo-domingo\/medicina-familiar-y-comunitaria\/","og_site_name":"Cl\u00ednica Plaza Santo Domingo","article_modified_time":"2021-08-13T10:29:13+00:00","og_image":[{"url":"https:\/\/riberasalud.com\/polusa\/clinicas-santo-domingo\/wp-content\/uploads\/2021\/05\/carmen-Rodriguez.jpg","type":"","width":"","height":""}],"twitter_card":"summary_large_image","twitter_misc":{"Tiempo de lectura":"2 minutos"},"schema":{"@context":"https:\/\/schema.org","@graph":[{"@type":"WebPage","@id":"https:\/\/riberasalud.com\/polusa\/clinicas-santo-domingo\/medicina-familiar-y-comunitaria\/","url":"https:\/\/riberasalud.com\/polusa\/clinicas-santo-domingo\/medicina-familiar-y-comunitaria\/","name":"Medicina familiar y comunitaria | Cl\u00ednica Plaza Santo Domingo","isPartOf":{"@id":"https:\/\/riberasalud.com\/polusa\/clinicas-santo-domingo\/#website"},"primaryImageOfPage":{"@id":"https:\/\/riberasalud.com\/polusa\/clinicas-santo-domingo\/medicina-familiar-y-comunitaria\/#primaryimage"},"image":{"@id":"https:\/\/riberasalud.com\/polusa\/clinicas-santo-domingo\/medicina-familiar-y-comunitaria\/#primaryimage"},"thumbnailUrl":"https:\/\/riberasalud.com\/polusa\/clinicas-santo-domingo\/wp-content\/uploads\/2021\/05\/carmen-Rodriguez.jpg","datePublished":"2021-05-12T14:56:08+00:00","dateModified":"2021-08-13T10:29:13+00:00","breadcrumb":{"@id":"https:\/\/riberasalud.com\/polusa\/clinicas-santo-domingo\/medicina-familiar-y-comunitaria\/#breadcrumb"},"inLanguage":"es","potentialAction":[{"@type":"ReadAction","target":["https:\/\/riberasalud.com\/polusa\/clinicas-santo-domingo\/medicina-familiar-y-comunitaria\/"]}]},{"@type":"ImageObject","inLanguage":"es","@id":"https:\/\/riberasalud.com\/polusa\/clinicas-santo-domingo\/medicina-familiar-y-comunitaria\/#primaryimage","url":"https:\/\/riberasalud.com\/polusa\/clinicas-santo-domingo\/wp-content\/uploads\/2021\/05\/carmen-Rodriguez.jpg","contentUrl":"https:\/\/riberasalud.com\/polusa\/clinicas-santo-domingo\/wp-content\/uploads\/2021\/05\/carmen-Rodriguez.jpg","width":95,"height":127},{"@type":"BreadcrumbList","@id":"https:\/\/riberasalud.com\/polusa\/clinicas-santo-domingo\/medicina-familiar-y-comunitaria\/#breadcrumb","itemListElement":[{"@type":"ListItem","position":1,"name":"Portada","item":"https:\/\/riberasalud.com\/polusa\/clinicas-santo-domingo\/"},{"@type":"ListItem","position":2,"name":"Medicina familiar y comunitaria"}]},{"@type":"WebSite","@id":"https:\/\/riberasalud.com\/polusa\/clinicas-santo-domingo\/#website","url":"https:\/\/riberasalud.com\/polusa\/clinicas-santo-domingo\/","name":"Cl\u00ednica Plaza Santo Domingo","description":"","publisher":{"@id":"https:\/\/riberasalud.com\/polusa\/clinicas-santo-domingo\/#organization"},"potentialAction":[{"@type":"SearchAction","target":{"@type":"EntryPoint","urlTemplate":"https:\/\/riberasalud.com\/polusa\/clinicas-santo-domingo\/?s={search_term_string}"},"query-input":{"@type":"PropertyValueSpecification","valueRequired":true,"valueName":"search_term_string"}}],"inLanguage":"es"},{"@type":"Organization","@id":"https:\/\/riberasalud.com\/polusa\/clinicas-santo-domingo\/#organization","name":"Cl\u00ednica Plaza Santo Domingo","url":"https:\/\/riberasalud.com\/polusa\/clinicas-santo-domingo\/","logo":{"@type":"ImageObject","inLanguage":"es","@id":"https:\/\/riberasalud.com\/polusa\/clinicas-santo-domingo\/#\/schema\/logo\/image\/","url":"https:\/\/riberasalud.com\/polusa\/clinicas-santo-domingo\/wp-content\/uploads\/2021\/05\/cropped-LogoRibera-Red-ClinicaPolusa-SantoDomingo.png","contentUrl":"https:\/\/riberasalud.com\/polusa\/clinicas-santo-domingo\/wp-content\/uploads\/2021\/05\/cropped-LogoRibera-Red-ClinicaPolusa-SantoDomingo.png","width":2377,"height":497,"caption":"Cl\u00ednica Plaza Santo Domingo"},"image":{"@id":"https:\/\/riberasalud.com\/polusa\/clinicas-santo-domingo\/#\/schema\/logo\/image\/"}}]}},"uagb_featured_image_src":{"full":false,"thumbnail":false,"medium":false,"medium_large":false,"large":false,"1536x1536":false,"2048x2048":false},"uagb_author_info":{"display_name":"jorge@quois.com","author_link":"https:\/\/riberasalud.com\/polusa\/clinicas-santo-domingo\/author\/jorgequois-com\/"},"uagb_comment_info":0,"uagb_excerpt":"Medicina familiar y comunitaria Actividades de prevenci\u00f3n, promoci\u00f3n y cuidado m\u00e9dico. Medicina basada en la evidencia Programa especial de prevenci\u00f3n cardiovascular: su objetivo es cuantificar y disminuir el perfil del riesgo cardiovascular de nuestros pacientes \u00cdndice tobillo-brazo para la evaluaci\u00f3n de enfermedad arterial Programa especial de abordaje al tabaquismo: estrategias efectivas para dejar de fumar&hellip;","_links":{"self":[{"href":"https:\/\/riberasalud.com\/polusa\/clinicas-santo-domingo\/wp-json\/wp\/v2\/pages\/114","targetHints":{"allow":["GET"]}}],"collection":[{"href":"https:\/\/riberasalud.com\/polusa\/clinicas-santo-domingo\/wp-json\/wp\/v2\/pages"}],"about":[{"href":"https:\/\/riberasalud.com\/polusa\/clinicas-santo-domingo\/wp-json\/wp\/v2\/types\/page"}],"author":[{"embeddable":true,"href":"https:\/\/riberasalud.com\/polusa\/clinicas-santo-domingo\/wp-json\/wp\/v2\/users\/1"}],"replies":[{"embeddable":true,"href":"https:\/\/riberasalud.com\/polusa\/clinicas-santo-domingo\/wp-json\/wp\/v2\/comments?post=114"}],"version-history":[{"count":15,"href":"https:\/\/riberasalud.com\/polusa\/clinicas-santo-domingo\/wp-json\/wp\/v2\/pages\/114\/revisions"}],"predecessor-version":[{"id":1016,"href":"https:\/\/riberasalud.com\/polusa\/clinicas-santo-domingo\/wp-json\/wp\/v2\/pages\/114\/revisions\/1016"}],"wp:attachment":[{"href":"https:\/\/riberasalud.com\/polusa\/clinicas-santo-domingo\/wp-json\/wp\/v2\/media?parent=114"}],"curies":[{"name":"wp","href":"https:\/\/api.w.org\/{rel}","templated":true}]}}