{"id":1006,"date":"2021-10-13T13:20:04","date_gmt":"2021-10-13T13:20:04","guid":{"rendered":"https:\/\/riberasalud.com\/polusa\/clinicas-santo-domingo\/?page_id=1006"},"modified":"2021-10-13T13:20:43","modified_gmt":"2021-10-13T13:20:43","slug":"equipo-medico","status":"publish","type":"page","link":"https:\/\/riberasalud.com\/polusa\/clinicas-santo-domingo\/equipo-medico\/","title":{"rendered":"Equipo m\u00e9dico"},"content":{"rendered":"\n<div class=\"wp-block-group backgroundbanner\"><div class=\"wp-block-group__inner-container is-layout-flow wp-block-group-is-layout-flow\">\n<p class=\"has-text-align-center\" style=\"font-size:40px\"><span style=\"color: #4b4a4a;\" class=\"ugb-highlight\">Equipo m\u00e9dico<\/span><\/p>\n<\/div><\/div>\n\n\n\n<div class=\"wp-block-group\"><div class=\"wp-block-group__inner-container is-layout-flow wp-block-group-is-layout-flow\">\n<table id=\"tablepress-1\" class=\"tablepress tablepress-id-1\">\n<thead>\n<tr class=\"row-1 odd\">\n\t<th class=\"column-1\">NOMBRE<\/th><th class=\"column-2\">TITULACI\u00d3N\/ESPECIALIDAD<\/th>\n<\/tr>\n<\/thead>\n<tbody class=\"row-hover\">\n<tr class=\"row-2 even\">\n\t<td class=\"column-1\">Lancho Seco, Angel<\/td><td class=\"column-2\">Aparato Digestivo (U.09)<\/td>\n<\/tr>\n<tr class=\"row-3 odd\">\n\t<td class=\"column-1\">L\u00f3pez Varela, Mar\u00eda Bel\u00e9n<\/td><td class=\"column-2\">Auxiliar de cl\u00ednica <\/td>\n<\/tr>\n<tr class=\"row-4 even\">\n\t<td class=\"column-1\">Regueiro Abel, Margar\u00edta<\/td><td class=\"column-2\">Cardiolog\u00eda (U.7) \/Cardiologia<\/td>\n<\/tr>\n<tr class=\"row-5 odd\">\n\t<td class=\"column-1\">Grau Escarre, Albert<\/td><td class=\"column-2\">Cirug\u00eda Ortop\u00e9dica y Traumatolog\u00eda (U.55)<\/td>\n<\/tr>\n<tr class=\"row-6 even\">\n\t<td class=\"column-1\">Casteleiro Roca, Mar\u00eda Pilar<\/td><td class=\"column-2\">Cirug\u00eda Pl\u00e1stica-Est\u00e9tica y Rreparadora (U.46) \/Cirugia Plastica, Estetica y Reparadora<\/td>\n<\/tr>\n<tr class=\"row-7 odd\">\n\t<td class=\"column-1\">Santidrian Novo, Amaia<\/td><td class=\"column-2\">Diplomado\/a en Enfermer\u00eda (U.02)<\/td>\n<\/tr>\n<tr class=\"row-8 even\">\n\t<td class=\"column-1\">De Mat\u00edas Leralta, Jose Mar\u00eda<\/td><td class=\"column-2\">Endocrinolog\u00eda (U.10) \/Endocrinologia y Nutricion<\/td>\n<\/tr>\n<tr class=\"row-9 odd\">\n\t<td class=\"column-1\">Rodriguez L\u00f3pez, Andrea<\/td><td class=\"column-2\">Fisioterapeuta (U.59) <\/td>\n<\/tr>\n<tr class=\"row-10 even\">\n\t<td class=\"column-1\">N\u00fa\u00f1ez Rio, Lara<\/td><td class=\"column-2\">Fisioterapeuta (U.59) <\/td>\n<\/tr>\n<tr class=\"row-11 odd\">\n\t<td class=\"column-1\">Iglesias Cortizo, Ana<\/td><td class=\"column-2\">Fisioterapeuta (U.59)<\/td>\n<\/tr>\n<tr class=\"row-12 even\">\n\t<td class=\"column-1\">Perez Beatriz, Laura Florinda<\/td><td class=\"column-2\">Fisioterapeuta (U.59) <\/td>\n<\/tr>\n<tr class=\"row-13 odd\">\n\t<td class=\"column-1\">P\u00e9rez Taboas, Laura<\/td><td class=\"column-2\">Fisioterapeuta (U.59) <\/td>\n<\/tr>\n<tr class=\"row-14 even\">\n\t<td class=\"column-1\">G\u00f3mez Garc\u00eda, Nerea<\/td><td class=\"column-2\">Fisioterapeuta (U.59)<\/td>\n<\/tr>\n<tr class=\"row-15 odd\">\n\t<td class=\"column-1\">Teijeiro L\u00f3pez, Lucia<\/td><td class=\"column-2\">Fisioterapeuta (U.59) <\/td>\n<\/tr>\n<tr class=\"row-16 even\">\n\t<td class=\"column-1\">Espasand\u00edn Romar, David<\/td><td class=\"column-2\">Fisioterapeuta (U.59)<\/td>\n<\/tr>\n<tr class=\"row-17 odd\">\n\t<td class=\"column-1\">Gonzalez Iglesias, Silvia<\/td><td class=\"column-2\">Fisioterapeuta (U.59) <\/td>\n<\/tr>\n<tr class=\"row-18 even\">\n\t<td class=\"column-1\">Carballal Besteiro, Laura<\/td><td class=\"column-2\">Graduada en Nutrici\u00f3n Humana y Diet\u00e9tica<\/td>\n<\/tr>\n<tr class=\"row-19 odd\">\n\t<td class=\"column-1\">S\u00e1nchez Hern\u00e1ndez, Gustavo Jos\u00e9<\/td><td class=\"column-2\">Licenciado\/a en Medicina<\/td>\n<\/tr>\n<tr class=\"row-20 even\">\n\t<td class=\"column-1\">Rodriguez Dominguez, Carmen<\/td><td class=\"column-2\">Licenciado\/a en Medicina y Cirug\u00eda<\/td>\n<\/tr>\n<tr class=\"row-21 odd\">\n\t<td class=\"column-1\">Legaspi Rodriguez, Lorena<\/td><td class=\"column-2\">Logopedia (U.61)<\/td>\n<\/tr>\n<tr class=\"row-22 even\">\n\t<td class=\"column-1\">Busto Fern\u00e1ndez, Eva<\/td><td class=\"column-2\">Matrona<\/td>\n<\/tr>\n<tr class=\"row-23 odd\">\n\t<td class=\"column-1\">Fern\u00e1ndez Garc\u00eda, Laura<\/td><td class=\"column-2\">Medicina Est\u00e9tica (U.48)<\/td>\n<\/tr>\n<tr class=\"row-24 even\">\n\t<td class=\"column-1\">Veres Racamonde, Alejandro<\/td><td class=\"column-2\">Neumolog\u00eda (U.16) \/Neumologia<\/td>\n<\/tr>\n<tr class=\"row-25 odd\">\n\t<td class=\"column-1\">Fraga Vilanova, Mar\u00eda Vanesa<\/td><td class=\"column-2\">Neurolog\u00eda (U.17) \/Neurologia<\/td>\n<\/tr>\n<tr class=\"row-26 even\">\n\t<td class=\"column-1\">Alvarez Menendez, Leticia<\/td><td class=\"column-2\">Obstetricia y Ginecolog\u00eda (U.26) \/Ginecologia<\/td>\n<\/tr>\n<tr class=\"row-27 odd\">\n\t<td class=\"column-1\">Suarez Mujico, Olga<\/td><td class=\"column-2\">Obstetricia y Ginecolog\u00eda (U.26) \/Ginecologia<\/td>\n<\/tr>\n<tr class=\"row-28 even\">\n\t<td class=\"column-1\">Lopez \u00c1lvarez, Lucia<\/td><td class=\"column-2\">Odontolog\u00eda (U.44) \/ Odontolog\u00eda<\/td>\n<\/tr>\n<tr class=\"row-29 odd\">\n\t<td class=\"column-1\">Rubio Rodriguez, Juan Pedro<\/td><td class=\"column-2\">Otorrrinolaringolog\u00eda (U.52) \/Otorrinolaringologia<\/td>\n<\/tr>\n<tr class=\"row-30 even\">\n\t<td class=\"column-1\">Perez Amor, Mar\u00eda Jesus<\/td><td class=\"column-2\">Podolog\u00eda (U.04)<\/td>\n<\/tr>\n<tr class=\"row-31 odd\">\n\t<td class=\"column-1\">Vazquez Rodriguez, Belen<\/td><td class=\"column-2\">Psicolog\u00eda Sanitaria (U.900.70) \/ Psicolog\u00eda<\/td>\n<\/tr>\n<tr class=\"row-32 even\">\n\t<td class=\"column-1\">L\u00f3pez Mouriz, Cristina<\/td><td class=\"column-2\">Psicolog\u00eda Sanitaria (U.900.70) \/ Psicolog\u00eda<\/td>\n<\/tr>\n<tr class=\"row-33 odd\">\n\t<td class=\"column-1\">Novo Arias, Mar\u00eda <\/td><td class=\"column-2\">Psicolog\u00eda Sanitaria (U.900.70) \/ Psicolog\u00eda<\/td>\n<\/tr>\n<tr class=\"row-34 even\">\n\t<td class=\"column-1\">Arza R\u00edo, Luc\u00eda<\/td><td class=\"column-2\">Psicolog\u00eda Sanitaria (U.900.70) \/ Psicolog\u00eda<\/td>\n<\/tr>\n<tr class=\"row-35 odd\">\n\t<td class=\"column-1\">Fernandez Riesco, Lucia<\/td><td class=\"column-2\">Psicolog\u00eda Sanitaria (U.900.70) \/ Psicolog\u00eda<\/td>\n<\/tr>\n<tr class=\"row-36 even\">\n\t<td class=\"column-1\">D\u00edaz Llenderrozas, Francisco<\/td><td class=\"column-2\">Psiquiatria (U.69) \/Psiquiatria y Salud Mental<\/td>\n<\/tr>\n<tr class=\"row-37 odd\">\n\t<td class=\"column-1\">Garc\u00eda Porrua, Carlos<\/td><td class=\"column-2\">Reumatolog\u00eda (U.24) \/Reumatologia<\/td>\n<\/tr>\n<tr class=\"row-38 even\">\n\t<td class=\"column-1\">Casas Nebra Javier<\/td><td class=\"column-2\">Urolog\u00eda (U.53) \/Urologia<\/td>\n<\/tr>\n<tr class=\"row-39 odd\">\n\t<td class=\"column-1\">S\u00e1nchez Flores Paula<\/td><td class=\"column-2\">Matrona<\/td>\n<\/tr>\n<tr class=\"row-40 even\">\n\t<td class=\"column-1\"><\/td><td class=\"column-2\"><\/td>\n<\/tr>\n<\/tbody>\n<\/table>\n<!-- #tablepress-1 from cache -->\n<\/div><\/div>\n","protected":false},"excerpt":{"rendered":"<p>Equipo m\u00e9dico<\/p>\n","protected":false},"author":1,"featured_media":0,"parent":0,"menu_order":0,"comment_status":"closed","ping_status":"closed","template":"","meta":{"_editorskit_title_hidden":false,"_editorskit_reading_time":0,"_coblocks_attr":"","_coblocks_dimensions":"","_coblocks_responsive_height":"","_coblocks_accordion_ie_support":"","_generate-full-width-content":"true","_mi_skip_tracking":false,"footnotes":""},"class_list":["post-1006","page","type-page","status-publish"],"featured_image_urls":{"full":"","thumbnail":"","medium":"","medium_large":"","large":"","1536x1536":"","2048x2048":""},"post_excerpt_stackable":"<p>Equipo m\u00e9dico NOMBRETITULACI\u00d3N\/ESPECIALIDAD Lancho Seco, AngelAparato Digestivo (U.09) L\u00f3pez Varela, Mar\u00eda Bel\u00e9nAuxiliar de cl\u00ednica Regueiro Abel, Margar\u00edtaCardiolog\u00eda (U.7) \/Cardiologia Grau Escarre, AlbertCirug\u00eda Ortop\u00e9dica y Traumatolog\u00eda (U.55) Casteleiro Roca, Mar\u00eda PilarCirug\u00eda Pl\u00e1stica-Est\u00e9tica y Rreparadora (U.46) \/Cirugia Plastica, Estetica y Reparadora Santidrian Novo, AmaiaDiplomado\/a en Enfermer\u00eda (U.02) De Mat\u00edas Leralta, Jose Mar\u00edaEndocrinolog\u00eda (U.10) \/Endocrinologia y Nutricion Rodriguez L\u00f3pez, AndreaFisioterapeuta (U.59) N\u00fa\u00f1ez Rio, LaraFisioterapeuta (U.59) Iglesias Cortizo, AnaFisioterapeuta (U.59) Perez Beatriz, Laura FlorindaFisioterapeuta (U.59) P\u00e9rez Taboas, LauraFisioterapeuta (U.59) G\u00f3mez Garc\u00eda, NereaFisioterapeuta (U.59) Teijeiro L\u00f3pez, LuciaFisioterapeuta (U.59) Espasand\u00edn Romar, DavidFisioterapeuta (U.59) Gonzalez Iglesias, SilviaFisioterapeuta (U.59) Carballal Besteiro, LauraGraduada en Nutrici\u00f3n Humana y Diet\u00e9tica S\u00e1nchez&hellip;<\/p>\n","category_list":"","author_info":{"name":"jorge@quois.com","url":"https:\/\/riberasalud.com\/polusa\/clinicas-santo-domingo\/author\/jorgequois-com\/"},"comments_num":"0 comentarios","featured_image_urls_v2":{"full":"","thumbnail":"","medium":"","medium_large":"","large":"","1536x1536":"","2048x2048":""},"post_excerpt_stackable_v2":"<p>Equipo m\u00e9dico NOMBRETITULACI\u00d3N\/ESPECIALIDAD Lancho Seco, AngelAparato Digestivo (U.09) L\u00f3pez Varela, Mar\u00eda Bel\u00e9nAuxiliar de cl\u00ednica Regueiro Abel, Margar\u00edtaCardiolog\u00eda (U.7) \/Cardiologia Grau Escarre, AlbertCirug\u00eda Ortop\u00e9dica y Traumatolog\u00eda (U.55) Casteleiro Roca, Mar\u00eda PilarCirug\u00eda Pl\u00e1stica-Est\u00e9tica y Rreparadora (U.46) \/Cirugia Plastica, Estetica y Reparadora Santidrian Novo, AmaiaDiplomado\/a en Enfermer\u00eda (U.02) De Mat\u00edas Leralta, Jose Mar\u00edaEndocrinolog\u00eda (U.10) \/Endocrinologia y Nutricion Rodriguez L\u00f3pez, AndreaFisioterapeuta (U.59) N\u00fa\u00f1ez Rio, LaraFisioterapeuta (U.59) Iglesias Cortizo, AnaFisioterapeuta (U.59) Perez Beatriz, Laura FlorindaFisioterapeuta (U.59) P\u00e9rez Taboas, LauraFisioterapeuta (U.59) G\u00f3mez Garc\u00eda, NereaFisioterapeuta (U.59) Teijeiro L\u00f3pez, LuciaFisioterapeuta (U.59) Espasand\u00edn Romar, DavidFisioterapeuta (U.59) Gonzalez Iglesias, SilviaFisioterapeuta (U.59) Carballal Besteiro, LauraGraduada en Nutrici\u00f3n Humana y Diet\u00e9tica S\u00e1nchez&hellip;<\/p>\n","category_list_v2":"","author_info_v2":{"name":"jorge@quois.com","url":"https:\/\/riberasalud.com\/polusa\/clinicas-santo-domingo\/author\/jorgequois-com\/"},"comments_num_v2":"0 comentarios","yoast_head":"<!-- This site is optimized with the Yoast SEO plugin v26.9 - https:\/\/yoast.com\/product\/yoast-seo-wordpress\/ -->\n<title>Equipo m\u00e9dico | Cl\u00ednica Plaza Santo Domingo<\/title>\n<meta name=\"robots\" content=\"index, follow, max-snippet:-1, max-image-preview:large, max-video-preview:-1\" \/>\n<link rel=\"canonical\" href=\"https:\/\/riberasalud.com\/polusa\/clinicas-santo-domingo\/equipo-medico\/\" \/>\n<meta property=\"og:locale\" content=\"es_ES\" \/>\n<meta property=\"og:type\" content=\"article\" \/>\n<meta property=\"og:title\" content=\"Equipo m\u00e9dico | Cl\u00ednica Plaza Santo Domingo\" \/>\n<meta property=\"og:description\" content=\"Equipo m\u00e9dico\" \/>\n<meta property=\"og:url\" content=\"https:\/\/riberasalud.com\/polusa\/clinicas-santo-domingo\/equipo-medico\/\" \/>\n<meta property=\"og:site_name\" content=\"Cl\u00ednica Plaza Santo Domingo\" \/>\n<meta property=\"article:modified_time\" content=\"2021-10-13T13:20:43+00:00\" \/>\n<meta name=\"twitter:card\" content=\"summary_large_image\" \/>\n<meta name=\"twitter:label1\" content=\"Tiempo de lectura\" \/>\n\t<meta name=\"twitter:data1\" content=\"1 minuto\" \/>\n<script type=\"application\/ld+json\" class=\"yoast-schema-graph\">{\"@context\":\"https:\/\/schema.org\",\"@graph\":[{\"@type\":\"WebPage\",\"@id\":\"https:\/\/riberasalud.com\/polusa\/clinicas-santo-domingo\/equipo-medico\/\",\"url\":\"https:\/\/riberasalud.com\/polusa\/clinicas-santo-domingo\/equipo-medico\/\",\"name\":\"Equipo m\u00e9dico | Cl\u00ednica Plaza Santo Domingo\",\"isPartOf\":{\"@id\":\"https:\/\/riberasalud.com\/polusa\/clinicas-santo-domingo\/#website\"},\"datePublished\":\"2021-10-13T13:20:04+00:00\",\"dateModified\":\"2021-10-13T13:20:43+00:00\",\"breadcrumb\":{\"@id\":\"https:\/\/riberasalud.com\/polusa\/clinicas-santo-domingo\/equipo-medico\/#breadcrumb\"},\"inLanguage\":\"es\",\"potentialAction\":[{\"@type\":\"ReadAction\",\"target\":[\"https:\/\/riberasalud.com\/polusa\/clinicas-santo-domingo\/equipo-medico\/\"]}]},{\"@type\":\"BreadcrumbList\",\"@id\":\"https:\/\/riberasalud.com\/polusa\/clinicas-santo-domingo\/equipo-medico\/#breadcrumb\",\"itemListElement\":[{\"@type\":\"ListItem\",\"position\":1,\"name\":\"Portada\",\"item\":\"https:\/\/riberasalud.com\/polusa\/clinicas-santo-domingo\/\"},{\"@type\":\"ListItem\",\"position\":2,\"name\":\"Equipo m\u00e9dico\"}]},{\"@type\":\"WebSite\",\"@id\":\"https:\/\/riberasalud.com\/polusa\/clinicas-santo-domingo\/#website\",\"url\":\"https:\/\/riberasalud.com\/polusa\/clinicas-santo-domingo\/\",\"name\":\"Cl\u00ednica Plaza Santo Domingo\",\"description\":\"\",\"publisher\":{\"@id\":\"https:\/\/riberasalud.com\/polusa\/clinicas-santo-domingo\/#organization\"},\"potentialAction\":[{\"@type\":\"SearchAction\",\"target\":{\"@type\":\"EntryPoint\",\"urlTemplate\":\"https:\/\/riberasalud.com\/polusa\/clinicas-santo-domingo\/?s={search_term_string}\"},\"query-input\":{\"@type\":\"PropertyValueSpecification\",\"valueRequired\":true,\"valueName\":\"search_term_string\"}}],\"inLanguage\":\"es\"},{\"@type\":\"Organization\",\"@id\":\"https:\/\/riberasalud.com\/polusa\/clinicas-santo-domingo\/#organization\",\"name\":\"Cl\u00ednica Plaza Santo Domingo\",\"url\":\"https:\/\/riberasalud.com\/polusa\/clinicas-santo-domingo\/\",\"logo\":{\"@type\":\"ImageObject\",\"inLanguage\":\"es\",\"@id\":\"https:\/\/riberasalud.com\/polusa\/clinicas-santo-domingo\/#\/schema\/logo\/image\/\",\"url\":\"https:\/\/riberasalud.com\/polusa\/clinicas-santo-domingo\/wp-content\/uploads\/2021\/05\/cropped-LogoRibera-Red-ClinicaPolusa-SantoDomingo.png\",\"contentUrl\":\"https:\/\/riberasalud.com\/polusa\/clinicas-santo-domingo\/wp-content\/uploads\/2021\/05\/cropped-LogoRibera-Red-ClinicaPolusa-SantoDomingo.png\",\"width\":2377,\"height\":497,\"caption\":\"Cl\u00ednica Plaza Santo Domingo\"},\"image\":{\"@id\":\"https:\/\/riberasalud.com\/polusa\/clinicas-santo-domingo\/#\/schema\/logo\/image\/\"}}]}<\/script>\n<!-- \/ Yoast SEO plugin. -->","yoast_head_json":{"title":"Equipo m\u00e9dico | Cl\u00ednica Plaza Santo Domingo","robots":{"index":"index","follow":"follow","max-snippet":"max-snippet:-1","max-image-preview":"max-image-preview:large","max-video-preview":"max-video-preview:-1"},"canonical":"https:\/\/riberasalud.com\/polusa\/clinicas-santo-domingo\/equipo-medico\/","og_locale":"es_ES","og_type":"article","og_title":"Equipo m\u00e9dico | Cl\u00ednica Plaza Santo Domingo","og_description":"Equipo m\u00e9dico","og_url":"https:\/\/riberasalud.com\/polusa\/clinicas-santo-domingo\/equipo-medico\/","og_site_name":"Cl\u00ednica Plaza Santo Domingo","article_modified_time":"2021-10-13T13:20:43+00:00","twitter_card":"summary_large_image","twitter_misc":{"Tiempo de lectura":"1 minuto"},"schema":{"@context":"https:\/\/schema.org","@graph":[{"@type":"WebPage","@id":"https:\/\/riberasalud.com\/polusa\/clinicas-santo-domingo\/equipo-medico\/","url":"https:\/\/riberasalud.com\/polusa\/clinicas-santo-domingo\/equipo-medico\/","name":"Equipo m\u00e9dico | Cl\u00ednica Plaza Santo Domingo","isPartOf":{"@id":"https:\/\/riberasalud.com\/polusa\/clinicas-santo-domingo\/#website"},"datePublished":"2021-10-13T13:20:04+00:00","dateModified":"2021-10-13T13:20:43+00:00","breadcrumb":{"@id":"https:\/\/riberasalud.com\/polusa\/clinicas-santo-domingo\/equipo-medico\/#breadcrumb"},"inLanguage":"es","potentialAction":[{"@type":"ReadAction","target":["https:\/\/riberasalud.com\/polusa\/clinicas-santo-domingo\/equipo-medico\/"]}]},{"@type":"BreadcrumbList","@id":"https:\/\/riberasalud.com\/polusa\/clinicas-santo-domingo\/equipo-medico\/#breadcrumb","itemListElement":[{"@type":"ListItem","position":1,"name":"Portada","item":"https:\/\/riberasalud.com\/polusa\/clinicas-santo-domingo\/"},{"@type":"ListItem","position":2,"name":"Equipo m\u00e9dico"}]},{"@type":"WebSite","@id":"https:\/\/riberasalud.com\/polusa\/clinicas-santo-domingo\/#website","url":"https:\/\/riberasalud.com\/polusa\/clinicas-santo-domingo\/","name":"Cl\u00ednica Plaza Santo Domingo","description":"","publisher":{"@id":"https:\/\/riberasalud.com\/polusa\/clinicas-santo-domingo\/#organization"},"potentialAction":[{"@type":"SearchAction","target":{"@type":"EntryPoint","urlTemplate":"https:\/\/riberasalud.com\/polusa\/clinicas-santo-domingo\/?s={search_term_string}"},"query-input":{"@type":"PropertyValueSpecification","valueRequired":true,"valueName":"search_term_string"}}],"inLanguage":"es"},{"@type":"Organization","@id":"https:\/\/riberasalud.com\/polusa\/clinicas-santo-domingo\/#organization","name":"Cl\u00ednica Plaza Santo Domingo","url":"https:\/\/riberasalud.com\/polusa\/clinicas-santo-domingo\/","logo":{"@type":"ImageObject","inLanguage":"es","@id":"https:\/\/riberasalud.com\/polusa\/clinicas-santo-domingo\/#\/schema\/logo\/image\/","url":"https:\/\/riberasalud.com\/polusa\/clinicas-santo-domingo\/wp-content\/uploads\/2021\/05\/cropped-LogoRibera-Red-ClinicaPolusa-SantoDomingo.png","contentUrl":"https:\/\/riberasalud.com\/polusa\/clinicas-santo-domingo\/wp-content\/uploads\/2021\/05\/cropped-LogoRibera-Red-ClinicaPolusa-SantoDomingo.png","width":2377,"height":497,"caption":"Cl\u00ednica Plaza Santo Domingo"},"image":{"@id":"https:\/\/riberasalud.com\/polusa\/clinicas-santo-domingo\/#\/schema\/logo\/image\/"}}]}},"uagb_featured_image_src":{"full":false,"thumbnail":false,"medium":false,"medium_large":false,"large":false,"1536x1536":false,"2048x2048":false},"uagb_author_info":{"display_name":"jorge@quois.com","author_link":"https:\/\/riberasalud.com\/polusa\/clinicas-santo-domingo\/author\/jorgequois-com\/"},"uagb_comment_info":0,"uagb_excerpt":"Equipo m\u00e9dico","_links":{"self":[{"href":"https:\/\/riberasalud.com\/polusa\/clinicas-santo-domingo\/wp-json\/wp\/v2\/pages\/1006","targetHints":{"allow":["GET"]}}],"collection":[{"href":"https:\/\/riberasalud.com\/polusa\/clinicas-santo-domingo\/wp-json\/wp\/v2\/pages"}],"about":[{"href":"https:\/\/riberasalud.com\/polusa\/clinicas-santo-domingo\/wp-json\/wp\/v2\/types\/page"}],"author":[{"embeddable":true,"href":"https:\/\/riberasalud.com\/polusa\/clinicas-santo-domingo\/wp-json\/wp\/v2\/users\/1"}],"replies":[{"embeddable":true,"href":"https:\/\/riberasalud.com\/polusa\/clinicas-santo-domingo\/wp-json\/wp\/v2\/comments?post=1006"}],"version-history":[{"count":3,"href":"https:\/\/riberasalud.com\/polusa\/clinicas-santo-domingo\/wp-json\/wp\/v2\/pages\/1006\/revisions"}],"predecessor-version":[{"id":1009,"href":"https:\/\/riberasalud.com\/polusa\/clinicas-santo-domingo\/wp-json\/wp\/v2\/pages\/1006\/revisions\/1009"}],"wp:attachment":[{"href":"https:\/\/riberasalud.com\/polusa\/clinicas-santo-domingo\/wp-json\/wp\/v2\/media?parent=1006"}],"curies":[{"name":"wp","href":"https:\/\/api.w.org\/{rel}","templated":true}]}}