{"id":543,"date":"2021-11-23T14:21:49","date_gmt":"2021-11-23T14:21:49","guid":{"rendered":"https:\/\/riberasalud.com\/minds\/?page_id=543"},"modified":"2021-11-23T14:23:33","modified_gmt":"2021-11-23T14:23:33","slug":"derechos","status":"publish","type":"page","link":"https:\/\/riberasalud.com\/minds\/derechos\/","title":{"rendered":"Derechos"},"content":{"rendered":"\n<p>Acceso, rectificaci\u00f3n, supresi\u00f3n, portabilidad, limitaci\u00f3n o, en su caso, oposici\u00f3n al tratamiento de datos. Estos derechos podr\u00e1n ser ejercitados  dirigiendo comunicaci\u00f3n por escrito, debidamente firmada, acompa\u00f1ada de fotocopia del DNI a la siguiente direcci\u00f3n: Valencia (Valencia), en la Avda. de las Cortes Valencianas, n\u00ba 58 (CP 46.015), o a trav\u00e9s del siguiente email: dpo@riberasalud.es Asimismo, podr\u00e1 interponer una reclamaci\u00f3n ante nuestro Delegado de Protecci\u00f3n de Datos (dpo@riberasalud.es) o ante la Agencia Espa\u00f1ola de Protecci\u00f3n de Datos (<a href=\"http:\/\/www.aepd.es\/\">www.aepd.es<\/a>).<\/p>\n","protected":false},"excerpt":{"rendered":"<p>Acceso, rectificaci\u00f3n, supresi\u00f3n, portabilidad, limitaci\u00f3n o, en su caso, oposici\u00f3n al tratamiento de datos. Estos derechos podr\u00e1n ser ejercitados dirigiendo comunicaci\u00f3n por escrito, debidamente firmada, acompa\u00f1ada de fotocopia del DNI a la siguiente direcci\u00f3n: Valencia (Valencia), en la Avda. de las Cortes Valencianas, n\u00ba 58 (CP 46.015), o a trav\u00e9s del siguiente email: dpo@riberasalud.es Asimismo, &#8230; <a title=\"Derechos\" class=\"read-more\" href=\"https:\/\/riberasalud.com\/minds\/derechos\/\" aria-label=\"Leer m\u00e1s sobre Derechos\">Leer m\u00e1s<\/a><\/p>\n","protected":false},"author":1,"featured_media":0,"parent":0,"menu_order":0,"comment_status":"closed","ping_status":"closed","template":"","meta":{"content-type":"","_uag_custom_page_level_css":"","advgb_blocks_editor_width":"","advgb_blocks_columns_visual_guide":"","_glsr_average":0,"_glsr_ranking":0,"_glsr_reviews":0,"footnotes":""},"class_list":["post-543","page","type-page","status-publish"],"yoast_head":"<!-- This site is optimized with the Yoast SEO plugin v26.6 - https:\/\/yoast.com\/wordpress\/plugins\/seo\/ -->\n<title>Derechos - Minds<\/title>\n<meta name=\"robots\" content=\"index, follow, max-snippet:-1, max-image-preview:large, max-video-preview:-1\" \/>\n<link rel=\"canonical\" href=\"https:\/\/riberasalud.com\/minds\/derechos\/\" \/>\n<meta property=\"og:locale\" content=\"es_ES\" \/>\n<meta property=\"og:type\" content=\"article\" \/>\n<meta property=\"og:title\" content=\"Derechos - Minds\" \/>\n<meta property=\"og:description\" content=\"Acceso, rectificaci\u00f3n, supresi\u00f3n, portabilidad, limitaci\u00f3n o, en su caso, oposici\u00f3n al tratamiento de datos. Estos derechos podr\u00e1n ser ejercitados dirigiendo comunicaci\u00f3n por escrito, debidamente firmada, acompa\u00f1ada de fotocopia del DNI a la siguiente direcci\u00f3n: Valencia (Valencia), en la Avda. de las Cortes Valencianas, n\u00ba 58 (CP 46.015), o a trav\u00e9s del siguiente email: dpo@riberasalud.es Asimismo, ... Leer m\u00e1s\" \/>\n<meta property=\"og:url\" content=\"https:\/\/riberasalud.com\/minds\/derechos\/\" \/>\n<meta property=\"og:site_name\" content=\"Minds\" \/>\n<meta property=\"article:modified_time\" content=\"2021-11-23T14:23:33+00:00\" \/>\n<meta name=\"twitter:card\" content=\"summary_large_image\" \/>\n<script type=\"application\/ld+json\" class=\"yoast-schema-graph\">{\"@context\":\"https:\/\/schema.org\",\"@graph\":[{\"@type\":\"WebPage\",\"@id\":\"https:\/\/riberasalud.com\/minds\/derechos\/\",\"url\":\"https:\/\/riberasalud.com\/minds\/derechos\/\",\"name\":\"Derechos - Minds\",\"isPartOf\":{\"@id\":\"https:\/\/riberasalud.com\/minds\/#website\"},\"datePublished\":\"2021-11-23T14:21:49+00:00\",\"dateModified\":\"2021-11-23T14:23:33+00:00\",\"breadcrumb\":{\"@id\":\"https:\/\/riberasalud.com\/minds\/derechos\/#breadcrumb\"},\"inLanguage\":\"es\",\"potentialAction\":[{\"@type\":\"ReadAction\",\"target\":[\"https:\/\/riberasalud.com\/minds\/derechos\/\"]}]},{\"@type\":\"BreadcrumbList\",\"@id\":\"https:\/\/riberasalud.com\/minds\/derechos\/#breadcrumb\",\"itemListElement\":[{\"@type\":\"ListItem\",\"position\":1,\"name\":\"Portada\",\"item\":\"https:\/\/riberasalud.com\/minds\/\"},{\"@type\":\"ListItem\",\"position\":2,\"name\":\"Derechos\"}]},{\"@type\":\"WebSite\",\"@id\":\"https:\/\/riberasalud.com\/minds\/#website\",\"url\":\"https:\/\/riberasalud.com\/minds\/\",\"name\":\"Minds\",\"description\":\"\",\"publisher\":{\"@id\":\"https:\/\/riberasalud.com\/minds\/#organization\"},\"potentialAction\":[{\"@type\":\"SearchAction\",\"target\":{\"@type\":\"EntryPoint\",\"urlTemplate\":\"https:\/\/riberasalud.com\/minds\/?s={search_term_string}\"},\"query-input\":{\"@type\":\"PropertyValueSpecification\",\"valueRequired\":true,\"valueName\":\"search_term_string\"}}],\"inLanguage\":\"es\"},{\"@type\":\"Organization\",\"@id\":\"https:\/\/riberasalud.com\/minds\/#organization\",\"name\":\"Minds\",\"url\":\"https:\/\/riberasalud.com\/minds\/\",\"logo\":{\"@type\":\"ImageObject\",\"inLanguage\":\"es\",\"@id\":\"https:\/\/riberasalud.com\/minds\/#\/schema\/logo\/image\/\",\"url\":\"https:\/\/riberasalud.com\/minds\/wp-content\/uploads\/2021\/11\/cropped-logo_Mesa-de-trabajo-1-1.png\",\"contentUrl\":\"https:\/\/riberasalud.com\/minds\/wp-content\/uploads\/2021\/11\/cropped-logo_Mesa-de-trabajo-1-1.png\",\"width\":685,\"height\":269,\"caption\":\"Minds\"},\"image\":{\"@id\":\"https:\/\/riberasalud.com\/minds\/#\/schema\/logo\/image\/\"}}]}<\/script>\n<!-- \/ Yoast SEO plugin. -->","yoast_head_json":{"title":"Derechos - Minds","robots":{"index":"index","follow":"follow","max-snippet":"max-snippet:-1","max-image-preview":"max-image-preview:large","max-video-preview":"max-video-preview:-1"},"canonical":"https:\/\/riberasalud.com\/minds\/derechos\/","og_locale":"es_ES","og_type":"article","og_title":"Derechos - Minds","og_description":"Acceso, rectificaci\u00f3n, supresi\u00f3n, portabilidad, limitaci\u00f3n o, en su caso, oposici\u00f3n al tratamiento de datos. Estos derechos podr\u00e1n ser ejercitados dirigiendo comunicaci\u00f3n por escrito, debidamente firmada, acompa\u00f1ada de fotocopia del DNI a la siguiente direcci\u00f3n: Valencia (Valencia), en la Avda. de las Cortes Valencianas, n\u00ba 58 (CP 46.015), o a trav\u00e9s del siguiente email: dpo@riberasalud.es Asimismo, ... Leer m\u00e1s","og_url":"https:\/\/riberasalud.com\/minds\/derechos\/","og_site_name":"Minds","article_modified_time":"2021-11-23T14:23:33+00:00","twitter_card":"summary_large_image","schema":{"@context":"https:\/\/schema.org","@graph":[{"@type":"WebPage","@id":"https:\/\/riberasalud.com\/minds\/derechos\/","url":"https:\/\/riberasalud.com\/minds\/derechos\/","name":"Derechos - Minds","isPartOf":{"@id":"https:\/\/riberasalud.com\/minds\/#website"},"datePublished":"2021-11-23T14:21:49+00:00","dateModified":"2021-11-23T14:23:33+00:00","breadcrumb":{"@id":"https:\/\/riberasalud.com\/minds\/derechos\/#breadcrumb"},"inLanguage":"es","potentialAction":[{"@type":"ReadAction","target":["https:\/\/riberasalud.com\/minds\/derechos\/"]}]},{"@type":"BreadcrumbList","@id":"https:\/\/riberasalud.com\/minds\/derechos\/#breadcrumb","itemListElement":[{"@type":"ListItem","position":1,"name":"Portada","item":"https:\/\/riberasalud.com\/minds\/"},{"@type":"ListItem","position":2,"name":"Derechos"}]},{"@type":"WebSite","@id":"https:\/\/riberasalud.com\/minds\/#website","url":"https:\/\/riberasalud.com\/minds\/","name":"Minds","description":"","publisher":{"@id":"https:\/\/riberasalud.com\/minds\/#organization"},"potentialAction":[{"@type":"SearchAction","target":{"@type":"EntryPoint","urlTemplate":"https:\/\/riberasalud.com\/minds\/?s={search_term_string}"},"query-input":{"@type":"PropertyValueSpecification","valueRequired":true,"valueName":"search_term_string"}}],"inLanguage":"es"},{"@type":"Organization","@id":"https:\/\/riberasalud.com\/minds\/#organization","name":"Minds","url":"https:\/\/riberasalud.com\/minds\/","logo":{"@type":"ImageObject","inLanguage":"es","@id":"https:\/\/riberasalud.com\/minds\/#\/schema\/logo\/image\/","url":"https:\/\/riberasalud.com\/minds\/wp-content\/uploads\/2021\/11\/cropped-logo_Mesa-de-trabajo-1-1.png","contentUrl":"https:\/\/riberasalud.com\/minds\/wp-content\/uploads\/2021\/11\/cropped-logo_Mesa-de-trabajo-1-1.png","width":685,"height":269,"caption":"Minds"},"image":{"@id":"https:\/\/riberasalud.com\/minds\/#\/schema\/logo\/image\/"}}]}},"uagb_featured_image_src":{"full":false,"thumbnail":false,"medium":false,"medium_large":false,"large":false,"xl":false,"xxl":false,"xxxl":false,"xxxxl":false,"xxxxxl":false,"1536x1536":false,"2048x2048":false,"woocommerce_thumbnail":false,"woocommerce_single":false,"woocommerce_gallery_thumbnail":false},"uagb_author_info":{"display_name":"Jorge BBBB","author_link":"https:\/\/riberasalud.com\/minds\/author\/jorgequois-com\/"},"uagb_comment_info":0,"uagb_excerpt":"Acceso, rectificaci\u00f3n, supresi\u00f3n, portabilidad, limitaci\u00f3n o, en su caso, oposici\u00f3n al tratamiento de datos. Estos derechos podr\u00e1n ser ejercitados dirigiendo comunicaci\u00f3n por escrito, debidamente firmada, acompa\u00f1ada de fotocopia del DNI a la siguiente direcci\u00f3n: Valencia (Valencia), en la Avda. de las Cortes Valencianas, n\u00ba 58 (CP 46.015), o a trav\u00e9s del siguiente email: dpo@riberasalud.es Asimismo,&hellip;","coauthors":[],"author_meta":{"author_link":"https:\/\/riberasalud.com\/minds\/author\/jorgequois-com\/","display_name":"Jorge BBBB"},"relative_dates":{"created":"Publicado 4 a\u00f1os hace","modified":"Actualizado 4 a\u00f1os hace"},"absolute_dates":{"created":"Publicado el 23 de noviembre de 2021","modified":"Actualizado el 23 de noviembre de 2021"},"absolute_dates_time":{"created":"Publicado el 23 de noviembre de 2021 14:21","modified":"Actualizado el 23 de noviembre de 2021 14:23"},"featured_img_caption":"","featured_img":false,"series_order":"","_links":{"self":[{"href":"https:\/\/riberasalud.com\/minds\/wp-json\/wp\/v2\/pages\/543","targetHints":{"allow":["GET"]}}],"collection":[{"href":"https:\/\/riberasalud.com\/minds\/wp-json\/wp\/v2\/pages"}],"about":[{"href":"https:\/\/riberasalud.com\/minds\/wp-json\/wp\/v2\/types\/page"}],"author":[{"embeddable":true,"href":"https:\/\/riberasalud.com\/minds\/wp-json\/wp\/v2\/users\/1"}],"replies":[{"embeddable":true,"href":"https:\/\/riberasalud.com\/minds\/wp-json\/wp\/v2\/comments?post=543"}],"version-history":[{"count":4,"href":"https:\/\/riberasalud.com\/minds\/wp-json\/wp\/v2\/pages\/543\/revisions"}],"predecessor-version":[{"id":547,"href":"https:\/\/riberasalud.com\/minds\/wp-json\/wp\/v2\/pages\/543\/revisions\/547"}],"wp:attachment":[{"href":"https:\/\/riberasalud.com\/minds\/wp-json\/wp\/v2\/media?parent=543"}],"curies":[{"name":"wp","href":"https:\/\/api.w.org\/{rel}","templated":true}]}}