{"id":273,"date":"2021-11-10T09:58:36","date_gmt":"2021-11-10T09:58:36","guid":{"rendered":"https:\/\/riberasalud.com\/minds\/?page_id=273"},"modified":"2022-02-15T08:40:39","modified_gmt":"2022-02-15T08:40:39","slug":"terminos-y-condiciones","status":"publish","type":"page","link":"https:\/\/riberasalud.com\/minds\/terminos-y-condiciones\/","title":{"rendered":"T\u00e9rminos y condiciones"},"content":{"rendered":"\n<p><strong>INFORMACION GENERAL E IDENTIFICACION DEL TITULAR<\/strong><\/p>\n\n\n\n<p>RIBERA SALUD, S.A., (en adelante, RIBERA o GRUPO RIBERA), informa al usuario que el acceso y uso de la p\u00e1gina web&nbsp;<a href=\"http:\/\/www.riberasalud.com\/minds\">www.riberasalud.com\/minds<\/a>&nbsp;est\u00e1 sujeta a las presentes condiciones de uso, por lo que recomendamos su lectura al acceder a nuestro sitio web.<br>En cumplimiento de lo dispuesto en el art\u00edculo 10 de la Ley 34\/2002 de Servicios de la Sociedad de la Informaci\u00f3n y Comercio Electr\u00f3nico (en adelante, \u201cLSSI\u201d), la entidad RIBERA SALUD, S.A, con NIF A-03681186, informa que es una sociedad inscrita en el Registro Mercantil de Valencia al Tomo 5953, Folio 212, Libro 3259, Secci\u00f3n 8\u00aa, Hoja V-57721, Inscripci\u00f3n 1\u00aa, con domicilio en Avenida Cortes Valencianas, n\u00famero 58, Edificio Sorolla Center, 46015 Valencia (Espa\u00f1a). La direcci\u00f3n de correo electr\u00f3nico de contacto es&nbsp;info@riberasalud.es&nbsp;y n\u00famero de tel\u00e9fono (+34) 963 462 591.<br>La sociedad es propietaria del nombre de dominio&nbsp;riberasalud.com&nbsp;y de la p\u00e1gina web en internet a la que se accede a trav\u00e9s de dicho dominio&nbsp;www.riberasalud.com.<\/p>\n\n\n\n<p><strong>EL USO DE LA WEB IMPLICA LA ACEPTACI\u00d3N DE LAS PRESENTES CONDICIONES GENERALES.<\/strong><\/p>\n\n\n\n<p>El usuario que accede voluntariamente a este sitio web, se compromete a utilizarlo de conformidad con la ley, lo establecido en su aviso legal, las presentes condiciones generales de uso, as\u00ed como la moral, las buenas costumbres generalmente aceptadas y el orden p\u00fablico.<br>GRUPO RIBERA&nbsp;se reserva el derecho a modificar las condiciones de acceso y el contenido de la Web cuando estime conveniente y sin previo aviso.<br>Las presentes Condiciones generales tambi\u00e9n regulan las condiciones para la emisi\u00f3n de pedidos sobre servicios ofertados, el pago y la realizaci\u00f3n de los servicios solicitados.<br>La informaci\u00f3n o datos personales que nos facilite ser\u00e1n tratados con arreglo a lo establecido en la&nbsp;POL\u00cdTICA DE PROTECCI\u00d3N DE DATOS, que m\u00e1s adelante se desarrollan.<br>Al emitir un pedido a trav\u00e9s de este sitio web, declara ser mayor de 18 a\u00f1os y tener capacidad legal para celebrar contratos.<br>GRUPO RIBERA no asume ninguna responsabilidad por los problemas de conexi\u00f3n o virus que puedan surgir como consecuencia de los riesgos intr\u00ednsecos de la conexi\u00f3n y la navegaci\u00f3n por Internet.<br>El idioma que se usar\u00e1 para la contrataci\u00f3n y comunicaci\u00f3n en el sitio web es el espa\u00f1ol.<\/p>\n\n\n\n<p><strong>USUARIOS<\/strong><\/p>\n\n\n\n<p><strong>REGISTRO DE USUARIO Y CLAVE DE ACCESO<\/strong><\/p>\n\n\n\n<p>El USUARIO garantiza la autenticidad y veracidad de todos aquellos datos que comunique como consecuencia de la cumplimentaci\u00f3n de los formularios incluidos en la WEB. De igual forma, ser\u00e1 responsabilidad del USUARIO el mantener toda la informaci\u00f3n facilitada permanentemente actualizada de forma que responda, en cada momento, a su situaci\u00f3n real. En todo caso, el USUARIO ser\u00e1 el \u00fanico responsable de las manifestaciones falsas o inexactas que realice y de los perjuicios que cause a GRUPO RIBERA o a terceros por la informaci\u00f3n que facilite.<br>Para emitir un pedido de los servicios ofertados ser\u00e1 necesario darse de alta como USUARIO, mediante el formulario habilitado a tal efecto, facilitando una direcci\u00f3n de correo electr\u00f3nico como identificador y una contrase\u00f1a de libre elecci\u00f3n, as\u00ed como otros datos tales como DNI, NIE o pasaporte, nombre y apellidos, fecha de nacimiento, domicilio, tel\u00e9fono m\u00f3vil, provincia o pa\u00eds de residencia.<br>Posteriormente el USUARIO recibir\u00e1 un sms al tel\u00e9fono indicado por el que se validar\u00e1 el proceso de alta. GRUPO RIBERA se reserva el derecho para la validaci\u00f3n, suspensi\u00f3n o denegaci\u00f3n del alta de USUARIO a su libre criterio.<br>Una vez tramitada el alta, las claves de acceso generadas (en adelante, las \u00abClaves de Acceso\u00bb) facultar\u00e1n el acceso a un espacio personalizado en la WEB. El USUARIO podr\u00e1 modificar libremente su informaci\u00f3n y sus CLAVES DE ACCESO, adem\u00e1s de hacer uso de los diferentes PRODUCTOS Y SERVICIOS incluidos en la WEB, a trav\u00e9s de las herramientas puestas a su disposici\u00f3n a tales efectos.<br>En caso de extrav\u00edo, sustracci\u00f3n o utilizaci\u00f3n no autorizada de las CLAVES DE ACCESO, el USUARIO deber\u00e1 informarlo sin demoras indebidas a GRUPO RIBERA, a fin de que \u00e9sta pueda tomar las medidas oportunas, proporcionando nuevas CLAVES DE ACCESO al USUARIO que as\u00ed lo solicite.<br>GRUPO RIBERA presupondr\u00e1, mientras no se le comunique su extrav\u00edo, sustracci\u00f3n o utilizaci\u00f3n indebida, que los accesos a trav\u00e9s de las CLAVES DE ACCESO son realizados por el USUARIO al que \u00e9stas correspondan.<\/p>\n\n\n\n<p><strong>CANCELACI\u00d3N DEL REGISTRO DE USUARIO<\/strong><\/p>\n\n\n\n<p>Para proceder a la cancelaci\u00f3n del registro, el USUARIO deber\u00e1 enviar una solicitud de cancelaci\u00f3n dirigida a la direcci\u00f3n contacto dpo@riberasalud.es.<br>Asimismo, GRUPO RIBERA podr\u00e1 bloquear y cancelar los perfiles que considere que de alg\u00fan modo han infringido las presentes condicione generales.<br>GRUPO RIBERA se reserva el derecho a interrumpir temporalmente la oferta de los servicios por necesidades de mejora, reparaci\u00f3n o sustituci\u00f3n de los medios t\u00e9cnicos utilizados para la prestaci\u00f3n de los mismos.<br>GRUPO RIBERA, tambi\u00e9n se reserva el derecho a interrumpir temporalmente la oferta de los servicios cuando el USUARIO incumpla las presentes condiciones generales o especialmente est\u00e9 cometiendo alg\u00fan tipo de conducta il\u00edcita.<br>La interrupci\u00f3n de la prestaci\u00f3n de los servicios por las causas anteriormente indicadas no dar\u00e1 lugar, en ning\u00fan caso a una indemnizaci\u00f3n al USUARIO.<\/p>\n\n\n\n<p><strong>SERVICIOS OFERTADOS<\/strong><\/p>\n\n\n\n<p>Este sitio web le ofrece la posibilidad de adquirir los siguientes servicios:<br>Programa de Bienestar emocional Minds, de un mes de duraci\u00f3n<br><br>Puede consultar m\u00e1s informaci\u00f3n sobre los servicios ofertados en la informaci\u00f3n disponible en la p\u00e1gina web para cada uno de los bonos y servicios. Ante cualquier duda en relaci\u00f3n a los servicios ofertados, puede contactar con GRUPO RIBERA en:  comunicacion@riberasalud.com<br>PRECIOS<\/p>\n\n\n\n<p>Los precios est\u00e1n indicados en euros e incluyen el IVA.<br>El precio&nbsp;de los servicios ser\u00e1 el que se estipule en cada momento en el sitio web. El precio y resto de condiciones no ser\u00e1n modificadas durante el lapso de tiempo que medie entre su solicitud y la aceptaci\u00f3n de la misma emitida a trav\u00e9s de la confirmaci\u00f3n de env\u00edo, salvo que por ley o decisi\u00f3n de organismos gubernamentales se haya de hacer cambios con car\u00e1cter retroactivo en dichas pol\u00edticas, Condiciones o Declaraci\u00f3n de Privacidad, en cuyo caso, los posibles cambios afectar\u00e1n tambi\u00e9n a los pedidos que hubiera hecho previamente.<br>GRUPO RIBERA se reserva el derecho de modificar los precios de los servicios en cualquier momento, respetando las tarifas en vigor en el momento de formalizarse las solicitudes preexistentes.<\/p>\n\n\n\n<p><strong>FORMA DE PAGO<\/strong><\/p>\n\n\n\n<p>El USUARIO tendr\u00e1 acceso, con anterioridad a la contrataci\u00f3n de los servicios a la siguiente informaci\u00f3n relativa a los mismos:<br>a) Caracter\u00edsticas del servicio, fecha y lugar de la prestaci\u00f3n del servicio.<br>b) Precio e impuestos.<br>Una vez seleccionados los servicios correspondientes, el Cliente deber\u00e1 cumplimentar adecuadamente la informaci\u00f3n solicitada y a continuaci\u00f3n, se le pedir\u00e1 que valide su compra, aceptando las presentes CONDICIONES GENERALES y POLITICA DE PROTECCI\u00d3N DE DATOS. Tras la validaci\u00f3n por el Cliente de la opci\u00f3n elegida, se mostrar\u00e1 una pantalla de confirmaci\u00f3n y posteriormente recibir\u00e1, por correo electr\u00f3nico, despu\u00e9s de la aprobaci\u00f3n de su pago, un acuse de recibo en el que constar\u00e1n todos los t\u00e9rminos del servicio contratado. Asimismo recibir\u00e1 la factura justificativa en la direcci\u00f3n de correo electr\u00f3nico facilitada al efecto.<br>En el m\u00e9todo de pago online se podr\u00e1 optar por Paypal o a trav\u00e9s de tarjetas de cr\u00e9dito, como Visa o Mastercard a trav\u00e9s del sistema de seguridad TPV Virtual de la entidad bancaria&nbsp;correspondiente. En consecuencia, al introducir los datos de la tarjeta para proceder al pago, se acceder\u00e1 directamente al portal de TPV Virtual que haya sido elegido, desde el cual, se proceder\u00e1 al pago seguro y se verificar\u00e1 la titularidad de la tarjeta.&nbsp;<br>En ning\u00fan momento del procedimiento de compra el titular del sitio WEB tiene acceso a la informaci\u00f3n relativa a la tarjeta de cr\u00e9dito del Cliente, que es digitalizada directamente en la pasarela de pago de la entidad que emite su tarjeta (con sistemas de seguridad que evitan la interceptaci\u00f3n, modificaci\u00f3n o falsificaci\u00f3n de la informaci\u00f3n). Ning\u00fan archivo inform\u00e1tico de la propietaria de la WEB contiene, ni conserva, tales datos. En consecuencia, en ning\u00fan caso podr\u00e1 ser considerada responsable por un eventual uso fraudulento e indebido de tarjetas de cr\u00e9dito por parte de terceros en el momento del pago de los servicios solicitados a trav\u00e9s de la WEB.<br>Con el uso de la tarjeta de cr\u00e9dito para el pago se est\u00e1 acreditando su titularidad leg\u00edtima. La entidad emisora de las mismas podr\u00e1 realizar las comprobaciones y autorizaciones que considere pertinentes, en el caso de que dicha entidad no autorizase el pago, el pedido no quedar\u00e1 formalizado liberando a GRUPO RIBERA de cualquier responsabilidad u obligaci\u00f3n.<\/p>\n\n\n\n<p><strong>DERECHO AL DESISTIMIENTO DE LA CONTRATACION DEL SERVICIO.<\/strong><\/p>\n\n\n\n<p>De conformidad con la Ley del Consumidor existe el derecho a poder desistir de los servicios contratados en el plazo de 14 d\u00edas naturales desde que se realiz\u00f3 el pedido, sin indicar motivo alguno al respecto.<br>El derecho de desistimiento se debe realizar mediante una declaraci\u00f3n inequ\u00edvoca que lo manifieste y por escrito a la direcci\u00f3n postal se\u00f1alada en el primer apartado o al correo electr\u00f3nico <meta charset=\"utf-8\">dpo@riberasalud.es en el que se deber\u00e1 indicar los datos del servicio contratado y el n\u00famero de referencia recibido tras haber realizado el pago.<br>En caso de ejercer el desistimiento se proceder\u00e1 a la devoluci\u00f3n del importe efectivamente abonado.<\/p>\n\n\n\n<p><strong>PROTECCI\u00d3N DE DATOS<\/strong><\/p>\n\n\n\n<p>Puede consultar toda la informaci\u00f3n relativa al tratamiento de sus datos personales en la POL\u00cdTICA DE PRIVACIDAD<br>LEY APLICABLE Y JURISDICCI\u00d3N<\/p>\n\n\n\n<p>Cualquier controversia que pudiera derivarse de la utilizaci\u00f3n o uso de este sitio web y contrataci\u00f3n de los servicios que se ofrecen, queda sujeto a la legislaci\u00f3n espa\u00f1ola y a los juzgados y tribunales de Valencia o del lugar donde se preste el servicio contratado.<\/p>\n","protected":false},"excerpt":{"rendered":"<p>INFORMACION GENERAL E IDENTIFICACION DEL TITULAR RIBERA SALUD, S.A., (en adelante, RIBERA o GRUPO RIBERA), informa al usuario que el acceso y uso de la p\u00e1gina web&nbsp;www.riberasalud.com\/minds&nbsp;est\u00e1 sujeta a las presentes condiciones de uso, por lo que recomendamos su lectura al acceder a nuestro sitio web.En cumplimiento de lo dispuesto en el art\u00edculo 10 de &#8230; <a title=\"T\u00e9rminos y condiciones\" class=\"read-more\" href=\"https:\/\/riberasalud.com\/minds\/terminos-y-condiciones\/\" aria-label=\"Leer m\u00e1s sobre T\u00e9rminos y condiciones\">Leer m\u00e1s<\/a><\/p>\n","protected":false},"author":1,"featured_media":0,"parent":0,"menu_order":0,"comment_status":"closed","ping_status":"closed","template":"","meta":{"content-type":"","_uag_custom_page_level_css":"","advgb_blocks_editor_width":"","advgb_blocks_columns_visual_guide":"","_glsr_average":0,"_glsr_ranking":0,"_glsr_reviews":0,"footnotes":""},"class_list":["post-273","page","type-page","status-publish"],"yoast_head":"<!-- This site is optimized with the Yoast SEO plugin v26.6 - https:\/\/yoast.com\/wordpress\/plugins\/seo\/ -->\n<title>T\u00e9rminos y condiciones - Minds<\/title>\n<meta name=\"robots\" content=\"index, follow, max-snippet:-1, max-image-preview:large, max-video-preview:-1\" \/>\n<link rel=\"canonical\" href=\"https:\/\/riberasalud.com\/minds\/terminos-y-condiciones\/\" \/>\n<meta property=\"og:locale\" content=\"es_ES\" \/>\n<meta property=\"og:type\" content=\"article\" \/>\n<meta property=\"og:title\" content=\"T\u00e9rminos y condiciones - Minds\" \/>\n<meta property=\"og:description\" content=\"INFORMACION GENERAL E IDENTIFICACION DEL TITULAR RIBERA SALUD, S.A., (en adelante, RIBERA o GRUPO RIBERA), informa al usuario que el acceso y uso de la p\u00e1gina web&nbsp;www.riberasalud.com\/minds&nbsp;est\u00e1 sujeta a las presentes condiciones de uso, por lo que recomendamos su lectura al acceder a nuestro sitio web.En cumplimiento de lo dispuesto en el art\u00edculo 10 de ... Leer m\u00e1s\" \/>\n<meta property=\"og:url\" content=\"https:\/\/riberasalud.com\/minds\/terminos-y-condiciones\/\" \/>\n<meta property=\"og:site_name\" content=\"Minds\" \/>\n<meta property=\"article:modified_time\" content=\"2022-02-15T08:40:39+00:00\" \/>\n<meta name=\"twitter:card\" content=\"summary_large_image\" \/>\n<meta name=\"twitter:label1\" content=\"Tiempo de lectura\" \/>\n\t<meta name=\"twitter:data1\" content=\"8 minutos\" \/>\n<script type=\"application\/ld+json\" class=\"yoast-schema-graph\">{\"@context\":\"https:\/\/schema.org\",\"@graph\":[{\"@type\":\"WebPage\",\"@id\":\"https:\/\/riberasalud.com\/minds\/terminos-y-condiciones\/\",\"url\":\"https:\/\/riberasalud.com\/minds\/terminos-y-condiciones\/\",\"name\":\"T\u00e9rminos y condiciones - Minds\",\"isPartOf\":{\"@id\":\"https:\/\/riberasalud.com\/minds\/#website\"},\"datePublished\":\"2021-11-10T09:58:36+00:00\",\"dateModified\":\"2022-02-15T08:40:39+00:00\",\"breadcrumb\":{\"@id\":\"https:\/\/riberasalud.com\/minds\/terminos-y-condiciones\/#breadcrumb\"},\"inLanguage\":\"es\",\"potentialAction\":[{\"@type\":\"ReadAction\",\"target\":[\"https:\/\/riberasalud.com\/minds\/terminos-y-condiciones\/\"]}]},{\"@type\":\"BreadcrumbList\",\"@id\":\"https:\/\/riberasalud.com\/minds\/terminos-y-condiciones\/#breadcrumb\",\"itemListElement\":[{\"@type\":\"ListItem\",\"position\":1,\"name\":\"Portada\",\"item\":\"https:\/\/riberasalud.com\/minds\/\"},{\"@type\":\"ListItem\",\"position\":2,\"name\":\"T\u00e9rminos y condiciones\"}]},{\"@type\":\"WebSite\",\"@id\":\"https:\/\/riberasalud.com\/minds\/#website\",\"url\":\"https:\/\/riberasalud.com\/minds\/\",\"name\":\"Minds\",\"description\":\"\",\"publisher\":{\"@id\":\"https:\/\/riberasalud.com\/minds\/#organization\"},\"potentialAction\":[{\"@type\":\"SearchAction\",\"target\":{\"@type\":\"EntryPoint\",\"urlTemplate\":\"https:\/\/riberasalud.com\/minds\/?s={search_term_string}\"},\"query-input\":{\"@type\":\"PropertyValueSpecification\",\"valueRequired\":true,\"valueName\":\"search_term_string\"}}],\"inLanguage\":\"es\"},{\"@type\":\"Organization\",\"@id\":\"https:\/\/riberasalud.com\/minds\/#organization\",\"name\":\"Minds\",\"url\":\"https:\/\/riberasalud.com\/minds\/\",\"logo\":{\"@type\":\"ImageObject\",\"inLanguage\":\"es\",\"@id\":\"https:\/\/riberasalud.com\/minds\/#\/schema\/logo\/image\/\",\"url\":\"https:\/\/riberasalud.com\/minds\/wp-content\/uploads\/2021\/11\/cropped-logo_Mesa-de-trabajo-1-1.png\",\"contentUrl\":\"https:\/\/riberasalud.com\/minds\/wp-content\/uploads\/2021\/11\/cropped-logo_Mesa-de-trabajo-1-1.png\",\"width\":685,\"height\":269,\"caption\":\"Minds\"},\"image\":{\"@id\":\"https:\/\/riberasalud.com\/minds\/#\/schema\/logo\/image\/\"}}]}<\/script>\n<!-- \/ Yoast SEO plugin. -->","yoast_head_json":{"title":"T\u00e9rminos y condiciones - Minds","robots":{"index":"index","follow":"follow","max-snippet":"max-snippet:-1","max-image-preview":"max-image-preview:large","max-video-preview":"max-video-preview:-1"},"canonical":"https:\/\/riberasalud.com\/minds\/terminos-y-condiciones\/","og_locale":"es_ES","og_type":"article","og_title":"T\u00e9rminos y condiciones - Minds","og_description":"INFORMACION GENERAL E IDENTIFICACION DEL TITULAR RIBERA SALUD, S.A., (en adelante, RIBERA o GRUPO RIBERA), informa al usuario que el acceso y uso de la p\u00e1gina web&nbsp;www.riberasalud.com\/minds&nbsp;est\u00e1 sujeta a las presentes condiciones de uso, por lo que recomendamos su lectura al acceder a nuestro sitio web.En cumplimiento de lo dispuesto en el art\u00edculo 10 de ... Leer m\u00e1s","og_url":"https:\/\/riberasalud.com\/minds\/terminos-y-condiciones\/","og_site_name":"Minds","article_modified_time":"2022-02-15T08:40:39+00:00","twitter_card":"summary_large_image","twitter_misc":{"Tiempo de lectura":"8 minutos"},"schema":{"@context":"https:\/\/schema.org","@graph":[{"@type":"WebPage","@id":"https:\/\/riberasalud.com\/minds\/terminos-y-condiciones\/","url":"https:\/\/riberasalud.com\/minds\/terminos-y-condiciones\/","name":"T\u00e9rminos y condiciones - Minds","isPartOf":{"@id":"https:\/\/riberasalud.com\/minds\/#website"},"datePublished":"2021-11-10T09:58:36+00:00","dateModified":"2022-02-15T08:40:39+00:00","breadcrumb":{"@id":"https:\/\/riberasalud.com\/minds\/terminos-y-condiciones\/#breadcrumb"},"inLanguage":"es","potentialAction":[{"@type":"ReadAction","target":["https:\/\/riberasalud.com\/minds\/terminos-y-condiciones\/"]}]},{"@type":"BreadcrumbList","@id":"https:\/\/riberasalud.com\/minds\/terminos-y-condiciones\/#breadcrumb","itemListElement":[{"@type":"ListItem","position":1,"name":"Portada","item":"https:\/\/riberasalud.com\/minds\/"},{"@type":"ListItem","position":2,"name":"T\u00e9rminos y condiciones"}]},{"@type":"WebSite","@id":"https:\/\/riberasalud.com\/minds\/#website","url":"https:\/\/riberasalud.com\/minds\/","name":"Minds","description":"","publisher":{"@id":"https:\/\/riberasalud.com\/minds\/#organization"},"potentialAction":[{"@type":"SearchAction","target":{"@type":"EntryPoint","urlTemplate":"https:\/\/riberasalud.com\/minds\/?s={search_term_string}"},"query-input":{"@type":"PropertyValueSpecification","valueRequired":true,"valueName":"search_term_string"}}],"inLanguage":"es"},{"@type":"Organization","@id":"https:\/\/riberasalud.com\/minds\/#organization","name":"Minds","url":"https:\/\/riberasalud.com\/minds\/","logo":{"@type":"ImageObject","inLanguage":"es","@id":"https:\/\/riberasalud.com\/minds\/#\/schema\/logo\/image\/","url":"https:\/\/riberasalud.com\/minds\/wp-content\/uploads\/2021\/11\/cropped-logo_Mesa-de-trabajo-1-1.png","contentUrl":"https:\/\/riberasalud.com\/minds\/wp-content\/uploads\/2021\/11\/cropped-logo_Mesa-de-trabajo-1-1.png","width":685,"height":269,"caption":"Minds"},"image":{"@id":"https:\/\/riberasalud.com\/minds\/#\/schema\/logo\/image\/"}}]}},"uagb_featured_image_src":{"full":false,"thumbnail":false,"medium":false,"medium_large":false,"large":false,"xl":false,"xxl":false,"xxxl":false,"xxxxl":false,"xxxxxl":false,"1536x1536":false,"2048x2048":false,"woocommerce_thumbnail":false,"woocommerce_single":false,"woocommerce_gallery_thumbnail":false},"uagb_author_info":{"display_name":"Jorge BBBB","author_link":"https:\/\/riberasalud.com\/minds\/author\/jorgequois-com\/"},"uagb_comment_info":0,"uagb_excerpt":"INFORMACION GENERAL E IDENTIFICACION DEL TITULAR RIBERA SALUD, S.A., (en adelante, RIBERA o GRUPO RIBERA), informa al usuario que el acceso y uso de la p\u00e1gina web&nbsp;www.riberasalud.com\/minds&nbsp;est\u00e1 sujeta a las presentes condiciones de uso, por lo que recomendamos su lectura al acceder a nuestro sitio web.En cumplimiento de lo dispuesto en el art\u00edculo 10 de&hellip;","coauthors":[],"author_meta":{"author_link":"https:\/\/riberasalud.com\/minds\/author\/jorgequois-com\/","display_name":"Jorge BBBB"},"relative_dates":{"created":"Publicado 4 a\u00f1os hace","modified":"Actualizado 4 a\u00f1os hace"},"absolute_dates":{"created":"Publicado el 10 de noviembre de 2021","modified":"Actualizado el 15 de febrero de 2022"},"absolute_dates_time":{"created":"Publicado el 10 de noviembre de 2021 09:58","modified":"Actualizado el 15 de febrero de 2022 08:40"},"featured_img_caption":"","featured_img":false,"series_order":"","_links":{"self":[{"href":"https:\/\/riberasalud.com\/minds\/wp-json\/wp\/v2\/pages\/273","targetHints":{"allow":["GET"]}}],"collection":[{"href":"https:\/\/riberasalud.com\/minds\/wp-json\/wp\/v2\/pages"}],"about":[{"href":"https:\/\/riberasalud.com\/minds\/wp-json\/wp\/v2\/types\/page"}],"author":[{"embeddable":true,"href":"https:\/\/riberasalud.com\/minds\/wp-json\/wp\/v2\/users\/1"}],"replies":[{"embeddable":true,"href":"https:\/\/riberasalud.com\/minds\/wp-json\/wp\/v2\/comments?post=273"}],"version-history":[{"count":4,"href":"https:\/\/riberasalud.com\/minds\/wp-json\/wp\/v2\/pages\/273\/revisions"}],"predecessor-version":[{"id":862,"href":"https:\/\/riberasalud.com\/minds\/wp-json\/wp\/v2\/pages\/273\/revisions\/862"}],"wp:attachment":[{"href":"https:\/\/riberasalud.com\/minds\/wp-json\/wp\/v2\/media?parent=273"}],"curies":[{"name":"wp","href":"https:\/\/api.w.org\/{rel}","templated":true}]}}