{"id":272,"date":"2021-11-10T09:55:16","date_gmt":"2021-11-10T09:55:16","guid":{"rendered":"https:\/\/riberasalud.com\/minds\/?page_id=272"},"modified":"2025-01-23T11:39:55","modified_gmt":"2025-01-23T11:39:55","slug":"politica-de-cookies","status":"publish","type":"page","link":"https:\/\/riberasalud.com\/minds\/politica-de-cookies\/","title":{"rendered":"Pol\u00edtica de Cookies"},"content":{"rendered":"\n<p><strong>RIBERA SALUD<\/strong>, S.A., (en adelante, \u201cRIBERA SALUD\u201d), le informa que este sitio web utiliza cookies. A continuaci\u00f3n, el usuario encontrar\u00e1 informaci\u00f3n detallada sobre las cookies que son instaladas en la p\u00e1gina web.<br><\/p>\n\n\n\n<p><strong>\u00bfQU\u00c9 SON LAS COOKIES?<\/strong><br>Respecto a la finalidad de las cookies, en esta web utilizamos las siguientes:<br><strong>Cookies t\u00e9cnicas estrictamente necesarias<\/strong>: Se tratan de cookies necesarias para el correcto funcionamiento de la web, as\u00ed como entre otros, guardar el identificador de sesi\u00f3n del usuario.<br><strong>Cookies de an\u00e1lisis<\/strong>: Son aqu\u00e9llas que permiten al responsable de las mismas, el seguimiento y an\u00e1lisis del comportamiento de los usuarios de los sitios web a los que est\u00e1n vinculadas. La informaci\u00f3n recogida mediante este tipo de cookies se utiliza en la medici\u00f3n de la actividad de los sitios web, aplicaci\u00f3n o plataforma y para la elaboraci\u00f3n de perfiles de navegaci\u00f3n de los usuarios de dichos sitios.<br><strong>Cookies de publicidad comportamental<\/strong>: son aquellas que almacenan informaci\u00f3n del comportamiento de los usuarios y que permiten desarrollar un perfil espec\u00edfico para mostrar publicidad en funci\u00f3n de los intereses y preferencias del interesado.<br>Asimismo, en cuanto a la entidad que gestiona las cookies, esta p\u00e1gina web utiliza cookies de terceros, entendidas como aquellas que se env\u00edan al terminal del usuario desde un equipo o dominio que no es gestionado por el editor sino por otra entidad que trata los datos obtenidos a trav\u00e9s de las cookies.<br>En el apartado tercero (III) de la presente Pol\u00edtica de cookies bajo el t\u00edtulo \u201cInformaci\u00f3n sobre terceros\u201d podr\u00e1 encontrar m\u00e1s informaci\u00f3n sobre dichos terceros.<\/p>\n\n\n\n<p>Respecto al plazo de tiempo que permanecen activadas, en esta web utilizamos las siguientes:<br><strong>Cookies de sesi\u00f3n<\/strong>: Son aquellas dise\u00f1adas para recabar y almacenar datos mientras el usuario accede a una p\u00e1gina web y desaparecen al cerrar el navegador.<br><strong>Cookies persistentes<\/strong>: son aquellas en las que los datos siguen almacenados en el terminal y que pueden ser accedidos durante un periodo definido por el responsable de la cookie que puede ir de varios minutos a varios a\u00f1os.<br>En la tabla que se muestra a continuaci\u00f3n encontrar\u00e1 informaci\u00f3n completa sobre las cookies utilizadas y descargadas en nuestra p\u00e1gina web.<\/p>\n\n\n\n<p><strong>INFORMACI\u00d3N SOBRE LAS COOKIES UTILIZADAS EN ESTA WEB<\/strong><\/p>\n\n\n\n<h3 class=\"wp-block-heading\">Cookies estrictamente necesarias<\/h3>\n\n\n\n<figure class=\"wp-block-table\"><table><thead><tr><th>Cookie key<\/th><th>Domain<\/th><th>Path<\/th><th>Cookie type<\/th><th>Expiration<\/th><th>Description<\/th><\/tr><\/thead><tbody><tr><td>VISITOR_PRIVACY_METADATA<br><\/td><td>.youtube.com<\/td><td>\/<\/td><td>Third-party<\/td><td>6 months<\/td><td>Esta cookie se utiliza para almacenar el consentimiento del usuario y las opciones de privacidad para su interacci\u00f3n con el sitio. Registra datos sobre el consentimiento del visitante en relaci\u00f3n con diversas pol\u00edticas y configuraciones de privacidad, asegurando que sus preferencias sean honradas en futuras sesiones.<\/td><\/tr><tr><td>_GRECAPTCHA<br><\/td><td>www.google.com<\/td><td>\/recaptcha<\/td><td>Third-party<\/td><td>6 months<\/td><td>Google reCAPTCHA establece una cookie necesaria (_GRECAPTCHA) cuando se ejecuta con el fin de proporcionar su an\u00e1lisis de riesgo.<\/td><\/tr><\/tbody><\/table><\/figure>\n\n\n\n<h3 class=\"wp-block-heading\">Cookies de rendimiento<\/h3>\n\n\n\n<figure class=\"wp-block-table\"><table><thead><tr><th>Cookie key<\/th><th>Domain<\/th><th>Path<\/th><th>Cookie type<\/th><th>Expiration<\/th><th>Description<\/th><\/tr><\/thead><tbody><tr><td>sib_cuid<br><\/td><td>.riberasalud.com<\/td><td>\/<\/td><td>First-party<\/td><td>6 months 1 day<\/td><td>Esta cookie se utiliza para identificar al visitante a trav\u00e9s de una aplicaci\u00f3n. Permite que el sitio web rastree el comportamiento del visitante y mida el rendimiento del sitio.<\/td><\/tr><tr><td>_ga_ZP6G6NQ4PH<br><\/td><td>.riberasalud.com<\/td><td>\/<\/td><td>First-party<\/td><td>1 year 1 month<\/td><td>Google Analytics utiliza esta cookie para mantener el estado de la sesi\u00f3n.<\/td><\/tr><tr><td>_ga<br><\/td><td>.riberasalud.com<\/td><td>\/<\/td><td>First-party<\/td><td>1 year 1 month<\/td><td>Este nombre de cookie est\u00e1 asociado con Google Universal Analytics, que es una actualizaci\u00f3n significativa del servicio de an\u00e1lisis de Google m\u00e1s utilizado. Esta cookie se utiliza para distinguir usuarios \u00fanicos asignando un n\u00famero generado aleatoriamente como identificador de cliente. Se incluye en cada solicitud de p\u00e1gina en un sitio y se utiliza para calcular los datos de visitantes, sesiones y campa\u00f1as para los informes de an\u00e1lisis de sitios.<\/td><\/tr><tr><td>_gid<br><\/td><td>.riberasalud.com<\/td><td>\/<\/td><td>First-party<\/td><td>1 day<\/td><td>Google Analytics establece esta cookie. Almacena y actualiza un valor \u00fanico para cada p\u00e1gina visitada y se utiliza para contar y rastrear p\u00e1ginas vistas.<\/td><\/tr><\/tbody><\/table><\/figure>\n\n\n\n<h3 class=\"wp-block-heading\">Cookies de preferencias<\/h3>\n\n\n\n<figure class=\"wp-block-table\"><table><thead><tr><th>Cookie key<\/th><th>Domain<\/th><th>Path<\/th><th>Cookie type<\/th><th>Expiration<\/th><th>Description<\/th><\/tr><\/thead><tbody><tr><td>VISITOR_INFO1_LIVE<br><\/td><td>.youtube.com<\/td><td>\/<\/td><td>Third-party<\/td><td>6 months<\/td><td>Youtube establece esta cookie para realizar un seguimiento de las preferencias del usuario para los videos de Youtube incrustados en los sitios; tambi\u00e9n puede determinar si el visitante del sitio web est\u00e1 utilizando la versi\u00f3n nueva o antigua de la interfaz de Youtube.<\/td><\/tr><tr><td>uuid<br><\/td><td>sibautomation.com<\/td><td>\/<\/td><td>Third-party<\/td><td>6 months 1 day<\/td><td>Esta cookie se utiliza para optimizar la relevancia de los anuncios mediante la recopilaci\u00f3n de datos de visitantes de varios sitios web; este intercambio de datos de visitantes normalmente lo proporciona un centro de datos de terceros o un intercambio de anuncios.<\/td><\/tr><tr><td>_gat_gtag_UA_217193131_1<br><\/td><td>.riberasalud.com<\/td><td>\/<\/td><td>First-party<\/td><td>53 seconds<\/td><td>Esta cookie es parte de Google Analytics y se utiliza para limitar las solicitudes (tasa de solicitud de aceleraci\u00f3n).<\/td><\/tr><tr><td>YSC<br><\/td><td>.youtube.com<\/td><td>\/<\/td><td>Third-party<\/td><td>Session<\/td><td>YouTube configura esta cookie para rastrear las vistas de videos incrustados.<\/td><\/tr><\/tbody><\/table><\/figure>\n\n\n\n<p><br><\/p>\n\n\n\n<figure class=\"wp-block-table is-style-stripes\"><table><tbody><tr><td><\/td><td><\/td><td><\/td><td><\/td><td><\/td><td><\/td><\/tr><tr><td><\/td><td><\/td><td><\/td><td><\/td><td><\/td><td><\/td><\/tr><\/tbody><\/table><\/figure>\n\n\n\n<p><strong>Actualizaci\u00f3n de Pol\u00edtica de cookies.<\/strong><br>Esta Pol\u00edtica de Cookies puede variar en funci\u00f3n de nuevas exigencias legislativas, reglamentarias, o con la finalidad de adaptar dicha pol\u00edtica a las instrucciones dictadas por la Agencia Espa\u00f1ola de Protecci\u00f3n de Datos.<br>Por \u00faltimo, si el usuario desea obtener informaci\u00f3n en materia de protecci\u00f3n de datos, le recomendamos que consulte nuestra Pol\u00edtica de Privacidad.<\/p>\n","protected":false},"excerpt":{"rendered":"<p>RIBERA SALUD, S.A., (en adelante, \u201cRIBERA SALUD\u201d), le informa que este sitio web utiliza cookies. A continuaci\u00f3n, el usuario encontrar\u00e1 informaci\u00f3n detallada sobre las cookies que son instaladas en la p\u00e1gina web. \u00bfQU\u00c9 SON LAS COOKIES?Respecto a la finalidad de las cookies, en esta web utilizamos las siguientes:Cookies t\u00e9cnicas estrictamente necesarias: Se tratan de cookies &#8230; <a title=\"Pol\u00edtica de Cookies\" class=\"read-more\" href=\"https:\/\/riberasalud.com\/minds\/politica-de-cookies\/\" aria-label=\"Leer m\u00e1s sobre Pol\u00edtica de Cookies\">Leer m\u00e1s<\/a><\/p>\n","protected":false},"author":1,"featured_media":0,"parent":0,"menu_order":0,"comment_status":"closed","ping_status":"closed","template":"","meta":{"content-type":"","_uag_custom_page_level_css":"","advgb_blocks_editor_width":"","advgb_blocks_columns_visual_guide":"","_glsr_average":0,"_glsr_ranking":0,"_glsr_reviews":0,"footnotes":""},"class_list":["post-272","page","type-page","status-publish"],"yoast_head":"<!-- This site is optimized with the Yoast SEO plugin v26.6 - https:\/\/yoast.com\/wordpress\/plugins\/seo\/ -->\n<title>Pol\u00edtica de Cookies - Minds<\/title>\n<meta name=\"robots\" content=\"index, follow, max-snippet:-1, max-image-preview:large, max-video-preview:-1\" \/>\n<link rel=\"canonical\" href=\"https:\/\/riberasalud.com\/minds\/politica-de-cookies\/\" \/>\n<meta property=\"og:locale\" content=\"es_ES\" \/>\n<meta property=\"og:type\" content=\"article\" \/>\n<meta property=\"og:title\" content=\"Pol\u00edtica de Cookies - Minds\" \/>\n<meta property=\"og:description\" content=\"RIBERA SALUD, S.A., (en adelante, \u201cRIBERA SALUD\u201d), le informa que este sitio web utiliza cookies. A continuaci\u00f3n, el usuario encontrar\u00e1 informaci\u00f3n detallada sobre las cookies que son instaladas en la p\u00e1gina web. \u00bfQU\u00c9 SON LAS COOKIES?Respecto a la finalidad de las cookies, en esta web utilizamos las siguientes:Cookies t\u00e9cnicas estrictamente necesarias: Se tratan de cookies ... Leer m\u00e1s\" \/>\n<meta property=\"og:url\" content=\"https:\/\/riberasalud.com\/minds\/politica-de-cookies\/\" \/>\n<meta property=\"og:site_name\" content=\"Minds\" \/>\n<meta property=\"article:modified_time\" content=\"2025-01-23T11:39:55+00:00\" \/>\n<meta name=\"twitter:card\" content=\"summary_large_image\" \/>\n<meta name=\"twitter:label1\" content=\"Tiempo de lectura\" \/>\n\t<meta name=\"twitter:data1\" content=\"4 minutos\" \/>\n<script type=\"application\/ld+json\" class=\"yoast-schema-graph\">{\"@context\":\"https:\/\/schema.org\",\"@graph\":[{\"@type\":\"WebPage\",\"@id\":\"https:\/\/riberasalud.com\/minds\/politica-de-cookies\/\",\"url\":\"https:\/\/riberasalud.com\/minds\/politica-de-cookies\/\",\"name\":\"Pol\u00edtica de Cookies - Minds\",\"isPartOf\":{\"@id\":\"https:\/\/riberasalud.com\/minds\/#website\"},\"datePublished\":\"2021-11-10T09:55:16+00:00\",\"dateModified\":\"2025-01-23T11:39:55+00:00\",\"breadcrumb\":{\"@id\":\"https:\/\/riberasalud.com\/minds\/politica-de-cookies\/#breadcrumb\"},\"inLanguage\":\"es\",\"potentialAction\":[{\"@type\":\"ReadAction\",\"target\":[\"https:\/\/riberasalud.com\/minds\/politica-de-cookies\/\"]}]},{\"@type\":\"BreadcrumbList\",\"@id\":\"https:\/\/riberasalud.com\/minds\/politica-de-cookies\/#breadcrumb\",\"itemListElement\":[{\"@type\":\"ListItem\",\"position\":1,\"name\":\"Portada\",\"item\":\"https:\/\/riberasalud.com\/minds\/\"},{\"@type\":\"ListItem\",\"position\":2,\"name\":\"Pol\u00edtica de Cookies\"}]},{\"@type\":\"WebSite\",\"@id\":\"https:\/\/riberasalud.com\/minds\/#website\",\"url\":\"https:\/\/riberasalud.com\/minds\/\",\"name\":\"Minds\",\"description\":\"\",\"publisher\":{\"@id\":\"https:\/\/riberasalud.com\/minds\/#organization\"},\"potentialAction\":[{\"@type\":\"SearchAction\",\"target\":{\"@type\":\"EntryPoint\",\"urlTemplate\":\"https:\/\/riberasalud.com\/minds\/?s={search_term_string}\"},\"query-input\":{\"@type\":\"PropertyValueSpecification\",\"valueRequired\":true,\"valueName\":\"search_term_string\"}}],\"inLanguage\":\"es\"},{\"@type\":\"Organization\",\"@id\":\"https:\/\/riberasalud.com\/minds\/#organization\",\"name\":\"Minds\",\"url\":\"https:\/\/riberasalud.com\/minds\/\",\"logo\":{\"@type\":\"ImageObject\",\"inLanguage\":\"es\",\"@id\":\"https:\/\/riberasalud.com\/minds\/#\/schema\/logo\/image\/\",\"url\":\"https:\/\/riberasalud.com\/minds\/wp-content\/uploads\/2021\/11\/cropped-logo_Mesa-de-trabajo-1-1.png\",\"contentUrl\":\"https:\/\/riberasalud.com\/minds\/wp-content\/uploads\/2021\/11\/cropped-logo_Mesa-de-trabajo-1-1.png\",\"width\":685,\"height\":269,\"caption\":\"Minds\"},\"image\":{\"@id\":\"https:\/\/riberasalud.com\/minds\/#\/schema\/logo\/image\/\"}}]}<\/script>\n<!-- \/ Yoast SEO plugin. -->","yoast_head_json":{"title":"Pol\u00edtica de Cookies - Minds","robots":{"index":"index","follow":"follow","max-snippet":"max-snippet:-1","max-image-preview":"max-image-preview:large","max-video-preview":"max-video-preview:-1"},"canonical":"https:\/\/riberasalud.com\/minds\/politica-de-cookies\/","og_locale":"es_ES","og_type":"article","og_title":"Pol\u00edtica de Cookies - Minds","og_description":"RIBERA SALUD, S.A., (en adelante, \u201cRIBERA SALUD\u201d), le informa que este sitio web utiliza cookies. A continuaci\u00f3n, el usuario encontrar\u00e1 informaci\u00f3n detallada sobre las cookies que son instaladas en la p\u00e1gina web. \u00bfQU\u00c9 SON LAS COOKIES?Respecto a la finalidad de las cookies, en esta web utilizamos las siguientes:Cookies t\u00e9cnicas estrictamente necesarias: Se tratan de cookies ... Leer m\u00e1s","og_url":"https:\/\/riberasalud.com\/minds\/politica-de-cookies\/","og_site_name":"Minds","article_modified_time":"2025-01-23T11:39:55+00:00","twitter_card":"summary_large_image","twitter_misc":{"Tiempo de lectura":"4 minutos"},"schema":{"@context":"https:\/\/schema.org","@graph":[{"@type":"WebPage","@id":"https:\/\/riberasalud.com\/minds\/politica-de-cookies\/","url":"https:\/\/riberasalud.com\/minds\/politica-de-cookies\/","name":"Pol\u00edtica de Cookies - Minds","isPartOf":{"@id":"https:\/\/riberasalud.com\/minds\/#website"},"datePublished":"2021-11-10T09:55:16+00:00","dateModified":"2025-01-23T11:39:55+00:00","breadcrumb":{"@id":"https:\/\/riberasalud.com\/minds\/politica-de-cookies\/#breadcrumb"},"inLanguage":"es","potentialAction":[{"@type":"ReadAction","target":["https:\/\/riberasalud.com\/minds\/politica-de-cookies\/"]}]},{"@type":"BreadcrumbList","@id":"https:\/\/riberasalud.com\/minds\/politica-de-cookies\/#breadcrumb","itemListElement":[{"@type":"ListItem","position":1,"name":"Portada","item":"https:\/\/riberasalud.com\/minds\/"},{"@type":"ListItem","position":2,"name":"Pol\u00edtica de Cookies"}]},{"@type":"WebSite","@id":"https:\/\/riberasalud.com\/minds\/#website","url":"https:\/\/riberasalud.com\/minds\/","name":"Minds","description":"","publisher":{"@id":"https:\/\/riberasalud.com\/minds\/#organization"},"potentialAction":[{"@type":"SearchAction","target":{"@type":"EntryPoint","urlTemplate":"https:\/\/riberasalud.com\/minds\/?s={search_term_string}"},"query-input":{"@type":"PropertyValueSpecification","valueRequired":true,"valueName":"search_term_string"}}],"inLanguage":"es"},{"@type":"Organization","@id":"https:\/\/riberasalud.com\/minds\/#organization","name":"Minds","url":"https:\/\/riberasalud.com\/minds\/","logo":{"@type":"ImageObject","inLanguage":"es","@id":"https:\/\/riberasalud.com\/minds\/#\/schema\/logo\/image\/","url":"https:\/\/riberasalud.com\/minds\/wp-content\/uploads\/2021\/11\/cropped-logo_Mesa-de-trabajo-1-1.png","contentUrl":"https:\/\/riberasalud.com\/minds\/wp-content\/uploads\/2021\/11\/cropped-logo_Mesa-de-trabajo-1-1.png","width":685,"height":269,"caption":"Minds"},"image":{"@id":"https:\/\/riberasalud.com\/minds\/#\/schema\/logo\/image\/"}}]}},"uagb_featured_image_src":{"full":false,"thumbnail":false,"medium":false,"medium_large":false,"large":false,"xl":false,"xxl":false,"xxxl":false,"xxxxl":false,"xxxxxl":false,"1536x1536":false,"2048x2048":false,"woocommerce_thumbnail":false,"woocommerce_single":false,"woocommerce_gallery_thumbnail":false},"uagb_author_info":{"display_name":"Jorge BBBB","author_link":"https:\/\/riberasalud.com\/minds\/author\/jorgequois-com\/"},"uagb_comment_info":0,"uagb_excerpt":"RIBERA SALUD, S.A., (en adelante, \u201cRIBERA SALUD\u201d), le informa que este sitio web utiliza cookies. A continuaci\u00f3n, el usuario encontrar\u00e1 informaci\u00f3n detallada sobre las cookies que son instaladas en la p\u00e1gina web. \u00bfQU\u00c9 SON LAS COOKIES?Respecto a la finalidad de las cookies, en esta web utilizamos las siguientes:Cookies t\u00e9cnicas estrictamente necesarias: Se tratan de cookies&hellip;","coauthors":[],"author_meta":{"author_link":"https:\/\/riberasalud.com\/minds\/author\/jorgequois-com\/","display_name":"Jorge BBBB"},"relative_dates":{"created":"Publicado 4 a\u00f1os hace","modified":"Actualizado 1 a\u00f1o hace"},"absolute_dates":{"created":"Publicado el 10 de noviembre de 2021","modified":"Actualizado el 23 de enero de 2025"},"absolute_dates_time":{"created":"Publicado el 10 de noviembre de 2021 09:55","modified":"Actualizado el 23 de enero de 2025 11:39"},"featured_img_caption":"","featured_img":false,"series_order":"","_links":{"self":[{"href":"https:\/\/riberasalud.com\/minds\/wp-json\/wp\/v2\/pages\/272","targetHints":{"allow":["GET"]}}],"collection":[{"href":"https:\/\/riberasalud.com\/minds\/wp-json\/wp\/v2\/pages"}],"about":[{"href":"https:\/\/riberasalud.com\/minds\/wp-json\/wp\/v2\/types\/page"}],"author":[{"embeddable":true,"href":"https:\/\/riberasalud.com\/minds\/wp-json\/wp\/v2\/users\/1"}],"replies":[{"embeddable":true,"href":"https:\/\/riberasalud.com\/minds\/wp-json\/wp\/v2\/comments?post=272"}],"version-history":[{"count":3,"href":"https:\/\/riberasalud.com\/minds\/wp-json\/wp\/v2\/pages\/272\/revisions"}],"predecessor-version":[{"id":1336,"href":"https:\/\/riberasalud.com\/minds\/wp-json\/wp\/v2\/pages\/272\/revisions\/1336"}],"wp:attachment":[{"href":"https:\/\/riberasalud.com\/minds\/wp-json\/wp\/v2\/media?parent=272"}],"curies":[{"name":"wp","href":"https:\/\/api.w.org\/{rel}","templated":true}]}}