{"id":526,"date":"2026-01-29T09:01:47","date_gmt":"2026-01-29T09:01:47","guid":{"rendered":"https:\/\/www.riberasalud.com\/mejor-companero\/?page_id=526"},"modified":"2026-02-11T08:20:56","modified_gmt":"2026-02-11T08:20:56","slug":"el-mejor-companero-del-ano-2025-2","status":"publish","type":"page","link":"https:\/\/riberasalud.com\/mejor-companero\/","title":{"rendered":"El mejor compa\u00f1ero del a\u00f1o 2025"},"content":{"rendered":"\n<div class=\"wp-block-group sliderhome\"><div class=\"wp-block-group__inner-container is-layout-flow wp-block-group-is-layout-flow\">\n<div class=\"wp-block-columns is-layout-flex wp-container-core-columns-is-layout-9d6595d7 wp-block-columns-is-layout-flex\">\n<div class=\"wp-block-column is-vertically-aligned-center is-layout-flow wp-block-column-is-layout-flow\">\n<p>SOMOS GRUPO RIBERA<\/p>\n\n\n\n<h1 class=\"wp-block-heading\" style=\"font-style:normal;font-weight:300\"><strong>\u00a1El mejor compa\u00f1ero<\/strong><br><strong>del a\u00f1o 2025!<\/strong><\/h1>\n<\/div>\n\n\n\n<div class=\"wp-block-column columnaformulario onlydesktop is-layout-flow wp-block-column-is-layout-flow\"><\/div>\n<\/div>\n<\/div><\/div>\n\n\n\n<div class=\"wp-block-group\"><div class=\"wp-block-group__inner-container is-layout-flow wp-block-group-is-layout-flow\">\n<h2 class=\"wp-block-heading has-text-align-center\"><strong>\u00a1El mejor compa\u00f1ero del a\u00f1o 2025!<\/strong><\/h2>\n\n\n\n<p>\u00a1Es el momento de revelar sus nombres! Tras la primera ronda de votaciones compartimos a los finalistas de cada centro, personas que representan lo mejor del esp\u00edritu Ribera. Quienes han destacado por su forma \u00fanica de acompa\u00f1ar, apoyar y contagiar buen ambiente.&nbsp;<\/p>\n\n\n\n<p>\u00a1Felicidades a todos\/as, sois ejemplo de compa\u00f1erismo!<\/p>\n\n\n\n<p>Ahora comienza la fase final,&nbsp;tienes&nbsp;<strong>hasta el&nbsp;pr\u00f3ximo 10 de febrero&nbsp;para&nbsp;votar al ganador\/a&nbsp;<\/strong>de \u201cMejor compa\u00f1ero\/a del a\u00f1o 2025&nbsp;entre los finalistas de tu centro.&nbsp;<\/p>\n\n\n\n<p>\u00a1Elige tu ganador! Vota al mejor compa\u00f1ero 2025. Muy&nbsp;pronto&nbsp;desvelaremos&nbsp;los&nbsp;ganadores&nbsp;<\/p>\n\n\n\n<p>*De los centros participantes se han reflejado los finalistas de aquellos en los que se han recibido suficientes votos para participar.&nbsp;&nbsp;<\/p>\n\n\n\n<div style=\"height:10px\" aria-hidden=\"true\" class=\"wp-block-spacer\"><\/div>\n\n\n\n<div class=\"wp-block-columns is-layout-flex wp-container-core-columns-is-layout-9d6595d7 wp-block-columns-is-layout-flex\">\n<div class=\"wp-block-column has-background is-layout-flow wp-block-column-is-layout-flow\" style=\"background-color:#fce8de75;flex-basis:33.34%\">\n<div class=\"wp-block-group\"><div class=\"wp-block-group__inner-container is-layout-constrained wp-block-group-is-layout-constrained\">\n<h3 class=\"wp-block-heading has-text-align-center\"><strong>Futurs<\/strong><\/h3>\n\n\n\n<ul class=\"wp-block-list\">\n<li>Alejandro Gil Moya &#8211; Infraestructuras<\/li>\n\n\n\n<li>Francisco Jos\u00e9 P\u00e9rez Herrero &#8211; DBA<\/li>\n\n\n\n<li>Ismael David Sampere Lillo &#8211; BI<\/li>\n\n\n\n<li>Juli\u00e1n Lopez Caravaca &#8211; Devops<\/li>\n\n\n\n<li>Rub\u00e9n Lopez S\u00e1nchez &#8211; CAU<\/li>\n<\/ul>\n<\/div><\/div>\n<\/div>\n\n\n\n<div class=\"wp-block-column has-background is-layout-flow wp-block-column-is-layout-flow\" style=\"background-color:#fce8de75;flex-basis:33.34%\">\n<div class=\"wp-block-group\"><div class=\"wp-block-group__inner-container is-layout-constrained wp-block-group-is-layout-constrained\">\n<h3 class=\"wp-block-heading has-text-align-center\"><strong>Hospital de Molina<\/strong><\/h3>\n\n\n\n<ul class=\"wp-block-list\">\n<li>Francisco S\u00e1nchez Capel &#8211; Urgencias<\/li>\n\n\n\n<li>Mar\u00eda Jes\u00fas G\u00f3mez Carrasco &#8211; Supervisora de Consultas<\/li>\n\n\n\n<li>Minerva Egea Marmol &#8211; Tercera planta<\/li>\n\n\n\n<li>Naiara Rodr\u00edguez Jim\u00e9nez &#8211; Consultas<\/li>\n\n\n\n<li>Francisco Galera &#8211; Celador<\/li>\n<\/ul>\n<\/div><\/div>\n<\/div>\n\n\n\n<div class=\"wp-block-column has-background is-layout-flow wp-block-column-is-layout-flow\" style=\"background-color:#fce8de75;flex-basis:33.33%\">\n<div class=\"wp-block-group\"><div class=\"wp-block-group__inner-container is-layout-constrained wp-block-group-is-layout-constrained\">\n<h3 class=\"wp-block-heading has-text-align-center\"><strong>Hospital Juan Cardona<\/strong><\/h3>\n\n\n\n<ul class=\"wp-block-list\">\n<li>Amaya Nieto Sierra &#8211; 3\u00baB<\/li>\n\n\n\n<li>Ana Bel\u00e9n Leira Sanmart\u00edn &#8211; Facturaci\u00f3n<\/li>\n\n\n\n<li>Olalla Villar Dopico &#8211; Consultas<\/li>\n<\/ul>\n<\/div><\/div>\n<\/div>\n<\/div>\n\n\n\n<div class=\"wp-block-columns is-layout-flex wp-container-core-columns-is-layout-9d6595d7 wp-block-columns-is-layout-flex\">\n<div class=\"wp-block-column has-background is-layout-flow wp-block-column-is-layout-flow\" style=\"background-color:#fce8de75;flex-basis:33.34%\">\n<div class=\"wp-block-group\"><div class=\"wp-block-group__inner-container is-layout-constrained wp-block-group-is-layout-constrained\">\n<h3 class=\"wp-block-heading has-text-align-center\"><strong>Hospital Povisa<\/strong><\/h3>\n\n\n\n<ul class=\"wp-block-list\">\n<li>Daniel Garc\u00eda Mill\u00e1n -Direcci\u00f3n Financiera<\/li>\n\n\n\n<li>M\u00aa Jes\u00fas Carrera Fortes &#8211; Farmacia<\/li>\n\n\n\n<li>Maite Dur\u00e1n Santome &#8211; Secretar\u00eda Direcci\u00f3n<\/li>\n\n\n\n<li>Mar\u00eda Loureiro V\u00e1zquez- An\u00e1lisis cl\u00ednicos<\/li>\n\n\n\n<li>Mercedes P\u00e9rez V\u00e1zquez &#8211; Coordinadora de laboratorio<\/li>\n\n\n\n<li>Montse P\u00e9rez &#8211; Hospitalizaci\u00f3n\/ 7PL<\/li>\n\n\n\n<li>Patricia Olimpo De la Paz- Consultas externas<\/li>\n\n\n\n<li>Paula Martin Garcia &#8211; Supervisora de di\u00e1lisis, hospital de d\u00eda y farmacia<\/li>\n\n\n\n<li>Roberto Cabaleiro G\u00e1ndara &#8211; 7\u00baAntigua<\/li>\n<\/ul>\n<\/div><\/div>\n<\/div>\n\n\n\n<div class=\"wp-block-column has-background is-layout-flow wp-block-column-is-layout-flow\" style=\"background-color:#fce8de75;flex-basis:33.34%\">\n<div class=\"wp-block-group\"><div class=\"wp-block-group__inner-container is-layout-constrained wp-block-group-is-layout-constrained\">\n<h3 class=\"wp-block-heading has-text-align-center\"><strong>Hospital de Torrej\u00f3n<\/strong><\/h3>\n\n\n\n<ul class=\"wp-block-list\">\n<li>Alberto Jim\u00e9nez &#8211; Bloque quir\u00fargico<\/li>\n\n\n\n<li>Elena Abril Palomares &#8211; UCI<\/li>\n\n\n\n<li>Elena Rodr\u00edguez D\u00edez &#8211; Servicios Generales<\/li>\n\n\n\n<li>Irene Castro &#8211; Hospitalizaci\u00f3n 1300<\/li>\n\n\n\n<li>Luisa Maria Megias Payer &#8211; Secretaria m\u00e9dica<\/li>\n\n\n\n<li>Mar\u00eda del Mar Fern\u00e1ndez Riesgo &#8211; Consultas Externas\/ Dermatolog\u00eda<\/li>\n\n\n\n<li>Marta Dom\u00ednguez de los \u00c1ngeles &#8211; Auxiliar de enfermer\u00eda Servicio de Urolog\u00eda<\/li>\n\n\n\n<li>Sara San Segundo Oliver &#8211; Maternidad<\/li>\n\n\n\n<li>Sheila Laiseca Sanchez &#8211; Auxiliar de Paritorio<\/li>\n\n\n\n<li>Sof\u00eda Alegre Lopez &#8211; Radiolog\u00eda<\/li>\n<\/ul>\n<\/div><\/div>\n<\/div>\n\n\n\n<div class=\"wp-block-column has-background is-layout-flow wp-block-column-is-layout-flow\" style=\"background-color:#fce8de75;flex-basis:33.33%\">\n<div class=\"wp-block-group\"><div class=\"wp-block-group__inner-container is-layout-constrained wp-block-group-is-layout-constrained\">\n<h3 class=\"wp-block-heading has-text-align-center\"><strong>Hospital del Vinalop\u00f3<\/strong><\/h3>\n\n\n\n<ul class=\"wp-block-list\">\n<li>Adriana Rodriguez Garcia &#8211; Quir\u00f3fano<\/li>\n\n\n\n<li>Elena Ribes Garcia &#8211; Ginecolog\u00eda<\/li>\n\n\n\n<li>Emin Engin Kemik Goral &#8211; Personal de apoyo<\/li>\n\n\n\n<li>Esperanza Mateos Serrano &#8211; Admisi\u00f3n<\/li>\n\n\n\n<li>Jose Arronis Huertas &#8211; Medicina Nuclear<\/li>\n\n\n\n<li>Jose Francisco Sanchez Molina &#8211; UHD<\/li>\n\n\n\n<li>Leticia Beltr\u00e1n &#8211; Trabajo social<\/li>\n\n\n\n<li>Manuel Manchon Davo &#8211; Fisioterapia<\/li>\n\n\n\n<li>Nati Arques Morante &#8211; Secretaria de Gerencia<\/li>\n<\/ul>\n<\/div><\/div>\n<\/div>\n<\/div>\n\n\n\n<div class=\"wp-block-columns is-layout-flex wp-container-core-columns-is-layout-9d6595d7 wp-block-columns-is-layout-flex\">\n<div class=\"wp-block-column has-background is-layout-flow wp-block-column-is-layout-flow\" style=\"background-color:#fce8de75;flex-basis:33.34%\">\n<div class=\"wp-block-group\"><div class=\"wp-block-group__inner-container is-layout-constrained wp-block-group-is-layout-constrained\">\n<h3 class=\"wp-block-heading has-text-align-center\"><strong>Caravaca<\/strong><\/h3>\n\n\n\n<ul class=\"wp-block-list\">\n<li>Jos\u00e9 Vicente Gonzalez &#8211; Recepci\u00f3n<\/li>\n\n\n\n<li>Mar\u00eda Jos\u00e9 Mart\u00ednez Pons &#8211; Auxiliar<\/li>\n\n\n\n<li>Mariano Pi\u00f1era Rojas &#8211; Medicina<\/li>\n\n\n\n<li>Raquel Fortes Mart\u00ednez &#8211; Enfermera<\/li>\n<\/ul>\n<\/div><\/div>\n<\/div>\n\n\n\n<div class=\"wp-block-column has-background is-layout-flow wp-block-column-is-layout-flow\" style=\"background-color:#fce8de75;flex-basis:33.34%\">\n<div class=\"wp-block-group\"><div class=\"wp-block-group__inner-container is-layout-constrained wp-block-group-is-layout-constrained\">\n<h3 class=\"wp-block-heading has-text-align-center\"><strong>Ribera Central<\/strong><\/h3>\n\n\n\n<ul class=\"wp-block-list\">\n<li>Borja Bueno G\u00f3mez &#8211; Financiero<\/li>\n\n\n\n<li>Esther Sanjoaquin Morales &#8211; Comunicaci\u00f3n &amp; Personas<\/li>\n\n\n\n<li>Julio Moreno &#8211; Proyectos<\/li>\n\n\n\n<li>Mar Sanchez Soto &#8211; Comunicaci\u00f3n<\/li>\n<\/ul>\n<\/div><\/div>\n<\/div>\n\n\n\n<div class=\"wp-block-column has-background is-layout-flow wp-block-column-is-layout-flow\" style=\"background-color:#fce8de75;flex-basis:33.33%\">\n<div class=\"wp-block-group\"><div class=\"wp-block-group__inner-container is-layout-constrained wp-block-group-is-layout-constrained\">\n<h3 class=\"wp-block-heading has-text-align-center\"><strong>Riberalab<\/strong><\/h3>\n\n\n\n<ul class=\"wp-block-list\">\n<li>Melani S\u00e1nchez Escamez &#8211; Preanal\u00edtica<\/li>\n\n\n\n<li>Elena Pe\u00f1afiel Perez &#8211; Gen\u00e9tica<\/li>\n\n\n\n<li>Daniel Martinez Banon &#8211; Direcci\u00f3n<\/li>\n<\/ul>\n<\/div><\/div>\n<\/div>\n<\/div>\n\n\n\n<div class=\"wp-block-columns is-layout-flex wp-container-core-columns-is-layout-9d6595d7 wp-block-columns-is-layout-flex\">\n<div class=\"wp-block-column has-background is-layout-flow wp-block-column-is-layout-flow\" style=\"background-color:#fce8de75;flex-basis:33.34%\">\n<div class=\"wp-block-group\"><div class=\"wp-block-group__inner-container is-layout-constrained wp-block-group-is-layout-constrained\">\n<h3 class=\"wp-block-heading has-text-align-center\"><strong>Hospital Polusa<\/strong><\/h3>\n\n\n\n<ul class=\"wp-block-list\">\n<li>Bego\u00f1a Varela Pardo &#8211; Unidad Recuperaci\u00f3n Funcional<\/li>\n\n\n\n<li>Josefina Gil Lister &#8211; Radiodiagn\u00f3stico<\/li>\n\n\n\n<li>Patricia V\u00e1zquez Garea &#8211; Hospitalizaci\u00f3n<\/li>\n\n\n\n<li>Sandra Lojo Say\u00e1ns &#8211; Unidad de Da\u00f1o Cerebral<\/li>\n<\/ul>\n<\/div><\/div>\n<\/div>\n\n\n\n<div class=\"wp-block-column has-background is-layout-flow wp-block-column-is-layout-flow\" style=\"background-color:#fce8de75;flex-basis:33.33%\">\n<div class=\"wp-block-group\"><div class=\"wp-block-group__inner-container is-layout-constrained wp-block-group-is-layout-constrained\">\n<h3 class=\"wp-block-heading has-text-align-center\"><strong>Grupo HC<\/strong><\/h3>\n\n\n\n<ul class=\"wp-block-list\">\n<li>Enrique Del Rosal Moreno &#8211; Celador<\/li>\n\n\n\n<li>Gemma Gimenez Lozano &#8211; Directora Financiera<\/li>\n\n\n\n<li>Jos\u00e9 Mar\u00eda Pellicero S\u00e1nchez &#8211; Gesti\u00f3n de cobros<\/li>\n\n\n\n<li>Mar\u00eda Aranzazu Rodr\u00edguez Dom\u00ednguez &#8211; Cardiolog\u00eda<\/li>\n\n\n\n<li>Nieves Calvo Ortigosa &#8211; Operaciones e Innovaci\u00f3n<\/li>\n\n\n\n<li>Susana Olea Ortigosa &#8211; Facturaci\u00f3n<\/li>\n<\/ul>\n<\/div><\/div>\n<\/div>\n\n\n\n<div class=\"wp-block-column has-background is-layout-flow wp-block-column-is-layout-flow\" style=\"background-color:#fce8de75;flex-basis:33.34%\">\n<div class=\"wp-block-group\"><div class=\"wp-block-group__inner-container is-layout-constrained wp-block-group-is-layout-constrained\">\n<h3 class=\"wp-block-heading has-text-align-center\"><strong>Covadonga<\/strong><\/h3>\n\n\n\n<ul class=\"wp-block-list\">\n<li>Ana M. Blanco Ceinos &#8211; Hospitalizaci\u00f3n<\/li>\n\n\n\n<li>Cristina Fern\u00e1ndez Vicente &#8211; Fisioterapia<\/li>\n\n\n\n<li>Enol Suarez Tost\u00f3n &#8211; Hospitalizaci\u00f3n<\/li>\n<\/ul>\n<\/div><\/div>\n<\/div>\n<\/div>\n\n\n\n<div class=\"wp-block-columns is-layout-flex wp-container-core-columns-is-layout-9d6595d7 wp-block-columns-is-layout-flex\">\n<div class=\"wp-block-column has-background is-layout-flow wp-block-column-is-layout-flow\" style=\"background-color:#fce8de75;flex-basis:33.34%\">\n<div class=\"wp-block-group\"><div class=\"wp-block-group__inner-container is-layout-constrained wp-block-group-is-layout-constrained\">\n<h3 class=\"wp-block-heading has-text-align-center\"><strong>Cascais<\/strong><\/h3>\n\n\n\n<ul class=\"wp-block-list\">\n<li>Ana Cristina Louren\u00e7o &#8211; Neonatologia<\/li>\n\n\n\n<li>Ana Filipa Contente &#8211; Bloco Operat\u00f3rio<\/li>\n<\/ul>\n<\/div><\/div>\n<\/div>\n\n\n\n<div class=\"wp-block-column has-background is-layout-flow wp-block-column-is-layout-flow\" style=\"background-color:#fce8de75;flex-basis:33.34%\">\n<div class=\"wp-block-group\"><div class=\"wp-block-group__inner-container is-layout-constrained wp-block-group-is-layout-constrained\">\n<h3 class=\"wp-block-heading has-text-align-center\"><strong>Assistens<\/strong><\/h3>\n\n\n\n<ul class=\"wp-block-list\">\n<li>Manuel L\u00f3pez Alas &#8211; Administraci\u00f3n<\/li>\n\n\n\n<li>Raquel Candia &#8211; Admisi\u00f3n<\/li>\n<\/ul>\n<\/div><\/div>\n<\/div>\n\n\n\n<div class=\"wp-block-column is-layout-flow wp-block-column-is-layout-flow\" style=\"flex-basis:33.33%\"><\/div>\n<\/div>\n\n\n\n<p>#Riberalife<\/p>\n\n\n\n<p>Cumplimenta el formulario:<\/p>\n\n\n\n<p>Inscripciones cerradas<\/p>\n\n\n\n<div class=\"wp-block-columns is-layout-flex wp-container-core-columns-is-layout-9d6595d7 wp-block-columns-is-layout-flex\">\n<div class=\"wp-block-column is-layout-flow wp-block-column-is-layout-flow\"><\/div>\n\n\n\n<div class=\"wp-block-column is-layout-flow wp-block-column-is-layout-flow\"><div class=\"wp-block-image\">\n<figure class=\"aligncenter size-full\"><img loading=\"lazy\" decoding=\"async\" width=\"281\" height=\"601\" src=\"https:\/\/riberasalud.com\/mejor-companero\/wp-content\/uploads\/2024\/01\/vota-al-mejor-companero.jpg\" alt=\"\" class=\"wp-image-138\" srcset=\"https:\/\/riberasalud.com\/mejor-companero\/wp-content\/uploads\/2024\/01\/vota-al-mejor-companero.jpg 281w, https:\/\/riberasalud.com\/mejor-companero\/wp-content\/uploads\/2024\/01\/vota-al-mejor-companero-140x300.jpg 140w\" sizes=\"auto, (max-width: 281px) 100vw, 281px\" \/><\/figure>\n<\/div><\/div>\n<\/div>\n<\/div><\/div>\n","protected":false},"excerpt":{"rendered":"<p>SOMOS GRUPO RIBERA \u00a1El mejor compa\u00f1erodel a\u00f1o 2025! \u00a1El mejor compa\u00f1ero del a\u00f1o 2025! \u00a1Es el momento de revelar sus nombres! Tras la primera ronda de votaciones compartimos a los finalistas de cada centro, personas que representan lo mejor del esp\u00edritu Ribera. Quienes han destacado por su forma \u00fanica de acompa\u00f1ar, apoyar y contagiar buen &#8230; <a title=\"El mejor compa\u00f1ero del a\u00f1o 2025\" class=\"read-more\" href=\"https:\/\/riberasalud.com\/mejor-companero\/\" aria-label=\"Leer m\u00e1s sobre El mejor compa\u00f1ero del a\u00f1o 2025\">Leer m\u00e1s<\/a><\/p>\n","protected":false},"author":2,"featured_media":134,"parent":0,"menu_order":0,"comment_status":"closed","ping_status":"closed","template":"","meta":{"_monsterinsights_skip_tracking":false,"_monsterinsights_sitenote_active":false,"_monsterinsights_sitenote_note":"","_monsterinsights_sitenote_category":0,"footnotes":""},"class_list":["post-526","page","type-page","status-publish","has-post-thumbnail"],"yoast_head":"<!-- This site is optimized with the Yoast SEO plugin v26.8 - https:\/\/yoast.com\/product\/yoast-seo-wordpress\/ -->\n<title>El mejor compa\u00f1ero del a\u00f1o 2025<\/title>\n<meta name=\"description\" content=\"Vota al mejor compa\u00f1ero\" \/>\n<meta name=\"robots\" content=\"index, follow, max-snippet:-1, max-image-preview:large, max-video-preview:-1\" \/>\n<link rel=\"canonical\" href=\"https:\/\/riberasalud.com\/mejor-companero\/\" \/>\n<meta property=\"og:locale\" content=\"es_ES\" \/>\n<meta property=\"og:type\" content=\"article\" \/>\n<meta property=\"og:title\" content=\"El mejor compa\u00f1ero del a\u00f1o 2025\" \/>\n<meta property=\"og:description\" content=\"Vota al mejor compa\u00f1ero\" \/>\n<meta property=\"og:url\" content=\"https:\/\/riberasalud.com\/mejor-companero\/\" \/>\n<meta property=\"og:site_name\" content=\"El mejor compa\u00f1ero del a\u00f1o 2025\" \/>\n<meta property=\"article:modified_time\" content=\"2026-02-11T08:20:56+00:00\" \/>\n<meta property=\"og:image\" content=\"https:\/\/riberasalud.com\/mejor-companero\/wp-content\/uploads\/2024\/01\/image-6.png\" \/>\n\t<meta property=\"og:image:width\" content=\"799\" \/>\n\t<meta property=\"og:image:height\" content=\"604\" \/>\n\t<meta property=\"og:image:type\" content=\"image\/png\" \/>\n<meta name=\"twitter:card\" content=\"summary_large_image\" \/>\n<meta name=\"twitter:label1\" content=\"Tiempo de lectura\" \/>\n\t<meta name=\"twitter:data1\" content=\"3 minutos\" \/>\n<script type=\"application\/ld+json\" class=\"yoast-schema-graph\">{\"@context\":\"https:\/\/schema.org\",\"@graph\":[{\"@type\":\"WebPage\",\"@id\":\"https:\/\/riberasalud.com\/mejor-companero\/\",\"url\":\"https:\/\/riberasalud.com\/mejor-companero\/\",\"name\":\"El mejor compa\u00f1ero del a\u00f1o 2025\",\"isPartOf\":{\"@id\":\"https:\/\/riberasalud.com\/mejor-companero\/#website\"},\"primaryImageOfPage\":{\"@id\":\"https:\/\/riberasalud.com\/mejor-companero\/#primaryimage\"},\"image\":{\"@id\":\"https:\/\/riberasalud.com\/mejor-companero\/#primaryimage\"},\"thumbnailUrl\":\"https:\/\/riberasalud.com\/mejor-companero\/wp-content\/uploads\/2024\/01\/image-6.png\",\"datePublished\":\"2026-01-29T09:01:47+00:00\",\"dateModified\":\"2026-02-11T08:20:56+00:00\",\"description\":\"Vota al mejor compa\u00f1ero\",\"breadcrumb\":{\"@id\":\"https:\/\/riberasalud.com\/mejor-companero\/#breadcrumb\"},\"inLanguage\":\"es\",\"potentialAction\":[{\"@type\":\"ReadAction\",\"target\":[\"https:\/\/riberasalud.com\/mejor-companero\/\"]}]},{\"@type\":\"ImageObject\",\"inLanguage\":\"es\",\"@id\":\"https:\/\/riberasalud.com\/mejor-companero\/#primaryimage\",\"url\":\"https:\/\/riberasalud.com\/mejor-companero\/wp-content\/uploads\/2024\/01\/image-6.png\",\"contentUrl\":\"https:\/\/riberasalud.com\/mejor-companero\/wp-content\/uploads\/2024\/01\/image-6.png\",\"width\":799,\"height\":604},{\"@type\":\"BreadcrumbList\",\"@id\":\"https:\/\/riberasalud.com\/mejor-companero\/#breadcrumb\",\"itemListElement\":[{\"@type\":\"ListItem\",\"position\":1,\"name\":\"Portada\",\"item\":\"https:\/\/riberasalud.com\/mejor-companero\/\"},{\"@type\":\"ListItem\",\"position\":2,\"name\":\"El mejor compa\u00f1ero del a\u00f1o 2025\"}]},{\"@type\":\"WebSite\",\"@id\":\"https:\/\/riberasalud.com\/mejor-companero\/#website\",\"url\":\"https:\/\/riberasalud.com\/mejor-companero\/\",\"name\":\"El mejor compa\u00f1ero del a\u00f1o 2025\",\"description\":\"\",\"publisher\":{\"@id\":\"https:\/\/riberasalud.com\/mejor-companero\/#organization\"},\"potentialAction\":[{\"@type\":\"SearchAction\",\"target\":{\"@type\":\"EntryPoint\",\"urlTemplate\":\"https:\/\/riberasalud.com\/mejor-companero\/?s={search_term_string}\"},\"query-input\":{\"@type\":\"PropertyValueSpecification\",\"valueRequired\":true,\"valueName\":\"search_term_string\"}}],\"inLanguage\":\"es\"},{\"@type\":\"Organization\",\"@id\":\"https:\/\/riberasalud.com\/mejor-companero\/#organization\",\"name\":\"El mejor compa\u00f1ero del a\u00f1o 2025\",\"url\":\"https:\/\/riberasalud.com\/mejor-companero\/\",\"logo\":{\"@type\":\"ImageObject\",\"inLanguage\":\"es\",\"@id\":\"https:\/\/riberasalud.com\/mejor-companero\/#\/schema\/logo\/image\/\",\"url\":\"https:\/\/riberasalud.com\/mejor-companero\/wp-content\/uploads\/2022\/09\/cropped-Logotipo-Red-qgbhgk.png\",\"contentUrl\":\"https:\/\/riberasalud.com\/mejor-companero\/wp-content\/uploads\/2022\/09\/cropped-Logotipo-Red-qgbhgk.png\",\"width\":5001,\"height\":1976,\"caption\":\"El mejor compa\u00f1ero del a\u00f1o 2025\"},\"image\":{\"@id\":\"https:\/\/riberasalud.com\/mejor-companero\/#\/schema\/logo\/image\/\"}}]}<\/script>\n<!-- \/ Yoast SEO plugin. -->","yoast_head_json":{"title":"El mejor compa\u00f1ero del a\u00f1o 2025","description":"Vota al mejor compa\u00f1ero","robots":{"index":"index","follow":"follow","max-snippet":"max-snippet:-1","max-image-preview":"max-image-preview:large","max-video-preview":"max-video-preview:-1"},"canonical":"https:\/\/riberasalud.com\/mejor-companero\/","og_locale":"es_ES","og_type":"article","og_title":"El mejor compa\u00f1ero del a\u00f1o 2025","og_description":"Vota al mejor compa\u00f1ero","og_url":"https:\/\/riberasalud.com\/mejor-companero\/","og_site_name":"El mejor compa\u00f1ero del a\u00f1o 2025","article_modified_time":"2026-02-11T08:20:56+00:00","og_image":[{"width":799,"height":604,"url":"https:\/\/riberasalud.com\/mejor-companero\/wp-content\/uploads\/2024\/01\/image-6.png","type":"image\/png"}],"twitter_card":"summary_large_image","twitter_misc":{"Tiempo de lectura":"3 minutos"},"schema":{"@context":"https:\/\/schema.org","@graph":[{"@type":"WebPage","@id":"https:\/\/riberasalud.com\/mejor-companero\/","url":"https:\/\/riberasalud.com\/mejor-companero\/","name":"El mejor compa\u00f1ero del a\u00f1o 2025","isPartOf":{"@id":"https:\/\/riberasalud.com\/mejor-companero\/#website"},"primaryImageOfPage":{"@id":"https:\/\/riberasalud.com\/mejor-companero\/#primaryimage"},"image":{"@id":"https:\/\/riberasalud.com\/mejor-companero\/#primaryimage"},"thumbnailUrl":"https:\/\/riberasalud.com\/mejor-companero\/wp-content\/uploads\/2024\/01\/image-6.png","datePublished":"2026-01-29T09:01:47+00:00","dateModified":"2026-02-11T08:20:56+00:00","description":"Vota al mejor compa\u00f1ero","breadcrumb":{"@id":"https:\/\/riberasalud.com\/mejor-companero\/#breadcrumb"},"inLanguage":"es","potentialAction":[{"@type":"ReadAction","target":["https:\/\/riberasalud.com\/mejor-companero\/"]}]},{"@type":"ImageObject","inLanguage":"es","@id":"https:\/\/riberasalud.com\/mejor-companero\/#primaryimage","url":"https:\/\/riberasalud.com\/mejor-companero\/wp-content\/uploads\/2024\/01\/image-6.png","contentUrl":"https:\/\/riberasalud.com\/mejor-companero\/wp-content\/uploads\/2024\/01\/image-6.png","width":799,"height":604},{"@type":"BreadcrumbList","@id":"https:\/\/riberasalud.com\/mejor-companero\/#breadcrumb","itemListElement":[{"@type":"ListItem","position":1,"name":"Portada","item":"https:\/\/riberasalud.com\/mejor-companero\/"},{"@type":"ListItem","position":2,"name":"El mejor compa\u00f1ero del a\u00f1o 2025"}]},{"@type":"WebSite","@id":"https:\/\/riberasalud.com\/mejor-companero\/#website","url":"https:\/\/riberasalud.com\/mejor-companero\/","name":"El mejor compa\u00f1ero del a\u00f1o 2025","description":"","publisher":{"@id":"https:\/\/riberasalud.com\/mejor-companero\/#organization"},"potentialAction":[{"@type":"SearchAction","target":{"@type":"EntryPoint","urlTemplate":"https:\/\/riberasalud.com\/mejor-companero\/?s={search_term_string}"},"query-input":{"@type":"PropertyValueSpecification","valueRequired":true,"valueName":"search_term_string"}}],"inLanguage":"es"},{"@type":"Organization","@id":"https:\/\/riberasalud.com\/mejor-companero\/#organization","name":"El mejor compa\u00f1ero del a\u00f1o 2025","url":"https:\/\/riberasalud.com\/mejor-companero\/","logo":{"@type":"ImageObject","inLanguage":"es","@id":"https:\/\/riberasalud.com\/mejor-companero\/#\/schema\/logo\/image\/","url":"https:\/\/riberasalud.com\/mejor-companero\/wp-content\/uploads\/2022\/09\/cropped-Logotipo-Red-qgbhgk.png","contentUrl":"https:\/\/riberasalud.com\/mejor-companero\/wp-content\/uploads\/2022\/09\/cropped-Logotipo-Red-qgbhgk.png","width":5001,"height":1976,"caption":"El mejor compa\u00f1ero del a\u00f1o 2025"},"image":{"@id":"https:\/\/riberasalud.com\/mejor-companero\/#\/schema\/logo\/image\/"}}]}},"_links":{"self":[{"href":"https:\/\/riberasalud.com\/mejor-companero\/wp-json\/wp\/v2\/pages\/526","targetHints":{"allow":["GET"]}}],"collection":[{"href":"https:\/\/riberasalud.com\/mejor-companero\/wp-json\/wp\/v2\/pages"}],"about":[{"href":"https:\/\/riberasalud.com\/mejor-companero\/wp-json\/wp\/v2\/types\/page"}],"author":[{"embeddable":true,"href":"https:\/\/riberasalud.com\/mejor-companero\/wp-json\/wp\/v2\/users\/2"}],"replies":[{"embeddable":true,"href":"https:\/\/riberasalud.com\/mejor-companero\/wp-json\/wp\/v2\/comments?post=526"}],"version-history":[{"count":33,"href":"https:\/\/riberasalud.com\/mejor-companero\/wp-json\/wp\/v2\/pages\/526\/revisions"}],"predecessor-version":[{"id":580,"href":"https:\/\/riberasalud.com\/mejor-companero\/wp-json\/wp\/v2\/pages\/526\/revisions\/580"}],"wp:featuredmedia":[{"embeddable":true,"href":"https:\/\/riberasalud.com\/mejor-companero\/wp-json\/wp\/v2\/media\/134"}],"wp:attachment":[{"href":"https:\/\/riberasalud.com\/mejor-companero\/wp-json\/wp\/v2\/media?parent=526"}],"curies":[{"name":"wp","href":"https:\/\/api.w.org\/{rel}","templated":true}]}}