{"id":3,"date":"2022-09-08T07:50:08","date_gmt":"2022-09-08T07:50:08","guid":{"rendered":"https:\/\/riberasalud.com\/concurso-cancer-mama\/?page_id=3"},"modified":"2022-09-22T15:25:37","modified_gmt":"2022-09-22T15:25:37","slug":"politica-cookies","status":"publish","type":"page","link":"https:\/\/riberasalud.com\/mejor-companero\/politica-cookies\/","title":{"rendered":"Pol\u00edtica de cookies"},"content":{"rendered":"\n<div class=\"wp-block-group backgroundbanner\"><div class=\"wp-block-group__inner-container is-layout-flow wp-block-group-is-layout-flow\">\n<p class=\"has-text-align-center\" style=\"font-size:40px\"><span style=\"color: #4b4a4a;\" class=\"ugb-highlight\">Pol\u00edtica de cookies<\/span><\/p>\n<\/div><\/div>\n\n\n\n<div class=\"wp-block-group alignwide\"><div class=\"wp-block-group__inner-container is-layout-flow wp-block-group-is-layout-flow\">\n<p>RIBERA SALUD, S.A (en adelante, \u201cRIBERA SALUD\u201d) le informa que este sitio web utiliza cookies. A continuaci\u00f3n, el usuario encontrar\u00e1 informaci\u00f3n detallada sobre las cookies que son instaladas en la p\u00e1gina web.<\/p>\n\n\n\n<p><strong>I.&nbsp;&nbsp;&nbsp;&nbsp;&nbsp;&nbsp;&nbsp;&nbsp;&nbsp;&nbsp;&nbsp;&nbsp;&nbsp;&nbsp;\u00bfQU\u00c9 SON LAS COOKIES?<\/strong><\/p>\n\n\n\n<p>Se considera cookies a cualquier tipo de archivo o dispositivo que se descarga en el equipo terminal de un usuario con la finalidad de almacenar datos que podr\u00e1n ser actualizados y recuperados por la entidad responsable de su instalaci\u00f3n. Se ubican en el disco duro del ordenador del Usuario, que archivan informaci\u00f3n sobre el uso que se realiza de un determinado Sitio Web. Las cookies solamente pueden ser le\u00eddas por el servidor que las coloc\u00f3 y no pueden ejecutar ning\u00fan programa o virus.<\/p>\n\n\n\n<p><strong>II.&nbsp;&nbsp;&nbsp;&nbsp;&nbsp;&nbsp;&nbsp;&nbsp;&nbsp;&nbsp;&nbsp;&nbsp;&nbsp;\u00bfQU\u00c9 TIPO DE COOKIES SE UTILIZAN EN ESTA P\u00c1GINA WEB?<\/strong><\/p>\n\n\n\n<p>Respecto a la&nbsp;finalidad de las cookies, en esta web utilizamos las siguientes:<\/p>\n\n\n\n<ul class=\"wp-block-list\"><li><strong>Cookies t\u00e9cnicas estrictamente necesarias:&nbsp;<\/strong>Se tratan de cookies necesarias para el correcto funcionamiento de la web, as\u00ed como entre otros, guardar el identificador de sesi\u00f3n del usuario.<\/li><\/ul>\n\n\n\n<ul class=\"wp-block-list\"><li><strong>Cookies de an\u00e1lisis:<\/strong>&nbsp;Son aqu\u00e9llas que permiten al responsable de las mismas, el seguimiento y an\u00e1lisis del comportamiento de los usuarios de los sitios web a los que est\u00e1n vinculadas. La informaci\u00f3n recogida mediante este tipo de cookies se utiliza en la medici\u00f3n de la actividad de los sitios web, aplicaci\u00f3n o plataforma y para la elaboraci\u00f3n de perfiles de navegaci\u00f3n de los usuarios de dichos sitios.<\/li><\/ul>\n\n\n\n<ul class=\"wp-block-list\"><li><strong>Cookies de publicidad comportamental:&nbsp;<\/strong>son aquellas que almacenan informaci\u00f3n del comportamiento de los usuarios y que permiten desarrollar un perfil espec\u00edfico para mostrar publicidad en funci\u00f3n de los intereses y preferencias del interesado.<\/li><\/ul>\n\n\n\n<p>Asimismo, en cuanto a la&nbsp;entidad que gestiona las cookies, esta p\u00e1gina web utilizalas siguientes:&nbsp;<\/p>\n\n\n\n<ul class=\"wp-block-list\"><li>Las cookies<strong>&nbsp;propias<\/strong>: Son aqu\u00e9llas que se env\u00edan al equipo terminal del usuario desde un equipo o dominio gestionado por el propio editor y desde el que se presta el servicio solicitado por el usuario.<\/li><\/ul>\n\n\n\n<p>Esta web gestiona bajo su dominio las cookies t\u00e9cnicas, estrictamente necesarias.<\/p>\n\n\n\n<ul class=\"wp-block-list\"><li>Las cookies de&nbsp;<strong>terceros<\/strong>: Igualmente, esta web utiliza cookies de terceros entendidas como aquellas que se env\u00edan al terminal del usuario desde un equipo o dominio que no es gestionado por el editor sino por otra entidad que trata los datos obtenidos a trav\u00e9s de las cookies.<\/li><\/ul>\n\n\n\n<p>En el apartado tercero (III) de la presente Pol\u00edtica de cookies bajo el t\u00edtulo \u201cInformaci\u00f3n sobre terceros\u201d podr\u00e1 encontrar m\u00e1s informaci\u00f3n sobre dichos terceros.<\/p>\n\n\n\n<p>Respecto al&nbsp;plazo de tiempo que permanecen activadas, en esta web utilizamos las siguientes:<\/p>\n\n\n\n<ul class=\"wp-block-list\"><li><strong>Cookies de sesi\u00f3n<\/strong>: Son aquellas dise\u00f1adas para recabar y almacenar datos mientras el usuario accede a una p\u00e1gina web y desaparecen al cerrar el navegador.<\/li><\/ul>\n\n\n\n<ul class=\"wp-block-list\"><li><strong>Cookies persistentes<\/strong>: son aquellas en las que los datos siguen almacenados en el terminal y que pueden ser accedidos durante un periodo definido por el responsable de la cookie que puede ir de varios minutos a varios a\u00f1os.<\/li><\/ul>\n\n\n\n<p>En la tabla que se muestra a continuaci\u00f3n encontrar\u00e1 informaci\u00f3n completa sobre las cookies utilizadas y descargadas en nuestra p\u00e1gina web.<\/p>\n\n\n\n<figure class=\"wp-block-table is-style-stripes\"><table><tbody><tr><td class=\"has-text-align-center\" data-align=\"center\">\n<p><strong>TIPOLOG\u00cdA<\/strong><\/p>\n<\/td><td class=\"has-text-align-center\" data-align=\"center\">\n<p><strong>NOMBRE<\/strong><\/p>\n<\/td><td class=\"has-text-align-center\" data-align=\"center\">\n<p><strong>DURACI\u00d3N<\/strong><\/p>\n<\/td><td class=\"has-text-align-center\" data-align=\"center\">\n<p><strong>PROCEDENCIA<\/strong><\/p>\n<\/td><td class=\"has-text-align-center\" data-align=\"center\">\n<p><strong>FINALIDAD<\/strong><\/p>\n<\/td><td class=\"has-text-align-center\" data-align=\"center\">\n<p><strong>TRANSFERENCIAS INTERNACIONALES DE DATOS<\/strong><\/p>\n<\/td><td>\n<p>&nbsp;<\/p>\n<\/td><td>&nbsp;<\/td><\/tr><tr><td class=\"has-text-align-center\" data-align=\"center\">\n<p>Necesarias<\/p>\n<\/td><td class=\"has-text-align-center\" data-align=\"center\">\n<p>cookielawinfo-checkbox-others<\/p>\n<\/td><td class=\"has-text-align-center\" data-align=\"center\">\n<p>11 months<\/p>\n<\/td><td class=\"has-text-align-center\" data-align=\"center\">\n<p>Propia<\/p>\n<\/td><td class=\"has-text-align-center\" data-align=\"center\">\n<p>Esta cookie est\u00e1 configurada por el complemento de consentimiento de cookies de GDPR. La cookie se utiliza para almacenar el consentimiento del usuario para las cookies en la categor\u00eda \u00abOtro.<\/p>\n<\/td><td class=\"has-text-align-center\" data-align=\"center\">\n<p>No<\/p>\n<\/td><td>\n<p>&nbsp;<\/p>\n<\/td><td>&nbsp;<\/td><\/tr><tr><td class=\"has-text-align-center\" data-align=\"center\">\n<p>Necesarias<\/p>\n<\/td><td class=\"has-text-align-center\" data-align=\"center\">\n<p>cookielawinfo-checkbox-analytics<\/p>\n<\/td><td class=\"has-text-align-center\" data-align=\"center\">\n<p>11 months<\/p>\n<\/td><td class=\"has-text-align-center\" data-align=\"center\">\n<p>Propia<\/p>\n<\/td><td class=\"has-text-align-center\" data-align=\"center\">\n<p>Esta cookie est\u00e1 configurada por el complemento de consentimiento de cookies de GDPR. La cookie se utiliza para almacenar el consentimiento del usuario para las cookies en la categor\u00eda \u00abAn\u00e1lisis\u00bb.<\/p>\n<\/td><td class=\"has-text-align-center\" data-align=\"center\">\n<p>No<\/p>\n<\/td><td>\n<p>&nbsp;<\/p>\n<\/td><td>&nbsp;<\/td><\/tr><tr><td class=\"has-text-align-center\" data-align=\"center\">\n<p>Necesarias<\/p>\n<\/td><td class=\"has-text-align-center\" data-align=\"center\">\n<p>cookielawinfo-checkbox-performance<\/p>\n<\/td><td class=\"has-text-align-center\" data-align=\"center\">\n<p>11 months<\/p>\n<\/td><td class=\"has-text-align-center\" data-align=\"center\">\n<p>Propia<\/p>\n<\/td><td class=\"has-text-align-center\" data-align=\"center\">\n<p>Esta cookie est\u00e1 configurada por el complemento de consentimiento de cookies de GDPR. La cookie se utiliza para almacenar el consentimiento del usuario para las cookies en la categor\u00eda \u00abRendimiento\u00bb.<\/p>\n<\/td><td class=\"has-text-align-center\" data-align=\"center\">\n<p>No<\/p>\n<\/td><td>\n<p>&nbsp;<\/p>\n<\/td><td>&nbsp;<\/td><\/tr><tr><td class=\"has-text-align-center\" data-align=\"center\">\n<p>Necesarias<\/p>\n<\/td><td class=\"has-text-align-center\" data-align=\"center\">\n<p>cookielawinfo-checkbox-functional<\/p>\n<\/td><td class=\"has-text-align-center\" data-align=\"center\">\n<p>11 months<\/p>\n<\/td><td class=\"has-text-align-center\" data-align=\"center\">\n<p>Propia<\/p>\n<\/td><td class=\"has-text-align-center\" data-align=\"center\">\n<p>La cookie est\u00e1 configurada por el consentimiento de cookies de GDPR para registrar el consentimiento del usuario para las cookies en la categor\u00eda \u00abFuncional\u00bb.<\/p>\n<\/td><td class=\"has-text-align-center\" data-align=\"center\">\n<p>No<\/p>\n<\/td><td>\n<p>&nbsp;<\/p>\n<\/td><td>&nbsp;<\/td><\/tr><tr><td class=\"has-text-align-center\" data-align=\"center\">\n<p>Necesarias<\/p>\n<\/td><td class=\"has-text-align-center\" data-align=\"center\">\n<p>cookielawinfo-checkbox-necessary<\/p>\n<\/td><td class=\"has-text-align-center\" data-align=\"center\">\n<p>11 months<\/p>\n<\/td><td class=\"has-text-align-center\" data-align=\"center\">\n<p>Propia<\/p>\n<\/td><td class=\"has-text-align-center\" data-align=\"center\">\n<p>Esta cookie est\u00e1 configurada por el complemento de consentimiento de cookies de GDPR. Las cookies se utilizan para almacenar el consentimiento del usuario para las cookies en la categor\u00eda \u00abNecesario\u00bb.<\/p>\n<\/td><td class=\"has-text-align-center\" data-align=\"center\">\n<p>No<\/p>\n<\/td><td>\n<p>&nbsp;<\/p>\n<\/td><td>&nbsp;<\/td><\/tr><tr><td class=\"has-text-align-center\" data-align=\"center\">\n<p>Necesarias<\/p>\n<\/td><td class=\"has-text-align-center\" data-align=\"center\">\n<p>viewed_cookie_policy<\/p>\n<\/td><td class=\"has-text-align-center\" data-align=\"center\">\n<p>11 months<\/p>\n<\/td><td class=\"has-text-align-center\" data-align=\"center\">\n<p>Propia<\/p>\n<\/td><td class=\"has-text-align-center\" data-align=\"center\">\n<p>La cookie est\u00e1 configurada por el complemento de consentimiento de cookies de GDPR y se utiliza para almacenar si el usuario ha dado su consentimiento o no para el uso de cookies. No almacena ning\u00fan dato personal.<\/p>\n<\/td><td class=\"has-text-align-center\" data-align=\"center\">\n<p>No<\/p>\n<\/td><td>\n<p>&nbsp;<\/p>\n<\/td><td>&nbsp;<\/td><\/tr><tr><td class=\"has-text-align-center\" data-align=\"center\">\n<p>Necesarias<\/p>\n<\/td><td class=\"has-text-align-center\" data-align=\"center\"> <p>CookieLawInfoConsent<\/p> <\/td><td class=\"has-text-align-center\" data-align=\"center\">\n<p>1 year<\/p>\n<\/td><td class=\"has-text-align-center\" data-align=\"center\">\n<p>Propia<\/p>\n<\/td><td class=\"has-text-align-center\" data-align=\"center\">\n<p>Registra el estado del bot\u00f3n predeterminado de la categor\u00eda correspondiente y el estado de CCPA. Funciona solo en coordinaci\u00f3n con la cookie principal.<\/p>\n<\/td><td class=\"has-text-align-center\" data-align=\"center\">\n<p>No<\/p>\n<\/td><td>\n<p>&nbsp;<\/p>\n<\/td><td>&nbsp;<\/td><\/tr><tr><td class=\"has-text-align-center\" data-align=\"center\">\n<p>Necesarias<\/p>\n<\/td><td class=\"has-text-align-center\" data-align=\"center\"> <p>cookielawinfo-checkbox-advertisement<\/p> <\/td><td class=\"has-text-align-center\" data-align=\"center\">\n<p>1 year<\/p>\n<\/td><td class=\"has-text-align-center\" data-align=\"center\">\n<p>Propia<\/p>\n<\/td><td class=\"has-text-align-center\" data-align=\"center\">\n<p>Establecida por el complemento de consentimiento de cookies de GDPR, esta cookie se utiliza para registrar el consentimiento del usuario para las cookies en la categor\u00eda \u00abPublicidad\u00bb.<\/p>\n<\/td><td class=\"has-text-align-center\" data-align=\"center\">\n<p>No<\/p>\n<\/td><td>\n<p>&nbsp;<\/p>\n<\/td><td>&nbsp;<\/td><\/tr><tr><td class=\"has-text-align-center\" data-align=\"center\">\n<p>Anal\u00edticas<\/p>\n<\/td><td class=\"has-text-align-center\" data-align=\"center\"> <p>_gat_gtag_UA_242413372_1<\/p> <\/td><td class=\"has-text-align-center\" data-align=\"center\">\n<p>1 minute<\/p>\n<\/td><td class=\"has-text-align-center\" data-align=\"center\">\n<p>Terceros<\/p>\n<\/td><td class=\"has-text-align-center\" data-align=\"center\">\n<p>Establecido por Google para distinguir a los usuarios.<\/p>\n<\/td><td class=\"has-text-align-center\" data-align=\"center\">\n<p>Si<\/p>\n<\/td><td>\n<p>&nbsp;<\/p>\n<\/td><td>&nbsp;<\/td><\/tr><tr><td class=\"has-text-align-center\" data-align=\"center\">\n<p>Anal\u00edticas<\/p>\n<\/td><td class=\"has-text-align-center\" data-align=\"center\">\n<p>_gid<\/p>\n<\/td><td class=\"has-text-align-center\" data-align=\"center\">\n<p>1 day<\/p>\n<\/td><td class=\"has-text-align-center\" data-align=\"center\">\n<p>Terceros<\/p>\n<\/td><td class=\"has-text-align-center\" data-align=\"center\">\n<p>Instalada por Google Analytics, la cookie _gid almacena informaci\u00f3n sobre c\u00f3mo los visitantes usan un sitio web, al mismo tiempo que crea un informe anal\u00edtico del rendimiento del sitio web. Algunos de los datos que se recopilan incluyen el n\u00famero de visitantes, su fuente y las p\u00e1ginas que visitan de forma an\u00f3nima.<\/p>\n<\/td><td class=\"has-text-align-center\" data-align=\"center\">\n<p>Si<\/p>\n<\/td><td>\n<p>&nbsp;<\/p>\n<\/td><td>&nbsp;<\/td><\/tr><tr><td class=\"has-text-align-center\" data-align=\"center\">\n<p>Anal\u00edticas<\/p>\n<\/td><td class=\"has-text-align-center\" data-align=\"center\">\n<p>_ga<\/p>\n<\/td><td class=\"has-text-align-center\" data-align=\"center\">\n<p>2 years<\/p>\n<\/td><td class=\"has-text-align-center\" data-align=\"center\">\n<p>Terceros<\/p>\n<\/td><td class=\"has-text-align-center\" data-align=\"center\">\n<p>La cookie _ga, instalada por Google Analytics, calcula los datos de visitantes, sesiones y campa\u00f1as y tambi\u00e9n realiza un seguimiento del uso del sitio para el informe anal\u00edtico del sitio. La cookie almacena informaci\u00f3n de forma an\u00f3nima y asigna un n\u00famero generado aleatoriamente para reconocer a visitantes \u00fanicos.<\/p>\n<\/td><td class=\"has-text-align-center\" data-align=\"center\">\n<p>Si<\/p>\n<\/td><td>\n<p>&nbsp;<\/p>\n<\/td><td>&nbsp;<\/td><\/tr><\/tbody><\/table><\/figure>\n\n\n\n<p><strong>III.&nbsp;&nbsp;&nbsp;&nbsp;&nbsp;&nbsp;&nbsp;&nbsp;&nbsp;&nbsp;&nbsp;Informaci\u00f3n sobre terceros.<\/strong><\/p>\n\n\n\n<p>El usuario puede obtener informaci\u00f3n completa sobre los terceros, as\u00ed como en su caso de las transferencias a terceros pa\u00edses que puedan llevar a cabo los terceros, a trav\u00e9s de los enlaces a sus p\u00e1ginas web detalladas a continuaci\u00f3n. El usuario por medio de los enlaces, podr\u00e1 consultar las correspondientes pol\u00edticas de protecci\u00f3n de datos y cookies de dichos terceros.<\/p>\n\n\n\n<ul class=\"wp-block-list\"><li>WordPress:&nbsp;<a href=\"https:\/\/es.wordpress.com\/\">https:\/\/es.wordpress.com\/<\/a><\/li><\/ul>\n\n\n\n<ul class=\"wp-block-list\"><li>Google Analytics: :<a href=\"https:\/\/analytics.google.com\/analytics\/web\/provision\/#\/provision\">https:\/\/analytics.google.com\/analytics\/web\/provision\/#\/provision<\/a><\/li><\/ul>\n\n\n\n<ul class=\"wp-block-list\"><li>Google:&nbsp;<a href=\"http:\/\/www.google.com\/\">www.google.com<\/a><\/li><\/ul>\n\n\n\n<ul class=\"wp-block-list\"><li>Adobe:&nbsp;<a href=\"https:\/\/www.adobe.com\/es\/\">https:\/\/www.adobe.com\/es\/<\/a><\/li><\/ul>\n\n\n\n<ul class=\"wp-block-list\"><li>Facebook:&nbsp;<a href=\"http:\/\/www.facebook.com\/\">www.facebook.com<\/a><\/li><\/ul>\n\n\n\n<p>Asimismo, informamos a los usuarios que la informaci\u00f3n obtenida a trav\u00e9s de las cookies gestionadas por terceros es transferida a EEUU y que dicho pa\u00eds de destino es un tercer pa\u00eds que, actualmente, no ofrece un nivel de protecci\u00f3n adecuado en el sentido del Reglamento General de Protecci\u00f3n de Datos europeo (\u201cRGPD\u201d o \u201cReglamento (UE) 2016\/679\u201d).<\/p>\n\n\n\n<p>Igualmente, le informamos que el RIBERA SALUD no puede controlar ni se hace responsable del contenido y veracidad de los t\u00e9rminos y condiciones y las pol\u00edticas de privacidad de terceros, as\u00ed como de aquella informaci\u00f3n que el tercero no ofrezca en castellano. Asimismo, tampoco se hace responsable del correcto funcionamiento de los enlaces facilitados a las correspondientes p\u00e1ginas web<\/p>\n\n\n\n<p><strong>IV.&nbsp;&nbsp;&nbsp;&nbsp;&nbsp;&nbsp;&nbsp;&nbsp;&nbsp;&nbsp;&nbsp;&nbsp;&nbsp;Configuraci\u00f3n, desactivaci\u00f3n y eliminaci\u00f3n de cookies.<\/strong><\/p>\n\n\n\n<p>&nbsp;Para configurar o desactivar las cookies se puede acceder a nuestro panel de configuraci\u00f3n en el siguiente enlace:  <strong><a class=\"wt-cli-manage-consent-link\">Pol\u00edtica de Cookies<\/a><\/strong><\/p>\n\n\n\n<p>Asimismo, tenga en cuenta que, si acepta las cookies de terceros, deber\u00e1 eliminarlas desde las opciones del navegador o desde el sistema ofrecido por el propio tercero.<\/p>\n\n\n\n<p><strong>V.&nbsp;&nbsp;&nbsp;&nbsp;&nbsp;&nbsp;&nbsp;&nbsp;&nbsp;&nbsp;&nbsp;&nbsp;Actualizaci\u00f3n de Pol\u00edtica de cookies.<\/strong><\/p>\n\n\n\n<p>Esta Pol\u00edtica de Cookies puede variar en funci\u00f3n de nuevas exigencias legislativas, reglamentarias, o con la finalidad de adaptar dicha pol\u00edtica a las instrucciones dictadas por la Agencia Espa\u00f1ola de Protecci\u00f3n de Datos.<\/p>\n\n\n\n<p>Por \u00faltimo, si el usuario desea obtener informaci\u00f3n en materia de protecci\u00f3n de datos, le recomendamos que consulte nuestra&nbsp;<a href=\"https:\/\/riberasalud.com\/povisa\/politica-privacidad\/\">Pol\u00edtica de Protecci\u00f3n de Datos.<\/a><\/p>\n\n\n\n<p><\/p>\n<\/div><\/div>\n","protected":false},"excerpt":{"rendered":"<p>Pol\u00edtica de cookies RIBERA SALUD, S.A (en adelante, \u201cRIBERA SALUD\u201d) le informa que este sitio web utiliza cookies. A continuaci\u00f3n, el usuario encontrar\u00e1 informaci\u00f3n detallada sobre las cookies que son instaladas en la p\u00e1gina web. I.&nbsp;&nbsp;&nbsp;&nbsp;&nbsp;&nbsp;&nbsp;&nbsp;&nbsp;&nbsp;&nbsp;&nbsp;&nbsp;&nbsp;\u00bfQU\u00c9 SON LAS COOKIES? Se considera cookies a cualquier tipo de archivo o dispositivo que se descarga en el equipo &#8230; <a title=\"Pol\u00edtica de cookies\" class=\"read-more\" href=\"https:\/\/riberasalud.com\/mejor-companero\/politica-cookies\/\" aria-label=\"Leer m\u00e1s sobre Pol\u00edtica de cookies\">Leer m\u00e1s<\/a><\/p>\n","protected":false},"author":1,"featured_media":0,"parent":0,"menu_order":0,"comment_status":"closed","ping_status":"open","template":"","meta":{"_monsterinsights_skip_tracking":false,"_monsterinsights_sitenote_active":false,"_monsterinsights_sitenote_note":"","_monsterinsights_sitenote_category":0,"footnotes":""},"class_list":["post-3","page","type-page","status-publish"],"yoast_head":"<!-- This site is optimized with the Yoast SEO plugin v26.8 - https:\/\/yoast.com\/product\/yoast-seo-wordpress\/ -->\n<title>Pol\u00edtica de cookies - El mejor compa\u00f1ero del a\u00f1o 2025<\/title>\n<meta name=\"robots\" content=\"index, follow, max-snippet:-1, max-image-preview:large, max-video-preview:-1\" \/>\n<link rel=\"canonical\" href=\"https:\/\/riberasalud.com\/mejor-companero\/politica-cookies\/\" \/>\n<meta property=\"og:locale\" content=\"es_ES\" \/>\n<meta property=\"og:type\" content=\"article\" \/>\n<meta property=\"og:title\" content=\"Pol\u00edtica de cookies - El mejor compa\u00f1ero del a\u00f1o 2025\" \/>\n<meta property=\"og:description\" content=\"Pol\u00edtica de cookies RIBERA SALUD, S.A (en adelante, \u201cRIBERA SALUD\u201d) le informa que este sitio web utiliza cookies. A continuaci\u00f3n, el usuario encontrar\u00e1 informaci\u00f3n detallada sobre las cookies que son instaladas en la p\u00e1gina web. I.&nbsp;&nbsp;&nbsp;&nbsp;&nbsp;&nbsp;&nbsp;&nbsp;&nbsp;&nbsp;&nbsp;&nbsp;&nbsp;&nbsp;\u00bfQU\u00c9 SON LAS COOKIES? Se considera cookies a cualquier tipo de archivo o dispositivo que se descarga en el equipo ... Leer m\u00e1s\" \/>\n<meta property=\"og:url\" content=\"https:\/\/riberasalud.com\/mejor-companero\/politica-cookies\/\" \/>\n<meta property=\"og:site_name\" content=\"El mejor compa\u00f1ero del a\u00f1o 2025\" \/>\n<meta property=\"article:modified_time\" content=\"2022-09-22T15:25:37+00:00\" \/>\n<meta name=\"twitter:card\" content=\"summary_large_image\" \/>\n<meta name=\"twitter:label1\" content=\"Tiempo de lectura\" \/>\n\t<meta name=\"twitter:data1\" content=\"7 minutos\" \/>\n<script type=\"application\/ld+json\" class=\"yoast-schema-graph\">{\"@context\":\"https:\/\/schema.org\",\"@graph\":[{\"@type\":\"WebPage\",\"@id\":\"https:\/\/riberasalud.com\/mejor-companero\/politica-cookies\/\",\"url\":\"https:\/\/riberasalud.com\/mejor-companero\/politica-cookies\/\",\"name\":\"Pol\u00edtica de cookies - El mejor compa\u00f1ero del a\u00f1o 2025\",\"isPartOf\":{\"@id\":\"https:\/\/riberasalud.com\/mejor-companero\/#website\"},\"datePublished\":\"2022-09-08T07:50:08+00:00\",\"dateModified\":\"2022-09-22T15:25:37+00:00\",\"breadcrumb\":{\"@id\":\"https:\/\/riberasalud.com\/mejor-companero\/politica-cookies\/#breadcrumb\"},\"inLanguage\":\"es\",\"potentialAction\":[{\"@type\":\"ReadAction\",\"target\":[\"https:\/\/riberasalud.com\/mejor-companero\/politica-cookies\/\"]}]},{\"@type\":\"BreadcrumbList\",\"@id\":\"https:\/\/riberasalud.com\/mejor-companero\/politica-cookies\/#breadcrumb\",\"itemListElement\":[{\"@type\":\"ListItem\",\"position\":1,\"name\":\"Portada\",\"item\":\"https:\/\/riberasalud.com\/mejor-companero\/\"},{\"@type\":\"ListItem\",\"position\":2,\"name\":\"Pol\u00edtica de cookies\"}]},{\"@type\":\"WebSite\",\"@id\":\"https:\/\/riberasalud.com\/mejor-companero\/#website\",\"url\":\"https:\/\/riberasalud.com\/mejor-companero\/\",\"name\":\"El mejor compa\u00f1ero del a\u00f1o 2025\",\"description\":\"\",\"publisher\":{\"@id\":\"https:\/\/riberasalud.com\/mejor-companero\/#organization\"},\"potentialAction\":[{\"@type\":\"SearchAction\",\"target\":{\"@type\":\"EntryPoint\",\"urlTemplate\":\"https:\/\/riberasalud.com\/mejor-companero\/?s={search_term_string}\"},\"query-input\":{\"@type\":\"PropertyValueSpecification\",\"valueRequired\":true,\"valueName\":\"search_term_string\"}}],\"inLanguage\":\"es\"},{\"@type\":\"Organization\",\"@id\":\"https:\/\/riberasalud.com\/mejor-companero\/#organization\",\"name\":\"El mejor compa\u00f1ero del a\u00f1o 2025\",\"url\":\"https:\/\/riberasalud.com\/mejor-companero\/\",\"logo\":{\"@type\":\"ImageObject\",\"inLanguage\":\"es\",\"@id\":\"https:\/\/riberasalud.com\/mejor-companero\/#\/schema\/logo\/image\/\",\"url\":\"https:\/\/riberasalud.com\/mejor-companero\/wp-content\/uploads\/2022\/09\/cropped-Logotipo-Red-qgbhgk.png\",\"contentUrl\":\"https:\/\/riberasalud.com\/mejor-companero\/wp-content\/uploads\/2022\/09\/cropped-Logotipo-Red-qgbhgk.png\",\"width\":5001,\"height\":1976,\"caption\":\"El mejor compa\u00f1ero del a\u00f1o 2025\"},\"image\":{\"@id\":\"https:\/\/riberasalud.com\/mejor-companero\/#\/schema\/logo\/image\/\"}}]}<\/script>\n<!-- \/ Yoast SEO plugin. -->","yoast_head_json":{"title":"Pol\u00edtica de cookies - El mejor compa\u00f1ero del a\u00f1o 2025","robots":{"index":"index","follow":"follow","max-snippet":"max-snippet:-1","max-image-preview":"max-image-preview:large","max-video-preview":"max-video-preview:-1"},"canonical":"https:\/\/riberasalud.com\/mejor-companero\/politica-cookies\/","og_locale":"es_ES","og_type":"article","og_title":"Pol\u00edtica de cookies - El mejor compa\u00f1ero del a\u00f1o 2025","og_description":"Pol\u00edtica de cookies RIBERA SALUD, S.A (en adelante, \u201cRIBERA SALUD\u201d) le informa que este sitio web utiliza cookies. A continuaci\u00f3n, el usuario encontrar\u00e1 informaci\u00f3n detallada sobre las cookies que son instaladas en la p\u00e1gina web. I.&nbsp;&nbsp;&nbsp;&nbsp;&nbsp;&nbsp;&nbsp;&nbsp;&nbsp;&nbsp;&nbsp;&nbsp;&nbsp;&nbsp;\u00bfQU\u00c9 SON LAS COOKIES? Se considera cookies a cualquier tipo de archivo o dispositivo que se descarga en el equipo ... Leer m\u00e1s","og_url":"https:\/\/riberasalud.com\/mejor-companero\/politica-cookies\/","og_site_name":"El mejor compa\u00f1ero del a\u00f1o 2025","article_modified_time":"2022-09-22T15:25:37+00:00","twitter_card":"summary_large_image","twitter_misc":{"Tiempo de lectura":"7 minutos"},"schema":{"@context":"https:\/\/schema.org","@graph":[{"@type":"WebPage","@id":"https:\/\/riberasalud.com\/mejor-companero\/politica-cookies\/","url":"https:\/\/riberasalud.com\/mejor-companero\/politica-cookies\/","name":"Pol\u00edtica de cookies - El mejor compa\u00f1ero del a\u00f1o 2025","isPartOf":{"@id":"https:\/\/riberasalud.com\/mejor-companero\/#website"},"datePublished":"2022-09-08T07:50:08+00:00","dateModified":"2022-09-22T15:25:37+00:00","breadcrumb":{"@id":"https:\/\/riberasalud.com\/mejor-companero\/politica-cookies\/#breadcrumb"},"inLanguage":"es","potentialAction":[{"@type":"ReadAction","target":["https:\/\/riberasalud.com\/mejor-companero\/politica-cookies\/"]}]},{"@type":"BreadcrumbList","@id":"https:\/\/riberasalud.com\/mejor-companero\/politica-cookies\/#breadcrumb","itemListElement":[{"@type":"ListItem","position":1,"name":"Portada","item":"https:\/\/riberasalud.com\/mejor-companero\/"},{"@type":"ListItem","position":2,"name":"Pol\u00edtica de cookies"}]},{"@type":"WebSite","@id":"https:\/\/riberasalud.com\/mejor-companero\/#website","url":"https:\/\/riberasalud.com\/mejor-companero\/","name":"El mejor compa\u00f1ero del a\u00f1o 2025","description":"","publisher":{"@id":"https:\/\/riberasalud.com\/mejor-companero\/#organization"},"potentialAction":[{"@type":"SearchAction","target":{"@type":"EntryPoint","urlTemplate":"https:\/\/riberasalud.com\/mejor-companero\/?s={search_term_string}"},"query-input":{"@type":"PropertyValueSpecification","valueRequired":true,"valueName":"search_term_string"}}],"inLanguage":"es"},{"@type":"Organization","@id":"https:\/\/riberasalud.com\/mejor-companero\/#organization","name":"El mejor compa\u00f1ero del a\u00f1o 2025","url":"https:\/\/riberasalud.com\/mejor-companero\/","logo":{"@type":"ImageObject","inLanguage":"es","@id":"https:\/\/riberasalud.com\/mejor-companero\/#\/schema\/logo\/image\/","url":"https:\/\/riberasalud.com\/mejor-companero\/wp-content\/uploads\/2022\/09\/cropped-Logotipo-Red-qgbhgk.png","contentUrl":"https:\/\/riberasalud.com\/mejor-companero\/wp-content\/uploads\/2022\/09\/cropped-Logotipo-Red-qgbhgk.png","width":5001,"height":1976,"caption":"El mejor compa\u00f1ero del a\u00f1o 2025"},"image":{"@id":"https:\/\/riberasalud.com\/mejor-companero\/#\/schema\/logo\/image\/"}}]}},"_links":{"self":[{"href":"https:\/\/riberasalud.com\/mejor-companero\/wp-json\/wp\/v2\/pages\/3","targetHints":{"allow":["GET"]}}],"collection":[{"href":"https:\/\/riberasalud.com\/mejor-companero\/wp-json\/wp\/v2\/pages"}],"about":[{"href":"https:\/\/riberasalud.com\/mejor-companero\/wp-json\/wp\/v2\/types\/page"}],"author":[{"embeddable":true,"href":"https:\/\/riberasalud.com\/mejor-companero\/wp-json\/wp\/v2\/users\/1"}],"replies":[{"embeddable":true,"href":"https:\/\/riberasalud.com\/mejor-companero\/wp-json\/wp\/v2\/comments?post=3"}],"version-history":[{"count":3,"href":"https:\/\/riberasalud.com\/mejor-companero\/wp-json\/wp\/v2\/pages\/3\/revisions"}],"predecessor-version":[{"id":92,"href":"https:\/\/riberasalud.com\/mejor-companero\/wp-json\/wp\/v2\/pages\/3\/revisions\/92"}],"wp:attachment":[{"href":"https:\/\/riberasalud.com\/mejor-companero\/wp-json\/wp\/v2\/media?parent=3"}],"curies":[{"name":"wp","href":"https:\/\/api.w.org\/{rel}","templated":true}]}}