{"id":721,"date":"2024-07-23T08:48:22","date_gmt":"2024-07-23T06:48:22","guid":{"rendered":"https:\/\/www.riberasalud.com\/juan-cardonaaux\/?page_id=721"},"modified":"2024-08-22T11:11:36","modified_gmt":"2024-08-22T09:11:36","slug":"derechos","status":"publish","type":"page","link":"https:\/\/riberasalud.com\/juan-cardona\/derechos\/","title":{"rendered":"Derechos"},"content":{"rendered":"\n<div class=\"wp-block-group hasbackgroundnaranja sliderlinea\"><div class=\"wp-block-group__inner-container is-layout-flow wp-block-group-is-layout-flow\">\n<p>HOSPITAL RIBERA JUAN CARDONA<\/p>\n\n\n\n<h1 class=\"wp-block-heading\">Derechos<\/h1>\n<\/div><\/div>\n\n\n\n<div class=\"wp-block-group\"><div class=\"wp-block-group__inner-container is-layout-flow wp-block-group-is-layout-flow\">\n<p>Acceso, rectificaci\u00f3n, supresi\u00f3n, portabilidad, limitaci\u00f3n o, en su caso, oposici\u00f3n al tratamiento de datos. Estos derechos podr\u00e1n ser ejercitados dirigiendo comunicaci\u00f3n por escrito, debidamente firmada, acompa\u00f1ada de fotocopia del DNI a la siguiente direcci\u00f3n: Valencia (Valencia), en la Avda. de las Cortes Valencianas, n\u00ba 58 (CP 46.015), o a trav\u00e9s del siguiente email: <a href=\"mailto:dpo@riberasalud.es\">dpo@riberasalud.es<\/a><\/p>\n\n\n\n<p>Asimismo, podr\u00e1 interponer una reclamaci\u00f3n ante nuestro Delegado de Protecci\u00f3n de Datos (dpo@riberasalud.es) o ante la Agencia Espa\u00f1ola de Protecci\u00f3n de Datos (<a href=\"http:\/\/www.aepd.es\/\">www.aepd.es<\/a>).<\/p>\n<\/div><\/div>\n","protected":false},"excerpt":{"rendered":"<p>HOSPITAL RIBERA JUAN CARDONA Derechos Acceso, rectificaci\u00f3n, supresi\u00f3n, portabilidad, limitaci\u00f3n o, en su caso, oposici\u00f3n al tratamiento de datos. Estos derechos podr\u00e1n ser ejercitados dirigiendo comunicaci\u00f3n por escrito, debidamente firmada, acompa\u00f1ada de fotocopia del DNI a la siguiente direcci\u00f3n: Valencia (Valencia), en la Avda. de las Cortes Valencianas, n\u00ba 58 (CP 46.015), o a trav\u00e9s &#8230; <a title=\"Derechos\" class=\"read-more\" href=\"https:\/\/riberasalud.com\/juan-cardona\/derechos\/\" aria-label=\"Leer m\u00e1s sobre Derechos\">Leer m\u00e1s<\/a><\/p>\n","protected":false},"author":1,"featured_media":0,"parent":0,"menu_order":0,"comment_status":"closed","ping_status":"closed","template":"","meta":{"footnotes":""},"class_list":["post-721","page","type-page","status-publish"],"yoast_head":"<!-- This site is optimized with the Yoast SEO plugin v26.6 - https:\/\/yoast.com\/wordpress\/plugins\/seo\/ -->\n<title>Derechos - Hospital Ribera Juan Cardona<\/title>\n<meta name=\"description\" content=\"Conoce las garant\u00edas y protecciones que ofrecemos para asegurar una atenci\u00f3n m\u00e9dica justa y respetuosa del paciente.\" \/>\n<meta name=\"robots\" content=\"index, follow, max-snippet:-1, max-image-preview:large, max-video-preview:-1\" \/>\n<link rel=\"canonical\" href=\"https:\/\/riberasalud.com\/juan-cardona\/derechos\/\" \/>\n<meta property=\"og:locale\" content=\"es_ES\" \/>\n<meta property=\"og:type\" content=\"article\" \/>\n<meta property=\"og:title\" content=\"Derechos - Hospital Ribera Juan Cardona\" \/>\n<meta property=\"og:description\" content=\"Conoce las garant\u00edas y protecciones que ofrecemos para asegurar una atenci\u00f3n m\u00e9dica justa y respetuosa del paciente.\" \/>\n<meta property=\"og:url\" content=\"https:\/\/riberasalud.com\/juan-cardona\/derechos\/\" \/>\n<meta property=\"og:site_name\" content=\"Hospital Ribera Juan Cardona\" \/>\n<meta property=\"article:modified_time\" content=\"2024-08-22T09:11:36+00:00\" \/>\n<meta name=\"twitter:card\" content=\"summary_large_image\" \/>\n<meta name=\"twitter:label1\" content=\"Tiempo de lectura\" \/>\n\t<meta name=\"twitter:data1\" content=\"1 minuto\" \/>\n<script type=\"application\/ld+json\" class=\"yoast-schema-graph\">{\"@context\":\"https:\/\/schema.org\",\"@graph\":[{\"@type\":\"WebPage\",\"@id\":\"https:\/\/riberasalud.com\/juan-cardona\/derechos\/\",\"url\":\"https:\/\/riberasalud.com\/juan-cardona\/derechos\/\",\"name\":\"Derechos - Hospital Ribera Juan Cardona\",\"isPartOf\":{\"@id\":\"https:\/\/riberasalud.com\/juan-cardona\/#website\"},\"datePublished\":\"2024-07-23T06:48:22+00:00\",\"dateModified\":\"2024-08-22T09:11:36+00:00\",\"description\":\"Conoce las garant\u00edas y protecciones que ofrecemos para asegurar una atenci\u00f3n m\u00e9dica justa y respetuosa del paciente.\",\"breadcrumb\":{\"@id\":\"https:\/\/riberasalud.com\/juan-cardona\/derechos\/#breadcrumb\"},\"inLanguage\":\"es\",\"potentialAction\":[{\"@type\":\"ReadAction\",\"target\":[\"https:\/\/riberasalud.com\/juan-cardona\/derechos\/\"]}]},{\"@type\":\"BreadcrumbList\",\"@id\":\"https:\/\/riberasalud.com\/juan-cardona\/derechos\/#breadcrumb\",\"itemListElement\":[{\"@type\":\"ListItem\",\"position\":1,\"name\":\"Portada\",\"item\":\"https:\/\/riberasalud.com\/juan-cardona\/\"},{\"@type\":\"ListItem\",\"position\":2,\"name\":\"Derechos\"}]},{\"@type\":\"WebSite\",\"@id\":\"https:\/\/riberasalud.com\/juan-cardona\/#website\",\"url\":\"https:\/\/riberasalud.com\/juan-cardona\/\",\"name\":\"Hospital Ribera Juan Cardona\",\"description\":\"\",\"publisher\":{\"@id\":\"https:\/\/riberasalud.com\/juan-cardona\/#organization\"},\"potentialAction\":[{\"@type\":\"SearchAction\",\"target\":{\"@type\":\"EntryPoint\",\"urlTemplate\":\"https:\/\/riberasalud.com\/juan-cardona\/?s={search_term_string}\"},\"query-input\":{\"@type\":\"PropertyValueSpecification\",\"valueRequired\":true,\"valueName\":\"search_term_string\"}}],\"inLanguage\":\"es\"},{\"@type\":\"Organization\",\"@id\":\"https:\/\/riberasalud.com\/juan-cardona\/#organization\",\"name\":\"Hospital Ribera Juan Cardona\",\"url\":\"https:\/\/riberasalud.com\/juan-cardona\/\",\"logo\":{\"@type\":\"ImageObject\",\"inLanguage\":\"es\",\"@id\":\"https:\/\/riberasalud.com\/juan-cardona\/#\/schema\/logo\/image\/\",\"url\":\"https:\/\/riberasalud.com\/juan-cardona\/wp-content\/uploads\/2025\/01\/Logo-Red-JuanCardona.png\",\"contentUrl\":\"https:\/\/riberasalud.com\/juan-cardona\/wp-content\/uploads\/2025\/01\/Logo-Red-JuanCardona.png\",\"width\":2267,\"height\":495,\"caption\":\"Hospital Ribera Juan Cardona\"},\"image\":{\"@id\":\"https:\/\/riberasalud.com\/juan-cardona\/#\/schema\/logo\/image\/\"}}]}<\/script>\n<!-- \/ Yoast SEO plugin. -->","yoast_head_json":{"title":"Derechos - Hospital Ribera Juan Cardona","description":"Conoce las garant\u00edas y protecciones que ofrecemos para asegurar una atenci\u00f3n m\u00e9dica justa y respetuosa del paciente.","robots":{"index":"index","follow":"follow","max-snippet":"max-snippet:-1","max-image-preview":"max-image-preview:large","max-video-preview":"max-video-preview:-1"},"canonical":"https:\/\/riberasalud.com\/juan-cardona\/derechos\/","og_locale":"es_ES","og_type":"article","og_title":"Derechos - Hospital Ribera Juan Cardona","og_description":"Conoce las garant\u00edas y protecciones que ofrecemos para asegurar una atenci\u00f3n m\u00e9dica justa y respetuosa del paciente.","og_url":"https:\/\/riberasalud.com\/juan-cardona\/derechos\/","og_site_name":"Hospital Ribera Juan Cardona","article_modified_time":"2024-08-22T09:11:36+00:00","twitter_card":"summary_large_image","twitter_misc":{"Tiempo de lectura":"1 minuto"},"schema":{"@context":"https:\/\/schema.org","@graph":[{"@type":"WebPage","@id":"https:\/\/riberasalud.com\/juan-cardona\/derechos\/","url":"https:\/\/riberasalud.com\/juan-cardona\/derechos\/","name":"Derechos - Hospital Ribera Juan Cardona","isPartOf":{"@id":"https:\/\/riberasalud.com\/juan-cardona\/#website"},"datePublished":"2024-07-23T06:48:22+00:00","dateModified":"2024-08-22T09:11:36+00:00","description":"Conoce las garant\u00edas y protecciones que ofrecemos para asegurar una atenci\u00f3n m\u00e9dica justa y respetuosa del paciente.","breadcrumb":{"@id":"https:\/\/riberasalud.com\/juan-cardona\/derechos\/#breadcrumb"},"inLanguage":"es","potentialAction":[{"@type":"ReadAction","target":["https:\/\/riberasalud.com\/juan-cardona\/derechos\/"]}]},{"@type":"BreadcrumbList","@id":"https:\/\/riberasalud.com\/juan-cardona\/derechos\/#breadcrumb","itemListElement":[{"@type":"ListItem","position":1,"name":"Portada","item":"https:\/\/riberasalud.com\/juan-cardona\/"},{"@type":"ListItem","position":2,"name":"Derechos"}]},{"@type":"WebSite","@id":"https:\/\/riberasalud.com\/juan-cardona\/#website","url":"https:\/\/riberasalud.com\/juan-cardona\/","name":"Hospital Ribera Juan Cardona","description":"","publisher":{"@id":"https:\/\/riberasalud.com\/juan-cardona\/#organization"},"potentialAction":[{"@type":"SearchAction","target":{"@type":"EntryPoint","urlTemplate":"https:\/\/riberasalud.com\/juan-cardona\/?s={search_term_string}"},"query-input":{"@type":"PropertyValueSpecification","valueRequired":true,"valueName":"search_term_string"}}],"inLanguage":"es"},{"@type":"Organization","@id":"https:\/\/riberasalud.com\/juan-cardona\/#organization","name":"Hospital Ribera Juan Cardona","url":"https:\/\/riberasalud.com\/juan-cardona\/","logo":{"@type":"ImageObject","inLanguage":"es","@id":"https:\/\/riberasalud.com\/juan-cardona\/#\/schema\/logo\/image\/","url":"https:\/\/riberasalud.com\/juan-cardona\/wp-content\/uploads\/2025\/01\/Logo-Red-JuanCardona.png","contentUrl":"https:\/\/riberasalud.com\/juan-cardona\/wp-content\/uploads\/2025\/01\/Logo-Red-JuanCardona.png","width":2267,"height":495,"caption":"Hospital Ribera Juan Cardona"},"image":{"@id":"https:\/\/riberasalud.com\/juan-cardona\/#\/schema\/logo\/image\/"}}]}},"_links":{"self":[{"href":"https:\/\/riberasalud.com\/juan-cardona\/wp-json\/wp\/v2\/pages\/721","targetHints":{"allow":["GET"]}}],"collection":[{"href":"https:\/\/riberasalud.com\/juan-cardona\/wp-json\/wp\/v2\/pages"}],"about":[{"href":"https:\/\/riberasalud.com\/juan-cardona\/wp-json\/wp\/v2\/types\/page"}],"author":[{"embeddable":true,"href":"https:\/\/riberasalud.com\/juan-cardona\/wp-json\/wp\/v2\/users\/1"}],"replies":[{"embeddable":true,"href":"https:\/\/riberasalud.com\/juan-cardona\/wp-json\/wp\/v2\/comments?post=721"}],"version-history":[{"count":1,"href":"https:\/\/riberasalud.com\/juan-cardona\/wp-json\/wp\/v2\/pages\/721\/revisions"}],"predecessor-version":[{"id":722,"href":"https:\/\/riberasalud.com\/juan-cardona\/wp-json\/wp\/v2\/pages\/721\/revisions\/722"}],"wp:attachment":[{"href":"https:\/\/riberasalud.com\/juan-cardona\/wp-json\/wp\/v2\/media?parent=721"}],"curies":[{"name":"wp","href":"https:\/\/api.w.org\/{rel}","templated":true}]}}