{"id":663,"date":"2024-07-22T08:04:51","date_gmt":"2024-07-22T06:04:51","guid":{"rendered":"https:\/\/www.riberasalud.com\/juan-cardonaaux\/?page_id=663"},"modified":"2025-02-12T15:45:29","modified_gmt":"2025-02-12T14:45:29","slug":"chequeos-medicos-integrales","status":"publish","type":"page","link":"https:\/\/riberasalud.com\/juan-cardona\/chequeos-medicos-integrales\/","title":{"rendered":"Chequeos m\u00e9dicos integrales"},"content":{"rendered":"\n<div class=\"wp-block-cover smallslider\"><span aria-hidden=\"true\" class=\"wp-block-cover__background has-contrast-background-color has-background-dim\"><\/span><img loading=\"lazy\" decoding=\"async\" width=\"1921\" height=\"599\" class=\"wp-block-cover__image-background wp-image-656\" alt=\"\" src=\"https:\/\/www.riberasalud.com\/juan-cardona\/wp-content\/uploads\/2024\/07\/Home_genericos.jpg\" style=\"object-position:71% 75%\" data-object-fit=\"cover\" data-object-position=\"71% 75%\" srcset=\"https:\/\/riberasalud.com\/juan-cardona\/wp-content\/uploads\/2024\/07\/Home_genericos.jpg 1921w, https:\/\/riberasalud.com\/juan-cardona\/wp-content\/uploads\/2024\/07\/Home_genericos-300x94.jpg 300w, https:\/\/riberasalud.com\/juan-cardona\/wp-content\/uploads\/2024\/07\/Home_genericos-1024x319.jpg 1024w, https:\/\/riberasalud.com\/juan-cardona\/wp-content\/uploads\/2024\/07\/Home_genericos-768x239.jpg 768w, https:\/\/riberasalud.com\/juan-cardona\/wp-content\/uploads\/2024\/07\/Home_genericos-1536x479.jpg 1536w\" sizes=\"auto, (max-width: 1921px) 100vw, 1921px\" \/><div class=\"wp-block-cover__inner-container is-layout-constrained wp-block-cover-is-layout-constrained\">\n<div class=\"wp-block-group\"><div class=\"wp-block-group__inner-container is-layout-constrained wp-block-group-is-layout-constrained\">\n<div class=\"wp-block-columns is-layout-flex wp-container-core-columns-is-layout-9d6595d7 wp-block-columns-is-layout-flex\">\n<div class=\"wp-block-column is-vertically-aligned-center is-layout-flow wp-block-column-is-layout-flow\">\n<p>HOSPITAL RIBERA JUAN CARDONA<\/p>\n\n\n\n<h1 class=\"wp-block-heading has-text-align-left has-large-font-size\">Chequeos m\u00e9dicos integrales<\/h1>\n<\/div>\n\n\n\n<div class=\"wp-block-column is-layout-flow wp-block-column-is-layout-flow\"><\/div>\n<\/div>\n<\/div><\/div>\n<\/div><\/div>\n\n\n\n<div class=\"wp-block-group hasbackgroundmio anclas menu-especialidad onlydesktop has-background\" style=\"background-color:#f6e9e3\"><div class=\"wp-block-group__inner-container is-layout-flow wp-block-group-is-layout-flow\">\n<div class=\"wp-block-columns is-layout-flex wp-container-core-columns-is-layout-9d6595d7 wp-block-columns-is-layout-flex\">\n<div class=\"wp-block-column is-layout-flow wp-block-column-is-layout-flow\">\n<p class=\"has-text-align-center\"><a href=\"#quees\">\u00bfQu\u00e9 es?<\/a><\/p>\n<\/div>\n\n\n\n<div class=\"wp-block-column is-layout-flow wp-block-column-is-layout-flow\">\n<p class=\"has-text-align-center\"><a href=\"#queincluye\">\u00bfQu\u00e9 incluye?<\/a><\/p>\n<\/div>\n<\/div>\n<\/div><\/div>\n\n\n\n<div class=\"wp-block-group\"><div class=\"wp-block-group__inner-container is-layout-flow wp-block-group-is-layout-flow\">\n<h2 class=\"wp-block-heading\" id=\"quees\">\u00bfQu\u00e9 es?<\/h2>\n\n\n\n<p>Nuestros chequeos m\u00e9dicos,&nbsp;<strong>personalizados y adaptados a tus antecedentes familiares e historia cl\u00ednica<\/strong>, siempre se realizan bajo la supervisi\u00f3n m\u00e9dica, en colaboraci\u00f3n con todas las especialidades de nuestros centros hospitalarios. Te ofrecemos un&nbsp;<strong>examen completo, personalizado, sin esperas y, ante todo, responsable.<\/strong><br><\/p>\n\n\n\n<div style=\"height:50px\" aria-hidden=\"true\" class=\"wp-block-spacer\"><\/div>\n\n\n\n<h2 class=\"wp-block-heading\" id=\"queincluye\">\u00bfQu\u00e9 incluye mi chequeo m\u00e9dico?<\/h2>\n\n\n\n<div class=\"wp-block-columns is-layout-flex wp-container-core-columns-is-layout-9d6595d7 wp-block-columns-is-layout-flex\">\n<div class=\"wp-block-column columnachequeo columnachequeoindividual is-layout-flow wp-block-column-is-layout-flow\"><div class=\"wp-block-image\">\n<figure class=\"aligncenter size-full is-resized\"><img decoding=\"async\" src=\"https:\/\/riberasalud.com\/povisa\/wp-content\/uploads\/2023\/12\/iconos-02-1-1.png\" alt=\"\" class=\"wp-image-10218\" style=\"width:275px;height:auto\"\/><\/figure>\n<\/div>\n\n\n<p class=\"titulo\">General<\/p>\n\n\n\n<p class=\"subtitulo\">Chequeo m\u00e9dico integral<\/p>\n\n\n\n<p class=\"precio\">415\u20ac<\/p>\n<\/div>\n\n\n\n<div class=\"wp-block-column is-layout-flow wp-block-column-is-layout-flow\">\n<p style=\"font-size:16px\"><strong><span style=\"color: #000000;\" class=\"ugb-highlight\">Pruebas a realizar<\/span><\/strong><\/p>\n\n\n\n<ul class=\"wp-block-list\">\n<li>Consulta de Medicina Interna<\/li>\n\n\n\n<li>An\u00e1lisis cl\u00ednico<\/li>\n\n\n\n<li>Electrocardiograma<\/li>\n\n\n\n<li>Ecograf\u00eda abdomino-p\u00e9lvica<\/li>\n\n\n\n<li>Espirometr\u00eda<\/li>\n<\/ul>\n<\/div>\n\n\n\n<div class=\"wp-block-column is-layout-flow wp-block-column-is-layout-flow\">\n<p style=\"font-size:16px\"><strong><span class=\"ugb-highlight\" style=\"color: #000000;\">Pruebas a extra<\/span><\/strong><\/p>\n\n\n\n<ul class=\"wp-block-list\">\n<li>Evaluaci\u00f3n auditiva<\/li>\n\n\n\n<li>Consulta oftalmol\u00f3gica<\/li>\n\n\n\n<li>Citolog\u00eda<\/li>\n\n\n\n<li>Ergometr\u00eda<\/li>\n\n\n\n<li>TAC de torax de baja radiaci\u00f3n<\/li>\n\n\n\n<li>Ecodoppler<\/li>\n<\/ul>\n\n\n\n<p class=\"textomini\">*En funci\u00f3n de tus necesidades, puedes a\u00f1adir pruebas adicionales para un diagn\u00f3stico completo<\/p>\n<\/div>\n<\/div>\n\n\n\n<div class=\"wp-block-columns is-layout-flex wp-container-core-columns-is-layout-9d6595d7 wp-block-columns-is-layout-flex\">\n<div class=\"wp-block-column columnachequeo columnachequeoindividual is-layout-flow wp-block-column-is-layout-flow\"><div class=\"wp-block-image\">\n<figure class=\"aligncenter size-full is-resized\"><img loading=\"lazy\" decoding=\"async\" width=\"150\" height=\"150\" src=\"https:\/\/www.riberasalud.com\/juan-cardona\/wp-content\/uploads\/2024\/07\/iconos-03-1-1-150x150-1.png\" alt=\"\" class=\"wp-image-679\" style=\"width:275px;height:auto\"\/><\/figure>\n<\/div>\n\n\n<p class=\"titulo\">Premium<\/p>\n\n\n\n<p class=\"subtitulo\">Chequeo m\u00e9dico integral<\/p>\n\n\n\n<p class=\"precio\">1.265\u20ac<\/p>\n<\/div>\n\n\n\n<div class=\"wp-block-column is-layout-flow wp-block-column-is-layout-flow\">\n<p style=\"font-size:16px\"><strong><span style=\"color: #000000;\" class=\"ugb-highlight\">Pruebas a realizar<\/span><\/strong><\/p>\n\n\n\n<ul class=\"wp-block-list\">\n<li>Consulta de Medicina Interna<\/li>\n\n\n\n<li>An\u00e1lisis cl\u00ednico<\/li>\n\n\n\n<li>Electrocardiograma<\/li>\n\n\n\n<li>Ecocardiograma<\/li>\n\n\n\n<li>Ergometr\u00eda<\/li>\n\n\n\n<li>Radiolog\u00eda de t\u00f3rax<\/li>\n\n\n\n<li>Ecograf\u00eda de abdomen<\/li>\n\n\n\n<li>Evaluaci\u00f3n oftalmol\u00f3gica<\/li>\n\n\n\n<li>Evaluaci\u00f3n urol\u00f3gica y\/o ginecol\u00f3gica<\/li>\n\n\n\n<li>Consulta otorrinolaringolog\u00eda<\/li>\n\n\n\n<li>Espirometr\u00eda<\/li>\n\n\n\n<li>Ecodoppler<\/li>\n\n\n\n<li>TAC de t\u00f3rax<\/li>\n<\/ul>\n<\/div>\n\n\n\n<div class=\"wp-block-column is-layout-flow wp-block-column-is-layout-flow\"><\/div>\n<\/div>\n<\/div><\/div>\n","protected":false},"excerpt":{"rendered":"<p>\u00bfQu\u00e9 es? \u00bfQu\u00e9 incluye? \u00bfQu\u00e9 es? Nuestros chequeos m\u00e9dicos,&nbsp;personalizados y adaptados a tus antecedentes familiares e historia cl\u00ednica, siempre se realizan bajo la supervisi\u00f3n m\u00e9dica, en colaboraci\u00f3n con todas las especialidades de nuestros centros hospitalarios. Te ofrecemos un&nbsp;examen completo, personalizado, sin esperas y, ante todo, responsable. \u00bfQu\u00e9 incluye mi chequeo m\u00e9dico? General Chequeo m\u00e9dico integral &#8230; <a title=\"Chequeos m\u00e9dicos integrales\" class=\"read-more\" href=\"https:\/\/riberasalud.com\/juan-cardona\/chequeos-medicos-integrales\/\" aria-label=\"Leer m\u00e1s sobre Chequeos m\u00e9dicos integrales\">Leer m\u00e1s<\/a><\/p>\n","protected":false},"author":1,"featured_media":0,"parent":0,"menu_order":0,"comment_status":"closed","ping_status":"closed","template":"","meta":{"footnotes":""},"class_list":["post-663","page","type-page","status-publish"],"yoast_head":"<!-- This site is optimized with the Yoast SEO plugin v26.6 - https:\/\/yoast.com\/wordpress\/plugins\/seo\/ -->\n<title>Chequeos m\u00e9dicos integrales - Hospital Ribera Juan Cardona<\/title>\n<meta name=\"description\" content=\"Explora nuestros chequeos m\u00e9dicos integrales dise\u00f1ados para una evaluaci\u00f3n completa de tu salud. Ofrecemos servicios personalizados.\" \/>\n<meta name=\"robots\" content=\"index, follow, max-snippet:-1, max-image-preview:large, max-video-preview:-1\" \/>\n<link rel=\"canonical\" href=\"https:\/\/riberasalud.com\/juan-cardona\/chequeos-medicos-integrales\/\" \/>\n<meta property=\"og:locale\" content=\"es_ES\" \/>\n<meta property=\"og:type\" content=\"article\" \/>\n<meta property=\"og:title\" content=\"Chequeos m\u00e9dicos integrales - Hospital Ribera Juan Cardona\" \/>\n<meta property=\"og:description\" content=\"Explora nuestros chequeos m\u00e9dicos integrales dise\u00f1ados para una evaluaci\u00f3n completa de tu salud. Ofrecemos servicios personalizados.\" \/>\n<meta property=\"og:url\" content=\"https:\/\/riberasalud.com\/juan-cardona\/chequeos-medicos-integrales\/\" \/>\n<meta property=\"og:site_name\" content=\"Hospital Ribera Juan Cardona\" \/>\n<meta property=\"article:modified_time\" content=\"2025-02-12T14:45:29+00:00\" \/>\n<meta property=\"og:image\" content=\"https:\/\/www.riberasalud.com\/juan-cardona\/wp-content\/uploads\/2024\/07\/Home_genericos.jpg\" \/>\n<meta name=\"twitter:card\" content=\"summary_large_image\" \/>\n<meta name=\"twitter:label1\" content=\"Tiempo de lectura\" \/>\n\t<meta name=\"twitter:data1\" content=\"2 minutos\" \/>\n<script type=\"application\/ld+json\" class=\"yoast-schema-graph\">{\"@context\":\"https:\/\/schema.org\",\"@graph\":[{\"@type\":\"WebPage\",\"@id\":\"https:\/\/riberasalud.com\/juan-cardona\/chequeos-medicos-integrales\/\",\"url\":\"https:\/\/riberasalud.com\/juan-cardona\/chequeos-medicos-integrales\/\",\"name\":\"Chequeos m\u00e9dicos integrales - Hospital Ribera Juan Cardona\",\"isPartOf\":{\"@id\":\"https:\/\/riberasalud.com\/juan-cardona\/#website\"},\"primaryImageOfPage\":{\"@id\":\"https:\/\/riberasalud.com\/juan-cardona\/chequeos-medicos-integrales\/#primaryimage\"},\"image\":{\"@id\":\"https:\/\/riberasalud.com\/juan-cardona\/chequeos-medicos-integrales\/#primaryimage\"},\"thumbnailUrl\":\"https:\/\/www.riberasalud.com\/juan-cardona\/wp-content\/uploads\/2024\/07\/Home_genericos.jpg\",\"datePublished\":\"2024-07-22T06:04:51+00:00\",\"dateModified\":\"2025-02-12T14:45:29+00:00\",\"description\":\"Explora nuestros chequeos m\u00e9dicos integrales dise\u00f1ados para una evaluaci\u00f3n completa de tu salud. Ofrecemos servicios personalizados.\",\"breadcrumb\":{\"@id\":\"https:\/\/riberasalud.com\/juan-cardona\/chequeos-medicos-integrales\/#breadcrumb\"},\"inLanguage\":\"es\",\"potentialAction\":[{\"@type\":\"ReadAction\",\"target\":[\"https:\/\/riberasalud.com\/juan-cardona\/chequeos-medicos-integrales\/\"]}]},{\"@type\":\"ImageObject\",\"inLanguage\":\"es\",\"@id\":\"https:\/\/riberasalud.com\/juan-cardona\/chequeos-medicos-integrales\/#primaryimage\",\"url\":\"https:\/\/www.riberasalud.com\/juan-cardona\/wp-content\/uploads\/2024\/07\/Home_genericos.jpg\",\"contentUrl\":\"https:\/\/www.riberasalud.com\/juan-cardona\/wp-content\/uploads\/2024\/07\/Home_genericos.jpg\"},{\"@type\":\"BreadcrumbList\",\"@id\":\"https:\/\/riberasalud.com\/juan-cardona\/chequeos-medicos-integrales\/#breadcrumb\",\"itemListElement\":[{\"@type\":\"ListItem\",\"position\":1,\"name\":\"Portada\",\"item\":\"https:\/\/riberasalud.com\/juan-cardona\/\"},{\"@type\":\"ListItem\",\"position\":2,\"name\":\"Chequeos m\u00e9dicos integrales\"}]},{\"@type\":\"WebSite\",\"@id\":\"https:\/\/riberasalud.com\/juan-cardona\/#website\",\"url\":\"https:\/\/riberasalud.com\/juan-cardona\/\",\"name\":\"Hospital Ribera Juan Cardona\",\"description\":\"\",\"publisher\":{\"@id\":\"https:\/\/riberasalud.com\/juan-cardona\/#organization\"},\"potentialAction\":[{\"@type\":\"SearchAction\",\"target\":{\"@type\":\"EntryPoint\",\"urlTemplate\":\"https:\/\/riberasalud.com\/juan-cardona\/?s={search_term_string}\"},\"query-input\":{\"@type\":\"PropertyValueSpecification\",\"valueRequired\":true,\"valueName\":\"search_term_string\"}}],\"inLanguage\":\"es\"},{\"@type\":\"Organization\",\"@id\":\"https:\/\/riberasalud.com\/juan-cardona\/#organization\",\"name\":\"Hospital Ribera Juan Cardona\",\"url\":\"https:\/\/riberasalud.com\/juan-cardona\/\",\"logo\":{\"@type\":\"ImageObject\",\"inLanguage\":\"es\",\"@id\":\"https:\/\/riberasalud.com\/juan-cardona\/#\/schema\/logo\/image\/\",\"url\":\"https:\/\/riberasalud.com\/juan-cardona\/wp-content\/uploads\/2025\/01\/Logo-Red-JuanCardona.png\",\"contentUrl\":\"https:\/\/riberasalud.com\/juan-cardona\/wp-content\/uploads\/2025\/01\/Logo-Red-JuanCardona.png\",\"width\":2267,\"height\":495,\"caption\":\"Hospital Ribera Juan Cardona\"},\"image\":{\"@id\":\"https:\/\/riberasalud.com\/juan-cardona\/#\/schema\/logo\/image\/\"}}]}<\/script>\n<!-- \/ Yoast SEO plugin. -->","yoast_head_json":{"title":"Chequeos m\u00e9dicos integrales - Hospital Ribera Juan Cardona","description":"Explora nuestros chequeos m\u00e9dicos integrales dise\u00f1ados para una evaluaci\u00f3n completa de tu salud. Ofrecemos servicios personalizados.","robots":{"index":"index","follow":"follow","max-snippet":"max-snippet:-1","max-image-preview":"max-image-preview:large","max-video-preview":"max-video-preview:-1"},"canonical":"https:\/\/riberasalud.com\/juan-cardona\/chequeos-medicos-integrales\/","og_locale":"es_ES","og_type":"article","og_title":"Chequeos m\u00e9dicos integrales - Hospital Ribera Juan Cardona","og_description":"Explora nuestros chequeos m\u00e9dicos integrales dise\u00f1ados para una evaluaci\u00f3n completa de tu salud. Ofrecemos servicios personalizados.","og_url":"https:\/\/riberasalud.com\/juan-cardona\/chequeos-medicos-integrales\/","og_site_name":"Hospital Ribera Juan Cardona","article_modified_time":"2025-02-12T14:45:29+00:00","og_image":[{"url":"https:\/\/www.riberasalud.com\/juan-cardona\/wp-content\/uploads\/2024\/07\/Home_genericos.jpg","type":"","width":"","height":""}],"twitter_card":"summary_large_image","twitter_misc":{"Tiempo de lectura":"2 minutos"},"schema":{"@context":"https:\/\/schema.org","@graph":[{"@type":"WebPage","@id":"https:\/\/riberasalud.com\/juan-cardona\/chequeos-medicos-integrales\/","url":"https:\/\/riberasalud.com\/juan-cardona\/chequeos-medicos-integrales\/","name":"Chequeos m\u00e9dicos integrales - Hospital Ribera Juan Cardona","isPartOf":{"@id":"https:\/\/riberasalud.com\/juan-cardona\/#website"},"primaryImageOfPage":{"@id":"https:\/\/riberasalud.com\/juan-cardona\/chequeos-medicos-integrales\/#primaryimage"},"image":{"@id":"https:\/\/riberasalud.com\/juan-cardona\/chequeos-medicos-integrales\/#primaryimage"},"thumbnailUrl":"https:\/\/www.riberasalud.com\/juan-cardona\/wp-content\/uploads\/2024\/07\/Home_genericos.jpg","datePublished":"2024-07-22T06:04:51+00:00","dateModified":"2025-02-12T14:45:29+00:00","description":"Explora nuestros chequeos m\u00e9dicos integrales dise\u00f1ados para una evaluaci\u00f3n completa de tu salud. Ofrecemos servicios personalizados.","breadcrumb":{"@id":"https:\/\/riberasalud.com\/juan-cardona\/chequeos-medicos-integrales\/#breadcrumb"},"inLanguage":"es","potentialAction":[{"@type":"ReadAction","target":["https:\/\/riberasalud.com\/juan-cardona\/chequeos-medicos-integrales\/"]}]},{"@type":"ImageObject","inLanguage":"es","@id":"https:\/\/riberasalud.com\/juan-cardona\/chequeos-medicos-integrales\/#primaryimage","url":"https:\/\/www.riberasalud.com\/juan-cardona\/wp-content\/uploads\/2024\/07\/Home_genericos.jpg","contentUrl":"https:\/\/www.riberasalud.com\/juan-cardona\/wp-content\/uploads\/2024\/07\/Home_genericos.jpg"},{"@type":"BreadcrumbList","@id":"https:\/\/riberasalud.com\/juan-cardona\/chequeos-medicos-integrales\/#breadcrumb","itemListElement":[{"@type":"ListItem","position":1,"name":"Portada","item":"https:\/\/riberasalud.com\/juan-cardona\/"},{"@type":"ListItem","position":2,"name":"Chequeos m\u00e9dicos integrales"}]},{"@type":"WebSite","@id":"https:\/\/riberasalud.com\/juan-cardona\/#website","url":"https:\/\/riberasalud.com\/juan-cardona\/","name":"Hospital Ribera Juan Cardona","description":"","publisher":{"@id":"https:\/\/riberasalud.com\/juan-cardona\/#organization"},"potentialAction":[{"@type":"SearchAction","target":{"@type":"EntryPoint","urlTemplate":"https:\/\/riberasalud.com\/juan-cardona\/?s={search_term_string}"},"query-input":{"@type":"PropertyValueSpecification","valueRequired":true,"valueName":"search_term_string"}}],"inLanguage":"es"},{"@type":"Organization","@id":"https:\/\/riberasalud.com\/juan-cardona\/#organization","name":"Hospital Ribera Juan Cardona","url":"https:\/\/riberasalud.com\/juan-cardona\/","logo":{"@type":"ImageObject","inLanguage":"es","@id":"https:\/\/riberasalud.com\/juan-cardona\/#\/schema\/logo\/image\/","url":"https:\/\/riberasalud.com\/juan-cardona\/wp-content\/uploads\/2025\/01\/Logo-Red-JuanCardona.png","contentUrl":"https:\/\/riberasalud.com\/juan-cardona\/wp-content\/uploads\/2025\/01\/Logo-Red-JuanCardona.png","width":2267,"height":495,"caption":"Hospital Ribera Juan Cardona"},"image":{"@id":"https:\/\/riberasalud.com\/juan-cardona\/#\/schema\/logo\/image\/"}}]}},"_links":{"self":[{"href":"https:\/\/riberasalud.com\/juan-cardona\/wp-json\/wp\/v2\/pages\/663","targetHints":{"allow":["GET"]}}],"collection":[{"href":"https:\/\/riberasalud.com\/juan-cardona\/wp-json\/wp\/v2\/pages"}],"about":[{"href":"https:\/\/riberasalud.com\/juan-cardona\/wp-json\/wp\/v2\/types\/page"}],"author":[{"embeddable":true,"href":"https:\/\/riberasalud.com\/juan-cardona\/wp-json\/wp\/v2\/users\/1"}],"replies":[{"embeddable":true,"href":"https:\/\/riberasalud.com\/juan-cardona\/wp-json\/wp\/v2\/comments?post=663"}],"version-history":[{"count":14,"href":"https:\/\/riberasalud.com\/juan-cardona\/wp-json\/wp\/v2\/pages\/663\/revisions"}],"predecessor-version":[{"id":7321,"href":"https:\/\/riberasalud.com\/juan-cardona\/wp-json\/wp\/v2\/pages\/663\/revisions\/7321"}],"wp:attachment":[{"href":"https:\/\/riberasalud.com\/juan-cardona\/wp-json\/wp\/v2\/media?parent=663"}],"curies":[{"name":"wp","href":"https:\/\/api.w.org\/{rel}","templated":true}]}}