{"id":644,"date":"2024-07-22T07:58:58","date_gmt":"2024-07-22T05:58:58","guid":{"rendered":"https:\/\/www.riberasalud.com\/juan-cardonaaux\/?page_id=644"},"modified":"2024-08-22T10:16:43","modified_gmt":"2024-08-22T08:16:43","slug":"chequeo-integral-de-salud","status":"publish","type":"page","link":"https:\/\/riberasalud.com\/juan-cardona\/chequeo-integral-de-salud\/","title":{"rendered":"Chequeo integral de salud"},"content":{"rendered":"\n<div class=\"wp-block-cover smallslider\"><span aria-hidden=\"true\" class=\"wp-block-cover__background has-contrast-background-color has-background-dim\"><\/span><img loading=\"lazy\" decoding=\"async\" width=\"768\" height=\"239\" class=\"wp-block-cover__image-background wp-image-657\" alt=\"\" src=\"https:\/\/www.riberasalud.com\/juan-cardona\/wp-content\/uploads\/2024\/07\/chequeo_juancardona-768x239-1.jpg\" style=\"object-position:83% 48%\" data-object-fit=\"cover\" data-object-position=\"83% 48%\" srcset=\"https:\/\/riberasalud.com\/juan-cardona\/wp-content\/uploads\/2024\/07\/chequeo_juancardona-768x239-1.jpg 768w, https:\/\/riberasalud.com\/juan-cardona\/wp-content\/uploads\/2024\/07\/chequeo_juancardona-768x239-1-300x93.jpg 300w\" sizes=\"auto, (max-width: 768px) 100vw, 768px\" \/><div class=\"wp-block-cover__inner-container is-layout-constrained wp-block-cover-is-layout-constrained\">\n<div class=\"wp-block-group\"><div class=\"wp-block-group__inner-container is-layout-constrained wp-block-group-is-layout-constrained\">\n<div class=\"wp-block-columns is-layout-flex wp-container-core-columns-is-layout-9d6595d7 wp-block-columns-is-layout-flex\">\n<div class=\"wp-block-column is-vertically-aligned-center is-layout-flow wp-block-column-is-layout-flow\">\n<p>HOSPITAL RIBERA JUAN CARDONA<\/p>\n\n\n\n<h1 class=\"wp-block-heading has-text-align-left has-large-font-size\">Chequeo integral de salud<\/h1>\n<\/div>\n\n\n\n<div class=\"wp-block-column is-layout-flow wp-block-column-is-layout-flow\"><\/div>\n<\/div>\n<\/div><\/div>\n<\/div><\/div>\n\n\n\n<div class=\"wp-block-group hasbackgroundmio anclas menu-especialidad onlydesktop has-background\" style=\"background-color:#f6e9e3\"><div class=\"wp-block-group__inner-container is-layout-flow wp-block-group-is-layout-flow\">\n<div class=\"wp-block-columns is-layout-flex wp-container-core-columns-is-layout-9d6595d7 wp-block-columns-is-layout-flex\">\n<div class=\"wp-block-column is-layout-flow wp-block-column-is-layout-flow\">\n<p class=\"has-text-align-center\"><a href=\"#quees\">\u00bfQu\u00e9 es?<\/a><\/p>\n<\/div>\n\n\n\n<div class=\"wp-block-column is-layout-flow wp-block-column-is-layout-flow\">\n<p class=\"has-text-align-center\"><a href=\"#queincluye\">\u00bfQu\u00e9 incluye?<\/a><\/p>\n<\/div>\n<\/div>\n<\/div><\/div>\n\n\n\n<div class=\"wp-block-group\"><div class=\"wp-block-group__inner-container is-layout-flow wp-block-group-is-layout-flow\">\n<h2 class=\"wp-block-heading\" id=\"quees\">\u00bfQu\u00e9 es?<\/h2>\n\n\n\n<p>El reconocimiento m\u00e9dico ofertado es una revisi\u00f3n m\u00e9dica dirigida a personas que quieran examinar el estado de su salud y mantener un control del mismo a trav\u00e9s de la prevenci\u00f3n<br><\/p>\n\n\n\n<div style=\"height:50px\" aria-hidden=\"true\" class=\"wp-block-spacer\"><\/div>\n\n\n\n<h2 class=\"wp-block-heading\" id=\"queincluye\">\u00bfQu\u00e9 incluye mi chequeo m\u00e9dico?<\/h2>\n\n\n\n<p>El especialista asignado a la realizaci\u00f3n de los reconocimientos del colectivo realizar\u00e1 un breve cuestionario acerca de los antecedentes personales y familiares, as\u00ed como una exploraci\u00f3n f\u00edsica consistente en: medici\u00f3n de peso, talla, pulso, temperatura y tensi\u00f3n arterial, exploraci\u00f3n neurol\u00f3gica b\u00e1sica, otoscopia, auscultaci\u00f3n card\u00edaca y pulmonar, exploraci\u00f3n abdominal y exploraci\u00f3n de extremidades.<br><br><\/p>\n\n\n\n<div class=\"wp-block-columns is-layout-flex wp-container-core-columns-is-layout-9d6595d7 wp-block-columns-is-layout-flex\">\n<div class=\"wp-block-column columnachequeo columnachequeoindividual is-layout-flow wp-block-column-is-layout-flow\"><div class=\"wp-block-image\">\n<figure class=\"aligncenter size-full is-resized\"><img loading=\"lazy\" decoding=\"async\" width=\"150\" height=\"150\" src=\"https:\/\/www.riberasalud.com\/juan-cardona\/wp-content\/uploads\/2024\/07\/iconos-03-1-1-150x150-1.png\" alt=\"\" class=\"wp-image-679\" style=\"width:275px;height:auto\"\/><\/figure>\n<\/div>\n\n\n<p class=\"titulo\">B\u00e1sico<\/p>\n\n\n\n<p class=\"subtitulo\">(Revisi\u00f3n estado salud)<\/p>\n\n\n\n<p class=\"precio\">125\u20ac<\/p>\n<\/div>\n\n\n\n<div class=\"wp-block-column is-layout-flow wp-block-column-is-layout-flow\">\n<p style=\"font-size:16px\"><strong><span style=\"color: #000000;\" class=\"ugb-highlight\">Pruebas a realizar<\/span><\/strong><\/p>\n\n\n\n<ul class=\"wp-block-list\">\n<li>Consulta y exploraci\u00f3n<\/li>\n\n\n\n<li>An\u00e1lisis Cl\u00ednicos<\/li>\n\n\n\n<li>Hemograma<\/li>\n\n\n\n<li>Bioqu\u00edmica hep\u00e1tica<\/li>\n\n\n\n<li>Bioqu\u00edmica renal<\/li>\n\n\n\n<li>Perfil lip\u00eddico<\/li>\n\n\n\n<li>Glucosa<\/li>\n\n\n\n<li>PSA (hombres mayores de 50 a\u00f1os)<\/li>\n\n\n\n<li>Electrocardiograma<\/li>\n<\/ul>\n<\/div>\n\n\n\n<div class=\"wp-block-column is-layout-flow wp-block-column-is-layout-flow\"><\/div>\n<\/div>\n<\/div><\/div>\n","protected":false},"excerpt":{"rendered":"<p>\u00bfQu\u00e9 es? \u00bfQu\u00e9 incluye? \u00bfQu\u00e9 es? El reconocimiento m\u00e9dico ofertado es una revisi\u00f3n m\u00e9dica dirigida a personas que quieran examinar el estado de su salud y mantener un control del mismo a trav\u00e9s de la prevenci\u00f3n \u00bfQu\u00e9 incluye mi chequeo m\u00e9dico? El especialista asignado a la realizaci\u00f3n de los reconocimientos del colectivo realizar\u00e1 un breve &#8230; <a title=\"Chequeo integral de salud\" class=\"read-more\" href=\"https:\/\/riberasalud.com\/juan-cardona\/chequeo-integral-de-salud\/\" aria-label=\"Leer m\u00e1s sobre Chequeo integral de salud\">Leer m\u00e1s<\/a><\/p>\n","protected":false},"author":1,"featured_media":0,"parent":0,"menu_order":0,"comment_status":"closed","ping_status":"closed","template":"","meta":{"footnotes":""},"class_list":["post-644","page","type-page","status-publish"],"yoast_head":"<!-- This site is optimized with the Yoast SEO plugin v26.6 - https:\/\/yoast.com\/wordpress\/plugins\/seo\/ -->\n<title>Chequeo integral de salud - Hospital Ribera Juan Cardona<\/title>\n<meta name=\"description\" content=\"Realiza un chequeo integral de salud para evaluar tu bienestar general. Ofrecemos un an\u00e1lisis completo para detectar y prevenir complicaciones.\" \/>\n<meta name=\"robots\" content=\"index, follow, max-snippet:-1, max-image-preview:large, max-video-preview:-1\" \/>\n<link rel=\"canonical\" href=\"https:\/\/riberasalud.com\/juan-cardona\/chequeo-integral-de-salud\/\" \/>\n<meta property=\"og:locale\" content=\"es_ES\" \/>\n<meta property=\"og:type\" content=\"article\" \/>\n<meta property=\"og:title\" content=\"Chequeo integral de salud - Hospital Ribera Juan Cardona\" \/>\n<meta property=\"og:description\" content=\"Realiza un chequeo integral de salud para evaluar tu bienestar general. Ofrecemos un an\u00e1lisis completo para detectar y prevenir complicaciones.\" \/>\n<meta property=\"og:url\" content=\"https:\/\/riberasalud.com\/juan-cardona\/chequeo-integral-de-salud\/\" \/>\n<meta property=\"og:site_name\" content=\"Hospital Ribera Juan Cardona\" \/>\n<meta property=\"article:modified_time\" content=\"2024-08-22T08:16:43+00:00\" \/>\n<meta property=\"og:image\" content=\"https:\/\/www.riberasalud.com\/juan-cardona\/wp-content\/uploads\/2024\/07\/chequeo_juancardona-768x239-1.jpg\" \/>\n<meta name=\"twitter:card\" content=\"summary_large_image\" \/>\n<meta name=\"twitter:label1\" content=\"Tiempo de lectura\" \/>\n\t<meta name=\"twitter:data1\" content=\"1 minuto\" \/>\n<script type=\"application\/ld+json\" class=\"yoast-schema-graph\">{\"@context\":\"https:\/\/schema.org\",\"@graph\":[{\"@type\":\"WebPage\",\"@id\":\"https:\/\/riberasalud.com\/juan-cardona\/chequeo-integral-de-salud\/\",\"url\":\"https:\/\/riberasalud.com\/juan-cardona\/chequeo-integral-de-salud\/\",\"name\":\"Chequeo integral de salud - Hospital Ribera Juan Cardona\",\"isPartOf\":{\"@id\":\"https:\/\/riberasalud.com\/juan-cardona\/#website\"},\"primaryImageOfPage\":{\"@id\":\"https:\/\/riberasalud.com\/juan-cardona\/chequeo-integral-de-salud\/#primaryimage\"},\"image\":{\"@id\":\"https:\/\/riberasalud.com\/juan-cardona\/chequeo-integral-de-salud\/#primaryimage\"},\"thumbnailUrl\":\"https:\/\/www.riberasalud.com\/juan-cardona\/wp-content\/uploads\/2024\/07\/chequeo_juancardona-768x239-1.jpg\",\"datePublished\":\"2024-07-22T05:58:58+00:00\",\"dateModified\":\"2024-08-22T08:16:43+00:00\",\"description\":\"Realiza un chequeo integral de salud para evaluar tu bienestar general. Ofrecemos un an\u00e1lisis completo para detectar y prevenir complicaciones.\",\"breadcrumb\":{\"@id\":\"https:\/\/riberasalud.com\/juan-cardona\/chequeo-integral-de-salud\/#breadcrumb\"},\"inLanguage\":\"es\",\"potentialAction\":[{\"@type\":\"ReadAction\",\"target\":[\"https:\/\/riberasalud.com\/juan-cardona\/chequeo-integral-de-salud\/\"]}]},{\"@type\":\"ImageObject\",\"inLanguage\":\"es\",\"@id\":\"https:\/\/riberasalud.com\/juan-cardona\/chequeo-integral-de-salud\/#primaryimage\",\"url\":\"https:\/\/www.riberasalud.com\/juan-cardona\/wp-content\/uploads\/2024\/07\/chequeo_juancardona-768x239-1.jpg\",\"contentUrl\":\"https:\/\/www.riberasalud.com\/juan-cardona\/wp-content\/uploads\/2024\/07\/chequeo_juancardona-768x239-1.jpg\"},{\"@type\":\"BreadcrumbList\",\"@id\":\"https:\/\/riberasalud.com\/juan-cardona\/chequeo-integral-de-salud\/#breadcrumb\",\"itemListElement\":[{\"@type\":\"ListItem\",\"position\":1,\"name\":\"Portada\",\"item\":\"https:\/\/riberasalud.com\/juan-cardona\/\"},{\"@type\":\"ListItem\",\"position\":2,\"name\":\"Chequeo integral de salud\"}]},{\"@type\":\"WebSite\",\"@id\":\"https:\/\/riberasalud.com\/juan-cardona\/#website\",\"url\":\"https:\/\/riberasalud.com\/juan-cardona\/\",\"name\":\"Hospital Ribera Juan Cardona\",\"description\":\"\",\"publisher\":{\"@id\":\"https:\/\/riberasalud.com\/juan-cardona\/#organization\"},\"potentialAction\":[{\"@type\":\"SearchAction\",\"target\":{\"@type\":\"EntryPoint\",\"urlTemplate\":\"https:\/\/riberasalud.com\/juan-cardona\/?s={search_term_string}\"},\"query-input\":{\"@type\":\"PropertyValueSpecification\",\"valueRequired\":true,\"valueName\":\"search_term_string\"}}],\"inLanguage\":\"es\"},{\"@type\":\"Organization\",\"@id\":\"https:\/\/riberasalud.com\/juan-cardona\/#organization\",\"name\":\"Hospital Ribera Juan Cardona\",\"url\":\"https:\/\/riberasalud.com\/juan-cardona\/\",\"logo\":{\"@type\":\"ImageObject\",\"inLanguage\":\"es\",\"@id\":\"https:\/\/riberasalud.com\/juan-cardona\/#\/schema\/logo\/image\/\",\"url\":\"https:\/\/riberasalud.com\/juan-cardona\/wp-content\/uploads\/2025\/01\/Logo-Red-JuanCardona.png\",\"contentUrl\":\"https:\/\/riberasalud.com\/juan-cardona\/wp-content\/uploads\/2025\/01\/Logo-Red-JuanCardona.png\",\"width\":2267,\"height\":495,\"caption\":\"Hospital Ribera Juan Cardona\"},\"image\":{\"@id\":\"https:\/\/riberasalud.com\/juan-cardona\/#\/schema\/logo\/image\/\"}}]}<\/script>\n<!-- \/ Yoast SEO plugin. -->","yoast_head_json":{"title":"Chequeo integral de salud - Hospital Ribera Juan Cardona","description":"Realiza un chequeo integral de salud para evaluar tu bienestar general. Ofrecemos un an\u00e1lisis completo para detectar y prevenir complicaciones.","robots":{"index":"index","follow":"follow","max-snippet":"max-snippet:-1","max-image-preview":"max-image-preview:large","max-video-preview":"max-video-preview:-1"},"canonical":"https:\/\/riberasalud.com\/juan-cardona\/chequeo-integral-de-salud\/","og_locale":"es_ES","og_type":"article","og_title":"Chequeo integral de salud - Hospital Ribera Juan Cardona","og_description":"Realiza un chequeo integral de salud para evaluar tu bienestar general. Ofrecemos un an\u00e1lisis completo para detectar y prevenir complicaciones.","og_url":"https:\/\/riberasalud.com\/juan-cardona\/chequeo-integral-de-salud\/","og_site_name":"Hospital Ribera Juan Cardona","article_modified_time":"2024-08-22T08:16:43+00:00","og_image":[{"url":"https:\/\/www.riberasalud.com\/juan-cardona\/wp-content\/uploads\/2024\/07\/chequeo_juancardona-768x239-1.jpg","type":"","width":"","height":""}],"twitter_card":"summary_large_image","twitter_misc":{"Tiempo de lectura":"1 minuto"},"schema":{"@context":"https:\/\/schema.org","@graph":[{"@type":"WebPage","@id":"https:\/\/riberasalud.com\/juan-cardona\/chequeo-integral-de-salud\/","url":"https:\/\/riberasalud.com\/juan-cardona\/chequeo-integral-de-salud\/","name":"Chequeo integral de salud - Hospital Ribera Juan Cardona","isPartOf":{"@id":"https:\/\/riberasalud.com\/juan-cardona\/#website"},"primaryImageOfPage":{"@id":"https:\/\/riberasalud.com\/juan-cardona\/chequeo-integral-de-salud\/#primaryimage"},"image":{"@id":"https:\/\/riberasalud.com\/juan-cardona\/chequeo-integral-de-salud\/#primaryimage"},"thumbnailUrl":"https:\/\/www.riberasalud.com\/juan-cardona\/wp-content\/uploads\/2024\/07\/chequeo_juancardona-768x239-1.jpg","datePublished":"2024-07-22T05:58:58+00:00","dateModified":"2024-08-22T08:16:43+00:00","description":"Realiza un chequeo integral de salud para evaluar tu bienestar general. Ofrecemos un an\u00e1lisis completo para detectar y prevenir complicaciones.","breadcrumb":{"@id":"https:\/\/riberasalud.com\/juan-cardona\/chequeo-integral-de-salud\/#breadcrumb"},"inLanguage":"es","potentialAction":[{"@type":"ReadAction","target":["https:\/\/riberasalud.com\/juan-cardona\/chequeo-integral-de-salud\/"]}]},{"@type":"ImageObject","inLanguage":"es","@id":"https:\/\/riberasalud.com\/juan-cardona\/chequeo-integral-de-salud\/#primaryimage","url":"https:\/\/www.riberasalud.com\/juan-cardona\/wp-content\/uploads\/2024\/07\/chequeo_juancardona-768x239-1.jpg","contentUrl":"https:\/\/www.riberasalud.com\/juan-cardona\/wp-content\/uploads\/2024\/07\/chequeo_juancardona-768x239-1.jpg"},{"@type":"BreadcrumbList","@id":"https:\/\/riberasalud.com\/juan-cardona\/chequeo-integral-de-salud\/#breadcrumb","itemListElement":[{"@type":"ListItem","position":1,"name":"Portada","item":"https:\/\/riberasalud.com\/juan-cardona\/"},{"@type":"ListItem","position":2,"name":"Chequeo integral de salud"}]},{"@type":"WebSite","@id":"https:\/\/riberasalud.com\/juan-cardona\/#website","url":"https:\/\/riberasalud.com\/juan-cardona\/","name":"Hospital Ribera Juan Cardona","description":"","publisher":{"@id":"https:\/\/riberasalud.com\/juan-cardona\/#organization"},"potentialAction":[{"@type":"SearchAction","target":{"@type":"EntryPoint","urlTemplate":"https:\/\/riberasalud.com\/juan-cardona\/?s={search_term_string}"},"query-input":{"@type":"PropertyValueSpecification","valueRequired":true,"valueName":"search_term_string"}}],"inLanguage":"es"},{"@type":"Organization","@id":"https:\/\/riberasalud.com\/juan-cardona\/#organization","name":"Hospital Ribera Juan Cardona","url":"https:\/\/riberasalud.com\/juan-cardona\/","logo":{"@type":"ImageObject","inLanguage":"es","@id":"https:\/\/riberasalud.com\/juan-cardona\/#\/schema\/logo\/image\/","url":"https:\/\/riberasalud.com\/juan-cardona\/wp-content\/uploads\/2025\/01\/Logo-Red-JuanCardona.png","contentUrl":"https:\/\/riberasalud.com\/juan-cardona\/wp-content\/uploads\/2025\/01\/Logo-Red-JuanCardona.png","width":2267,"height":495,"caption":"Hospital Ribera Juan Cardona"},"image":{"@id":"https:\/\/riberasalud.com\/juan-cardona\/#\/schema\/logo\/image\/"}}]}},"_links":{"self":[{"href":"https:\/\/riberasalud.com\/juan-cardona\/wp-json\/wp\/v2\/pages\/644","targetHints":{"allow":["GET"]}}],"collection":[{"href":"https:\/\/riberasalud.com\/juan-cardona\/wp-json\/wp\/v2\/pages"}],"about":[{"href":"https:\/\/riberasalud.com\/juan-cardona\/wp-json\/wp\/v2\/types\/page"}],"author":[{"embeddable":true,"href":"https:\/\/riberasalud.com\/juan-cardona\/wp-json\/wp\/v2\/users\/1"}],"replies":[{"embeddable":true,"href":"https:\/\/riberasalud.com\/juan-cardona\/wp-json\/wp\/v2\/comments?post=644"}],"version-history":[{"count":13,"href":"https:\/\/riberasalud.com\/juan-cardona\/wp-json\/wp\/v2\/pages\/644\/revisions"}],"predecessor-version":[{"id":6664,"href":"https:\/\/riberasalud.com\/juan-cardona\/wp-json\/wp\/v2\/pages\/644\/revisions\/6664"}],"wp:attachment":[{"href":"https:\/\/riberasalud.com\/juan-cardona\/wp-json\/wp\/v2\/media?parent=644"}],"curies":[{"name":"wp","href":"https:\/\/api.w.org\/{rel}","templated":true}]}}