{"id":564,"date":"2024-07-18T11:35:37","date_gmt":"2024-07-18T09:35:37","guid":{"rendered":"https:\/\/www.riberasalud.com\/juan-cardonaaux\/?page_id=564"},"modified":"2026-03-09T11:19:13","modified_gmt":"2026-03-09T10:19:13","slug":"equipo-medico","status":"publish","type":"page","link":"https:\/\/riberasalud.com\/juan-cardona\/equipo-medico\/","title":{"rendered":"Equipo m\u00e9dico"},"content":{"rendered":"\n<div class=\"wp-block-cover smallslider\"><img loading=\"lazy\" decoding=\"async\" width=\"2000\" height=\"854\" class=\"wp-block-cover__image-background wp-image-481\" alt=\"\" src=\"https:\/\/www.riberasalud.com\/juan-cardona\/wp-content\/uploads\/2024\/07\/juan_cardona-team2.jpg\" data-object-fit=\"cover\" srcset=\"https:\/\/riberasalud.com\/juan-cardona\/wp-content\/uploads\/2024\/07\/juan_cardona-team2.jpg 2000w, https:\/\/riberasalud.com\/juan-cardona\/wp-content\/uploads\/2024\/07\/juan_cardona-team2-300x128.jpg 300w, https:\/\/riberasalud.com\/juan-cardona\/wp-content\/uploads\/2024\/07\/juan_cardona-team2-1024x437.jpg 1024w, https:\/\/riberasalud.com\/juan-cardona\/wp-content\/uploads\/2024\/07\/juan_cardona-team2-768x328.jpg 768w, https:\/\/riberasalud.com\/juan-cardona\/wp-content\/uploads\/2024\/07\/juan_cardona-team2-1536x656.jpg 1536w\" sizes=\"auto, (max-width: 2000px) 100vw, 2000px\" \/><span aria-hidden=\"true\" class=\"wp-block-cover__background has-contrast-background-color has-background-dim\"><\/span><div class=\"wp-block-cover__inner-container is-layout-constrained wp-block-cover-is-layout-constrained\">\n<div class=\"wp-block-group\"><div class=\"wp-block-group__inner-container is-layout-constrained wp-block-group-is-layout-constrained\">\n<div class=\"wp-block-columns is-layout-flex wp-container-core-columns-is-layout-9d6595d7 wp-block-columns-is-layout-flex\">\n<div class=\"wp-block-column is-vertically-aligned-center is-layout-flow wp-block-column-is-layout-flow\">\n<p>HOSPITAL RIBERA JUAN CARDONA<\/p>\n\n\n\n<h1 class=\"wp-block-heading has-text-align-left has-large-font-size\">Equipo m\u00e9dico<\/h1>\n<\/div>\n\n\n\n<div class=\"wp-block-column is-layout-flow wp-block-column-is-layout-flow\"><\/div>\n<\/div>\n<\/div><\/div>\n<\/div><\/div>\n\n\n\n<div class=\"wp-block-group bannerllamada\"><div class=\"wp-block-group__inner-container is-layout-flow wp-block-group-is-layout-flow\">\n<div class=\"wp-block-columns is-layout-flex wp-container-core-columns-is-layout-9d6595d7 wp-block-columns-is-layout-flex\">\n<div class=\"wp-block-column is-layout-flow wp-block-column-is-layout-flow\">\n<p class=\"has-large-font-size\">Pide cita con tu m\u00e9dico<\/p>\n\n\n\n<p>en m\u00e1s de 20 especialidades desde nuestra p\u00e1gina web<\/p>\n<\/div>\n\n\n\n<div class=\"wp-block-column is-vertically-aligned-center is-layout-flow wp-block-column-is-layout-flow\">\n<div class=\"pidecitabanner\"><a href=\"https:\/\/www.riberasalud.com\/juan-cardona\/pide-tu-cita\/\">Pide tu cita<\/a><\/div>\n<\/div>\n<\/div>\n<\/div><\/div>\n\n\n\n<div class=\"wp-block-group consultasexternas\"><div class=\"wp-block-group__inner-container is-layout-flow wp-block-group-is-layout-flow\">\n<h2 class=\"wp-block-heading\"><span style=\"color: #d11728;\" class=\"ugb-highlight\">Un cuadro m\u00e9dico con profesionales de primer nivel<\/span><\/h2>\n\n\n\n<p style=\"font-size:13px\">que pasan su consulta en la planta baja de una de las alas del edificio. Cuentan, adem\u00e1s, con los recursos de los servicios centrales del hospital lo que permite una atenci\u00f3n integral, r\u00e1pida y eficaz para conseguir los mejores resultados.<\/p>\n\n\n\n<p style=\"font-size:13px\"><strong>Puede solicitar cita pulsando&nbsp;<a href=\"https:\/\/www.riberasalud.com\/juan-cardona\/contacto\/\">aqu\u00ed<\/a>&nbsp;o llamando al tel\u00e9fono&nbsp;<a href=\"https:\/\/riberasalud.com\/juan-cardona\/consultas-externas\/981312500\">981 312 500<\/a>.<\/strong><br>D\u00edganos para qu\u00e9 m\u00e9dico desea la consulta y le reservaremos la fecha y hora que mejor se adapte a sus necesidades.<\/p>\n\n\n\n<div style=\"height:18px\" aria-hidden=\"true\" class=\"wp-block-spacer\"><\/div>\n\n\n\n<div class=\"wp-block-columns equipo-medico-hr is-layout-flex wp-container-core-columns-is-layout-9d6595d7 wp-block-columns-is-layout-flex\">\n<div class=\"wp-block-column is-layout-flow wp-block-column-is-layout-flow\">\n<h3 class=\"wp-block-heading\"><a href=\"\/juan-cardona\/anatomia-patologica\/\">Anatom\u00eda patol\u00f3gica \u2192<\/a><\/h3>\n\n\n\n<p><strong>Dr. Alberto de la Cruz Mera<\/strong><\/p>\n\n\n\n<hr class=\"wp-block-separator has-alpha-channel-opacity\"\/>\n\n\n\n<h3 class=\"wp-block-heading\"><a href=\"https:\/\/www.riberasalud.com\/juan-cardona\/anestesiologia-y-reanimacion\/\">Anestesiolog\u00eda y reanimaci\u00f3n \u2192<\/a><\/h3>\n\n\n\n<p><strong>Antonio Porteiro SLP<\/strong><\/p>\n\n\n\n<hr class=\"wp-block-separator has-alpha-channel-opacity\"\/>\n\n\n\n<h3 class=\"wp-block-heading\"><a href=\"https:\/\/www.riberasalud.com\/juan-cardona\/servicio-de-aparato-digestivo\/\">Aparato digestivo \u2192<\/a><\/h3>\n\n\n\n<p><strong>Dr. Pedro Carpintero Briones<\/strong><br><strong>Dra. Laura V\u00e1zquez P\u00e9rez-Coleman<\/strong><\/p>\n\n\n\n<hr class=\"wp-block-separator has-alpha-channel-opacity\"\/>\n\n\n\n<h3 class=\"wp-block-heading\"><a href=\"https:\/\/www.riberasalud.com\/juan-cardona\/cardiologia\/\">Cardiolog\u00eda \u2192<\/a><\/h3>\n\n\n\n<p><strong>Dra. Elena Sucasas Pi\u00f1\u00f3n<\/strong><br><strong>Dr. Manuel L\u00f3pez P\u00e9rez<\/strong><br><strong>Dr. Francisco Javier Rossello Llerena<\/strong><\/p>\n\n\n\n<hr class=\"wp-block-separator has-alpha-channel-opacity\"\/>\n\n\n\n<h3 class=\"wp-block-heading\"><a href=\"https:\/\/www.riberasalud.com\/juan-cardona\/cirugia-general-y-digestiva\/\">Cirug\u00eda general y digestiva \u2192<\/a><\/h3>\n\n\n\n<p><strong>Dra. Noem\u00ed L\u00f3pez Gonz\u00e1lez<br>Dr. Juan Pablo Alarc\u00f3n Caballero<br>Dr. Jos\u00e9 Antonio Abril Banet<br>Dr. Manuel Correa Cabana<br>Dr. Jos\u00e9 Vi\u00f1as Mart\u00ednez<\/strong><\/p>\n\n\n\n<hr class=\"wp-block-separator has-alpha-channel-opacity\"\/>\n\n\n\n<h3 class=\"wp-block-heading\"><a href=\"https:\/\/www.riberasalud.com\/juan-cardona\/cirugia-plastica\/\">Cirug\u00eda pl\u00e1stica \u2192<\/a><\/h3>\n\n\n\n<p><strong>Dr. Jos\u00e9 Mar\u00eda Lorenzo Luque<\/strong><\/p>\n\n\n\n<hr class=\"wp-block-separator has-alpha-channel-opacity\"\/>\n\n\n\n<h3 class=\"wp-block-heading\"><a href=\"https:\/\/www.riberasalud.com\/juan-cardona\/cirugia-vascular-y-angiologia\/\">Cirug\u00eda vascular y angiolog\u00eda \u2192<\/a><\/h3>\n\n\n\n<p><strong>Dr. Jos\u00e9 Iglesias Negreira<\/strong><br><strong>Dr. Juan Jos\u00e9 Vidal Insua<\/strong><\/p>\n\n\n\n<hr class=\"wp-block-separator has-alpha-channel-opacity\"\/>\n\n\n\n<h3 class=\"wp-block-heading\"><a href=\"https:\/\/www.riberasalud.com\/juan-cardona\/dermatologia\/\">Dermatolog\u00eda \u2192<\/a><\/h3>\n\n\n\n<p><strong>Dr. \u00d3scar Manuel Suarez Amor<\/strong><\/p>\n\n\n\n<hr class=\"wp-block-separator has-alpha-channel-opacity\"\/>\n\n\n\n<h3 class=\"wp-block-heading\"><a href=\"https:\/\/www.riberasalud.com\/juan-cardona\/diagnostico-por-imagen\/\">Diagn\u00f3stico por imagen \u2192<\/a><\/h3>\n\n\n\n<hr class=\"wp-block-separator has-alpha-channel-opacity\"\/>\n\n\n\n<h3 class=\"wp-block-heading\"><a href=\"https:\/\/www.riberasalud.com\/juan-cardona\/fisioterapia\/\">Fisioterapia \u2192<\/a><\/h3>\n\n\n\n<hr class=\"wp-block-separator has-alpha-channel-opacity\"\/>\n\n\n\n<h3 class=\"wp-block-heading\"><a href=\"https:\/\/www.riberasalud.com\/juan-cardona\/ginecologia\/\">Ginecolog\u00eda \u2192<\/a><\/h3>\n\n\n\n<p><strong>Dra. Luz Marina M\u00e1rquez Torres<\/strong><br><strong>Dr. Fernando Cobian S\u00e1nchez<\/strong><\/p>\n\n\n\n<hr class=\"wp-block-separator has-alpha-channel-opacity\"\/>\n\n\n\n<h3 class=\"wp-block-heading\"><a href=\"https:\/\/www.riberasalud.com\/juan-cardona\/hematologia\/\">Hematolog\u00eda \u2192<\/a><\/h3>\n\n\n\n<p><strong>Dr. Dambert Santiago Gallo Cavero<\/strong><\/p>\n\n\n\n<hr class=\"wp-block-separator has-alpha-channel-opacity\"\/>\n\n\n\n<h3 class=\"wp-block-heading\"><a href=\"https:\/\/www.riberasalud.com\/juan-cardona\/hemodialisis-y-nefrologia\/\">Hemodi\u00e1lisis y nefrolog\u00eda \u2192<\/a><\/h3>\n\n\n\n<p><strong>Dr. Carlos Fern\u00e1ndez Fern\u00e1ndez<br>Dr. Edwin Quintero Higuera<\/strong><\/p>\n\n\n\n<hr class=\"wp-block-separator has-alpha-channel-opacity\"\/>\n<\/div>\n\n\n\n<div class=\"wp-block-column is-layout-flow wp-block-column-is-layout-flow\">\n<h3 class=\"wp-block-heading\"><a href=\"https:\/\/www.riberasalud.com\/juan-cardona\/logopedia\/\">Logopedia \u2192<\/a><\/h3>\n\n\n\n<p><strong>Dra. Sara Dopico Carrodeguas<\/strong> <\/p>\n\n\n\n<hr class=\"wp-block-separator has-alpha-channel-opacity\"\/>\n\n\n\n<h3 class=\"wp-block-heading\"><a href=\"https:\/\/www.riberasalud.com\/juan-cardona\/medicina-interna\/\">Medicina interna \u2192<\/a><\/h3>\n\n\n\n<p><strong>Dra. Ballesta L\u00f3pez, Laura Mar\u00eda<br>Dr. Gonzalo Pia Iglesias<br>Dra. Mar\u00eda Dolores D\u00edaz M\u00edguez<br>Dra. Laura Vilari\u00f1o Maneiro<\/strong><\/p>\n\n\n\n<hr class=\"wp-block-separator has-alpha-channel-opacity\"\/>\n\n\n\n<h3 class=\"wp-block-heading\"><a href=\"https:\/\/www.riberasalud.com\/juan-cardona\/neumologia\/\">Neumolog\u00eda \u2192<\/a><\/h3>\n\n\n\n<p><strong>Dr. Carlos Riesgo Alonso<\/strong><br><strong>Dr. Carracedo Sevillano Mart\u00edn<\/strong><\/p>\n\n\n\n<hr class=\"wp-block-separator has-alpha-channel-opacity\"\/>\n\n\n\n<h3 class=\"wp-block-heading\"><a href=\"https:\/\/www.riberasalud.com\/juan-cardona\/neurocirugia\/\">Neurocirug\u00eda \u2192<\/a><\/h3>\n\n\n\n<p><strong>Dr. Rodrigo Pedrosa Sobrido<\/strong><\/p>\n\n\n\n<hr class=\"wp-block-separator has-alpha-channel-opacity\"\/>\n\n\n\n<h3 class=\"wp-block-heading\"><a href=\"https:\/\/www.riberasalud.com\/juan-cardona\/neurofisiologia\/\">Neurofisiolog\u00eda \u2192<\/a><\/h3>\n\n\n\n<p><strong>Dr. Francisco Javier Mejuto Mui\u00f1o<\/strong><\/p>\n\n\n\n<hr class=\"wp-block-separator has-alpha-channel-opacity\"\/>\n\n\n\n<h3 class=\"wp-block-heading\"><a href=\"https:\/\/www.riberasalud.com\/juan-cardona\/neurologia\/\">Neurolog\u00eda \u2192<\/a><\/h3>\n\n\n\n<p><strong>Dr. Jos\u00e9 Moreno P\u00e9rez-Crespo<\/strong><\/p>\n\n\n\n<hr class=\"wp-block-separator has-alpha-channel-opacity\"\/>\n\n\n\n<h3 class=\"wp-block-heading\"><a href=\"https:\/\/www.riberasalud.com\/juan-cardona\/unidad-de-dietetica-y-nutricion\/\">Nutrici\u00f3n \u2192<\/a><\/h3>\n\n\n\n<p><strong>Eva Anca Candocia<\/strong><\/p>\n\n\n\n<hr class=\"wp-block-separator has-alpha-channel-opacity\"\/>\n\n\n\n<h3 class=\"wp-block-heading\"><a href=\"https:\/\/www.riberasalud.com\/juan-cardona\/oftalmologia\/\">Oftalmolog\u00eda \u2192<\/a><\/h3>\n\n\n\n<p><strong>Dr. Pascual Fuster Rodr\u00edguez<\/strong><br><strong>Dr. Pedro Montero Gonz\u00e1lez<\/strong><\/p>\n\n\n\n<hr class=\"wp-block-separator has-alpha-channel-opacity\"\/>\n\n\n\n<h3 class=\"wp-block-heading\"><a href=\"https:\/\/www.riberasalud.com\/juan-cardona\/otorrinolaringologia\/\">Otorrinolaringolog\u00eda \u2192<\/a><\/h3>\n\n\n\n<p><strong>Dr. Antonio Sixto Garc\u00eda<\/strong><br><strong>Dra. Lara Mejuto Torreiro<br>Dr. Andr\u00e9s Fuertes Carballeira<\/strong><\/p>\n\n\n\n<hr class=\"wp-block-separator has-alpha-channel-opacity\"\/>\n\n\n\n<h3 class=\"wp-block-heading\"><a href=\"https:\/\/www.riberasalud.com\/juan-cardona\/pediatria\/\">Pediatr\u00eda \u2192<\/a><\/h3>\n\n\n\n<p><strong>Dra. Mar\u00eda Bocanegra L\u00f3pez<br>Dr. Jos\u00e9 Ram\u00f3n Garc\u00eda L\u00f3pez<br>Dr. Jos\u00e9 Luaces Gonz\u00e1lez<br>Dr. Francisco S\u00e1nchez Medina<br>Dra. Prada Tellado, Marta<\/strong><\/p>\n\n\n\n<hr class=\"wp-block-separator has-alpha-channel-opacity\"\/>\n\n\n\n<h3 class=\"wp-block-heading\"><a href=\"https:\/\/www.riberasalud.com\/juan-cardona\/podologia\/\">Podolog\u00eda \u2192<\/a><\/h3>\n\n\n\n<p><strong>Danae Santiago D\u00edaz<\/strong><\/p>\n\n\n\n<hr class=\"wp-block-separator has-alpha-channel-opacity\"\/>\n\n\n\n<h3 class=\"wp-block-heading\"><a href=\"https:\/\/www.riberasalud.com\/juan-cardona\/pediatria\/\">Puericultura \u2192<\/a><\/h3>\n\n\n\n<p><strong>Dr. Jos\u00e9 Fernando Cas\u00e1s Jim\u00e9nez<\/strong><br><strong>Dr. Jos\u00e9 Luis Garc\u00eda Garc\u00eda<\/strong><br><strong>Dr. Miguel De Santiago Boull\u00f3n<\/strong><br><strong>Dra. Mar\u00eda Soledad G\u00f3mez L\u00f3pez<\/strong><\/p>\n\n\n\n<hr class=\"wp-block-separator has-alpha-channel-opacity\"\/>\n<\/div>\n\n\n\n<div class=\"wp-block-column is-layout-flow wp-block-column-is-layout-flow\">\n<h3 class=\"wp-block-heading\"><a href=\"https:\/\/www.riberasalud.com\/juan-cardona\/psicologia-clinica\/\">Psicolog\u00eda sanitaria \u2192<\/a><\/h3>\n\n\n\n<p><strong>Daniel Valencia Bacelo<br><\/strong><a href=\"http:\/\/riberasalud.com\/minds\">Servicio digital Minds<\/a><\/p>\n\n\n\n<hr class=\"wp-block-separator has-alpha-channel-opacity\"\/>\n\n\n\n<h3 class=\"wp-block-heading\"><a href=\"https:\/\/www.riberasalud.com\/juan-cardona\/psiquiatria\/\">Psiquiatr\u00eda \u2192<\/a><\/h3>\n\n\n\n<p><strong>Dr. Muquebil Ali Al Shaban Rodriguez, Omar Walid<\/strong><\/p>\n\n\n\n<hr class=\"wp-block-separator has-alpha-channel-opacity\"\/>\n\n\n\n<h3 class=\"wp-block-heading\"><a href=\"https:\/\/www.riberasalud.com\/juan-cardona\/rehabilitacion-y-medicina-fisica\/\">Rehabilitaci\u00f3n y medicina f\u00edsica \u2192<\/a><\/h3>\n\n\n\n<p><strong>Dra. Morelva Mar\u00eda Pi\u00f1eiro Temprano<\/strong><\/p>\n\n\n\n<hr class=\"wp-block-separator has-alpha-channel-opacity\"\/>\n\n\n\n<h3 class=\"wp-block-heading\"><a href=\"https:\/\/www.riberasalud.com\/juan-cardona\/traumatologia-y-ortopedia\/\">Traumatolog\u00eda y ortopedia \u2192<\/a><\/h3>\n\n\n\n<p><strong>Dr. Ignacio Valenciano Bilbao<br>Dr. Mario L\u00f3pez Paz<br>Dr. Mac\u00eda Rivas, Pedro<\/strong><br><strong>Dr. Gregorio Varela Cousillas<br>Dr. Jos\u00e9 Antonio Alvarez Mart\u00edn<\/strong><br><strong>Dr. Gabriel S\u00e1nchez Mazariegos<br>Dr. Luis L\u00f3pez-Pardo Cienfuegos-Jovellanos<br>Dr. Antonio Dur\u00e1n Rodr\u00edguez<br>Dr. Walter Said Ch\u00e1vez Garate<br>Dr. Javier David Guzman Ainagas<\/strong><\/p>\n\n\n\n<hr class=\"wp-block-separator has-alpha-channel-opacity\"\/>\n\n\n\n<h3 class=\"wp-block-heading\">Unidad del Dolor \u2192<\/h3>\n\n\n\n<p><strong>Dr. Ivan Arazo Iglesias<\/strong><\/p>\n\n\n\n<hr class=\"wp-block-separator has-alpha-channel-opacity\"\/>\n\n\n\n<h3 class=\"wp-block-heading\"><a href=\"https:\/\/www.riberasalud.com\/juan-cardona\/unidad-de-criticos-urci\/\">URCI \u2192<\/a><\/h3>\n\n\n\n<p><strong>Dra. Mar\u00eda Lorena Boutureira Toja<\/strong><br><strong>Dra. Beatriz Porral S\u00e1nchez<br>Dr. Manuel Mar\u00eda Irimia Sieira<br>Dr. Mart\u00edn Javier Morillo Parra<br>Dr. Rodismendy Bullain Hern\u00e1ndez<br>Dr. M\u00e1ssimo Di Paolo Fischetti<\/strong><\/p>\n\n\n\n<hr class=\"wp-block-separator has-alpha-channel-opacity\"\/>\n\n\n\n<h3 class=\"wp-block-heading\"><a href=\"https:\/\/www.riberasalud.com\/juan-cardona\/servicio-de-urgencias\/\">Urgencias \u2192<\/a><\/h3>\n\n\n\n<p><strong>Dr. Fernando Jes\u00fas Camba Campos<\/strong><br><strong>Dra. Mar\u00eda Soledad G\u00f3mez L\u00f3pez<\/strong><br><strong>Dr. Jos\u00e9 Domingo Rodr\u00edguez Mart\u00edn<br>Dr. Fernando J. Montenegro Mackliff<br>Dra. Sandra Mar\u00eda Garc\u00eda Iglesias<br>Dr. Elby Danilo Mercedes Vi\u00f1as<br>Dra. Laura Mar\u00eda Rey Gasbarri<\/strong><\/p>\n\n\n\n<hr class=\"wp-block-separator has-alpha-channel-opacity\"\/>\n\n\n\n<h3 class=\"wp-block-heading\"><a href=\"https:\/\/www.riberasalud.com\/juan-cardona\/urologia\/\">Urolog\u00eda \u2192<\/a><\/h3>\n\n\n\n<p><strong>Dr. Jos\u00e9 Manuel Pardo Figueiras<br>Dr. Andr\u00e9s Rodr\u00edguez Alonso<\/strong><\/p>\n\n\n\n<hr class=\"wp-block-separator has-alpha-channel-opacity\"\/>\n<\/div>\n<\/div>\n<\/div><\/div>\n","protected":false},"excerpt":{"rendered":"<p>Pide cita con tu m\u00e9dico en m\u00e1s de 20 especialidades desde nuestra p\u00e1gina web Pide tu cita Un cuadro m\u00e9dico con profesionales de primer nivel que pasan su consulta en la planta baja de una de las alas del edificio. Cuentan, adem\u00e1s, con los recursos de los servicios centrales del hospital lo que permite una &#8230; <a title=\"Equipo m\u00e9dico\" class=\"read-more\" href=\"https:\/\/riberasalud.com\/juan-cardona\/equipo-medico\/\" aria-label=\"Leer m\u00e1s sobre Equipo m\u00e9dico\">Leer m\u00e1s<\/a><\/p>\n","protected":false},"author":1,"featured_media":0,"parent":0,"menu_order":0,"comment_status":"closed","ping_status":"closed","template":"","meta":{"footnotes":""},"class_list":["post-564","page","type-page","status-publish"],"yoast_head":"<!-- This site is optimized with the Yoast SEO plugin v26.6 - https:\/\/yoast.com\/wordpress\/plugins\/seo\/ -->\n<title>Equipo m\u00e9dico - Hospital Ribera Juan Cardona<\/title>\n<meta name=\"description\" content=\"Conoce a nuestro equipo m\u00e9dico altamente cualificado. Descubre la experiencia y eficacia de nuestros profesionales.\" \/>\n<meta name=\"robots\" content=\"index, follow, max-snippet:-1, max-image-preview:large, max-video-preview:-1\" \/>\n<link rel=\"canonical\" href=\"https:\/\/riberasalud.com\/juan-cardona\/equipo-medico\/\" \/>\n<meta property=\"og:locale\" content=\"es_ES\" \/>\n<meta property=\"og:type\" content=\"article\" \/>\n<meta property=\"og:title\" content=\"Equipo m\u00e9dico - Hospital Ribera Juan Cardona\" \/>\n<meta property=\"og:description\" content=\"Conoce a nuestro equipo m\u00e9dico altamente cualificado. Descubre la experiencia y eficacia de nuestros profesionales.\" \/>\n<meta property=\"og:url\" content=\"https:\/\/riberasalud.com\/juan-cardona\/equipo-medico\/\" \/>\n<meta property=\"og:site_name\" content=\"Hospital Ribera Juan Cardona\" \/>\n<meta property=\"article:modified_time\" content=\"2026-03-09T10:19:13+00:00\" \/>\n<meta property=\"og:image\" content=\"https:\/\/riberasalud.com\/juan-cardona\/wp-content\/uploads\/2024\/07\/juan_cardona-team2.jpg\" \/>\n\t<meta property=\"og:image:width\" content=\"2000\" \/>\n\t<meta property=\"og:image:height\" content=\"854\" \/>\n\t<meta property=\"og:image:type\" content=\"image\/jpeg\" \/>\n<meta name=\"twitter:card\" content=\"summary_large_image\" \/>\n<meta name=\"twitter:label1\" content=\"Tiempo de lectura\" \/>\n\t<meta name=\"twitter:data1\" content=\"3 minutos\" \/>\n<script type=\"application\/ld+json\" class=\"yoast-schema-graph\">{\"@context\":\"https:\/\/schema.org\",\"@graph\":[{\"@type\":\"WebPage\",\"@id\":\"https:\/\/riberasalud.com\/juan-cardona\/equipo-medico\/\",\"url\":\"https:\/\/riberasalud.com\/juan-cardona\/equipo-medico\/\",\"name\":\"Equipo m\u00e9dico - Hospital Ribera Juan Cardona\",\"isPartOf\":{\"@id\":\"https:\/\/riberasalud.com\/juan-cardona\/#website\"},\"primaryImageOfPage\":{\"@id\":\"https:\/\/riberasalud.com\/juan-cardona\/equipo-medico\/#primaryimage\"},\"image\":{\"@id\":\"https:\/\/riberasalud.com\/juan-cardona\/equipo-medico\/#primaryimage\"},\"thumbnailUrl\":\"https:\/\/www.riberasalud.com\/juan-cardona\/wp-content\/uploads\/2024\/07\/juan_cardona-team2.jpg\",\"datePublished\":\"2024-07-18T09:35:37+00:00\",\"dateModified\":\"2026-03-09T10:19:13+00:00\",\"description\":\"Conoce a nuestro equipo m\u00e9dico altamente cualificado. Descubre la experiencia y eficacia de nuestros profesionales.\",\"breadcrumb\":{\"@id\":\"https:\/\/riberasalud.com\/juan-cardona\/equipo-medico\/#breadcrumb\"},\"inLanguage\":\"es\",\"potentialAction\":[{\"@type\":\"ReadAction\",\"target\":[\"https:\/\/riberasalud.com\/juan-cardona\/equipo-medico\/\"]}]},{\"@type\":\"ImageObject\",\"inLanguage\":\"es\",\"@id\":\"https:\/\/riberasalud.com\/juan-cardona\/equipo-medico\/#primaryimage\",\"url\":\"https:\/\/www.riberasalud.com\/juan-cardona\/wp-content\/uploads\/2024\/07\/juan_cardona-team2.jpg\",\"contentUrl\":\"https:\/\/www.riberasalud.com\/juan-cardona\/wp-content\/uploads\/2024\/07\/juan_cardona-team2.jpg\"},{\"@type\":\"BreadcrumbList\",\"@id\":\"https:\/\/riberasalud.com\/juan-cardona\/equipo-medico\/#breadcrumb\",\"itemListElement\":[{\"@type\":\"ListItem\",\"position\":1,\"name\":\"Portada\",\"item\":\"https:\/\/riberasalud.com\/juan-cardona\/\"},{\"@type\":\"ListItem\",\"position\":2,\"name\":\"Equipo m\u00e9dico\"}]},{\"@type\":\"WebSite\",\"@id\":\"https:\/\/riberasalud.com\/juan-cardona\/#website\",\"url\":\"https:\/\/riberasalud.com\/juan-cardona\/\",\"name\":\"Hospital Ribera Juan Cardona\",\"description\":\"\",\"publisher\":{\"@id\":\"https:\/\/riberasalud.com\/juan-cardona\/#organization\"},\"potentialAction\":[{\"@type\":\"SearchAction\",\"target\":{\"@type\":\"EntryPoint\",\"urlTemplate\":\"https:\/\/riberasalud.com\/juan-cardona\/?s={search_term_string}\"},\"query-input\":{\"@type\":\"PropertyValueSpecification\",\"valueRequired\":true,\"valueName\":\"search_term_string\"}}],\"inLanguage\":\"es\"},{\"@type\":\"Organization\",\"@id\":\"https:\/\/riberasalud.com\/juan-cardona\/#organization\",\"name\":\"Hospital Ribera Juan Cardona\",\"url\":\"https:\/\/riberasalud.com\/juan-cardona\/\",\"logo\":{\"@type\":\"ImageObject\",\"inLanguage\":\"es\",\"@id\":\"https:\/\/riberasalud.com\/juan-cardona\/#\/schema\/logo\/image\/\",\"url\":\"https:\/\/riberasalud.com\/juan-cardona\/wp-content\/uploads\/2025\/01\/Logo-Red-JuanCardona.png\",\"contentUrl\":\"https:\/\/riberasalud.com\/juan-cardona\/wp-content\/uploads\/2025\/01\/Logo-Red-JuanCardona.png\",\"width\":2267,\"height\":495,\"caption\":\"Hospital Ribera Juan Cardona\"},\"image\":{\"@id\":\"https:\/\/riberasalud.com\/juan-cardona\/#\/schema\/logo\/image\/\"}}]}<\/script>\n<!-- \/ Yoast SEO plugin. -->","yoast_head_json":{"title":"Equipo m\u00e9dico - Hospital Ribera Juan Cardona","description":"Conoce a nuestro equipo m\u00e9dico altamente cualificado. Descubre la experiencia y eficacia de nuestros profesionales.","robots":{"index":"index","follow":"follow","max-snippet":"max-snippet:-1","max-image-preview":"max-image-preview:large","max-video-preview":"max-video-preview:-1"},"canonical":"https:\/\/riberasalud.com\/juan-cardona\/equipo-medico\/","og_locale":"es_ES","og_type":"article","og_title":"Equipo m\u00e9dico - Hospital Ribera Juan Cardona","og_description":"Conoce a nuestro equipo m\u00e9dico altamente cualificado. Descubre la experiencia y eficacia de nuestros profesionales.","og_url":"https:\/\/riberasalud.com\/juan-cardona\/equipo-medico\/","og_site_name":"Hospital Ribera Juan Cardona","article_modified_time":"2026-03-09T10:19:13+00:00","og_image":[{"width":2000,"height":854,"url":"https:\/\/riberasalud.com\/juan-cardona\/wp-content\/uploads\/2024\/07\/juan_cardona-team2.jpg","type":"image\/jpeg"}],"twitter_card":"summary_large_image","twitter_misc":{"Tiempo de lectura":"3 minutos"},"schema":{"@context":"https:\/\/schema.org","@graph":[{"@type":"WebPage","@id":"https:\/\/riberasalud.com\/juan-cardona\/equipo-medico\/","url":"https:\/\/riberasalud.com\/juan-cardona\/equipo-medico\/","name":"Equipo m\u00e9dico - Hospital Ribera Juan Cardona","isPartOf":{"@id":"https:\/\/riberasalud.com\/juan-cardona\/#website"},"primaryImageOfPage":{"@id":"https:\/\/riberasalud.com\/juan-cardona\/equipo-medico\/#primaryimage"},"image":{"@id":"https:\/\/riberasalud.com\/juan-cardona\/equipo-medico\/#primaryimage"},"thumbnailUrl":"https:\/\/www.riberasalud.com\/juan-cardona\/wp-content\/uploads\/2024\/07\/juan_cardona-team2.jpg","datePublished":"2024-07-18T09:35:37+00:00","dateModified":"2026-03-09T10:19:13+00:00","description":"Conoce a nuestro equipo m\u00e9dico altamente cualificado. Descubre la experiencia y eficacia de nuestros profesionales.","breadcrumb":{"@id":"https:\/\/riberasalud.com\/juan-cardona\/equipo-medico\/#breadcrumb"},"inLanguage":"es","potentialAction":[{"@type":"ReadAction","target":["https:\/\/riberasalud.com\/juan-cardona\/equipo-medico\/"]}]},{"@type":"ImageObject","inLanguage":"es","@id":"https:\/\/riberasalud.com\/juan-cardona\/equipo-medico\/#primaryimage","url":"https:\/\/www.riberasalud.com\/juan-cardona\/wp-content\/uploads\/2024\/07\/juan_cardona-team2.jpg","contentUrl":"https:\/\/www.riberasalud.com\/juan-cardona\/wp-content\/uploads\/2024\/07\/juan_cardona-team2.jpg"},{"@type":"BreadcrumbList","@id":"https:\/\/riberasalud.com\/juan-cardona\/equipo-medico\/#breadcrumb","itemListElement":[{"@type":"ListItem","position":1,"name":"Portada","item":"https:\/\/riberasalud.com\/juan-cardona\/"},{"@type":"ListItem","position":2,"name":"Equipo m\u00e9dico"}]},{"@type":"WebSite","@id":"https:\/\/riberasalud.com\/juan-cardona\/#website","url":"https:\/\/riberasalud.com\/juan-cardona\/","name":"Hospital Ribera Juan Cardona","description":"","publisher":{"@id":"https:\/\/riberasalud.com\/juan-cardona\/#organization"},"potentialAction":[{"@type":"SearchAction","target":{"@type":"EntryPoint","urlTemplate":"https:\/\/riberasalud.com\/juan-cardona\/?s={search_term_string}"},"query-input":{"@type":"PropertyValueSpecification","valueRequired":true,"valueName":"search_term_string"}}],"inLanguage":"es"},{"@type":"Organization","@id":"https:\/\/riberasalud.com\/juan-cardona\/#organization","name":"Hospital Ribera Juan Cardona","url":"https:\/\/riberasalud.com\/juan-cardona\/","logo":{"@type":"ImageObject","inLanguage":"es","@id":"https:\/\/riberasalud.com\/juan-cardona\/#\/schema\/logo\/image\/","url":"https:\/\/riberasalud.com\/juan-cardona\/wp-content\/uploads\/2025\/01\/Logo-Red-JuanCardona.png","contentUrl":"https:\/\/riberasalud.com\/juan-cardona\/wp-content\/uploads\/2025\/01\/Logo-Red-JuanCardona.png","width":2267,"height":495,"caption":"Hospital Ribera Juan Cardona"},"image":{"@id":"https:\/\/riberasalud.com\/juan-cardona\/#\/schema\/logo\/image\/"}}]}},"_links":{"self":[{"href":"https:\/\/riberasalud.com\/juan-cardona\/wp-json\/wp\/v2\/pages\/564","targetHints":{"allow":["GET"]}}],"collection":[{"href":"https:\/\/riberasalud.com\/juan-cardona\/wp-json\/wp\/v2\/pages"}],"about":[{"href":"https:\/\/riberasalud.com\/juan-cardona\/wp-json\/wp\/v2\/types\/page"}],"author":[{"embeddable":true,"href":"https:\/\/riberasalud.com\/juan-cardona\/wp-json\/wp\/v2\/users\/1"}],"replies":[{"embeddable":true,"href":"https:\/\/riberasalud.com\/juan-cardona\/wp-json\/wp\/v2\/comments?post=564"}],"version-history":[{"count":66,"href":"https:\/\/riberasalud.com\/juan-cardona\/wp-json\/wp\/v2\/pages\/564\/revisions"}],"predecessor-version":[{"id":7758,"href":"https:\/\/riberasalud.com\/juan-cardona\/wp-json\/wp\/v2\/pages\/564\/revisions\/7758"}],"wp:attachment":[{"href":"https:\/\/riberasalud.com\/juan-cardona\/wp-json\/wp\/v2\/media?parent=564"}],"curies":[{"name":"wp","href":"https:\/\/api.w.org\/{rel}","templated":true}]}}