{"id":483,"date":"2024-07-17T11:43:09","date_gmt":"2024-07-17T09:43:09","guid":{"rendered":"https:\/\/riberasalud.com\/juan-cardonaaux\/?page_id=483"},"modified":"2025-05-23T12:36:58","modified_gmt":"2025-05-23T10:36:58","slug":"compromiso-etico","status":"publish","type":"page","link":"https:\/\/riberasalud.com\/juan-cardona\/compromiso-etico\/","title":{"rendered":"Compromiso \u00e9tico"},"content":{"rendered":"\n<div class=\"wp-block-group hasbackgroundnaranja sliderlinea\"><div class=\"wp-block-group__inner-container is-layout-flow wp-block-group-is-layout-flow\">\n<p>HOSPITAL RIBERA JUAN CARDONA<\/p>\n\n\n\n<h1 class=\"wp-block-heading\">Compromiso \u00e9tico<\/h1>\n<\/div><\/div>\n\n\n\n<div class=\"wp-block-group\"><div class=\"wp-block-group__inner-container is-layout-flow wp-block-group-is-layout-flow\">\n<div class=\"wp-block-columns is-layout-flex wp-container-core-columns-is-layout-9d6595d7 wp-block-columns-is-layout-flex\">\n<div class=\"wp-block-column is-layout-flow wp-block-column-is-layout-flow\" style=\"flex-basis:66.66%\">\n<h2 class=\"wp-block-heading\"><strong>COMPROMISO \u00c9TICO Y DE BUENAS PR\u00c1CTICAS<\/strong><\/h2>\n\n\n\n<h6 class=\"wp-block-heading\">EL HOSPITAL JUAN CARDONA ES MIEMBRO DE LA ASOCIACI\u00d3N DE HOSPITALES DE GALICIA (AHOSGAL)<\/h6>\n\n\n\n<h6 class=\"wp-block-heading\"><strong>Es \u00e9sta una asociaci\u00f3n empresarial de car\u00e1cter no lucrativo que tiene entre sus objetivos y fines la promoci\u00f3n de la asistencia sanitaria de calidad en la Comunidad Aut\u00f3noma de Galicia, adem\u00e1s de la defensa de los intereses econ\u00f3micos y sociales de los miembros que la integran.<\/strong><\/h6>\n\n\n\n<p>Con este fin, hemos suscrito un Compromiso \u00e9tico y de buenas pr\u00e1cticas que nos comprometemos a cumplir. Entendemos que la sanidad gallega en general debe mejorar en muchos asp\u00e9ctos y quer\u00edamos hacer una aportaci\u00f3n en pro de la calidad sanitaria desde nuestra humilde posici\u00f3n. Nos parece que la legislaci\u00f3n auton\u00f3mica y estatal aplicable a la sanidad prescribe niveles de conducta m\u00e1s bajos de los que creemos corresponden a nuestra \u00e9tica. Por ello, asumimos compromisos que van m\u00e1s all\u00e1 del cumplimiento de la normativa vigente y promoveremos la defensa de estos valores, tanto como asociaci\u00f3n como entre sus miembros.<\/p>\n\n\n\n<p>De ah\u00ed surge el Compromiso \u00e9tico en el Hospital Juan Cardona &nbsp;que ponemos a su disposici\u00f3n con la intenci\u00f3n de cumplirlo, acatarlo y superarlo si es posible.<\/p>\n\n\n\n<div class=\"wp-block-buttons is-layout-flex wp-block-buttons-is-layout-flex\">\n<div class=\"wp-block-button\"><a class=\"wp-block-button__link has-background wp-element-button\" href=\"https:\/\/www.riberasalud.com\/wp-content\/uploads\/2025\/05\/CODIGO-ETICO-RIBERA-CAST-2025.pdf\" style=\"background-color:#d71029\" target=\"_blank\" rel=\"noreferrer noopener\">Ver C\u00f3digo \u00e9tico<\/a><\/div>\n<\/div>\n<\/div>\n\n\n\n<div class=\"wp-block-column is-layout-flow wp-block-column-is-layout-flow\" style=\"flex-basis:33.33%\">\n<h2 class=\"wp-block-heading\"><strong>PRINCIPIOS QUE LO INTEGRAN<\/strong><\/h2>\n\n\n\n<ul class=\"wp-block-list\">\n<li>Principio de legalidad<\/li>\n\n\n\n<li>Principio de transparencia<\/li>\n\n\n\n<li>Principio de honestidad<\/li>\n\n\n\n<li>Principio de solidaridad social<\/li>\n<\/ul>\n<\/div>\n<\/div>\n<\/div><\/div>\n","protected":false},"excerpt":{"rendered":"<p>HOSPITAL RIBERA JUAN CARDONA Compromiso \u00e9tico COMPROMISO \u00c9TICO Y DE BUENAS PR\u00c1CTICAS EL HOSPITAL JUAN CARDONA ES MIEMBRO DE LA ASOCIACI\u00d3N DE HOSPITALES DE GALICIA (AHOSGAL) Es \u00e9sta una asociaci\u00f3n empresarial de car\u00e1cter no lucrativo que tiene entre sus objetivos y fines la promoci\u00f3n de la asistencia sanitaria de calidad en la Comunidad Aut\u00f3noma de &#8230; <a title=\"Compromiso \u00e9tico\" class=\"read-more\" href=\"https:\/\/riberasalud.com\/juan-cardona\/compromiso-etico\/\" aria-label=\"Leer m\u00e1s sobre Compromiso \u00e9tico\">Leer m\u00e1s<\/a><\/p>\n","protected":false},"author":1,"featured_media":0,"parent":0,"menu_order":0,"comment_status":"closed","ping_status":"closed","template":"","meta":{"footnotes":""},"class_list":["post-483","page","type-page","status-publish"],"yoast_head":"<!-- This site is optimized with the Yoast SEO plugin v26.6 - https:\/\/yoast.com\/wordpress\/plugins\/seo\/ -->\n<title>Compromiso \u00e9tico - Hospital Ribera Juan Cardona<\/title>\n<meta name=\"description\" content=\"Inf\u00f3rmate sobre nuestro compromiso \u00e9tico en el hospital. Conoce c\u00f3mo seguimos principios de integridad y transparencia.\" \/>\n<meta name=\"robots\" content=\"index, follow, max-snippet:-1, max-image-preview:large, max-video-preview:-1\" \/>\n<link rel=\"canonical\" href=\"https:\/\/riberasalud.com\/juan-cardona\/compromiso-etico\/\" \/>\n<meta property=\"og:locale\" content=\"es_ES\" \/>\n<meta property=\"og:type\" content=\"article\" \/>\n<meta property=\"og:title\" content=\"Compromiso \u00e9tico - Hospital Ribera Juan Cardona\" \/>\n<meta property=\"og:description\" content=\"Inf\u00f3rmate sobre nuestro compromiso \u00e9tico en el hospital. Conoce c\u00f3mo seguimos principios de integridad y transparencia.\" \/>\n<meta property=\"og:url\" content=\"https:\/\/riberasalud.com\/juan-cardona\/compromiso-etico\/\" \/>\n<meta property=\"og:site_name\" content=\"Hospital Ribera Juan Cardona\" \/>\n<meta property=\"article:modified_time\" content=\"2025-05-23T10:36:58+00:00\" \/>\n<meta name=\"twitter:card\" content=\"summary_large_image\" \/>\n<meta name=\"twitter:label1\" content=\"Tiempo de lectura\" \/>\n\t<meta name=\"twitter:data1\" content=\"1 minuto\" \/>\n<script type=\"application\/ld+json\" class=\"yoast-schema-graph\">{\"@context\":\"https:\/\/schema.org\",\"@graph\":[{\"@type\":\"WebPage\",\"@id\":\"https:\/\/riberasalud.com\/juan-cardona\/compromiso-etico\/\",\"url\":\"https:\/\/riberasalud.com\/juan-cardona\/compromiso-etico\/\",\"name\":\"Compromiso \u00e9tico - Hospital Ribera Juan Cardona\",\"isPartOf\":{\"@id\":\"https:\/\/riberasalud.com\/juan-cardona\/#website\"},\"datePublished\":\"2024-07-17T09:43:09+00:00\",\"dateModified\":\"2025-05-23T10:36:58+00:00\",\"description\":\"Inf\u00f3rmate sobre nuestro compromiso \u00e9tico en el hospital. Conoce c\u00f3mo seguimos principios de integridad y transparencia.\",\"breadcrumb\":{\"@id\":\"https:\/\/riberasalud.com\/juan-cardona\/compromiso-etico\/#breadcrumb\"},\"inLanguage\":\"es\",\"potentialAction\":[{\"@type\":\"ReadAction\",\"target\":[\"https:\/\/riberasalud.com\/juan-cardona\/compromiso-etico\/\"]}]},{\"@type\":\"BreadcrumbList\",\"@id\":\"https:\/\/riberasalud.com\/juan-cardona\/compromiso-etico\/#breadcrumb\",\"itemListElement\":[{\"@type\":\"ListItem\",\"position\":1,\"name\":\"Portada\",\"item\":\"https:\/\/riberasalud.com\/juan-cardona\/\"},{\"@type\":\"ListItem\",\"position\":2,\"name\":\"Compromiso \u00e9tico\"}]},{\"@type\":\"WebSite\",\"@id\":\"https:\/\/riberasalud.com\/juan-cardona\/#website\",\"url\":\"https:\/\/riberasalud.com\/juan-cardona\/\",\"name\":\"Hospital Ribera Juan Cardona\",\"description\":\"\",\"publisher\":{\"@id\":\"https:\/\/riberasalud.com\/juan-cardona\/#organization\"},\"potentialAction\":[{\"@type\":\"SearchAction\",\"target\":{\"@type\":\"EntryPoint\",\"urlTemplate\":\"https:\/\/riberasalud.com\/juan-cardona\/?s={search_term_string}\"},\"query-input\":{\"@type\":\"PropertyValueSpecification\",\"valueRequired\":true,\"valueName\":\"search_term_string\"}}],\"inLanguage\":\"es\"},{\"@type\":\"Organization\",\"@id\":\"https:\/\/riberasalud.com\/juan-cardona\/#organization\",\"name\":\"Hospital Ribera Juan Cardona\",\"url\":\"https:\/\/riberasalud.com\/juan-cardona\/\",\"logo\":{\"@type\":\"ImageObject\",\"inLanguage\":\"es\",\"@id\":\"https:\/\/riberasalud.com\/juan-cardona\/#\/schema\/logo\/image\/\",\"url\":\"https:\/\/riberasalud.com\/juan-cardona\/wp-content\/uploads\/2025\/01\/Logo-Red-JuanCardona.png\",\"contentUrl\":\"https:\/\/riberasalud.com\/juan-cardona\/wp-content\/uploads\/2025\/01\/Logo-Red-JuanCardona.png\",\"width\":2267,\"height\":495,\"caption\":\"Hospital Ribera Juan Cardona\"},\"image\":{\"@id\":\"https:\/\/riberasalud.com\/juan-cardona\/#\/schema\/logo\/image\/\"}}]}<\/script>\n<!-- \/ Yoast SEO plugin. -->","yoast_head_json":{"title":"Compromiso \u00e9tico - Hospital Ribera Juan Cardona","description":"Inf\u00f3rmate sobre nuestro compromiso \u00e9tico en el hospital. Conoce c\u00f3mo seguimos principios de integridad y transparencia.","robots":{"index":"index","follow":"follow","max-snippet":"max-snippet:-1","max-image-preview":"max-image-preview:large","max-video-preview":"max-video-preview:-1"},"canonical":"https:\/\/riberasalud.com\/juan-cardona\/compromiso-etico\/","og_locale":"es_ES","og_type":"article","og_title":"Compromiso \u00e9tico - Hospital Ribera Juan Cardona","og_description":"Inf\u00f3rmate sobre nuestro compromiso \u00e9tico en el hospital. Conoce c\u00f3mo seguimos principios de integridad y transparencia.","og_url":"https:\/\/riberasalud.com\/juan-cardona\/compromiso-etico\/","og_site_name":"Hospital Ribera Juan Cardona","article_modified_time":"2025-05-23T10:36:58+00:00","twitter_card":"summary_large_image","twitter_misc":{"Tiempo de lectura":"1 minuto"},"schema":{"@context":"https:\/\/schema.org","@graph":[{"@type":"WebPage","@id":"https:\/\/riberasalud.com\/juan-cardona\/compromiso-etico\/","url":"https:\/\/riberasalud.com\/juan-cardona\/compromiso-etico\/","name":"Compromiso \u00e9tico - Hospital Ribera Juan Cardona","isPartOf":{"@id":"https:\/\/riberasalud.com\/juan-cardona\/#website"},"datePublished":"2024-07-17T09:43:09+00:00","dateModified":"2025-05-23T10:36:58+00:00","description":"Inf\u00f3rmate sobre nuestro compromiso \u00e9tico en el hospital. Conoce c\u00f3mo seguimos principios de integridad y transparencia.","breadcrumb":{"@id":"https:\/\/riberasalud.com\/juan-cardona\/compromiso-etico\/#breadcrumb"},"inLanguage":"es","potentialAction":[{"@type":"ReadAction","target":["https:\/\/riberasalud.com\/juan-cardona\/compromiso-etico\/"]}]},{"@type":"BreadcrumbList","@id":"https:\/\/riberasalud.com\/juan-cardona\/compromiso-etico\/#breadcrumb","itemListElement":[{"@type":"ListItem","position":1,"name":"Portada","item":"https:\/\/riberasalud.com\/juan-cardona\/"},{"@type":"ListItem","position":2,"name":"Compromiso \u00e9tico"}]},{"@type":"WebSite","@id":"https:\/\/riberasalud.com\/juan-cardona\/#website","url":"https:\/\/riberasalud.com\/juan-cardona\/","name":"Hospital Ribera Juan Cardona","description":"","publisher":{"@id":"https:\/\/riberasalud.com\/juan-cardona\/#organization"},"potentialAction":[{"@type":"SearchAction","target":{"@type":"EntryPoint","urlTemplate":"https:\/\/riberasalud.com\/juan-cardona\/?s={search_term_string}"},"query-input":{"@type":"PropertyValueSpecification","valueRequired":true,"valueName":"search_term_string"}}],"inLanguage":"es"},{"@type":"Organization","@id":"https:\/\/riberasalud.com\/juan-cardona\/#organization","name":"Hospital Ribera Juan Cardona","url":"https:\/\/riberasalud.com\/juan-cardona\/","logo":{"@type":"ImageObject","inLanguage":"es","@id":"https:\/\/riberasalud.com\/juan-cardona\/#\/schema\/logo\/image\/","url":"https:\/\/riberasalud.com\/juan-cardona\/wp-content\/uploads\/2025\/01\/Logo-Red-JuanCardona.png","contentUrl":"https:\/\/riberasalud.com\/juan-cardona\/wp-content\/uploads\/2025\/01\/Logo-Red-JuanCardona.png","width":2267,"height":495,"caption":"Hospital Ribera Juan Cardona"},"image":{"@id":"https:\/\/riberasalud.com\/juan-cardona\/#\/schema\/logo\/image\/"}}]}},"_links":{"self":[{"href":"https:\/\/riberasalud.com\/juan-cardona\/wp-json\/wp\/v2\/pages\/483","targetHints":{"allow":["GET"]}}],"collection":[{"href":"https:\/\/riberasalud.com\/juan-cardona\/wp-json\/wp\/v2\/pages"}],"about":[{"href":"https:\/\/riberasalud.com\/juan-cardona\/wp-json\/wp\/v2\/types\/page"}],"author":[{"embeddable":true,"href":"https:\/\/riberasalud.com\/juan-cardona\/wp-json\/wp\/v2\/users\/1"}],"replies":[{"embeddable":true,"href":"https:\/\/riberasalud.com\/juan-cardona\/wp-json\/wp\/v2\/comments?post=483"}],"version-history":[{"count":6,"href":"https:\/\/riberasalud.com\/juan-cardona\/wp-json\/wp\/v2\/pages\/483\/revisions"}],"predecessor-version":[{"id":7448,"href":"https:\/\/riberasalud.com\/juan-cardona\/wp-json\/wp\/v2\/pages\/483\/revisions\/7448"}],"wp:attachment":[{"href":"https:\/\/riberasalud.com\/juan-cardona\/wp-json\/wp\/v2\/media?parent=483"}],"curies":[{"name":"wp","href":"https:\/\/api.w.org\/{rel}","templated":true}]}}