{"id":41,"date":"2024-04-10T16:36:02","date_gmt":"2024-04-10T14:36:02","guid":{"rendered":"https:\/\/riberasalud.com\/juan-cardonaaux\/?page_id=41"},"modified":"2025-07-17T10:06:55","modified_gmt":"2025-07-17T08:06:55","slug":"contacto","status":"publish","type":"page","link":"https:\/\/riberasalud.com\/juan-cardona\/contacto\/","title":{"rendered":"Contacto"},"content":{"rendered":"\n<div class=\"wp-block-group hasbackgroundnaranja sliderlinea\"><div class=\"wp-block-group__inner-container is-layout-flow wp-block-group-is-layout-flow\">\n<p><\/p>\n\n\n\n<p>HOSPITAL RIBERA JUAN CARDONA<\/p>\n\n\n\n<h1 class=\"wp-block-heading\">Contacto<\/h1>\n<\/div><\/div>\n\n\n\n<div class=\"wp-block-group\"><div class=\"wp-block-group__inner-container is-layout-flow wp-block-group-is-layout-flow\">\n<div class=\"wp-block-columns is-layout-flex wp-container-core-columns-is-layout-9d6595d7 wp-block-columns-is-layout-flex\">\n<div class=\"wp-block-column is-layout-flow wp-block-column-is-layout-flow\">\n<h4 class=\"wp-block-heading\"><strong>Hospital Ribera Juan Cardona<\/strong><\/h4>\n\n\n\n<p><strong><strong>Direcci\u00f3n: <\/strong>Avda Pardo Baz\u00e1n s\/n,<\/strong><br>15406, Ferrol, A Coru\u00f1a<\/p>\n\n\n\n<p><strong>E-mail:<\/strong><br><strong><a data-type=\"mailto\" data-id=\"mailto:info@povisa.es\" href=\"mailto:info@povisa.es\"><\/a><strong><a data-type=\"mailto\" data-id=\"mailto:info@hjcardona.org\" href=\"mailto:info@hjcardona.org\"><\/a><a href=\"mailto:info.cardona@riberacare.com\" target=\"_blank\" rel=\"noreferrer noopener\">info.card<\/a><a href=\"mailto:info.cardona@riberacare.com\">ona@riberacare.com<\/a><\/strong><\/strong><br><a href=\"mailto:atencionalpaciente.cardona@riberacare.com\" target=\"_blank\" rel=\"noreferrer noopener\"><strong>atencionalpaciente.cardona@riberacare.com<\/strong><\/a><\/p>\n\n\n\n<p><strong>Centralita:<\/strong><br><a data-type=\"tel\" data-id=\"tel:981312500\" href=\"tel:981312500\"><\/a><strong><a href=\"tel:+34981312500\"><strong>981 312 500<\/strong><\/a><\/strong><\/p>\n\n\n\n<p>Abierto 24 horas<\/p>\n<\/div>\n\n\n\n<div class=\"wp-block-column is-vertically-aligned-center is-layout-flow wp-block-column-is-layout-flow\">\n<iframe class=\"gmap\" src=\"https:\/\/www.google.com\/maps\/embed?pb=!1m18!1m12!1m3!1d2895.047792971641!2d-8.205216388323866!3d43.48047297099032!2m3!1f0!2f0!3f0!3m2!1i1024!2i768!4f13.1!3m3!1m2!1s0xd2e75eb6cf4273b%3A0x3a4153e92a2311d8!2sHospital%20Ribera%20Juan%20Cardona!5e0!3m2!1ses!2ses!4v1752739500945!5m2!1ses!2ses\" width=\"600\" height=\"450\" style=\"border:0;\" allowfullscreen=\"\" loading=\"lazy\" referrerpolicy=\"no-referrer-when-downgrade\"><\/iframe>\n<\/div>\n<\/div>\n<\/div><\/div>\n\n\n\n<div class=\"wp-block-group\"><div class=\"wp-block-group__inner-container is-layout-flow wp-block-group-is-layout-flow\">\n<h2 class=\"wp-block-heading\"><strong>Contactar es muy sencillo<\/strong><\/h2>\n\n\n\n<p>Puedes hacerlo pulsando en el bot\u00f3n de \u00abPide cita\u00bb, a trav\u00e9s de<strong>&nbsp;<a href=\"mailto:info@hjcardona.org\">correo-e<\/a><\/strong>&nbsp;o llamando al tel\u00e9fono&nbsp;<a href=\"tel:+34981312500\"><strong>981 312 500<\/strong>.<\/a>&nbsp;Estaremos encantados de resolver cualquier duda que puedas tener. Siempre a tu disposici\u00f3n para lo que necesites. Si lo que deseas es contactar con el departamento de Atenci\u00f3n al Paciente, por favor, pulsa&nbsp;<strong><a href=\"https:\/\/www.riberasalud.com\/juan-cardona\/atencion-al-paciente\/\">aqu\u00ed<\/a><\/strong>.<\/p>\n<\/div><\/div>\n","protected":false},"excerpt":{"rendered":"<p>HOSPITAL RIBERA JUAN CARDONA Contacto Hospital Ribera Juan Cardona Direcci\u00f3n: Avda Pardo Baz\u00e1n s\/n,15406, Ferrol, A Coru\u00f1a E-mail:info.cardona@riberacare.comatencionalpaciente.cardona@riberacare.com Centralita:981 312 500 Abierto 24 horas Contactar es muy sencillo Puedes hacerlo pulsando en el bot\u00f3n de \u00abPide cita\u00bb, a trav\u00e9s de&nbsp;correo-e&nbsp;o llamando al tel\u00e9fono&nbsp;981 312 500.&nbsp;Estaremos encantados de resolver cualquier duda que puedas tener. Siempre a &#8230; <a title=\"Contacto\" class=\"read-more\" href=\"https:\/\/riberasalud.com\/juan-cardona\/contacto\/\" aria-label=\"Leer m\u00e1s sobre Contacto\">Leer m\u00e1s<\/a><\/p>\n","protected":false},"author":1,"featured_media":0,"parent":0,"menu_order":0,"comment_status":"closed","ping_status":"closed","template":"","meta":{"footnotes":""},"class_list":["post-41","page","type-page","status-publish"],"yoast_head":"<!-- This site is optimized with the Yoast SEO plugin v26.6 - https:\/\/yoast.com\/wordpress\/plugins\/seo\/ -->\n<title>Contacto - Hospital Ribera Juan Cardona<\/title>\n<meta name=\"description\" content=\"Cont\u00e1ctanos. Encuentra nuestros datos de contacto, incluyendo tel\u00e9fono, email y direcci\u00f3n, para recibir la asistencia que necesitas.\" \/>\n<meta name=\"robots\" content=\"index, follow, max-snippet:-1, max-image-preview:large, max-video-preview:-1\" \/>\n<link rel=\"canonical\" href=\"https:\/\/riberasalud.com\/juan-cardona\/contacto\/\" \/>\n<meta property=\"og:locale\" content=\"es_ES\" \/>\n<meta property=\"og:type\" content=\"article\" \/>\n<meta property=\"og:title\" content=\"Contacto - Hospital Ribera Juan Cardona\" \/>\n<meta property=\"og:description\" content=\"Cont\u00e1ctanos. Encuentra nuestros datos de contacto, incluyendo tel\u00e9fono, email y direcci\u00f3n, para recibir la asistencia que necesitas.\" \/>\n<meta property=\"og:url\" content=\"https:\/\/riberasalud.com\/juan-cardona\/contacto\/\" \/>\n<meta property=\"og:site_name\" content=\"Hospital Ribera Juan Cardona\" \/>\n<meta property=\"article:modified_time\" content=\"2025-07-17T08:06:55+00:00\" \/>\n<meta name=\"twitter:card\" content=\"summary_large_image\" \/>\n<meta name=\"twitter:label1\" content=\"Tiempo de lectura\" \/>\n\t<meta name=\"twitter:data1\" content=\"1 minuto\" \/>\n<script type=\"application\/ld+json\" class=\"yoast-schema-graph\">{\"@context\":\"https:\/\/schema.org\",\"@graph\":[{\"@type\":\"WebPage\",\"@id\":\"https:\/\/riberasalud.com\/juan-cardona\/contacto\/\",\"url\":\"https:\/\/riberasalud.com\/juan-cardona\/contacto\/\",\"name\":\"Contacto - Hospital Ribera Juan Cardona\",\"isPartOf\":{\"@id\":\"https:\/\/riberasalud.com\/juan-cardona\/#website\"},\"datePublished\":\"2024-04-10T14:36:02+00:00\",\"dateModified\":\"2025-07-17T08:06:55+00:00\",\"description\":\"Cont\u00e1ctanos. Encuentra nuestros datos de contacto, incluyendo tel\u00e9fono, email y direcci\u00f3n, para recibir la asistencia que necesitas.\",\"breadcrumb\":{\"@id\":\"https:\/\/riberasalud.com\/juan-cardona\/contacto\/#breadcrumb\"},\"inLanguage\":\"es\",\"potentialAction\":[{\"@type\":\"ReadAction\",\"target\":[\"https:\/\/riberasalud.com\/juan-cardona\/contacto\/\"]}]},{\"@type\":\"BreadcrumbList\",\"@id\":\"https:\/\/riberasalud.com\/juan-cardona\/contacto\/#breadcrumb\",\"itemListElement\":[{\"@type\":\"ListItem\",\"position\":1,\"name\":\"Portada\",\"item\":\"https:\/\/riberasalud.com\/juan-cardona\/\"},{\"@type\":\"ListItem\",\"position\":2,\"name\":\"Contacto\"}]},{\"@type\":\"WebSite\",\"@id\":\"https:\/\/riberasalud.com\/juan-cardona\/#website\",\"url\":\"https:\/\/riberasalud.com\/juan-cardona\/\",\"name\":\"Hospital Ribera Juan Cardona\",\"description\":\"\",\"publisher\":{\"@id\":\"https:\/\/riberasalud.com\/juan-cardona\/#organization\"},\"potentialAction\":[{\"@type\":\"SearchAction\",\"target\":{\"@type\":\"EntryPoint\",\"urlTemplate\":\"https:\/\/riberasalud.com\/juan-cardona\/?s={search_term_string}\"},\"query-input\":{\"@type\":\"PropertyValueSpecification\",\"valueRequired\":true,\"valueName\":\"search_term_string\"}}],\"inLanguage\":\"es\"},{\"@type\":\"Organization\",\"@id\":\"https:\/\/riberasalud.com\/juan-cardona\/#organization\",\"name\":\"Hospital Ribera Juan Cardona\",\"url\":\"https:\/\/riberasalud.com\/juan-cardona\/\",\"logo\":{\"@type\":\"ImageObject\",\"inLanguage\":\"es\",\"@id\":\"https:\/\/riberasalud.com\/juan-cardona\/#\/schema\/logo\/image\/\",\"url\":\"https:\/\/riberasalud.com\/juan-cardona\/wp-content\/uploads\/2025\/01\/Logo-Red-JuanCardona.png\",\"contentUrl\":\"https:\/\/riberasalud.com\/juan-cardona\/wp-content\/uploads\/2025\/01\/Logo-Red-JuanCardona.png\",\"width\":2267,\"height\":495,\"caption\":\"Hospital Ribera Juan Cardona\"},\"image\":{\"@id\":\"https:\/\/riberasalud.com\/juan-cardona\/#\/schema\/logo\/image\/\"}}]}<\/script>\n<!-- \/ Yoast SEO plugin. -->","yoast_head_json":{"title":"Contacto - Hospital Ribera Juan Cardona","description":"Cont\u00e1ctanos. Encuentra nuestros datos de contacto, incluyendo tel\u00e9fono, email y direcci\u00f3n, para recibir la asistencia que necesitas.","robots":{"index":"index","follow":"follow","max-snippet":"max-snippet:-1","max-image-preview":"max-image-preview:large","max-video-preview":"max-video-preview:-1"},"canonical":"https:\/\/riberasalud.com\/juan-cardona\/contacto\/","og_locale":"es_ES","og_type":"article","og_title":"Contacto - Hospital Ribera Juan Cardona","og_description":"Cont\u00e1ctanos. Encuentra nuestros datos de contacto, incluyendo tel\u00e9fono, email y direcci\u00f3n, para recibir la asistencia que necesitas.","og_url":"https:\/\/riberasalud.com\/juan-cardona\/contacto\/","og_site_name":"Hospital Ribera Juan Cardona","article_modified_time":"2025-07-17T08:06:55+00:00","twitter_card":"summary_large_image","twitter_misc":{"Tiempo de lectura":"1 minuto"},"schema":{"@context":"https:\/\/schema.org","@graph":[{"@type":"WebPage","@id":"https:\/\/riberasalud.com\/juan-cardona\/contacto\/","url":"https:\/\/riberasalud.com\/juan-cardona\/contacto\/","name":"Contacto - Hospital Ribera Juan Cardona","isPartOf":{"@id":"https:\/\/riberasalud.com\/juan-cardona\/#website"},"datePublished":"2024-04-10T14:36:02+00:00","dateModified":"2025-07-17T08:06:55+00:00","description":"Cont\u00e1ctanos. Encuentra nuestros datos de contacto, incluyendo tel\u00e9fono, email y direcci\u00f3n, para recibir la asistencia que necesitas.","breadcrumb":{"@id":"https:\/\/riberasalud.com\/juan-cardona\/contacto\/#breadcrumb"},"inLanguage":"es","potentialAction":[{"@type":"ReadAction","target":["https:\/\/riberasalud.com\/juan-cardona\/contacto\/"]}]},{"@type":"BreadcrumbList","@id":"https:\/\/riberasalud.com\/juan-cardona\/contacto\/#breadcrumb","itemListElement":[{"@type":"ListItem","position":1,"name":"Portada","item":"https:\/\/riberasalud.com\/juan-cardona\/"},{"@type":"ListItem","position":2,"name":"Contacto"}]},{"@type":"WebSite","@id":"https:\/\/riberasalud.com\/juan-cardona\/#website","url":"https:\/\/riberasalud.com\/juan-cardona\/","name":"Hospital Ribera Juan Cardona","description":"","publisher":{"@id":"https:\/\/riberasalud.com\/juan-cardona\/#organization"},"potentialAction":[{"@type":"SearchAction","target":{"@type":"EntryPoint","urlTemplate":"https:\/\/riberasalud.com\/juan-cardona\/?s={search_term_string}"},"query-input":{"@type":"PropertyValueSpecification","valueRequired":true,"valueName":"search_term_string"}}],"inLanguage":"es"},{"@type":"Organization","@id":"https:\/\/riberasalud.com\/juan-cardona\/#organization","name":"Hospital Ribera Juan Cardona","url":"https:\/\/riberasalud.com\/juan-cardona\/","logo":{"@type":"ImageObject","inLanguage":"es","@id":"https:\/\/riberasalud.com\/juan-cardona\/#\/schema\/logo\/image\/","url":"https:\/\/riberasalud.com\/juan-cardona\/wp-content\/uploads\/2025\/01\/Logo-Red-JuanCardona.png","contentUrl":"https:\/\/riberasalud.com\/juan-cardona\/wp-content\/uploads\/2025\/01\/Logo-Red-JuanCardona.png","width":2267,"height":495,"caption":"Hospital Ribera Juan Cardona"},"image":{"@id":"https:\/\/riberasalud.com\/juan-cardona\/#\/schema\/logo\/image\/"}}]}},"_links":{"self":[{"href":"https:\/\/riberasalud.com\/juan-cardona\/wp-json\/wp\/v2\/pages\/41","targetHints":{"allow":["GET"]}}],"collection":[{"href":"https:\/\/riberasalud.com\/juan-cardona\/wp-json\/wp\/v2\/pages"}],"about":[{"href":"https:\/\/riberasalud.com\/juan-cardona\/wp-json\/wp\/v2\/types\/page"}],"author":[{"embeddable":true,"href":"https:\/\/riberasalud.com\/juan-cardona\/wp-json\/wp\/v2\/users\/1"}],"replies":[{"embeddable":true,"href":"https:\/\/riberasalud.com\/juan-cardona\/wp-json\/wp\/v2\/comments?post=41"}],"version-history":[{"count":19,"href":"https:\/\/riberasalud.com\/juan-cardona\/wp-json\/wp\/v2\/pages\/41\/revisions"}],"predecessor-version":[{"id":7551,"href":"https:\/\/riberasalud.com\/juan-cardona\/wp-json\/wp\/v2\/pages\/41\/revisions\/7551"}],"wp:attachment":[{"href":"https:\/\/riberasalud.com\/juan-cardona\/wp-json\/wp\/v2\/media?parent=41"}],"curies":[{"name":"wp","href":"https:\/\/api.w.org\/{rel}","templated":true}]}}