{"id":26,"date":"2024-04-10T16:01:26","date_gmt":"2024-04-10T14:01:26","guid":{"rendered":"https:\/\/riberasalud.com\/juan-cardonaaux\/?page_id=26"},"modified":"2025-05-21T15:07:14","modified_gmt":"2025-05-21T13:07:14","slug":"calidad","status":"publish","type":"page","link":"https:\/\/riberasalud.com\/juan-cardona\/calidad\/","title":{"rendered":"Calidad"},"content":{"rendered":"\n<div class=\"wp-block-group hasbackgroundnaranja sliderlinea\"><div class=\"wp-block-group__inner-container is-layout-flow wp-block-group-is-layout-flow\">\n<p>HOSPITAL RIBERA JUAN CARDONA<\/p>\n\n\n\n<h1 class=\"wp-block-heading\">Calidad<\/h1>\n<\/div><\/div>\n\n\n\n<div class=\"wp-block-group hasbackgroundmio\"><div class=\"wp-block-group__inner-container is-layout-flow wp-block-group-is-layout-flow\">\n<p class=\"has-text-align-center has-text-color\" style=\"color:#d71029;font-size:24px\">Pol\u00edticas<\/p>\n\n\n\n<p class=\"has-text-align-center\" style=\"font-size:16px\">Para conocer todas las pol\u00edticas<br><strong>Pincha <a href=\"https:\/\/www.riberasalud.com\/corporativo\/politicas\/\">aqu\u00ed<\/a><\/strong><\/p>\n<\/div><\/div>\n\n\n\n<div class=\"wp-block-group\"><div class=\"wp-block-group__inner-container is-layout-flow wp-block-group-is-layout-flow\">\n<h2 class=\"wp-block-heading has-text-align-center\">Acreditaciones y Reconocimientos<\/h2>\n\n\n\n<div style=\"height:20px\" aria-hidden=\"true\" class=\"wp-block-spacer\"><\/div>\n\n\n\n<div class=\"wp-block-columns is-layout-flex wp-container-core-columns-is-layout-9d6595d7 wp-block-columns-is-layout-flex\">\n<div class=\"wp-block-column is-layout-flow wp-block-column-is-layout-flow\"><div class=\"wp-block-image\">\n<figure class=\"aligncenter size-full\"><img loading=\"lazy\" decoding=\"async\" width=\"768\" height=\"611\" src=\"https:\/\/riberasalud.com\/juan-cardona\/wp-content\/uploads\/2024\/04\/Sin-titulo-9_Mesa-de-trabajo-1-768x611-1.jpg\" alt=\"\" class=\"wp-image-30\" srcset=\"https:\/\/riberasalud.com\/juan-cardona\/wp-content\/uploads\/2024\/04\/Sin-titulo-9_Mesa-de-trabajo-1-768x611-1.jpg 768w, https:\/\/riberasalud.com\/juan-cardona\/wp-content\/uploads\/2024\/04\/Sin-titulo-9_Mesa-de-trabajo-1-768x611-1-300x239.jpg 300w\" sizes=\"auto, (max-width: 768px) 100vw, 768px\" \/><figcaption class=\"wp-element-caption\">9001:2015<\/figcaption><\/figure>\n<\/div><\/div>\n\n\n\n<div class=\"wp-block-column is-layout-flow wp-block-column-is-layout-flow\"><div class=\"wp-block-image\">\n<figure class=\"aligncenter size-full\"><img loading=\"lazy\" decoding=\"async\" width=\"768\" height=\"611\" src=\"https:\/\/riberasalud.com\/juan-cardona\/wp-content\/uploads\/2024\/04\/Sin-titulo-9-02-768x611-1.jpg\" alt=\"\" class=\"wp-image-29\" style=\"object-fit:cover\" srcset=\"https:\/\/riberasalud.com\/juan-cardona\/wp-content\/uploads\/2024\/04\/Sin-titulo-9-02-768x611-1.jpg 768w, https:\/\/riberasalud.com\/juan-cardona\/wp-content\/uploads\/2024\/04\/Sin-titulo-9-02-768x611-1-300x239.jpg 300w\" sizes=\"auto, (max-width: 768px) 100vw, 768px\" \/><figcaption class=\"wp-element-caption\">179003:2013<\/figcaption><\/figure>\n<\/div><\/div>\n\n\n\n<div class=\"wp-block-column is-layout-flow wp-block-column-is-layout-flow\"><div class=\"wp-block-image\">\n<figure class=\"aligncenter size-full\"><img loading=\"lazy\" decoding=\"async\" width=\"768\" height=\"611\" src=\"https:\/\/riberasalud.com\/juan-cardona\/wp-content\/uploads\/2024\/04\/Sin-titulo-9-03-768x611-1.jpg\" alt=\"\" class=\"wp-image-28\" style=\"object-fit:cover\" srcset=\"https:\/\/riberasalud.com\/juan-cardona\/wp-content\/uploads\/2024\/04\/Sin-titulo-9-03-768x611-1.jpg 768w, https:\/\/riberasalud.com\/juan-cardona\/wp-content\/uploads\/2024\/04\/Sin-titulo-9-03-768x611-1-300x239.jpg 300w\" sizes=\"auto, (max-width: 768px) 100vw, 768px\" \/><figcaption class=\"wp-element-caption\">179006<\/figcaption><\/figure>\n<\/div><\/div>\n<\/div>\n\n\n\n<div class=\"wp-block-columns is-layout-flex wp-container-core-columns-is-layout-9d6595d7 wp-block-columns-is-layout-flex\">\n<div class=\"wp-block-column is-layout-flow wp-block-column-is-layout-flow\"><div class=\"wp-block-image\">\n<figure class=\"aligncenter size-full\"><img loading=\"lazy\" decoding=\"async\" width=\"212\" height=\"300\" src=\"https:\/\/riberasalud.com\/juan-cardona\/wp-content\/uploads\/2024\/04\/2022_sello-C-212x300-1.jpg\" alt=\"\" class=\"wp-image-27\"\/><figcaption class=\"wp-element-caption\">2022<\/figcaption><\/figure>\n<\/div><\/div>\n\n\n\n<div class=\"wp-block-column is-layout-flow wp-block-column-is-layout-flow\"><\/div>\n\n\n\n<div class=\"wp-block-column is-layout-flow wp-block-column-is-layout-flow\"><\/div>\n<\/div>\n\n\n\n<div style=\"height:40px\" aria-hidden=\"true\" class=\"wp-block-spacer onlydesktop\"><\/div>\n\n\n\n<div class=\"wp-block-group alignfull hasbackgroundmio\"><div class=\"wp-block-group__inner-container is-layout-flow wp-block-group-is-layout-flow\">\n<h2 class=\"wp-block-heading has-text-align-left has-text-color\" style=\"color:#d71029;font-size:24px\">Medio Ambiente<\/h2>\n\n\n\n<h3 class=\"wp-block-heading has-text-align-left subtitulo\">Desempe\u00f1o Ambiental (Planificaci\u00f3n 2025)<\/h3>\n\n\n\n<p>Con la&nbsp;<strong>norma ISO 14001<\/strong>, uno de los&nbsp;<strong>requisitos<\/strong>&nbsp;de esta norma es que informemos sobre el desempe\u00f1o ambiental de la organizaci\u00f3n y sus aspectos ambientales significativos.<\/p>\n\n\n\n<p>Algunos de los&nbsp;<strong>aspectos ambientales con m\u00e1s impacto<\/strong>&nbsp;en nuestra Organizaci\u00f3n son: Generaci\u00f3n de residuos hospitalarios no infecciosos, residuos de productos qu\u00edmicos, residuos citot\u00f3xicos y citost\u00e1ticos, consumos de papel y \u00d3xido nitroso.<\/p>\n\n\n\n<p class=\"has-text-color has-link-color wp-elements-e0d7fc3952027a1b6faedfccc4b9e47a\" style=\"color:#d71029\"><em>#Somossaludresponsable<\/em><\/p>\n\n\n\n<h3 class=\"wp-block-heading has-text-align-left subtitulo\">Comunicaci\u00f3n ambiental a proveedores<\/h3>\n\n\n\n<p>En Ribera Juan Cardona asumimos que un desarrollo sostenible va ligado a la protecci\u00f3n del medioambiente y a la prevenci\u00f3n de la contaminaci\u00f3n, por eso nos comprometemos a incluir nuestra pol\u00edtica ambiental en todas nuestras actividades, conscientes de que la mejora del entorno va en beneficio tambi\u00e9n de la salud de la poblaci\u00f3n.<\/p>\n\n\n\n<p>El Hospital tiene implantado un sistema de gesti\u00f3n basado en la ISO 14001 (medioambiente) y gestionan sus aspectos ambientales.<br>Solicitamos que nuestros proveedores apuesten por un consumo responsable de recursos (agua, energ\u00eda, productos qu\u00edmicos \u2026), realicen una correcta gesti\u00f3n de los residuos, reduzcan su huella de carbono e intenten minimizar el impacto medioambiental en todos sus procesos. Para nosotros, es un aspecto muy importante que los proveedores cumplan con la normativa de medio ambiente y dispongan de un sistema de gesti\u00f3n ambiental.<\/p>\n<\/div><\/div>\n\n\n\n<div style=\"height:40px\" aria-hidden=\"true\" class=\"wp-block-spacer\"><\/div>\n\n\n\n<div class=\"wp-block-columns is-layout-flex wp-container-core-columns-is-layout-9d6595d7 wp-block-columns-is-layout-flex\">\n<div class=\"wp-block-column is-layout-flow wp-block-column-is-layout-flow\" style=\"flex-basis:66.66%\">\n<h2 class=\"wp-block-heading\"><span class=\"ugb-highlight\" style=\"color: #d71128;\">Trabajamos cada d\u00eda para alcanzar la excelencia en nuestros servicios<\/span><\/h2>\n\n\n\n<p><strong>Esta Pol\u00edtica del Sistema de Calidad servir\u00e1 como marco para el establecimiento de los Objetivos anuales y ser\u00e1 revisada peri\u00f3dicamente con el fin de verificar su adecuaci\u00f3n a la forma real de actuar de los Servicios del Hospital, estando a disposici\u00f3n de las partes interesadas pertinentes que pudiesen solicitarla.<\/strong><\/p>\n\n\n\n<p>Hemos logrado y trabajamos cada d\u00eda para lograr:<\/p>\n\n\n\n<ul class=\"wp-block-list\">\n<li>Proporcionar informaci\u00f3n cl\u00ednicamente \u00fatil, fiable y dentro de un tiempo de respuesta adecuado<\/li>\n\n\n\n<li>Establecer flujos de comunicaci\u00f3n tanto internos como externos entre cl\u00ednicos y servicio hospitalarios con el fin de conseguir una mejor evaluaci\u00f3n posterior de los pacientes.<\/li>\n\n\n\n<li>Prestar el mejor y m\u00e1s adecuado servicio m\u00e9dico a nuestros pacientes y a su entorno familiar.<\/li>\n<\/ul>\n\n\n\n<p>Para cumplir con la Presente Pol\u00edtica, el&nbsp;<a href=\"https:\/\/www.riberasalud.com\/juan-cardona\/\" target=\"_blank\" rel=\"noreferrer noopener\">Hospital Juan Cardona<\/a>&nbsp;ha adecuado y mejorado el Sistema de Gesti\u00f3n de Calidad basado en la norma&nbsp;UNE-EN-ISO 9001:2015&nbsp;y&nbsp;179003:2013.<\/p>\n\n\n\n<figure class=\"wp-block-image size-full\"><img loading=\"lazy\" decoding=\"async\" width=\"951\" height=\"567\" src=\"https:\/\/www.riberasalud.com\/juan-cardona\/wp-content\/uploads\/2021\/09\/Gestion-calidad.jpg\" alt=\"\" class=\"wp-image-3738\" srcset=\"https:\/\/riberasalud.com\/juan-cardona\/wp-content\/uploads\/2021\/09\/Gestion-calidad.jpg 951w, https:\/\/riberasalud.com\/juan-cardona\/wp-content\/uploads\/2021\/09\/Gestion-calidad-300x179.jpg 300w, https:\/\/riberasalud.com\/juan-cardona\/wp-content\/uploads\/2021\/09\/Gestion-calidad-768x458.jpg 768w\" sizes=\"auto, (max-width: 951px) 100vw, 951px\" \/><\/figure>\n\n\n\n<div style=\"height:9px\" aria-hidden=\"true\" class=\"wp-block-spacer\"><\/div>\n\n\n\n<p><strong>La&nbsp;<a href=\"https:\/\/www.riberasalud.com\/juan-cardona\/equipo-directivo\/\" target=\"_blank\" rel=\"noreferrer noopener\">Direcci\u00f3n<\/a>&nbsp;requiere a todo el personal para que, en el desempe\u00f1o de sus funciones, cumplan positivamente este compromiso, participando todos y cada uno de acuerdo con la responsabilidad que le corresponda seg\u00fan su puesto en la organizaci\u00f3n de la empresa.<\/strong><\/p>\n\n\n\n<p><\/p>\n<\/div>\n\n\n\n<div class=\"wp-block-column is-layout-flow wp-block-column-is-layout-flow\" style=\"flex-basis:33.33%\">\n<h5 class=\"wp-block-heading\"><strong><span style=\"color: #d11723;\" class=\"ugb-highlight\">PRINCIPIOS EN LOS QUE SE BASA LA ACTUACI\u00d3N DE NUESTROS SERVICIOS<\/span><\/strong><\/h5>\n\n\n\n<ul class=\"wp-block-list\">\n<li><strong>Gestionar el riesgo cl\u00ednico para identificar las situaciones de riesgo a las que pueden estar sometidos nuestros pacientes e implementar acciones para su reducci\u00f3n y prevenci\u00f3n.<\/strong><\/li>\n\n\n\n<li><strong>Definir y mantener un sistema de indicadores que nos permita monitorizar, analizar y tomar decisiones orientadas a la reducci\u00f3n o eliminaci\u00f3n de los peligrosos.<\/strong><\/li>\n\n\n\n<li><strong>Proporcionar los medios adecuados para que todo el personal pueda identificar y eliminar libremente los obst\u00e1culos que impidan mejorar la Calidad de su trabajo.<\/strong><\/li>\n\n\n\n<li><strong>Optimizar la gesti\u00f3n de todos los recursos con el fin de garantizar su permanente actualizaci\u00f3n y la eficiencia de su utilizaci\u00f3n en la atenci\u00f3n a los pacientes.<\/strong><\/li>\n\n\n\n<li><strong>Trabajar en todo momento dentro de la m\u00e1s estricta \u00e9tica profesional y cumpliendo la normativa y legislaci\u00f3n aplicable.<\/strong><\/li>\n<\/ul>\n<\/div>\n<\/div>\n<\/div><\/div>\n","protected":false},"excerpt":{"rendered":"<p>HOSPITAL RIBERA JUAN CARDONA Calidad Pol\u00edticas Para conocer todas las pol\u00edticasPincha aqu\u00ed Acreditaciones y Reconocimientos Medio Ambiente Desempe\u00f1o Ambiental (Planificaci\u00f3n 2025) Con la&nbsp;norma ISO 14001, uno de los&nbsp;requisitos&nbsp;de esta norma es que informemos sobre el desempe\u00f1o ambiental de la organizaci\u00f3n y sus aspectos ambientales significativos. Algunos de los&nbsp;aspectos ambientales con m\u00e1s impacto&nbsp;en nuestra Organizaci\u00f3n son: &#8230; <a title=\"Calidad\" class=\"read-more\" href=\"https:\/\/riberasalud.com\/juan-cardona\/calidad\/\" aria-label=\"Leer m\u00e1s sobre Calidad\">Leer m\u00e1s<\/a><\/p>\n","protected":false},"author":1,"featured_media":0,"parent":0,"menu_order":0,"comment_status":"closed","ping_status":"closed","template":"","meta":{"footnotes":""},"class_list":["post-26","page","type-page","status-publish"],"yoast_head":"<!-- This site is optimized with the Yoast SEO plugin v26.6 - https:\/\/yoast.com\/wordpress\/plugins\/seo\/ -->\n<title>Calidad - Hospital Ribera Juan Cardona<\/title>\n<meta name=\"description\" content=\"Conoce las acreditaciones y reconocimientos que respaldan la calidad de nuestro hospital. Comprometidos con la excelencia en atenci\u00f3n m\u00e9dica.\" \/>\n<meta name=\"robots\" content=\"index, follow, max-snippet:-1, max-image-preview:large, max-video-preview:-1\" \/>\n<link rel=\"canonical\" href=\"https:\/\/riberasalud.com\/juan-cardona\/calidad\/\" \/>\n<meta property=\"og:locale\" content=\"es_ES\" \/>\n<meta property=\"og:type\" content=\"article\" \/>\n<meta property=\"og:title\" content=\"Calidad - Hospital Ribera Juan Cardona\" \/>\n<meta property=\"og:description\" content=\"Conoce las acreditaciones y reconocimientos que respaldan la calidad de nuestro hospital. Comprometidos con la excelencia en atenci\u00f3n m\u00e9dica.\" \/>\n<meta property=\"og:url\" content=\"https:\/\/riberasalud.com\/juan-cardona\/calidad\/\" \/>\n<meta property=\"og:site_name\" content=\"Hospital Ribera Juan Cardona\" \/>\n<meta property=\"article:modified_time\" content=\"2025-05-21T13:07:14+00:00\" \/>\n<meta property=\"og:image\" content=\"https:\/\/riberasalud.com\/juan-cardona\/wp-content\/uploads\/2024\/04\/Sin-titulo-9_Mesa-de-trabajo-1-768x611-1.jpg\" \/>\n<meta name=\"twitter:card\" content=\"summary_large_image\" \/>\n<meta name=\"twitter:label1\" content=\"Tiempo de lectura\" \/>\n\t<meta name=\"twitter:data1\" content=\"4 minutos\" \/>\n<script type=\"application\/ld+json\" class=\"yoast-schema-graph\">{\"@context\":\"https:\/\/schema.org\",\"@graph\":[{\"@type\":\"WebPage\",\"@id\":\"https:\/\/riberasalud.com\/juan-cardona\/calidad\/\",\"url\":\"https:\/\/riberasalud.com\/juan-cardona\/calidad\/\",\"name\":\"Calidad - Hospital Ribera Juan Cardona\",\"isPartOf\":{\"@id\":\"https:\/\/riberasalud.com\/juan-cardona\/#website\"},\"primaryImageOfPage\":{\"@id\":\"https:\/\/riberasalud.com\/juan-cardona\/calidad\/#primaryimage\"},\"image\":{\"@id\":\"https:\/\/riberasalud.com\/juan-cardona\/calidad\/#primaryimage\"},\"thumbnailUrl\":\"https:\/\/riberasalud.com\/juan-cardona\/wp-content\/uploads\/2024\/04\/Sin-titulo-9_Mesa-de-trabajo-1-768x611-1.jpg\",\"datePublished\":\"2024-04-10T14:01:26+00:00\",\"dateModified\":\"2025-05-21T13:07:14+00:00\",\"description\":\"Conoce las acreditaciones y reconocimientos que respaldan la calidad de nuestro hospital. Comprometidos con la excelencia en atenci\u00f3n m\u00e9dica.\",\"breadcrumb\":{\"@id\":\"https:\/\/riberasalud.com\/juan-cardona\/calidad\/#breadcrumb\"},\"inLanguage\":\"es\",\"potentialAction\":[{\"@type\":\"ReadAction\",\"target\":[\"https:\/\/riberasalud.com\/juan-cardona\/calidad\/\"]}]},{\"@type\":\"ImageObject\",\"inLanguage\":\"es\",\"@id\":\"https:\/\/riberasalud.com\/juan-cardona\/calidad\/#primaryimage\",\"url\":\"https:\/\/riberasalud.com\/juan-cardona\/wp-content\/uploads\/2024\/04\/Sin-titulo-9_Mesa-de-trabajo-1-768x611-1.jpg\",\"contentUrl\":\"https:\/\/riberasalud.com\/juan-cardona\/wp-content\/uploads\/2024\/04\/Sin-titulo-9_Mesa-de-trabajo-1-768x611-1.jpg\",\"width\":768,\"height\":611},{\"@type\":\"BreadcrumbList\",\"@id\":\"https:\/\/riberasalud.com\/juan-cardona\/calidad\/#breadcrumb\",\"itemListElement\":[{\"@type\":\"ListItem\",\"position\":1,\"name\":\"Portada\",\"item\":\"https:\/\/riberasalud.com\/juan-cardona\/\"},{\"@type\":\"ListItem\",\"position\":2,\"name\":\"Calidad\"}]},{\"@type\":\"WebSite\",\"@id\":\"https:\/\/riberasalud.com\/juan-cardona\/#website\",\"url\":\"https:\/\/riberasalud.com\/juan-cardona\/\",\"name\":\"Hospital Ribera Juan Cardona\",\"description\":\"\",\"publisher\":{\"@id\":\"https:\/\/riberasalud.com\/juan-cardona\/#organization\"},\"potentialAction\":[{\"@type\":\"SearchAction\",\"target\":{\"@type\":\"EntryPoint\",\"urlTemplate\":\"https:\/\/riberasalud.com\/juan-cardona\/?s={search_term_string}\"},\"query-input\":{\"@type\":\"PropertyValueSpecification\",\"valueRequired\":true,\"valueName\":\"search_term_string\"}}],\"inLanguage\":\"es\"},{\"@type\":\"Organization\",\"@id\":\"https:\/\/riberasalud.com\/juan-cardona\/#organization\",\"name\":\"Hospital Ribera Juan Cardona\",\"url\":\"https:\/\/riberasalud.com\/juan-cardona\/\",\"logo\":{\"@type\":\"ImageObject\",\"inLanguage\":\"es\",\"@id\":\"https:\/\/riberasalud.com\/juan-cardona\/#\/schema\/logo\/image\/\",\"url\":\"https:\/\/riberasalud.com\/juan-cardona\/wp-content\/uploads\/2025\/01\/Logo-Red-JuanCardona.png\",\"contentUrl\":\"https:\/\/riberasalud.com\/juan-cardona\/wp-content\/uploads\/2025\/01\/Logo-Red-JuanCardona.png\",\"width\":2267,\"height\":495,\"caption\":\"Hospital Ribera Juan Cardona\"},\"image\":{\"@id\":\"https:\/\/riberasalud.com\/juan-cardona\/#\/schema\/logo\/image\/\"}}]}<\/script>\n<!-- \/ Yoast SEO plugin. -->","yoast_head_json":{"title":"Calidad - Hospital Ribera Juan Cardona","description":"Conoce las acreditaciones y reconocimientos que respaldan la calidad de nuestro hospital. Comprometidos con la excelencia en atenci\u00f3n m\u00e9dica.","robots":{"index":"index","follow":"follow","max-snippet":"max-snippet:-1","max-image-preview":"max-image-preview:large","max-video-preview":"max-video-preview:-1"},"canonical":"https:\/\/riberasalud.com\/juan-cardona\/calidad\/","og_locale":"es_ES","og_type":"article","og_title":"Calidad - Hospital Ribera Juan Cardona","og_description":"Conoce las acreditaciones y reconocimientos que respaldan la calidad de nuestro hospital. Comprometidos con la excelencia en atenci\u00f3n m\u00e9dica.","og_url":"https:\/\/riberasalud.com\/juan-cardona\/calidad\/","og_site_name":"Hospital Ribera Juan Cardona","article_modified_time":"2025-05-21T13:07:14+00:00","og_image":[{"url":"https:\/\/riberasalud.com\/juan-cardona\/wp-content\/uploads\/2024\/04\/Sin-titulo-9_Mesa-de-trabajo-1-768x611-1.jpg","type":"","width":"","height":""}],"twitter_card":"summary_large_image","twitter_misc":{"Tiempo de lectura":"4 minutos"},"schema":{"@context":"https:\/\/schema.org","@graph":[{"@type":"WebPage","@id":"https:\/\/riberasalud.com\/juan-cardona\/calidad\/","url":"https:\/\/riberasalud.com\/juan-cardona\/calidad\/","name":"Calidad - Hospital Ribera Juan Cardona","isPartOf":{"@id":"https:\/\/riberasalud.com\/juan-cardona\/#website"},"primaryImageOfPage":{"@id":"https:\/\/riberasalud.com\/juan-cardona\/calidad\/#primaryimage"},"image":{"@id":"https:\/\/riberasalud.com\/juan-cardona\/calidad\/#primaryimage"},"thumbnailUrl":"https:\/\/riberasalud.com\/juan-cardona\/wp-content\/uploads\/2024\/04\/Sin-titulo-9_Mesa-de-trabajo-1-768x611-1.jpg","datePublished":"2024-04-10T14:01:26+00:00","dateModified":"2025-05-21T13:07:14+00:00","description":"Conoce las acreditaciones y reconocimientos que respaldan la calidad de nuestro hospital. Comprometidos con la excelencia en atenci\u00f3n m\u00e9dica.","breadcrumb":{"@id":"https:\/\/riberasalud.com\/juan-cardona\/calidad\/#breadcrumb"},"inLanguage":"es","potentialAction":[{"@type":"ReadAction","target":["https:\/\/riberasalud.com\/juan-cardona\/calidad\/"]}]},{"@type":"ImageObject","inLanguage":"es","@id":"https:\/\/riberasalud.com\/juan-cardona\/calidad\/#primaryimage","url":"https:\/\/riberasalud.com\/juan-cardona\/wp-content\/uploads\/2024\/04\/Sin-titulo-9_Mesa-de-trabajo-1-768x611-1.jpg","contentUrl":"https:\/\/riberasalud.com\/juan-cardona\/wp-content\/uploads\/2024\/04\/Sin-titulo-9_Mesa-de-trabajo-1-768x611-1.jpg","width":768,"height":611},{"@type":"BreadcrumbList","@id":"https:\/\/riberasalud.com\/juan-cardona\/calidad\/#breadcrumb","itemListElement":[{"@type":"ListItem","position":1,"name":"Portada","item":"https:\/\/riberasalud.com\/juan-cardona\/"},{"@type":"ListItem","position":2,"name":"Calidad"}]},{"@type":"WebSite","@id":"https:\/\/riberasalud.com\/juan-cardona\/#website","url":"https:\/\/riberasalud.com\/juan-cardona\/","name":"Hospital Ribera Juan Cardona","description":"","publisher":{"@id":"https:\/\/riberasalud.com\/juan-cardona\/#organization"},"potentialAction":[{"@type":"SearchAction","target":{"@type":"EntryPoint","urlTemplate":"https:\/\/riberasalud.com\/juan-cardona\/?s={search_term_string}"},"query-input":{"@type":"PropertyValueSpecification","valueRequired":true,"valueName":"search_term_string"}}],"inLanguage":"es"},{"@type":"Organization","@id":"https:\/\/riberasalud.com\/juan-cardona\/#organization","name":"Hospital Ribera Juan Cardona","url":"https:\/\/riberasalud.com\/juan-cardona\/","logo":{"@type":"ImageObject","inLanguage":"es","@id":"https:\/\/riberasalud.com\/juan-cardona\/#\/schema\/logo\/image\/","url":"https:\/\/riberasalud.com\/juan-cardona\/wp-content\/uploads\/2025\/01\/Logo-Red-JuanCardona.png","contentUrl":"https:\/\/riberasalud.com\/juan-cardona\/wp-content\/uploads\/2025\/01\/Logo-Red-JuanCardona.png","width":2267,"height":495,"caption":"Hospital Ribera Juan Cardona"},"image":{"@id":"https:\/\/riberasalud.com\/juan-cardona\/#\/schema\/logo\/image\/"}}]}},"_links":{"self":[{"href":"https:\/\/riberasalud.com\/juan-cardona\/wp-json\/wp\/v2\/pages\/26","targetHints":{"allow":["GET"]}}],"collection":[{"href":"https:\/\/riberasalud.com\/juan-cardona\/wp-json\/wp\/v2\/pages"}],"about":[{"href":"https:\/\/riberasalud.com\/juan-cardona\/wp-json\/wp\/v2\/types\/page"}],"author":[{"embeddable":true,"href":"https:\/\/riberasalud.com\/juan-cardona\/wp-json\/wp\/v2\/users\/1"}],"replies":[{"embeddable":true,"href":"https:\/\/riberasalud.com\/juan-cardona\/wp-json\/wp\/v2\/comments?post=26"}],"version-history":[{"count":29,"href":"https:\/\/riberasalud.com\/juan-cardona\/wp-json\/wp\/v2\/pages\/26\/revisions"}],"predecessor-version":[{"id":7446,"href":"https:\/\/riberasalud.com\/juan-cardona\/wp-json\/wp\/v2\/pages\/26\/revisions\/7446"}],"wp:attachment":[{"href":"https:\/\/riberasalud.com\/juan-cardona\/wp-json\/wp\/v2\/media?parent=26"}],"curies":[{"name":"wp","href":"https:\/\/api.w.org\/{rel}","templated":true}]}}