{"id":94,"date":"2023-01-18T12:44:54","date_gmt":"2023-01-18T12:44:54","guid":{"rendered":"https:\/\/riberasalud.com\/hospital-de-molina\/?page_id=94"},"modified":"2025-05-23T10:32:25","modified_gmt":"2025-05-23T10:32:25","slug":"sostenibilidad","status":"publish","type":"page","link":"https:\/\/riberasalud.com\/hospital-de-molina\/sostenibilidad\/","title":{"rendered":"Sostenibilidad"},"content":{"rendered":"\n<div class=\"wp-block-group hasbackgroundnaranja sliderlinea\"><div class=\"wp-block-group__inner-container is-layout-flow wp-block-group-is-layout-flow\">\n<p>SOMOS EL HOSPITAL DE MOLINA<\/p>\n\n\n\n<h1 class=\"wp-block-heading\">Sostenibilidad<\/h1>\n<\/div><\/div>\n\n\n\n<div class=\"wp-block-group\"><div class=\"wp-block-group__inner-container is-layout-flow wp-block-group-is-layout-flow\">\n<p>Llevamos la Responsabilidad Social en nuestro ADN. Desde nuestro nacimiento (2000), nuestra Misi\u00f3n, Visi\u00f3n y Valores recoge nuestro compromiso efectivo con la sostenibilidad, y gestionamos nuestra organizaci\u00f3n en base a los siguientes criterios:<\/p>\n\n\n\n<ul class=\"wp-block-list\">\n<li>relaci\u00f3n participativa con todos nuestros grupos de inter\u00e9s (pacientes, personal, administraci\u00f3n p\u00fablica, sociedad,\u2026)<\/li>\n\n\n\n<li>integraci\u00f3n de sus intereses y demandas en nuestra estrategia<\/li>\n\n\n\n<li>comunicaci\u00f3n e informaci\u00f3n transparente y accesible<\/li>\n\n\n\n<li>comportamiento conforme a unos valores corporativos y principios \u00e9ticos definidos y establecidos<\/li>\n<\/ul>\n\n\n\n<p>Con ello, gestionamos los impactos que generamos con nuestra actividad profesional y los riesgos a los que nos enfrentamos, manteniendo un firme compromiso con la Agenda 2030 de Naciones Unidas, los Objetivos de Desarrollo Sostenible y los Diez Principios del Pacto Mundial (ONU).<\/p>\n\n\n\n<div style=\"height:30px\" aria-hidden=\"true\" class=\"wp-block-spacer\"><\/div>\n\n\n<div class=\"wp-block-image\">\n<figure class=\"aligncenter size-full\"><img decoding=\"async\" src=\"https:\/\/riberasalud.com\/hospital-de-molina\/wp-content\/uploads\/2023\/01\/objetivos-sostenible-okdunr9yitx8oj6iw6omh5erey785zkrdbbolmugg4.png\" alt=\"\" class=\"wp-image-95\"\/><\/figure>\n<\/div><\/div><\/div>\n\n\n\n<div id=\"codigoetico\" class=\"wp-block-group\"><div class=\"wp-block-group__inner-container is-layout-flow wp-block-group-is-layout-flow\">\n<h2 class=\"wp-block-heading\">C\u00f3digo \u00e9tico<\/h2>\n\n\n\n<p>Trabajamos por una Sanidad sostenible y responsable<\/p>\n\n\n\n<div class=\"wp-block-buttons is-content-justification-center is-layout-flex wp-container-core-buttons-is-layout-16018d1d wp-block-buttons-is-layout-flex\">\n<div class=\"wp-block-button botonribera\"><a class=\"wp-block-button__link has-base-3-color has-text-color has-background wp-element-button\" href=\"https:\/\/www.riberasalud.com\/wp-content\/uploads\/2025\/05\/CODIGO-ETICO-RIBERA-CAST-2025.pdf\" style=\"background-color:#d71029\" target=\"_blank\" rel=\"noreferrer noopener\"><strong>Descarga nuestro c\u00f3digo \u00e9tico<\/strong><\/a><\/div>\n<\/div>\n<\/div><\/div>\n\n\n\n<div class=\"wp-block-group\"><div class=\"wp-block-group__inner-container is-layout-flow wp-block-group-is-layout-flow\"><ul class=\"wp-block-latest-posts__list is-grid columns-3 has-dates ultimasblog wp-block-latest-posts\"><li><div class=\"wp-block-latest-posts__featured-image aligncenter\"><img loading=\"lazy\" decoding=\"async\" width=\"800\" height=\"533\" src=\"https:\/\/riberasalud.com\/hospital-de-molina\/wp-content\/uploads\/2025\/07\/Ribera-Hospital-de-Molina-renueva-sus-certificaciones-ISO-y-UNE-en-calidad-medio-ambiente-seguridad-del-paciente-y-sostenibilidad.jpg\" class=\"attachment-large size-large wp-post-image\" alt=\"Ribera Hospital de Molina renueva sus certificaciones ISO y UNE en calidad, medio ambiente, seguridad del paciente y sostenibilidad\" style=\"\" srcset=\"https:\/\/riberasalud.com\/hospital-de-molina\/wp-content\/uploads\/2025\/07\/Ribera-Hospital-de-Molina-renueva-sus-certificaciones-ISO-y-UNE-en-calidad-medio-ambiente-seguridad-del-paciente-y-sostenibilidad.jpg 800w, https:\/\/riberasalud.com\/hospital-de-molina\/wp-content\/uploads\/2025\/07\/Ribera-Hospital-de-Molina-renueva-sus-certificaciones-ISO-y-UNE-en-calidad-medio-ambiente-seguridad-del-paciente-y-sostenibilidad-300x200.jpg 300w, https:\/\/riberasalud.com\/hospital-de-molina\/wp-content\/uploads\/2025\/07\/Ribera-Hospital-de-Molina-renueva-sus-certificaciones-ISO-y-UNE-en-calidad-medio-ambiente-seguridad-del-paciente-y-sostenibilidad-768x512.jpg 768w\" sizes=\"auto, (max-width: 800px) 100vw, 800px\" \/><\/div><a class=\"wp-block-latest-posts__post-title\" href=\"https:\/\/riberasalud.com\/hospital-de-molina\/ribera-hospital-de-molina-renueva-sus-certificaciones-iso-y-une-en-calidad-medio-ambiente-seguridad-del-paciente-y-sostenibilidad\/\">Ribera Hospital de Molina renueva sus certificaciones ISO y UNE en calidad, medio ambiente, seguridad del paciente y sostenibilidad<\/a><time datetime=\"2025-07-30T10:45:54+00:00\" class=\"wp-block-latest-posts__post-date\">30 de julio de 2025<\/time><div class=\"wp-block-latest-posts__post-excerpt\">Ribera Hospital de Molina, gestionado por el grupo sanitario Ribera, ha renovado con \u00e9xito las certificaciones de calidad ISO 9001, medioambiental ISO 14001, y las normas UNE espec\u00edficas en Seguridad del Paciente y Prevenci\u00f3n de Infecciones Relacionadas con la Asistencia Sanitaria (IRAS), adem\u00e1s de la certificaci\u00f3n en Huella de Carbono. Estas acreditaciones reconocen el compromiso &#8230; <a title=\"Ribera Hospital de Molina renueva sus certificaciones ISO y UNE en calidad, medio ambiente, seguridad del paciente y sostenibilidad\" class=\"read-more\" href=\"https:\/\/riberasalud.com\/hospital-de-molina\/ribera-hospital-de-molina-renueva-sus-certificaciones-iso-y-une-en-calidad-medio-ambiente-seguridad-del-paciente-y-sostenibilidad\/\" aria-label=\"Leer m\u00e1s sobre Ribera Hospital de Molina renueva sus certificaciones ISO y UNE en calidad, medio ambiente, seguridad del paciente y sostenibilidad\">Leer m\u00e1s<\/a><\/div><\/li>\n<li><div class=\"wp-block-latest-posts__featured-image aligncenter\"><img loading=\"lazy\" decoding=\"async\" width=\"800\" height=\"533\" src=\"https:\/\/riberasalud.com\/hospital-de-molina\/wp-content\/uploads\/2025\/01\/Formacion-clasificacion-de-residuos-hospitalarios-Ribera-Hospital-de-Molina.jpg\" class=\"attachment-large size-large wp-post-image\" alt=\"Formacio\u0301n clasificacio\u0301n de residuos hospitalarios\" style=\"\" srcset=\"https:\/\/riberasalud.com\/hospital-de-molina\/wp-content\/uploads\/2025\/01\/Formacion-clasificacion-de-residuos-hospitalarios-Ribera-Hospital-de-Molina.jpg 800w, https:\/\/riberasalud.com\/hospital-de-molina\/wp-content\/uploads\/2025\/01\/Formacion-clasificacion-de-residuos-hospitalarios-Ribera-Hospital-de-Molina-300x200.jpg 300w, https:\/\/riberasalud.com\/hospital-de-molina\/wp-content\/uploads\/2025\/01\/Formacion-clasificacion-de-residuos-hospitalarios-Ribera-Hospital-de-Molina-768x512.jpg 768w\" sizes=\"auto, (max-width: 800px) 100vw, 800px\" \/><\/div><a class=\"wp-block-latest-posts__post-title\" href=\"https:\/\/riberasalud.com\/hospital-de-molina\/ribera-hospital-de-molina-organiza-un-curso-sobre-clasificacion-de-residuos-hospitalarios-para-sus-profesionales\/\">Ribera Hospital de Molina organiza un curso sobre clasificaci\u00f3n de residuos hospitalarios para sus profesionales<\/a><time datetime=\"2025-01-31T12:23:59+00:00\" class=\"wp-block-latest-posts__post-date\">31 de enero de 2025<\/time><div class=\"wp-block-latest-posts__post-excerpt\">Ribera Hospital de Molina, organiz\u00f3 ayer un curso especializado sobre la clasificaci\u00f3n de residuos hospitalarios, dirigido a los profesionales del hospital, con el objetivo de reforzar el cumplimiento de la normativa ambiental y mejorar las pr\u00e1cticas de gesti\u00f3n de residuos. El curso, impartido por expertos en gesti\u00f3n ambiental y residuos sanitarios, abord\u00f3 aspectos clave como &#8230; <a title=\"Ribera Hospital de Molina organiza un curso sobre clasificaci\u00f3n de residuos hospitalarios para sus profesionales\" class=\"read-more\" href=\"https:\/\/riberasalud.com\/hospital-de-molina\/ribera-hospital-de-molina-organiza-un-curso-sobre-clasificacion-de-residuos-hospitalarios-para-sus-profesionales\/\" aria-label=\"Leer m\u00e1s sobre Ribera Hospital de Molina organiza un curso sobre clasificaci\u00f3n de residuos hospitalarios para sus profesionales\">Leer m\u00e1s<\/a><\/div><\/li>\n<li><div class=\"wp-block-latest-posts__featured-image aligncenter\"><img loading=\"lazy\" decoding=\"async\" width=\"800\" height=\"533\" src=\"https:\/\/riberasalud.com\/hospital-de-molina\/wp-content\/uploads\/2023\/07\/Fotovoltaica-03.jpg\" class=\"attachment-large size-large wp-post-image\" alt=\"fotovoltaica\" style=\"\" srcset=\"https:\/\/riberasalud.com\/hospital-de-molina\/wp-content\/uploads\/2023\/07\/Fotovoltaica-03.jpg 800w, https:\/\/riberasalud.com\/hospital-de-molina\/wp-content\/uploads\/2023\/07\/Fotovoltaica-03-300x200.jpg 300w, https:\/\/riberasalud.com\/hospital-de-molina\/wp-content\/uploads\/2023\/07\/Fotovoltaica-03-768x512.jpg 768w\" sizes=\"auto, (max-width: 800px) 100vw, 800px\" \/><\/div><a class=\"wp-block-latest-posts__post-title\" href=\"https:\/\/riberasalud.com\/hospital-de-molina\/ribera-hospital-de-molina-renueva-la-certificacion-de-huella-de-carbono-por-su-compromiso-con-el-medio-ambiente\/\">Ribera Hospital de Molina renueva la certificaci\u00f3n de Huella de Carbono por su compromiso con el medio ambiente<\/a><time datetime=\"2023-07-24T11:24:51+00:00\" class=\"wp-block-latest-posts__post-date\">24 de julio de 2023<\/time><div class=\"wp-block-latest-posts__post-excerpt\">Ribera Hospital de Molina, del grupo sanitario&nbsp;Ribera, ha conseguido renovado la certificaci\u00f3n de verificaci\u00f3n del c\u00e1lculo de Gases de Efecto Invernadero, con la norma GHG Protocol, que valida el c\u00e1lculo del centro molinense&nbsp;&nbsp; sobre las emisiones de gases (Alcance 1 y 2) emitidos al Medio Ambiente. Esta certificaci\u00f3n garantiza que el hospital cumple de forma &#8230; <a title=\"Ribera Hospital de Molina renueva la certificaci\u00f3n de Huella de Carbono por su compromiso con el medio ambiente\" class=\"read-more\" href=\"https:\/\/riberasalud.com\/hospital-de-molina\/ribera-hospital-de-molina-renueva-la-certificacion-de-huella-de-carbono-por-su-compromiso-con-el-medio-ambiente\/\" aria-label=\"Leer m\u00e1s sobre Ribera Hospital de Molina renueva la certificaci\u00f3n de Huella de Carbono por su compromiso con el medio ambiente\">Leer m\u00e1s<\/a><\/div><\/li>\n<li><div class=\"wp-block-latest-posts__featured-image aligncenter\"><img loading=\"lazy\" decoding=\"async\" width=\"800\" height=\"450\" src=\"https:\/\/riberasalud.com\/hospital-de-molina\/wp-content\/uploads\/2022\/10\/Fotovoltaica-01.jpg\" class=\"attachment-large size-large wp-post-image\" alt=\"fotovoltaica\" style=\"\" srcset=\"https:\/\/riberasalud.com\/hospital-de-molina\/wp-content\/uploads\/2022\/10\/Fotovoltaica-01.jpg 800w, https:\/\/riberasalud.com\/hospital-de-molina\/wp-content\/uploads\/2022\/10\/Fotovoltaica-01-300x169.jpg 300w, https:\/\/riberasalud.com\/hospital-de-molina\/wp-content\/uploads\/2022\/10\/Fotovoltaica-01-768x432.jpg 768w\" sizes=\"auto, (max-width: 800px) 100vw, 800px\" \/><\/div><a class=\"wp-block-latest-posts__post-title\" href=\"https:\/\/riberasalud.com\/hospital-de-molina\/ribera-hospital-de-molina-consigue-la-certificacion-de-huella-de-carbono-por-su-compromiso-con-el-medio-ambiente\/\">Ribera Hospital de Molina consigue la certificaci\u00f3n de Huella de Carbono por su compromiso con el medio ambiente<\/a><time datetime=\"2022-10-25T13:02:45+00:00\" class=\"wp-block-latest-posts__post-date\">25 de octubre de 2022<\/time><div class=\"wp-block-latest-posts__post-excerpt\">Esta exigente certificaci\u00f3n internacional verifica la totalidad de gases invernadero emitidos al Medio Ambiente gracias a la implementaci\u00f3n de estrategias de reducci\u00f3n Ribera Hospital de Molina, gestionado por el grupo sanitario&nbsp;Ribera, ha conseguido recientemente la certificaci\u00f3n de verificaci\u00f3n del c\u00e1lculo de Gases de Efecto Invernadero, con la norma GHG Protocol, que valida el c\u00e1lculo del &#8230; <a title=\"Ribera Hospital de Molina consigue la certificaci\u00f3n de Huella de Carbono por su compromiso con el medio ambiente\" class=\"read-more\" href=\"https:\/\/riberasalud.com\/hospital-de-molina\/ribera-hospital-de-molina-consigue-la-certificacion-de-huella-de-carbono-por-su-compromiso-con-el-medio-ambiente\/\" aria-label=\"Leer m\u00e1s sobre Ribera Hospital de Molina consigue la certificaci\u00f3n de Huella de Carbono por su compromiso con el medio ambiente\">Leer m\u00e1s<\/a><\/div><\/li>\n<\/ul>\n\n\n<p class=\"has-text-align-center has-medium-font-size\">A continuaci\u00f3n puedes encontrar todas las noticias de nuestro hospital<\/p>\n\n\n\n<div style=\"height:15px\" aria-hidden=\"true\" class=\"wp-block-spacer\"><\/div>\n\n\n\n<p class=\"has-text-align-center enlacevertodas\"><a href=\"https:\/\/www.riberasalud.com\/hospital-de-molina\/entradas\/\">Ver todas<\/a><\/p>\n<\/div><\/div>\n","protected":false},"excerpt":{"rendered":"<p>SOMOS EL HOSPITAL DE MOLINA Sostenibilidad Llevamos la Responsabilidad Social en nuestro ADN. Desde nuestro nacimiento (2000), nuestra Misi\u00f3n, Visi\u00f3n y Valores recoge nuestro compromiso efectivo con la sostenibilidad, y gestionamos nuestra organizaci\u00f3n en base a los siguientes criterios: Con ello, gestionamos los impactos que generamos con nuestra actividad profesional y los riesgos a los &#8230; <a title=\"Sostenibilidad\" class=\"read-more\" href=\"https:\/\/riberasalud.com\/hospital-de-molina\/sostenibilidad\/\" aria-label=\"Leer m\u00e1s sobre Sostenibilidad\">Leer m\u00e1s<\/a><\/p>\n","protected":false},"author":1,"featured_media":0,"parent":0,"menu_order":0,"comment_status":"closed","ping_status":"closed","template":"","meta":{"_uag_custom_page_level_css":"","_mi_skip_tracking":false,"footnotes":""},"class_list":["post-94","page","type-page","status-publish"],"yoast_head":"<!-- This site is optimized with the Yoast SEO plugin v26.6 - https:\/\/yoast.com\/wordpress\/plugins\/seo\/ -->\n<title>Sostenibilidad - Hospital de Molina<\/title>\n<meta name=\"robots\" content=\"index, follow, max-snippet:-1, max-image-preview:large, max-video-preview:-1\" \/>\n<link rel=\"canonical\" href=\"https:\/\/riberasalud.com\/hospital-de-molina\/sostenibilidad\/\" \/>\n<meta property=\"og:locale\" content=\"es_ES\" \/>\n<meta property=\"og:type\" content=\"article\" \/>\n<meta property=\"og:title\" content=\"Sostenibilidad - Hospital de Molina\" \/>\n<meta property=\"og:description\" content=\"SOMOS EL HOSPITAL DE MOLINA Sostenibilidad Llevamos la Responsabilidad Social en nuestro ADN. Desde nuestro nacimiento (2000), nuestra Misi\u00f3n, Visi\u00f3n y Valores recoge nuestro compromiso efectivo con la sostenibilidad, y gestionamos nuestra organizaci\u00f3n en base a los siguientes criterios: Con ello, gestionamos los impactos que generamos con nuestra actividad profesional y los riesgos a los ... Leer m\u00e1s\" \/>\n<meta property=\"og:url\" content=\"https:\/\/riberasalud.com\/hospital-de-molina\/sostenibilidad\/\" \/>\n<meta property=\"og:site_name\" content=\"Hospital de Molina\" \/>\n<meta property=\"article:modified_time\" content=\"2025-05-23T10:32:25+00:00\" \/>\n<meta property=\"og:image\" content=\"https:\/\/riberasalud.com\/hospital-de-molina\/wp-content\/uploads\/2023\/01\/objetivos-sostenible-okdunr9yitx8oj6iw6omh5erey785zkrdbbolmugg4.png\" \/>\n<meta name=\"twitter:card\" content=\"summary_large_image\" \/>\n<meta name=\"twitter:label1\" content=\"Tiempo de lectura\" \/>\n\t<meta name=\"twitter:data1\" content=\"1 minuto\" \/>\n<script type=\"application\/ld+json\" class=\"yoast-schema-graph\">{\"@context\":\"https:\/\/schema.org\",\"@graph\":[{\"@type\":\"WebPage\",\"@id\":\"https:\/\/riberasalud.com\/hospital-de-molina\/sostenibilidad\/\",\"url\":\"https:\/\/riberasalud.com\/hospital-de-molina\/sostenibilidad\/\",\"name\":\"Sostenibilidad - Hospital de Molina\",\"isPartOf\":{\"@id\":\"https:\/\/riberasalud.com\/hospital-de-molina\/#website\"},\"primaryImageOfPage\":{\"@id\":\"https:\/\/riberasalud.com\/hospital-de-molina\/sostenibilidad\/#primaryimage\"},\"image\":{\"@id\":\"https:\/\/riberasalud.com\/hospital-de-molina\/sostenibilidad\/#primaryimage\"},\"thumbnailUrl\":\"https:\/\/riberasalud.com\/hospital-de-molina\/wp-content\/uploads\/2023\/01\/objetivos-sostenible-okdunr9yitx8oj6iw6omh5erey785zkrdbbolmugg4.png\",\"datePublished\":\"2023-01-18T12:44:54+00:00\",\"dateModified\":\"2025-05-23T10:32:25+00:00\",\"breadcrumb\":{\"@id\":\"https:\/\/riberasalud.com\/hospital-de-molina\/sostenibilidad\/#breadcrumb\"},\"inLanguage\":\"es\",\"potentialAction\":[{\"@type\":\"ReadAction\",\"target\":[\"https:\/\/riberasalud.com\/hospital-de-molina\/sostenibilidad\/\"]}]},{\"@type\":\"ImageObject\",\"inLanguage\":\"es\",\"@id\":\"https:\/\/riberasalud.com\/hospital-de-molina\/sostenibilidad\/#primaryimage\",\"url\":\"https:\/\/riberasalud.com\/hospital-de-molina\/wp-content\/uploads\/2023\/01\/objetivos-sostenible-okdunr9yitx8oj6iw6omh5erey785zkrdbbolmugg4.png\",\"contentUrl\":\"https:\/\/riberasalud.com\/hospital-de-molina\/wp-content\/uploads\/2023\/01\/objetivos-sostenible-okdunr9yitx8oj6iw6omh5erey785zkrdbbolmugg4.png\",\"width\":650,\"height\":58},{\"@type\":\"BreadcrumbList\",\"@id\":\"https:\/\/riberasalud.com\/hospital-de-molina\/sostenibilidad\/#breadcrumb\",\"itemListElement\":[{\"@type\":\"ListItem\",\"position\":1,\"name\":\"Portada\",\"item\":\"https:\/\/riberasalud.com\/hospital-de-molina\/\"},{\"@type\":\"ListItem\",\"position\":2,\"name\":\"Sostenibilidad\"}]},{\"@type\":\"WebSite\",\"@id\":\"https:\/\/riberasalud.com\/hospital-de-molina\/#website\",\"url\":\"https:\/\/riberasalud.com\/hospital-de-molina\/\",\"name\":\"Hospital de Molina\",\"description\":\"\",\"publisher\":{\"@id\":\"https:\/\/riberasalud.com\/hospital-de-molina\/#organization\"},\"potentialAction\":[{\"@type\":\"SearchAction\",\"target\":{\"@type\":\"EntryPoint\",\"urlTemplate\":\"https:\/\/riberasalud.com\/hospital-de-molina\/?s={search_term_string}\"},\"query-input\":{\"@type\":\"PropertyValueSpecification\",\"valueRequired\":true,\"valueName\":\"search_term_string\"}}],\"inLanguage\":\"es\"},{\"@type\":\"Organization\",\"@id\":\"https:\/\/riberasalud.com\/hospital-de-molina\/#organization\",\"name\":\"Hospital de Molina\",\"url\":\"https:\/\/riberasalud.com\/hospital-de-molina\/\",\"logo\":{\"@type\":\"ImageObject\",\"inLanguage\":\"es\",\"@id\":\"https:\/\/riberasalud.com\/hospital-de-molina\/#\/schema\/logo\/image\/\",\"url\":\"https:\/\/riberasalud.com\/hospital-de-molina\/wp-content\/uploads\/2023\/01\/cropped-Logo-Red-DeMolina-bigtz7.png\",\"contentUrl\":\"https:\/\/riberasalud.com\/hospital-de-molina\/wp-content\/uploads\/2023\/01\/cropped-Logo-Red-DeMolina-bigtz7.png\",\"width\":300,\"height\":72,\"caption\":\"Hospital de Molina\"},\"image\":{\"@id\":\"https:\/\/riberasalud.com\/hospital-de-molina\/#\/schema\/logo\/image\/\"}}]}<\/script>\n<!-- \/ Yoast SEO plugin. -->","yoast_head_json":{"title":"Sostenibilidad - Hospital de Molina","robots":{"index":"index","follow":"follow","max-snippet":"max-snippet:-1","max-image-preview":"max-image-preview:large","max-video-preview":"max-video-preview:-1"},"canonical":"https:\/\/riberasalud.com\/hospital-de-molina\/sostenibilidad\/","og_locale":"es_ES","og_type":"article","og_title":"Sostenibilidad - Hospital de Molina","og_description":"SOMOS EL HOSPITAL DE MOLINA Sostenibilidad Llevamos la Responsabilidad Social en nuestro ADN. Desde nuestro nacimiento (2000), nuestra Misi\u00f3n, Visi\u00f3n y Valores recoge nuestro compromiso efectivo con la sostenibilidad, y gestionamos nuestra organizaci\u00f3n en base a los siguientes criterios: Con ello, gestionamos los impactos que generamos con nuestra actividad profesional y los riesgos a los ... Leer m\u00e1s","og_url":"https:\/\/riberasalud.com\/hospital-de-molina\/sostenibilidad\/","og_site_name":"Hospital de Molina","article_modified_time":"2025-05-23T10:32:25+00:00","og_image":[{"url":"https:\/\/riberasalud.com\/hospital-de-molina\/wp-content\/uploads\/2023\/01\/objetivos-sostenible-okdunr9yitx8oj6iw6omh5erey785zkrdbbolmugg4.png","type":"","width":"","height":""}],"twitter_card":"summary_large_image","twitter_misc":{"Tiempo de lectura":"1 minuto"},"schema":{"@context":"https:\/\/schema.org","@graph":[{"@type":"WebPage","@id":"https:\/\/riberasalud.com\/hospital-de-molina\/sostenibilidad\/","url":"https:\/\/riberasalud.com\/hospital-de-molina\/sostenibilidad\/","name":"Sostenibilidad - Hospital de Molina","isPartOf":{"@id":"https:\/\/riberasalud.com\/hospital-de-molina\/#website"},"primaryImageOfPage":{"@id":"https:\/\/riberasalud.com\/hospital-de-molina\/sostenibilidad\/#primaryimage"},"image":{"@id":"https:\/\/riberasalud.com\/hospital-de-molina\/sostenibilidad\/#primaryimage"},"thumbnailUrl":"https:\/\/riberasalud.com\/hospital-de-molina\/wp-content\/uploads\/2023\/01\/objetivos-sostenible-okdunr9yitx8oj6iw6omh5erey785zkrdbbolmugg4.png","datePublished":"2023-01-18T12:44:54+00:00","dateModified":"2025-05-23T10:32:25+00:00","breadcrumb":{"@id":"https:\/\/riberasalud.com\/hospital-de-molina\/sostenibilidad\/#breadcrumb"},"inLanguage":"es","potentialAction":[{"@type":"ReadAction","target":["https:\/\/riberasalud.com\/hospital-de-molina\/sostenibilidad\/"]}]},{"@type":"ImageObject","inLanguage":"es","@id":"https:\/\/riberasalud.com\/hospital-de-molina\/sostenibilidad\/#primaryimage","url":"https:\/\/riberasalud.com\/hospital-de-molina\/wp-content\/uploads\/2023\/01\/objetivos-sostenible-okdunr9yitx8oj6iw6omh5erey785zkrdbbolmugg4.png","contentUrl":"https:\/\/riberasalud.com\/hospital-de-molina\/wp-content\/uploads\/2023\/01\/objetivos-sostenible-okdunr9yitx8oj6iw6omh5erey785zkrdbbolmugg4.png","width":650,"height":58},{"@type":"BreadcrumbList","@id":"https:\/\/riberasalud.com\/hospital-de-molina\/sostenibilidad\/#breadcrumb","itemListElement":[{"@type":"ListItem","position":1,"name":"Portada","item":"https:\/\/riberasalud.com\/hospital-de-molina\/"},{"@type":"ListItem","position":2,"name":"Sostenibilidad"}]},{"@type":"WebSite","@id":"https:\/\/riberasalud.com\/hospital-de-molina\/#website","url":"https:\/\/riberasalud.com\/hospital-de-molina\/","name":"Hospital de Molina","description":"","publisher":{"@id":"https:\/\/riberasalud.com\/hospital-de-molina\/#organization"},"potentialAction":[{"@type":"SearchAction","target":{"@type":"EntryPoint","urlTemplate":"https:\/\/riberasalud.com\/hospital-de-molina\/?s={search_term_string}"},"query-input":{"@type":"PropertyValueSpecification","valueRequired":true,"valueName":"search_term_string"}}],"inLanguage":"es"},{"@type":"Organization","@id":"https:\/\/riberasalud.com\/hospital-de-molina\/#organization","name":"Hospital de Molina","url":"https:\/\/riberasalud.com\/hospital-de-molina\/","logo":{"@type":"ImageObject","inLanguage":"es","@id":"https:\/\/riberasalud.com\/hospital-de-molina\/#\/schema\/logo\/image\/","url":"https:\/\/riberasalud.com\/hospital-de-molina\/wp-content\/uploads\/2023\/01\/cropped-Logo-Red-DeMolina-bigtz7.png","contentUrl":"https:\/\/riberasalud.com\/hospital-de-molina\/wp-content\/uploads\/2023\/01\/cropped-Logo-Red-DeMolina-bigtz7.png","width":300,"height":72,"caption":"Hospital de Molina"},"image":{"@id":"https:\/\/riberasalud.com\/hospital-de-molina\/#\/schema\/logo\/image\/"}}]}},"uagb_featured_image_src":{"full":false,"thumbnail":false,"medium":false,"medium_large":false,"large":false,"1536x1536":false,"2048x2048":false},"uagb_author_info":{"display_name":"jorge@quois.com","author_link":"https:\/\/riberasalud.com\/hospital-de-molina\/author\/jorgequois-com\/"},"uagb_comment_info":0,"uagb_excerpt":"SOMOS EL HOSPITAL DE MOLINA Sostenibilidad Llevamos la Responsabilidad Social en nuestro ADN. Desde nuestro nacimiento (2000), nuestra Misi\u00f3n, Visi\u00f3n y Valores recoge nuestro compromiso efectivo con la sostenibilidad, y gestionamos nuestra organizaci\u00f3n en base a los siguientes criterios: Con ello, gestionamos los impactos que generamos con nuestra actividad profesional y los riesgos a los&hellip;","_links":{"self":[{"href":"https:\/\/riberasalud.com\/hospital-de-molina\/wp-json\/wp\/v2\/pages\/94","targetHints":{"allow":["GET"]}}],"collection":[{"href":"https:\/\/riberasalud.com\/hospital-de-molina\/wp-json\/wp\/v2\/pages"}],"about":[{"href":"https:\/\/riberasalud.com\/hospital-de-molina\/wp-json\/wp\/v2\/types\/page"}],"author":[{"embeddable":true,"href":"https:\/\/riberasalud.com\/hospital-de-molina\/wp-json\/wp\/v2\/users\/1"}],"replies":[{"embeddable":true,"href":"https:\/\/riberasalud.com\/hospital-de-molina\/wp-json\/wp\/v2\/comments?post=94"}],"version-history":[{"count":5,"href":"https:\/\/riberasalud.com\/hospital-de-molina\/wp-json\/wp\/v2\/pages\/94\/revisions"}],"predecessor-version":[{"id":8870,"href":"https:\/\/riberasalud.com\/hospital-de-molina\/wp-json\/wp\/v2\/pages\/94\/revisions\/8870"}],"wp:attachment":[{"href":"https:\/\/riberasalud.com\/hospital-de-molina\/wp-json\/wp\/v2\/media?parent=94"}],"curies":[{"name":"wp","href":"https:\/\/api.w.org\/{rel}","templated":true}]}}