{"id":6879,"date":"2023-02-01T11:59:09","date_gmt":"2023-02-01T11:59:09","guid":{"rendered":"https:\/\/riberasalud.com\/hospital-de-molina\/?page_id=6879"},"modified":"2025-02-06T09:09:55","modified_gmt":"2025-02-06T09:09:55","slug":"politica-de-privacidad","status":"publish","type":"page","link":"https:\/\/riberasalud.com\/hospital-de-molina\/politica-de-privacidad\/","title":{"rendered":"Pol\u00edtica de privacidad"},"content":{"rendered":"\n<div class=\"wp-block-group hasbackgroundnaranja sliderblog sliderlinea\"><div class=\"wp-block-group__inner-container is-layout-flow wp-block-group-is-layout-flow\">\n<p>SOMOS EL HOSPITAL DE MOLINA<\/p>\n\n\n\n<h1 class=\"wp-block-heading\">Pol\u00edtica de privacidad<\/h1>\n<\/div><\/div>\n\n\n\n<div class=\"wp-block-group\"><div class=\"wp-block-group__inner-container is-layout-flow wp-block-group-is-layout-flow\">\n<p>Es compromiso de Grupo Ribera Salud el respeto a la privacidad de los usuarios y la protecci\u00f3n y seguridad de sus datos personales. Es por ello por lo que, de acuerdo con la normativa vigente en materia de protecci\u00f3n de datos (Reglamento (UE) 2016\/679 del Parlamento y del Consejo de 27 de abril de 2016, Ley Org\u00e1nica 3\/2018, de 5 de diciembre, de Protecci\u00f3n de Datos Personales y garant\u00eda de los derechos digitales), Grupo Ribera Salud informa en la presente pol\u00edtica de protecci\u00f3n de datos sobre c\u00f3mo recaba y trata los datos de car\u00e1cter personal de los usuarios y pacientes en la p\u00e1gina web https:\/\/hospitaldemolina.es\/ (en adelante, referenciado como \u201cSitio web\u201d).&nbsp;&nbsp;<\/p>\n\n\n\n<p><strong>1. IDENTIFICACI\u00d3N DEL RESPONSABLE DEL TRATAMIENTO DE LOS DATOS PERSONALES<\/strong>&nbsp;<\/p>\n\n\n\n<p>El Responsable del Tratamiento de los datos personales es Terapias M\u00e9dicas Domiciliarias, S.L.U., (en adelante, \u201cRibera Hospital de Molina\u201d) con CIF B-45395993 y domicilio social C\/ Asociaci\u00f3n, s\/n, 30500 Molina de Segura, Murcia (Espa\u00f1a).&nbsp;<\/p>\n\n\n\n<p>El tel\u00e9fono de contacto es +34 968 644 030 y la direcci\u00f3n de correo electr\u00f3nico\u202f\u00a0<a href=\"mailto:hmolina@riberacare.com\">hmolina@riberacare.com<\/a><\/p>\n\n\n\n<p>Para cualquier cuesti\u00f3n relacionada con la presente pol\u00edtica de privacidad, el usuario podr\u00e1 ponerse en contacto con el delegado de protecci\u00f3n de datos de Ribera Hospital de Molina enviando un email dpo@riberasalud.es&nbsp;<\/p>\n\n\n\n<p><strong>2. INFORMACI\u00d3N SOBRE LAS FINALIDADES DEL TRATAMIENTO&nbsp;<\/strong>&nbsp;<\/p>\n\n\n\n<p>Ribera Hospital Molina a trav\u00e9s del Sitio web llevar\u00e1 a cabo los siguientes tratamientos de datos empleando para cada una de ellas una base legitimadora adecuada, respetando los derechos y libertades de los interesados&nbsp;<\/p>\n\n\n\n<p><strong>2.1 Gestionar y atender las solicitudes de contacto.<\/strong>&nbsp;&nbsp;<\/p>\n\n\n\n<ul class=\"wp-block-list\">\n<li>Finalidad: Atender las solicitudes y peticiones de contacto remitidas a trav\u00e9s de las direcci\u00f3n de correo electr\u00f3nico y n\u00famero de tel\u00e9fono facilitado a trav\u00e9s del Sitio web.&nbsp;<\/li>\n\n\n\n<li>Base legitimadora: Ejecuci\u00f3n de la relaci\u00f3n precontractual.&nbsp;&nbsp;<\/li>\n\n\n\n<li>Tipolog\u00eda de los datos tratados: datos identificativos y de contacto.&nbsp;<\/li>\n<\/ul>\n\n\n\n<p><strong>2.2 Gestionar y atender las solicitudes de citas de pacientes.<\/strong>&nbsp;<\/p>\n\n\n\n<ul class=\"wp-block-list\">\n<li>Finalidad: Posibilitar el registro en la p\u00e1gina web para permitir la gesti\u00f3n de citas (solicitar y cancelar) de los pacientes usuarios, as\u00ed como sus familiares, y permitir enviar comentarios de incidencias respecto al servicio.&nbsp;<\/li>\n<\/ul>\n\n\n\n<ul class=\"wp-block-list\">\n<li>Base legitimadora: Ejecuci\u00f3n de la relaci\u00f3n precontractual.&nbsp;&nbsp;<\/li>\n\n\n\n<li>Tipolog\u00eda de los datos tratados: Datos identificativos, datos de contacto y datos relativos a caracter\u00edsticas personales.&nbsp;<\/li>\n<\/ul>\n\n\n\n<p><strong>2.3 Gesti\u00f3n de la asistencia sanitaria al paciente<\/strong>&nbsp;<\/p>\n\n\n\n<ul class=\"wp-block-list\">\n<li>Finalidad: La prestaci\u00f3n de los servicios de asistencia sanitaria, diagn\u00f3stico y tratamientos m\u00e9dicos, para la elaboraci\u00f3n y conservaci\u00f3n de la historia cl\u00ednica y social, y la gesti\u00f3n general de los servicios sanitarios y dem\u00e1s actividades organizadas por el centro sanitario.&nbsp;&nbsp;<\/li>\n\n\n\n<li>Base legitimadora: Cumplimiento de una obligaci\u00f3n legal y ejecuci\u00f3n de la relaci\u00f3n contractual.&nbsp;&nbsp;<\/li>\n\n\n\n<li>Tipolog\u00eda de datos tratados: Datos identificativos, datos de caracter\u00edsticas personales, transacciones de bienes y servicios, datos financieros, datos de salud. La recogida de los datos personales se podr\u00e1 llevar a cabo en el centro sanitario o ser\u00e1n facilitados, en su caso, por las compa\u00f1\u00edas aseguradoras, mutuas de accidentes, servicios de prevenci\u00f3n o por las administraciones p\u00fablicas competentes&nbsp;<\/li>\n<\/ul>\n\n\n\n<p><strong>2.4 Gesti\u00f3n de env\u00edo de encuestas sobre la calidad del servicio<\/strong>&nbsp;<\/p>\n\n\n\n<ul class=\"wp-block-list\">\n<li>Finalidad: Llevar a cabo encuestas para poder conocer la valoraci\u00f3n de los pacientes respecto a la calidad del servicio.&nbsp;&nbsp;<\/li>\n\n\n\n<li>Base legitimadora: inter\u00e9s leg\u00edtimo&nbsp;<\/li>\n\n\n\n<li>Tipolog\u00eda de los datos tratados: datos identificativos y de contacto.&nbsp;&nbsp;<\/li>\n<\/ul>\n\n\n\n<p><strong>2.5 Actividades de docencia, investigaci\u00f3n o estad\u00edstica<\/strong>&nbsp;<\/p>\n\n\n\n<ul class=\"wp-block-list\">\n<li>Finalidad: desarrollar actividades de docencia, investigaci\u00f3n o estad\u00edstica con fines cient\u00edficos o docentes para mejorar la atenci\u00f3n sanitaria, cumpliendo la normativa espec\u00edfica al respecto.&nbsp;<\/li>\n\n\n\n<li>Base legitimadora: inter\u00e9s leg\u00edtimo y consentimiento del interesado.&nbsp;<\/li>\n\n\n\n<li>Tipolog\u00eda de los datos tratados: Datos identificativos, datos de contacto, datos de caracter\u00edsticas personales y datos de salud.&nbsp;&nbsp;<\/li>\n<\/ul>\n\n\n\n<p><strong>2.6 Videovigilancia<\/strong>&nbsp;<\/p>\n\n\n\n<ul class=\"wp-block-list\">\n<li>Finalidad: videovigilancia para garantizar la seguridad de personas, bienes e instalaciones.&nbsp;&nbsp;<\/li>\n\n\n\n<li>Base legitimadora: inter\u00e9s leg\u00edtimo y cumplimiento de una obligaci\u00f3n legal aplicable al responsable del tratamiento.&nbsp;<\/li>\n\n\n\n<li>Tipolog\u00eda de los datos tratados: Datos identificativos.&nbsp;<\/li>\n<\/ul>\n\n\n\n<p><strong>2.7 Gestionar el env\u00edo de comunicaciones comerciales electr\u00f3nicas<\/strong>&nbsp;<\/p>\n\n\n\n<p>El presente tratamiento de datos ser\u00e1 efectuado por la entidad RIBERA SALUD, S.A., con CIF A-03681186 y domicilio social en Avenida Cortes Valencianas, n\u00famero 58, Edificio Sorolla Center, 46015 Valencia (Espa\u00f1a).&nbsp;<\/p>\n\n\n\n<ul class=\"wp-block-list\">\n<li>Finalidad: Gesti\u00f3n de las suscripciones de los usuarios a la newsletter\/bolet\u00edn informativo enviando comunicaciones comerciales electr\u00f3nicas sobre los servicios, actividades y novedades.&nbsp;&nbsp;<\/li>\n\n\n\n<li>Base legitimadora: Consentimiento de los usuarios&nbsp;<\/li>\n\n\n\n<li>Tipolog\u00eda de datos tratados: datos identificativos y de contacto.&nbsp;<\/li>\n<\/ul>\n\n\n\n<p><strong>3. DESTINATARIOS DE LOS DATOS PERSONALES<\/strong>&nbsp;<\/p>\n\n\n\n<p><strong>3.1.Comunicaci\u00f3n de los datos a terceros.<\/strong>&nbsp;<\/p>\n\n\n\n<p>Salvo obligaci\u00f3n legal no se comunicar\u00e1n los datos personales recabados a trav\u00e9s de la web a terceros.&nbsp;<\/p>\n\n\n\n<p>Sin perjuicio de lo anterior, por medio del presente informamos que, para la prestaci\u00f3n de servicios de atenci\u00f3n sanitaria, cuando sea estrictamente necesario, los datos podr\u00e1n ser comunicados, de acuerdo con lo dispuesto en la legislaci\u00f3n vigente, a la autoridad sanitaria y dem\u00e1s organismos p\u00fablicos con competencia en la materia, as\u00ed como a las compa\u00f1\u00edas aseguradoras u otras entidades pagadoras cuando el interesado indique que los gastos asistenciales deban ser satisfechos por los mismos.&nbsp;<\/p>\n\n\n\n<p>Asimismo, se comunica a usuarios que en caso de ser clientes de aseguradoras privadas y acudan a Ribera Hospital de Molina, los datos de dicho interesado ser\u00e1n comunicados por parte de Ribera Hospital de Molina a la aseguradora privada a efectos de pago de los servicios, previa suscripci\u00f3n por parte del paciente de un documento en el que el asegurado autoriza a Ribera Hospital de Molina a la comunicaci\u00f3n de dicha informaci\u00f3n.\u202f \u202f&nbsp;<\/p>\n\n\n\n<p>Por \u00faltimo, los datos personales necesarios para el env\u00edo de comunicaciones comerciales electr\u00f3nicas ser\u00e1n comunicados a Ribera Salud, S.A., para el env\u00edo de comunicaciones comerciales electr\u00f3nicas v\u00eda correo electr\u00f3nico siempre que el usuario haya prestado su consentimiento expreso para dicha finalidad.&nbsp;&nbsp;<\/p>\n\n\n\n<p><strong>3.2. Encargados del tratamiento<\/strong>&nbsp;<\/p>\n\n\n\n<p>El tratamiento de los datos de los usuarios podr\u00e1 ser realizado por prestadores de servicios id\u00f3neos, contratados por el Ribera Hospital de Molina. Dichos prestadores de servicios \u00fanicamente tratar\u00e1n los datos para las finalidades establecidas por Ribera Hospital de Molina, entre ellas para la gesti\u00f3n del env\u00edo de las comunicaciones comerciales electr\u00f3nicas.&nbsp;<\/p>\n\n\n\n<p><strong>4.TRANSFERENCIAS INTERNACIONALES DE DATOS<\/strong>&nbsp;<\/p>\n\n\n\n<p>Ribera Hospital de Molina realizar\u00e1 el tratamiento de los datos del usuario integralmente en el territorio de la Uni\u00f3n Europea, por lo que no prev\u00e9 realizar ninguna transferencia internacional de datos y en el caso de que la lleve a cabo, lo har\u00e1 con las garant\u00edas establecidas en la normativa&nbsp;<\/p>\n\n\n\n<p><strong>5. PLAZO DE CONSERVACI\u00d3N.<\/strong>&nbsp;<\/p>\n\n\n\n<p>Ribera Hospital de Molina conservar\u00e1 los datos personales de los usuarios durante el tiempo necesario para la realizaci\u00f3n de la finalidad para la cual son tratados o hasta que el interesado solicite la supresi\u00f3n de sus datos personales,\u202fy en todo caso, durante el plazo necesario para el cumplimiento de las correspondientes obligaciones legales.&nbsp;<\/p>\n\n\n\n<p>Asimismo, respecto al tratamiento relativo al env\u00edo de comunicaciones comerciales electr\u00f3nicas, los datos de los usuarios que hayan consentido la recepci\u00f3n se conservar\u00e1n hasta que el usuario solicite la baja de dicha recepci\u00f3n, siguiendo las instrucciones que encontrar\u00e1 al pie de cada correo electr\u00f3nico.&nbsp;<\/p>\n\n\n\n<p><strong>6. EJERCICIO DE DERECHOS EN MATERIA DE PROTECCI\u00d3N DE DATOS.<\/strong>&nbsp;<\/p>\n\n\n\n<p>En cualquier momento, el usuario podr\u00e1 ejercer sus derechos de acceso, rectificaci\u00f3n o supresi\u00f3n, oposici\u00f3n, limitaci\u00f3n y portabilidad de sus datos, directamente enviando su petici\u00f3n por escrito acompa\u00f1ada de fotocopia de D.N.I o documentaci\u00f3n equivalente, al Delegado de Protecci\u00f3n de Datos del Grupo RIBERA SALUD, enviando un email a la siguiente direcci\u00f3n de correo electr\u00f3nico\u202f<a href=\"mailto:dpo@riberasalud.es\" target=\"_blank\" rel=\"noreferrer noopener\">dpo@riberasalud.es<\/a>\u202fo por correo postal a la siguiente direcci\u00f3n Cortes Valencianas, n\u00famero 58, Edificio Sorolla Center, C\u00f3digo Postal 46015 de Valencia (Espa\u00f1a) bajo el asunto de referencia: \u201c Protecci\u00f3n de Datos\u201d.&nbsp;<\/p>\n\n\n\n<p>Asimismo, se informa al usuario que en caso de considerar que no se ha satisfecho el ejercicio de sus derechos, podr\u00e1 presentar una reclamaci\u00f3n ante la Agencia Espa\u00f1ola de Protecci\u00f3n de Datos. M\u00e1s informaci\u00f3n en\u202f<a href=\"http:\/\/www.aepd.es\/\" target=\"_blank\" rel=\"noreferrer noopener\">www.aepd.es<\/a>.&nbsp;<\/p>\n\n\n\n<ol start=\"7\" class=\"wp-block-list\">\n<li><strong>ACTUALIZACIONES<\/strong>&nbsp;<\/li>\n<\/ol>\n\n\n\n<p>La organizaci\u00f3n se reserva el derecho a modificar en cualquier momento los contenidos de este Sitio web, y podr\u00e1 a\u00f1adir nuevas funcionalidades, as\u00ed como modificar las actuales condiciones. En ese caso, se publicar\u00e1 la correspondiente actualizaci\u00f3n en el Sitio web para que el usuario tenga conocimiento de cualquier cambio.&nbsp;&nbsp;<\/p>\n\n\n\n<p><strong>\u00daltima actualizaci\u00f3n: febrero 2024<\/strong>&nbsp;<\/p>\n<\/div><\/div>\n","protected":false},"excerpt":{"rendered":"<p>SOMOS EL HOSPITAL DE MOLINA Pol\u00edtica de privacidad Es compromiso de Grupo Ribera Salud el respeto a la privacidad de los usuarios y la protecci\u00f3n y seguridad de sus datos personales. Es por ello por lo que, de acuerdo con la normativa vigente en materia de protecci\u00f3n de datos (Reglamento (UE) 2016\/679 del Parlamento y &#8230; <a title=\"Pol\u00edtica de privacidad\" class=\"read-more\" href=\"https:\/\/riberasalud.com\/hospital-de-molina\/politica-de-privacidad\/\" aria-label=\"Leer m\u00e1s sobre Pol\u00edtica de privacidad\">Leer m\u00e1s<\/a><\/p>\n","protected":false},"author":1,"featured_media":0,"parent":0,"menu_order":0,"comment_status":"closed","ping_status":"closed","template":"","meta":{"_uag_custom_page_level_css":"","_mi_skip_tracking":false,"footnotes":""},"class_list":["post-6879","page","type-page","status-publish"],"yoast_head":"<!-- This site is optimized with the Yoast SEO plugin v26.6 - https:\/\/yoast.com\/wordpress\/plugins\/seo\/ -->\n<title>Pol\u00edtica de privacidad - Hospital de Molina<\/title>\n<meta name=\"robots\" content=\"index, follow, max-snippet:-1, max-image-preview:large, max-video-preview:-1\" \/>\n<link rel=\"canonical\" href=\"https:\/\/riberasalud.com\/hospital-de-molina\/politica-de-privacidad\/\" \/>\n<meta property=\"og:locale\" content=\"es_ES\" \/>\n<meta property=\"og:type\" content=\"article\" \/>\n<meta property=\"og:title\" content=\"Pol\u00edtica de privacidad - Hospital de Molina\" \/>\n<meta property=\"og:description\" content=\"SOMOS EL HOSPITAL DE MOLINA Pol\u00edtica de privacidad Es compromiso de Grupo Ribera Salud el respeto a la privacidad de los usuarios y la protecci\u00f3n y seguridad de sus datos personales. Es por ello por lo que, de acuerdo con la normativa vigente en materia de protecci\u00f3n de datos (Reglamento (UE) 2016\/679 del Parlamento y ... Leer m\u00e1s\" \/>\n<meta property=\"og:url\" content=\"https:\/\/riberasalud.com\/hospital-de-molina\/politica-de-privacidad\/\" \/>\n<meta property=\"og:site_name\" content=\"Hospital de Molina\" \/>\n<meta property=\"article:modified_time\" content=\"2025-02-06T09:09:55+00:00\" \/>\n<meta name=\"twitter:card\" content=\"summary_large_image\" \/>\n<meta name=\"twitter:label1\" content=\"Tiempo de lectura\" \/>\n\t<meta name=\"twitter:data1\" content=\"7 minutos\" \/>\n<script type=\"application\/ld+json\" class=\"yoast-schema-graph\">{\"@context\":\"https:\/\/schema.org\",\"@graph\":[{\"@type\":\"WebPage\",\"@id\":\"https:\/\/riberasalud.com\/hospital-de-molina\/politica-de-privacidad\/\",\"url\":\"https:\/\/riberasalud.com\/hospital-de-molina\/politica-de-privacidad\/\",\"name\":\"Pol\u00edtica de privacidad - Hospital de Molina\",\"isPartOf\":{\"@id\":\"https:\/\/riberasalud.com\/hospital-de-molina\/#website\"},\"datePublished\":\"2023-02-01T11:59:09+00:00\",\"dateModified\":\"2025-02-06T09:09:55+00:00\",\"breadcrumb\":{\"@id\":\"https:\/\/riberasalud.com\/hospital-de-molina\/politica-de-privacidad\/#breadcrumb\"},\"inLanguage\":\"es\",\"potentialAction\":[{\"@type\":\"ReadAction\",\"target\":[\"https:\/\/riberasalud.com\/hospital-de-molina\/politica-de-privacidad\/\"]}]},{\"@type\":\"BreadcrumbList\",\"@id\":\"https:\/\/riberasalud.com\/hospital-de-molina\/politica-de-privacidad\/#breadcrumb\",\"itemListElement\":[{\"@type\":\"ListItem\",\"position\":1,\"name\":\"Portada\",\"item\":\"https:\/\/riberasalud.com\/hospital-de-molina\/\"},{\"@type\":\"ListItem\",\"position\":2,\"name\":\"Pol\u00edtica de privacidad\"}]},{\"@type\":\"WebSite\",\"@id\":\"https:\/\/riberasalud.com\/hospital-de-molina\/#website\",\"url\":\"https:\/\/riberasalud.com\/hospital-de-molina\/\",\"name\":\"Hospital de Molina\",\"description\":\"\",\"publisher\":{\"@id\":\"https:\/\/riberasalud.com\/hospital-de-molina\/#organization\"},\"potentialAction\":[{\"@type\":\"SearchAction\",\"target\":{\"@type\":\"EntryPoint\",\"urlTemplate\":\"https:\/\/riberasalud.com\/hospital-de-molina\/?s={search_term_string}\"},\"query-input\":{\"@type\":\"PropertyValueSpecification\",\"valueRequired\":true,\"valueName\":\"search_term_string\"}}],\"inLanguage\":\"es\"},{\"@type\":\"Organization\",\"@id\":\"https:\/\/riberasalud.com\/hospital-de-molina\/#organization\",\"name\":\"Hospital de Molina\",\"url\":\"https:\/\/riberasalud.com\/hospital-de-molina\/\",\"logo\":{\"@type\":\"ImageObject\",\"inLanguage\":\"es\",\"@id\":\"https:\/\/riberasalud.com\/hospital-de-molina\/#\/schema\/logo\/image\/\",\"url\":\"https:\/\/riberasalud.com\/hospital-de-molina\/wp-content\/uploads\/2023\/01\/cropped-Logo-Red-DeMolina-bigtz7.png\",\"contentUrl\":\"https:\/\/riberasalud.com\/hospital-de-molina\/wp-content\/uploads\/2023\/01\/cropped-Logo-Red-DeMolina-bigtz7.png\",\"width\":300,\"height\":72,\"caption\":\"Hospital de Molina\"},\"image\":{\"@id\":\"https:\/\/riberasalud.com\/hospital-de-molina\/#\/schema\/logo\/image\/\"}}]}<\/script>\n<!-- \/ Yoast SEO plugin. -->","yoast_head_json":{"title":"Pol\u00edtica de privacidad - Hospital de Molina","robots":{"index":"index","follow":"follow","max-snippet":"max-snippet:-1","max-image-preview":"max-image-preview:large","max-video-preview":"max-video-preview:-1"},"canonical":"https:\/\/riberasalud.com\/hospital-de-molina\/politica-de-privacidad\/","og_locale":"es_ES","og_type":"article","og_title":"Pol\u00edtica de privacidad - Hospital de Molina","og_description":"SOMOS EL HOSPITAL DE MOLINA Pol\u00edtica de privacidad Es compromiso de Grupo Ribera Salud el respeto a la privacidad de los usuarios y la protecci\u00f3n y seguridad de sus datos personales. Es por ello por lo que, de acuerdo con la normativa vigente en materia de protecci\u00f3n de datos (Reglamento (UE) 2016\/679 del Parlamento y ... Leer m\u00e1s","og_url":"https:\/\/riberasalud.com\/hospital-de-molina\/politica-de-privacidad\/","og_site_name":"Hospital de Molina","article_modified_time":"2025-02-06T09:09:55+00:00","twitter_card":"summary_large_image","twitter_misc":{"Tiempo de lectura":"7 minutos"},"schema":{"@context":"https:\/\/schema.org","@graph":[{"@type":"WebPage","@id":"https:\/\/riberasalud.com\/hospital-de-molina\/politica-de-privacidad\/","url":"https:\/\/riberasalud.com\/hospital-de-molina\/politica-de-privacidad\/","name":"Pol\u00edtica de privacidad - Hospital de Molina","isPartOf":{"@id":"https:\/\/riberasalud.com\/hospital-de-molina\/#website"},"datePublished":"2023-02-01T11:59:09+00:00","dateModified":"2025-02-06T09:09:55+00:00","breadcrumb":{"@id":"https:\/\/riberasalud.com\/hospital-de-molina\/politica-de-privacidad\/#breadcrumb"},"inLanguage":"es","potentialAction":[{"@type":"ReadAction","target":["https:\/\/riberasalud.com\/hospital-de-molina\/politica-de-privacidad\/"]}]},{"@type":"BreadcrumbList","@id":"https:\/\/riberasalud.com\/hospital-de-molina\/politica-de-privacidad\/#breadcrumb","itemListElement":[{"@type":"ListItem","position":1,"name":"Portada","item":"https:\/\/riberasalud.com\/hospital-de-molina\/"},{"@type":"ListItem","position":2,"name":"Pol\u00edtica de privacidad"}]},{"@type":"WebSite","@id":"https:\/\/riberasalud.com\/hospital-de-molina\/#website","url":"https:\/\/riberasalud.com\/hospital-de-molina\/","name":"Hospital de Molina","description":"","publisher":{"@id":"https:\/\/riberasalud.com\/hospital-de-molina\/#organization"},"potentialAction":[{"@type":"SearchAction","target":{"@type":"EntryPoint","urlTemplate":"https:\/\/riberasalud.com\/hospital-de-molina\/?s={search_term_string}"},"query-input":{"@type":"PropertyValueSpecification","valueRequired":true,"valueName":"search_term_string"}}],"inLanguage":"es"},{"@type":"Organization","@id":"https:\/\/riberasalud.com\/hospital-de-molina\/#organization","name":"Hospital de Molina","url":"https:\/\/riberasalud.com\/hospital-de-molina\/","logo":{"@type":"ImageObject","inLanguage":"es","@id":"https:\/\/riberasalud.com\/hospital-de-molina\/#\/schema\/logo\/image\/","url":"https:\/\/riberasalud.com\/hospital-de-molina\/wp-content\/uploads\/2023\/01\/cropped-Logo-Red-DeMolina-bigtz7.png","contentUrl":"https:\/\/riberasalud.com\/hospital-de-molina\/wp-content\/uploads\/2023\/01\/cropped-Logo-Red-DeMolina-bigtz7.png","width":300,"height":72,"caption":"Hospital de Molina"},"image":{"@id":"https:\/\/riberasalud.com\/hospital-de-molina\/#\/schema\/logo\/image\/"}}]}},"uagb_featured_image_src":{"full":false,"thumbnail":false,"medium":false,"medium_large":false,"large":false,"1536x1536":false,"2048x2048":false},"uagb_author_info":{"display_name":"jorge@quois.com","author_link":"https:\/\/riberasalud.com\/hospital-de-molina\/author\/jorgequois-com\/"},"uagb_comment_info":0,"uagb_excerpt":"SOMOS EL HOSPITAL DE MOLINA Pol\u00edtica de privacidad Es compromiso de Grupo Ribera Salud el respeto a la privacidad de los usuarios y la protecci\u00f3n y seguridad de sus datos personales. Es por ello por lo que, de acuerdo con la normativa vigente en materia de protecci\u00f3n de datos (Reglamento (UE) 2016\/679 del Parlamento y&hellip;","_links":{"self":[{"href":"https:\/\/riberasalud.com\/hospital-de-molina\/wp-json\/wp\/v2\/pages\/6879","targetHints":{"allow":["GET"]}}],"collection":[{"href":"https:\/\/riberasalud.com\/hospital-de-molina\/wp-json\/wp\/v2\/pages"}],"about":[{"href":"https:\/\/riberasalud.com\/hospital-de-molina\/wp-json\/wp\/v2\/types\/page"}],"author":[{"embeddable":true,"href":"https:\/\/riberasalud.com\/hospital-de-molina\/wp-json\/wp\/v2\/users\/1"}],"replies":[{"embeddable":true,"href":"https:\/\/riberasalud.com\/hospital-de-molina\/wp-json\/wp\/v2\/comments?post=6879"}],"version-history":[{"count":3,"href":"https:\/\/riberasalud.com\/hospital-de-molina\/wp-json\/wp\/v2\/pages\/6879\/revisions"}],"predecessor-version":[{"id":8809,"href":"https:\/\/riberasalud.com\/hospital-de-molina\/wp-json\/wp\/v2\/pages\/6879\/revisions\/8809"}],"wp:attachment":[{"href":"https:\/\/riberasalud.com\/hospital-de-molina\/wp-json\/wp\/v2\/media?parent=6879"}],"curies":[{"name":"wp","href":"https:\/\/api.w.org\/{rel}","templated":true}]}}