{"id":67,"date":"2023-01-18T12:11:34","date_gmt":"2023-01-18T12:11:34","guid":{"rendered":"https:\/\/riberasalud.com\/hospital-de-molina\/?page_id=67"},"modified":"2024-11-11T13:14:03","modified_gmt":"2024-11-11T13:14:03","slug":"seguridad-del-paciente","status":"publish","type":"page","link":"https:\/\/riberasalud.com\/hospital-de-molina\/seguridad-del-paciente\/","title":{"rendered":"Seguridad del paciente"},"content":{"rendered":"\n<div class=\"wp-block-group hasbackgroundnaranja sliderlinea\"><div class=\"wp-block-group__inner-container is-layout-flow wp-block-group-is-layout-flow\">\n<p>SOMOS EL HOSPITAL DE MOLINA<\/p>\n\n\n\n<h1 class=\"wp-block-heading\">Seguridad del paciente<\/h1>\n<\/div><\/div>\n\n\n\n<div class=\"wp-block-group\"><div class=\"wp-block-group__inner-container is-layout-flow wp-block-group-is-layout-flow\">\n<div class=\"wp-block-columns is-layout-flex wp-container-core-columns-is-layout-9d6595d7 wp-block-columns-is-layout-flex\">\n<div class=\"wp-block-column is-vertically-aligned-center has-base-background-color has-background is-layout-flow wp-block-column-is-layout-flow\">\n<div style=\"height:50px\" aria-hidden=\"true\" class=\"wp-block-spacer\"><\/div>\n\n\n<div class=\"wp-block-image nomargin\">\n<figure class=\"aligncenter size-full is-resized\"><img loading=\"lazy\" decoding=\"async\" width=\"88\" height=\"88\" src=\"https:\/\/riberasalud.com\/hospital-de-molina\/wp-content\/uploads\/2024\/11\/ROJO.png\" alt=\"\" class=\"wp-image-8706\" style=\"width:50px;height:50px\"\/><\/figure>\n<\/div>\n\n\n<p class=\"has-text-align-center nomargin\"><span class=\"stk-highlight\" style=\"color: #575756;\"><strong>Pacientes Hospitalizados NO Covid<\/strong><\/span><\/p>\n\n\n\n<p class=\"has-text-align-center nomargin has-small-font-size\"><em><span class=\"stk-highlight\" style=\"color: #575756;\"><strong>MEDIDAS EXTRAORDINARIAS PARA PACIENTES Y ACOMPA\u00d1ANTES ANTE LA SITUACI\u00d3N DE PANDEMIA COVID19<\/strong><\/span><\/em><br><br><\/p>\n\n\n\n<p class=\"has-text-align-center nomargin\"><span class=\"stk-highlight\" style=\"color: #00a3e0;\"><a href=\"https:\/\/riberasalud.com\/hospital-de-molina\/wp-content\/uploads\/2023\/01\/PDF-Informacion-Pacientes-Hospitalizados-No-COVID.pdf\" data-type=\"URL\" target=\"_blank\" rel=\"noreferrer noopener\">Descargar \u2192<\/a><\/span><\/p>\n\n\n\n<div style=\"height:40px\" aria-hidden=\"true\" class=\"wp-block-spacer\"><\/div>\n<\/div>\n\n\n\n<div class=\"wp-block-column has-base-background-color has-background is-layout-flow wp-block-column-is-layout-flow\">\n<div style=\"height:50px\" aria-hidden=\"true\" class=\"wp-block-spacer\"><\/div>\n\n\n<div class=\"wp-block-image nomargin\">\n<figure class=\"aligncenter size-full is-resized\"><img loading=\"lazy\" decoding=\"async\" width=\"88\" height=\"88\" src=\"https:\/\/riberasalud.com\/hospital-de-molina\/wp-content\/uploads\/2024\/11\/ROJO.png\" alt=\"\" class=\"wp-image-8706\" style=\"width:50px;height:50px\"\/><\/figure>\n<\/div>\n\n\n<p class=\"has-text-align-center nomargin\"><span class=\"stk-highlight\" style=\"color: #575756;\">Pacientes Hospitalizados Covid<\/span><\/p>\n\n\n\n<p class=\"has-text-align-center nomargin has-small-font-size\"><em><span class=\"stk-highlight\" style=\"color: #575756;\"><strong>MEDIDAS EXTRAORDINARIAS PARA PACIENTES Y ACOMPA\u00d1ANTES ANTE LA SITUACI\u00d3N DE PANDEMIA COVID19<\/strong><\/span><\/em><br><br><\/p>\n\n\n\n<p class=\"has-text-align-center nomargin\"><span class=\"stk-highlight\" style=\"color: #00a3e0;\"><a href=\"https:\/\/riberasalud.com\/hospital-de-molina\/wp-content\/uploads\/2023\/01\/PDF-Informacion-Pacientes-Hospitalizados-COVID.pdf\" data-type=\"URL\" target=\"_blank\" rel=\"noreferrer noopener\">Descargar \u2192<\/a><\/span><\/p>\n\n\n\n<div style=\"height:40px\" aria-hidden=\"true\" class=\"wp-block-spacer\"><\/div>\n<\/div>\n<\/div>\n\n\n\n<div class=\"wp-block-columns is-layout-flex wp-container-core-columns-is-layout-9d6595d7 wp-block-columns-is-layout-flex\">\n<div class=\"wp-block-column has-base-background-color has-background is-layout-flow wp-block-column-is-layout-flow\">\n<div style=\"height:50px\" aria-hidden=\"true\" class=\"wp-block-spacer\"><\/div>\n\n\n<div class=\"wp-block-image nomargin\">\n<figure class=\"aligncenter size-full is-resized\"><img loading=\"lazy\" decoding=\"async\" width=\"88\" height=\"88\" src=\"https:\/\/riberasalud.com\/hospital-de-molina\/wp-content\/uploads\/2024\/11\/ROJO.png\" alt=\"\" class=\"wp-image-8706\" style=\"width:50px;height:50px\"\/><\/figure>\n<\/div>\n\n\n<p class=\"has-text-align-center nomargin\"><span class=\"stk-highlight\" style=\"color: #575756;\">Pacientes de urgencias<\/span><\/p>\n\n\n\n<p class=\"has-text-align-center nomargin has-small-font-size\"><em><span class=\"stk-highlight\" style=\"color: #575756;\"><strong>MEDIDAS EXTRAORDINARIAS PARA PACIENTES Y ACOMPA\u00d1ANTES ANTE LA SITUACI\u00d3N DE PANDEMIA COVID19<\/strong><\/span><\/em><br><br><\/p>\n\n\n\n<p class=\"has-text-align-center nomargin\"><span class=\"stk-highlight\" style=\"color: #00a3e0;\"><a href=\"https:\/\/riberasalud.com\/hospital-de-molina\/wp-content\/uploads\/2023\/01\/PDF-Informacion-Pacientes-Urgencias.pdf\" data-type=\"URL\" target=\"_blank\" rel=\"noreferrer noopener\">Descargar \u2192<\/a><\/span><\/p>\n\n\n\n<div style=\"height:40px\" aria-hidden=\"true\" class=\"wp-block-spacer\"><\/div>\n<\/div>\n\n\n\n<div class=\"wp-block-column is-vertically-aligned-center has-base-background-color has-background is-layout-flow wp-block-column-is-layout-flow\">\n<div style=\"height:50px\" aria-hidden=\"true\" class=\"wp-block-spacer\"><\/div>\n\n\n<div class=\"wp-block-image nomargin\">\n<figure class=\"aligncenter size-full is-resized\"><img loading=\"lazy\" decoding=\"async\" width=\"88\" height=\"88\" src=\"https:\/\/riberasalud.com\/hospital-de-molina\/wp-content\/uploads\/2024\/11\/ROJO.png\" alt=\"\" class=\"wp-image-8706\" style=\"width:50px;height:50px\"\/><\/figure>\n<\/div>\n\n\n<p class=\"has-text-align-center nomargin\"><span class=\"stk-highlight\" style=\"color: #575756;\">Pacientes de consultas externas y ambulatorias<\/span><\/p>\n\n\n\n<p class=\"has-text-align-center nomargin has-small-font-size\"><em><span class=\"stk-highlight\" style=\"color: #575756;\"><strong>MEDIDAS EXTRAORDINARIAS PARA PACIENTES Y ACOMPA\u00d1ANTES ANTE LA SITUACI\u00d3N DE PANDEMIA COVID19<\/strong><\/span><\/em><br><br><\/p>\n\n\n\n<p class=\"has-text-align-center nomargin\"><span class=\"stk-highlight\" style=\"color: #00a3e0;\"><a href=\"https:\/\/riberasalud.com\/hospital-de-molina\/wp-content\/uploads\/2023\/01\/PDF-Informacion-Pacientes-CExternas-PDiagnost-y-CAmbulatoria.pdf\" data-type=\"URL\" target=\"_blank\" rel=\"noreferrer noopener\">Descargar \u2192<\/a><\/span><\/p>\n\n\n\n<div style=\"height:40px\" aria-hidden=\"true\" class=\"wp-block-spacer\"><\/div>\n<\/div>\n<\/div>\n<\/div><\/div>\n","protected":false},"excerpt":{"rendered":"<p>SOMOS EL HOSPITAL DE MOLINA Seguridad del paciente Pacientes Hospitalizados NO Covid MEDIDAS EXTRAORDINARIAS PARA PACIENTES Y ACOMPA\u00d1ANTES ANTE LA SITUACI\u00d3N DE PANDEMIA COVID19 Descargar \u2192 Pacientes Hospitalizados Covid MEDIDAS EXTRAORDINARIAS PARA PACIENTES Y ACOMPA\u00d1ANTES ANTE LA SITUACI\u00d3N DE PANDEMIA COVID19 Descargar \u2192 Pacientes de urgencias MEDIDAS EXTRAORDINARIAS PARA PACIENTES Y ACOMPA\u00d1ANTES ANTE LA SITUACI\u00d3N &#8230; <a title=\"Seguridad del paciente\" class=\"read-more\" href=\"https:\/\/riberasalud.com\/hospital-de-molina\/seguridad-del-paciente\/\" aria-label=\"Leer m\u00e1s sobre Seguridad del paciente\">Leer m\u00e1s<\/a><\/p>\n","protected":false},"author":1,"featured_media":0,"parent":0,"menu_order":0,"comment_status":"closed","ping_status":"closed","template":"","meta":{"_uag_custom_page_level_css":"","_mi_skip_tracking":false,"footnotes":""},"class_list":["post-67","page","type-page","status-publish"],"yoast_head":"<!-- This site is optimized with the Yoast SEO plugin v26.6 - https:\/\/yoast.com\/wordpress\/plugins\/seo\/ -->\n<title>Seguridad del paciente - Hospital de Molina<\/title>\n<meta name=\"robots\" content=\"index, follow, max-snippet:-1, max-image-preview:large, max-video-preview:-1\" \/>\n<link rel=\"canonical\" href=\"https:\/\/riberasalud.com\/hospital-de-molina\/seguridad-del-paciente\/\" \/>\n<meta property=\"og:locale\" content=\"es_ES\" \/>\n<meta property=\"og:type\" content=\"article\" \/>\n<meta property=\"og:title\" content=\"Seguridad del paciente - Hospital de Molina\" \/>\n<meta property=\"og:description\" content=\"SOMOS EL HOSPITAL DE MOLINA Seguridad del paciente Pacientes Hospitalizados NO Covid MEDIDAS EXTRAORDINARIAS PARA PACIENTES Y ACOMPA\u00d1ANTES ANTE LA SITUACI\u00d3N DE PANDEMIA COVID19 Descargar \u2192 Pacientes Hospitalizados Covid MEDIDAS EXTRAORDINARIAS PARA PACIENTES Y ACOMPA\u00d1ANTES ANTE LA SITUACI\u00d3N DE PANDEMIA COVID19 Descargar \u2192 Pacientes de urgencias MEDIDAS EXTRAORDINARIAS PARA PACIENTES Y ACOMPA\u00d1ANTES ANTE LA SITUACI\u00d3N ... Leer m\u00e1s\" \/>\n<meta property=\"og:url\" content=\"https:\/\/riberasalud.com\/hospital-de-molina\/seguridad-del-paciente\/\" \/>\n<meta property=\"og:site_name\" content=\"Hospital de Molina\" \/>\n<meta property=\"article:modified_time\" content=\"2024-11-11T13:14:03+00:00\" \/>\n<meta property=\"og:image\" content=\"https:\/\/riberasalud.com\/hospital-de-molina\/wp-content\/uploads\/2024\/11\/ROJO.png\" \/>\n<meta name=\"twitter:card\" content=\"summary_large_image\" \/>\n<meta name=\"twitter:label1\" content=\"Tiempo de lectura\" \/>\n\t<meta name=\"twitter:data1\" content=\"2 minutos\" \/>\n<script type=\"application\/ld+json\" class=\"yoast-schema-graph\">{\"@context\":\"https:\/\/schema.org\",\"@graph\":[{\"@type\":\"WebPage\",\"@id\":\"https:\/\/riberasalud.com\/hospital-de-molina\/seguridad-del-paciente\/\",\"url\":\"https:\/\/riberasalud.com\/hospital-de-molina\/seguridad-del-paciente\/\",\"name\":\"Seguridad del paciente - Hospital de Molina\",\"isPartOf\":{\"@id\":\"https:\/\/riberasalud.com\/hospital-de-molina\/#website\"},\"primaryImageOfPage\":{\"@id\":\"https:\/\/riberasalud.com\/hospital-de-molina\/seguridad-del-paciente\/#primaryimage\"},\"image\":{\"@id\":\"https:\/\/riberasalud.com\/hospital-de-molina\/seguridad-del-paciente\/#primaryimage\"},\"thumbnailUrl\":\"https:\/\/riberasalud.com\/hospital-de-molina\/wp-content\/uploads\/2024\/11\/ROJO.png\",\"datePublished\":\"2023-01-18T12:11:34+00:00\",\"dateModified\":\"2024-11-11T13:14:03+00:00\",\"breadcrumb\":{\"@id\":\"https:\/\/riberasalud.com\/hospital-de-molina\/seguridad-del-paciente\/#breadcrumb\"},\"inLanguage\":\"es\",\"potentialAction\":[{\"@type\":\"ReadAction\",\"target\":[\"https:\/\/riberasalud.com\/hospital-de-molina\/seguridad-del-paciente\/\"]}]},{\"@type\":\"ImageObject\",\"inLanguage\":\"es\",\"@id\":\"https:\/\/riberasalud.com\/hospital-de-molina\/seguridad-del-paciente\/#primaryimage\",\"url\":\"https:\/\/riberasalud.com\/hospital-de-molina\/wp-content\/uploads\/2024\/11\/ROJO.png\",\"contentUrl\":\"https:\/\/riberasalud.com\/hospital-de-molina\/wp-content\/uploads\/2024\/11\/ROJO.png\",\"width\":88,\"height\":88},{\"@type\":\"BreadcrumbList\",\"@id\":\"https:\/\/riberasalud.com\/hospital-de-molina\/seguridad-del-paciente\/#breadcrumb\",\"itemListElement\":[{\"@type\":\"ListItem\",\"position\":1,\"name\":\"Portada\",\"item\":\"https:\/\/riberasalud.com\/hospital-de-molina\/\"},{\"@type\":\"ListItem\",\"position\":2,\"name\":\"Seguridad del paciente\"}]},{\"@type\":\"WebSite\",\"@id\":\"https:\/\/riberasalud.com\/hospital-de-molina\/#website\",\"url\":\"https:\/\/riberasalud.com\/hospital-de-molina\/\",\"name\":\"Hospital de Molina\",\"description\":\"\",\"publisher\":{\"@id\":\"https:\/\/riberasalud.com\/hospital-de-molina\/#organization\"},\"potentialAction\":[{\"@type\":\"SearchAction\",\"target\":{\"@type\":\"EntryPoint\",\"urlTemplate\":\"https:\/\/riberasalud.com\/hospital-de-molina\/?s={search_term_string}\"},\"query-input\":{\"@type\":\"PropertyValueSpecification\",\"valueRequired\":true,\"valueName\":\"search_term_string\"}}],\"inLanguage\":\"es\"},{\"@type\":\"Organization\",\"@id\":\"https:\/\/riberasalud.com\/hospital-de-molina\/#organization\",\"name\":\"Hospital de Molina\",\"url\":\"https:\/\/riberasalud.com\/hospital-de-molina\/\",\"logo\":{\"@type\":\"ImageObject\",\"inLanguage\":\"es\",\"@id\":\"https:\/\/riberasalud.com\/hospital-de-molina\/#\/schema\/logo\/image\/\",\"url\":\"https:\/\/riberasalud.com\/hospital-de-molina\/wp-content\/uploads\/2023\/01\/cropped-Logo-Red-DeMolina-bigtz7.png\",\"contentUrl\":\"https:\/\/riberasalud.com\/hospital-de-molina\/wp-content\/uploads\/2023\/01\/cropped-Logo-Red-DeMolina-bigtz7.png\",\"width\":300,\"height\":72,\"caption\":\"Hospital de Molina\"},\"image\":{\"@id\":\"https:\/\/riberasalud.com\/hospital-de-molina\/#\/schema\/logo\/image\/\"}}]}<\/script>\n<!-- \/ Yoast SEO plugin. -->","yoast_head_json":{"title":"Seguridad del paciente - Hospital de Molina","robots":{"index":"index","follow":"follow","max-snippet":"max-snippet:-1","max-image-preview":"max-image-preview:large","max-video-preview":"max-video-preview:-1"},"canonical":"https:\/\/riberasalud.com\/hospital-de-molina\/seguridad-del-paciente\/","og_locale":"es_ES","og_type":"article","og_title":"Seguridad del paciente - Hospital de Molina","og_description":"SOMOS EL HOSPITAL DE MOLINA Seguridad del paciente Pacientes Hospitalizados NO Covid MEDIDAS EXTRAORDINARIAS PARA PACIENTES Y ACOMPA\u00d1ANTES ANTE LA SITUACI\u00d3N DE PANDEMIA COVID19 Descargar \u2192 Pacientes Hospitalizados Covid MEDIDAS EXTRAORDINARIAS PARA PACIENTES Y ACOMPA\u00d1ANTES ANTE LA SITUACI\u00d3N DE PANDEMIA COVID19 Descargar \u2192 Pacientes de urgencias MEDIDAS EXTRAORDINARIAS PARA PACIENTES Y ACOMPA\u00d1ANTES ANTE LA SITUACI\u00d3N ... Leer m\u00e1s","og_url":"https:\/\/riberasalud.com\/hospital-de-molina\/seguridad-del-paciente\/","og_site_name":"Hospital de Molina","article_modified_time":"2024-11-11T13:14:03+00:00","og_image":[{"url":"https:\/\/riberasalud.com\/hospital-de-molina\/wp-content\/uploads\/2024\/11\/ROJO.png","type":"","width":"","height":""}],"twitter_card":"summary_large_image","twitter_misc":{"Tiempo de lectura":"2 minutos"},"schema":{"@context":"https:\/\/schema.org","@graph":[{"@type":"WebPage","@id":"https:\/\/riberasalud.com\/hospital-de-molina\/seguridad-del-paciente\/","url":"https:\/\/riberasalud.com\/hospital-de-molina\/seguridad-del-paciente\/","name":"Seguridad del paciente - Hospital de Molina","isPartOf":{"@id":"https:\/\/riberasalud.com\/hospital-de-molina\/#website"},"primaryImageOfPage":{"@id":"https:\/\/riberasalud.com\/hospital-de-molina\/seguridad-del-paciente\/#primaryimage"},"image":{"@id":"https:\/\/riberasalud.com\/hospital-de-molina\/seguridad-del-paciente\/#primaryimage"},"thumbnailUrl":"https:\/\/riberasalud.com\/hospital-de-molina\/wp-content\/uploads\/2024\/11\/ROJO.png","datePublished":"2023-01-18T12:11:34+00:00","dateModified":"2024-11-11T13:14:03+00:00","breadcrumb":{"@id":"https:\/\/riberasalud.com\/hospital-de-molina\/seguridad-del-paciente\/#breadcrumb"},"inLanguage":"es","potentialAction":[{"@type":"ReadAction","target":["https:\/\/riberasalud.com\/hospital-de-molina\/seguridad-del-paciente\/"]}]},{"@type":"ImageObject","inLanguage":"es","@id":"https:\/\/riberasalud.com\/hospital-de-molina\/seguridad-del-paciente\/#primaryimage","url":"https:\/\/riberasalud.com\/hospital-de-molina\/wp-content\/uploads\/2024\/11\/ROJO.png","contentUrl":"https:\/\/riberasalud.com\/hospital-de-molina\/wp-content\/uploads\/2024\/11\/ROJO.png","width":88,"height":88},{"@type":"BreadcrumbList","@id":"https:\/\/riberasalud.com\/hospital-de-molina\/seguridad-del-paciente\/#breadcrumb","itemListElement":[{"@type":"ListItem","position":1,"name":"Portada","item":"https:\/\/riberasalud.com\/hospital-de-molina\/"},{"@type":"ListItem","position":2,"name":"Seguridad del paciente"}]},{"@type":"WebSite","@id":"https:\/\/riberasalud.com\/hospital-de-molina\/#website","url":"https:\/\/riberasalud.com\/hospital-de-molina\/","name":"Hospital de Molina","description":"","publisher":{"@id":"https:\/\/riberasalud.com\/hospital-de-molina\/#organization"},"potentialAction":[{"@type":"SearchAction","target":{"@type":"EntryPoint","urlTemplate":"https:\/\/riberasalud.com\/hospital-de-molina\/?s={search_term_string}"},"query-input":{"@type":"PropertyValueSpecification","valueRequired":true,"valueName":"search_term_string"}}],"inLanguage":"es"},{"@type":"Organization","@id":"https:\/\/riberasalud.com\/hospital-de-molina\/#organization","name":"Hospital de Molina","url":"https:\/\/riberasalud.com\/hospital-de-molina\/","logo":{"@type":"ImageObject","inLanguage":"es","@id":"https:\/\/riberasalud.com\/hospital-de-molina\/#\/schema\/logo\/image\/","url":"https:\/\/riberasalud.com\/hospital-de-molina\/wp-content\/uploads\/2023\/01\/cropped-Logo-Red-DeMolina-bigtz7.png","contentUrl":"https:\/\/riberasalud.com\/hospital-de-molina\/wp-content\/uploads\/2023\/01\/cropped-Logo-Red-DeMolina-bigtz7.png","width":300,"height":72,"caption":"Hospital de Molina"},"image":{"@id":"https:\/\/riberasalud.com\/hospital-de-molina\/#\/schema\/logo\/image\/"}}]}},"uagb_featured_image_src":{"full":false,"thumbnail":false,"medium":false,"medium_large":false,"large":false,"1536x1536":false,"2048x2048":false},"uagb_author_info":{"display_name":"jorge@quois.com","author_link":"https:\/\/riberasalud.com\/hospital-de-molina\/author\/jorgequois-com\/"},"uagb_comment_info":0,"uagb_excerpt":"SOMOS EL HOSPITAL DE MOLINA Seguridad del paciente Pacientes Hospitalizados NO Covid MEDIDAS EXTRAORDINARIAS PARA PACIENTES Y ACOMPA\u00d1ANTES ANTE LA SITUACI\u00d3N DE PANDEMIA COVID19 Descargar \u2192 Pacientes Hospitalizados Covid MEDIDAS EXTRAORDINARIAS PARA PACIENTES Y ACOMPA\u00d1ANTES ANTE LA SITUACI\u00d3N DE PANDEMIA COVID19 Descargar \u2192 Pacientes de urgencias MEDIDAS EXTRAORDINARIAS PARA PACIENTES Y ACOMPA\u00d1ANTES ANTE LA SITUACI\u00d3N&hellip;","_links":{"self":[{"href":"https:\/\/riberasalud.com\/hospital-de-molina\/wp-json\/wp\/v2\/pages\/67","targetHints":{"allow":["GET"]}}],"collection":[{"href":"https:\/\/riberasalud.com\/hospital-de-molina\/wp-json\/wp\/v2\/pages"}],"about":[{"href":"https:\/\/riberasalud.com\/hospital-de-molina\/wp-json\/wp\/v2\/types\/page"}],"author":[{"embeddable":true,"href":"https:\/\/riberasalud.com\/hospital-de-molina\/wp-json\/wp\/v2\/users\/1"}],"replies":[{"embeddable":true,"href":"https:\/\/riberasalud.com\/hospital-de-molina\/wp-json\/wp\/v2\/comments?post=67"}],"version-history":[{"count":4,"href":"https:\/\/riberasalud.com\/hospital-de-molina\/wp-json\/wp\/v2\/pages\/67\/revisions"}],"predecessor-version":[{"id":8707,"href":"https:\/\/riberasalud.com\/hospital-de-molina\/wp-json\/wp\/v2\/pages\/67\/revisions\/8707"}],"wp:attachment":[{"href":"https:\/\/riberasalud.com\/hospital-de-molina\/wp-json\/wp\/v2\/media?parent=67"}],"curies":[{"name":"wp","href":"https:\/\/api.w.org\/{rel}","templated":true}]}}