{"id":59,"date":"2023-01-18T12:03:03","date_gmt":"2023-01-18T12:03:03","guid":{"rendered":"https:\/\/riberasalud.com\/hospital-de-molina\/?page_id=59"},"modified":"2023-02-15T10:12:28","modified_gmt":"2023-02-15T10:12:28","slug":"derechos-y-deberes","status":"publish","type":"page","link":"https:\/\/riberasalud.com\/hospital-de-molina\/derechos-y-deberes\/","title":{"rendered":"Derechos y deberes"},"content":{"rendered":"\n<div class=\"wp-block-group hasbackgroundnaranja sliderlinea\"><div class=\"wp-block-group__inner-container is-layout-flow wp-block-group-is-layout-flow\">\n<p>SOMOS EL HOSPITAL DE MOLINA<\/p>\n\n\n\n<h1 class=\"wp-block-heading\">Derechos y deberes<\/h1>\n<\/div><\/div>\n\n\n\n<div class=\"wp-block-group\"><div class=\"wp-block-group__inner-container is-layout-flow wp-block-group-is-layout-flow\">\n<h2 class=\"wp-block-heading\"><strong>DERECHOS<\/strong><\/h2>\n\n\n\n<ol class=\"wp-block-list\">\n<li>Al respeto de su personalidad, dignidad humana e intimidad, a la autonom\u00eda de su voluntad y a la no discriminaci\u00f3n.<\/li>\n\n\n\n<li>A la informaci\u00f3n completa y continuada sobre su proceso (diagn\u00f3stico, pron\u00f3stico y alternativas de tratamiento), en t\u00e9rminos comprensibles para \u00e9l y, en su caso, a sus familiares o personas legalmente responsables y al respeto de la voluntad de no ser informado.<\/li>\n\n\n\n<li>Al acceso, con las reservas marcadas por la Ley, a la documentaci\u00f3n que integra su historia cl\u00ednica y a la obtenci\u00f3n de copia de sus datos y a que los centros sanitarios dispongan de mecanismos de custodia activa y diligente de las historias cl\u00ednicas.<\/li>\n\n\n\n<li>A la confidencialidad de toda la informaci\u00f3n relacionada con su proceso y estancia en cualquier Centro Sanitario de Murcia.<\/li>\n\n\n\n<li>A disponer, en todos los centros, servicios y establecimientos sanitarios y socio sanitarios de una carta de derechos y deberes por lo que ha de regirse su relaci\u00f3n con los mismos y a la formulaci\u00f3n de Sugerencias y Reclamaciones, as\u00ed como recibir respuesta por escrito dentro del plazo reglamentario.<\/li>\n\n\n\n<li>A participar en las actividades sanitarias, a trav\u00e9s de las instituciones comunitarias en los t\u00e9rminos establecidos por la Ley.<\/li>\n\n\n\n<li>A la informaci\u00f3n suficiente, comprensible y adecuada sobre los factores, situaciones y causas de riesgo para la salud individual y colectiva y sobre los servicios, unidades asistenciales y prestaciones sanitarias y sobre los requisitos necesarios para su uso y acceso.<\/li>\n\n\n\n<li>A que se les extienda certificaci\u00f3n acreditativa de su estado de salud, que ser\u00e1 gratuita cuando as\u00ed se establezca por una disposici\u00f3n legal o reglamentaria.<\/li>\n\n\n\n<li>A la promoci\u00f3n y educaci\u00f3n para la salud.<\/li>\n\n\n\n<li>A las prestaciones y servicios de salud, acorde con recursos disponibles en la Red Sanitaria de Utilizaci\u00f3n P\u00fablica de la Regi\u00f3n de Murcia.<\/li>\n\n\n\n<li>A obtener medicamentos y productos sanitarios que se consideren necesarios en los t\u00e9rminos que se establezcan por la Administraci\u00f3n General del Estado.<\/li>\n\n\n\n<li>A la igualdad en el acceso y uso de los Servicios Sanitarios.<\/li>\n\n\n\n<li>A la libre elecci\u00f3n de m\u00e9dico general, pediatra (hasta los 14 a\u00f1os), de entre los que presten sus servicios en la Zona B\u00e1sica de Salud o en el municipio de su lugar de residencia.<\/li>\n\n\n\n<li> A elegir m\u00e9dico de atenci\u00f3n especializada en los t\u00e9rminos y condiciones establecidas reglamentariamente.<\/li>\n\n\n\n<li>A la elecci\u00f3n, previa indicaci\u00f3n facultativa, entre los servicios y Centros que forman parte de la Red Sanitaria de Utilizaci\u00f3n P\u00fablica de la Regi\u00f3n de Murcia, o, en su caso, de la Red Hospitalaria de Utilizaci\u00f3n P\u00fablica, respetando los siguientes principios:\n<ul class=\"wp-block-list\">\n<li>Disponibilidad en cada momento de los medios y recursos del Servicio Murciano de Salud<\/li>\n\n\n\n<li>Racionalizaci\u00f3n, de los medios sanitarios<\/li>\n\n\n\n<li>Eficacia y eficiencia en la organizaci\u00f3n sanitaria<\/li>\n\n\n\n<li>Garant\u00eda de Calidad Asistencial de las Instituciones Sanitarias en los t\u00e9rminos establecidos por la Ley<\/li>\n<\/ul>\n<\/li>\n\n\n\n<li>Garant\u00eda de un tiempo m\u00e1ximo de acceso a las prestaciones sanitarias.<\/li>\n\n\n\n<li>A la asignaci\u00f3n e identificaci\u00f3n de un m\u00e9dico (y suplente en caso de ausencia) que asumir\u00e1 la responsabilidad ordinaria de la relaci\u00f3n con el equipo asistencial durante su proceso, as\u00ed como de la situaci\u00f3n de ingreso, y garantizar\u00e1 su derecho a la informaci\u00f3n.<\/li>\n\n\n\n<li>A ser advertido y autorizar previamente y por escrito, los procedimientos que se realicen cuando vayan a ser utilizados en un proyecto docente o de investigaci\u00f3n, que, en ning\u00fan caso podr\u00e1 comportar peligro adicional para su salud.<\/li>\n\n\n\n<li>A la libre elecci\u00f3n entre las opciones cl\u00ednicas disponibles, despu\u00e9s de recibir la informaci\u00f3n adecuada, siendo preciso el consentimiento previo del paciente para la realizaci\u00f3n de cualquier intervenci\u00f3n, excepto en los supuestos legales establecidos.<\/li>\n\n\n\n<li>A negarse a cualquier tratamiento, excepto en los supuestos legales establecidos, debiendo para ello solicitar y firmar el Alta Voluntaria.<\/li>\n\n\n\n<li>A revocar por escrito su consentimiento previo.<\/li>\n\n\n\n<li>A la constancia por escrito o en soporte t\u00e9cnico adecuado de todo su proceso y a recibir su informe de Alta al finalizar la estancia en una Instituci\u00f3n hospitalaria.<\/li>\n\n\n\n<li>A una segunda opci\u00f3n facultativa, seg\u00fan la normativa vigente.<\/li>\n\n\n\n<li>A programas y actuaciones especiales y preferentes (ni\u00f1os, ancianos, enfermos mentales, enfermedades cr\u00f3nicas e invalidantes y las que pertenezcan a grupos espec\u00edficos reconocidos sanitariamente como de riesgo).<\/li>\n\n\n\n<li>Derecho especifico de los enfermos mentales: el internamiento, por raz\u00f3n de trastorno ps\u00edquico, de una persona que no est\u00e1 en condiciones de decidirlo por s\u00ed, aunque est\u00e9 sometida a la patria potestad o a tutela, requerir\u00e1 autorizaci\u00f3n judicial, que ser\u00e1 recabada del tribunal del lugar donde resida la persona afectada por el internamiento.<\/li>\n\n\n\n<li>Derecho a manifestar por escrito sus instrucciones previas sobre los cuidados y tratamiento de su salud o, en caso de fallecimiento, el destino de su cuerpo y \u00f3rganos.<\/li>\n<\/ol>\n\n\n\n<h2 class=\"wp-block-heading\"><strong>DEBERES<\/strong><\/h2>\n\n\n\n<ol class=\"wp-block-list\">\n<li>Deber de cumplimiento de las prescripciones y \u00f3rdenes sanitarias conforme a lo establecido legalmente.<\/li>\n\n\n\n<li>Deber de tolerancia, as\u00ed como de colaboraci\u00f3n para el \u00e9xito de las medidas sanitarias adoptadas para la prevenci\u00f3n de riesgos, protecci\u00f3n de la salud o la lucha contra las amenazas a la salud p\u00fablica, especialmente en estado de necesidad.<\/li>\n\n\n\n<li>Deber de responsabilidad, conforme a las normas, del uso, cuidado y disfrute de las instalaciones, servicios y prestaciones de la Red Sanitaria de Utilizaci\u00f3n P\u00fablica de la Regi\u00f3n de Murcia.<\/li>\n\n\n\n<li>Deber de respeto a la dignidad personal y profesional de cuantos prestan sus servicios en la Red Sanitaria de Utilizaci\u00f3n P\u00fablica de la Regi\u00f3n de Murcia.<\/li>\n\n\n\n<li>Deber de observancia de las normas y veracidad en el uso de los recursos y prestaciones del sistema (bajas laborales, incapacidad para el trabajo, asistencia terap\u00e9utica y social).<\/li>\n\n\n\n<li>Deber, como paciente, de observancia del tratamiento prescrito, o firmar, en caso de rechazo a las actuaciones sanitarias, el documento de alta voluntaria: de negarse, a propuesta del m\u00e9dico responsable, la Direcci\u00f3n del Centro podr\u00e1 dar el alta forzosa.<\/li>\n\n\n\n<li>Deber de facilitar los datos sobre su estado f\u00edsico o su salud de manera leal y verdadera y de colaborar en su obtenci\u00f3n.<\/li>\n<\/ol>\n<\/div><\/div>\n","protected":false},"excerpt":{"rendered":"<p>SOMOS EL HOSPITAL DE MOLINA Derechos y deberes DERECHOS DEBERES<\/p>\n","protected":false},"author":1,"featured_media":0,"parent":0,"menu_order":0,"comment_status":"closed","ping_status":"closed","template":"","meta":{"_uag_custom_page_level_css":"","_mi_skip_tracking":false,"footnotes":""},"class_list":["post-59","page","type-page","status-publish"],"yoast_head":"<!-- This site is optimized with the Yoast SEO plugin v26.6 - https:\/\/yoast.com\/wordpress\/plugins\/seo\/ -->\n<title>Derechos y deberes - Hospital de Molina<\/title>\n<meta name=\"robots\" content=\"index, follow, max-snippet:-1, max-image-preview:large, max-video-preview:-1\" \/>\n<link rel=\"canonical\" href=\"https:\/\/riberasalud.com\/hospital-de-molina\/derechos-y-deberes\/\" \/>\n<meta property=\"og:locale\" content=\"es_ES\" \/>\n<meta property=\"og:type\" content=\"article\" \/>\n<meta property=\"og:title\" content=\"Derechos y deberes - Hospital de Molina\" \/>\n<meta property=\"og:description\" content=\"SOMOS EL HOSPITAL DE MOLINA Derechos y deberes DERECHOS DEBERES\" \/>\n<meta property=\"og:url\" content=\"https:\/\/riberasalud.com\/hospital-de-molina\/derechos-y-deberes\/\" \/>\n<meta property=\"og:site_name\" content=\"Hospital de Molina\" \/>\n<meta property=\"article:modified_time\" content=\"2023-02-15T10:12:28+00:00\" \/>\n<meta name=\"twitter:card\" content=\"summary_large_image\" \/>\n<meta name=\"twitter:label1\" content=\"Tiempo de lectura\" \/>\n\t<meta name=\"twitter:data1\" content=\"5 minutos\" \/>\n<script type=\"application\/ld+json\" class=\"yoast-schema-graph\">{\"@context\":\"https:\/\/schema.org\",\"@graph\":[{\"@type\":\"WebPage\",\"@id\":\"https:\/\/riberasalud.com\/hospital-de-molina\/derechos-y-deberes\/\",\"url\":\"https:\/\/riberasalud.com\/hospital-de-molina\/derechos-y-deberes\/\",\"name\":\"Derechos y deberes - Hospital de Molina\",\"isPartOf\":{\"@id\":\"https:\/\/riberasalud.com\/hospital-de-molina\/#website\"},\"datePublished\":\"2023-01-18T12:03:03+00:00\",\"dateModified\":\"2023-02-15T10:12:28+00:00\",\"breadcrumb\":{\"@id\":\"https:\/\/riberasalud.com\/hospital-de-molina\/derechos-y-deberes\/#breadcrumb\"},\"inLanguage\":\"es\",\"potentialAction\":[{\"@type\":\"ReadAction\",\"target\":[\"https:\/\/riberasalud.com\/hospital-de-molina\/derechos-y-deberes\/\"]}]},{\"@type\":\"BreadcrumbList\",\"@id\":\"https:\/\/riberasalud.com\/hospital-de-molina\/derechos-y-deberes\/#breadcrumb\",\"itemListElement\":[{\"@type\":\"ListItem\",\"position\":1,\"name\":\"Portada\",\"item\":\"https:\/\/riberasalud.com\/hospital-de-molina\/\"},{\"@type\":\"ListItem\",\"position\":2,\"name\":\"Derechos y deberes\"}]},{\"@type\":\"WebSite\",\"@id\":\"https:\/\/riberasalud.com\/hospital-de-molina\/#website\",\"url\":\"https:\/\/riberasalud.com\/hospital-de-molina\/\",\"name\":\"Hospital de Molina\",\"description\":\"\",\"publisher\":{\"@id\":\"https:\/\/riberasalud.com\/hospital-de-molina\/#organization\"},\"potentialAction\":[{\"@type\":\"SearchAction\",\"target\":{\"@type\":\"EntryPoint\",\"urlTemplate\":\"https:\/\/riberasalud.com\/hospital-de-molina\/?s={search_term_string}\"},\"query-input\":{\"@type\":\"PropertyValueSpecification\",\"valueRequired\":true,\"valueName\":\"search_term_string\"}}],\"inLanguage\":\"es\"},{\"@type\":\"Organization\",\"@id\":\"https:\/\/riberasalud.com\/hospital-de-molina\/#organization\",\"name\":\"Hospital de Molina\",\"url\":\"https:\/\/riberasalud.com\/hospital-de-molina\/\",\"logo\":{\"@type\":\"ImageObject\",\"inLanguage\":\"es\",\"@id\":\"https:\/\/riberasalud.com\/hospital-de-molina\/#\/schema\/logo\/image\/\",\"url\":\"https:\/\/riberasalud.com\/hospital-de-molina\/wp-content\/uploads\/2023\/01\/cropped-Logo-Red-DeMolina-bigtz7.png\",\"contentUrl\":\"https:\/\/riberasalud.com\/hospital-de-molina\/wp-content\/uploads\/2023\/01\/cropped-Logo-Red-DeMolina-bigtz7.png\",\"width\":300,\"height\":72,\"caption\":\"Hospital de Molina\"},\"image\":{\"@id\":\"https:\/\/riberasalud.com\/hospital-de-molina\/#\/schema\/logo\/image\/\"}}]}<\/script>\n<!-- \/ Yoast SEO plugin. -->","yoast_head_json":{"title":"Derechos y deberes - Hospital de Molina","robots":{"index":"index","follow":"follow","max-snippet":"max-snippet:-1","max-image-preview":"max-image-preview:large","max-video-preview":"max-video-preview:-1"},"canonical":"https:\/\/riberasalud.com\/hospital-de-molina\/derechos-y-deberes\/","og_locale":"es_ES","og_type":"article","og_title":"Derechos y deberes - Hospital de Molina","og_description":"SOMOS EL HOSPITAL DE MOLINA Derechos y deberes DERECHOS DEBERES","og_url":"https:\/\/riberasalud.com\/hospital-de-molina\/derechos-y-deberes\/","og_site_name":"Hospital de Molina","article_modified_time":"2023-02-15T10:12:28+00:00","twitter_card":"summary_large_image","twitter_misc":{"Tiempo de lectura":"5 minutos"},"schema":{"@context":"https:\/\/schema.org","@graph":[{"@type":"WebPage","@id":"https:\/\/riberasalud.com\/hospital-de-molina\/derechos-y-deberes\/","url":"https:\/\/riberasalud.com\/hospital-de-molina\/derechos-y-deberes\/","name":"Derechos y deberes - Hospital de Molina","isPartOf":{"@id":"https:\/\/riberasalud.com\/hospital-de-molina\/#website"},"datePublished":"2023-01-18T12:03:03+00:00","dateModified":"2023-02-15T10:12:28+00:00","breadcrumb":{"@id":"https:\/\/riberasalud.com\/hospital-de-molina\/derechos-y-deberes\/#breadcrumb"},"inLanguage":"es","potentialAction":[{"@type":"ReadAction","target":["https:\/\/riberasalud.com\/hospital-de-molina\/derechos-y-deberes\/"]}]},{"@type":"BreadcrumbList","@id":"https:\/\/riberasalud.com\/hospital-de-molina\/derechos-y-deberes\/#breadcrumb","itemListElement":[{"@type":"ListItem","position":1,"name":"Portada","item":"https:\/\/riberasalud.com\/hospital-de-molina\/"},{"@type":"ListItem","position":2,"name":"Derechos y deberes"}]},{"@type":"WebSite","@id":"https:\/\/riberasalud.com\/hospital-de-molina\/#website","url":"https:\/\/riberasalud.com\/hospital-de-molina\/","name":"Hospital de Molina","description":"","publisher":{"@id":"https:\/\/riberasalud.com\/hospital-de-molina\/#organization"},"potentialAction":[{"@type":"SearchAction","target":{"@type":"EntryPoint","urlTemplate":"https:\/\/riberasalud.com\/hospital-de-molina\/?s={search_term_string}"},"query-input":{"@type":"PropertyValueSpecification","valueRequired":true,"valueName":"search_term_string"}}],"inLanguage":"es"},{"@type":"Organization","@id":"https:\/\/riberasalud.com\/hospital-de-molina\/#organization","name":"Hospital de Molina","url":"https:\/\/riberasalud.com\/hospital-de-molina\/","logo":{"@type":"ImageObject","inLanguage":"es","@id":"https:\/\/riberasalud.com\/hospital-de-molina\/#\/schema\/logo\/image\/","url":"https:\/\/riberasalud.com\/hospital-de-molina\/wp-content\/uploads\/2023\/01\/cropped-Logo-Red-DeMolina-bigtz7.png","contentUrl":"https:\/\/riberasalud.com\/hospital-de-molina\/wp-content\/uploads\/2023\/01\/cropped-Logo-Red-DeMolina-bigtz7.png","width":300,"height":72,"caption":"Hospital de Molina"},"image":{"@id":"https:\/\/riberasalud.com\/hospital-de-molina\/#\/schema\/logo\/image\/"}}]}},"uagb_featured_image_src":{"full":false,"thumbnail":false,"medium":false,"medium_large":false,"large":false,"1536x1536":false,"2048x2048":false},"uagb_author_info":{"display_name":"jorge@quois.com","author_link":"https:\/\/riberasalud.com\/hospital-de-molina\/author\/jorgequois-com\/"},"uagb_comment_info":0,"uagb_excerpt":"SOMOS EL HOSPITAL DE MOLINA Derechos y deberes DERECHOS DEBERES","_links":{"self":[{"href":"https:\/\/riberasalud.com\/hospital-de-molina\/wp-json\/wp\/v2\/pages\/59","targetHints":{"allow":["GET"]}}],"collection":[{"href":"https:\/\/riberasalud.com\/hospital-de-molina\/wp-json\/wp\/v2\/pages"}],"about":[{"href":"https:\/\/riberasalud.com\/hospital-de-molina\/wp-json\/wp\/v2\/types\/page"}],"author":[{"embeddable":true,"href":"https:\/\/riberasalud.com\/hospital-de-molina\/wp-json\/wp\/v2\/users\/1"}],"replies":[{"embeddable":true,"href":"https:\/\/riberasalud.com\/hospital-de-molina\/wp-json\/wp\/v2\/comments?post=59"}],"version-history":[{"count":3,"href":"https:\/\/riberasalud.com\/hospital-de-molina\/wp-json\/wp\/v2\/pages\/59\/revisions"}],"predecessor-version":[{"id":66,"href":"https:\/\/riberasalud.com\/hospital-de-molina\/wp-json\/wp\/v2\/pages\/59\/revisions\/66"}],"wp:attachment":[{"href":"https:\/\/riberasalud.com\/hospital-de-molina\/wp-json\/wp\/v2\/media?parent=59"}],"curies":[{"name":"wp","href":"https:\/\/api.w.org\/{rel}","templated":true}]}}