{"id":24,"date":"2023-01-18T11:21:23","date_gmt":"2023-01-18T11:21:23","guid":{"rendered":"https:\/\/riberasalud.com\/hospital-de-molina\/?page_id=24"},"modified":"2023-03-01T11:09:14","modified_gmt":"2023-03-01T11:09:14","slug":"quienes-somos","status":"publish","type":"page","link":"https:\/\/riberasalud.com\/hospital-de-molina\/quienes-somos\/","title":{"rendered":"Qui\u00e9nes somos"},"content":{"rendered":"\n<div class=\"wp-block-group hasbackgroundnaranja sliderlinea\"><div class=\"wp-block-group__inner-container is-layout-flow wp-block-group-is-layout-flow\">\n<p>QUI\u00c9NES SOMOS<\/p>\n\n\n\n<h1 class=\"wp-block-heading\"><strong>Somos<\/strong> <strong>Ribera Hospital de Molina<\/strong><\/h1>\n<\/div><\/div>\n\n\n\n<div class=\"wp-block-group\"><div class=\"wp-block-group__inner-container is-layout-flow wp-block-group-is-layout-flow\">\n<div class=\"wp-block-columns is-layout-flex wp-container-core-columns-is-layout-9d6595d7 wp-block-columns-is-layout-flex\">\n<div class=\"wp-block-column fotoredonda has-background is-layout-flow wp-block-column-is-layout-flow\" style=\"background-color:#ffffff00;flex-basis:50%\">\n<figure class=\"wp-block-image size-full fotoredonda\"><img loading=\"lazy\" decoding=\"async\" width=\"800\" height=\"533\" src=\"https:\/\/riberasalud.com\/hospital-de-molina\/wp-content\/uploads\/2023\/02\/fachada-principal2.jpg\" alt=\"\" class=\"wp-image-7217\" srcset=\"https:\/\/riberasalud.com\/hospital-de-molina\/wp-content\/uploads\/2023\/02\/fachada-principal2.jpg 800w, https:\/\/riberasalud.com\/hospital-de-molina\/wp-content\/uploads\/2023\/02\/fachada-principal2-300x200.jpg 300w, https:\/\/riberasalud.com\/hospital-de-molina\/wp-content\/uploads\/2023\/02\/fachada-principal2-768x512.jpg 768w\" sizes=\"auto, (max-width: 800px) 100vw, 800px\" \/><\/figure>\n<\/div>\n\n\n\n<div class=\"wp-block-column is-vertically-aligned-center fotoredonda has-background is-layout-flow wp-block-column-is-layout-flow\" style=\"background-color:#00000000;flex-basis:50%\">\n<h3 class=\"wp-block-heading\" style=\"font-size:14px;font-style:normal;font-weight:400\"><mark style=\"background-color:rgba(0, 0, 0, 0);color:#706f6f\" class=\"has-inline-color\">OPERANDO DESDE 1997<\/mark><\/h3>\n\n\n\n<h2 class=\"has-text-color wp-block-heading\" style=\"color:#1d1d1b;font-style:normal;font-weight:400\">Ribera es un grupo empresarial proveedor de servicios sanitarios p\u00fablicos y privados<\/h2>\n\n\n\n<p>Su vocaci\u00f3n es <strong>trasformar la manera de trabajar e innovar en la gesti\u00f3n sanitaria<\/strong>. El grupo gestiona proyectos hospitalarios y servicios asistenciales especializados en Espa\u00f1a, Latinoam\u00e9rica, Europa y Oriente Medio.<\/p>\n\n\n\n<p>Cuenta con una Escuela Universitaria de Enfermer\u00eda y Centro de Estudios de Formaci\u00f3n Profesional, una central de compras, una divisi\u00f3n de laboratorios, una empresa tecnol\u00f3gica y una fundaci\u00f3n dedicada a la investigaci\u00f3n, la formaci\u00f3n y la promoci\u00f3n de la salud. <\/p>\n\n\n\n<p>Su accionista de referencia es Vivalto-Sant\u00e9, el tercer grupo sanitario privado franc\u00e9s, con 50 hospitales y cl\u00ednicas en Francia con quien comparte valores y filosof\u00eda de trabajo basados en una medicina de valor.<\/p>\n\n\n\n<p><strong>Ribera es una empresa de salud responsable, que trabaja para mejorar la salud y el bienestar de los ciudadanos.<\/strong> Su compromiso social queda patente a trav\u00e9s de m\u00faltiples iniciativas que, acorde a los Objetivos de Desarrollo Sostenible y a la Agenda 2030, aportan valor a la sociedad actual y futura y contribuye a la sostenibilidad de los sistemas sanitarios.<\/p>\n\n\n\n<p>En Ribera Hospital de Molina ponemos a disposici\u00f3n de los pacientes del Servicio Murciano de Salud (SMS), compa\u00f1\u00edas aseguradoras, mutuas y privados nuestros servicios sanitarios y los mejores profesionales para cuidad de su salud.<\/p>\n<\/div>\n<\/div>\n\n\n\n<div class=\"wp-block-columns is-layout-flex wp-container-core-columns-is-layout-9d6595d7 wp-block-columns-is-layout-flex\">\n<div class=\"wp-block-column fotoredonda hasbackgroundrojo has-background is-layout-flow wp-block-column-is-layout-flow\" style=\"background-color:#d60f2a00;flex-basis:50%\">\n<div class=\"wp-block-group\"><div class=\"wp-block-group__inner-container is-layout-constrained wp-block-group-is-layout-constrained\">\n<h2 class=\"has-black-color has-text-color wp-block-heading\">Misi\u00f3n<\/h2>\n\n\n\n<p>Trabajamos para<strong> <\/strong>mejorar la salud y el bienestar de las personas<strong>.<\/strong> Creemos en una sola Sanidad, excelente y sostenible, tanto p\u00fablica como privada. Somos un modelo de salud que aporta valor a la sociedad.<\/p>\n<\/div><\/div>\n<\/div>\n\n\n\n<div class=\"wp-block-column fotoredonda hasbackgroundbeige has-background is-layout-flow wp-block-column-is-layout-flow\" style=\"background-color:#fce8de00;flex-basis:50%\">\n<div class=\"wp-block-group\"><div class=\"wp-block-group__inner-container is-layout-constrained wp-block-group-is-layout-constrained\">\n<h2 class=\"wp-block-heading\">Visi\u00f3n<\/h2>\n\n\n\n<p>Nuestra vocaci\u00f3n es convertirnos en m\u00e1ximos colaboradores del Servicio Murciano de Salud y las diversas aseguradoras existentes en orden a <strong>mantener una red eficiente de hospitales y centros asistenciales que satisfagan las necesidades sanitarias<\/strong> de nuestros pacientes.<\/p>\n<\/div><\/div>\n<\/div>\n<\/div>\n\n\n\n<h2 class=\"wp-block-heading\">Valores<\/h2>\n\n\n\n<p>La transformaci\u00f3n de la Sanidad desde la gesti\u00f3n para obtener los mejores resultados.<\/p>\n\n\n\n<div style=\"height:19px\" aria-hidden=\"true\" class=\"wp-block-spacer\"><\/div>\n\n\n\n<div class=\"wp-block-columns is-layout-flex wp-container-core-columns-is-layout-9d6595d7 wp-block-columns-is-layout-flex\">\n<div class=\"wp-block-column is-layout-flow wp-block-column-is-layout-flow\">\n<figure class=\"wp-block-image size-full fotoredonda\"><img loading=\"lazy\" decoding=\"async\" width=\"333\" height=\"222\" src=\"https:\/\/riberasalud.com\/hospital-de-molina\/wp-content\/uploads\/2023\/02\/valores1.jpg\" alt=\"\" class=\"wp-image-7211\" srcset=\"https:\/\/riberasalud.com\/hospital-de-molina\/wp-content\/uploads\/2023\/02\/valores1.jpg 333w, https:\/\/riberasalud.com\/hospital-de-molina\/wp-content\/uploads\/2023\/02\/valores1-300x200.jpg 300w\" sizes=\"auto, (max-width: 333px) 100vw, 333px\" \/><\/figure>\n\n\n\n<div style=\"height:19px\" aria-hidden=\"true\" class=\"wp-block-spacer\"><\/div>\n\n\n\n<h3 class=\"wp-block-heading\">\u00c9tica<\/h3>\n\n\n\n<p>Vocaci\u00f3n de entrega y cuidado a los dem\u00e1s.<\/p>\n<\/div>\n\n\n\n<div class=\"wp-block-column is-layout-flow wp-block-column-is-layout-flow\">\n<figure class=\"wp-block-image size-full fotoredonda\"><img loading=\"lazy\" decoding=\"async\" width=\"329\" height=\"219\" src=\"https:\/\/riberasalud.com\/hospital-de-molina\/wp-content\/uploads\/2023\/02\/valores3.jpg\" alt=\"\" class=\"wp-image-7213\" srcset=\"https:\/\/riberasalud.com\/hospital-de-molina\/wp-content\/uploads\/2023\/02\/valores3.jpg 329w, https:\/\/riberasalud.com\/hospital-de-molina\/wp-content\/uploads\/2023\/02\/valores3-300x200.jpg 300w\" sizes=\"auto, (max-width: 329px) 100vw, 329px\" \/><\/figure>\n\n\n\n<div style=\"height:19px\" aria-hidden=\"true\" class=\"wp-block-spacer\"><\/div>\n\n\n\n<h3 class=\"wp-block-heading\">Cuidado<\/h3>\n\n\n\n<p>Lo primero, las personas y su salud.<\/p>\n<\/div>\n\n\n\n<div class=\"wp-block-column is-layout-flow wp-block-column-is-layout-flow\">\n<figure class=\"wp-block-image size-full fotoredonda\"><img loading=\"lazy\" decoding=\"async\" width=\"322\" height=\"215\" src=\"https:\/\/riberasalud.com\/hospital-de-molina\/wp-content\/uploads\/2023\/02\/valores2.jpg\" alt=\"\" class=\"wp-image-7212\" srcset=\"https:\/\/riberasalud.com\/hospital-de-molina\/wp-content\/uploads\/2023\/02\/valores2.jpg 322w, https:\/\/riberasalud.com\/hospital-de-molina\/wp-content\/uploads\/2023\/02\/valores2-300x200.jpg 300w\" sizes=\"auto, (max-width: 322px) 100vw, 322px\" \/><\/figure>\n\n\n\n<div style=\"height:19px\" aria-hidden=\"true\" class=\"wp-block-spacer\"><\/div>\n\n\n\n<h3 class=\"wp-block-heading\">Compromiso<\/h3>\n\n\n\n<p>Trabajamos para educar y contribuimos en la promoci\u00f3n cultural en todos los temas relacionados con la salud, integraci\u00f3n e igualdad. Trabajamos hoy para la Sanidad del ma\u00f1ana.<\/p>\n<\/div>\n<\/div>\n<\/div><\/div>\n","protected":false},"excerpt":{"rendered":"<p>QUI\u00c9NES SOMOS Somos Ribera Hospital de Molina OPERANDO DESDE 1997 Ribera es un grupo empresarial proveedor de servicios sanitarios p\u00fablicos y privados Su vocaci\u00f3n es trasformar la manera de trabajar e innovar en la gesti\u00f3n sanitaria. El grupo gestiona proyectos hospitalarios y servicios asistenciales especializados en Espa\u00f1a, Latinoam\u00e9rica, Europa y Oriente Medio. Cuenta con una &#8230; <a title=\"Qui\u00e9nes somos\" class=\"read-more\" href=\"https:\/\/riberasalud.com\/hospital-de-molina\/quienes-somos\/\" aria-label=\"Leer m\u00e1s sobre Qui\u00e9nes somos\">Leer m\u00e1s<\/a><\/p>\n","protected":false},"author":1,"featured_media":0,"parent":0,"menu_order":0,"comment_status":"closed","ping_status":"closed","template":"","meta":{"_uag_custom_page_level_css":"","_mi_skip_tracking":false,"footnotes":""},"class_list":["post-24","page","type-page","status-publish"],"yoast_head":"<!-- This site is optimized with the Yoast SEO plugin v26.6 - https:\/\/yoast.com\/wordpress\/plugins\/seo\/ -->\n<title>Qui\u00e9nes somos - Hospital de Molina<\/title>\n<meta name=\"robots\" content=\"index, follow, max-snippet:-1, max-image-preview:large, max-video-preview:-1\" \/>\n<link rel=\"canonical\" href=\"https:\/\/riberasalud.com\/hospital-de-molina\/quienes-somos\/\" \/>\n<meta property=\"og:locale\" content=\"es_ES\" \/>\n<meta property=\"og:type\" content=\"article\" \/>\n<meta property=\"og:title\" content=\"Qui\u00e9nes somos - Hospital de Molina\" \/>\n<meta property=\"og:description\" content=\"QUI\u00c9NES SOMOS Somos Ribera Hospital de Molina OPERANDO DESDE 1997 Ribera es un grupo empresarial proveedor de servicios sanitarios p\u00fablicos y privados Su vocaci\u00f3n es trasformar la manera de trabajar e innovar en la gesti\u00f3n sanitaria. El grupo gestiona proyectos hospitalarios y servicios asistenciales especializados en Espa\u00f1a, Latinoam\u00e9rica, Europa y Oriente Medio. Cuenta con una ... Leer m\u00e1s\" \/>\n<meta property=\"og:url\" content=\"https:\/\/riberasalud.com\/hospital-de-molina\/quienes-somos\/\" \/>\n<meta property=\"og:site_name\" content=\"Hospital de Molina\" \/>\n<meta property=\"article:modified_time\" content=\"2023-03-01T11:09:14+00:00\" \/>\n<meta property=\"og:image\" content=\"https:\/\/riberasalud.com\/hospital-de-molina\/wp-content\/uploads\/2023\/02\/fachada-principal2.jpg\" \/>\n<meta name=\"twitter:card\" content=\"summary_large_image\" \/>\n<meta name=\"twitter:label1\" content=\"Tiempo de lectura\" \/>\n\t<meta name=\"twitter:data1\" content=\"2 minutos\" \/>\n<script type=\"application\/ld+json\" class=\"yoast-schema-graph\">{\"@context\":\"https:\/\/schema.org\",\"@graph\":[{\"@type\":\"WebPage\",\"@id\":\"https:\/\/riberasalud.com\/hospital-de-molina\/quienes-somos\/\",\"url\":\"https:\/\/riberasalud.com\/hospital-de-molina\/quienes-somos\/\",\"name\":\"Qui\u00e9nes somos - Hospital de Molina\",\"isPartOf\":{\"@id\":\"https:\/\/riberasalud.com\/hospital-de-molina\/#website\"},\"primaryImageOfPage\":{\"@id\":\"https:\/\/riberasalud.com\/hospital-de-molina\/quienes-somos\/#primaryimage\"},\"image\":{\"@id\":\"https:\/\/riberasalud.com\/hospital-de-molina\/quienes-somos\/#primaryimage\"},\"thumbnailUrl\":\"https:\/\/riberasalud.com\/hospital-de-molina\/wp-content\/uploads\/2023\/02\/fachada-principal2.jpg\",\"datePublished\":\"2023-01-18T11:21:23+00:00\",\"dateModified\":\"2023-03-01T11:09:14+00:00\",\"breadcrumb\":{\"@id\":\"https:\/\/riberasalud.com\/hospital-de-molina\/quienes-somos\/#breadcrumb\"},\"inLanguage\":\"es\",\"potentialAction\":[{\"@type\":\"ReadAction\",\"target\":[\"https:\/\/riberasalud.com\/hospital-de-molina\/quienes-somos\/\"]}]},{\"@type\":\"ImageObject\",\"inLanguage\":\"es\",\"@id\":\"https:\/\/riberasalud.com\/hospital-de-molina\/quienes-somos\/#primaryimage\",\"url\":\"https:\/\/riberasalud.com\/hospital-de-molina\/wp-content\/uploads\/2023\/02\/fachada-principal2.jpg\",\"contentUrl\":\"https:\/\/riberasalud.com\/hospital-de-molina\/wp-content\/uploads\/2023\/02\/fachada-principal2.jpg\",\"width\":800,\"height\":533},{\"@type\":\"BreadcrumbList\",\"@id\":\"https:\/\/riberasalud.com\/hospital-de-molina\/quienes-somos\/#breadcrumb\",\"itemListElement\":[{\"@type\":\"ListItem\",\"position\":1,\"name\":\"Portada\",\"item\":\"https:\/\/riberasalud.com\/hospital-de-molina\/\"},{\"@type\":\"ListItem\",\"position\":2,\"name\":\"Qui\u00e9nes somos\"}]},{\"@type\":\"WebSite\",\"@id\":\"https:\/\/riberasalud.com\/hospital-de-molina\/#website\",\"url\":\"https:\/\/riberasalud.com\/hospital-de-molina\/\",\"name\":\"Hospital de Molina\",\"description\":\"\",\"publisher\":{\"@id\":\"https:\/\/riberasalud.com\/hospital-de-molina\/#organization\"},\"potentialAction\":[{\"@type\":\"SearchAction\",\"target\":{\"@type\":\"EntryPoint\",\"urlTemplate\":\"https:\/\/riberasalud.com\/hospital-de-molina\/?s={search_term_string}\"},\"query-input\":{\"@type\":\"PropertyValueSpecification\",\"valueRequired\":true,\"valueName\":\"search_term_string\"}}],\"inLanguage\":\"es\"},{\"@type\":\"Organization\",\"@id\":\"https:\/\/riberasalud.com\/hospital-de-molina\/#organization\",\"name\":\"Hospital de Molina\",\"url\":\"https:\/\/riberasalud.com\/hospital-de-molina\/\",\"logo\":{\"@type\":\"ImageObject\",\"inLanguage\":\"es\",\"@id\":\"https:\/\/riberasalud.com\/hospital-de-molina\/#\/schema\/logo\/image\/\",\"url\":\"https:\/\/riberasalud.com\/hospital-de-molina\/wp-content\/uploads\/2023\/01\/cropped-Logo-Red-DeMolina-bigtz7.png\",\"contentUrl\":\"https:\/\/riberasalud.com\/hospital-de-molina\/wp-content\/uploads\/2023\/01\/cropped-Logo-Red-DeMolina-bigtz7.png\",\"width\":300,\"height\":72,\"caption\":\"Hospital de Molina\"},\"image\":{\"@id\":\"https:\/\/riberasalud.com\/hospital-de-molina\/#\/schema\/logo\/image\/\"}}]}<\/script>\n<!-- \/ Yoast SEO plugin. -->","yoast_head_json":{"title":"Qui\u00e9nes somos - Hospital de Molina","robots":{"index":"index","follow":"follow","max-snippet":"max-snippet:-1","max-image-preview":"max-image-preview:large","max-video-preview":"max-video-preview:-1"},"canonical":"https:\/\/riberasalud.com\/hospital-de-molina\/quienes-somos\/","og_locale":"es_ES","og_type":"article","og_title":"Qui\u00e9nes somos - Hospital de Molina","og_description":"QUI\u00c9NES SOMOS Somos Ribera Hospital de Molina OPERANDO DESDE 1997 Ribera es un grupo empresarial proveedor de servicios sanitarios p\u00fablicos y privados Su vocaci\u00f3n es trasformar la manera de trabajar e innovar en la gesti\u00f3n sanitaria. El grupo gestiona proyectos hospitalarios y servicios asistenciales especializados en Espa\u00f1a, Latinoam\u00e9rica, Europa y Oriente Medio. Cuenta con una ... Leer m\u00e1s","og_url":"https:\/\/riberasalud.com\/hospital-de-molina\/quienes-somos\/","og_site_name":"Hospital de Molina","article_modified_time":"2023-03-01T11:09:14+00:00","og_image":[{"url":"https:\/\/riberasalud.com\/hospital-de-molina\/wp-content\/uploads\/2023\/02\/fachada-principal2.jpg","type":"","width":"","height":""}],"twitter_card":"summary_large_image","twitter_misc":{"Tiempo de lectura":"2 minutos"},"schema":{"@context":"https:\/\/schema.org","@graph":[{"@type":"WebPage","@id":"https:\/\/riberasalud.com\/hospital-de-molina\/quienes-somos\/","url":"https:\/\/riberasalud.com\/hospital-de-molina\/quienes-somos\/","name":"Qui\u00e9nes somos - Hospital de Molina","isPartOf":{"@id":"https:\/\/riberasalud.com\/hospital-de-molina\/#website"},"primaryImageOfPage":{"@id":"https:\/\/riberasalud.com\/hospital-de-molina\/quienes-somos\/#primaryimage"},"image":{"@id":"https:\/\/riberasalud.com\/hospital-de-molina\/quienes-somos\/#primaryimage"},"thumbnailUrl":"https:\/\/riberasalud.com\/hospital-de-molina\/wp-content\/uploads\/2023\/02\/fachada-principal2.jpg","datePublished":"2023-01-18T11:21:23+00:00","dateModified":"2023-03-01T11:09:14+00:00","breadcrumb":{"@id":"https:\/\/riberasalud.com\/hospital-de-molina\/quienes-somos\/#breadcrumb"},"inLanguage":"es","potentialAction":[{"@type":"ReadAction","target":["https:\/\/riberasalud.com\/hospital-de-molina\/quienes-somos\/"]}]},{"@type":"ImageObject","inLanguage":"es","@id":"https:\/\/riberasalud.com\/hospital-de-molina\/quienes-somos\/#primaryimage","url":"https:\/\/riberasalud.com\/hospital-de-molina\/wp-content\/uploads\/2023\/02\/fachada-principal2.jpg","contentUrl":"https:\/\/riberasalud.com\/hospital-de-molina\/wp-content\/uploads\/2023\/02\/fachada-principal2.jpg","width":800,"height":533},{"@type":"BreadcrumbList","@id":"https:\/\/riberasalud.com\/hospital-de-molina\/quienes-somos\/#breadcrumb","itemListElement":[{"@type":"ListItem","position":1,"name":"Portada","item":"https:\/\/riberasalud.com\/hospital-de-molina\/"},{"@type":"ListItem","position":2,"name":"Qui\u00e9nes somos"}]},{"@type":"WebSite","@id":"https:\/\/riberasalud.com\/hospital-de-molina\/#website","url":"https:\/\/riberasalud.com\/hospital-de-molina\/","name":"Hospital de Molina","description":"","publisher":{"@id":"https:\/\/riberasalud.com\/hospital-de-molina\/#organization"},"potentialAction":[{"@type":"SearchAction","target":{"@type":"EntryPoint","urlTemplate":"https:\/\/riberasalud.com\/hospital-de-molina\/?s={search_term_string}"},"query-input":{"@type":"PropertyValueSpecification","valueRequired":true,"valueName":"search_term_string"}}],"inLanguage":"es"},{"@type":"Organization","@id":"https:\/\/riberasalud.com\/hospital-de-molina\/#organization","name":"Hospital de Molina","url":"https:\/\/riberasalud.com\/hospital-de-molina\/","logo":{"@type":"ImageObject","inLanguage":"es","@id":"https:\/\/riberasalud.com\/hospital-de-molina\/#\/schema\/logo\/image\/","url":"https:\/\/riberasalud.com\/hospital-de-molina\/wp-content\/uploads\/2023\/01\/cropped-Logo-Red-DeMolina-bigtz7.png","contentUrl":"https:\/\/riberasalud.com\/hospital-de-molina\/wp-content\/uploads\/2023\/01\/cropped-Logo-Red-DeMolina-bigtz7.png","width":300,"height":72,"caption":"Hospital de Molina"},"image":{"@id":"https:\/\/riberasalud.com\/hospital-de-molina\/#\/schema\/logo\/image\/"}}]}},"uagb_featured_image_src":{"full":false,"thumbnail":false,"medium":false,"medium_large":false,"large":false,"1536x1536":false,"2048x2048":false},"uagb_author_info":{"display_name":"jorge@quois.com","author_link":"https:\/\/riberasalud.com\/hospital-de-molina\/author\/jorgequois-com\/"},"uagb_comment_info":0,"uagb_excerpt":"QUI\u00c9NES SOMOS Somos Ribera Hospital de Molina OPERANDO DESDE 1997 Ribera es un grupo empresarial proveedor de servicios sanitarios p\u00fablicos y privados Su vocaci\u00f3n es trasformar la manera de trabajar e innovar en la gesti\u00f3n sanitaria. El grupo gestiona proyectos hospitalarios y servicios asistenciales especializados en Espa\u00f1a, Latinoam\u00e9rica, Europa y Oriente Medio. Cuenta con una&hellip;","_links":{"self":[{"href":"https:\/\/riberasalud.com\/hospital-de-molina\/wp-json\/wp\/v2\/pages\/24","targetHints":{"allow":["GET"]}}],"collection":[{"href":"https:\/\/riberasalud.com\/hospital-de-molina\/wp-json\/wp\/v2\/pages"}],"about":[{"href":"https:\/\/riberasalud.com\/hospital-de-molina\/wp-json\/wp\/v2\/types\/page"}],"author":[{"embeddable":true,"href":"https:\/\/riberasalud.com\/hospital-de-molina\/wp-json\/wp\/v2\/users\/1"}],"replies":[{"embeddable":true,"href":"https:\/\/riberasalud.com\/hospital-de-molina\/wp-json\/wp\/v2\/comments?post=24"}],"version-history":[{"count":119,"href":"https:\/\/riberasalud.com\/hospital-de-molina\/wp-json\/wp\/v2\/pages\/24\/revisions"}],"predecessor-version":[{"id":7511,"href":"https:\/\/riberasalud.com\/hospital-de-molina\/wp-json\/wp\/v2\/pages\/24\/revisions\/7511"}],"wp:attachment":[{"href":"https:\/\/riberasalud.com\/hospital-de-molina\/wp-json\/wp\/v2\/media?parent=24"}],"curies":[{"name":"wp","href":"https:\/\/api.w.org\/{rel}","templated":true}]}}