{"id":7721,"date":"2020-11-19T09:41:44","date_gmt":"2020-11-19T09:41:44","guid":{"rendered":"https:\/\/riberasalud.com\/employee\/?page_id=7721"},"modified":"2020-11-19T09:41:56","modified_gmt":"2020-11-19T09:41:56","slug":"politica-cookies","status":"publish","type":"page","link":"https:\/\/riberasalud.com\/employee\/politica-cookies\/","title":{"rendered":"Pol\u00edtica de Cookies"},"content":{"rendered":"\n<p>EMPLOYEE RIBERA (en adelante, \u201cRIBERA SALUD TECNOLOG\u00cdAS, S.L.U.,\u201d) le informa que este sitio web utiliza cookies. A continuaci\u00f3n, el usuario encontrar\u00e1 informaci\u00f3n detallada sobre las cookies que son instaladas en la p\u00e1gina web.<\/p>\n\n\n\n<ol class=\"wp-block-list\"><li><strong>\u00bfQU\u00c9 SON LAS COOKIES?<\/strong><\/li><\/ol>\n\n\n\n<p>Se considera cookies a cualquier tipo de archivo o dispositivo que se descarga en el equipo terminal de un usuario con la finalidad de almacenar datos que podr\u00e1n ser actualizados y recuperados por la entidad responsable de su instalaci\u00f3n. Se ubican en el disco duro del ordenador del Usuario, que archivan informaci\u00f3n sobre el uso que se realiza de un determinado Sitio Web. Las cookies solamente pueden ser le\u00eddas por el servidor que las coloc\u00f3 y no pueden ejecutar ning\u00fan programa o virus.<\/p>\n\n\n\n<ol class=\"wp-block-list\"><li><strong>\u00bfQU\u00c9 TIPO DE COOKIES SE UTILIZAN EN ESTA P\u00c1GINA WEB?<\/strong><\/li><\/ol>\n\n\n\n<p>Respecto a la&nbsp;finalidad de las cookies, en esta web utilizamos las siguientes:<\/p>\n\n\n\n<ul class=\"wp-block-list\"><li><strong>Cookies t\u00e9cnicas estrictamente necesarias:&nbsp;<\/strong>Se tratan de cookies necesarias para el correcto funcionamiento de la web, as\u00ed como entre otros, guardar el identificador de sesi\u00f3n del usuario.<\/li><\/ul>\n\n\n\n<ul class=\"wp-block-list\"><li><strong>Cookies de an\u00e1lisis:<\/strong>&nbsp;Son aqu\u00e9llas que permiten al responsable de las mismas, el seguimiento y an\u00e1lisis del comportamiento de los usuarios de los sitios web a los que est\u00e1n vinculadas. La informaci\u00f3n recogida mediante este tipo de cookies se utiliza en la medici\u00f3n de la actividad de los sitios web, aplicaci\u00f3n o plataforma y para la elaboraci\u00f3n de perfiles de navegaci\u00f3n de los usuarios de dichos sitios.<\/li><\/ul>\n\n\n\n<p>Asimismo, en cuanto a la&nbsp;entidad que gestiona las cookies, esta p\u00e1gina web utiliza cookies de&nbsp;<strong>terceros<\/strong>, entendidas como aquellas que se env\u00edan al terminal del usuario desde un equipo o dominio que no es gestionado por el editor sino por otra entidad que trata los datos obtenidos a trav\u00e9s de las cookies.<\/p>\n\n\n\n<p>En el apartado tercero (III) de la presente Pol\u00edtica de cookies bajo el t\u00edtulo \u201cInformaci\u00f3n sobre terceros\u201d podr\u00e1 encontrar m\u00e1s informaci\u00f3n sobre dichos terceros.<\/p>\n\n\n\n<p>Respecto al&nbsp;plazo de tiempo que permanecen activadas, en esta web utilizamos las siguientes:<\/p>\n\n\n\n<ul class=\"wp-block-list\"><li><strong>Cookies de sesi\u00f3n<\/strong>: Son aquellas dise\u00f1adas para recabar y almacenar datos mientras el usuario accede a una p\u00e1gina web y desaparecen al cerrar el navegador.<\/li><\/ul>\n\n\n\n<ul class=\"wp-block-list\"><li><strong>Cookies persistentes<\/strong>: son aquellas en las que los datos siguen almacenados en el terminal y que pueden ser accedidos durante un periodo definido por el responsable de la cookie que puede ir de varios minutos a varios a\u00f1os.<\/li><\/ul>\n\n\n\n<p>En la tabla que se muestra a continuaci\u00f3n encontrar\u00e1 informaci\u00f3n completa sobre las cookies utilizadas y descargadas en nuestra p\u00e1gina web.<\/p>\n\n\n\n<figure class=\"wp-block-table\"><table><tbody><tr><td>&nbsp;<strong>INFORMACI\u00d3N SOBRE LAS COOKIES UTILIZADAS EN ESTA WEB<\/strong><\/td><\/tr><tr><td><strong>TIPOLOG\u00cdA<\/strong><\/td><td><strong>NOMBRE<\/strong><\/td><td><strong>DURACI\u00d3N<\/strong><\/td><td><strong>PROCEDENCIA<\/strong><\/td><td><strong>FINALIDAD<\/strong><\/td><td><strong>TRANSFERENCIAS INTERNACIONALES DE DATOS<\/strong><\/td><\/tr><tr><td>&nbsp;T\u00e9cnicas estrictamente necesarias<\/td><td>PHPSESSID<\/td><td>Sesi\u00f3n<\/td><td>Propia<\/td><td>Se utiliza para guardar el identificador de sesi\u00f3n del usuario<\/td><td>No.<\/td><\/tr><tr><td>wp-settings-time<\/td><td>1 a\u00f1o<\/td><td>De terceros(WordPress)<\/td><td>Estas cookies son utilizadas por WordPress para personalizar la Interfaz de Usuario.<\/td><td>Si.&nbsp;EEUU<\/td><\/tr><tr><td>wp-settings<\/td><td>1 a\u00f1o<\/td><td>De terceros(WordPress)<\/td><td>Estas cookies son utilizadas por WordPress para personalizar la Interfaz de Usuario.<\/td><td>Si.&nbsp;EEUU<\/td><\/tr><tr><td>wordpress_test_cookie<\/td><td>Sesi\u00f3n<\/td><td>De terceros(WordPress)<\/td><td>Esta cookie se usa para que el gestor de contenidos WordPress compruebe si el navegador tiene las cookies activadas.<\/td><td>Si.EEUU<\/td><\/tr><tr><td>Anal\u00edticas\/Estad\u00edsticas&nbsp;<\/td><td>__utmb<\/td><td>30 minutos desde que se cre\u00f3 inicialmente o se restableci\u00f3.<\/td><td>Terceros(Google Analytics)<\/td><td>cookie de Google Analytics que nos permite determinar el n\u00famero de veces que un visitante \u00fanico (un navegador espec\u00edfico en un equipo espec\u00edfico) visita el sitio. Se utiliza junto con la cookie __utmc (descrita abajo).<\/td><td>Si. EE.UU<\/td><\/tr><tr><td>__utmt<\/td><td>10 minutos desde que se cre\u00f3 inicialmente o se restableci\u00f3.<\/td><td>Terceros(Google Analytics)<\/td><td>se utiliza para limitar la velocidad de solicitud del servicio y limitar la recogida de datos en los sitios de alto tr\u00e1fico.<\/td><td>SiEE.UU<\/td><\/tr><tr><td>__utmc<\/td><td>Sesi\u00f3n<\/td><td>Terceros(Google Analytics)<\/td><td>cookie de Google Analytics que nos permite determinar el n\u00famero de veces que un visitante \u00fanico (un navegador espec\u00edfico en un equipo espec\u00edfico) visita el sitio. Se utiliza junto con la cookie __utmb (descrita arriba).<\/td><td>SiEE.UU<\/td><\/tr><tr><td>__utma<\/td><td>2 a\u00f1os desde que se cre\u00f3 inicialmente o se restableci\u00f3.<\/td><td>Terceros(Google Analytics)<\/td><td>cookie de Google Analytics que nos permite determinar el n\u00famero de visitantes \u00fanicos (definido como un navegador espec\u00edfico en un equipo espec\u00edfico) que visitan el sitio.<\/td><td>SiEE.UU<\/td><\/tr><\/tbody><\/table><\/figure>\n\n\n\n<ul class=\"wp-block-list\"><li><strong>Informaci\u00f3n sobre terceros.<\/strong><\/li><\/ul>\n\n\n\n<p>El usuario puede obtener informaci\u00f3n completa sobre los terceros, as\u00ed como en su caso de las transferencias a terceros pa\u00edses que puedan llevar a cabo los terceros, a trav\u00e9s de los enlaces a sus p\u00e1ginas web detalladas a continuaci\u00f3n. El usuario por medio de los enlaces, podr\u00e1 consultar las correspondientes pol\u00edticas de protecci\u00f3n de datos y cookies de dichos terceros.<\/p>\n\n\n\n<ul class=\"wp-block-list\"><li>Google analytics<\/li><\/ul>\n\n\n\n<figure class=\"wp-block-embed\"><div class=\"wp-block-embed__wrapper\">\nhttps:\/\/analytics.google.com\/analytics\/web\/provision\/#\/provision\n<\/div><\/figure>\n\n\n\n<ul class=\"wp-block-list\"><li>Google<\/li><\/ul>\n\n\n\n<p><a href=\"http:\/\/www.google.com\/\">www.google.com<\/a><\/p>\n\n\n\n<p>Asimismo, informamos a los usuarios que la informaci\u00f3n obtenida a trav\u00e9s de las cookies gestionadas por terceros es transferida a EEUU y que dicho pa\u00eds de destino es un tercer pa\u00eds que, actualmente, no ofrece un nivel de protecci\u00f3n adecuado en el sentido del Reglamento General de Protecci\u00f3n de Datos europeo (\u201cRGPD\u201d o \u201cReglamento (UE) 2016\/679\u201d).<\/p>\n\n\n\n<p>Igualmente, le comunicamos que FUTURS no puede controlar ni se hace responsable del contenido y veracidad de los t\u00e9rminos y condiciones y las pol\u00edticas de privacidad de terceros, as\u00ed como de aquella informaci\u00f3n que el tercero no ofrezca en castellano. Asimismo, tampoco se hace responsable del correcto funcionamiento de los enlaces facilitados a las correspondientes p\u00e1ginas webs.<\/p>\n\n\n\n<ol class=\"wp-block-list\"><li><strong>&nbsp;Configuraci\u00f3n, desactivaci\u00f3n y eliminaci\u00f3n de cookies.<\/strong><\/li><\/ol>\n\n\n\n<p>&nbsp;Para configurar o desactivar las cookies se puede acceder a nuestro panel de configuraci\u00f3n&nbsp;<a href=\"https:\/\/www.futurshealth.com\/#gdpr_cookie_modal\"><u>aqu\u00ed<\/u><\/a>.<\/p>\n\n\n\n<p>Asimismo, tenga en cuenta que, si acepta las cookies de terceros, deber\u00e1 eliminarlas desde las opciones del navegador o desde el sistema ofrecido por el propio tercero.<\/p>\n\n\n\n<ol class=\"wp-block-list\"><li><strong>Actualizaci\u00f3n de Pol\u00edtica de cookies.<\/strong><\/li><\/ol>\n\n\n\n<p>Esta Pol\u00edtica de Cookies puede variar en funci\u00f3n de nuevas exigencias legislativas, reglamentarias, o con la finalidad de adaptar dicha pol\u00edtica a las instrucciones dictadas por la Agencia Espa\u00f1ola de Protecci\u00f3n de Datos.<\/p>\n\n\n\n<p>Por \u00faltimo, si el usuario desea obtener informaci\u00f3n en materia de protecci\u00f3n de datos, le recomendamos que consulte nuestra\u00a0<a href=\"https:\/\/riberasalud.com\/employee\/politica-privacidad\/\"><u>Pol\u00edtica de Protecci\u00f3n de Datos<\/u>.<\/a><\/p>\n","protected":false},"excerpt":{"rendered":"<p>EMPLOYEE RIBERA (en adelante, \u201cRIBERA SALUD TECNOLOG\u00cdAS, S.L.U.,\u201d) le informa que este sitio web utiliza cookies. A continuaci\u00f3n, el usuario encontrar\u00e1 informaci\u00f3n detallada sobre las cookies que son instaladas en la p\u00e1gina web. \u00bfQU\u00c9 SON LAS COOKIES? Se considera cookies [&hellip;]<\/p>\n","protected":false},"author":3,"featured_media":0,"parent":0,"menu_order":0,"comment_status":"closed","ping_status":"closed","template":"","meta":{"_glsr_average":0,"_glsr_ranking":0,"_glsr_reviews":0,"footnotes":""},"class_list":["post-7721","page","type-page","status-publish","hentry"],"_links":{"self":[{"href":"https:\/\/riberasalud.com\/employee\/wp-json\/wp\/v2\/pages\/7721","targetHints":{"allow":["GET"]}}],"collection":[{"href":"https:\/\/riberasalud.com\/employee\/wp-json\/wp\/v2\/pages"}],"about":[{"href":"https:\/\/riberasalud.com\/employee\/wp-json\/wp\/v2\/types\/page"}],"author":[{"embeddable":true,"href":"https:\/\/riberasalud.com\/employee\/wp-json\/wp\/v2\/users\/3"}],"replies":[{"embeddable":true,"href":"https:\/\/riberasalud.com\/employee\/wp-json\/wp\/v2\/comments?post=7721"}],"version-history":[{"count":1,"href":"https:\/\/riberasalud.com\/employee\/wp-json\/wp\/v2\/pages\/7721\/revisions"}],"predecessor-version":[{"id":7722,"href":"https:\/\/riberasalud.com\/employee\/wp-json\/wp\/v2\/pages\/7721\/revisions\/7722"}],"wp:attachment":[{"href":"https:\/\/riberasalud.com\/employee\/wp-json\/wp\/v2\/media?parent=7721"}],"curies":[{"name":"wp","href":"https:\/\/api.w.org\/{rel}","templated":true}]}}