{"id":7717,"date":"2020-11-19T09:33:24","date_gmt":"2020-11-19T09:33:24","guid":{"rendered":"https:\/\/riberasalud.com\/employee\/?page_id=7717"},"modified":"2020-11-19T09:37:29","modified_gmt":"2020-11-19T09:37:29","slug":"politica-privacidad","status":"publish","type":"page","link":"https:\/\/riberasalud.com\/employee\/politica-privacidad\/","title":{"rendered":"Pol\u00edtica de Privacidad"},"content":{"rendered":"\n<p>En cumplimiento del Reglamento UE 2016\/679 General de Protecci\u00f3n de Datos, (en adelante, \u201cRGPD\u201d) y la Ley Org\u00e1nica 3\/2018 de 5 de diciembre de Protecci\u00f3n de Datos Personales y garant\u00eda de los derechos digitales (en adelante, \u201cLOPDGDD\u201d), por medio de la presente se informa al usuario sobre la forma en que RIBERA SALUD TECNOLOG\u00cdAS, S.L.U. (en adelante, \u201cEMPLOYEE RIBERA\u201d) recaba y trata los datos de car\u00e1cter personal a trav\u00e9s de la p\u00e1gina web www.riberasalud.com\/employee.<\/p>\n\n\n\n<h2 class=\"wp-block-heading\"><strong>1.&nbsp;Identificaci\u00f3n del Responsable.<\/strong><\/h2>\n\n\n\n<p>El Responsable del Tratamiento de los datos personales del usuario es RIBERA SALUD TECNOLOG\u00cdAS, S.L.U., con CIF B-98387830 y domicilio social en Avenida de las Cortes Valencianas, n\u00famero 58, Edificio Sorolla Center, C.P. 46015 de Valencia.<\/p>\n\n\n\n<p>La direcci\u00f3n de correo electr\u00f3nico de contacto es\u00a0\u00a0<a href=\"mailto:info@riberasalud.es\">info@riberasalud.es<\/a> y n\u00famero de tel\u00e9fono (+34)\u00a0<a href=\"tel:+1-3435-2356\">966 799 467<\/a>.<\/p>\n\n\n\n<p>Para cualquier cuesti\u00f3n relacionada con la presente pol\u00edtica de privacidad, el usuario podr\u00e1 ponerse en contacto con el delegado de protecci\u00f3n de datos del Grupo Ribera enviando un email a&nbsp;<a href=\"mailto:dpo@riberasalud.es\">dpo@riberasalud.es<\/a>.<\/p>\n\n\n\n<h2 class=\"wp-block-heading\"><strong>2.&nbsp;Fines del tratamiento y base jur\u00eddica.<\/strong><\/h2>\n\n\n\n<p>La recogida de sus datos personales a trav\u00e9s de la web de EMPLOYEE RIBERA pueden responder a las siguientes finalidades:<\/p>\n\n\n\n<ul class=\"wp-block-list\"><li>Gestionar las candidaturas presentadas por los usuarios a trav\u00e9s del Portal de Empleo. Este tratamiento se encuentra legitimado en el consentimiento manifestado por el interesado en el momento de remitir el CV. Asimismo, la cesi\u00f3n de los datos personales a las empresas del Grupo Ribera que el usuario haya previamente seleccionado est\u00e1 basada en el consentimiento del usuario para recibir ofertas de empleo.<\/li><li>Posibilitar la atenci\u00f3n de solicitudes de informaci\u00f3n solicitadas por correo electr\u00f3nico, en base a la relaci\u00f3n precontractual, o en caso de ser un interesado ajeno al Grupo, el consentimiento expreso del mismo.<\/li><li>Gestionar el env\u00edo de&nbsp;<em>newsletters<\/em>&nbsp;en base al consentimiento del usuario.<\/li><\/ul>\n\n\n\n<h2 class=\"wp-block-heading\"><strong>3.&nbsp;Destinatarios.<\/strong><\/h2>\n\n\n\n<p>En el supuesto de haberse registrado en nuestro Portal de Empleo, los datos personales de los usuarios podr\u00e1n ser comunicados a las empresas del Grupo Ribera que el usuario haya seleccionado con la finalidad de posibilitar la participaci\u00f3n en los distintos procesos de selecci\u00f3n de personal que oferten las mismas.<\/p>\n\n\n\n<p>Para el resto de supuestos, en relaci\u00f3n a las diferentes finalidades del tratamiento, los datos personales no ser\u00e1n cedidos o comunicados a terceros, excepto en los supuestos previstos seg\u00fan Ley.<\/p>\n\n\n\n<h2 class=\"wp-block-heading\"><strong>4.&nbsp;Plazo de conservaci\u00f3n.<\/strong><\/h2>\n\n\n\n<p>EMPLOYEE RIBERA conservar\u00e1 los datos personales de los usuarios durante el tiempo necesario para la realizaci\u00f3n de las finalidades para las que fueron recogidos salvo que se oponga al tratamiento o revoque el consentimiento seg\u00fan la finalidad del tratamiento y en todo caso durante el plazo correspondiente para el cumplimiento de las obligaciones legales.<\/p>\n\n\n\n<h2 class=\"wp-block-heading\"><strong>5. Ejercicio de Derechos.<\/strong><\/h2>\n\n\n\n<p>En cualquier momento, el usuario podr\u00e1 ejercer sus derechos de acceso, rectificaci\u00f3n o supresi\u00f3n, oposici\u00f3n, limitaci\u00f3n y portabilidad de sus datos, directamente enviando su petici\u00f3n por escrito acompa\u00f1ada de fotocopia de NIF o documentaci\u00f3n equivalente, al Delegado de Protecci\u00f3n de Datos del Grupo Ribera, enviando un email a la siguiente direcci\u00f3n de correo electr\u00f3nico&nbsp;<a href=\"mailto:dpo@riberasalud.es\">dpo@riberasalud.es<\/a>&nbsp;o por correo postal a la siguiente direcci\u00f3n Cortes Valencianas, n\u00famero 58, Edificio Sorolla Center, 46015 de Valencia (Espa\u00f1a) bajo el asunto de referencia: \u201cProtecci\u00f3n de Datos\u201d.<\/p>\n\n\n\n<p>Asimismo, en caso de considerar vulnerado su derecho a la protecci\u00f3n de datos personales, podr\u00e1 interponer una reclamaci\u00f3n ante nuestro Delegado de Protecci\u00f3n de Datos (<a href=\"mailto:dpo@riberasalud.es\">dpo@riberasalud.es<\/a>); o ante la Agencia Espa\u00f1ola de Protecci\u00f3n de Datos (<a href=\"http:\/\/www.aepd.es\/\">www.aepd.es<\/a>).<\/p>\n\n\n\n<p><strong>\u2014<\/strong><\/p>\n\n\n\n<p>\u00daltima actualizaci\u00f3n: septiembre de 2020<\/p>\n","protected":false},"excerpt":{"rendered":"<p>En cumplimiento del Reglamento UE 2016\/679 General de Protecci\u00f3n de Datos, (en adelante, \u201cRGPD\u201d) y la Ley Org\u00e1nica 3\/2018 de 5 de diciembre de Protecci\u00f3n de Datos Personales y garant\u00eda de los derechos digitales (en adelante, \u201cLOPDGDD\u201d), por medio de [&hellip;]<\/p>\n","protected":false},"author":3,"featured_media":0,"parent":0,"menu_order":0,"comment_status":"closed","ping_status":"closed","template":"","meta":{"_glsr_average":0,"_glsr_ranking":0,"_glsr_reviews":0,"footnotes":""},"class_list":["post-7717","page","type-page","status-publish","hentry"],"_links":{"self":[{"href":"https:\/\/riberasalud.com\/employee\/wp-json\/wp\/v2\/pages\/7717","targetHints":{"allow":["GET"]}}],"collection":[{"href":"https:\/\/riberasalud.com\/employee\/wp-json\/wp\/v2\/pages"}],"about":[{"href":"https:\/\/riberasalud.com\/employee\/wp-json\/wp\/v2\/types\/page"}],"author":[{"embeddable":true,"href":"https:\/\/riberasalud.com\/employee\/wp-json\/wp\/v2\/users\/3"}],"replies":[{"embeddable":true,"href":"https:\/\/riberasalud.com\/employee\/wp-json\/wp\/v2\/comments?post=7717"}],"version-history":[{"count":2,"href":"https:\/\/riberasalud.com\/employee\/wp-json\/wp\/v2\/pages\/7717\/revisions"}],"predecessor-version":[{"id":7720,"href":"https:\/\/riberasalud.com\/employee\/wp-json\/wp\/v2\/pages\/7717\/revisions\/7720"}],"wp:attachment":[{"href":"https:\/\/riberasalud.com\/employee\/wp-json\/wp\/v2\/media?parent=7717"}],"curies":[{"name":"wp","href":"https:\/\/api.w.org\/{rel}","templated":true}]}}