{"id":29382,"date":"2024-05-30T07:53:31","date_gmt":"2024-05-30T07:53:31","guid":{"rendered":"https:\/\/www.riberasalud.com\/employee\/?page_id=29382"},"modified":"2024-11-19T07:59:47","modified_gmt":"2024-11-19T07:59:47","slug":"benefits","status":"publish","type":"page","link":"https:\/\/riberasalud.com\/employee\/benefits\/","title":{"rendered":"Benefits"},"content":{"rendered":"\t\t<div data-elementor-type=\"wp-page\" data-elementor-id=\"29382\" class=\"elementor elementor-29382\">\n\t\t\t\t\t\t<section class=\"elementor-section elementor-top-section elementor-element elementor-element-2030450 elementor-section-boxed elementor-section-height-default elementor-section-height-default\" data-id=\"2030450\" data-element_type=\"section\" data-e-type=\"section\">\n\t\t\t\t\t\t<div class=\"elementor-container elementor-column-gap-default\">\n\t\t\t\t\t<div class=\"elementor-column elementor-col-50 elementor-top-column elementor-element elementor-element-bc31c29\" data-id=\"bc31c29\" data-element_type=\"column\" data-e-type=\"column\">\n\t\t\t<div class=\"elementor-widget-wrap elementor-element-populated\">\n\t\t\t\t\t\t<div class=\"elementor-element elementor-element-a32560c elementor-widget elementor-widget-image\" data-id=\"a32560c\" data-element_type=\"widget\" data-e-type=\"widget\" data-widget_type=\"image.default\">\n\t\t\t\t<div class=\"elementor-widget-container\">\n\t\t\t\t\t\t\t\t\t\t\t\t\t\t\t<img fetchpriority=\"high\" decoding=\"async\" width=\"500\" height=\"500\" src=\"https:\/\/riberasalud.com\/employee\/wp-content\/uploads\/2024\/09\/benefits_Mesa-de-trabajo-1.png\" class=\"attachment-large size-large wp-image-30405\" alt=\"\" srcset=\"https:\/\/riberasalud.com\/employee\/wp-content\/uploads\/2024\/09\/benefits_Mesa-de-trabajo-1.png 500w, https:\/\/riberasalud.com\/employee\/wp-content\/uploads\/2024\/09\/benefits_Mesa-de-trabajo-1-300x300.png 300w, https:\/\/riberasalud.com\/employee\/wp-content\/uploads\/2024\/09\/benefits_Mesa-de-trabajo-1-150x150.png 150w, https:\/\/riberasalud.com\/employee\/wp-content\/uploads\/2024\/09\/benefits_Mesa-de-trabajo-1-440x440.png 440w\" sizes=\"(max-width: 500px) 100vw, 500px\" \/>\t\t\t\t\t\t\t\t\t\t\t\t\t\t\t<\/div>\n\t\t\t\t<\/div>\n\t\t\t\t\t<\/div>\n\t\t<\/div>\n\t\t\t\t<div class=\"elementor-column elementor-col-50 elementor-top-column elementor-element elementor-element-702d42b\" data-id=\"702d42b\" data-element_type=\"column\" data-e-type=\"column\">\n\t\t\t<div class=\"elementor-widget-wrap elementor-element-populated\">\n\t\t\t\t\t\t<div class=\"elementor-element elementor-element-2be43ac elementor-widget elementor-widget-heading\" data-id=\"2be43ac\" data-element_type=\"widget\" data-e-type=\"widget\" data-widget_type=\"heading.default\">\n\t\t\t\t<div class=\"elementor-widget-container\">\n\t\t\t\t\t<h2 class=\"elementor-heading-title elementor-size-default\"><b>Ribera Benefits<\/b>  tu portal de descuentos<\/h2>\t\t\t\t<\/div>\n\t\t\t\t<\/div>\n\t\t\t\t<div class=\"elementor-element elementor-element-8711072 elementor-widget elementor-widget-text-editor\" data-id=\"8711072\" data-element_type=\"widget\" data-e-type=\"widget\" data-widget_type=\"text-editor.default\">\n\t\t\t\t<div class=\"elementor-widget-container\">\n\t\t\t\t\t\t\t\t\t<p>Ribera Benefits es nuestro portal de descuentos en el que encontrar\u00e1s promociones especiales en grandes marcas por ser empleado de Ribera.<\/p>\t\t\t\t\t\t\t\t<\/div>\n\t\t\t\t<\/div>\n\t\t\t\t<div class=\"elementor-element elementor-element-746ce2c elementor-widget elementor-widget-heading\" data-id=\"746ce2c\" data-element_type=\"widget\" data-e-type=\"widget\" data-widget_type=\"heading.default\">\n\t\t\t\t<div class=\"elementor-widget-container\">\n\t\t\t\t\t<h2 class=\"elementor-heading-title elementor-size-default\">\u00bfQu\u00e9 encontrar\u00e1s en Ribera Benefits?\n<\/h2>\t\t\t\t<\/div>\n\t\t\t\t<\/div>\n\t\t\t\t<div class=\"elementor-element elementor-element-e5382f5 elementor-widget elementor-widget-text-editor\" data-id=\"e5382f5\" data-element_type=\"widget\" data-e-type=\"widget\" data-widget_type=\"text-editor.default\">\n\t\t\t\t<div class=\"elementor-widget-container\">\n\t\t\t\t\t\t\t\t\t<p>Tus marcas favoritas a un precio exclusivo s\u00f3lo para ti.<\/p><p>La plataforma te ofrece descuentos directos al realizar tus compras, cupones descuento canjeables en tiendas f\u00edsicas y la cuenta cashback, una hucha virtual donde se ir\u00e1 acumulando el descuento aplicado en tu compra de las promociones identificadas como tal y que se devolver\u00e1 en tu cuenta.<\/p><p>Tienes m\u00e1s informaci\u00f3n en la secci\u00f3n \u201cAyuda\u201d- \u00bfQu\u00e9 te ofrece Ribera Benefits?, del men\u00fa principal de la plataforma.<\/p>\t\t\t\t\t\t\t\t<\/div>\n\t\t\t\t<\/div>\n\t\t\t\t\t<\/div>\n\t\t<\/div>\n\t\t\t\t\t<\/div>\n\t\t<\/section>\n\t\t\t\t<section class=\"elementor-section elementor-top-section elementor-element elementor-element-f4bef12 elementor-section-boxed elementor-section-height-default elementor-section-height-default\" data-id=\"f4bef12\" data-element_type=\"section\" data-e-type=\"section\">\n\t\t\t\t\t\t<div class=\"elementor-container elementor-column-gap-default\">\n\t\t\t\t\t<div class=\"elementor-column elementor-col-100 elementor-top-column elementor-element elementor-element-dd6f234\" data-id=\"dd6f234\" data-element_type=\"column\" data-e-type=\"column\">\n\t\t\t<div class=\"elementor-widget-wrap elementor-element-populated\">\n\t\t\t\t\t\t<div class=\"elementor-element elementor-element-7bb1795 elementor-widget elementor-widget-heading\" data-id=\"7bb1795\" data-element_type=\"widget\" data-e-type=\"widget\" data-widget_type=\"heading.default\">\n\t\t\t\t<div class=\"elementor-widget-container\">\n\t\t\t\t\t<h2 class=\"elementor-heading-title elementor-size-default\">\u00bfC\u00f3mo puedo acceder a la plataforma?\n<\/h2>\t\t\t\t<\/div>\n\t\t\t\t<\/div>\n\t\t\t\t<div class=\"elementor-element elementor-element-a444ad1 elementor-widget elementor-widget-text-editor\" data-id=\"a444ad1\" data-element_type=\"widget\" data-e-type=\"widget\" data-widget_type=\"text-editor.default\">\n\t\t\t\t<div class=\"elementor-widget-container\">\n\t\t\t\t\t\t\t\t\t<ul><li>Pincha en el bot\u00f3n o entra en <em><a href=\"http:\/\/riberabenefits.empleadosvip.com\/\">riberabenefits.empleadosvip.com<\/a><\/em><\/li><li>Crea tu cuenta haciendo click en <em>\u201c\u00bfEres nuevo en Ribera Benefits?\u201d<\/em>. Rellena los datos solicitados <strong>indicando tu email corporativo <\/strong>y pincha en el bot\u00f3n \u201cCrear cuenta\u201d.<\/li><li>Recibir\u00e1s un email con un enlace para terminar de activar la cuenta<\/li><\/ul><p>Tambi\u00e9n puedes descargarte la app de Vip District para en cualquier momento desde tu m\u00f3vil una vez registrado.<\/p><p>Descarga la app para tener acceso desde tu m\u00f3vil a todos los descuentos.<\/p>\t\t\t\t\t\t\t\t<\/div>\n\t\t\t\t<\/div>\n\t\t\t\t<div class=\"elementor-element elementor-element-e11a9c7 elementor-widget elementor-widget-button\" data-id=\"e11a9c7\" data-element_type=\"widget\" data-e-type=\"widget\" data-widget_type=\"button.default\">\n\t\t\t\t<div class=\"elementor-widget-container\">\n\t\t\t\t\t\t\t\t\t<div class=\"elementor-button-wrapper\">\n\t\t\t\t\t<a class=\"elementor-button elementor-button-link elementor-size-sm\" href=\"https:\/\/riberabenefits.empleadosvip.com\/login-input.action\">\n\t\t\t\t\t\t<span class=\"elementor-button-content-wrapper\">\n\t\t\t\t\t\t\t\t\t<span class=\"elementor-button-text\">Reg\u00edstrate aqu\u00ed<\/span>\n\t\t\t\t\t<\/span>\n\t\t\t\t\t<\/a>\n\t\t\t\t<\/div>\n\t\t\t\t\t\t\t\t<\/div>\n\t\t\t\t<\/div>\n\t\t\t\t\t<\/div>\n\t\t<\/div>\n\t\t\t\t\t<\/div>\n\t\t<\/section>\n\t\t\t\t<section class=\"elementor-section elementor-top-section elementor-element elementor-element-2a47f36 elementor-section-boxed elementor-section-height-default elementor-section-height-default\" data-id=\"2a47f36\" data-element_type=\"section\" data-e-type=\"section\">\n\t\t\t\t\t\t<div class=\"elementor-container elementor-column-gap-default\">\n\t\t\t\t\t<div class=\"elementor-column elementor-col-100 elementor-top-column elementor-element elementor-element-732c2fb\" data-id=\"732c2fb\" data-element_type=\"column\" data-e-type=\"column\">\n\t\t\t<div class=\"elementor-widget-wrap elementor-element-populated\">\n\t\t\t\t\t\t<div class=\"elementor-element elementor-element-a4d0cff elementor-widget elementor-widget-heading\" data-id=\"a4d0cff\" data-element_type=\"widget\" data-e-type=\"widget\" data-widget_type=\"heading.default\">\n\t\t\t\t<div class=\"elementor-widget-container\">\n\t\t\t\t\t<h2 class=\"elementor-heading-title elementor-size-default\">\u00bfC\u00f3mo puedo descargarme la app?<\/h2>\t\t\t\t<\/div>\n\t\t\t\t<\/div>\n\t\t\t\t\t<\/div>\n\t\t<\/div>\n\t\t\t\t\t<\/div>\n\t\t<\/section>\n\t\t\t\t<section class=\"elementor-section elementor-top-section elementor-element elementor-element-511bdfe elementor-section-boxed elementor-section-height-default elementor-section-height-default\" data-id=\"511bdfe\" data-element_type=\"section\" data-e-type=\"section\">\n\t\t\t\t\t\t<div class=\"elementor-container elementor-column-gap-default\">\n\t\t\t\t\t<div class=\"elementor-column elementor-col-33 elementor-top-column elementor-element elementor-element-9c2f440\" data-id=\"9c2f440\" data-element_type=\"column\" data-e-type=\"column\" data-settings=\"{&quot;background_background&quot;:&quot;classic&quot;}\">\n\t\t\t<div class=\"elementor-widget-wrap elementor-element-populated\">\n\t\t\t\t\t<div class=\"elementor-background-overlay\"><\/div>\n\t\t\t\t\t\t<div class=\"elementor-element elementor-element-613e019 elementor-widget elementor-widget-text-editor\" data-id=\"613e019\" data-element_type=\"widget\" data-e-type=\"widget\" data-widget_type=\"text-editor.default\">\n\t\t\t\t<div class=\"elementor-widget-container\">\n\t\t\t\t\t\t\t\t\t<p style=\"text-align: center;\">Lee este QR<\/p>\t\t\t\t\t\t\t\t<\/div>\n\t\t\t\t<\/div>\n\t\t\t\t<div class=\"elementor-element elementor-element-e084d1f elementor-widget elementor-widget-image\" data-id=\"e084d1f\" data-element_type=\"widget\" data-e-type=\"widget\" data-widget_type=\"image.default\">\n\t\t\t\t<div class=\"elementor-widget-container\">\n\t\t\t\t\t\t\t\t\t\t\t\t\t\t\t<img decoding=\"async\" width=\"500\" height=\"500\" src=\"https:\/\/riberasalud.com\/employee\/wp-content\/uploads\/2024\/09\/ribera-benefits.png\" class=\"attachment-large size-large wp-image-30425\" alt=\"\" srcset=\"https:\/\/riberasalud.com\/employee\/wp-content\/uploads\/2024\/09\/ribera-benefits.png 500w, https:\/\/riberasalud.com\/employee\/wp-content\/uploads\/2024\/09\/ribera-benefits-300x300.png 300w, https:\/\/riberasalud.com\/employee\/wp-content\/uploads\/2024\/09\/ribera-benefits-150x150.png 150w, https:\/\/riberasalud.com\/employee\/wp-content\/uploads\/2024\/09\/ribera-benefits-440x440.png 440w\" sizes=\"(max-width: 500px) 100vw, 500px\" \/>\t\t\t\t\t\t\t\t\t\t\t\t\t\t\t<\/div>\n\t\t\t\t<\/div>\n\t\t\t\t\t<\/div>\n\t\t<\/div>\n\t\t\t\t<div class=\"elementor-column elementor-col-33 elementor-top-column elementor-element elementor-element-cd81850\" data-id=\"cd81850\" data-element_type=\"column\" data-e-type=\"column\" data-settings=\"{&quot;background_background&quot;:&quot;classic&quot;}\">\n\t\t\t<div class=\"elementor-widget-wrap elementor-element-populated\">\n\t\t\t\t\t<div class=\"elementor-background-overlay\"><\/div>\n\t\t\t\t\t\t<div class=\"elementor-element elementor-element-ce64583 elementor-widget elementor-widget-text-editor\" data-id=\"ce64583\" data-element_type=\"widget\" data-e-type=\"widget\" data-widget_type=\"text-editor.default\">\n\t\t\t\t<div class=\"elementor-widget-container\">\n\t\t\t\t\t\t\t\t\t<p style=\"text-align: center;\">Google play<\/p>\t\t\t\t\t\t\t\t<\/div>\n\t\t\t\t<\/div>\n\t\t\t\t<div class=\"elementor-element elementor-element-1c754f9 elementor-align-center elementor-widget elementor-widget-button\" data-id=\"1c754f9\" data-element_type=\"widget\" data-e-type=\"widget\" data-widget_type=\"button.default\">\n\t\t\t\t<div class=\"elementor-widget-container\">\n\t\t\t\t\t\t\t\t\t<div class=\"elementor-button-wrapper\">\n\t\t\t\t\t<a class=\"elementor-button elementor-button-link elementor-size-sm\" href=\"https:\/\/play.google.com\/store\/apps\/details?id=com.colectivosvip.clubahorrovip&#038;t_source=Newsletter_D_CC9&#038;utm_source=bulletin&#038;utm_medium=Email&#038;utm_campaign=Newsletter_D_CC9&#038;utm_content=appgoogle\">\n\t\t\t\t\t\t<span class=\"elementor-button-content-wrapper\">\n\t\t\t\t\t\t\t\t\t<span class=\"elementor-button-text\">Descarga aqu\u00ed<\/span>\n\t\t\t\t\t<\/span>\n\t\t\t\t\t<\/a>\n\t\t\t\t<\/div>\n\t\t\t\t\t\t\t\t<\/div>\n\t\t\t\t<\/div>\n\t\t\t\t\t<\/div>\n\t\t<\/div>\n\t\t\t\t<div class=\"elementor-column elementor-col-33 elementor-top-column elementor-element elementor-element-ff19931\" data-id=\"ff19931\" data-element_type=\"column\" data-e-type=\"column\" data-settings=\"{&quot;background_background&quot;:&quot;classic&quot;}\">\n\t\t\t<div class=\"elementor-widget-wrap elementor-element-populated\">\n\t\t\t\t\t<div class=\"elementor-background-overlay\"><\/div>\n\t\t\t\t\t\t<div class=\"elementor-element elementor-element-fe439f7 elementor-widget elementor-widget-text-editor\" data-id=\"fe439f7\" data-element_type=\"widget\" data-e-type=\"widget\" data-widget_type=\"text-editor.default\">\n\t\t\t\t<div class=\"elementor-widget-container\">\n\t\t\t\t\t\t\t\t\t<p style=\"text-align: center;\">Apple store<\/p>\t\t\t\t\t\t\t\t<\/div>\n\t\t\t\t<\/div>\n\t\t\t\t<div class=\"elementor-element elementor-element-0c43081 elementor-align-center elementor-widget elementor-widget-button\" data-id=\"0c43081\" data-element_type=\"widget\" data-e-type=\"widget\" data-widget_type=\"button.default\">\n\t\t\t\t<div class=\"elementor-widget-container\">\n\t\t\t\t\t\t\t\t\t<div class=\"elementor-button-wrapper\">\n\t\t\t\t\t<a class=\"elementor-button elementor-button-link elementor-size-sm\" href=\"https:\/\/apps.apple.com\/es\/app\/vip-district\/id1016827797?t_source=Newsletter_D_CC9&#038;utm_source=bulletin&#038;utm_medium=Email&#038;utm_campaign=Newsletter_D_CC9&#038;utm_content=appapple\">\n\t\t\t\t\t\t<span class=\"elementor-button-content-wrapper\">\n\t\t\t\t\t\t\t\t\t<span class=\"elementor-button-text\">Descarga aqu\u00ed<\/span>\n\t\t\t\t\t<\/span>\n\t\t\t\t\t<\/a>\n\t\t\t\t<\/div>\n\t\t\t\t\t\t\t\t<\/div>\n\t\t\t\t<\/div>\n\t\t\t\t\t<\/div>\n\t\t<\/div>\n\t\t\t\t\t<\/div>\n\t\t<\/section>\n\t\t\t\t<\/div>\n\t\t","protected":false},"excerpt":{"rendered":"<p>Ribera Benefits tu portal de descuentos Ribera Benefits es nuestro portal de descuentos en el que encontrar\u00e1s promociones especiales en grandes marcas por ser empleado de Ribera. \u00bfQu\u00e9 encontrar\u00e1s en Ribera Benefits? Tus marcas favoritas a un precio exclusivo s\u00f3lo [&hellip;]<\/p>\n","protected":false},"author":3,"featured_media":0,"parent":0,"menu_order":0,"comment_status":"closed","ping_status":"closed","template":"","meta":{"_glsr_average":0,"_glsr_ranking":0,"_glsr_reviews":0,"footnotes":""},"class_list":["post-29382","page","type-page","status-publish","hentry"],"_links":{"self":[{"href":"https:\/\/riberasalud.com\/employee\/wp-json\/wp\/v2\/pages\/29382","targetHints":{"allow":["GET"]}}],"collection":[{"href":"https:\/\/riberasalud.com\/employee\/wp-json\/wp\/v2\/pages"}],"about":[{"href":"https:\/\/riberasalud.com\/employee\/wp-json\/wp\/v2\/types\/page"}],"author":[{"embeddable":true,"href":"https:\/\/riberasalud.com\/employee\/wp-json\/wp\/v2\/users\/3"}],"replies":[{"embeddable":true,"href":"https:\/\/riberasalud.com\/employee\/wp-json\/wp\/v2\/comments?post=29382"}],"version-history":[{"count":30,"href":"https:\/\/riberasalud.com\/employee\/wp-json\/wp\/v2\/pages\/29382\/revisions"}],"predecessor-version":[{"id":31462,"href":"https:\/\/riberasalud.com\/employee\/wp-json\/wp\/v2\/pages\/29382\/revisions\/31462"}],"wp:attachment":[{"href":"https:\/\/riberasalud.com\/employee\/wp-json\/wp\/v2\/media?parent=29382"}],"curies":[{"name":"wp","href":"https:\/\/api.w.org\/{rel}","templated":true}]}}