{"id":27582,"date":"2024-02-29T15:48:33","date_gmt":"2024-02-29T15:48:33","guid":{"rendered":"https:\/\/www.riberasalud.com\/employee\/?page_id=27582"},"modified":"2026-03-30T10:21:55","modified_gmt":"2026-03-30T10:21:55","slug":"voluntariado-corporativo","status":"publish","type":"page","link":"https:\/\/riberasalud.com\/employee\/voluntariado-corporativo\/","title":{"rendered":"Voluntariado corporativo"},"content":{"rendered":"\t\t<div data-elementor-type=\"wp-page\" data-elementor-id=\"27582\" class=\"elementor elementor-27582\">\n\t\t\t\t\t\t<section class=\"elementor-section elementor-top-section elementor-element elementor-element-a4c196c elementor-section-stretched elementor-section-boxed elementor-section-height-default elementor-section-height-default\" data-id=\"a4c196c\" data-element_type=\"section\" data-e-type=\"section\" data-settings=\"{&quot;stretch_section&quot;:&quot;section-stretched&quot;,&quot;background_background&quot;:&quot;classic&quot;}\">\n\t\t\t\t\t\t<div class=\"elementor-container elementor-column-gap-default\">\n\t\t\t\t\t<div class=\"elementor-column elementor-col-50 elementor-top-column elementor-element elementor-element-11f3737\" data-id=\"11f3737\" data-element_type=\"column\" data-e-type=\"column\">\n\t\t\t<div class=\"elementor-widget-wrap elementor-element-populated\">\n\t\t\t\t\t\t<div class=\"elementor-element elementor-element-bf4ced2 elementor-widget elementor-widget-image\" data-id=\"bf4ced2\" data-element_type=\"widget\" data-e-type=\"widget\" data-widget_type=\"image.default\">\n\t\t\t\t<div class=\"elementor-widget-container\">\n\t\t\t\t\t\t\t\t\t\t\t\t\t\t\t<img fetchpriority=\"high\" decoding=\"async\" width=\"1024\" height=\"537\" src=\"https:\/\/riberasalud.com\/employee\/wp-content\/uploads\/2024\/02\/ribera_povisa_discamino5-1024x537.jpg\" class=\"attachment-large size-large wp-image-27689\" alt=\"\" srcset=\"https:\/\/riberasalud.com\/employee\/wp-content\/uploads\/2024\/02\/ribera_povisa_discamino5-1024x537.jpg 1024w, https:\/\/riberasalud.com\/employee\/wp-content\/uploads\/2024\/02\/ribera_povisa_discamino5-300x157.jpg 300w, https:\/\/riberasalud.com\/employee\/wp-content\/uploads\/2024\/02\/ribera_povisa_discamino5-768x403.jpg 768w, https:\/\/riberasalud.com\/employee\/wp-content\/uploads\/2024\/02\/ribera_povisa_discamino5-1536x806.jpg 1536w, https:\/\/riberasalud.com\/employee\/wp-content\/uploads\/2024\/02\/ribera_povisa_discamino5-440x231.jpg 440w, https:\/\/riberasalud.com\/employee\/wp-content\/uploads\/2024\/02\/ribera_povisa_discamino5.jpg 1789w\" sizes=\"(max-width: 1024px) 100vw, 1024px\" \/>\t\t\t\t\t\t\t\t\t\t\t\t\t\t\t<\/div>\n\t\t\t\t<\/div>\n\t\t\t\t\t<\/div>\n\t\t<\/div>\n\t\t\t\t<div class=\"elementor-column elementor-col-50 elementor-top-column elementor-element elementor-element-b1b1b34\" data-id=\"b1b1b34\" data-element_type=\"column\" data-e-type=\"column\">\n\t\t\t<div class=\"elementor-widget-wrap elementor-element-populated\">\n\t\t\t\t\t\t<div class=\"elementor-element elementor-element-95cce9e elementor-widget elementor-widget-heading\" data-id=\"95cce9e\" data-element_type=\"widget\" data-e-type=\"widget\" data-widget_type=\"heading.default\">\n\t\t\t\t<div class=\"elementor-widget-container\">\n\t\t\t\t\t<h2 class=\"elementor-heading-title elementor-size-default\"><span style=\"font-weight: normal\">Voluntariado corporativo con<\/span> Discamino<\/h2>\t\t\t\t<\/div>\n\t\t\t\t<\/div>\n\t\t\t\t<div class=\"elementor-element elementor-element-d0c1495 elementor-widget elementor-widget-text-editor\" data-id=\"d0c1495\" data-element_type=\"widget\" data-e-type=\"widget\" data-widget_type=\"text-editor.default\">\n\t\t\t\t<div class=\"elementor-widget-container\">\n\t\t\t\t\t\t\t\t\t<p>En Ribera dentro de nuestro programa de bienestar corporativo Riberalife llevamos a cabo diferentes acciones sociales en las que nuestros profesionales puedan formar parte a trav\u00e9s del voluntariado corporativo.<\/p><p><span style=\"font-family: Mulish; font-size: 16px; letter-spacing: 0px;\">Como parte de ese compromiso colaboramos con la Asociaci\u00f3n Discamino que acompa\u00f1a a personas con diversidad funcional durante la realizaci\u00f3n del Camino de Santiago en diferentes rutas. Cada a\u00f1o os informamos de las rutas y fechas establecidas para realizar el voluntariado.<\/span><\/p>\t\t\t\t\t\t\t\t<\/div>\n\t\t\t\t<\/div>\n\t\t\t\t\t<\/div>\n\t\t<\/div>\n\t\t\t\t\t<\/div>\n\t\t<\/section>\n\t\t\t\t<section class=\"elementor-section elementor-top-section elementor-element elementor-element-62e52ca elementor-section-boxed elementor-section-height-default elementor-section-height-default\" data-id=\"62e52ca\" data-element_type=\"section\" data-e-type=\"section\">\n\t\t\t\t\t\t<div class=\"elementor-container elementor-column-gap-default\">\n\t\t\t\t\t<div class=\"elementor-column elementor-col-100 elementor-top-column elementor-element elementor-element-bbafc2d\" data-id=\"bbafc2d\" data-element_type=\"column\" data-e-type=\"column\">\n\t\t\t<div class=\"elementor-widget-wrap elementor-element-populated\">\n\t\t\t\t\t\t<div class=\"elementor-element elementor-element-e6920f4 elementor-widget elementor-widget-heading\" data-id=\"e6920f4\" data-element_type=\"widget\" data-e-type=\"widget\" data-widget_type=\"heading.default\">\n\t\t\t\t<div class=\"elementor-widget-container\">\n\t\t\t\t\t<h2 class=\"elementor-heading-title elementor-size-default\">\u00bfC\u00f3mo puedes colaborar?<\/h2>\t\t\t\t<\/div>\n\t\t\t\t<\/div>\n\t\t\t\t<div class=\"elementor-element elementor-element-c822fea elementor-widget elementor-widget-text-editor\" data-id=\"c822fea\" data-element_type=\"widget\" data-e-type=\"widget\" data-widget_type=\"text-editor.default\">\n\t\t\t\t<div class=\"elementor-widget-container\">\n\t\t\t\t\t\t\t\t\t<p>Como voluntario tu funci\u00f3n ser\u00e1 conducir las sillas y asistir a los participantes. Puedes colaborar con alg\u00fan d\u00eda suelto de la etapa o hacer la ruta completa, busca la disponibilidad que mejor se adapte a tus necesidades.<\/p>\t\t\t\t\t\t\t\t<\/div>\n\t\t\t\t<\/div>\n\t\t\t\t\t<\/div>\n\t\t<\/div>\n\t\t\t\t\t<\/div>\n\t\t<\/section>\n\t\t\t\t<section class=\"elementor-section elementor-top-section elementor-element elementor-element-574c4fb elementor-section-boxed elementor-section-height-default elementor-section-height-default\" data-id=\"574c4fb\" data-element_type=\"section\" data-e-type=\"section\">\n\t\t\t\t\t\t<div class=\"elementor-container elementor-column-gap-default\">\n\t\t\t\t\t<div class=\"elementor-column elementor-col-100 elementor-top-column elementor-element elementor-element-90f9684\" data-id=\"90f9684\" data-element_type=\"column\" data-e-type=\"column\">\n\t\t\t<div class=\"elementor-widget-wrap elementor-element-populated\">\n\t\t\t\t\t\t<div class=\"elementor-element elementor-element-ce402d0 elementor-widget elementor-widget-heading\" data-id=\"ce402d0\" data-element_type=\"widget\" data-e-type=\"widget\" data-widget_type=\"heading.default\">\n\t\t\t\t<div class=\"elementor-widget-container\">\n\t\t\t\t\t<h2 class=\"elementor-heading-title elementor-size-default\">\u00bfQu\u00e9 debes hacer para participar?<\/h2>\t\t\t\t<\/div>\n\t\t\t\t<\/div>\n\t\t\t\t<div class=\"elementor-element elementor-element-ba5c6dc elementor-widget elementor-widget-text-editor\" data-id=\"ba5c6dc\" data-element_type=\"widget\" data-e-type=\"widget\" data-widget_type=\"text-editor.default\">\n\t\t\t\t<div class=\"elementor-widget-container\">\n\t\t\t\t\t\t\t\t\t<p>Puede participar en esta iniciativa cualquier profesional siempre que las necesidades de tu servicio o departamento lo permitan y debes solicitar el permiso en el Departamento de Personas<\/p><p><strong>Ribera se une a la causa y te facilita d\u00edas de libre disposici\u00f3n para ello,<\/strong> del total de d\u00edas que necesites para realizar el camino que elijas la mitad correr\u00e1n a cargo de Ribera, ser\u00e1 un permiso retribuido. De este modo, todos colaboramos como parte de nuestro compromiso social.<\/p>\t\t\t\t\t\t\t\t<\/div>\n\t\t\t\t<\/div>\n\t\t\t\t\t<\/div>\n\t\t<\/div>\n\t\t\t\t\t<\/div>\n\t\t<\/section>\n\t\t\t\t<section class=\"elementor-section elementor-top-section elementor-element elementor-element-0822bf1 elementor-section-boxed elementor-section-height-default elementor-section-height-default\" data-id=\"0822bf1\" data-element_type=\"section\" data-e-type=\"section\">\n\t\t\t\t\t\t<div class=\"elementor-container elementor-column-gap-default\">\n\t\t\t\t\t<div class=\"elementor-column elementor-col-100 elementor-top-column elementor-element elementor-element-5812315\" data-id=\"5812315\" data-element_type=\"column\" data-e-type=\"column\">\n\t\t\t<div class=\"elementor-widget-wrap elementor-element-populated\">\n\t\t\t\t\t\t<div class=\"elementor-element elementor-element-90dd078 elementor-widget elementor-widget-heading\" data-id=\"90dd078\" data-element_type=\"widget\" data-e-type=\"widget\" data-widget_type=\"heading.default\">\n\t\t\t\t<div class=\"elementor-widget-container\">\n\t\t\t\t\t<h2 class=\"elementor-heading-title elementor-size-default\">\u00bfTe apuntas?<\/h2>\t\t\t\t<\/div>\n\t\t\t\t<\/div>\n\t\t\t\t<div class=\"elementor-element elementor-element-7e85bf6 elementor-widget elementor-widget-text-editor\" data-id=\"7e85bf6\" data-element_type=\"widget\" data-e-type=\"widget\" data-widget_type=\"text-editor.default\">\n\t\t\t\t<div class=\"elementor-widget-container\">\n\t\t\t\t\t\t\t\t\t<p class=\"x_MsoNormal\"><span lang=\"ES-TRAD\">Solo tienes que ponerte en contacto con Discamino enviando un correo a Javier Pitilla a\u00a0<\/span><a href=\"mailto:jpt26262@yahoo.es\" rel=\"noreferrer\"><span lang=\"ES-TRAD\">jpt26262@yahoo.es<\/span><\/a><span lang=\"ES-TRAD\">\u00a0indicando tu disponibilidad y la fecha en la que querr\u00edas participar y ellos confirmar\u00e1n tu plaza. Las plazas son limitadas y se adjudicar\u00e1n por orden de registro.<\/span><\/p><p class=\"x_MsoNormal\"><span lang=\"ES-TRAD\">El equipo de Discamino est\u00e1 a tu disposici\u00f3n para resolver cualquier duda.<\/span><\/p>\t\t\t\t\t\t\t\t<\/div>\n\t\t\t\t<\/div>\n\t\t\t\t\t<\/div>\n\t\t<\/div>\n\t\t\t\t\t<\/div>\n\t\t<\/section>\n\t\t\t\t<section class=\"elementor-section elementor-top-section elementor-element elementor-element-2a7eb06 elementor-section-boxed elementor-section-height-default elementor-section-height-default\" data-id=\"2a7eb06\" data-element_type=\"section\" data-e-type=\"section\">\n\t\t\t\t\t\t<div class=\"elementor-container elementor-column-gap-default\">\n\t\t\t\t\t<div class=\"elementor-column elementor-col-100 elementor-top-column elementor-element elementor-element-3cc3171\" data-id=\"3cc3171\" data-element_type=\"column\" data-e-type=\"column\">\n\t\t\t<div class=\"elementor-widget-wrap elementor-element-populated\">\n\t\t\t\t\t\t<div class=\"elementor-element elementor-element-6b70ff3 elementor-widget elementor-widget-heading\" data-id=\"6b70ff3\" data-element_type=\"widget\" data-e-type=\"widget\" data-widget_type=\"heading.default\">\n\t\t\t\t<div class=\"elementor-widget-container\">\n\t\t\t\t\t<h2 class=\"elementor-heading-title elementor-size-default\">Pr\u00f3ximas Rutas<\/h2>\t\t\t\t<\/div>\n\t\t\t\t<\/div>\n\t\t\t\t<section class=\"elementor-section elementor-inner-section elementor-element elementor-element-4e108b3 elementor-section-boxed elementor-section-height-default elementor-section-height-default\" data-id=\"4e108b3\" data-element_type=\"section\" data-e-type=\"section\">\n\t\t\t\t\t\t<div class=\"elementor-container elementor-column-gap-default\">\n\t\t\t\t\t<div class=\"elementor-column elementor-col-33 elementor-inner-column elementor-element elementor-element-0691299\" data-id=\"0691299\" data-element_type=\"column\" data-e-type=\"column\">\n\t\t\t<div class=\"elementor-widget-wrap elementor-element-populated\">\n\t\t\t\t\t\t<div class=\"elementor-element elementor-element-c4f2195 elementor-widget elementor-widget-text-editor\" data-id=\"c4f2195\" data-element_type=\"widget\" data-e-type=\"widget\" data-widget_type=\"text-editor.default\">\n\t\t\t\t<div class=\"elementor-widget-container\">\n\t\t\t\t\t\t\t\t\t<p class=\"p2\"><b>Del 4 al 9 de mayo <br \/><\/b><b><\/b>Camino Fisterra<\/p><p class=\"p2\"><b>Del 20-24 de mayo<br \/><\/b><span style=\"font-family: Mulish; font-size: 16px; letter-spacing: 0px;\">Camino portugu\u00e9s<\/span><\/p><p class=\"p2\"><b>Del 25 al 30 de mayo<br \/><\/b><span style=\"font-family: Mulish; font-size: 16px; letter-spacing: 0px;\">Camino portugu\u00e9s<\/span><\/p><p class=\"p2\"><b>Del 4 al 7 de junio<br \/><\/b><span style=\"font-family: Mulish; font-size: 16px; letter-spacing: 0px;\">Camino portugu\u00e9s<\/span><\/p><p class=\"p2\"><b>Del 8 al 12 de junio<br \/><\/b><span style=\"font-family: Mulish; font-size: 16px; letter-spacing: 0px;\">Camino portugu\u00e9s<\/span><\/p><p class=\"p2\"><b>Del 18 al 20 de junio <br \/><\/b><b><\/b>Camino fisterra<\/p>\t\t\t\t\t\t\t\t<\/div>\n\t\t\t\t<\/div>\n\t\t\t\t\t<\/div>\n\t\t<\/div>\n\t\t\t\t<div class=\"elementor-column elementor-col-33 elementor-inner-column elementor-element elementor-element-eea6918\" data-id=\"eea6918\" data-element_type=\"column\" data-e-type=\"column\">\n\t\t\t<div class=\"elementor-widget-wrap elementor-element-populated\">\n\t\t\t\t\t\t<div class=\"elementor-element elementor-element-bd8d2f9 elementor-widget elementor-widget-text-editor\" data-id=\"bd8d2f9\" data-element_type=\"widget\" data-e-type=\"widget\" data-widget_type=\"text-editor.default\">\n\t\t\t\t<div class=\"elementor-widget-container\">\n\t\t\t\t\t\t\t\t\t<p class=\"p2\"><b>Del 27 al 30 de junio <br \/><\/b><b><\/b>Camino portugu\u00e9s<\/p><p class=\"p2\"><b>Del 3 al 18 de julio <br \/><\/b><b><\/b>Ruta de la plata<\/p><p class=\"p2\"><b>Del 5 al 17 de julio <br \/><\/b><b><\/b>Camino portugu\u00e9s<\/p><p class=\"p2\"><b>Del 20 al 24 de julio <br \/><\/b><b><\/b>Camino portugu\u00e9s<\/p><p class=\"p2\"><b>Del 16 al 30 de agosto <br \/><\/b><b><\/b>Camino franc\u00e9s<\/p><p class=\"p1\"><b>Del 1 al 4 de septiembre<br \/><\/b>Camino portugu\u00e9s<\/p><p class=\"p1\">\u00a0<\/p>\t\t\t\t\t\t\t\t<\/div>\n\t\t\t\t<\/div>\n\t\t\t\t\t<\/div>\n\t\t<\/div>\n\t\t\t\t<div class=\"elementor-column elementor-col-33 elementor-inner-column elementor-element elementor-element-95d5d47\" data-id=\"95d5d47\" data-element_type=\"column\" data-e-type=\"column\">\n\t\t\t<div class=\"elementor-widget-wrap elementor-element-populated\">\n\t\t\t\t\t\t<div class=\"elementor-element elementor-element-cbfe44b elementor-widget elementor-widget-text-editor\" data-id=\"cbfe44b\" data-element_type=\"widget\" data-e-type=\"widget\" data-widget_type=\"text-editor.default\">\n\t\t\t\t<div class=\"elementor-widget-container\">\n\t\t\t\t\t\t\t\t\t<p class=\"p1\"><b>Del 6 al 11 de septiembre <br \/><\/b><b><\/b>Camino portugu\u00e9s<\/p><p class=\"p1\"><b>Del 15 al 19 de septiembre <br \/><\/b><b><\/b>Camino portugu\u00e9s<\/p><p class=\"p1\"><b>Del 1 al 15 de octubre <br \/><\/b><b><\/b>Camino franc\u00e9s<\/p><p class=\"p1\"><b>Del 16 al 20 de octubre <br \/><\/b><b><\/b>Camino portugues<\/p>\t\t\t\t\t\t\t\t<\/div>\n\t\t\t\t<\/div>\n\t\t\t\t\t<\/div>\n\t\t<\/div>\n\t\t\t\t\t<\/div>\n\t\t<\/section>\n\t\t\t\t\t<\/div>\n\t\t<\/div>\n\t\t\t\t\t<\/div>\n\t\t<\/section>\n\t\t\t\t<section class=\"elementor-section elementor-top-section elementor-element elementor-element-21bb203 elementor-section-boxed elementor-section-height-default elementor-section-height-default\" data-id=\"21bb203\" data-element_type=\"section\" data-e-type=\"section\">\n\t\t\t\t\t\t<div class=\"elementor-container elementor-column-gap-default\">\n\t\t\t\t\t<div class=\"elementor-column elementor-col-100 elementor-top-column elementor-element elementor-element-a72023b\" data-id=\"a72023b\" data-element_type=\"column\" data-e-type=\"column\">\n\t\t\t<div class=\"elementor-widget-wrap elementor-element-populated\">\n\t\t\t\t\t\t<div class=\"elementor-element elementor-element-f7b0c45 elementor-widget elementor-widget-heading\" data-id=\"f7b0c45\" data-element_type=\"widget\" data-e-type=\"widget\" data-widget_type=\"heading.default\">\n\t\t\t\t<div class=\"elementor-widget-container\">\n\t\t\t\t\t<h2 class=\"elementor-heading-title elementor-size-default\">Descubre los voluntariados asociados a tu centro<\/h2>\t\t\t\t<\/div>\n\t\t\t\t<\/div>\n\t\t\t\t<section class=\"elementor-section elementor-inner-section elementor-element elementor-element-53d11eb elementor-hidden-desktop elementor-hidden-tablet elementor-hidden-mobile elementor-section-boxed elementor-section-height-default elementor-section-height-default\" data-id=\"53d11eb\" data-element_type=\"section\" data-e-type=\"section\">\n\t\t\t\t\t\t<div class=\"elementor-container elementor-column-gap-default\">\n\t\t\t\t\t<div class=\"elementor-column elementor-col-100 elementor-inner-column elementor-element elementor-element-c800be5\" data-id=\"c800be5\" data-element_type=\"column\" data-e-type=\"column\">\n\t\t\t<div class=\"elementor-widget-wrap elementor-element-populated\">\n\t\t\t\t\t\t<div class=\"elementor-element elementor-element-2751ad7 elementor-align-center elementor-widget elementor-widget-button\" data-id=\"2751ad7\" data-element_type=\"widget\" data-e-type=\"widget\" data-widget_type=\"button.default\">\n\t\t\t\t<div class=\"elementor-widget-container\">\n\t\t\t\t\t\t\t\t\t<div class=\"elementor-button-wrapper\">\n\t\t\t\t\t<a class=\"elementor-button elementor-button-link elementor-size-sm\" href=\"https:\/\/riberasalud.com\/employee\/ventajas-futurs\">\n\t\t\t\t\t\t<span class=\"elementor-button-content-wrapper\">\n\t\t\t\t\t\t\t\t\t<span class=\"elementor-button-text\">Povisa<\/span>\n\t\t\t\t\t<\/span>\n\t\t\t\t\t<\/a>\n\t\t\t\t<\/div>\n\t\t\t\t\t\t\t\t<\/div>\n\t\t\t\t<\/div>\n\t\t\t\t\t<\/div>\n\t\t<\/div>\n\t\t\t\t\t<\/div>\n\t\t<\/section>\n\t\t\t\t\t<\/div>\n\t\t<\/div>\n\t\t\t\t\t<\/div>\n\t\t<\/section>\n\t\t\t\t<section class=\"elementor-section elementor-top-section elementor-element elementor-element-ddd43b1 elementor-section-boxed elementor-section-height-default elementor-section-height-default\" data-id=\"ddd43b1\" data-element_type=\"section\" data-e-type=\"section\">\n\t\t\t\t\t\t<div class=\"elementor-container elementor-column-gap-default\">\n\t\t\t\t\t<div class=\"elementor-column elementor-col-100 elementor-top-column elementor-element elementor-element-df4b292\" data-id=\"df4b292\" data-element_type=\"column\" data-e-type=\"column\">\n\t\t\t<div class=\"elementor-widget-wrap elementor-element-populated\">\n\t\t\t\t\t\t<div class=\"elementor-element elementor-element-8928148 elementor-widget elementor-widget-heading\" data-id=\"8928148\" data-element_type=\"widget\" data-e-type=\"widget\" data-widget_type=\"heading.default\">\n\t\t\t\t<div class=\"elementor-widget-container\">\n\t\t\t\t\t<h2 class=\"elementor-heading-title elementor-size-default\">Hospital Ribera Povisa<\/h2>\t\t\t\t<\/div>\n\t\t\t\t<\/div>\n\t\t\t\t<section class=\"elementor-section elementor-inner-section elementor-element elementor-element-4565fc1 elementor-section-boxed elementor-section-height-default elementor-section-height-default\" data-id=\"4565fc1\" data-element_type=\"section\" data-e-type=\"section\">\n\t\t\t\t\t\t<div class=\"elementor-container elementor-column-gap-default\">\n\t\t\t\t\t<div class=\"elementor-column elementor-col-50 elementor-inner-column elementor-element elementor-element-1edbf93\" data-id=\"1edbf93\" data-element_type=\"column\" data-e-type=\"column\">\n\t\t\t<div class=\"elementor-widget-wrap elementor-element-populated\">\n\t\t\t\t\t\t<div class=\"elementor-element elementor-element-43e4af4 elementor-widget elementor-widget-image\" data-id=\"43e4af4\" data-element_type=\"widget\" data-e-type=\"widget\" data-widget_type=\"image.default\">\n\t\t\t\t<div class=\"elementor-widget-container\">\n\t\t\t\t\t\t\t\t\t\t\t\t\t\t\t<img decoding=\"async\" width=\"800\" height=\"533\" src=\"https:\/\/riberasalud.com\/employee\/wp-content\/uploads\/2024\/03\/Comedor-social-vida-digna-.jpg\" class=\"attachment-large size-large wp-image-27777\" alt=\"\" srcset=\"https:\/\/riberasalud.com\/employee\/wp-content\/uploads\/2024\/03\/Comedor-social-vida-digna-.jpg 800w, https:\/\/riberasalud.com\/employee\/wp-content\/uploads\/2024\/03\/Comedor-social-vida-digna--300x200.jpg 300w, https:\/\/riberasalud.com\/employee\/wp-content\/uploads\/2024\/03\/Comedor-social-vida-digna--768x512.jpg 768w, https:\/\/riberasalud.com\/employee\/wp-content\/uploads\/2024\/03\/Comedor-social-vida-digna--700x466.jpg 700w, https:\/\/riberasalud.com\/employee\/wp-content\/uploads\/2024\/03\/Comedor-social-vida-digna--440x293.jpg 440w\" sizes=\"(max-width: 800px) 100vw, 800px\" \/>\t\t\t\t\t\t\t\t\t\t\t\t\t\t\t<\/div>\n\t\t\t\t<\/div>\n\t\t\t\t\t<\/div>\n\t\t<\/div>\n\t\t\t\t<div class=\"elementor-column elementor-col-50 elementor-inner-column elementor-element elementor-element-b4194e7\" data-id=\"b4194e7\" data-element_type=\"column\" data-e-type=\"column\">\n\t\t\t<div class=\"elementor-widget-wrap elementor-element-populated\">\n\t\t\t\t\t\t<div class=\"elementor-element elementor-element-b77be36 elementor-widget elementor-widget-heading\" data-id=\"b77be36\" data-element_type=\"widget\" data-e-type=\"widget\" data-widget_type=\"heading.default\">\n\t\t\t\t<div class=\"elementor-widget-container\">\n\t\t\t\t\t<h2 class=\"elementor-heading-title elementor-size-default\">Voluntariado con Vida Digna<\/h2>\t\t\t\t<\/div>\n\t\t\t\t<\/div>\n\t\t\t\t<div class=\"elementor-element elementor-element-ac8fbbe elementor-widget elementor-widget-text-editor\" data-id=\"ac8fbbe\" data-element_type=\"widget\" data-e-type=\"widget\" data-widget_type=\"text-editor.default\">\n\t\t\t\t<div class=\"elementor-widget-container\">\n\t\t\t\t\t\t\t\t\t<p>Desde el Hospital Ribera Povisa colaboramos con el comedor social de<b> Vida Digna<\/b>, la labor de los voluntarios es atender a los asistentes y colaborar con la colocaci\u00f3n de las mesas etc. <b>El horario es de 11:30h a 14:30h todos los s\u00e1bados y domingos.<\/b><\/p><p>Adem\u00e1s, disponen de un lugar f\u00edsico para la recogida de alimentos y ropa en la R\u00faa do Brasil 54, en el horario de 10:00h a 13:30h y de 16.30h a 19:30h de lunes a viernes.<\/p><p><span style=\"font-family: Mulish; font-size: 16px; letter-spacing: 0px;\">Si te interesa participar en el voluntariado del comedor manda un correo a <a href=\"mailto:comunicacion@povisa.es\">comunicacion@povisa.es<\/a> \u00a1An\u00edmate!<\/span><\/p>\t\t\t\t\t\t\t\t<\/div>\n\t\t\t\t<\/div>\n\t\t\t\t\t<\/div>\n\t\t<\/div>\n\t\t\t\t\t<\/div>\n\t\t<\/section>\n\t\t\t\t\t<\/div>\n\t\t<\/div>\n\t\t\t\t\t<\/div>\n\t\t<\/section>\n\t\t\t\t<\/div>\n\t\t","protected":false},"excerpt":{"rendered":"<p>Voluntariado corporativo con Discamino En Ribera dentro de nuestro programa de bienestar corporativo Riberalife llevamos a cabo diferentes acciones sociales en las que nuestros profesionales puedan formar parte a trav\u00e9s del voluntariado corporativo. Como parte de ese compromiso colaboramos con [&hellip;]<\/p>\n","protected":false},"author":3,"featured_media":0,"parent":0,"menu_order":0,"comment_status":"closed","ping_status":"closed","template":"","meta":{"_glsr_average":0,"_glsr_ranking":0,"_glsr_reviews":0,"footnotes":""},"class_list":["post-27582","page","type-page","status-publish","hentry"],"_links":{"self":[{"href":"https:\/\/riberasalud.com\/employee\/wp-json\/wp\/v2\/pages\/27582","targetHints":{"allow":["GET"]}}],"collection":[{"href":"https:\/\/riberasalud.com\/employee\/wp-json\/wp\/v2\/pages"}],"about":[{"href":"https:\/\/riberasalud.com\/employee\/wp-json\/wp\/v2\/types\/page"}],"author":[{"embeddable":true,"href":"https:\/\/riberasalud.com\/employee\/wp-json\/wp\/v2\/users\/3"}],"replies":[{"embeddable":true,"href":"https:\/\/riberasalud.com\/employee\/wp-json\/wp\/v2\/comments?post=27582"}],"version-history":[{"count":185,"href":"https:\/\/riberasalud.com\/employee\/wp-json\/wp\/v2\/pages\/27582\/revisions"}],"predecessor-version":[{"id":44828,"href":"https:\/\/riberasalud.com\/employee\/wp-json\/wp\/v2\/pages\/27582\/revisions\/44828"}],"wp:attachment":[{"href":"https:\/\/riberasalud.com\/employee\/wp-json\/wp\/v2\/media?parent=27582"}],"curies":[{"name":"wp","href":"https:\/\/api.w.org\/{rel}","templated":true}]}}