{"id":21405,"date":"2023-06-28T10:42:40","date_gmt":"2023-06-28T10:42:40","guid":{"rendered":"https:\/\/riberasalud.com\/employee\/?page_id=21405"},"modified":"2024-02-29T16:33:33","modified_gmt":"2024-02-29T16:33:33","slug":"patrocinios-solidarios-ribera","status":"publish","type":"page","link":"https:\/\/riberasalud.com\/employee\/patrocinios-solidarios-ribera\/","title":{"rendered":"Patrocinios solidarios Ribera"},"content":{"rendered":"\t\t<div data-elementor-type=\"wp-page\" data-elementor-id=\"21405\" class=\"elementor elementor-21405\">\n\t\t\t\t\t\t<section class=\"elementor-section elementor-top-section elementor-element elementor-element-2605f87 elementor-section-boxed elementor-section-height-default elementor-section-height-default\" data-id=\"2605f87\" data-element_type=\"section\" data-e-type=\"section\">\n\t\t\t\t\t\t<div class=\"elementor-container elementor-column-gap-default\">\n\t\t\t\t\t<div class=\"elementor-column elementor-col-100 elementor-top-column elementor-element elementor-element-84804e3\" data-id=\"84804e3\" data-element_type=\"column\" data-e-type=\"column\">\n\t\t\t<div class=\"elementor-widget-wrap\">\n\t\t\t\t\t\t\t<\/div>\n\t\t<\/div>\n\t\t\t\t\t<\/div>\n\t\t<\/section>\n\t\t\t\t<section class=\"elementor-section elementor-top-section elementor-element elementor-element-62e52ca elementor-section-boxed elementor-section-height-default elementor-section-height-default\" data-id=\"62e52ca\" data-element_type=\"section\" data-e-type=\"section\">\n\t\t\t\t\t\t<div class=\"elementor-container elementor-column-gap-default\">\n\t\t\t\t\t<div class=\"elementor-column elementor-col-100 elementor-top-column elementor-element elementor-element-bbafc2d\" data-id=\"bbafc2d\" data-element_type=\"column\" data-e-type=\"column\">\n\t\t\t<div class=\"elementor-widget-wrap elementor-element-populated\">\n\t\t\t\t\t\t<section class=\"elementor-section elementor-inner-section elementor-element elementor-element-c7ddf83 elementor-section-boxed elementor-section-height-default elementor-section-height-default\" data-id=\"c7ddf83\" data-element_type=\"section\" data-e-type=\"section\">\n\t\t\t\t\t\t<div class=\"elementor-container elementor-column-gap-default\">\n\t\t\t\t\t<div class=\"elementor-column elementor-col-50 elementor-inner-column elementor-element elementor-element-991339c\" data-id=\"991339c\" data-element_type=\"column\" data-e-type=\"column\">\n\t\t\t<div class=\"elementor-widget-wrap elementor-element-populated\">\n\t\t\t\t\t\t<div class=\"elementor-element elementor-element-bf4ced2 elementor-widget elementor-widget-image\" data-id=\"bf4ced2\" data-element_type=\"widget\" data-e-type=\"widget\" data-widget_type=\"image.default\">\n\t\t\t\t<div class=\"elementor-widget-container\">\n\t\t\t\t\t\t\t\t\t\t\t\t\t\t\t<img fetchpriority=\"high\" decoding=\"async\" width=\"1024\" height=\"785\" src=\"https:\/\/riberasalud.com\/employee\/wp-content\/uploads\/2023\/06\/lona-1024x785.jpg\" class=\"attachment-large size-large wp-image-21410\" alt=\"lona\" srcset=\"https:\/\/riberasalud.com\/employee\/wp-content\/uploads\/2023\/06\/lona-1024x785.jpg 1024w, https:\/\/riberasalud.com\/employee\/wp-content\/uploads\/2023\/06\/lona-300x230.jpg 300w, https:\/\/riberasalud.com\/employee\/wp-content\/uploads\/2023\/06\/lona-768x589.jpg 768w, https:\/\/riberasalud.com\/employee\/wp-content\/uploads\/2023\/06\/lona-1536x1178.jpg 1536w, https:\/\/riberasalud.com\/employee\/wp-content\/uploads\/2023\/06\/lona-2048x1570.jpg 2048w, https:\/\/riberasalud.com\/employee\/wp-content\/uploads\/2023\/06\/lona-440x337.jpg 440w\" sizes=\"(max-width: 1024px) 100vw, 1024px\" \/>\t\t\t\t\t\t\t\t\t\t\t\t\t\t\t<\/div>\n\t\t\t\t<\/div>\n\t\t\t\t\t<\/div>\n\t\t<\/div>\n\t\t\t\t<div class=\"elementor-column elementor-col-50 elementor-inner-column elementor-element elementor-element-b259a3d\" data-id=\"b259a3d\" data-element_type=\"column\" data-e-type=\"column\">\n\t\t\t<div class=\"elementor-widget-wrap elementor-element-populated\">\n\t\t\t\t\t\t<div class=\"elementor-element elementor-element-b21c062 elementor-widget elementor-widget-heading\" data-id=\"b21c062\" data-element_type=\"widget\" data-e-type=\"widget\" data-widget_type=\"heading.default\">\n\t\t\t\t<div class=\"elementor-widget-container\">\n\t\t\t\t\t<h2 class=\"elementor-heading-title elementor-size-default\">\u00bfQuieres participar en alguna iniciativa de voluntariado o actividad deportiva con fines sociales? Ribera te ayuda patrocinando tu iniciativa\n<\/h2>\t\t\t\t<\/div>\n\t\t\t\t<\/div>\n\t\t\t\t<div class=\"elementor-element elementor-element-d0c1495 elementor-widget elementor-widget-text-editor\" data-id=\"d0c1495\" data-element_type=\"widget\" data-e-type=\"widget\" data-widget_type=\"text-editor.default\">\n\t\t\t\t<div class=\"elementor-widget-container\">\n\t\t\t\t\t\t\t\t\t<p>La Responsabilidad Social es uno de los pilares estrat\u00e9gicos de Ribera y sabemos que este compromiso con la sociedad es tambi\u00e9n compartido por nuestros profesionales. \u00a0\u00a0\u00a0<\/p><p>Riberalife, nuestro\u00a0<strong>programa de bienestar corporativo<\/strong>, potencia la colaboraci\u00f3n de los\/as empleados\/as del grupo en iniciativas de voluntariado corporativo, pero tambi\u00e9n da cabida a otro tipo de proyectos, acciones sociales o actividades relacionadas con el deporte y la salud, en las que nuestros profesionales quieran participar a nivel individual y deseen contar con el patrocinio de Ribera. En muchas ocasiones, estas actividades deportivas tienen tambi\u00e9n un car\u00e1cter solidario.<\/p>\t\t\t\t\t\t\t\t<\/div>\n\t\t\t\t<\/div>\n\t\t\t\t<div class=\"elementor-element elementor-element-5e7d618 elementor-align-center elementor-widget elementor-widget-button\" data-id=\"5e7d618\" data-element_type=\"widget\" data-e-type=\"widget\" data-widget_type=\"button.default\">\n\t\t\t\t<div class=\"elementor-widget-container\">\n\t\t\t\t\t\t\t\t\t<div class=\"elementor-button-wrapper\">\n\t\t\t\t\t<a class=\"elementor-button elementor-button-link elementor-size-sm\" href=\"#patrocinio\">\n\t\t\t\t\t\t<span class=\"elementor-button-content-wrapper\">\n\t\t\t\t\t\t\t\t\t<span class=\"elementor-button-text\">Solicita tu patrocinio<\/span>\n\t\t\t\t\t<\/span>\n\t\t\t\t\t<\/a>\n\t\t\t\t<\/div>\n\t\t\t\t\t\t\t\t<\/div>\n\t\t\t\t<\/div>\n\t\t\t\t\t<\/div>\n\t\t<\/div>\n\t\t\t\t\t<\/div>\n\t\t<\/section>\n\t\t\t\t<div class=\"elementor-element elementor-element-c822fea elementor-widget elementor-widget-text-editor\" data-id=\"c822fea\" data-element_type=\"widget\" data-e-type=\"widget\" data-widget_type=\"text-editor.default\">\n\t\t\t\t<div class=\"elementor-widget-container\">\n\t\t\t\t\t\t\t\t\t<p>Con el objetivo de poder valorar las diferentes iniciativas, el profesional quiera participar en alguna actividad de voluntariado que pueda necesitar de patrocinio o ayuda deber\u00e1\u00a0<strong>realizar la solicitud de patrocinio a trav\u00e9s de este formulario online<\/strong>, con el fin de que el Comit\u00e9 de Responsabilidad Social Corporativa del grupo pueda proceder a su valoraci\u00f3n. Estas solicitudes se podr\u00e1n hacer dos veces al a\u00f1o, al inicio y a mitad de cada a\u00f1o para gestionar y valorar todas las solicitudes conjuntamente en el mismo momento.<\/p><p>Este comit\u00e9 seleccionar\u00e1 entre todas las peticiones aquellas que contar\u00e1n con el patrocinio de Ribera, siempre teniendo en consideraci\u00f3n el presupuesto establecido y dando prioridad a las acciones que tengan como prop\u00f3sito objetivos de salud para la sociedad.<\/p><p>El patrocinio de Ribera en estas iniciativas consistir\u00e1 en una contribuci\u00f3n en especie (merchandising, material m\u00e9dico etc.), cuyo importe ser\u00e1 determinado por el Comit\u00e9 de RSC acorde a la acci\u00f3n en concreto.<\/p><p>Adem\u00e1s, el grupo Ribera pondr\u00e1 a disposici\u00f3n de los profesionales que vayan a participar en estas iniciativas todos los canales de comunicaci\u00f3n disponibles para dar visibilidad a la iniciativa y en su caso poder contar con la participaci\u00f3n o colaboraci\u00f3n del resto de profesionales del grupo que quieran sumarse de alg\u00fan modo a dicha acci\u00f3n.<\/p>\t\t\t\t\t\t\t\t<\/div>\n\t\t\t\t<\/div>\n\t\t\t\t\t<\/div>\n\t\t<\/div>\n\t\t\t\t\t<\/div>\n\t\t<\/section>\n\t\t\t\t<section class=\"elementor-section elementor-top-section elementor-element elementor-element-cdbcba2 elementor-section-stretched elementor-section-boxed elementor-section-height-default elementor-section-height-default\" data-id=\"cdbcba2\" data-element_type=\"section\" data-e-type=\"section\" data-settings=\"{&quot;stretch_section&quot;:&quot;section-stretched&quot;,&quot;background_background&quot;:&quot;classic&quot;}\">\n\t\t\t\t\t\t<div class=\"elementor-container elementor-column-gap-default\">\n\t\t\t\t\t<div class=\"elementor-column elementor-col-100 elementor-top-column elementor-element elementor-element-f0f1e62\" data-id=\"f0f1e62\" data-element_type=\"column\" data-e-type=\"column\">\n\t\t\t<div class=\"elementor-widget-wrap elementor-element-populated\">\n\t\t\t\t\t\t<div class=\"elementor-element elementor-element-48b33d3 elementor-widget elementor-widget-heading\" data-id=\"48b33d3\" data-element_type=\"widget\" data-e-type=\"widget\" data-widget_type=\"heading.default\">\n\t\t\t\t<div class=\"elementor-widget-container\">\n\t\t\t\t\t<h2 class=\"elementor-heading-title elementor-size-default\">Solicitud de patrocinio<\/h2>\t\t\t\t<\/div>\n\t\t\t\t<\/div>\n\t\t\t\t\t<\/div>\n\t\t<\/div>\n\t\t\t\t\t<\/div>\n\t\t<\/section>\n\t\t\t\t<section class=\"elementor-section elementor-top-section elementor-element elementor-element-36950ef elementor-section-boxed elementor-section-height-default elementor-section-height-default\" data-id=\"36950ef\" data-element_type=\"section\" data-e-type=\"section\">\n\t\t\t\t\t\t<div class=\"elementor-container elementor-column-gap-default\">\n\t\t\t\t\t<div class=\"elementor-column elementor-col-100 elementor-top-column elementor-element elementor-element-b2c3470\" data-id=\"b2c3470\" data-element_type=\"column\" data-e-type=\"column\">\n\t\t\t<div class=\"elementor-widget-wrap elementor-element-populated\">\n\t\t\t\t\t\t<div class=\"elementor-element elementor-element-f904cab elementor-widget elementor-widget-menu-anchor\" data-id=\"f904cab\" data-element_type=\"widget\" data-e-type=\"widget\" data-widget_type=\"menu-anchor.default\">\n\t\t\t\t<div class=\"elementor-widget-container\">\n\t\t\t\t\t\t\t<div class=\"elementor-menu-anchor\" id=\"patrocinio\"><\/div>\n\t\t\t\t\t\t<\/div>\n\t\t\t\t<\/div>\n\t\t\t\t<div class=\"elementor-element elementor-element-e4593ac elementor-widget elementor-widget-html\" data-id=\"e4593ac\" data-element_type=\"widget\" data-e-type=\"widget\" data-widget_type=\"html.default\">\n\t\t\t\t<div class=\"elementor-widget-container\">\n\t\t\t\t\t\n<div class=\"wpcf7 no-js\" id=\"wpcf7-f21414-o1\" lang=\"es-ES\" dir=\"ltr\" data-wpcf7-id=\"21414\">\n<div class=\"screen-reader-response\"><p role=\"status\" aria-live=\"polite\" aria-atomic=\"true\"><\/p> <ul><\/ul><\/div>\n<form action=\"\/employee\/wp-json\/wp\/v2\/pages\/21405#wpcf7-f21414-o1\" method=\"post\" class=\"wpcf7-form init\" aria-label=\"Formulario de contacto\" novalidate=\"novalidate\" data-status=\"init\">\n<fieldset class=\"hidden-fields-container\"><input type=\"hidden\" name=\"_wpcf7\" value=\"21414\" \/><input type=\"hidden\" name=\"_wpcf7_version\" value=\"6.1.5\" \/><input type=\"hidden\" name=\"_wpcf7_locale\" value=\"es_ES\" \/><input type=\"hidden\" name=\"_wpcf7_unit_tag\" value=\"wpcf7-f21414-o1\" \/><input type=\"hidden\" name=\"_wpcf7_container_post\" value=\"0\" \/><input type=\"hidden\" name=\"_wpcf7_posted_data_hash\" value=\"\" \/>\n<\/fieldset>\n<p><label> Nombre y apellidos<br \/>\n<span class=\"wpcf7-form-control-wrap\" data-name=\"your-name\"><input size=\"40\" maxlength=\"400\" class=\"wpcf7-form-control wpcf7-text wpcf7-validates-as-required\" aria-required=\"true\" aria-invalid=\"false\" value=\"\" type=\"text\" name=\"your-name\" \/><\/span> <\/label>\n<\/p>\n<p><label> Centro de trabajo<br \/>\n<span class=\"wpcf7-form-control-wrap\" data-name=\"your-centro\"><input size=\"40\" maxlength=\"400\" class=\"wpcf7-form-control wpcf7-text wpcf7-validates-as-required\" aria-required=\"true\" aria-invalid=\"false\" value=\"\" type=\"text\" name=\"your-centro\" \/><\/span> <\/label>\n<\/p>\n<p><label> Email<br \/>\n<span class=\"wpcf7-form-control-wrap\" data-name=\"your-email\"><input size=\"40\" maxlength=\"400\" class=\"wpcf7-form-control wpcf7-email wpcf7-validates-as-required wpcf7-text wpcf7-validates-as-email\" aria-required=\"true\" aria-invalid=\"false\" value=\"\" type=\"email\" name=\"your-email\" \/><\/span> <\/label>\n<\/p>\n<p><label> Nombre de la iniciativa<br \/>\n<span class=\"wpcf7-form-control-wrap\" data-name=\"your-iniciativa\"><input size=\"40\" maxlength=\"400\" class=\"wpcf7-form-control wpcf7-text wpcf7-validates-as-required\" aria-required=\"true\" aria-invalid=\"false\" value=\"\" type=\"text\" name=\"your-iniciativa\" \/><\/span> <\/label>\n<\/p>\n<p>\u00bfTiene la iniciativa car\u00e1cter solidario?<br \/>\n<span class=\"wpcf7-form-control-wrap\" data-name=\"solidario\"><span class=\"wpcf7-form-control wpcf7-radio\"><span class=\"wpcf7-list-item first\"><label><input type=\"radio\" name=\"solidario\" value=\"Si\" checked=\"checked\" \/><span class=\"wpcf7-list-item-label\">Si<\/span><\/label><\/span><span class=\"wpcf7-list-item last\"><label><input type=\"radio\" name=\"solidario\" value=\"No\" \/><span class=\"wpcf7-list-item-label\">No<\/span><\/label><\/span><\/span><\/span>\n<\/p>\n<p><label> Nombre de la asociaci\u00f3n con la que se colaborar\u00eda (si procede)(opcional)<br \/>\n<span class=\"wpcf7-form-control-wrap\" data-name=\"your-asociacion\"><input size=\"40\" maxlength=\"400\" class=\"wpcf7-form-control wpcf7-text\" aria-invalid=\"false\" value=\"\" type=\"text\" name=\"your-asociacion\" \/><\/span> <\/label>\n<\/p>\n<p><label>Fecha de la acci\u00f3n<br \/>\n<span class=\"wpcf7-form-control-wrap\" data-name=\"date-678\"><input class=\"wpcf7-form-control wpcf7-date wpcf7-validates-as-required wpcf7-validates-as-date\" aria-required=\"true\" aria-invalid=\"false\" value=\"\" type=\"date\" name=\"date-678\" \/><\/span><\/label>\n<\/p>\n<p><label> Objetivo que persigue la iniciativa<br \/>\n<span class=\"wpcf7-form-control-wrap\" data-name=\"your-objetivo\"><input size=\"40\" maxlength=\"400\" class=\"wpcf7-form-control wpcf7-text wpcf7-validates-as-required\" aria-required=\"true\" aria-invalid=\"false\" value=\"\" type=\"text\" name=\"your-objetivo\" \/><\/span> <\/label>\n<\/p>\n<p><label> \u00bfQu\u00e9 tipo de ayuda en especie se solicita?<br \/>\n<span class=\"wpcf7-form-control-wrap\" data-name=\"your-ayuda\"><input size=\"40\" maxlength=\"400\" class=\"wpcf7-form-control wpcf7-text wpcf7-validates-as-required\" aria-required=\"true\" aria-invalid=\"false\" value=\"\" type=\"text\" name=\"your-ayuda\" \/><\/span> <\/label>\n<\/p>\n<p><label> Campo abierto para cualquier dato adicional<br \/>\n<span class=\"wpcf7-form-control-wrap\" data-name=\"your-adicional\"><textarea cols=\"40\" rows=\"10\" maxlength=\"2000\" class=\"wpcf7-form-control wpcf7-textarea\" aria-invalid=\"false\" name=\"your-adicional\"><\/textarea><\/span> <\/label>\n<\/p>\n<p><input class=\"wpcf7-form-control wpcf7-submit has-spinner\" type=\"submit\" value=\"Enviar\" \/>\n<\/p><div class=\"wpcf7-response-output\" aria-hidden=\"true\"><\/div>\n<\/form>\n<\/div>\n\t\t\t\t<\/div>\n\t\t\t\t<\/div>\n\t\t\t\t\t<\/div>\n\t\t<\/div>\n\t\t\t\t\t<\/div>\n\t\t<\/section>\n\t\t\t\t<\/div>\n\t\t","protected":false},"excerpt":{"rendered":"<p>\u00bfQuieres participar en alguna iniciativa de voluntariado o actividad deportiva con fines sociales? Ribera te ayuda patrocinando tu iniciativa La Responsabilidad Social es uno de los pilares estrat\u00e9gicos de Ribera y sabemos que este compromiso con la sociedad es tambi\u00e9n [&hellip;]<\/p>\n","protected":false},"author":3,"featured_media":0,"parent":0,"menu_order":0,"comment_status":"closed","ping_status":"closed","template":"","meta":{"_glsr_average":0,"_glsr_ranking":0,"_glsr_reviews":0,"footnotes":""},"class_list":["post-21405","page","type-page","status-publish","hentry"],"_links":{"self":[{"href":"https:\/\/riberasalud.com\/employee\/wp-json\/wp\/v2\/pages\/21405","targetHints":{"allow":["GET"]}}],"collection":[{"href":"https:\/\/riberasalud.com\/employee\/wp-json\/wp\/v2\/pages"}],"about":[{"href":"https:\/\/riberasalud.com\/employee\/wp-json\/wp\/v2\/types\/page"}],"author":[{"embeddable":true,"href":"https:\/\/riberasalud.com\/employee\/wp-json\/wp\/v2\/users\/3"}],"replies":[{"embeddable":true,"href":"https:\/\/riberasalud.com\/employee\/wp-json\/wp\/v2\/comments?post=21405"}],"version-history":[{"count":32,"href":"https:\/\/riberasalud.com\/employee\/wp-json\/wp\/v2\/pages\/21405\/revisions"}],"predecessor-version":[{"id":27727,"href":"https:\/\/riberasalud.com\/employee\/wp-json\/wp\/v2\/pages\/21405\/revisions\/27727"}],"wp:attachment":[{"href":"https:\/\/riberasalud.com\/employee\/wp-json\/wp\/v2\/media?parent=21405"}],"curies":[{"name":"wp","href":"https:\/\/api.w.org\/{rel}","templated":true}]}}