{"id":20780,"date":"2023-05-26T12:32:17","date_gmt":"2023-05-26T12:32:17","guid":{"rendered":"https:\/\/riberasalud.com\/employee\/?page_id=20780"},"modified":"2025-12-12T10:52:35","modified_gmt":"2025-12-12T10:52:35","slug":"riberaflex","status":"publish","type":"page","link":"https:\/\/riberasalud.com\/employee\/riberaflex\/","title":{"rendered":"Riberaflex"},"content":{"rendered":"\t\t<div data-elementor-type=\"wp-page\" data-elementor-id=\"20780\" class=\"elementor elementor-20780\">\n\t\t\t\t\t\t<section class=\"elementor-section elementor-top-section elementor-element elementor-element-2605f87 elementor-section-boxed elementor-section-height-default elementor-section-height-default\" data-id=\"2605f87\" data-element_type=\"section\" data-e-type=\"section\">\n\t\t\t\t\t\t<div class=\"elementor-container elementor-column-gap-default\">\n\t\t\t\t\t<div class=\"elementor-column elementor-col-100 elementor-top-column elementor-element elementor-element-84804e3\" data-id=\"84804e3\" data-element_type=\"column\" data-e-type=\"column\">\n\t\t\t<div class=\"elementor-widget-wrap elementor-element-populated\">\n\t\t\t\t\t\t<div class=\"elementor-element elementor-element-b21c062 elementor-widget elementor-widget-heading\" data-id=\"b21c062\" data-element_type=\"widget\" data-e-type=\"widget\" data-widget_type=\"heading.default\">\n\t\t\t\t<div class=\"elementor-widget-container\">\n\t\t\t\t\t<h2 class=\"elementor-heading-title elementor-size-default\">\u00a1La revoluci\u00f3n de los beneficios ha llegado a Ribera!<\/h2>\t\t\t\t<\/div>\n\t\t\t\t<\/div>\n\t\t\t\t\t<\/div>\n\t\t<\/div>\n\t\t\t\t\t<\/div>\n\t\t<\/section>\n\t\t\t\t<section class=\"elementor-section elementor-top-section elementor-element elementor-element-62e52ca elementor-section-boxed elementor-section-height-default elementor-section-height-default\" data-id=\"62e52ca\" data-element_type=\"section\" data-e-type=\"section\">\n\t\t\t\t\t\t<div class=\"elementor-container elementor-column-gap-default\">\n\t\t\t\t\t<div class=\"elementor-column elementor-col-100 elementor-top-column elementor-element elementor-element-bbafc2d\" data-id=\"bbafc2d\" data-element_type=\"column\" data-e-type=\"column\">\n\t\t\t<div class=\"elementor-widget-wrap elementor-element-populated\">\n\t\t\t\t\t\t<section class=\"elementor-section elementor-inner-section elementor-element elementor-element-c7ddf83 elementor-section-boxed elementor-section-height-default elementor-section-height-default\" data-id=\"c7ddf83\" data-element_type=\"section\" data-e-type=\"section\">\n\t\t\t\t\t\t<div class=\"elementor-container elementor-column-gap-default\">\n\t\t\t\t\t<div class=\"elementor-column elementor-col-50 elementor-inner-column elementor-element elementor-element-991339c\" data-id=\"991339c\" data-element_type=\"column\" data-e-type=\"column\">\n\t\t\t<div class=\"elementor-widget-wrap elementor-element-populated\">\n\t\t\t\t\t\t<div class=\"elementor-element elementor-element-bf4ced2 elementor-widget elementor-widget-image\" data-id=\"bf4ced2\" data-element_type=\"widget\" data-e-type=\"widget\" data-widget_type=\"image.default\">\n\t\t\t\t<div class=\"elementor-widget-container\">\n\t\t\t\t\t\t\t\t\t\t\t\t\t\t\t<img fetchpriority=\"high\" decoding=\"async\" width=\"1024\" height=\"724\" src=\"https:\/\/riberasalud.com\/employee\/wp-content\/uploads\/2023\/05\/Riberaflex-01-1024x724.png\" class=\"attachment-large size-large wp-image-20773\" alt=\"\" srcset=\"https:\/\/riberasalud.com\/employee\/wp-content\/uploads\/2023\/05\/Riberaflex-01-1024x724.png 1024w, https:\/\/riberasalud.com\/employee\/wp-content\/uploads\/2023\/05\/Riberaflex-01-300x212.png 300w, https:\/\/riberasalud.com\/employee\/wp-content\/uploads\/2023\/05\/Riberaflex-01-768x543.png 768w, https:\/\/riberasalud.com\/employee\/wp-content\/uploads\/2023\/05\/Riberaflex-01-440x311.png 440w, https:\/\/riberasalud.com\/employee\/wp-content\/uploads\/2023\/05\/Riberaflex-01.png 1229w\" sizes=\"(max-width: 1024px) 100vw, 1024px\" \/>\t\t\t\t\t\t\t\t\t\t\t\t\t\t\t<\/div>\n\t\t\t\t<\/div>\n\t\t\t\t<div class=\"elementor-element elementor-element-5e7d618 elementor-align-center elementor-widget elementor-widget-button\" data-id=\"5e7d618\" data-element_type=\"widget\" data-e-type=\"widget\" data-widget_type=\"button.default\">\n\t\t\t\t<div class=\"elementor-widget-container\">\n\t\t\t\t\t\t\t\t\t<div class=\"elementor-button-wrapper\">\n\t\t\t\t\t<a class=\"elementor-button elementor-button-link elementor-size-sm\" href=\"https:\/\/cobee.io\/activation\/acceso-empleados\/\">\n\t\t\t\t\t\t<span class=\"elementor-button-content-wrapper\">\n\t\t\t\t\t\t\t\t\t<span class=\"elementor-button-text\">\u00a1Empieza a ahorrar! <\/span>\n\t\t\t\t\t<\/span>\n\t\t\t\t\t<\/a>\n\t\t\t\t<\/div>\n\t\t\t\t\t\t\t\t<\/div>\n\t\t\t\t<\/div>\n\t\t\t\t\t<\/div>\n\t\t<\/div>\n\t\t\t\t<div class=\"elementor-column elementor-col-50 elementor-inner-column elementor-element elementor-element-b259a3d\" data-id=\"b259a3d\" data-element_type=\"column\" data-e-type=\"column\">\n\t\t\t<div class=\"elementor-widget-wrap elementor-element-populated\">\n\t\t\t\t\t\t<div class=\"elementor-element elementor-element-81fd076 elementor-widget elementor-widget-heading\" data-id=\"81fd076\" data-element_type=\"widget\" data-e-type=\"widget\" data-widget_type=\"heading.default\">\n\t\t\t\t<div class=\"elementor-widget-container\">\n\t\t\t\t\t<h2 class=\"elementor-heading-title elementor-size-default\">\u00bfConoces las ventajas de RiberaFlex?<\/h2>\t\t\t\t<\/div>\n\t\t\t\t<\/div>\n\t\t\t\t<div class=\"elementor-element elementor-element-c822fea elementor-widget elementor-widget-text-editor\" data-id=\"c822fea\" data-element_type=\"widget\" data-e-type=\"widget\" data-widget_type=\"text-editor.default\">\n\t\t\t\t<div class=\"elementor-widget-container\">\n\t\t\t\t\t\t\t\t\t<p>RiberaFlex es nuestro <b>plan de retribuci\u00f3n flexible<\/b> que tiene como fin poner a disposici\u00f3n de los profesionales una herramienta que os permite ahorrar en vuestro d\u00eda a d\u00eda, gracias al tratamiento fiscal ventajoso que tienen los productos que puedes contratar a trav\u00e9s de Cobee, la plataforma de gesti\u00f3n.<\/p><p>Con RiberaFlex puedes destinar parte de tu salario y ahorrar al contratar productos como Tarjeta Comida, Transporte, Guarder\u00eda, Seguro M\u00e9dico o Formaci\u00f3n.<br \/><br \/>En la app de Cobee tambi\u00e9n podr\u00e1s encontrar cupones descuentos de Airbnb, Nike, Mango, H&amp;M y en otras muchas marcas.<\/p><p>Activa tu cuenta en Cobee utilizando tu correo corporativo, descarga la app y solicita tu tarjeta sin ning\u00fan coste para ti.<\/p>\t\t\t\t\t\t\t\t<\/div>\n\t\t\t\t<\/div>\n\t\t\t\t<div class=\"elementor-element elementor-element-9820a85 elementor-widget elementor-widget-text-editor\" data-id=\"9820a85\" data-element_type=\"widget\" data-e-type=\"widget\" data-widget_type=\"text-editor.default\">\n\t\t\t\t<div class=\"elementor-widget-container\">\n\t\t\t\t\t\t\t\t\t<p>Para cualquier duda puedes contactar con tu departamento de Personas.<br><br><\/p>\t\t\t\t\t\t\t\t<\/div>\n\t\t\t\t<\/div>\n\t\t\t\t\t<\/div>\n\t\t<\/div>\n\t\t\t\t\t<\/div>\n\t\t<\/section>\n\t\t\t\t\t<\/div>\n\t\t<\/div>\n\t\t\t\t\t<\/div>\n\t\t<\/section>\n\t\t\t\t<section class=\"elementor-section elementor-top-section elementor-element elementor-element-d416cfb elementor-section-boxed elementor-section-height-default elementor-section-height-default\" data-id=\"d416cfb\" data-element_type=\"section\" data-e-type=\"section\">\n\t\t\t\t\t\t<div class=\"elementor-container elementor-column-gap-default\">\n\t\t\t\t\t<div class=\"elementor-column elementor-col-100 elementor-top-column elementor-element elementor-element-e0bd0d4\" data-id=\"e0bd0d4\" data-element_type=\"column\" data-e-type=\"column\">\n\t\t\t<div class=\"elementor-widget-wrap elementor-element-populated\">\n\t\t\t\t\t\t<div class=\"elementor-element elementor-element-f63ad8f elementor-widget elementor-widget-heading\" data-id=\"f63ad8f\" data-element_type=\"widget\" data-e-type=\"widget\" data-widget_type=\"heading.default\">\n\t\t\t\t<div class=\"elementor-widget-container\">\n\t\t\t\t\t<h2 class=\"elementor-heading-title elementor-size-default\">Para cualquier duda o incidencia con Cobee puedes dirigirte:<\/h2>\t\t\t\t<\/div>\n\t\t\t\t<\/div>\n\t\t\t\t<section class=\"elementor-section elementor-inner-section elementor-element elementor-element-170ce64 elementor-section-boxed elementor-section-height-default elementor-section-height-default\" data-id=\"170ce64\" data-element_type=\"section\" data-e-type=\"section\">\n\t\t\t\t\t\t<div class=\"elementor-container elementor-column-gap-default\">\n\t\t\t\t\t<div class=\"elementor-column elementor-col-33 elementor-inner-column elementor-element elementor-element-759e4ac\" data-id=\"759e4ac\" data-element_type=\"column\" data-e-type=\"column\" data-settings=\"{&quot;background_background&quot;:&quot;classic&quot;}\">\n\t\t\t<div class=\"elementor-widget-wrap elementor-element-populated\">\n\t\t\t\t\t\t<div class=\"elementor-element elementor-element-7bac69f elementor-widget elementor-widget-text-editor\" data-id=\"7bac69f\" data-element_type=\"widget\" data-e-type=\"widget\" data-widget_type=\"text-editor.default\">\n\t\t\t\t<div class=\"elementor-widget-container\">\n\t\t\t\t\t\t\t\t\t<p style=\"text-align: center;\"><strong>Email:<\/strong> <br \/>soporteusuario.es@pluxeegroup.com<\/p>\t\t\t\t\t\t\t\t<\/div>\n\t\t\t\t<\/div>\n\t\t\t\t<div class=\"elementor-element elementor-element-c492c47 elementor-widget elementor-widget-spacer\" data-id=\"c492c47\" data-element_type=\"widget\" data-e-type=\"widget\" data-widget_type=\"spacer.default\">\n\t\t\t\t<div class=\"elementor-widget-container\">\n\t\t\t\t\t\t\t<div class=\"elementor-spacer\">\n\t\t\t<div class=\"elementor-spacer-inner\"><\/div>\n\t\t<\/div>\n\t\t\t\t\t\t<\/div>\n\t\t\t\t<\/div>\n\t\t\t\t\t<\/div>\n\t\t<\/div>\n\t\t\t\t<div class=\"elementor-column elementor-col-33 elementor-inner-column elementor-element elementor-element-f41e3df\" data-id=\"f41e3df\" data-element_type=\"column\" data-e-type=\"column\" data-settings=\"{&quot;background_background&quot;:&quot;classic&quot;}\">\n\t\t\t<div class=\"elementor-widget-wrap elementor-element-populated\">\n\t\t\t\t\t\t<div class=\"elementor-element elementor-element-66343d7 elementor-widget elementor-widget-text-editor\" data-id=\"66343d7\" data-element_type=\"widget\" data-e-type=\"widget\" data-widget_type=\"text-editor.default\">\n\t\t\t\t<div class=\"elementor-widget-container\">\n\t\t\t\t\t\t\t\t\t<p style=\"text-align: center;\"><strong>L\u00ednea gratuita: <\/strong><br \/>900 800 777<\/p>\t\t\t\t\t\t\t\t<\/div>\n\t\t\t\t<\/div>\n\t\t\t\t\t<\/div>\n\t\t<\/div>\n\t\t\t\t<div class=\"elementor-column elementor-col-33 elementor-inner-column elementor-element elementor-element-bf691ee\" data-id=\"bf691ee\" data-element_type=\"column\" data-e-type=\"column\" data-settings=\"{&quot;background_background&quot;:&quot;classic&quot;}\">\n\t\t\t<div class=\"elementor-widget-wrap elementor-element-populated\">\n\t\t\t\t\t\t<div class=\"elementor-element elementor-element-1f1a241 elementor-widget elementor-widget-text-editor\" data-id=\"1f1a241\" data-element_type=\"widget\" data-e-type=\"widget\" data-widget_type=\"text-editor.default\">\n\t\t\t\t<div class=\"elementor-widget-container\">\n\t\t\t\t\t\t\t\t\t<p style=\"text-align: center;\"><strong>WhatsApp:<\/strong><br \/>695 092 581<\/p>\t\t\t\t\t\t\t\t<\/div>\n\t\t\t\t<\/div>\n\t\t\t\t\t<\/div>\n\t\t<\/div>\n\t\t\t\t\t<\/div>\n\t\t<\/section>\n\t\t\t\t\t<\/div>\n\t\t<\/div>\n\t\t\t\t\t<\/div>\n\t\t<\/section>\n\t\t\t\t<section class=\"elementor-section elementor-top-section elementor-element elementor-element-cdbcba2 elementor-section-stretched elementor-section-boxed elementor-section-height-default elementor-section-height-default\" data-id=\"cdbcba2\" data-element_type=\"section\" data-e-type=\"section\" data-settings=\"{&quot;stretch_section&quot;:&quot;section-stretched&quot;,&quot;background_background&quot;:&quot;classic&quot;}\">\n\t\t\t\t\t\t<div class=\"elementor-container elementor-column-gap-default\">\n\t\t\t\t\t<div class=\"elementor-column elementor-col-100 elementor-top-column elementor-element elementor-element-f0f1e62\" data-id=\"f0f1e62\" data-element_type=\"column\" data-e-type=\"column\">\n\t\t\t<div class=\"elementor-widget-wrap elementor-element-populated\">\n\t\t\t\t\t\t<div class=\"elementor-element elementor-element-48b33d3 elementor-widget elementor-widget-heading\" data-id=\"48b33d3\" data-element_type=\"widget\" data-e-type=\"widget\" data-widget_type=\"heading.default\">\n\t\t\t\t<div class=\"elementor-widget-container\">\n\t\t\t\t\t<h2 class=\"elementor-heading-title elementor-size-default\">Consulta el Manual para conocer mejor nuestro sistema de Retribuci\u00f3n Flexible<\/h2>\t\t\t\t<\/div>\n\t\t\t\t<\/div>\n\t\t\t\t<div class=\"elementor-element elementor-element-6f1c804 elementor-align-center elementor-widget elementor-widget-button\" data-id=\"6f1c804\" data-element_type=\"widget\" data-e-type=\"widget\" data-widget_type=\"button.default\">\n\t\t\t\t<div class=\"elementor-widget-container\">\n\t\t\t\t\t\t\t\t\t<div class=\"elementor-button-wrapper\">\n\t\t\t\t\t<a class=\"elementor-button elementor-button-link elementor-size-sm\" href=\"https:\/\/riberasalud.com\/employee\/wp-content\/uploads\/2023\/05\/MANUAL-RIBERA-FLEX.pdf\">\n\t\t\t\t\t\t<span class=\"elementor-button-content-wrapper\">\n\t\t\t\t\t\t\t\t\t<span class=\"elementor-button-text\">Descarga<\/span>\n\t\t\t\t\t<\/span>\n\t\t\t\t\t<\/a>\n\t\t\t\t<\/div>\n\t\t\t\t\t\t\t\t<\/div>\n\t\t\t\t<\/div>\n\t\t\t\t\t<\/div>\n\t\t<\/div>\n\t\t\t\t\t<\/div>\n\t\t<\/section>\n\t\t\t\t<\/div>\n\t\t","protected":false},"excerpt":{"rendered":"<p>\u00a1La revoluci\u00f3n de los beneficios ha llegado a Ribera! \u00a1Empieza a ahorrar! \u00bfConoces las ventajas de RiberaFlex? RiberaFlex es nuestro plan de retribuci\u00f3n flexible que tiene como fin poner a disposici\u00f3n de los profesionales una herramienta que os permite ahorrar [&hellip;]<\/p>\n","protected":false},"author":3,"featured_media":0,"parent":0,"menu_order":0,"comment_status":"closed","ping_status":"closed","template":"","meta":{"_glsr_average":0,"_glsr_ranking":0,"_glsr_reviews":0,"footnotes":""},"class_list":["post-20780","page","type-page","status-publish","hentry"],"_links":{"self":[{"href":"https:\/\/riberasalud.com\/employee\/wp-json\/wp\/v2\/pages\/20780","targetHints":{"allow":["GET"]}}],"collection":[{"href":"https:\/\/riberasalud.com\/employee\/wp-json\/wp\/v2\/pages"}],"about":[{"href":"https:\/\/riberasalud.com\/employee\/wp-json\/wp\/v2\/types\/page"}],"author":[{"embeddable":true,"href":"https:\/\/riberasalud.com\/employee\/wp-json\/wp\/v2\/users\/3"}],"replies":[{"embeddable":true,"href":"https:\/\/riberasalud.com\/employee\/wp-json\/wp\/v2\/comments?post=20780"}],"version-history":[{"count":59,"href":"https:\/\/riberasalud.com\/employee\/wp-json\/wp\/v2\/pages\/20780\/revisions"}],"predecessor-version":[{"id":43369,"href":"https:\/\/riberasalud.com\/employee\/wp-json\/wp\/v2\/pages\/20780\/revisions\/43369"}],"wp:attachment":[{"href":"https:\/\/riberasalud.com\/employee\/wp-json\/wp\/v2\/media?parent=20780"}],"curies":[{"name":"wp","href":"https:\/\/api.w.org\/{rel}","templated":true}]}}