{"id":15964,"date":"2022-05-31T10:09:45","date_gmt":"2022-05-31T10:09:45","guid":{"rendered":"https:\/\/riberasalud.com\/employee\/?page_id=15964"},"modified":"2022-11-02T11:01:41","modified_gmt":"2022-11-02T11:01:41","slug":"noticia","status":"publish","type":"page","link":"https:\/\/riberasalud.com\/employee\/noticia\/","title":{"rendered":"Noticia"},"content":{"rendered":"\t\t<div data-elementor-type=\"wp-page\" data-elementor-id=\"15964\" class=\"elementor elementor-15964\">\n\t\t\t\t\t\t<section class=\"elementor-section elementor-top-section elementor-element elementor-element-b2861c5 elementor-section-stretched elementor-section-boxed elementor-section-height-default elementor-section-height-default\" data-id=\"b2861c5\" data-element_type=\"section\" data-e-type=\"section\" data-settings=\"{&quot;stretch_section&quot;:&quot;section-stretched&quot;,&quot;background_background&quot;:&quot;classic&quot;}\">\n\t\t\t\t\t\t<div class=\"elementor-container elementor-column-gap-default\">\n\t\t\t\t\t<div class=\"elementor-column elementor-col-33 elementor-top-column elementor-element elementor-element-60616f6\" data-id=\"60616f6\" data-element_type=\"column\" data-e-type=\"column\">\n\t\t\t<div class=\"elementor-widget-wrap elementor-element-populated\">\n\t\t\t\t\t\t<div class=\"elementor-element elementor-element-cb3f9f3 elementor-widget elementor-widget-heading\" data-id=\"cb3f9f3\" data-element_type=\"widget\" data-e-type=\"widget\" data-widget_type=\"heading.default\">\n\t\t\t\t<div class=\"elementor-widget-container\">\n\t\t\t\t\t<h2 class=\"elementor-heading-title elementor-size-default\">\nEstrenamos \u00c1rea del Coraz\u00f3n en Ribera\n\n<\/h2>\t\t\t\t<\/div>\n\t\t\t\t<\/div>\n\t\t\t\t\t<\/div>\n\t\t<\/div>\n\t\t\t\t<div class=\"elementor-column elementor-col-66 elementor-top-column elementor-element elementor-element-80294ab\" data-id=\"80294ab\" data-element_type=\"column\" data-e-type=\"column\">\n\t\t\t<div class=\"elementor-widget-wrap elementor-element-populated\">\n\t\t\t\t\t\t<div class=\"elementor-element elementor-element-83efa01 elementor-widget elementor-widget-image\" data-id=\"83efa01\" data-element_type=\"widget\" data-e-type=\"widget\" data-widget_type=\"image.default\">\n\t\t\t\t<div class=\"elementor-widget-container\">\n\t\t\t\t\t\t\t\t\t\t\t\t\t\t\t<img fetchpriority=\"high\" decoding=\"async\" width=\"1024\" height=\"819\" src=\"https:\/\/riberasalud.com\/employee\/wp-content\/uploads\/2022\/11\/corazon-1024x819.png\" class=\"attachment-large size-large wp-image-17978\" alt=\"\" srcset=\"https:\/\/riberasalud.com\/employee\/wp-content\/uploads\/2022\/11\/corazon-1024x819.png 1024w, https:\/\/riberasalud.com\/employee\/wp-content\/uploads\/2022\/11\/corazon-300x240.png 300w, https:\/\/riberasalud.com\/employee\/wp-content\/uploads\/2022\/11\/corazon-768x614.png 768w, https:\/\/riberasalud.com\/employee\/wp-content\/uploads\/2022\/11\/corazon-1536x1229.png 1536w, https:\/\/riberasalud.com\/employee\/wp-content\/uploads\/2022\/11\/corazon-2048x1638.png 2048w, https:\/\/riberasalud.com\/employee\/wp-content\/uploads\/2022\/11\/corazon-440x352.png 440w\" sizes=\"(max-width: 1024px) 100vw, 1024px\" \/>\t\t\t\t\t\t\t\t\t\t\t\t\t\t\t<\/div>\n\t\t\t\t<\/div>\n\t\t\t\t\t<\/div>\n\t\t<\/div>\n\t\t\t\t\t<\/div>\n\t\t<\/section>\n\t\t\t\t<section class=\"elementor-section elementor-top-section elementor-element elementor-element-6d0e50e elementor-section-boxed elementor-section-height-default elementor-section-height-default\" data-id=\"6d0e50e\" data-element_type=\"section\" data-e-type=\"section\">\n\t\t\t\t\t\t<div class=\"elementor-container elementor-column-gap-default\">\n\t\t\t\t\t<div class=\"elementor-column elementor-col-100 elementor-top-column elementor-element elementor-element-2baa6b1\" data-id=\"2baa6b1\" data-element_type=\"column\" data-e-type=\"column\">\n\t\t\t<div class=\"elementor-widget-wrap elementor-element-populated\">\n\t\t\t\t\t\t<div class=\"elementor-element elementor-element-772380f elementor-widget elementor-widget-text-editor\" data-id=\"772380f\" data-element_type=\"widget\" data-e-type=\"widget\" data-widget_type=\"text-editor.default\">\n\t\t\t\t<div class=\"elementor-widget-container\">\n\t\t\t\t\t\t\t\t\t<p class=\"p1\"><span class=\"s1\"><i>Nuestros mejores especialistas cardiovasculares para la mejor atenci\u00f3n integral a los pacientes<\/i><\/span><\/p><p class=\"p2\"><span class=\"s1\">Nuestro grupo sanitario Ribera ha desarrollado una red cardiovascular para poner en marcha su \u00c1rea del Coraz\u00f3n, formada por un equipo multidisciplinar con los mejores especialistas de cuatro de sus hospitales, para ofrecer la mejor atenci\u00f3n integral a los pacientes con problemas cardiovasculares. En esta primera fase se integran nuestros hospitales universitarios de Torrej\u00f3n y Vinalop\u00f3 (Elche), el hospital de Denia y el hospital Ribera Povisa (Vigo).<\/span><\/p><p class=\"p2\"><span class=\"s1\">El objetivo del \u00c1rea del Coraz\u00f3n de Ribera es unificar protocolos de atenci\u00f3n cardiovascular, disminuyendo la variabilidad cl\u00ednica e impulsando mejoras organizativas, diagn\u00f3sticas y terap\u00e9uticas, que optimicen los resultados de salud de los pacientes. Y al mismo tiempo, facilitar la colaboraci\u00f3n interhospitalaria para que los mejores especialistas de cada centro aborden de forma conjunta cada caso, independientemente de d\u00f3nde se encuentre geogr\u00e1ficamente el paciente.<\/span><\/p><p class=\"p2\"><span class=\"s1\">Los coordinadores del \u00c1rea del Coraz\u00f3n de Ribera son los doctores Juan Carlos Arias, Eduardo Alegr\u00eda, Carlos de Diego y Alfonso Valle, jefes de los servicios de Cardiolog\u00eda del Hospital Ribera Povisa (Vigo), de los hospitales universitarios de Torrej\u00f3n y Vinalop\u00f3, y del hospital de Denia, adem\u00e1s de los doctores Jos\u00e9 Albors, Evaristo Castedo y Paloma Mart\u00ednez-Cabeza, jefes de Servicio de Cirug\u00eda Card\u00edaca de Vinalop\u00f3 y Torrej\u00f3n respectivamente y el doctor Luis Gonz\u00e1lez, coordinador de la Unidad de Electrofisiolog\u00eda del Hospital Universitario Vinalop\u00f3.<\/span><\/p><p class=\"p2\"><span class=\"s1\">Puedes ampliar la informaci\u00f3n sobre el \u00c1rea del Coraz\u00f3n, conocer las especialidades implicadas y al equipo en su <a href=\"https:\/\/riberasalud.com\/area-del-corazon\/\"><span class=\"s2\">web<\/span><\/a>. <\/span><\/p>\t\t\t\t\t\t\t\t<\/div>\n\t\t\t\t<\/div>\n\t\t\t\t<div class=\"elementor-element elementor-element-61ec87a elementor-widget elementor-widget-button\" data-id=\"61ec87a\" data-element_type=\"widget\" data-e-type=\"widget\" data-widget_type=\"button.default\">\n\t\t\t\t<div class=\"elementor-widget-container\">\n\t\t\t\t\t\t\t\t\t<div class=\"elementor-button-wrapper\">\n\t\t\t\t\t<a class=\"elementor-button elementor-button-link elementor-size-sm\" href=\"https:\/\/riberasalud.com\/area-del-corazon\/\">\n\t\t\t\t\t\t<span class=\"elementor-button-content-wrapper\">\n\t\t\t\t\t\t\t\t\t<span class=\"elementor-button-text\">Conocer el \u00c1rea del Coraz\u00f3n<\/span>\n\t\t\t\t\t<\/span>\n\t\t\t\t\t<\/a>\n\t\t\t\t<\/div>\n\t\t\t\t\t\t\t\t<\/div>\n\t\t\t\t<\/div>\n\t\t\t\t\t<\/div>\n\t\t<\/div>\n\t\t\t\t\t<\/div>\n\t\t<\/section>\n\t\t\t\t<section class=\"elementor-section elementor-top-section elementor-element elementor-element-d6e9069 elementor-section-stretched elementor-section-boxed elementor-section-height-default elementor-section-height-default\" data-id=\"d6e9069\" data-element_type=\"section\" data-e-type=\"section\" data-settings=\"{&quot;stretch_section&quot;:&quot;section-stretched&quot;,&quot;background_background&quot;:&quot;classic&quot;}\">\n\t\t\t\t\t\t<div class=\"elementor-container elementor-column-gap-default\">\n\t\t\t\t\t<div class=\"elementor-column elementor-col-100 elementor-top-column elementor-element elementor-element-d85f010\" data-id=\"d85f010\" data-element_type=\"column\" data-e-type=\"column\">\n\t\t\t<div class=\"elementor-widget-wrap elementor-element-populated\">\n\t\t\t\t\t\t<div class=\"elementor-element elementor-element-771ca4f elementor-widget elementor-widget-heading\" data-id=\"771ca4f\" data-element_type=\"widget\" data-e-type=\"widget\" data-widget_type=\"heading.default\">\n\t\t\t\t<div class=\"elementor-widget-container\">\n\t\t\t\t\t<h2 class=\"elementor-heading-title elementor-size-default\">Prep\u00e1rate para \u201cescuchar\u201d nuestra campa\u00f1a \u201cRitmos de vida\u201d\n\n\n\n<\/h2>\t\t\t\t<\/div>\n\t\t\t\t<\/div>\n\t\t\t\t<div class=\"elementor-element elementor-element-d3edff5 elementor-widget elementor-widget-heading\" data-id=\"d3edff5\" data-element_type=\"widget\" data-e-type=\"widget\" data-widget_type=\"heading.default\">\n\t\t\t\t<div class=\"elementor-widget-container\">\n\t\t\t\t\t<h2 class=\"elementor-heading-title elementor-size-default\">Pr\u00f3ximamente\n\n\n<\/h2>\t\t\t\t<\/div>\n\t\t\t\t<\/div>\n\t\t\t\t\t<\/div>\n\t\t<\/div>\n\t\t\t\t\t<\/div>\n\t\t<\/section>\n\t\t\t\t<section class=\"elementor-section elementor-top-section elementor-element elementor-element-7e3156a elementor-section-boxed elementor-section-height-default elementor-section-height-default\" data-id=\"7e3156a\" data-element_type=\"section\" data-e-type=\"section\">\n\t\t\t\t\t\t<div class=\"elementor-container elementor-column-gap-default\">\n\t\t\t\t\t<div class=\"elementor-column elementor-col-100 elementor-top-column elementor-element elementor-element-3a91e58\" data-id=\"3a91e58\" data-element_type=\"column\" data-e-type=\"column\">\n\t\t\t<div class=\"elementor-widget-wrap elementor-element-populated\">\n\t\t\t\t\t\t<div class=\"elementor-element elementor-element-89632d9 elementor-widget elementor-widget-heading\" data-id=\"89632d9\" data-element_type=\"widget\" data-e-type=\"widget\" data-widget_type=\"heading.default\">\n\t\t\t\t<div class=\"elementor-widget-container\">\n\t\t\t\t\t<h2 class=\"elementor-heading-title elementor-size-default\">Conoce m\u00e1s noticias del grupo<\/h2>\t\t\t\t<\/div>\n\t\t\t\t<\/div>\n\t\t\t\t<div class=\"elementor-element elementor-element-1309d70 elementor-widget elementor-widget-button\" data-id=\"1309d70\" data-element_type=\"widget\" data-e-type=\"widget\" data-widget_type=\"button.default\">\n\t\t\t\t<div class=\"elementor-widget-container\">\n\t\t\t\t\t\t\t\t\t<div class=\"elementor-button-wrapper\">\n\t\t\t\t\t<a class=\"elementor-button elementor-button-link elementor-size-sm\" href=\"https:\/\/www.riberasalud.com\/sala-de-prensa\/\">\n\t\t\t\t\t\t<span class=\"elementor-button-content-wrapper\">\n\t\t\t\t\t\t\t\t\t<span class=\"elementor-button-text\">Noticias Ribera<\/span>\n\t\t\t\t\t<\/span>\n\t\t\t\t\t<\/a>\n\t\t\t\t<\/div>\n\t\t\t\t\t\t\t\t<\/div>\n\t\t\t\t<\/div>\n\t\t\t\t\t<\/div>\n\t\t<\/div>\n\t\t\t\t\t<\/div>\n\t\t<\/section>\n\t\t\t\t<section class=\"elementor-section elementor-top-section elementor-element elementor-element-713897d elementor-section-boxed elementor-section-height-default elementor-section-height-default\" data-id=\"713897d\" data-element_type=\"section\" data-e-type=\"section\">\n\t\t\t\t\t\t<div class=\"elementor-container elementor-column-gap-default\">\n\t\t\t\t\t<div class=\"elementor-column elementor-col-100 elementor-top-column elementor-element elementor-element-c1fef8b\" data-id=\"c1fef8b\" data-element_type=\"column\" data-e-type=\"column\">\n\t\t\t<div class=\"elementor-widget-wrap\">\n\t\t\t\t\t\t\t<\/div>\n\t\t<\/div>\n\t\t\t\t\t<\/div>\n\t\t<\/section>\n\t\t\t\t<\/div>\n\t\t","protected":false},"excerpt":{"rendered":"<p>Estrenamos \u00c1rea del Coraz\u00f3n en Ribera Nuestros mejores especialistas cardiovasculares para la mejor atenci\u00f3n integral a los pacientes Nuestro grupo sanitario Ribera ha desarrollado una red cardiovascular para poner en marcha su \u00c1rea del Coraz\u00f3n, formada por un equipo multidisciplinar [&hellip;]<\/p>\n","protected":false},"author":3,"featured_media":0,"parent":0,"menu_order":0,"comment_status":"closed","ping_status":"closed","template":"","meta":{"_glsr_average":0,"_glsr_ranking":0,"_glsr_reviews":0,"footnotes":""},"class_list":["post-15964","page","type-page","status-publish","hentry"],"_links":{"self":[{"href":"https:\/\/riberasalud.com\/employee\/wp-json\/wp\/v2\/pages\/15964","targetHints":{"allow":["GET"]}}],"collection":[{"href":"https:\/\/riberasalud.com\/employee\/wp-json\/wp\/v2\/pages"}],"about":[{"href":"https:\/\/riberasalud.com\/employee\/wp-json\/wp\/v2\/types\/page"}],"author":[{"embeddable":true,"href":"https:\/\/riberasalud.com\/employee\/wp-json\/wp\/v2\/users\/3"}],"replies":[{"embeddable":true,"href":"https:\/\/riberasalud.com\/employee\/wp-json\/wp\/v2\/comments?post=15964"}],"version-history":[{"count":43,"href":"https:\/\/riberasalud.com\/employee\/wp-json\/wp\/v2\/pages\/15964\/revisions"}],"predecessor-version":[{"id":17984,"href":"https:\/\/riberasalud.com\/employee\/wp-json\/wp\/v2\/pages\/15964\/revisions\/17984"}],"wp:attachment":[{"href":"https:\/\/riberasalud.com\/employee\/wp-json\/wp\/v2\/media?parent=15964"}],"curies":[{"name":"wp","href":"https:\/\/api.w.org\/{rel}","templated":true}]}}